{"id":1887,"date":"2021-07-17T13:39:20","date_gmt":"2021-07-17T06:39:20","guid":{"rendered":"https:\/\/cungtenhanoi.com\/?post_type=product&#038;p=1887"},"modified":"2025-05-11T22:16:50","modified_gmt":"2025-05-11T15:16:50","slug":"peep-sight-har-15","status":"publish","type":"product","link":"https:\/\/cungtenhanoi.com\/?product=peep-sight-har-15","title":{"rendered":"Peep sight HAR-15"},"content":{"rendered":"<p style=\"text-align: center;\">Peep sight d\u00f9ng cho cung compound<img loading=\"lazy\" class=\"aligncenter  wp-image-1888\" src=\"https:\/\/cungtenhanoi.com\/wp-content\/uploads\/2021\/07\/O1CN01eB0K9c1wgqlkJBRRb_2806476338.jpg\" alt=\"\" width=\"472\" height=\"507\" srcset=\"https:\/\/cungtenhanoi.com\/wp-content\/uploads\/2021\/07\/O1CN01eB0K9c1wgqlkJBRRb_2806476338.jpg 745w, https:\/\/cungtenhanoi.com\/wp-content\/uploads\/2021\/07\/O1CN01eB0K9c1wgqlkJBRRb_2806476338-600x645.jpg 600w, https:\/\/cungtenhanoi.com\/wp-content\/uploads\/2021\/07\/O1CN01eB0K9c1wgqlkJBRRb_2806476338-64x69.jpg 64w, https:\/\/cungtenhanoi.com\/wp-content\/uploads\/2021\/07\/O1CN01eB0K9c1wgqlkJBRRb_2806476338-279x300.jpg 279w\" sizes=\"(max-width: 472px) 100vw, 472px\" \/> <img loading=\"lazy\" class=\"aligncenter  wp-image-1889\" src=\"https:\/\/cungtenhanoi.com\/wp-content\/uploads\/2021\/07\/O1CN01LP0s6n1wgqllRt7mo_2806476338.jpg\" alt=\"\" width=\"490\" height=\"465\" srcset=\"https:\/\/cungtenhanoi.com\/wp-content\/uploads\/2021\/07\/O1CN01LP0s6n1wgqllRt7mo_2806476338.jpg 636w, https:\/\/cungtenhanoi.com\/wp-content\/uploads\/2021\/07\/O1CN01LP0s6n1wgqllRt7mo_2806476338-600x569.jpg 600w, https:\/\/cungtenhanoi.com\/wp-content\/uploads\/2021\/07\/O1CN01LP0s6n1wgqllRt7mo_2806476338-64x61.jpg 64w, https:\/\/cungtenhanoi.com\/wp-content\/uploads\/2021\/07\/O1CN01LP0s6n1wgqllRt7mo_2806476338-300x284.jpg 300w\" sizes=\"(max-width: 490px) 100vw, 490px\" \/> <img loading=\"lazy\" class=\"aligncenter  wp-image-1890\" src=\"https:\/\/cungtenhanoi.com\/wp-content\/uploads\/2021\/07\/O1CN01QQpBJk1wgqlmpS2FX_2806476338.jpg\" alt=\"\" width=\"487\" height=\"374\" srcset=\"https:\/\/cungtenhanoi.com\/wp-content\/uploads\/2021\/07\/O1CN01QQpBJk1wgqlmpS2FX_2806476338.jpg 750w, https:\/\/cungtenhanoi.com\/wp-content\/uploads\/2021\/07\/O1CN01QQpBJk1wgqlmpS2FX_2806476338-600x461.jpg 600w, https:\/\/cungtenhanoi.com\/wp-content\/uploads\/2021\/07\/O1CN01QQpBJk1wgqlmpS2FX_2806476338-64x49.jpg 64w\" sizes=\"(max-width: 487px) 100vw, 487px\" \/> <img loading=\"lazy\" class=\"aligncenter  wp-image-1891\" src=\"https:\/\/cungtenhanoi.com\/wp-content\/uploads\/2021\/07\/O1CN01VHMxSr1wgqlmpSIt7_2806476338.jpg\" alt=\"\" width=\"466\" height=\"481\" srcset=\"https:\/\/cungtenhanoi.com\/wp-content\/uploads\/2021\/07\/O1CN01VHMxSr1wgqlmpSIt7_2806476338.jpg 750w, https:\/\/cungtenhanoi.com\/wp-content\/uploads\/2021\/07\/O1CN01VHMxSr1wgqlmpSIt7_2806476338-600x619.jpg 600w, https:\/\/cungtenhanoi.com\/wp-content\/uploads\/2021\/07\/O1CN01VHMxSr1wgqlmpSIt7_2806476338-64x66.jpg 64w\" sizes=\"(max-width: 466px) 100vw, 466px\" \/><\/p>\n","protected":false},"excerpt":{"rendered":"<p>Peep sight d\u00f9ng cho cung compound<\/p>\n","protected":false},"featured_media":1891,"comment_status":"open","ping_status":"closed","template":"","meta":[],"product_cat":[20],"product_tag":[34,413,427,425],"acf":[],"yoast_head":"<!-- This site is optimized with the Yoast SEO plugin v19.8 - https:\/\/yoast.com\/wordpress\/plugins\/seo\/ -->\n<title>Peep sight HAR-15 - Cung T\u00ean H\u00e0 N\u1ed9i<\/title>\n<meta name=\"description\" content=\"Mua cung t\u00ean th\u1ec3 thao, Mua cung t\u00ean t\u1ea1i h\u00e0 n\u1ed9i, Cung tr\u1ee3 l\u1ef1c, Cung compound, Cung t\u00ean ch\u00ednh h\u00e3ng, , Cung t\u00ean h\u00e0 n\u1ed9i, Cung t\u00ean , Mua cung t\u00ean S\u00e0i g\u00f2n , Mua m\u0169i t\u00ean b\u1eafn cung , Cung b\u1eafn bi s\u1eaft , cung t\u00ean mini, Cung truy\u1ec1n th\u1ed1ng, Cung c\u1ed5 \u0111i\u1ec3n, Cung trang tr\u00ed, Cung tr\u01b0ng b\u00e0y, cung t\u00ean m\u1ea1nh, mua ph\u1ee5 ki\u1ec7n b\u1eafn cung, m\u0169i t\u00ean, m\u0169i t\u00ean cacbon, eston x10, ch\u1ed1ng rung, th\u0103ng b\u1eb1ng, stabilizer, peepsight\" \/>\n<meta name=\"robots\" content=\"index, follow, max-snippet:-1, max-image-preview:large, max-video-preview:-1\" \/>\n<link rel=\"canonical\" href=\"https:\/\/cungtenhanoi.com\/?product=peep-sight-har-15\" \/>\n<meta property=\"og:locale\" content=\"vi_VN\" \/>\n<meta property=\"og:type\" content=\"article\" \/>\n<meta property=\"og:title\" content=\"peepsight\" \/>\n<meta property=\"og:description\" content=\"peepsight m\u1eaft ng\u1eafm cho cung tr\u1ee3 l\u1ef1c compound\" \/>\n<meta property=\"og:url\" content=\"https:\/\/cungtenhanoi.com\/?product=peep-sight-har-15\" \/>\n<meta property=\"og:site_name\" content=\"Cung T\u00ean H\u00e0 N\u1ed9i\" \/>\n<meta property=\"article:modified_time\" content=\"2025-05-11T15:16:50+00:00\" \/>\n<meta property=\"og:image\" content=\"https:\/\/cungtenhanoi.com\/wp-content\/uploads\/2024\/11\/IMG_4500-scaled.jpeg\" \/>\n\t<meta property=\"og:image:width\" content=\"1920\" \/>\n\t<meta property=\"og:image:height\" content=\"2560\" \/>\n\t<meta property=\"og:image:type\" content=\"image\/jpeg\" \/>\n<meta name=\"twitter:card\" content=\"summary_large_image\" \/>\n<meta name=\"twitter:label1\" content=\"\u01af\u1edbc t\u00ednh th\u1eddi gian \u0111\u1ecdc\" \/>\n\t<meta name=\"twitter:data1\" content=\"1 ph\u00fat\" \/>\n<script type=\"application\/ld+json\" class=\"yoast-schema-graph\">{\"@context\":\"https:\/\/schema.org\",\"@graph\":[{\"@type\":\"WebPage\",\"@id\":\"https:\/\/cungtenhanoi.com\/?product=peep-sight-har-15\",\"url\":\"https:\/\/cungtenhanoi.com\/?product=peep-sight-har-15\",\"name\":\"Peep sight HAR-15 - Cung T\u00ean H\u00e0 N\u1ed9i\",\"isPartOf\":{\"@id\":\"https:\/\/cungtenhanoi.com\/#website\"},\"datePublished\":\"2021-07-17T06:39:20+00:00\",\"dateModified\":\"2025-05-11T15:16:50+00:00\",\"description\":\"Mua cung t\u00ean th\u1ec3 thao, Mua cung t\u00ean t\u1ea1i h\u00e0 n\u1ed9i, Cung tr\u1ee3 l\u1ef1c, Cung compound, Cung t\u00ean ch\u00ednh h\u00e3ng, , Cung t\u00ean h\u00e0 n\u1ed9i, Cung t\u00ean , Mua cung t\u00ean S\u00e0i g\u00f2n , Mua m\u0169i t\u00ean b\u1eafn cung , Cung b\u1eafn bi s\u1eaft , cung t\u00ean mini, Cung truy\u1ec1n th\u1ed1ng, Cung c\u1ed5 \u0111i\u1ec3n, Cung trang tr\u00ed, Cung tr\u01b0ng b\u00e0y, cung t\u00ean m\u1ea1nh, mua ph\u1ee5 ki\u1ec7n b\u1eafn cung, m\u0169i t\u00ean, m\u0169i t\u00ean cacbon, eston x10, ch\u1ed1ng rung, th\u0103ng b\u1eb1ng, stabilizer, peepsight\",\"breadcrumb\":{\"@id\":\"https:\/\/cungtenhanoi.com\/?product=peep-sight-har-15#breadcrumb\"},\"inLanguage\":\"vi\",\"potentialAction\":[{\"@type\":\"ReadAction\",\"target\":[\"https:\/\/cungtenhanoi.com\/?product=peep-sight-har-15\"]}]},{\"@type\":\"BreadcrumbList\",\"@id\":\"https:\/\/cungtenhanoi.com\/?product=peep-sight-har-15#breadcrumb\",\"itemListElement\":[{\"@type\":\"ListItem\",\"position\":1,\"name\":\"Trang ch\u1ee7\",\"item\":\"https:\/\/cungtenhanoi.com\/\"},{\"@type\":\"ListItem\",\"position\":2,\"name\":\"Shop\",\"item\":\"https:\/\/cungtenhanoi.com\/?page_id=6\"},{\"@type\":\"ListItem\",\"position\":3,\"name\":\"Ph\u1ee5 ki\u1ec7n\",\"item\":\"https:\/\/cungtenhanoi.com\/danh-muc\/phu-kien\/\"},{\"@type\":\"ListItem\",\"position\":4,\"name\":\"Peep sight HAR-15\"}]},{\"@type\":\"WebSite\",\"@id\":\"https:\/\/cungtenhanoi.com\/#website\",\"url\":\"https:\/\/cungtenhanoi.com\/\",\"name\":\"Cung T\u00ean H\u00e0 N\u1ed9i\",\"description\":\"Cung c\u1ea5p c\u00e1c lo\u1ea1i cung t\u00ean th\u1ec3 thao s\u1ed1 1 Vi\u1ec7t Nam\",\"publisher\":{\"@id\":\"https:\/\/cungtenhanoi.com\/#organization\"},\"potentialAction\":[{\"@type\":\"SearchAction\",\"target\":{\"@type\":\"EntryPoint\",\"urlTemplate\":\"https:\/\/cungtenhanoi.com\/?s={search_term_string}\"},\"query-input\":\"required name=search_term_string\"}],\"inLanguage\":\"vi\"},{\"@type\":\"Organization\",\"@id\":\"https:\/\/cungtenhanoi.com\/#organization\",\"name\":\"Cung T\u00ean H\u00e0 N\u1ed9i\",\"url\":\"https:\/\/cungtenhanoi.com\/\",\"sameAs\":[],\"logo\":{\"@type\":\"ImageObject\",\"inLanguage\":\"vi\",\"@id\":\"https:\/\/cungtenhanoi.com\/#\/schema\/logo\/image\/\",\"url\":\"https:\/\/cungtenhanoi.com\/wp-content\/uploads\/2025\/05\/logo-den-trang.jpg\",\"contentUrl\":\"https:\/\/cungtenhanoi.com\/wp-content\/uploads\/2025\/05\/logo-den-trang.jpg\",\"width\":450,\"height\":450,\"caption\":\"Cung T\u00ean H\u00e0 N\u1ed9i\"},\"image\":{\"@id\":\"https:\/\/cungtenhanoi.com\/#\/schema\/logo\/image\/\"}}]}<\/script>\n<!-- \/ Yoast SEO plugin. -->","yoast_head_json":{"title":"Peep sight HAR-15 - Cung T\u00ean H\u00e0 N\u1ed9i","description":"Mua cung t\u00ean th\u1ec3 thao, Mua cung t\u00ean t\u1ea1i h\u00e0 n\u1ed9i, Cung tr\u1ee3 l\u1ef1c, Cung compound, Cung t\u00ean ch\u00ednh h\u00e3ng, , Cung t\u00ean h\u00e0 n\u1ed9i, Cung t\u00ean , Mua cung t\u00ean S\u00e0i g\u00f2n , Mua m\u0169i t\u00ean b\u1eafn cung , Cung b\u1eafn bi s\u1eaft , cung t\u00ean mini, Cung truy\u1ec1n th\u1ed1ng, Cung c\u1ed5 \u0111i\u1ec3n, Cung trang tr\u00ed, Cung tr\u01b0ng b\u00e0y, cung t\u00ean m\u1ea1nh, mua ph\u1ee5 ki\u1ec7n b\u1eafn cung, m\u0169i t\u00ean, m\u0169i t\u00ean cacbon, eston x10, ch\u1ed1ng rung, th\u0103ng b\u1eb1ng, stabilizer, peepsight","robots":{"index":"index","follow":"follow","max-snippet":"max-snippet:-1","max-image-preview":"max-image-preview:large","max-video-preview":"max-video-preview:-1"},"canonical":"https:\/\/cungtenhanoi.com\/?product=peep-sight-har-15","og_locale":"vi_VN","og_type":"article","og_title":"peepsight","og_description":"peepsight m\u1eaft ng\u1eafm cho cung tr\u1ee3 l\u1ef1c compound","og_url":"https:\/\/cungtenhanoi.com\/?product=peep-sight-har-15","og_site_name":"Cung T\u00ean H\u00e0 N\u1ed9i","article_modified_time":"2025-05-11T15:16:50+00:00","og_image":[{"width":1920,"height":2560,"url":"https:\/\/cungtenhanoi.com\/wp-content\/uploads\/2024\/11\/IMG_4500-scaled.jpeg","type":"image\/jpeg"}],"twitter_card":"summary_large_image","twitter_misc":{"\u01af\u1edbc t\u00ednh th\u1eddi gian \u0111\u1ecdc":"1 ph\u00fat"},"schema":{"@context":"https:\/\/schema.org","@graph":[{"@type":"WebPage","@id":"https:\/\/cungtenhanoi.com\/?product=peep-sight-har-15","url":"https:\/\/cungtenhanoi.com\/?product=peep-sight-har-15","name":"Peep sight HAR-15 - Cung T\u00ean H\u00e0 N\u1ed9i","isPartOf":{"@id":"https:\/\/cungtenhanoi.com\/#website"},"datePublished":"2021-07-17T06:39:20+00:00","dateModified":"2025-05-11T15:16:50+00:00","description":"Mua cung t\u00ean th\u1ec3 thao, Mua cung t\u00ean t\u1ea1i h\u00e0 n\u1ed9i, Cung tr\u1ee3 l\u1ef1c, Cung compound, Cung t\u00ean ch\u00ednh h\u00e3ng, , Cung t\u00ean h\u00e0 n\u1ed9i, Cung t\u00ean , Mua cung t\u00ean S\u00e0i g\u00f2n , Mua m\u0169i t\u00ean b\u1eafn cung , Cung b\u1eafn bi s\u1eaft , cung t\u00ean mini, Cung truy\u1ec1n th\u1ed1ng, Cung c\u1ed5 \u0111i\u1ec3n, Cung trang tr\u00ed, Cung tr\u01b0ng b\u00e0y, cung t\u00ean m\u1ea1nh, mua ph\u1ee5 ki\u1ec7n b\u1eafn cung, m\u0169i t\u00ean, m\u0169i t\u00ean cacbon, eston x10, ch\u1ed1ng rung, th\u0103ng b\u1eb1ng, stabilizer, peepsight","breadcrumb":{"@id":"https:\/\/cungtenhanoi.com\/?product=peep-sight-har-15#breadcrumb"},"inLanguage":"vi","potentialAction":[{"@type":"ReadAction","target":["https:\/\/cungtenhanoi.com\/?product=peep-sight-har-15"]}]},{"@type":"BreadcrumbList","@id":"https:\/\/cungtenhanoi.com\/?product=peep-sight-har-15#breadcrumb","itemListElement":[{"@type":"ListItem","position":1,"name":"Trang ch\u1ee7","item":"https:\/\/cungtenhanoi.com\/"},{"@type":"ListItem","position":2,"name":"Shop","item":"https:\/\/cungtenhanoi.com\/?page_id=6"},{"@type":"ListItem","position":3,"name":"Ph\u1ee5 ki\u1ec7n","item":"https:\/\/cungtenhanoi.com\/danh-muc\/phu-kien\/"},{"@type":"ListItem","position":4,"name":"Peep sight HAR-15"}]},{"@type":"WebSite","@id":"https:\/\/cungtenhanoi.com\/#website","url":"https:\/\/cungtenhanoi.com\/","name":"Cung T\u00ean H\u00e0 N\u1ed9i","description":"Cung c\u1ea5p c\u00e1c lo\u1ea1i cung t\u00ean th\u1ec3 thao s\u1ed1 1 Vi\u1ec7t Nam","publisher":{"@id":"https:\/\/cungtenhanoi.com\/#organization"},"potentialAction":[{"@type":"SearchAction","target":{"@type":"EntryPoint","urlTemplate":"https:\/\/cungtenhanoi.com\/?s={search_term_string}"},"query-input":"required name=search_term_string"}],"inLanguage":"vi"},{"@type":"Organization","@id":"https:\/\/cungtenhanoi.com\/#organization","name":"Cung T\u00ean H\u00e0 N\u1ed9i","url":"https:\/\/cungtenhanoi.com\/","sameAs":[],"logo":{"@type":"ImageObject","inLanguage":"vi","@id":"https:\/\/cungtenhanoi.com\/#\/schema\/logo\/image\/","url":"https:\/\/cungtenhanoi.com\/wp-content\/uploads\/2025\/05\/logo-den-trang.jpg","contentUrl":"https:\/\/cungtenhanoi.com\/wp-content\/uploads\/2025\/05\/logo-den-trang.jpg","width":450,"height":450,"caption":"Cung T\u00ean H\u00e0 N\u1ed9i"},"image":{"@id":"https:\/\/cungtenhanoi.com\/#\/schema\/logo\/image\/"}}]}},"_links":{"self":[{"href":"https:\/\/cungtenhanoi.com\/index.php?rest_route=\/wp\/v2\/product\/1887"}],"collection":[{"href":"https:\/\/cungtenhanoi.com\/index.php?rest_route=\/wp\/v2\/product"}],"about":[{"href":"https:\/\/cungtenhanoi.com\/index.php?rest_route=\/wp\/v2\/types\/product"}],"replies":[{"embeddable":true,"href":"https:\/\/cungtenhanoi.com\/index.php?rest_route=%2Fwp%2Fv2%2Fcomments&post=1887"}],"wp:featuredmedia":[{"embeddable":true,"href":"https:\/\/cungtenhanoi.com\/index.php?rest_route=\/wp\/v2\/media\/1891"}],"wp:attachment":[{"href":"https:\/\/cungtenhanoi.com\/index.php?rest_route=%2Fwp%2Fv2%2Fmedia&parent=1887"}],"wp:term":[{"taxonomy":"product_cat","embeddable":true,"href":"https:\/\/cungtenhanoi.com\/index.php?rest_route=%2Fwp%2Fv2%2Fproduct_cat&post=1887"},{"taxonomy":"product_tag","embeddable":true,"href":"https:\/\/cungtenhanoi.com\/index.php?rest_route=%2Fwp%2Fv2%2Fproduct_tag&post=1887"}],"curies":[{"name":"wp","href":"https:\/\/api.w.org\/{rel}","templated":true}]}}