{"id":1911,"date":"2021-07-29T15:42:58","date_gmt":"2021-07-29T08:42:58","guid":{"rendered":"https:\/\/cungtenhanoi.com\/?post_type=product&#038;p=1911"},"modified":"2025-05-29T03:01:04","modified_gmt":"2025-05-28T20:01:04","slug":"mingbow-hongwu","status":"publish","type":"product","link":"https:\/\/cungtenhanoi.com\/?product=mingbow-hongwu","title":{"rendered":"Mingbow Hongwu"},"content":{"rendered":"<p><img loading=\"lazy\" class=\"aligncenter size-full wp-image-1917\" src=\"https:\/\/cungtenhanoi.com\/wp-content\/uploads\/2021\/07\/O1CN01XHfLxb20Mw4UOI2hw_2201506636836.jpg\" alt=\"\" width=\"750\" height=\"789\" srcset=\"https:\/\/cungtenhanoi.com\/wp-content\/uploads\/2021\/07\/O1CN01XHfLxb20Mw4UOI2hw_2201506636836.jpg 750w, https:\/\/cungtenhanoi.com\/wp-content\/uploads\/2021\/07\/O1CN01XHfLxb20Mw4UOI2hw_2201506636836-600x631.jpg 600w, https:\/\/cungtenhanoi.com\/wp-content\/uploads\/2021\/07\/O1CN01XHfLxb20Mw4UOI2hw_2201506636836-64x67.jpg 64w, https:\/\/cungtenhanoi.com\/wp-content\/uploads\/2021\/07\/O1CN01XHfLxb20Mw4UOI2hw_2201506636836-285x300.jpg 285w\" sizes=\"(max-width: 750px) 100vw, 750px\" \/><img loading=\"lazy\" class=\"aligncenter size-full wp-image-1912\" src=\"https:\/\/cungtenhanoi.com\/wp-content\/uploads\/2021\/07\/O1CN01BC0Fp520Mw4XhTQaI_2201506636836.jpg\" alt=\"\" width=\"750\" height=\"737\" srcset=\"https:\/\/cungtenhanoi.com\/wp-content\/uploads\/2021\/07\/O1CN01BC0Fp520Mw4XhTQaI_2201506636836.jpg 750w, https:\/\/cungtenhanoi.com\/wp-content\/uploads\/2021\/07\/O1CN01BC0Fp520Mw4XhTQaI_2201506636836-600x590.jpg 600w, https:\/\/cungtenhanoi.com\/wp-content\/uploads\/2021\/07\/O1CN01BC0Fp520Mw4XhTQaI_2201506636836-64x63.jpg 64w\" sizes=\"(max-width: 750px) 100vw, 750px\" \/><img loading=\"lazy\" class=\"aligncenter size-full wp-image-1913\" src=\"https:\/\/cungtenhanoi.com\/wp-content\/uploads\/2021\/07\/O1CN01COh7RR20Mw4UOJJff_2201506636836.jpg\" alt=\"\" width=\"750\" height=\"1127\" srcset=\"https:\/\/cungtenhanoi.com\/wp-content\/uploads\/2021\/07\/O1CN01COh7RR20Mw4UOJJff_2201506636836.jpg 750w, https:\/\/cungtenhanoi.com\/wp-content\/uploads\/2021\/07\/O1CN01COh7RR20Mw4UOJJff_2201506636836-600x902.jpg 600w, https:\/\/cungtenhanoi.com\/wp-content\/uploads\/2021\/07\/O1CN01COh7RR20Mw4UOJJff_2201506636836-64x96.jpg 64w, https:\/\/cungtenhanoi.com\/wp-content\/uploads\/2021\/07\/O1CN01COh7RR20Mw4UOJJff_2201506636836-200x300.jpg 200w, https:\/\/cungtenhanoi.com\/wp-content\/uploads\/2021\/07\/O1CN01COh7RR20Mw4UOJJff_2201506636836-681x1024.jpg 681w\" sizes=\"(max-width: 750px) 100vw, 750px\" \/><img loading=\"lazy\" class=\"aligncenter size-full wp-image-1914\" src=\"https:\/\/cungtenhanoi.com\/wp-content\/uploads\/2021\/07\/O1CN01Fvbi9A20Mw4Vj4sbq_2201506636836.jpg\" alt=\"\" width=\"750\" height=\"566\" srcset=\"https:\/\/cungtenhanoi.com\/wp-content\/uploads\/2021\/07\/O1CN01Fvbi9A20Mw4Vj4sbq_2201506636836.jpg 750w, https:\/\/cungtenhanoi.com\/wp-content\/uploads\/2021\/07\/O1CN01Fvbi9A20Mw4Vj4sbq_2201506636836-600x453.jpg 600w, https:\/\/cungtenhanoi.com\/wp-content\/uploads\/2021\/07\/O1CN01Fvbi9A20Mw4Vj4sbq_2201506636836-64x48.jpg 64w, https:\/\/cungtenhanoi.com\/wp-content\/uploads\/2021\/07\/O1CN01Fvbi9A20Mw4Vj4sbq_2201506636836-300x226.jpg 300w\" sizes=\"(max-width: 750px) 100vw, 750px\" \/><img loading=\"lazy\" class=\"aligncenter size-full wp-image-1915\" src=\"https:\/\/cungtenhanoi.com\/wp-content\/uploads\/2021\/07\/O1CN01Q554PK20Mw4XhSDhY_2201506636836.jpg\" alt=\"\" width=\"750\" height=\"519\" srcset=\"https:\/\/cungtenhanoi.com\/wp-content\/uploads\/2021\/07\/O1CN01Q554PK20Mw4XhSDhY_2201506636836.jpg 750w, https:\/\/cungtenhanoi.com\/wp-content\/uploads\/2021\/07\/O1CN01Q554PK20Mw4XhSDhY_2201506636836-600x415.jpg 600w, https:\/\/cungtenhanoi.com\/wp-content\/uploads\/2021\/07\/O1CN01Q554PK20Mw4XhSDhY_2201506636836-64x44.jpg 64w\" sizes=\"(max-width: 750px) 100vw, 750px\" \/><img loading=\"lazy\" class=\"aligncenter size-full wp-image-1916\" src=\"https:\/\/cungtenhanoi.com\/wp-content\/uploads\/2021\/07\/O1CN01UL1YPw20Mw6aGZypD_2201506636836.jpg\" alt=\"\" width=\"750\" height=\"1347\" srcset=\"https:\/\/cungtenhanoi.com\/wp-content\/uploads\/2021\/07\/O1CN01UL1YPw20Mw6aGZypD_2201506636836.jpg 750w, https:\/\/cungtenhanoi.com\/wp-content\/uploads\/2021\/07\/O1CN01UL1YPw20Mw6aGZypD_2201506636836-600x1078.jpg 600w, https:\/\/cungtenhanoi.com\/wp-content\/uploads\/2021\/07\/O1CN01UL1YPw20Mw6aGZypD_2201506636836-64x115.jpg 64w, https:\/\/cungtenhanoi.com\/wp-content\/uploads\/2021\/07\/O1CN01UL1YPw20Mw6aGZypD_2201506636836-167x300.jpg 167w, https:\/\/cungtenhanoi.com\/wp-content\/uploads\/2021\/07\/O1CN01UL1YPw20Mw6aGZypD_2201506636836-570x1024.jpg 570w\" sizes=\"(max-width: 750px) 100vw, 750px\" \/><\/p>\n<p>&nbsp;<\/p>\n","protected":false},"excerpt":{"rendered":"<p>Cung<\/p>\n<p>5 T\u00ean<br \/>\nTab + Guarm<br \/>\nBia m\u1ee5c ti\u00eau<\/p>\n<p>Free ship<\/p>\n","protected":false},"featured_media":1912,"comment_status":"open","ping_status":"closed","template":"","meta":[],"product_cat":[17],"product_tag":[420,257,264,315,428,408,429],"acf":[],"yoast_head":"<!-- This site is optimized with the Yoast SEO plugin v19.8 - https:\/\/yoast.com\/wordpress\/plugins\/seo\/ -->\n<title>Mingbow Hongwu - Cung T\u00ean H\u00e0 N\u1ed9i<\/title>\n<meta name=\"description\" content=\"Mua cung t\u00ean th\u1ec3 thao, Mua cung t\u00ean t\u1ea1i h\u00e0 n\u1ed9i, Cung tr\u1ee3 l\u1ef1c, Cung compound, Cung t\u00ean ch\u00ednh h\u00e3ng, , Cung t\u00ean h\u00e0 n\u1ed9i, Cung t\u00ean , Mua cung t\u00ean S\u00e0i g\u00f2n , Mua m\u0169i t\u00ean b\u1eafn cung , Cung b\u1eafn bi s\u1eaft , cung t\u00ean mini, Cung truy\u1ec1n th\u1ed1ng, Cung c\u1ed5 \u0111i\u1ec3n, Cung trang tr\u00ed, Cung tr\u01b0ng b\u00e0y, cung t\u00ean m\u1ea1nh, mua ph\u1ee5 ki\u1ec7n b\u1eafn cung, m\u0169i t\u00ean, m\u0169i t\u00ean cacbon, eston x10, ch\u1ed1ng rung, th\u0103ng b\u1eb1ng, stabilizer, mingbow, cung ming,\" \/>\n<meta name=\"robots\" content=\"index, follow, max-snippet:-1, max-image-preview:large, max-video-preview:-1\" \/>\n<link rel=\"canonical\" href=\"https:\/\/cungtenhanoi.com\/?product=mingbow-hongwu\" \/>\n<meta property=\"og:locale\" content=\"vi_VN\" \/>\n<meta property=\"og:type\" content=\"article\" \/>\n<meta property=\"og:title\" content=\"Cung truy\u1ec1n th\u1ed1ng nh\u00e0 Minh\" \/>\n<meta property=\"og:description\" content=\"Mingbow hongwu cung t\u00ean truy\u1ec1n th\u1ed1ng nh\u00e0 minh, mua cung t\u00ean H\u00e0 n\u1ed9i\" \/>\n<meta property=\"og:url\" content=\"https:\/\/cungtenhanoi.com\/?product=mingbow-hongwu\" \/>\n<meta property=\"og:site_name\" content=\"Cung T\u00ean H\u00e0 N\u1ed9i\" \/>\n<meta property=\"article:modified_time\" content=\"2025-05-28T20:01:04+00:00\" \/>\n<meta property=\"og:image\" content=\"https:\/\/cungtenhanoi.com\/wp-content\/uploads\/2021\/07\/O1CN01Q554PK20Mw4XhSDhY_2201506636836-1.jpg\" \/>\n\t<meta property=\"og:image:width\" content=\"750\" \/>\n\t<meta property=\"og:image:height\" content=\"519\" \/>\n\t<meta property=\"og:image:type\" content=\"image\/jpeg\" \/>\n<meta name=\"twitter:card\" content=\"summary_large_image\" \/>\n<meta name=\"twitter:label1\" content=\"\u01af\u1edbc t\u00ednh th\u1eddi gian \u0111\u1ecdc\" \/>\n\t<meta name=\"twitter:data1\" content=\"2 ph\u00fat\" \/>\n<script type=\"application\/ld+json\" class=\"yoast-schema-graph\">{\"@context\":\"https:\/\/schema.org\",\"@graph\":[{\"@type\":\"WebPage\",\"@id\":\"https:\/\/cungtenhanoi.com\/?product=mingbow-hongwu\",\"url\":\"https:\/\/cungtenhanoi.com\/?product=mingbow-hongwu\",\"name\":\"Mingbow Hongwu - Cung T\u00ean H\u00e0 N\u1ed9i\",\"isPartOf\":{\"@id\":\"https:\/\/cungtenhanoi.com\/#website\"},\"datePublished\":\"2021-07-29T08:42:58+00:00\",\"dateModified\":\"2025-05-28T20:01:04+00:00\",\"description\":\"Mua cung t\u00ean th\u1ec3 thao, Mua cung t\u00ean t\u1ea1i h\u00e0 n\u1ed9i, Cung tr\u1ee3 l\u1ef1c, Cung compound, Cung t\u00ean ch\u00ednh h\u00e3ng, , Cung t\u00ean h\u00e0 n\u1ed9i, Cung t\u00ean , Mua cung t\u00ean S\u00e0i g\u00f2n , Mua m\u0169i t\u00ean b\u1eafn cung , Cung b\u1eafn bi s\u1eaft , cung t\u00ean mini, Cung truy\u1ec1n th\u1ed1ng, Cung c\u1ed5 \u0111i\u1ec3n, Cung trang tr\u00ed, Cung tr\u01b0ng b\u00e0y, cung t\u00ean m\u1ea1nh, mua ph\u1ee5 ki\u1ec7n b\u1eafn cung, m\u0169i t\u00ean, m\u0169i t\u00ean cacbon, eston x10, ch\u1ed1ng rung, th\u0103ng b\u1eb1ng, stabilizer, mingbow, cung ming,\",\"breadcrumb\":{\"@id\":\"https:\/\/cungtenhanoi.com\/?product=mingbow-hongwu#breadcrumb\"},\"inLanguage\":\"vi\",\"potentialAction\":[{\"@type\":\"ReadAction\",\"target\":[\"https:\/\/cungtenhanoi.com\/?product=mingbow-hongwu\"]}]},{\"@type\":\"BreadcrumbList\",\"@id\":\"https:\/\/cungtenhanoi.com\/?product=mingbow-hongwu#breadcrumb\",\"itemListElement\":[{\"@type\":\"ListItem\",\"position\":1,\"name\":\"Trang ch\u1ee7\",\"item\":\"https:\/\/cungtenhanoi.com\/\"},{\"@type\":\"ListItem\",\"position\":2,\"name\":\"Shop\",\"item\":\"https:\/\/cungtenhanoi.com\/?page_id=6\"},{\"@type\":\"ListItem\",\"position\":3,\"name\":\"Cung\",\"item\":\"https:\/\/cungtenhanoi.com\/danh-muc\/cung\/\"},{\"@type\":\"ListItem\",\"position\":4,\"name\":\"Mingbow Hongwu\"}]},{\"@type\":\"WebSite\",\"@id\":\"https:\/\/cungtenhanoi.com\/#website\",\"url\":\"https:\/\/cungtenhanoi.com\/\",\"name\":\"Cung T\u00ean H\u00e0 N\u1ed9i\",\"description\":\"Cung c\u1ea5p c\u00e1c lo\u1ea1i cung t\u00ean th\u1ec3 thao s\u1ed1 1 Vi\u1ec7t Nam\",\"publisher\":{\"@id\":\"https:\/\/cungtenhanoi.com\/#organization\"},\"potentialAction\":[{\"@type\":\"SearchAction\",\"target\":{\"@type\":\"EntryPoint\",\"urlTemplate\":\"https:\/\/cungtenhanoi.com\/?s={search_term_string}\"},\"query-input\":\"required name=search_term_string\"}],\"inLanguage\":\"vi\"},{\"@type\":\"Organization\",\"@id\":\"https:\/\/cungtenhanoi.com\/#organization\",\"name\":\"Cung T\u00ean H\u00e0 N\u1ed9i\",\"url\":\"https:\/\/cungtenhanoi.com\/\",\"sameAs\":[],\"logo\":{\"@type\":\"ImageObject\",\"inLanguage\":\"vi\",\"@id\":\"https:\/\/cungtenhanoi.com\/#\/schema\/logo\/image\/\",\"url\":\"https:\/\/cungtenhanoi.com\/wp-content\/uploads\/2025\/05\/logo-den-trang.jpg\",\"contentUrl\":\"https:\/\/cungtenhanoi.com\/wp-content\/uploads\/2025\/05\/logo-den-trang.jpg\",\"width\":450,\"height\":450,\"caption\":\"Cung T\u00ean H\u00e0 N\u1ed9i\"},\"image\":{\"@id\":\"https:\/\/cungtenhanoi.com\/#\/schema\/logo\/image\/\"}}]}<\/script>\n<!-- \/ Yoast SEO plugin. -->","yoast_head_json":{"title":"Mingbow Hongwu - Cung T\u00ean H\u00e0 N\u1ed9i","description":"Mua cung t\u00ean th\u1ec3 thao, Mua cung t\u00ean t\u1ea1i h\u00e0 n\u1ed9i, Cung tr\u1ee3 l\u1ef1c, Cung compound, Cung t\u00ean ch\u00ednh h\u00e3ng, , Cung t\u00ean h\u00e0 n\u1ed9i, Cung t\u00ean , Mua cung t\u00ean S\u00e0i g\u00f2n , Mua m\u0169i t\u00ean b\u1eafn cung , Cung b\u1eafn bi s\u1eaft , cung t\u00ean mini, Cung truy\u1ec1n th\u1ed1ng, Cung c\u1ed5 \u0111i\u1ec3n, Cung trang tr\u00ed, Cung tr\u01b0ng b\u00e0y, cung t\u00ean m\u1ea1nh, mua ph\u1ee5 ki\u1ec7n b\u1eafn cung, m\u0169i t\u00ean, m\u0169i t\u00ean cacbon, eston x10, ch\u1ed1ng rung, th\u0103ng b\u1eb1ng, stabilizer, mingbow, cung ming,","robots":{"index":"index","follow":"follow","max-snippet":"max-snippet:-1","max-image-preview":"max-image-preview:large","max-video-preview":"max-video-preview:-1"},"canonical":"https:\/\/cungtenhanoi.com\/?product=mingbow-hongwu","og_locale":"vi_VN","og_type":"article","og_title":"Cung truy\u1ec1n th\u1ed1ng nh\u00e0 Minh","og_description":"Mingbow hongwu cung t\u00ean truy\u1ec1n th\u1ed1ng nh\u00e0 minh, mua cung t\u00ean H\u00e0 n\u1ed9i","og_url":"https:\/\/cungtenhanoi.com\/?product=mingbow-hongwu","og_site_name":"Cung T\u00ean H\u00e0 N\u1ed9i","article_modified_time":"2025-05-28T20:01:04+00:00","og_image":[{"width":750,"height":519,"url":"https:\/\/cungtenhanoi.com\/wp-content\/uploads\/2021\/07\/O1CN01Q554PK20Mw4XhSDhY_2201506636836-1.jpg","type":"image\/jpeg"}],"twitter_card":"summary_large_image","twitter_misc":{"\u01af\u1edbc t\u00ednh th\u1eddi gian \u0111\u1ecdc":"2 ph\u00fat"},"schema":{"@context":"https:\/\/schema.org","@graph":[{"@type":"WebPage","@id":"https:\/\/cungtenhanoi.com\/?product=mingbow-hongwu","url":"https:\/\/cungtenhanoi.com\/?product=mingbow-hongwu","name":"Mingbow Hongwu - Cung T\u00ean H\u00e0 N\u1ed9i","isPartOf":{"@id":"https:\/\/cungtenhanoi.com\/#website"},"datePublished":"2021-07-29T08:42:58+00:00","dateModified":"2025-05-28T20:01:04+00:00","description":"Mua cung t\u00ean th\u1ec3 thao, Mua cung t\u00ean t\u1ea1i h\u00e0 n\u1ed9i, Cung tr\u1ee3 l\u1ef1c, Cung compound, Cung t\u00ean ch\u00ednh h\u00e3ng, , Cung t\u00ean h\u00e0 n\u1ed9i, Cung t\u00ean , Mua cung t\u00ean S\u00e0i g\u00f2n , Mua m\u0169i t\u00ean b\u1eafn cung , Cung b\u1eafn bi s\u1eaft , cung t\u00ean mini, Cung truy\u1ec1n th\u1ed1ng, Cung c\u1ed5 \u0111i\u1ec3n, Cung trang tr\u00ed, Cung tr\u01b0ng b\u00e0y, cung t\u00ean m\u1ea1nh, mua ph\u1ee5 ki\u1ec7n b\u1eafn cung, m\u0169i t\u00ean, m\u0169i t\u00ean cacbon, eston x10, ch\u1ed1ng rung, th\u0103ng b\u1eb1ng, stabilizer, mingbow, cung ming,","breadcrumb":{"@id":"https:\/\/cungtenhanoi.com\/?product=mingbow-hongwu#breadcrumb"},"inLanguage":"vi","potentialAction":[{"@type":"ReadAction","target":["https:\/\/cungtenhanoi.com\/?product=mingbow-hongwu"]}]},{"@type":"BreadcrumbList","@id":"https:\/\/cungtenhanoi.com\/?product=mingbow-hongwu#breadcrumb","itemListElement":[{"@type":"ListItem","position":1,"name":"Trang ch\u1ee7","item":"https:\/\/cungtenhanoi.com\/"},{"@type":"ListItem","position":2,"name":"Shop","item":"https:\/\/cungtenhanoi.com\/?page_id=6"},{"@type":"ListItem","position":3,"name":"Cung","item":"https:\/\/cungtenhanoi.com\/danh-muc\/cung\/"},{"@type":"ListItem","position":4,"name":"Mingbow Hongwu"}]},{"@type":"WebSite","@id":"https:\/\/cungtenhanoi.com\/#website","url":"https:\/\/cungtenhanoi.com\/","name":"Cung T\u00ean H\u00e0 N\u1ed9i","description":"Cung c\u1ea5p c\u00e1c lo\u1ea1i cung t\u00ean th\u1ec3 thao s\u1ed1 1 Vi\u1ec7t Nam","publisher":{"@id":"https:\/\/cungtenhanoi.com\/#organization"},"potentialAction":[{"@type":"SearchAction","target":{"@type":"EntryPoint","urlTemplate":"https:\/\/cungtenhanoi.com\/?s={search_term_string}"},"query-input":"required name=search_term_string"}],"inLanguage":"vi"},{"@type":"Organization","@id":"https:\/\/cungtenhanoi.com\/#organization","name":"Cung T\u00ean H\u00e0 N\u1ed9i","url":"https:\/\/cungtenhanoi.com\/","sameAs":[],"logo":{"@type":"ImageObject","inLanguage":"vi","@id":"https:\/\/cungtenhanoi.com\/#\/schema\/logo\/image\/","url":"https:\/\/cungtenhanoi.com\/wp-content\/uploads\/2025\/05\/logo-den-trang.jpg","contentUrl":"https:\/\/cungtenhanoi.com\/wp-content\/uploads\/2025\/05\/logo-den-trang.jpg","width":450,"height":450,"caption":"Cung T\u00ean H\u00e0 N\u1ed9i"},"image":{"@id":"https:\/\/cungtenhanoi.com\/#\/schema\/logo\/image\/"}}]}},"_links":{"self":[{"href":"https:\/\/cungtenhanoi.com\/index.php?rest_route=\/wp\/v2\/product\/1911"}],"collection":[{"href":"https:\/\/cungtenhanoi.com\/index.php?rest_route=\/wp\/v2\/product"}],"about":[{"href":"https:\/\/cungtenhanoi.com\/index.php?rest_route=\/wp\/v2\/types\/product"}],"replies":[{"embeddable":true,"href":"https:\/\/cungtenhanoi.com\/index.php?rest_route=%2Fwp%2Fv2%2Fcomments&post=1911"}],"wp:featuredmedia":[{"embeddable":true,"href":"https:\/\/cungtenhanoi.com\/index.php?rest_route=\/wp\/v2\/media\/1912"}],"wp:attachment":[{"href":"https:\/\/cungtenhanoi.com\/index.php?rest_route=%2Fwp%2Fv2%2Fmedia&parent=1911"}],"wp:term":[{"taxonomy":"product_cat","embeddable":true,"href":"https:\/\/cungtenhanoi.com\/index.php?rest_route=%2Fwp%2Fv2%2Fproduct_cat&post=1911"},{"taxonomy":"product_tag","embeddable":true,"href":"https:\/\/cungtenhanoi.com\/index.php?rest_route=%2Fwp%2Fv2%2Fproduct_tag&post=1911"}],"curies":[{"name":"wp","href":"https:\/\/api.w.org\/{rel}","templated":true}]}}