{"id":1972,"date":"2021-12-06T14:12:22","date_gmt":"2021-12-06T07:12:22","guid":{"rendered":"https:\/\/cungtenhanoi.com\/?post_type=product&#038;p=1972"},"modified":"2025-05-28T12:49:02","modified_gmt":"2025-05-28T05:49:02","slug":"riser-winwin-atf-x-2021","status":"publish","type":"product","link":"https:\/\/cungtenhanoi.com\/?product=riser-winwin-atf-x-2021","title":{"rendered":"Riser WW ATF-X 2021 cung t\u00ean H\u00e0 N\u1ed9i"},"content":{"rendered":"<p style=\"text-align: center;\"><strong>Th\u01b0\u01a1ng hi\u1ec7u: H\u00e0n Qu\u1ed1c W&amp;W<\/strong><\/p>\n<p style=\"text-align: center;\"><strong>M\u00f4 h\u00ecnh: ATF-X Recurve Bow<\/strong><\/p>\n<p style=\"text-align: center;\"><strong>Th\u00f4ng s\u1ed1 k\u1ef9 thu\u1eadt: Thu\u1eadn tay tr\u00e1i, thu\u1eadn tay ph\u1ea3i<\/strong><\/p>\n<p style=\"text-align: center;\"><strong>K\u00edch th\u01b0\u1edbc: 25 inch\u00a0 \u00a0\u00a0<\/strong><\/p>\n<p style=\"text-align: center;\"><strong>Tr\u1ecdng l\u01b0\u1ee3ng: 1280g\u00a0 \u00a0<\/strong><\/p>\n<p style=\"text-align: center;\"><strong>M\u00e0u: \u0111en \u0111\u1ecf, v\u00e0ng \u0111en, \u0111\u1ecf \u0111\u1eadm, xanh \u0111\u1eadm, v\u00e0ng s\u00e2m panh, tr\u1eafng, v\u00e0ng v\u00e0ng, \u0111en, b\u1ea1c, xanh d\u01b0\u01a1ng, xanh l\u00e1, \u0111\u1ecf, h\u1ed3ng, b\u1ea1c \u0111\u1eadm<\/strong><\/p>\n<p style=\"text-align: center;\"><strong>Ch\u1ea5t li\u1ec7u : Nh\u00f4m CNC nguy\u00ean kh\u1ed1i<\/strong><\/p>\n<p><img loading=\"lazy\" class=\"aligncenter  wp-image-1975\" src=\"https:\/\/cungtenhanoi.com\/wp-content\/uploads\/2021\/12\/O1CN01jtYtEe1n6MocnKlAU_845185040.jpg\" alt=\"\" width=\"673\" height=\"673\" srcset=\"https:\/\/cungtenhanoi.com\/wp-content\/uploads\/2021\/12\/O1CN01jtYtEe1n6MocnKlAU_845185040.jpg 800w, https:\/\/cungtenhanoi.com\/wp-content\/uploads\/2021\/12\/O1CN01jtYtEe1n6MocnKlAU_845185040-300x300.jpg 300w, https:\/\/cungtenhanoi.com\/wp-content\/uploads\/2021\/12\/O1CN01jtYtEe1n6MocnKlAU_845185040-100x100.jpg 100w, https:\/\/cungtenhanoi.com\/wp-content\/uploads\/2021\/12\/O1CN01jtYtEe1n6MocnKlAU_845185040-600x600.jpg 600w, https:\/\/cungtenhanoi.com\/wp-content\/uploads\/2021\/12\/O1CN01jtYtEe1n6MocnKlAU_845185040-64x64.jpg 64w\" sizes=\"(max-width: 673px) 100vw, 673px\" \/><img loading=\"lazy\" class=\"aligncenter  wp-image-1973\" src=\"https:\/\/cungtenhanoi.com\/wp-content\/uploads\/2021\/12\/O1CN01Ch0vff1n6MoFxfBnI_845185040.jpg\" alt=\"\" width=\"681\" height=\"623\" srcset=\"https:\/\/cungtenhanoi.com\/wp-content\/uploads\/2021\/12\/O1CN01Ch0vff1n6MoFxfBnI_845185040.jpg 700w, https:\/\/cungtenhanoi.com\/wp-content\/uploads\/2021\/12\/O1CN01Ch0vff1n6MoFxfBnI_845185040-600x549.jpg 600w, https:\/\/cungtenhanoi.com\/wp-content\/uploads\/2021\/12\/O1CN01Ch0vff1n6MoFxfBnI_845185040-64x59.jpg 64w, https:\/\/cungtenhanoi.com\/wp-content\/uploads\/2021\/12\/O1CN01Ch0vff1n6MoFxfBnI_845185040-300x274.jpg 300w\" sizes=\"(max-width: 681px) 100vw, 681px\" \/> <img loading=\"lazy\" class=\"aligncenter  wp-image-1974\" src=\"https:\/\/cungtenhanoi.com\/wp-content\/uploads\/2021\/12\/O1CN01IS8ufK1n6MpZ9bomB_845185040.jpg\" alt=\"\" width=\"679\" height=\"679\" srcset=\"https:\/\/cungtenhanoi.com\/wp-content\/uploads\/2021\/12\/O1CN01IS8ufK1n6MpZ9bomB_845185040.jpg 800w, https:\/\/cungtenhanoi.com\/wp-content\/uploads\/2021\/12\/O1CN01IS8ufK1n6MpZ9bomB_845185040-300x300.jpg 300w, https:\/\/cungtenhanoi.com\/wp-content\/uploads\/2021\/12\/O1CN01IS8ufK1n6MpZ9bomB_845185040-100x100.jpg 100w, https:\/\/cungtenhanoi.com\/wp-content\/uploads\/2021\/12\/O1CN01IS8ufK1n6MpZ9bomB_845185040-600x600.jpg 600w, https:\/\/cungtenhanoi.com\/wp-content\/uploads\/2021\/12\/O1CN01IS8ufK1n6MpZ9bomB_845185040-64x64.jpg 64w, https:\/\/cungtenhanoi.com\/wp-content\/uploads\/2021\/12\/O1CN01IS8ufK1n6MpZ9bomB_845185040-150x150.jpg 150w, https:\/\/cungtenhanoi.com\/wp-content\/uploads\/2021\/12\/O1CN01IS8ufK1n6MpZ9bomB_845185040-768x768.jpg 768w, https:\/\/cungtenhanoi.com\/wp-content\/uploads\/2021\/12\/O1CN01IS8ufK1n6MpZ9bomB_845185040-180x180.jpg 180w, https:\/\/cungtenhanoi.com\/wp-content\/uploads\/2021\/12\/O1CN01IS8ufK1n6MpZ9bomB_845185040-45x45.jpg 45w\" sizes=\"(max-width: 679px) 100vw, 679px\" \/><\/p>\n<p><img loading=\"lazy\" class=\"aligncenter  wp-image-1977\" src=\"https:\/\/cungtenhanoi.com\/wp-content\/uploads\/2021\/12\/O1CN01PjFq0T1n6MoaV8SLo_845185040-1.jpg\" alt=\"\" width=\"679\" height=\"3519\" \/><img loading=\"lazy\" class=\"aligncenter  wp-image-1976\" src=\"https:\/\/cungtenhanoi.com\/wp-content\/uploads\/2021\/12\/O1CN01mP6H3x1n6Mka8RJPp_845185040.jpg\" alt=\"\" width=\"676\" height=\"902\" srcset=\"https:\/\/cungtenhanoi.com\/wp-content\/uploads\/2021\/12\/O1CN01mP6H3x1n6Mka8RJPp_845185040.jpg 1080w, https:\/\/cungtenhanoi.com\/wp-content\/uploads\/2021\/12\/O1CN01mP6H3x1n6Mka8RJPp_845185040-600x800.jpg 600w, https:\/\/cungtenhanoi.com\/wp-content\/uploads\/2021\/12\/O1CN01mP6H3x1n6Mka8RJPp_845185040-64x85.jpg 64w, https:\/\/cungtenhanoi.com\/wp-content\/uploads\/2021\/12\/O1CN01mP6H3x1n6Mka8RJPp_845185040-225x300.jpg 225w, https:\/\/cungtenhanoi.com\/wp-content\/uploads\/2021\/12\/O1CN01mP6H3x1n6Mka8RJPp_845185040-768x1024.jpg 768w\" sizes=\"(max-width: 676px) 100vw, 676px\" \/> <img loading=\"lazy\" class=\"aligncenter  wp-image-1978\" src=\"https:\/\/cungtenhanoi.com\/wp-content\/uploads\/2021\/12\/O1CN01WB34iN1n6MkWeW1Rj_845185040.jpg\" alt=\"\" width=\"676\" height=\"936\" srcset=\"https:\/\/cungtenhanoi.com\/wp-content\/uploads\/2021\/12\/O1CN01WB34iN1n6MkWeW1Rj_845185040.jpg 1080w, https:\/\/cungtenhanoi.com\/wp-content\/uploads\/2021\/12\/O1CN01WB34iN1n6MkWeW1Rj_845185040-600x831.jpg 600w, https:\/\/cungtenhanoi.com\/wp-content\/uploads\/2021\/12\/O1CN01WB34iN1n6MkWeW1Rj_845185040-64x89.jpg 64w, https:\/\/cungtenhanoi.com\/wp-content\/uploads\/2021\/12\/O1CN01WB34iN1n6MkWeW1Rj_845185040-217x300.jpg 217w, https:\/\/cungtenhanoi.com\/wp-content\/uploads\/2021\/12\/O1CN01WB34iN1n6MkWeW1Rj_845185040-768x1064.jpg 768w, https:\/\/cungtenhanoi.com\/wp-content\/uploads\/2021\/12\/O1CN01WB34iN1n6MkWeW1Rj_845185040-739x1024.jpg 739w\" sizes=\"(max-width: 676px) 100vw, 676px\" \/> <img loading=\"lazy\" class=\"aligncenter  wp-image-1979\" src=\"https:\/\/cungtenhanoi.com\/wp-content\/uploads\/2021\/12\/O1CN0118KJ4D1n6MkZpLBTj_845185040.jpg\" alt=\"\" width=\"685\" height=\"914\" srcset=\"https:\/\/cungtenhanoi.com\/wp-content\/uploads\/2021\/12\/O1CN0118KJ4D1n6MkZpLBTj_845185040.jpg 1080w, https:\/\/cungtenhanoi.com\/wp-content\/uploads\/2021\/12\/O1CN0118KJ4D1n6MkZpLBTj_845185040-600x800.jpg 600w, https:\/\/cungtenhanoi.com\/wp-content\/uploads\/2021\/12\/O1CN0118KJ4D1n6MkZpLBTj_845185040-64x85.jpg 64w, https:\/\/cungtenhanoi.com\/wp-content\/uploads\/2021\/12\/O1CN0118KJ4D1n6MkZpLBTj_845185040-225x300.jpg 225w, https:\/\/cungtenhanoi.com\/wp-content\/uploads\/2021\/12\/O1CN0118KJ4D1n6MkZpLBTj_845185040-768x1024.jpg 768w\" sizes=\"(max-width: 685px) 100vw, 685px\" \/><\/p>\n","protected":false},"excerpt":{"rendered":"<p>M\u00e0u \u0111en \u0111\u1ecf &#8211; \u0111en v\u00e0ng : 21.700.000<\/p>\n<p>H\u00e0ng oder theo m\u00e0u s\u1eafc<\/p>\n<p>Chi ti\u1ebft li\u00ean h\u1ec7 : 0911 682 663<\/p>\n","protected":false},"featured_media":1980,"comment_status":"open","ping_status":"closed","template":"","meta":[],"product_cat":[17],"product_tag":[438,86,257,264,57,246,437],"acf":[],"yoast_head":"<!-- This site is optimized with the Yoast SEO plugin v19.8 - https:\/\/yoast.com\/wordpress\/plugins\/seo\/ -->\n<title>Riser WW ATF-X 2021 cung t\u00ean H\u00e0 N\u1ed9i - Cung T\u00ean H\u00e0 N\u1ed9i<\/title>\n<meta name=\"description\" content=\"Mua cung t\u00ean th\u1ec3 thao, Mua cung t\u00ean t\u1ea1i h\u00e0 n\u1ed9i, Cung tr\u1ee3 l\u1ef1c, Cung compound, Cung t\u00ean ch\u00ednh h\u00e3ng, , Cung t\u00ean h\u00e0 n\u1ed9i, Cung t\u00ean , Mua cung t\u00ean S\u00e0i g\u00f2n , Mua m\u0169i t\u00ean b\u1eafn cung , Cung b\u1eafn bi s\u1eaft , cung t\u00ean mini, Cung truy\u1ec1n th\u1ed1ng, Cung c\u1ed5 \u0111i\u1ec3n, Cung trang tr\u00ed, Cung tr\u01b0ng b\u00e0y, cung t\u00ean m\u1ea1nh, mua ph\u1ee5 ki\u1ec7n b\u1eafn cung, m\u0169i t\u00ean, m\u0169i t\u00ean cacbon, eston x10, ch\u1ed1ng rung, th\u0103ng b\u1eb1ng, stabilizer, riser, Wiawis, th\u00e2n cung , ilf\" \/>\n<meta name=\"robots\" content=\"index, follow, max-snippet:-1, max-image-preview:large, max-video-preview:-1\" \/>\n<link rel=\"canonical\" href=\"https:\/\/cungtenhanoi.com\/?product=riser-winwin-atf-x-2021\" \/>\n<meta property=\"og:locale\" content=\"vi_VN\" \/>\n<meta property=\"og:type\" content=\"article\" \/>\n<meta property=\"og:title\" content=\"Th\u00e2n cung riser\" \/>\n<meta property=\"og:description\" content=\"Th\u00e2n cung wiawis cung t\u00ean H\u00e0 N\u1ed9i\" \/>\n<meta property=\"og:url\" content=\"https:\/\/cungtenhanoi.com\/?product=riser-winwin-atf-x-2021\" \/>\n<meta property=\"og:site_name\" content=\"Cung T\u00ean H\u00e0 N\u1ed9i\" \/>\n<meta property=\"article:modified_time\" content=\"2025-05-28T05:49:02+00:00\" \/>\n<meta property=\"og:image\" content=\"https:\/\/cungtenhanoi.com\/wp-content\/uploads\/2021\/12\/308346706_1527421894381388_1778188257305878806_n.jpg\" \/>\n\t<meta property=\"og:image:width\" content=\"206\" \/>\n\t<meta property=\"og:image:height\" content=\"206\" \/>\n\t<meta property=\"og:image:type\" content=\"image\/jpeg\" \/>\n<meta name=\"twitter:card\" content=\"summary_large_image\" \/>\n<meta name=\"twitter:label1\" content=\"\u01af\u1edbc t\u00ednh th\u1eddi gian \u0111\u1ecdc\" \/>\n\t<meta name=\"twitter:data1\" content=\"2 ph\u00fat\" \/>\n<script type=\"application\/ld+json\" class=\"yoast-schema-graph\">{\"@context\":\"https:\/\/schema.org\",\"@graph\":[{\"@type\":\"WebPage\",\"@id\":\"https:\/\/cungtenhanoi.com\/?product=riser-winwin-atf-x-2021\",\"url\":\"https:\/\/cungtenhanoi.com\/?product=riser-winwin-atf-x-2021\",\"name\":\"Riser WW ATF-X 2021 cung t\u00ean H\u00e0 N\u1ed9i - Cung T\u00ean H\u00e0 N\u1ed9i\",\"isPartOf\":{\"@id\":\"https:\/\/cungtenhanoi.com\/#website\"},\"datePublished\":\"2021-12-06T07:12:22+00:00\",\"dateModified\":\"2025-05-28T05:49:02+00:00\",\"description\":\"Mua cung t\u00ean th\u1ec3 thao, Mua cung t\u00ean t\u1ea1i h\u00e0 n\u1ed9i, Cung tr\u1ee3 l\u1ef1c, Cung compound, Cung t\u00ean ch\u00ednh h\u00e3ng, , Cung t\u00ean h\u00e0 n\u1ed9i, Cung t\u00ean , Mua cung t\u00ean S\u00e0i g\u00f2n , Mua m\u0169i t\u00ean b\u1eafn cung , Cung b\u1eafn bi s\u1eaft , cung t\u00ean mini, Cung truy\u1ec1n th\u1ed1ng, Cung c\u1ed5 \u0111i\u1ec3n, Cung trang tr\u00ed, Cung tr\u01b0ng b\u00e0y, cung t\u00ean m\u1ea1nh, mua ph\u1ee5 ki\u1ec7n b\u1eafn cung, m\u0169i t\u00ean, m\u0169i t\u00ean cacbon, eston x10, ch\u1ed1ng rung, th\u0103ng b\u1eb1ng, stabilizer, riser, Wiawis, th\u00e2n cung , ilf\",\"breadcrumb\":{\"@id\":\"https:\/\/cungtenhanoi.com\/?product=riser-winwin-atf-x-2021#breadcrumb\"},\"inLanguage\":\"vi\",\"potentialAction\":[{\"@type\":\"ReadAction\",\"target\":[\"https:\/\/cungtenhanoi.com\/?product=riser-winwin-atf-x-2021\"]}]},{\"@type\":\"BreadcrumbList\",\"@id\":\"https:\/\/cungtenhanoi.com\/?product=riser-winwin-atf-x-2021#breadcrumb\",\"itemListElement\":[{\"@type\":\"ListItem\",\"position\":1,\"name\":\"Trang ch\u1ee7\",\"item\":\"https:\/\/cungtenhanoi.com\/\"},{\"@type\":\"ListItem\",\"position\":2,\"name\":\"Shop\",\"item\":\"https:\/\/cungtenhanoi.com\/?page_id=6\"},{\"@type\":\"ListItem\",\"position\":3,\"name\":\"Cung\",\"item\":\"https:\/\/cungtenhanoi.com\/danh-muc\/cung\/\"},{\"@type\":\"ListItem\",\"position\":4,\"name\":\"Riser WW ATF-X 2021 cung t\u00ean H\u00e0 N\u1ed9i\"}]},{\"@type\":\"WebSite\",\"@id\":\"https:\/\/cungtenhanoi.com\/#website\",\"url\":\"https:\/\/cungtenhanoi.com\/\",\"name\":\"Cung T\u00ean H\u00e0 N\u1ed9i\",\"description\":\"Cung c\u1ea5p c\u00e1c lo\u1ea1i cung t\u00ean th\u1ec3 thao s\u1ed1 1 Vi\u1ec7t Nam\",\"publisher\":{\"@id\":\"https:\/\/cungtenhanoi.com\/#organization\"},\"potentialAction\":[{\"@type\":\"SearchAction\",\"target\":{\"@type\":\"EntryPoint\",\"urlTemplate\":\"https:\/\/cungtenhanoi.com\/?s={search_term_string}\"},\"query-input\":\"required name=search_term_string\"}],\"inLanguage\":\"vi\"},{\"@type\":\"Organization\",\"@id\":\"https:\/\/cungtenhanoi.com\/#organization\",\"name\":\"Cung T\u00ean H\u00e0 N\u1ed9i\",\"url\":\"https:\/\/cungtenhanoi.com\/\",\"sameAs\":[],\"logo\":{\"@type\":\"ImageObject\",\"inLanguage\":\"vi\",\"@id\":\"https:\/\/cungtenhanoi.com\/#\/schema\/logo\/image\/\",\"url\":\"https:\/\/cungtenhanoi.com\/wp-content\/uploads\/2025\/05\/logo-den-trang.jpg\",\"contentUrl\":\"https:\/\/cungtenhanoi.com\/wp-content\/uploads\/2025\/05\/logo-den-trang.jpg\",\"width\":450,\"height\":450,\"caption\":\"Cung T\u00ean H\u00e0 N\u1ed9i\"},\"image\":{\"@id\":\"https:\/\/cungtenhanoi.com\/#\/schema\/logo\/image\/\"}}]}<\/script>\n<!-- \/ Yoast SEO plugin. -->","yoast_head_json":{"title":"Riser WW ATF-X 2021 cung t\u00ean H\u00e0 N\u1ed9i - Cung T\u00ean H\u00e0 N\u1ed9i","description":"Mua cung t\u00ean th\u1ec3 thao, Mua cung t\u00ean t\u1ea1i h\u00e0 n\u1ed9i, Cung tr\u1ee3 l\u1ef1c, Cung compound, Cung t\u00ean ch\u00ednh h\u00e3ng, , Cung t\u00ean h\u00e0 n\u1ed9i, Cung t\u00ean , Mua cung t\u00ean S\u00e0i g\u00f2n , Mua m\u0169i t\u00ean b\u1eafn cung , Cung b\u1eafn bi s\u1eaft , cung t\u00ean mini, Cung truy\u1ec1n th\u1ed1ng, Cung c\u1ed5 \u0111i\u1ec3n, Cung trang tr\u00ed, Cung tr\u01b0ng b\u00e0y, cung t\u00ean m\u1ea1nh, mua ph\u1ee5 ki\u1ec7n b\u1eafn cung, m\u0169i t\u00ean, m\u0169i t\u00ean cacbon, eston x10, ch\u1ed1ng rung, th\u0103ng b\u1eb1ng, stabilizer, riser, Wiawis, th\u00e2n cung , ilf","robots":{"index":"index","follow":"follow","max-snippet":"max-snippet:-1","max-image-preview":"max-image-preview:large","max-video-preview":"max-video-preview:-1"},"canonical":"https:\/\/cungtenhanoi.com\/?product=riser-winwin-atf-x-2021","og_locale":"vi_VN","og_type":"article","og_title":"Th\u00e2n cung riser","og_description":"Th\u00e2n cung wiawis cung t\u00ean H\u00e0 N\u1ed9i","og_url":"https:\/\/cungtenhanoi.com\/?product=riser-winwin-atf-x-2021","og_site_name":"Cung T\u00ean H\u00e0 N\u1ed9i","article_modified_time":"2025-05-28T05:49:02+00:00","og_image":[{"width":206,"height":206,"url":"https:\/\/cungtenhanoi.com\/wp-content\/uploads\/2021\/12\/308346706_1527421894381388_1778188257305878806_n.jpg","type":"image\/jpeg"}],"twitter_card":"summary_large_image","twitter_misc":{"\u01af\u1edbc t\u00ednh th\u1eddi gian \u0111\u1ecdc":"2 ph\u00fat"},"schema":{"@context":"https:\/\/schema.org","@graph":[{"@type":"WebPage","@id":"https:\/\/cungtenhanoi.com\/?product=riser-winwin-atf-x-2021","url":"https:\/\/cungtenhanoi.com\/?product=riser-winwin-atf-x-2021","name":"Riser WW ATF-X 2021 cung t\u00ean H\u00e0 N\u1ed9i - Cung T\u00ean H\u00e0 N\u1ed9i","isPartOf":{"@id":"https:\/\/cungtenhanoi.com\/#website"},"datePublished":"2021-12-06T07:12:22+00:00","dateModified":"2025-05-28T05:49:02+00:00","description":"Mua cung t\u00ean th\u1ec3 thao, Mua cung t\u00ean t\u1ea1i h\u00e0 n\u1ed9i, Cung tr\u1ee3 l\u1ef1c, Cung compound, Cung t\u00ean ch\u00ednh h\u00e3ng, , Cung t\u00ean h\u00e0 n\u1ed9i, Cung t\u00ean , Mua cung t\u00ean S\u00e0i g\u00f2n , Mua m\u0169i t\u00ean b\u1eafn cung , Cung b\u1eafn bi s\u1eaft , cung t\u00ean mini, Cung truy\u1ec1n th\u1ed1ng, Cung c\u1ed5 \u0111i\u1ec3n, Cung trang tr\u00ed, Cung tr\u01b0ng b\u00e0y, cung t\u00ean m\u1ea1nh, mua ph\u1ee5 ki\u1ec7n b\u1eafn cung, m\u0169i t\u00ean, m\u0169i t\u00ean cacbon, eston x10, ch\u1ed1ng rung, th\u0103ng b\u1eb1ng, stabilizer, riser, Wiawis, th\u00e2n cung , ilf","breadcrumb":{"@id":"https:\/\/cungtenhanoi.com\/?product=riser-winwin-atf-x-2021#breadcrumb"},"inLanguage":"vi","potentialAction":[{"@type":"ReadAction","target":["https:\/\/cungtenhanoi.com\/?product=riser-winwin-atf-x-2021"]}]},{"@type":"BreadcrumbList","@id":"https:\/\/cungtenhanoi.com\/?product=riser-winwin-atf-x-2021#breadcrumb","itemListElement":[{"@type":"ListItem","position":1,"name":"Trang ch\u1ee7","item":"https:\/\/cungtenhanoi.com\/"},{"@type":"ListItem","position":2,"name":"Shop","item":"https:\/\/cungtenhanoi.com\/?page_id=6"},{"@type":"ListItem","position":3,"name":"Cung","item":"https:\/\/cungtenhanoi.com\/danh-muc\/cung\/"},{"@type":"ListItem","position":4,"name":"Riser WW ATF-X 2021 cung t\u00ean H\u00e0 N\u1ed9i"}]},{"@type":"WebSite","@id":"https:\/\/cungtenhanoi.com\/#website","url":"https:\/\/cungtenhanoi.com\/","name":"Cung T\u00ean H\u00e0 N\u1ed9i","description":"Cung c\u1ea5p c\u00e1c lo\u1ea1i cung t\u00ean th\u1ec3 thao s\u1ed1 1 Vi\u1ec7t Nam","publisher":{"@id":"https:\/\/cungtenhanoi.com\/#organization"},"potentialAction":[{"@type":"SearchAction","target":{"@type":"EntryPoint","urlTemplate":"https:\/\/cungtenhanoi.com\/?s={search_term_string}"},"query-input":"required name=search_term_string"}],"inLanguage":"vi"},{"@type":"Organization","@id":"https:\/\/cungtenhanoi.com\/#organization","name":"Cung T\u00ean H\u00e0 N\u1ed9i","url":"https:\/\/cungtenhanoi.com\/","sameAs":[],"logo":{"@type":"ImageObject","inLanguage":"vi","@id":"https:\/\/cungtenhanoi.com\/#\/schema\/logo\/image\/","url":"https:\/\/cungtenhanoi.com\/wp-content\/uploads\/2025\/05\/logo-den-trang.jpg","contentUrl":"https:\/\/cungtenhanoi.com\/wp-content\/uploads\/2025\/05\/logo-den-trang.jpg","width":450,"height":450,"caption":"Cung T\u00ean H\u00e0 N\u1ed9i"},"image":{"@id":"https:\/\/cungtenhanoi.com\/#\/schema\/logo\/image\/"}}]}},"_links":{"self":[{"href":"https:\/\/cungtenhanoi.com\/index.php?rest_route=\/wp\/v2\/product\/1972"}],"collection":[{"href":"https:\/\/cungtenhanoi.com\/index.php?rest_route=\/wp\/v2\/product"}],"about":[{"href":"https:\/\/cungtenhanoi.com\/index.php?rest_route=\/wp\/v2\/types\/product"}],"replies":[{"embeddable":true,"href":"https:\/\/cungtenhanoi.com\/index.php?rest_route=%2Fwp%2Fv2%2Fcomments&post=1972"}],"wp:featuredmedia":[{"embeddable":true,"href":"https:\/\/cungtenhanoi.com\/index.php?rest_route=\/wp\/v2\/media\/1980"}],"wp:attachment":[{"href":"https:\/\/cungtenhanoi.com\/index.php?rest_route=%2Fwp%2Fv2%2Fmedia&parent=1972"}],"wp:term":[{"taxonomy":"product_cat","embeddable":true,"href":"https:\/\/cungtenhanoi.com\/index.php?rest_route=%2Fwp%2Fv2%2Fproduct_cat&post=1972"},{"taxonomy":"product_tag","embeddable":true,"href":"https:\/\/cungtenhanoi.com\/index.php?rest_route=%2Fwp%2Fv2%2Fproduct_tag&post=1972"}],"curies":[{"name":"wp","href":"https:\/\/api.w.org\/{rel}","templated":true}]}}