{"id":1991,"date":"2021-12-07T09:35:37","date_gmt":"2021-12-07T02:35:37","guid":{"rendered":"https:\/\/cungtenhanoi.com\/?post_type=product&#038;p=1991"},"modified":"2025-05-11T21:15:24","modified_gmt":"2025-05-11T14:15:24","slug":"hop-dat-cung-ten-har36","status":"publish","type":"product","link":"https:\/\/cungtenhanoi.com\/?product=hop-dat-cung-ten-har36","title":{"rendered":"H\u1ed9p \u0111\u1eb7t cung &#8211; t\u00ean HAR36"},"content":{"rendered":"<p><img loading=\"lazy\" class=\"aligncenter  wp-image-1992\" src=\"https:\/\/cungtenhanoi.com\/wp-content\/uploads\/2021\/12\/82C1A8E9-C211-4E76-AE2E-E9F1087D54F1.jpeg\" alt=\"\" width=\"552\" height=\"552\" srcset=\"https:\/\/cungtenhanoi.com\/wp-content\/uploads\/2021\/12\/82C1A8E9-C211-4E76-AE2E-E9F1087D54F1.jpeg 800w, https:\/\/cungtenhanoi.com\/wp-content\/uploads\/2021\/12\/82C1A8E9-C211-4E76-AE2E-E9F1087D54F1-300x300.jpeg 300w, https:\/\/cungtenhanoi.com\/wp-content\/uploads\/2021\/12\/82C1A8E9-C211-4E76-AE2E-E9F1087D54F1-100x100.jpeg 100w, https:\/\/cungtenhanoi.com\/wp-content\/uploads\/2021\/12\/82C1A8E9-C211-4E76-AE2E-E9F1087D54F1-600x600.jpeg 600w, https:\/\/cungtenhanoi.com\/wp-content\/uploads\/2021\/12\/82C1A8E9-C211-4E76-AE2E-E9F1087D54F1-64x64.jpeg 64w, https:\/\/cungtenhanoi.com\/wp-content\/uploads\/2021\/12\/82C1A8E9-C211-4E76-AE2E-E9F1087D54F1-150x150.jpeg 150w, https:\/\/cungtenhanoi.com\/wp-content\/uploads\/2021\/12\/82C1A8E9-C211-4E76-AE2E-E9F1087D54F1-768x768.jpeg 768w, https:\/\/cungtenhanoi.com\/wp-content\/uploads\/2021\/12\/82C1A8E9-C211-4E76-AE2E-E9F1087D54F1-180x180.jpeg 180w, https:\/\/cungtenhanoi.com\/wp-content\/uploads\/2021\/12\/82C1A8E9-C211-4E76-AE2E-E9F1087D54F1-45x45.jpeg 45w\" sizes=\"(max-width: 552px) 100vw, 552px\" \/> <img loading=\"lazy\" class=\"aligncenter  wp-image-1993\" src=\"https:\/\/cungtenhanoi.com\/wp-content\/uploads\/2021\/12\/B8857962-60FB-4992-BACC-AA3B689D8140.jpeg\" alt=\"\" width=\"550\" height=\"550\" srcset=\"https:\/\/cungtenhanoi.com\/wp-content\/uploads\/2021\/12\/B8857962-60FB-4992-BACC-AA3B689D8140.jpeg 800w, https:\/\/cungtenhanoi.com\/wp-content\/uploads\/2021\/12\/B8857962-60FB-4992-BACC-AA3B689D8140-300x300.jpeg 300w, https:\/\/cungtenhanoi.com\/wp-content\/uploads\/2021\/12\/B8857962-60FB-4992-BACC-AA3B689D8140-100x100.jpeg 100w, https:\/\/cungtenhanoi.com\/wp-content\/uploads\/2021\/12\/B8857962-60FB-4992-BACC-AA3B689D8140-600x600.jpeg 600w, https:\/\/cungtenhanoi.com\/wp-content\/uploads\/2021\/12\/B8857962-60FB-4992-BACC-AA3B689D8140-64x64.jpeg 64w, https:\/\/cungtenhanoi.com\/wp-content\/uploads\/2021\/12\/B8857962-60FB-4992-BACC-AA3B689D8140-150x150.jpeg 150w, https:\/\/cungtenhanoi.com\/wp-content\/uploads\/2021\/12\/B8857962-60FB-4992-BACC-AA3B689D8140-768x768.jpeg 768w, https:\/\/cungtenhanoi.com\/wp-content\/uploads\/2021\/12\/B8857962-60FB-4992-BACC-AA3B689D8140-180x180.jpeg 180w, https:\/\/cungtenhanoi.com\/wp-content\/uploads\/2021\/12\/B8857962-60FB-4992-BACC-AA3B689D8140-45x45.jpeg 45w\" sizes=\"(max-width: 550px) 100vw, 550px\" \/> <img loading=\"lazy\" class=\"aligncenter  wp-image-1994\" src=\"https:\/\/cungtenhanoi.com\/wp-content\/uploads\/2021\/12\/57AEF478-6E65-4F04-A3CD-93F5383749D1.jpeg\" alt=\"\" width=\"543\" height=\"543\" srcset=\"https:\/\/cungtenhanoi.com\/wp-content\/uploads\/2021\/12\/57AEF478-6E65-4F04-A3CD-93F5383749D1.jpeg 800w, https:\/\/cungtenhanoi.com\/wp-content\/uploads\/2021\/12\/57AEF478-6E65-4F04-A3CD-93F5383749D1-300x300.jpeg 300w, https:\/\/cungtenhanoi.com\/wp-content\/uploads\/2021\/12\/57AEF478-6E65-4F04-A3CD-93F5383749D1-100x100.jpeg 100w, https:\/\/cungtenhanoi.com\/wp-content\/uploads\/2021\/12\/57AEF478-6E65-4F04-A3CD-93F5383749D1-600x600.jpeg 600w, https:\/\/cungtenhanoi.com\/wp-content\/uploads\/2021\/12\/57AEF478-6E65-4F04-A3CD-93F5383749D1-64x64.jpeg 64w\" sizes=\"(max-width: 543px) 100vw, 543px\" \/> <img loading=\"lazy\" class=\"aligncenter  wp-image-1995\" src=\"https:\/\/cungtenhanoi.com\/wp-content\/uploads\/2021\/12\/2029703C-3075-4152-8D81-19C4ED491CC4.jpeg\" alt=\"\" width=\"611\" height=\"546\" srcset=\"https:\/\/cungtenhanoi.com\/wp-content\/uploads\/2021\/12\/2029703C-3075-4152-8D81-19C4ED491CC4.jpeg 799w, https:\/\/cungtenhanoi.com\/wp-content\/uploads\/2021\/12\/2029703C-3075-4152-8D81-19C4ED491CC4-600x536.jpeg 600w, https:\/\/cungtenhanoi.com\/wp-content\/uploads\/2021\/12\/2029703C-3075-4152-8D81-19C4ED491CC4-64x57.jpeg 64w\" sizes=\"(max-width: 611px) 100vw, 611px\" \/> <img loading=\"lazy\" class=\"aligncenter  wp-image-1996\" src=\"https:\/\/cungtenhanoi.com\/wp-content\/uploads\/2021\/12\/15A03B1E-50CF-48BA-8FBB-9D04AD94CADC.jpeg\" alt=\"\" width=\"611\" height=\"545\" srcset=\"https:\/\/cungtenhanoi.com\/wp-content\/uploads\/2021\/12\/15A03B1E-50CF-48BA-8FBB-9D04AD94CADC.jpeg 800w, https:\/\/cungtenhanoi.com\/wp-content\/uploads\/2021\/12\/15A03B1E-50CF-48BA-8FBB-9D04AD94CADC-600x536.jpeg 600w, https:\/\/cungtenhanoi.com\/wp-content\/uploads\/2021\/12\/15A03B1E-50CF-48BA-8FBB-9D04AD94CADC-64x57.jpeg 64w, https:\/\/cungtenhanoi.com\/wp-content\/uploads\/2021\/12\/15A03B1E-50CF-48BA-8FBB-9D04AD94CADC-300x268.jpeg 300w, https:\/\/cungtenhanoi.com\/wp-content\/uploads\/2021\/12\/15A03B1E-50CF-48BA-8FBB-9D04AD94CADC-768x685.jpeg 768w\" sizes=\"(max-width: 611px) 100vw, 611px\" \/> <img loading=\"lazy\" class=\"aligncenter  wp-image-1997\" src=\"https:\/\/cungtenhanoi.com\/wp-content\/uploads\/2021\/12\/380DC321-80F2-42F3-8134-3779ABA3DCAA.png\" alt=\"\" width=\"613\" height=\"459\" srcset=\"https:\/\/cungtenhanoi.com\/wp-content\/uploads\/2021\/12\/380DC321-80F2-42F3-8134-3779ABA3DCAA.png 750w, https:\/\/cungtenhanoi.com\/wp-content\/uploads\/2021\/12\/380DC321-80F2-42F3-8134-3779ABA3DCAA-600x449.png 600w, https:\/\/cungtenhanoi.com\/wp-content\/uploads\/2021\/12\/380DC321-80F2-42F3-8134-3779ABA3DCAA-64x48.png 64w, https:\/\/cungtenhanoi.com\/wp-content\/uploads\/2021\/12\/380DC321-80F2-42F3-8134-3779ABA3DCAA-300x224.png 300w, https:\/\/cungtenhanoi.com\/wp-content\/uploads\/2021\/12\/380DC321-80F2-42F3-8134-3779ABA3DCAA-480x360.png 480w\" sizes=\"(max-width: 613px) 100vw, 613px\" \/><\/p>\n","protected":false},"excerpt":{"rendered":"","protected":false},"featured_media":1994,"comment_status":"open","ping_status":"closed","template":"","meta":[],"product_cat":[20],"product_tag":[86,257,264,442,443,59],"acf":[],"yoast_head":"<!-- This site is optimized with the Yoast SEO plugin v19.8 - https:\/\/yoast.com\/wordpress\/plugins\/seo\/ -->\n<title>H\u1ed9p \u0111\u1eb7t cung - t\u00ean HAR36 - Cung T\u00ean H\u00e0 N\u1ed9i<\/title>\n<meta name=\"description\" content=\"Mua cung t\u00ean th\u1ec3 thao, Mua cung t\u00ean t\u1ea1i h\u00e0 n\u1ed9i, Cung tr\u1ee3 l\u1ef1c, Cung compound, Cung t\u00ean ch\u00ednh h\u00e3ng, , Cung t\u00ean h\u00e0 n\u1ed9i, Cung t\u00ean , Mua cung t\u00ean S\u00e0i g\u00f2n , Mua m\u0169i t\u00ean b\u1eafn cung , Cung b\u1eafn bi s\u1eaft , cung t\u00ean mini, Cung truy\u1ec1n th\u1ed1ng, Cung c\u1ed5 \u0111i\u1ec3n, Cung trang tr\u00ed, Cung tr\u01b0ng b\u00e0y, cung t\u00ean m\u1ea1nh, mua ph\u1ee5 ki\u1ec7n b\u1eafn cung, m\u0169i t\u00ean, h\u1ed9p \u0111\u1ef1ng cung t\u00ean\" \/>\n<meta name=\"robots\" content=\"index, follow, max-snippet:-1, max-image-preview:large, max-video-preview:-1\" \/>\n<link rel=\"canonical\" href=\"https:\/\/cungtenhanoi.com\/?product=hop-dat-cung-ten-har36\" \/>\n<meta property=\"og:locale\" content=\"vi_VN\" \/>\n<meta property=\"og:type\" content=\"article\" \/>\n<meta property=\"og:title\" content=\"H\u1ed9p \u0111\u1ef1ng cung t\u00ean\" \/>\n<meta property=\"og:description\" content=\"Mua h\u1ed9p \u0111\u1eb7t cung t\u00ean\" \/>\n<meta property=\"og:url\" content=\"https:\/\/cungtenhanoi.com\/?product=hop-dat-cung-ten-har36\" \/>\n<meta property=\"og:site_name\" content=\"Cung T\u00ean H\u00e0 N\u1ed9i\" \/>\n<meta property=\"article:modified_time\" content=\"2025-05-11T14:15:24+00:00\" \/>\n<meta property=\"og:image\" content=\"https:\/\/cungtenhanoi.com\/wp-content\/uploads\/2021\/12\/4fc778278a903abb815a84f64fd63a33.jpg\" \/>\n\t<meta property=\"og:image:width\" content=\"564\" \/>\n\t<meta property=\"og:image:height\" content=\"945\" \/>\n\t<meta property=\"og:image:type\" content=\"image\/jpeg\" \/>\n<meta name=\"twitter:card\" content=\"summary_large_image\" \/>\n<meta name=\"twitter:label1\" content=\"\u01af\u1edbc t\u00ednh th\u1eddi gian \u0111\u1ecdc\" \/>\n\t<meta name=\"twitter:data1\" content=\"2 ph\u00fat\" \/>\n<script type=\"application\/ld+json\" class=\"yoast-schema-graph\">{\"@context\":\"https:\/\/schema.org\",\"@graph\":[{\"@type\":\"WebPage\",\"@id\":\"https:\/\/cungtenhanoi.com\/?product=hop-dat-cung-ten-har36\",\"url\":\"https:\/\/cungtenhanoi.com\/?product=hop-dat-cung-ten-har36\",\"name\":\"H\u1ed9p \u0111\u1eb7t cung - t\u00ean HAR36 - Cung T\u00ean H\u00e0 N\u1ed9i\",\"isPartOf\":{\"@id\":\"https:\/\/cungtenhanoi.com\/#website\"},\"datePublished\":\"2021-12-07T02:35:37+00:00\",\"dateModified\":\"2025-05-11T14:15:24+00:00\",\"description\":\"Mua cung t\u00ean th\u1ec3 thao, Mua cung t\u00ean t\u1ea1i h\u00e0 n\u1ed9i, Cung tr\u1ee3 l\u1ef1c, Cung compound, Cung t\u00ean ch\u00ednh h\u00e3ng, , Cung t\u00ean h\u00e0 n\u1ed9i, Cung t\u00ean , Mua cung t\u00ean S\u00e0i g\u00f2n , Mua m\u0169i t\u00ean b\u1eafn cung , Cung b\u1eafn bi s\u1eaft , cung t\u00ean mini, Cung truy\u1ec1n th\u1ed1ng, Cung c\u1ed5 \u0111i\u1ec3n, Cung trang tr\u00ed, Cung tr\u01b0ng b\u00e0y, cung t\u00ean m\u1ea1nh, mua ph\u1ee5 ki\u1ec7n b\u1eafn cung, m\u0169i t\u00ean, h\u1ed9p \u0111\u1ef1ng cung t\u00ean\",\"breadcrumb\":{\"@id\":\"https:\/\/cungtenhanoi.com\/?product=hop-dat-cung-ten-har36#breadcrumb\"},\"inLanguage\":\"vi\",\"potentialAction\":[{\"@type\":\"ReadAction\",\"target\":[\"https:\/\/cungtenhanoi.com\/?product=hop-dat-cung-ten-har36\"]}]},{\"@type\":\"BreadcrumbList\",\"@id\":\"https:\/\/cungtenhanoi.com\/?product=hop-dat-cung-ten-har36#breadcrumb\",\"itemListElement\":[{\"@type\":\"ListItem\",\"position\":1,\"name\":\"Trang ch\u1ee7\",\"item\":\"https:\/\/cungtenhanoi.com\/\"},{\"@type\":\"ListItem\",\"position\":2,\"name\":\"Shop\",\"item\":\"https:\/\/cungtenhanoi.com\/?page_id=6\"},{\"@type\":\"ListItem\",\"position\":3,\"name\":\"Ph\u1ee5 ki\u1ec7n\",\"item\":\"https:\/\/cungtenhanoi.com\/danh-muc\/phu-kien\/\"},{\"@type\":\"ListItem\",\"position\":4,\"name\":\"H\u1ed9p \u0111\u1eb7t cung &#8211; t\u00ean HAR36\"}]},{\"@type\":\"WebSite\",\"@id\":\"https:\/\/cungtenhanoi.com\/#website\",\"url\":\"https:\/\/cungtenhanoi.com\/\",\"name\":\"Cung T\u00ean H\u00e0 N\u1ed9i\",\"description\":\"Cung c\u1ea5p c\u00e1c lo\u1ea1i cung t\u00ean th\u1ec3 thao s\u1ed1 1 Vi\u1ec7t Nam\",\"publisher\":{\"@id\":\"https:\/\/cungtenhanoi.com\/#organization\"},\"potentialAction\":[{\"@type\":\"SearchAction\",\"target\":{\"@type\":\"EntryPoint\",\"urlTemplate\":\"https:\/\/cungtenhanoi.com\/?s={search_term_string}\"},\"query-input\":\"required name=search_term_string\"}],\"inLanguage\":\"vi\"},{\"@type\":\"Organization\",\"@id\":\"https:\/\/cungtenhanoi.com\/#organization\",\"name\":\"Cung T\u00ean H\u00e0 N\u1ed9i\",\"url\":\"https:\/\/cungtenhanoi.com\/\",\"sameAs\":[],\"logo\":{\"@type\":\"ImageObject\",\"inLanguage\":\"vi\",\"@id\":\"https:\/\/cungtenhanoi.com\/#\/schema\/logo\/image\/\",\"url\":\"https:\/\/cungtenhanoi.com\/wp-content\/uploads\/2025\/05\/logo-den-trang.jpg\",\"contentUrl\":\"https:\/\/cungtenhanoi.com\/wp-content\/uploads\/2025\/05\/logo-den-trang.jpg\",\"width\":450,\"height\":450,\"caption\":\"Cung T\u00ean H\u00e0 N\u1ed9i\"},\"image\":{\"@id\":\"https:\/\/cungtenhanoi.com\/#\/schema\/logo\/image\/\"}}]}<\/script>\n<!-- \/ Yoast SEO plugin. -->","yoast_head_json":{"title":"H\u1ed9p \u0111\u1eb7t cung - t\u00ean HAR36 - Cung T\u00ean H\u00e0 N\u1ed9i","description":"Mua cung t\u00ean th\u1ec3 thao, Mua cung t\u00ean t\u1ea1i h\u00e0 n\u1ed9i, Cung tr\u1ee3 l\u1ef1c, Cung compound, Cung t\u00ean ch\u00ednh h\u00e3ng, , Cung t\u00ean h\u00e0 n\u1ed9i, Cung t\u00ean , Mua cung t\u00ean S\u00e0i g\u00f2n , Mua m\u0169i t\u00ean b\u1eafn cung , Cung b\u1eafn bi s\u1eaft , cung t\u00ean mini, Cung truy\u1ec1n th\u1ed1ng, Cung c\u1ed5 \u0111i\u1ec3n, Cung trang tr\u00ed, Cung tr\u01b0ng b\u00e0y, cung t\u00ean m\u1ea1nh, mua ph\u1ee5 ki\u1ec7n b\u1eafn cung, m\u0169i t\u00ean, h\u1ed9p \u0111\u1ef1ng cung t\u00ean","robots":{"index":"index","follow":"follow","max-snippet":"max-snippet:-1","max-image-preview":"max-image-preview:large","max-video-preview":"max-video-preview:-1"},"canonical":"https:\/\/cungtenhanoi.com\/?product=hop-dat-cung-ten-har36","og_locale":"vi_VN","og_type":"article","og_title":"H\u1ed9p \u0111\u1ef1ng cung t\u00ean","og_description":"Mua h\u1ed9p \u0111\u1eb7t cung t\u00ean","og_url":"https:\/\/cungtenhanoi.com\/?product=hop-dat-cung-ten-har36","og_site_name":"Cung T\u00ean H\u00e0 N\u1ed9i","article_modified_time":"2025-05-11T14:15:24+00:00","og_image":[{"width":564,"height":945,"url":"https:\/\/cungtenhanoi.com\/wp-content\/uploads\/2021\/12\/4fc778278a903abb815a84f64fd63a33.jpg","type":"image\/jpeg"}],"twitter_card":"summary_large_image","twitter_misc":{"\u01af\u1edbc t\u00ednh th\u1eddi gian \u0111\u1ecdc":"2 ph\u00fat"},"schema":{"@context":"https:\/\/schema.org","@graph":[{"@type":"WebPage","@id":"https:\/\/cungtenhanoi.com\/?product=hop-dat-cung-ten-har36","url":"https:\/\/cungtenhanoi.com\/?product=hop-dat-cung-ten-har36","name":"H\u1ed9p \u0111\u1eb7t cung - t\u00ean HAR36 - Cung T\u00ean H\u00e0 N\u1ed9i","isPartOf":{"@id":"https:\/\/cungtenhanoi.com\/#website"},"datePublished":"2021-12-07T02:35:37+00:00","dateModified":"2025-05-11T14:15:24+00:00","description":"Mua cung t\u00ean th\u1ec3 thao, Mua cung t\u00ean t\u1ea1i h\u00e0 n\u1ed9i, Cung tr\u1ee3 l\u1ef1c, Cung compound, Cung t\u00ean ch\u00ednh h\u00e3ng, , Cung t\u00ean h\u00e0 n\u1ed9i, Cung t\u00ean , Mua cung t\u00ean S\u00e0i g\u00f2n , Mua m\u0169i t\u00ean b\u1eafn cung , Cung b\u1eafn bi s\u1eaft , cung t\u00ean mini, Cung truy\u1ec1n th\u1ed1ng, Cung c\u1ed5 \u0111i\u1ec3n, Cung trang tr\u00ed, Cung tr\u01b0ng b\u00e0y, cung t\u00ean m\u1ea1nh, mua ph\u1ee5 ki\u1ec7n b\u1eafn cung, m\u0169i t\u00ean, h\u1ed9p \u0111\u1ef1ng cung t\u00ean","breadcrumb":{"@id":"https:\/\/cungtenhanoi.com\/?product=hop-dat-cung-ten-har36#breadcrumb"},"inLanguage":"vi","potentialAction":[{"@type":"ReadAction","target":["https:\/\/cungtenhanoi.com\/?product=hop-dat-cung-ten-har36"]}]},{"@type":"BreadcrumbList","@id":"https:\/\/cungtenhanoi.com\/?product=hop-dat-cung-ten-har36#breadcrumb","itemListElement":[{"@type":"ListItem","position":1,"name":"Trang ch\u1ee7","item":"https:\/\/cungtenhanoi.com\/"},{"@type":"ListItem","position":2,"name":"Shop","item":"https:\/\/cungtenhanoi.com\/?page_id=6"},{"@type":"ListItem","position":3,"name":"Ph\u1ee5 ki\u1ec7n","item":"https:\/\/cungtenhanoi.com\/danh-muc\/phu-kien\/"},{"@type":"ListItem","position":4,"name":"H\u1ed9p \u0111\u1eb7t cung &#8211; t\u00ean HAR36"}]},{"@type":"WebSite","@id":"https:\/\/cungtenhanoi.com\/#website","url":"https:\/\/cungtenhanoi.com\/","name":"Cung T\u00ean H\u00e0 N\u1ed9i","description":"Cung c\u1ea5p c\u00e1c lo\u1ea1i cung t\u00ean th\u1ec3 thao s\u1ed1 1 Vi\u1ec7t Nam","publisher":{"@id":"https:\/\/cungtenhanoi.com\/#organization"},"potentialAction":[{"@type":"SearchAction","target":{"@type":"EntryPoint","urlTemplate":"https:\/\/cungtenhanoi.com\/?s={search_term_string}"},"query-input":"required name=search_term_string"}],"inLanguage":"vi"},{"@type":"Organization","@id":"https:\/\/cungtenhanoi.com\/#organization","name":"Cung T\u00ean H\u00e0 N\u1ed9i","url":"https:\/\/cungtenhanoi.com\/","sameAs":[],"logo":{"@type":"ImageObject","inLanguage":"vi","@id":"https:\/\/cungtenhanoi.com\/#\/schema\/logo\/image\/","url":"https:\/\/cungtenhanoi.com\/wp-content\/uploads\/2025\/05\/logo-den-trang.jpg","contentUrl":"https:\/\/cungtenhanoi.com\/wp-content\/uploads\/2025\/05\/logo-den-trang.jpg","width":450,"height":450,"caption":"Cung T\u00ean H\u00e0 N\u1ed9i"},"image":{"@id":"https:\/\/cungtenhanoi.com\/#\/schema\/logo\/image\/"}}]}},"_links":{"self":[{"href":"https:\/\/cungtenhanoi.com\/index.php?rest_route=\/wp\/v2\/product\/1991"}],"collection":[{"href":"https:\/\/cungtenhanoi.com\/index.php?rest_route=\/wp\/v2\/product"}],"about":[{"href":"https:\/\/cungtenhanoi.com\/index.php?rest_route=\/wp\/v2\/types\/product"}],"replies":[{"embeddable":true,"href":"https:\/\/cungtenhanoi.com\/index.php?rest_route=%2Fwp%2Fv2%2Fcomments&post=1991"}],"wp:featuredmedia":[{"embeddable":true,"href":"https:\/\/cungtenhanoi.com\/index.php?rest_route=\/wp\/v2\/media\/1994"}],"wp:attachment":[{"href":"https:\/\/cungtenhanoi.com\/index.php?rest_route=%2Fwp%2Fv2%2Fmedia&parent=1991"}],"wp:term":[{"taxonomy":"product_cat","embeddable":true,"href":"https:\/\/cungtenhanoi.com\/index.php?rest_route=%2Fwp%2Fv2%2Fproduct_cat&post=1991"},{"taxonomy":"product_tag","embeddable":true,"href":"https:\/\/cungtenhanoi.com\/index.php?rest_route=%2Fwp%2Fv2%2Fproduct_tag&post=1991"}],"curies":[{"name":"wp","href":"https:\/\/api.w.org\/{rel}","templated":true}]}}