{"id":2021,"date":"2022-02-27T11:55:48","date_gmt":"2022-02-27T04:55:48","guid":{"rendered":"https:\/\/cungtenhanoi.com\/?post_type=product&#038;p=2021"},"modified":"2025-05-11T21:08:10","modified_gmt":"2025-05-11T14:08:10","slug":"bear-claw-leopard","status":"publish","type":"product","link":"https:\/\/cungtenhanoi.com\/?product=bear-claw-leopard","title":{"rendered":"Cung t\u00ean classic Bear claw Leopard"},"content":{"rendered":"<p style=\"text-align: center;\">Bear claw<br \/>\nBear Claw &#8211; Cung truy\u1ec1n th\u1ed1ng c\u1ee7a M\u1ef9 (Leopard)<br \/>\n1. Gi\u1edbi thi\u1ec7u v\u1ec1 c\u00e1c th\u00f4ng s\u1ed1:<br \/>\nL\u1ef1c k\u00e9o: 25 &#8212; 55 pound<br \/>\nChi\u1ec1u d\u00e0i: 146cm<br \/>\nChi\u1ec1u d\u00e0i s\u1ea3i k\u00e9o: 32 inch<\/p>\n<p style=\"text-align: center;\">2. Ch\u1ea5t li\u1ec7u<\/p>\n<p style=\"text-align: center;\">Arrow rest l\u00f4ng g\u1ea5u c\u1ee7a \u0110\u1ee9c, Limb composite (mi\u1ebfng g\u1ed7 suanzhi \\ rag \\ g\u1ed7 mun hoa, g\u1ed7 th\u00edch, mi\u1ebfng n\u00eam b\u1eb1ng g\u1ed7 m\u00e0u, epoxy)<br \/>\nD\u00e2y BCY cao c\u1ea5p<br \/>\nRiser: g\u1ed7 m\u00e0u cao c\u1ea5p<br \/>\n3. T\u00ednh n\u0103ng:<br \/>\n(So \u200b\u200bs\u00e1nh v\u1edbi cung nhi\u1ec1u l\u1edbp carbon)<br \/>\n1. T\u00ednh linh ho\u1ea1t t\u1ed1t:<\/p>\n<p style=\"text-align: center;\">L\u1edbp keo epoxy c\u00f3 t\u00ednh linh ho\u1ea1t t\u1ed1t v\u00e0 kho\u1ea3ng c\u00e1ch k\u00e9o th\u1ef1c t\u1ebf c\u1ee7a s\u1ee3i carbon l\u1edbn h\u01a1n so v\u1edbi s\u1ee3i carbon d\u01b0\u1edbi c\u00f9ng chi\u1ec1u d\u00e0i c\u00e1nh cung v\u00e0 c\u1ea3m gi\u00e1c k\u00e9o m\u1ec1m m\u1ea1i h\u01a1n. Thi\u1ebft k\u1ebf n\u00e0y c\u00f3 bi\u00ean kho\u1ea3ng c\u00e1ch k\u00e9o \u0111\u1ee7 l\u1edbn, ph\u00f9 h\u1ee3p cho ng\u01b0\u1eddi c\u00f3 chi\u1ec1u cao t\u1ed1t<br \/>\n2. \u0110\u1eb9p:<\/p>\n<p style=\"text-align: center;\">L\u1edbp epoxy trong su\u1ed1t \u0111\u01b0\u1ee3c d\u00e1t m\u1ecfng theo v\u00e2n g\u1ed7 t\u1ef1 nhi\u00ean, n\u00ean v\u1eabn hi\u1ec7n v\u00e2n g\u1ed7 v\u00e0 m\u00e0u s\u1eafc ch\u00e2n th\u1ef1c nh\u1ea5t<br \/>\n3. Ti\u1ebfng \u1ed3n th\u1ea5p, \u0111\u1ed9 \u1ed5n \u0111\u1ecbnh cao<br \/>\nSo v\u1edbi ch\u1ea5t li\u1ec7u s\u1ee3i carbon v\u00e0 riser h\u1ee3p kim , Leopard m\u1ec1m h\u01a1n, \u00e2m thanh c\u1ee7a d\u00e2y cung va v\u00e0o \u0111\u1ea7u c\u00e1nh cung nh\u1ecf h\u01a1n, v\u00e0 ti\u1ebfng \u1ed3n do d\u00e2y cung t\u1ea1o ra c\u0169ng nh\u1ecf h\u01a1n.<br \/>\n4. V\u1eadn t\u1ed1c ban \u0111\u1ea7u c\u1ee7a m\u0169i t\u00ean:<br \/>\nKhi s\u1eed d\u1ee5ng c\u00e1c m\u0169i t\u00ean nh\u1eb9 (8-9,5g \/ pound), cung b\u1eb1ng carbon nhanh h\u01a1n, nh\u01b0ng khi s\u1eed d\u1ee5ng c\u00e1c m\u0169i t\u00ean n\u1eb7ng (11-13 g \/ pound), c\u1ef1 ly s\u1ebd g\u1ea7n h\u01a1n. K\u1ebft h\u1ee3p v\u1edbi nh\u1eefng \u01b0u \u0111i\u1ec3m c\u1ee7a c\u00e1c kh\u00eda c\u1ea1nh kh\u00e1c, m\u1ed7i kh\u00eda c\u1ea1nh c\u00f3 th\u1ebf m\u1ea1nh ri\u00eang c\u1ee7a n\u00f3!<br \/>\n5. \u1ed4n \u0111\u1ecbnh:<br \/>\nSo v\u1edbi cung \u00e9p nhi\u1ec1u l\u1edbp b\u1eb1ng s\u1ee3i carbon, ch\u1ea5t li\u1ec7u m\u1ec1m h\u01a1n v\u00e0 th\u00e2n cung \u00edt rung h\u01a1n sau khi th\u1ea3 t\u00ean.<\/p>\n<p><img loading=\"lazy\" class=\"aligncenter size-full wp-image-2022\" src=\"https:\/\/cungtenhanoi.com\/wp-content\/uploads\/2022\/02\/4C8A2099-3C76-42B3-87D3-CA4ECBBA8F34.jpeg\" alt=\"\" width=\"620\" height=\"349\" srcset=\"https:\/\/cungtenhanoi.com\/wp-content\/uploads\/2022\/02\/4C8A2099-3C76-42B3-87D3-CA4ECBBA8F34.jpeg 620w, https:\/\/cungtenhanoi.com\/wp-content\/uploads\/2022\/02\/4C8A2099-3C76-42B3-87D3-CA4ECBBA8F34-600x338.jpeg 600w, https:\/\/cungtenhanoi.com\/wp-content\/uploads\/2022\/02\/4C8A2099-3C76-42B3-87D3-CA4ECBBA8F34-64x36.jpeg 64w\" sizes=\"(max-width: 620px) 100vw, 620px\" \/> <img loading=\"lazy\" class=\"aligncenter size-full wp-image-2023\" src=\"https:\/\/cungtenhanoi.com\/wp-content\/uploads\/2022\/02\/F68CA3D0-BAF1-45F9-A3A0-C3252359C1B1.jpeg\" alt=\"\" width=\"620\" height=\"349\" srcset=\"https:\/\/cungtenhanoi.com\/wp-content\/uploads\/2022\/02\/F68CA3D0-BAF1-45F9-A3A0-C3252359C1B1.jpeg 620w, https:\/\/cungtenhanoi.com\/wp-content\/uploads\/2022\/02\/F68CA3D0-BAF1-45F9-A3A0-C3252359C1B1-600x338.jpeg 600w, https:\/\/cungtenhanoi.com\/wp-content\/uploads\/2022\/02\/F68CA3D0-BAF1-45F9-A3A0-C3252359C1B1-64x36.jpeg 64w, https:\/\/cungtenhanoi.com\/wp-content\/uploads\/2022\/02\/F68CA3D0-BAF1-45F9-A3A0-C3252359C1B1-300x169.jpeg 300w\" sizes=\"(max-width: 620px) 100vw, 620px\" \/> <img loading=\"lazy\" class=\"aligncenter wp-image-2024\" src=\"https:\/\/cungtenhanoi.com\/wp-content\/uploads\/2022\/02\/38AD01C6-A1C2-46A1-A98B-E265ED09D272.jpeg\" alt=\"\" width=\"620\" height=\"1101\" srcset=\"https:\/\/cungtenhanoi.com\/wp-content\/uploads\/2022\/02\/38AD01C6-A1C2-46A1-A98B-E265ED09D272.jpeg 600w, https:\/\/cungtenhanoi.com\/wp-content\/uploads\/2022\/02\/38AD01C6-A1C2-46A1-A98B-E265ED09D272-64x114.jpeg 64w, https:\/\/cungtenhanoi.com\/wp-content\/uploads\/2022\/02\/38AD01C6-A1C2-46A1-A98B-E265ED09D272-169x300.jpeg 169w, https:\/\/cungtenhanoi.com\/wp-content\/uploads\/2022\/02\/38AD01C6-A1C2-46A1-A98B-E265ED09D272-576x1024.jpeg 576w\" sizes=\"(max-width: 620px) 100vw, 620px\" \/> <img loading=\"lazy\" class=\"aligncenter wp-image-2025\" src=\"https:\/\/cungtenhanoi.com\/wp-content\/uploads\/2022\/02\/4BF89EDE-CF79-4B8E-A93B-D446480DC76C.jpeg\" alt=\"\" width=\"618\" height=\"1098\" srcset=\"https:\/\/cungtenhanoi.com\/wp-content\/uploads\/2022\/02\/4BF89EDE-CF79-4B8E-A93B-D446480DC76C.jpeg 600w, https:\/\/cungtenhanoi.com\/wp-content\/uploads\/2022\/02\/4BF89EDE-CF79-4B8E-A93B-D446480DC76C-64x114.jpeg 64w, https:\/\/cungtenhanoi.com\/wp-content\/uploads\/2022\/02\/4BF89EDE-CF79-4B8E-A93B-D446480DC76C-169x300.jpeg 169w, https:\/\/cungtenhanoi.com\/wp-content\/uploads\/2022\/02\/4BF89EDE-CF79-4B8E-A93B-D446480DC76C-576x1024.jpeg 576w\" sizes=\"(max-width: 618px) 100vw, 618px\" \/> <img loading=\"lazy\" class=\"aligncenter size-full wp-image-2026\" src=\"https:\/\/cungtenhanoi.com\/wp-content\/uploads\/2022\/02\/8C401F0E-B679-4E94-883F-AB55288C9AA6.jpeg\" alt=\"\" width=\"620\" height=\"349\" srcset=\"https:\/\/cungtenhanoi.com\/wp-content\/uploads\/2022\/02\/8C401F0E-B679-4E94-883F-AB55288C9AA6.jpeg 620w, https:\/\/cungtenhanoi.com\/wp-content\/uploads\/2022\/02\/8C401F0E-B679-4E94-883F-AB55288C9AA6-600x338.jpeg 600w, https:\/\/cungtenhanoi.com\/wp-content\/uploads\/2022\/02\/8C401F0E-B679-4E94-883F-AB55288C9AA6-64x36.jpeg 64w\" sizes=\"(max-width: 620px) 100vw, 620px\" \/> <img loading=\"lazy\" class=\"aligncenter wp-image-2027\" src=\"https:\/\/cungtenhanoi.com\/wp-content\/uploads\/2022\/02\/109F5B2A-3A98-4633-BDF0-1C9C58461938.jpeg\" alt=\"\" width=\"620\" height=\"348\" srcset=\"https:\/\/cungtenhanoi.com\/wp-content\/uploads\/2022\/02\/109F5B2A-3A98-4633-BDF0-1C9C58461938.jpeg 800w, https:\/\/cungtenhanoi.com\/wp-content\/uploads\/2022\/02\/109F5B2A-3A98-4633-BDF0-1C9C58461938-600x338.jpeg 600w, https:\/\/cungtenhanoi.com\/wp-content\/uploads\/2022\/02\/109F5B2A-3A98-4633-BDF0-1C9C58461938-64x36.jpeg 64w, https:\/\/cungtenhanoi.com\/wp-content\/uploads\/2022\/02\/109F5B2A-3A98-4633-BDF0-1C9C58461938-300x169.jpeg 300w, https:\/\/cungtenhanoi.com\/wp-content\/uploads\/2022\/02\/109F5B2A-3A98-4633-BDF0-1C9C58461938-768x432.jpeg 768w\" sizes=\"(max-width: 620px) 100vw, 620px\" \/><img loading=\"lazy\" class=\"aligncenter wp-image-2028\" src=\"https:\/\/cungtenhanoi.com\/wp-content\/uploads\/2022\/02\/00F58C8D-F5F7-46DF-B618-F69855F1EEBD.jpeg\" alt=\"\" width=\"620\" height=\"1102\" srcset=\"https:\/\/cungtenhanoi.com\/wp-content\/uploads\/2022\/02\/00F58C8D-F5F7-46DF-B618-F69855F1EEBD.jpeg 600w, https:\/\/cungtenhanoi.com\/wp-content\/uploads\/2022\/02\/00F58C8D-F5F7-46DF-B618-F69855F1EEBD-64x114.jpeg 64w, https:\/\/cungtenhanoi.com\/wp-content\/uploads\/2022\/02\/00F58C8D-F5F7-46DF-B618-F69855F1EEBD-169x300.jpeg 169w, https:\/\/cungtenhanoi.com\/wp-content\/uploads\/2022\/02\/00F58C8D-F5F7-46DF-B618-F69855F1EEBD-576x1024.jpeg 576w\" sizes=\"(max-width: 620px) 100vw, 620px\" \/> <img loading=\"lazy\" class=\"aligncenter wp-image-2029\" src=\"https:\/\/cungtenhanoi.com\/wp-content\/uploads\/2022\/02\/D6027804-B54D-42DD-9F20-A3112B40ADC8.jpeg\" alt=\"\" width=\"620\" height=\"1102\" srcset=\"https:\/\/cungtenhanoi.com\/wp-content\/uploads\/2022\/02\/D6027804-B54D-42DD-9F20-A3112B40ADC8.jpeg 600w, https:\/\/cungtenhanoi.com\/wp-content\/uploads\/2022\/02\/D6027804-B54D-42DD-9F20-A3112B40ADC8-64x114.jpeg 64w, https:\/\/cungtenhanoi.com\/wp-content\/uploads\/2022\/02\/D6027804-B54D-42DD-9F20-A3112B40ADC8-169x300.jpeg 169w, https:\/\/cungtenhanoi.com\/wp-content\/uploads\/2022\/02\/D6027804-B54D-42DD-9F20-A3112B40ADC8-576x1024.jpeg 576w\" sizes=\"(max-width: 620px) 100vw, 620px\" \/> <img loading=\"lazy\" class=\"aligncenter size-full wp-image-2030\" src=\"https:\/\/cungtenhanoi.com\/wp-content\/uploads\/2022\/02\/5D8EB588-B92D-45A2-9381-C22B7B196673.jpeg\" alt=\"\" width=\"620\" height=\"349\" srcset=\"https:\/\/cungtenhanoi.com\/wp-content\/uploads\/2022\/02\/5D8EB588-B92D-45A2-9381-C22B7B196673.jpeg 620w, https:\/\/cungtenhanoi.com\/wp-content\/uploads\/2022\/02\/5D8EB588-B92D-45A2-9381-C22B7B196673-600x338.jpeg 600w, https:\/\/cungtenhanoi.com\/wp-content\/uploads\/2022\/02\/5D8EB588-B92D-45A2-9381-C22B7B196673-64x36.jpeg 64w, https:\/\/cungtenhanoi.com\/wp-content\/uploads\/2022\/02\/5D8EB588-B92D-45A2-9381-C22B7B196673-300x169.jpeg 300w\" sizes=\"(max-width: 620px) 100vw, 620px\" \/><\/p>\n","protected":false},"excerpt":{"rendered":"<p>option ti\u00eau chu\u1ea9n : Cung + 6 t\u00ean cacbon vand l\u00f4ng + tab + guarm + nockingpoint + bia m\u1ee5c ti\u00eau + s\u00e1p + \u0111\u1ee1 t\u00ean l\u00f4ng g\u1ea5u.<\/p>\n","protected":false},"featured_media":2026,"comment_status":"open","ping_status":"closed","template":"","meta":[],"product_cat":[17],"product_tag":[198,237,447,86,257,448],"acf":[],"yoast_head":"<!-- This site is optimized with the Yoast SEO plugin v19.8 - https:\/\/yoast.com\/wordpress\/plugins\/seo\/ -->\n<title>Cung t\u00ean classic Bear claw Leopard - Cung T\u00ean H\u00e0 N\u1ed9i<\/title>\n<meta name=\"description\" content=\"Mua cung t\u00ean th\u1ec3 thao, Mua cung t\u00ean t\u1ea1i h\u00e0 n\u1ed9i, Cung tr\u1ee3 l\u1ef1c, Cung compound, Cung t\u00ean ch\u00ednh h\u00e3ng, , Cung t\u00ean h\u00e0 n\u1ed9i, Cung t\u00ean , Mua cung t\u00ean S\u00e0i g\u00f2n , Mua m\u0169i t\u00ean b\u1eafn cung , Cung b\u1eafn bi s\u1eaft , cung t\u00ean mini, Cung truy\u1ec1n th\u1ed1ng, Cung c\u1ed5 \u0111i\u1ec3n, Cung trang tr\u00ed, Cung tr\u01b0ng b\u00e0y, cung t\u00ean m\u1ea1nh, mua ph\u1ee5 ki\u1ec7n b\u1eafn cung, m\u0169i t\u00ean, m\u0169i t\u00ean cacbon, eston x10, ch\u1ed1ng rung, th\u0103ng b\u1eb1ng, stabilizer,cung t\u00ean c\u1ed5 \u0111i\u1ec3n\" \/>\n<meta name=\"robots\" content=\"index, follow, max-snippet:-1, max-image-preview:large, max-video-preview:-1\" \/>\n<link rel=\"canonical\" href=\"https:\/\/cungtenhanoi.com\/?product=bear-claw-leopard\" \/>\n<meta property=\"og:locale\" content=\"vi_VN\" \/>\n<meta property=\"og:type\" content=\"article\" \/>\n<meta property=\"og:title\" content=\"Cung t\u00ean th\u1ec3 thao leopard\" \/>\n<meta property=\"og:description\" content=\"Mua cung t\u00ean th\u1ec3 thao, Mua cung t\u00ean t\u1ea1i h\u00e0 n\u1ed9i, Cung tr\u1ee3 l\u1ef1c, Cung compound, Cung t\u00ean ch\u00ednh h\u00e3ng, , Cung t\u00ean h\u00e0 n\u1ed9i, Cung t\u00ean , Mua cung t\u00ean S\u00e0i g\u00f2n , Mua m\u0169i t\u00ean b\u1eafn cung , Cung b\u1eafn bi s\u1eaft , cung t\u00ean mini, Cung truy\u1ec1n th\u1ed1ng, Cung c\u1ed5 \u0111i\u1ec3n, Cung trang tr\u00ed, Cung tr\u01b0ng b\u00e0y, cung t\u00ean m\u1ea1nh, mua ph\u1ee5 ki\u1ec7n b\u1eafn cung, m\u0169i t\u00ean, m\u0169i t\u00ean cacbon, eston x10, ch\u1ed1ng rung, th\u0103ng b\u1eb1ng, stabilizer\" \/>\n<meta property=\"og:url\" content=\"https:\/\/cungtenhanoi.com\/?product=bear-claw-leopard\" \/>\n<meta property=\"og:site_name\" content=\"Cung T\u00ean H\u00e0 N\u1ed9i\" \/>\n<meta property=\"article:modified_time\" content=\"2025-05-11T14:08:10+00:00\" \/>\n<meta property=\"og:image\" content=\"https:\/\/cungtenhanoi.com\/wp-content\/uploads\/2022\/03\/TB2YbWqgwnH8KJjSspcXXb3QFXa_2370498282.jpg\" \/>\n\t<meta property=\"og:image:width\" content=\"850\" \/>\n\t<meta property=\"og:image:height\" content=\"638\" \/>\n\t<meta property=\"og:image:type\" content=\"image\/jpeg\" \/>\n<meta name=\"twitter:card\" content=\"summary_large_image\" \/>\n<meta name=\"twitter:label1\" content=\"\u01af\u1edbc t\u00ednh th\u1eddi gian \u0111\u1ecdc\" \/>\n\t<meta name=\"twitter:data1\" content=\"4 ph\u00fat\" \/>\n<script type=\"application\/ld+json\" class=\"yoast-schema-graph\">{\"@context\":\"https:\/\/schema.org\",\"@graph\":[{\"@type\":\"WebPage\",\"@id\":\"https:\/\/cungtenhanoi.com\/?product=bear-claw-leopard\",\"url\":\"https:\/\/cungtenhanoi.com\/?product=bear-claw-leopard\",\"name\":\"Cung t\u00ean classic Bear claw Leopard - Cung T\u00ean H\u00e0 N\u1ed9i\",\"isPartOf\":{\"@id\":\"https:\/\/cungtenhanoi.com\/#website\"},\"datePublished\":\"2022-02-27T04:55:48+00:00\",\"dateModified\":\"2025-05-11T14:08:10+00:00\",\"description\":\"Mua cung t\u00ean th\u1ec3 thao, Mua cung t\u00ean t\u1ea1i h\u00e0 n\u1ed9i, Cung tr\u1ee3 l\u1ef1c, Cung compound, Cung t\u00ean ch\u00ednh h\u00e3ng, , Cung t\u00ean h\u00e0 n\u1ed9i, Cung t\u00ean , Mua cung t\u00ean S\u00e0i g\u00f2n , Mua m\u0169i t\u00ean b\u1eafn cung , Cung b\u1eafn bi s\u1eaft , cung t\u00ean mini, Cung truy\u1ec1n th\u1ed1ng, Cung c\u1ed5 \u0111i\u1ec3n, Cung trang tr\u00ed, Cung tr\u01b0ng b\u00e0y, cung t\u00ean m\u1ea1nh, mua ph\u1ee5 ki\u1ec7n b\u1eafn cung, m\u0169i t\u00ean, m\u0169i t\u00ean cacbon, eston x10, ch\u1ed1ng rung, th\u0103ng b\u1eb1ng, stabilizer,cung t\u00ean c\u1ed5 \u0111i\u1ec3n\",\"breadcrumb\":{\"@id\":\"https:\/\/cungtenhanoi.com\/?product=bear-claw-leopard#breadcrumb\"},\"inLanguage\":\"vi\",\"potentialAction\":[{\"@type\":\"ReadAction\",\"target\":[\"https:\/\/cungtenhanoi.com\/?product=bear-claw-leopard\"]}]},{\"@type\":\"BreadcrumbList\",\"@id\":\"https:\/\/cungtenhanoi.com\/?product=bear-claw-leopard#breadcrumb\",\"itemListElement\":[{\"@type\":\"ListItem\",\"position\":1,\"name\":\"Trang ch\u1ee7\",\"item\":\"https:\/\/cungtenhanoi.com\/\"},{\"@type\":\"ListItem\",\"position\":2,\"name\":\"Shop\",\"item\":\"https:\/\/cungtenhanoi.com\/?page_id=6\"},{\"@type\":\"ListItem\",\"position\":3,\"name\":\"Cung\",\"item\":\"https:\/\/cungtenhanoi.com\/danh-muc\/cung\/\"},{\"@type\":\"ListItem\",\"position\":4,\"name\":\"Cung t\u00ean classic Bear claw Leopard\"}]},{\"@type\":\"WebSite\",\"@id\":\"https:\/\/cungtenhanoi.com\/#website\",\"url\":\"https:\/\/cungtenhanoi.com\/\",\"name\":\"Cung T\u00ean H\u00e0 N\u1ed9i\",\"description\":\"Cung c\u1ea5p c\u00e1c lo\u1ea1i cung t\u00ean th\u1ec3 thao s\u1ed1 1 Vi\u1ec7t Nam\",\"publisher\":{\"@id\":\"https:\/\/cungtenhanoi.com\/#organization\"},\"potentialAction\":[{\"@type\":\"SearchAction\",\"target\":{\"@type\":\"EntryPoint\",\"urlTemplate\":\"https:\/\/cungtenhanoi.com\/?s={search_term_string}\"},\"query-input\":\"required name=search_term_string\"}],\"inLanguage\":\"vi\"},{\"@type\":\"Organization\",\"@id\":\"https:\/\/cungtenhanoi.com\/#organization\",\"name\":\"Cung T\u00ean H\u00e0 N\u1ed9i\",\"url\":\"https:\/\/cungtenhanoi.com\/\",\"sameAs\":[],\"logo\":{\"@type\":\"ImageObject\",\"inLanguage\":\"vi\",\"@id\":\"https:\/\/cungtenhanoi.com\/#\/schema\/logo\/image\/\",\"url\":\"https:\/\/cungtenhanoi.com\/wp-content\/uploads\/2025\/05\/logo-den-trang.jpg\",\"contentUrl\":\"https:\/\/cungtenhanoi.com\/wp-content\/uploads\/2025\/05\/logo-den-trang.jpg\",\"width\":450,\"height\":450,\"caption\":\"Cung T\u00ean H\u00e0 N\u1ed9i\"},\"image\":{\"@id\":\"https:\/\/cungtenhanoi.com\/#\/schema\/logo\/image\/\"}}]}<\/script>\n<!-- \/ Yoast SEO plugin. -->","yoast_head_json":{"title":"Cung t\u00ean classic Bear claw Leopard - Cung T\u00ean H\u00e0 N\u1ed9i","description":"Mua cung t\u00ean th\u1ec3 thao, Mua cung t\u00ean t\u1ea1i h\u00e0 n\u1ed9i, Cung tr\u1ee3 l\u1ef1c, Cung compound, Cung t\u00ean ch\u00ednh h\u00e3ng, , Cung t\u00ean h\u00e0 n\u1ed9i, Cung t\u00ean , Mua cung t\u00ean S\u00e0i g\u00f2n , Mua m\u0169i t\u00ean b\u1eafn cung , Cung b\u1eafn bi s\u1eaft , cung t\u00ean mini, Cung truy\u1ec1n th\u1ed1ng, Cung c\u1ed5 \u0111i\u1ec3n, Cung trang tr\u00ed, Cung tr\u01b0ng b\u00e0y, cung t\u00ean m\u1ea1nh, mua ph\u1ee5 ki\u1ec7n b\u1eafn cung, m\u0169i t\u00ean, m\u0169i t\u00ean cacbon, eston x10, ch\u1ed1ng rung, th\u0103ng b\u1eb1ng, stabilizer,cung t\u00ean c\u1ed5 \u0111i\u1ec3n","robots":{"index":"index","follow":"follow","max-snippet":"max-snippet:-1","max-image-preview":"max-image-preview:large","max-video-preview":"max-video-preview:-1"},"canonical":"https:\/\/cungtenhanoi.com\/?product=bear-claw-leopard","og_locale":"vi_VN","og_type":"article","og_title":"Cung t\u00ean th\u1ec3 thao leopard","og_description":"Mua cung t\u00ean th\u1ec3 thao, Mua cung t\u00ean t\u1ea1i h\u00e0 n\u1ed9i, Cung tr\u1ee3 l\u1ef1c, Cung compound, Cung t\u00ean ch\u00ednh h\u00e3ng, , Cung t\u00ean h\u00e0 n\u1ed9i, Cung t\u00ean , Mua cung t\u00ean S\u00e0i g\u00f2n , Mua m\u0169i t\u00ean b\u1eafn cung , Cung b\u1eafn bi s\u1eaft , cung t\u00ean mini, Cung truy\u1ec1n th\u1ed1ng, Cung c\u1ed5 \u0111i\u1ec3n, Cung trang tr\u00ed, Cung tr\u01b0ng b\u00e0y, cung t\u00ean m\u1ea1nh, mua ph\u1ee5 ki\u1ec7n b\u1eafn cung, m\u0169i t\u00ean, m\u0169i t\u00ean cacbon, eston x10, ch\u1ed1ng rung, th\u0103ng b\u1eb1ng, stabilizer","og_url":"https:\/\/cungtenhanoi.com\/?product=bear-claw-leopard","og_site_name":"Cung T\u00ean H\u00e0 N\u1ed9i","article_modified_time":"2025-05-11T14:08:10+00:00","og_image":[{"width":850,"height":638,"url":"https:\/\/cungtenhanoi.com\/wp-content\/uploads\/2022\/03\/TB2YbWqgwnH8KJjSspcXXb3QFXa_2370498282.jpg","type":"image\/jpeg"}],"twitter_card":"summary_large_image","twitter_misc":{"\u01af\u1edbc t\u00ednh th\u1eddi gian \u0111\u1ecdc":"4 ph\u00fat"},"schema":{"@context":"https:\/\/schema.org","@graph":[{"@type":"WebPage","@id":"https:\/\/cungtenhanoi.com\/?product=bear-claw-leopard","url":"https:\/\/cungtenhanoi.com\/?product=bear-claw-leopard","name":"Cung t\u00ean classic Bear claw Leopard - Cung T\u00ean H\u00e0 N\u1ed9i","isPartOf":{"@id":"https:\/\/cungtenhanoi.com\/#website"},"datePublished":"2022-02-27T04:55:48+00:00","dateModified":"2025-05-11T14:08:10+00:00","description":"Mua cung t\u00ean th\u1ec3 thao, Mua cung t\u00ean t\u1ea1i h\u00e0 n\u1ed9i, Cung tr\u1ee3 l\u1ef1c, Cung compound, Cung t\u00ean ch\u00ednh h\u00e3ng, , Cung t\u00ean h\u00e0 n\u1ed9i, Cung t\u00ean , Mua cung t\u00ean S\u00e0i g\u00f2n , Mua m\u0169i t\u00ean b\u1eafn cung , Cung b\u1eafn bi s\u1eaft , cung t\u00ean mini, Cung truy\u1ec1n th\u1ed1ng, Cung c\u1ed5 \u0111i\u1ec3n, Cung trang tr\u00ed, Cung tr\u01b0ng b\u00e0y, cung t\u00ean m\u1ea1nh, mua ph\u1ee5 ki\u1ec7n b\u1eafn cung, m\u0169i t\u00ean, m\u0169i t\u00ean cacbon, eston x10, ch\u1ed1ng rung, th\u0103ng b\u1eb1ng, stabilizer,cung t\u00ean c\u1ed5 \u0111i\u1ec3n","breadcrumb":{"@id":"https:\/\/cungtenhanoi.com\/?product=bear-claw-leopard#breadcrumb"},"inLanguage":"vi","potentialAction":[{"@type":"ReadAction","target":["https:\/\/cungtenhanoi.com\/?product=bear-claw-leopard"]}]},{"@type":"BreadcrumbList","@id":"https:\/\/cungtenhanoi.com\/?product=bear-claw-leopard#breadcrumb","itemListElement":[{"@type":"ListItem","position":1,"name":"Trang ch\u1ee7","item":"https:\/\/cungtenhanoi.com\/"},{"@type":"ListItem","position":2,"name":"Shop","item":"https:\/\/cungtenhanoi.com\/?page_id=6"},{"@type":"ListItem","position":3,"name":"Cung","item":"https:\/\/cungtenhanoi.com\/danh-muc\/cung\/"},{"@type":"ListItem","position":4,"name":"Cung t\u00ean classic Bear claw Leopard"}]},{"@type":"WebSite","@id":"https:\/\/cungtenhanoi.com\/#website","url":"https:\/\/cungtenhanoi.com\/","name":"Cung T\u00ean H\u00e0 N\u1ed9i","description":"Cung c\u1ea5p c\u00e1c lo\u1ea1i cung t\u00ean th\u1ec3 thao s\u1ed1 1 Vi\u1ec7t Nam","publisher":{"@id":"https:\/\/cungtenhanoi.com\/#organization"},"potentialAction":[{"@type":"SearchAction","target":{"@type":"EntryPoint","urlTemplate":"https:\/\/cungtenhanoi.com\/?s={search_term_string}"},"query-input":"required name=search_term_string"}],"inLanguage":"vi"},{"@type":"Organization","@id":"https:\/\/cungtenhanoi.com\/#organization","name":"Cung T\u00ean H\u00e0 N\u1ed9i","url":"https:\/\/cungtenhanoi.com\/","sameAs":[],"logo":{"@type":"ImageObject","inLanguage":"vi","@id":"https:\/\/cungtenhanoi.com\/#\/schema\/logo\/image\/","url":"https:\/\/cungtenhanoi.com\/wp-content\/uploads\/2025\/05\/logo-den-trang.jpg","contentUrl":"https:\/\/cungtenhanoi.com\/wp-content\/uploads\/2025\/05\/logo-den-trang.jpg","width":450,"height":450,"caption":"Cung T\u00ean H\u00e0 N\u1ed9i"},"image":{"@id":"https:\/\/cungtenhanoi.com\/#\/schema\/logo\/image\/"}}]}},"_links":{"self":[{"href":"https:\/\/cungtenhanoi.com\/index.php?rest_route=\/wp\/v2\/product\/2021"}],"collection":[{"href":"https:\/\/cungtenhanoi.com\/index.php?rest_route=\/wp\/v2\/product"}],"about":[{"href":"https:\/\/cungtenhanoi.com\/index.php?rest_route=\/wp\/v2\/types\/product"}],"replies":[{"embeddable":true,"href":"https:\/\/cungtenhanoi.com\/index.php?rest_route=%2Fwp%2Fv2%2Fcomments&post=2021"}],"wp:featuredmedia":[{"embeddable":true,"href":"https:\/\/cungtenhanoi.com\/index.php?rest_route=\/wp\/v2\/media\/2026"}],"wp:attachment":[{"href":"https:\/\/cungtenhanoi.com\/index.php?rest_route=%2Fwp%2Fv2%2Fmedia&parent=2021"}],"wp:term":[{"taxonomy":"product_cat","embeddable":true,"href":"https:\/\/cungtenhanoi.com\/index.php?rest_route=%2Fwp%2Fv2%2Fproduct_cat&post=2021"},{"taxonomy":"product_tag","embeddable":true,"href":"https:\/\/cungtenhanoi.com\/index.php?rest_route=%2Fwp%2Fv2%2Fproduct_tag&post=2021"}],"curies":[{"name":"wp","href":"https:\/\/api.w.org\/{rel}","templated":true}]}}