{"id":2033,"date":"2022-03-02T13:20:58","date_gmt":"2022-03-02T06:20:58","guid":{"rendered":"https:\/\/cungtenhanoi.com\/?post_type=product&#038;p=2033"},"modified":"2022-03-02T13:20:59","modified_gmt":"2022-03-02T06:20:59","slug":"caosu-quan-riser","status":"publish","type":"product","link":"https:\/\/cungtenhanoi.com\/?product=caosu-quan-riser","title":{"rendered":"Caosu qu\u1ea5n riser"},"content":{"rendered":"<p style=\"text-align: left;\">D\u00e2y caosu qu\u1ea5n riser, ch\u1ed1ng tr\u01a1n, m\u1ed3 h\u00f4i, t\u0103ng \u0111\u1ed9 th\u1ea9m m\u1ef9 v\u00e0 b\u1ea3o v\u1ec7 th\u00e2n cung<\/p>\n<p><em><img loading=\"lazy\" class=\"aligncenter size-full wp-image-2034\" src=\"https:\/\/cungtenhanoi.com\/wp-content\/uploads\/2022\/03\/DAAE151D-70CC-4ED5-BEA8-C4BA6D7A4917.jpeg\" alt=\"\" width=\"800\" height=\"800\" srcset=\"https:\/\/cungtenhanoi.com\/wp-content\/uploads\/2022\/03\/DAAE151D-70CC-4ED5-BEA8-C4BA6D7A4917.jpeg 800w, https:\/\/cungtenhanoi.com\/wp-content\/uploads\/2022\/03\/DAAE151D-70CC-4ED5-BEA8-C4BA6D7A4917-300x300.jpeg 300w, https:\/\/cungtenhanoi.com\/wp-content\/uploads\/2022\/03\/DAAE151D-70CC-4ED5-BEA8-C4BA6D7A4917-100x100.jpeg 100w, https:\/\/cungtenhanoi.com\/wp-content\/uploads\/2022\/03\/DAAE151D-70CC-4ED5-BEA8-C4BA6D7A4917-600x600.jpeg 600w, https:\/\/cungtenhanoi.com\/wp-content\/uploads\/2022\/03\/DAAE151D-70CC-4ED5-BEA8-C4BA6D7A4917-64x64.jpeg 64w\" sizes=\"(max-width: 800px) 100vw, 800px\" \/> <img loading=\"lazy\" class=\"aligncenter size-full wp-image-2035\" src=\"https:\/\/cungtenhanoi.com\/wp-content\/uploads\/2022\/03\/1AF89F7B-2565-49E1-BED3-99D57E172136.jpeg\" alt=\"\" width=\"800\" height=\"800\" srcset=\"https:\/\/cungtenhanoi.com\/wp-content\/uploads\/2022\/03\/1AF89F7B-2565-49E1-BED3-99D57E172136.jpeg 800w, https:\/\/cungtenhanoi.com\/wp-content\/uploads\/2022\/03\/1AF89F7B-2565-49E1-BED3-99D57E172136-300x300.jpeg 300w, https:\/\/cungtenhanoi.com\/wp-content\/uploads\/2022\/03\/1AF89F7B-2565-49E1-BED3-99D57E172136-100x100.jpeg 100w, https:\/\/cungtenhanoi.com\/wp-content\/uploads\/2022\/03\/1AF89F7B-2565-49E1-BED3-99D57E172136-600x600.jpeg 600w, https:\/\/cungtenhanoi.com\/wp-content\/uploads\/2022\/03\/1AF89F7B-2565-49E1-BED3-99D57E172136-64x64.jpeg 64w, https:\/\/cungtenhanoi.com\/wp-content\/uploads\/2022\/03\/1AF89F7B-2565-49E1-BED3-99D57E172136-150x150.jpeg 150w, https:\/\/cungtenhanoi.com\/wp-content\/uploads\/2022\/03\/1AF89F7B-2565-49E1-BED3-99D57E172136-768x768.jpeg 768w, https:\/\/cungtenhanoi.com\/wp-content\/uploads\/2022\/03\/1AF89F7B-2565-49E1-BED3-99D57E172136-180x180.jpeg 180w, https:\/\/cungtenhanoi.com\/wp-content\/uploads\/2022\/03\/1AF89F7B-2565-49E1-BED3-99D57E172136-45x45.jpeg 45w\" sizes=\"(max-width: 800px) 100vw, 800px\" \/> <img loading=\"lazy\" class=\"aligncenter size-full wp-image-2036\" src=\"https:\/\/cungtenhanoi.com\/wp-content\/uploads\/2022\/03\/ECE6906D-5259-47F6-A483-FA81F8F87310.jpeg\" alt=\"\" width=\"992\" height=\"992\" srcset=\"https:\/\/cungtenhanoi.com\/wp-content\/uploads\/2022\/03\/ECE6906D-5259-47F6-A483-FA81F8F87310.jpeg 992w, https:\/\/cungtenhanoi.com\/wp-content\/uploads\/2022\/03\/ECE6906D-5259-47F6-A483-FA81F8F87310-300x300.jpeg 300w, https:\/\/cungtenhanoi.com\/wp-content\/uploads\/2022\/03\/ECE6906D-5259-47F6-A483-FA81F8F87310-100x100.jpeg 100w, https:\/\/cungtenhanoi.com\/wp-content\/uploads\/2022\/03\/ECE6906D-5259-47F6-A483-FA81F8F87310-600x600.jpeg 600w, https:\/\/cungtenhanoi.com\/wp-content\/uploads\/2022\/03\/ECE6906D-5259-47F6-A483-FA81F8F87310-64x64.jpeg 64w\" sizes=\"(max-width: 992px) 100vw, 992px\" \/> <img loading=\"lazy\" class=\"aligncenter size-full wp-image-2037\" src=\"https:\/\/cungtenhanoi.com\/wp-content\/uploads\/2022\/03\/5700929C-03AB-4F6B-AF97-B183F237B3B1.jpeg\" alt=\"\" width=\"800\" height=\"800\" srcset=\"https:\/\/cungtenhanoi.com\/wp-content\/uploads\/2022\/03\/5700929C-03AB-4F6B-AF97-B183F237B3B1.jpeg 800w, https:\/\/cungtenhanoi.com\/wp-content\/uploads\/2022\/03\/5700929C-03AB-4F6B-AF97-B183F237B3B1-300x300.jpeg 300w, https:\/\/cungtenhanoi.com\/wp-content\/uploads\/2022\/03\/5700929C-03AB-4F6B-AF97-B183F237B3B1-100x100.jpeg 100w, https:\/\/cungtenhanoi.com\/wp-content\/uploads\/2022\/03\/5700929C-03AB-4F6B-AF97-B183F237B3B1-600x600.jpeg 600w, https:\/\/cungtenhanoi.com\/wp-content\/uploads\/2022\/03\/5700929C-03AB-4F6B-AF97-B183F237B3B1-64x64.jpeg 64w, https:\/\/cungtenhanoi.com\/wp-content\/uploads\/2022\/03\/5700929C-03AB-4F6B-AF97-B183F237B3B1-150x150.jpeg 150w, https:\/\/cungtenhanoi.com\/wp-content\/uploads\/2022\/03\/5700929C-03AB-4F6B-AF97-B183F237B3B1-768x768.jpeg 768w, https:\/\/cungtenhanoi.com\/wp-content\/uploads\/2022\/03\/5700929C-03AB-4F6B-AF97-B183F237B3B1-180x180.jpeg 180w, https:\/\/cungtenhanoi.com\/wp-content\/uploads\/2022\/03\/5700929C-03AB-4F6B-AF97-B183F237B3B1-45x45.jpeg 45w\" sizes=\"(max-width: 800px) 100vw, 800px\" \/> <img loading=\"lazy\" class=\"aligncenter size-full wp-image-2038\" src=\"https:\/\/cungtenhanoi.com\/wp-content\/uploads\/2022\/03\/A94FA20E-3565-49B6-B145-DA7C93F28781.jpeg\" alt=\"\" width=\"800\" height=\"800\" srcset=\"https:\/\/cungtenhanoi.com\/wp-content\/uploads\/2022\/03\/A94FA20E-3565-49B6-B145-DA7C93F28781.jpeg 800w, https:\/\/cungtenhanoi.com\/wp-content\/uploads\/2022\/03\/A94FA20E-3565-49B6-B145-DA7C93F28781-300x300.jpeg 300w, https:\/\/cungtenhanoi.com\/wp-content\/uploads\/2022\/03\/A94FA20E-3565-49B6-B145-DA7C93F28781-100x100.jpeg 100w, https:\/\/cungtenhanoi.com\/wp-content\/uploads\/2022\/03\/A94FA20E-3565-49B6-B145-DA7C93F28781-600x600.jpeg 600w, https:\/\/cungtenhanoi.com\/wp-content\/uploads\/2022\/03\/A94FA20E-3565-49B6-B145-DA7C93F28781-64x64.jpeg 64w, https:\/\/cungtenhanoi.com\/wp-content\/uploads\/2022\/03\/A94FA20E-3565-49B6-B145-DA7C93F28781-150x150.jpeg 150w, https:\/\/cungtenhanoi.com\/wp-content\/uploads\/2022\/03\/A94FA20E-3565-49B6-B145-DA7C93F28781-768x768.jpeg 768w, https:\/\/cungtenhanoi.com\/wp-content\/uploads\/2022\/03\/A94FA20E-3565-49B6-B145-DA7C93F28781-180x180.jpeg 180w, https:\/\/cungtenhanoi.com\/wp-content\/uploads\/2022\/03\/A94FA20E-3565-49B6-B145-DA7C93F28781-45x45.jpeg 45w\" sizes=\"(max-width: 800px) 100vw, 800px\" \/><\/em><\/p>\n","protected":false},"excerpt":{"rendered":"<p>D\u00e2y caosu qu\u1ea5n riser, ch\u1ed1ng tr\u01a1n, m\u1ed3 h\u00f4i, t\u0103ng \u0111\u1ed9 th\u1ea9m m\u1ef9 v\u00e0 b\u1ea3o v\u1ec7 th\u00e2n cung<\/p>\n","protected":false},"featured_media":2034,"comment_status":"open","ping_status":"closed","template":"","meta":[],"product_cat":[20],"product_tag":[198,260,86,257,118,449],"acf":[],"yoast_head":"<!-- This site is optimized with the Yoast SEO plugin v19.8 - https:\/\/yoast.com\/wordpress\/plugins\/seo\/ -->\n<title>Caosu qu\u1ea5n riser - Cung T\u00ean H\u00e0 N\u1ed9i<\/title>\n<meta name=\"description\" content=\"mua cung t\u00ean th\u1ec3 thao, mua cung t\u00ean t\u1ea1i h\u00e0 n\u1ed9i, cung tr\u1ee3 l\u1ef1c, cung compound, cung t\u00ean ch\u00ednh h\u00e3ng, cung t\u00ean m\u1ea1nh,cung t\u00ean h\u00e0 n\u1ed9i, cung t\u00ean , mua cung t\u00ean S\u00e0i g\u00f2n , mua m\u0169i t\u00ean b\u1eafn cung , cung b\u1eafn bi s\u1eaft , cung t\u00ean mini\" \/>\n<meta name=\"robots\" content=\"index, follow, max-snippet:-1, max-image-preview:large, max-video-preview:-1\" \/>\n<link rel=\"canonical\" href=\"https:\/\/cungtenhanoi.com\/?product=caosu-quan-riser\" \/>\n<meta property=\"og:locale\" content=\"vi_VN\" \/>\n<meta property=\"og:type\" content=\"article\" \/>\n<meta property=\"og:title\" content=\"Caosu qu\u1ea5n riser - Cung T\u00ean H\u00e0 N\u1ed9i\" \/>\n<meta property=\"og:description\" content=\"mua cung t\u00ean th\u1ec3 thao, mua cung t\u00ean t\u1ea1i h\u00e0 n\u1ed9i, cung tr\u1ee3 l\u1ef1c, cung compound, cung t\u00ean ch\u00ednh h\u00e3ng, cung t\u00ean m\u1ea1nh,cung t\u00ean h\u00e0 n\u1ed9i, cung t\u00ean , mua cung t\u00ean S\u00e0i g\u00f2n , mua m\u0169i t\u00ean b\u1eafn cung , cung b\u1eafn bi s\u1eaft , cung t\u00ean mini\" \/>\n<meta property=\"og:url\" content=\"https:\/\/cungtenhanoi.com\/?product=caosu-quan-riser\" \/>\n<meta property=\"og:site_name\" content=\"Cung T\u00ean H\u00e0 N\u1ed9i\" \/>\n<meta property=\"article:modified_time\" content=\"2022-03-02T06:20:59+00:00\" \/>\n<meta property=\"og:image\" content=\"https:\/\/cungtenhanoi.com\/wp-content\/uploads\/2022\/03\/DAAE151D-70CC-4ED5-BEA8-C4BA6D7A4917.jpeg\" \/>\n\t<meta property=\"og:image:width\" content=\"800\" \/>\n\t<meta property=\"og:image:height\" content=\"800\" \/>\n\t<meta property=\"og:image:type\" content=\"image\/jpeg\" \/>\n<meta name=\"twitter:card\" content=\"summary_large_image\" \/>\n<script type=\"application\/ld+json\" class=\"yoast-schema-graph\">{\"@context\":\"https:\/\/schema.org\",\"@graph\":[{\"@type\":\"WebPage\",\"@id\":\"https:\/\/cungtenhanoi.com\/?product=caosu-quan-riser\",\"url\":\"https:\/\/cungtenhanoi.com\/?product=caosu-quan-riser\",\"name\":\"Caosu qu\u1ea5n riser - Cung T\u00ean H\u00e0 N\u1ed9i\",\"isPartOf\":{\"@id\":\"https:\/\/cungtenhanoi.com\/#website\"},\"datePublished\":\"2022-03-02T06:20:58+00:00\",\"dateModified\":\"2022-03-02T06:20:59+00:00\",\"description\":\"mua cung t\u00ean th\u1ec3 thao, mua cung t\u00ean t\u1ea1i h\u00e0 n\u1ed9i, cung tr\u1ee3 l\u1ef1c, cung compound, cung t\u00ean ch\u00ednh h\u00e3ng, cung t\u00ean m\u1ea1nh,cung t\u00ean h\u00e0 n\u1ed9i, cung t\u00ean , mua cung t\u00ean S\u00e0i g\u00f2n , mua m\u0169i t\u00ean b\u1eafn cung , cung b\u1eafn bi s\u1eaft , cung t\u00ean mini\",\"breadcrumb\":{\"@id\":\"https:\/\/cungtenhanoi.com\/?product=caosu-quan-riser#breadcrumb\"},\"inLanguage\":\"vi\",\"potentialAction\":[{\"@type\":\"ReadAction\",\"target\":[\"https:\/\/cungtenhanoi.com\/?product=caosu-quan-riser\"]}]},{\"@type\":\"BreadcrumbList\",\"@id\":\"https:\/\/cungtenhanoi.com\/?product=caosu-quan-riser#breadcrumb\",\"itemListElement\":[{\"@type\":\"ListItem\",\"position\":1,\"name\":\"Trang ch\u1ee7\",\"item\":\"https:\/\/cungtenhanoi.com\/\"},{\"@type\":\"ListItem\",\"position\":2,\"name\":\"Shop\",\"item\":\"https:\/\/cungtenhanoi.com\/?page_id=6\"},{\"@type\":\"ListItem\",\"position\":3,\"name\":\"Ph\u1ee5 ki\u1ec7n\",\"item\":\"https:\/\/cungtenhanoi.com\/danh-muc\/phu-kien\/\"},{\"@type\":\"ListItem\",\"position\":4,\"name\":\"Caosu qu\u1ea5n riser\"}]},{\"@type\":\"WebSite\",\"@id\":\"https:\/\/cungtenhanoi.com\/#website\",\"url\":\"https:\/\/cungtenhanoi.com\/\",\"name\":\"Cung T\u00ean H\u00e0 N\u1ed9i\",\"description\":\"Cung c\u1ea5p c\u00e1c lo\u1ea1i cung t\u00ean th\u1ec3 thao s\u1ed1 1 Vi\u1ec7t Nam\",\"publisher\":{\"@id\":\"https:\/\/cungtenhanoi.com\/#organization\"},\"potentialAction\":[{\"@type\":\"SearchAction\",\"target\":{\"@type\":\"EntryPoint\",\"urlTemplate\":\"https:\/\/cungtenhanoi.com\/?s={search_term_string}\"},\"query-input\":\"required name=search_term_string\"}],\"inLanguage\":\"vi\"},{\"@type\":\"Organization\",\"@id\":\"https:\/\/cungtenhanoi.com\/#organization\",\"name\":\"Cung T\u00ean H\u00e0 N\u1ed9i\",\"url\":\"https:\/\/cungtenhanoi.com\/\",\"sameAs\":[],\"logo\":{\"@type\":\"ImageObject\",\"inLanguage\":\"vi\",\"@id\":\"https:\/\/cungtenhanoi.com\/#\/schema\/logo\/image\/\",\"url\":\"https:\/\/cungtenhanoi.com\/wp-content\/uploads\/2025\/05\/logo-den-trang.jpg\",\"contentUrl\":\"https:\/\/cungtenhanoi.com\/wp-content\/uploads\/2025\/05\/logo-den-trang.jpg\",\"width\":450,\"height\":450,\"caption\":\"Cung T\u00ean H\u00e0 N\u1ed9i\"},\"image\":{\"@id\":\"https:\/\/cungtenhanoi.com\/#\/schema\/logo\/image\/\"}}]}<\/script>\n<!-- \/ Yoast SEO plugin. -->","yoast_head_json":{"title":"Caosu qu\u1ea5n riser - Cung T\u00ean H\u00e0 N\u1ed9i","description":"mua cung t\u00ean th\u1ec3 thao, mua cung t\u00ean t\u1ea1i h\u00e0 n\u1ed9i, cung tr\u1ee3 l\u1ef1c, cung compound, cung t\u00ean ch\u00ednh h\u00e3ng, cung t\u00ean m\u1ea1nh,cung t\u00ean h\u00e0 n\u1ed9i, cung t\u00ean , mua cung t\u00ean S\u00e0i g\u00f2n , mua m\u0169i t\u00ean b\u1eafn cung , cung b\u1eafn bi s\u1eaft , cung t\u00ean mini","robots":{"index":"index","follow":"follow","max-snippet":"max-snippet:-1","max-image-preview":"max-image-preview:large","max-video-preview":"max-video-preview:-1"},"canonical":"https:\/\/cungtenhanoi.com\/?product=caosu-quan-riser","og_locale":"vi_VN","og_type":"article","og_title":"Caosu qu\u1ea5n riser - Cung T\u00ean H\u00e0 N\u1ed9i","og_description":"mua cung t\u00ean th\u1ec3 thao, mua cung t\u00ean t\u1ea1i h\u00e0 n\u1ed9i, cung tr\u1ee3 l\u1ef1c, cung compound, cung t\u00ean ch\u00ednh h\u00e3ng, cung t\u00ean m\u1ea1nh,cung t\u00ean h\u00e0 n\u1ed9i, cung t\u00ean , mua cung t\u00ean S\u00e0i g\u00f2n , mua m\u0169i t\u00ean b\u1eafn cung , cung b\u1eafn bi s\u1eaft , cung t\u00ean mini","og_url":"https:\/\/cungtenhanoi.com\/?product=caosu-quan-riser","og_site_name":"Cung T\u00ean H\u00e0 N\u1ed9i","article_modified_time":"2022-03-02T06:20:59+00:00","og_image":[{"width":800,"height":800,"url":"https:\/\/cungtenhanoi.com\/wp-content\/uploads\/2022\/03\/DAAE151D-70CC-4ED5-BEA8-C4BA6D7A4917.jpeg","type":"image\/jpeg"}],"twitter_card":"summary_large_image","schema":{"@context":"https:\/\/schema.org","@graph":[{"@type":"WebPage","@id":"https:\/\/cungtenhanoi.com\/?product=caosu-quan-riser","url":"https:\/\/cungtenhanoi.com\/?product=caosu-quan-riser","name":"Caosu qu\u1ea5n riser - Cung T\u00ean H\u00e0 N\u1ed9i","isPartOf":{"@id":"https:\/\/cungtenhanoi.com\/#website"},"datePublished":"2022-03-02T06:20:58+00:00","dateModified":"2022-03-02T06:20:59+00:00","description":"mua cung t\u00ean th\u1ec3 thao, mua cung t\u00ean t\u1ea1i h\u00e0 n\u1ed9i, cung tr\u1ee3 l\u1ef1c, cung compound, cung t\u00ean ch\u00ednh h\u00e3ng, cung t\u00ean m\u1ea1nh,cung t\u00ean h\u00e0 n\u1ed9i, cung t\u00ean , mua cung t\u00ean S\u00e0i g\u00f2n , mua m\u0169i t\u00ean b\u1eafn cung , cung b\u1eafn bi s\u1eaft , cung t\u00ean mini","breadcrumb":{"@id":"https:\/\/cungtenhanoi.com\/?product=caosu-quan-riser#breadcrumb"},"inLanguage":"vi","potentialAction":[{"@type":"ReadAction","target":["https:\/\/cungtenhanoi.com\/?product=caosu-quan-riser"]}]},{"@type":"BreadcrumbList","@id":"https:\/\/cungtenhanoi.com\/?product=caosu-quan-riser#breadcrumb","itemListElement":[{"@type":"ListItem","position":1,"name":"Trang ch\u1ee7","item":"https:\/\/cungtenhanoi.com\/"},{"@type":"ListItem","position":2,"name":"Shop","item":"https:\/\/cungtenhanoi.com\/?page_id=6"},{"@type":"ListItem","position":3,"name":"Ph\u1ee5 ki\u1ec7n","item":"https:\/\/cungtenhanoi.com\/danh-muc\/phu-kien\/"},{"@type":"ListItem","position":4,"name":"Caosu qu\u1ea5n riser"}]},{"@type":"WebSite","@id":"https:\/\/cungtenhanoi.com\/#website","url":"https:\/\/cungtenhanoi.com\/","name":"Cung T\u00ean H\u00e0 N\u1ed9i","description":"Cung c\u1ea5p c\u00e1c lo\u1ea1i cung t\u00ean th\u1ec3 thao s\u1ed1 1 Vi\u1ec7t Nam","publisher":{"@id":"https:\/\/cungtenhanoi.com\/#organization"},"potentialAction":[{"@type":"SearchAction","target":{"@type":"EntryPoint","urlTemplate":"https:\/\/cungtenhanoi.com\/?s={search_term_string}"},"query-input":"required name=search_term_string"}],"inLanguage":"vi"},{"@type":"Organization","@id":"https:\/\/cungtenhanoi.com\/#organization","name":"Cung T\u00ean H\u00e0 N\u1ed9i","url":"https:\/\/cungtenhanoi.com\/","sameAs":[],"logo":{"@type":"ImageObject","inLanguage":"vi","@id":"https:\/\/cungtenhanoi.com\/#\/schema\/logo\/image\/","url":"https:\/\/cungtenhanoi.com\/wp-content\/uploads\/2025\/05\/logo-den-trang.jpg","contentUrl":"https:\/\/cungtenhanoi.com\/wp-content\/uploads\/2025\/05\/logo-den-trang.jpg","width":450,"height":450,"caption":"Cung T\u00ean H\u00e0 N\u1ed9i"},"image":{"@id":"https:\/\/cungtenhanoi.com\/#\/schema\/logo\/image\/"}}]}},"_links":{"self":[{"href":"https:\/\/cungtenhanoi.com\/index.php?rest_route=\/wp\/v2\/product\/2033"}],"collection":[{"href":"https:\/\/cungtenhanoi.com\/index.php?rest_route=\/wp\/v2\/product"}],"about":[{"href":"https:\/\/cungtenhanoi.com\/index.php?rest_route=\/wp\/v2\/types\/product"}],"replies":[{"embeddable":true,"href":"https:\/\/cungtenhanoi.com\/index.php?rest_route=%2Fwp%2Fv2%2Fcomments&post=2033"}],"wp:featuredmedia":[{"embeddable":true,"href":"https:\/\/cungtenhanoi.com\/index.php?rest_route=\/wp\/v2\/media\/2034"}],"wp:attachment":[{"href":"https:\/\/cungtenhanoi.com\/index.php?rest_route=%2Fwp%2Fv2%2Fmedia&parent=2033"}],"wp:term":[{"taxonomy":"product_cat","embeddable":true,"href":"https:\/\/cungtenhanoi.com\/index.php?rest_route=%2Fwp%2Fv2%2Fproduct_cat&post=2033"},{"taxonomy":"product_tag","embeddable":true,"href":"https:\/\/cungtenhanoi.com\/index.php?rest_route=%2Fwp%2Fv2%2Fproduct_tag&post=2033"}],"curies":[{"name":"wp","href":"https:\/\/api.w.org\/{rel}","templated":true}]}}