{"id":2047,"date":"2022-03-03T09:12:38","date_gmt":"2022-03-03T02:12:38","guid":{"rendered":"https:\/\/cungtenhanoi.com\/?post_type=product&#038;p=2047"},"modified":"2025-05-11T15:25:24","modified_gmt":"2025-05-11T08:25:24","slug":"american-bow-ab-2280","status":"publish","type":"product","link":"https:\/\/cungtenhanoi.com\/?product=american-bow-ab-2280","title":{"rendered":"Cung t\u00ean c\u1ed5 \u0111i\u1ec3n American Bow &#8211; AB 2280"},"content":{"rendered":"<p style=\"text-align: center;\">V\u1ec1 ch\u1ea5t li\u1ec7u: \u0110\u01b0\u1ee3c ch\u1ebf t\u00e1c v\u1edbi nguy\u00ean li\u1ec7u ch\u00ednh l\u00e0 g\u1ed7 \u0111\u00e0n h\u01b0\u01a1ng v\u00e0ng, \u0111\u00e0n h\u01b0\u01a1ng v\u00e0ng l\u00e0 1 lo\u1ea1i g\u1ed7 qu\u00fd hi\u1ebfm n\u00f3 \u0111\u1eaft h\u01a1n g\u1ed7 mun v\u00e0 c\u00e1c lo\u1ea1i g\u1ed7 kh\u00e1c c\u00f3 th\u1ec3 ch\u1ebf t\u00e1c cung t\u00ean c\u1ed9ng th\u00eam vi\u1ec7c ch\u1ebf t\u00e1c lo\u1ea1i g\u1ed7 n\u00e0y ph\u1ee9c t\u1ea1p h\u01a1n v\u00e0 c\u1ea7n nhi\u1ec1u c\u00f4ng c\u1ee5 c\u0169ng nh\u01b0 k\u1ef9 thu\u1eadt cao h\u01a1n.<\/p>\n<p>V\u1ec1 ch\u1ea5t l\u01b0\u1ee3ng: Ch\u1ea5t l\u01b0\u1ee3ng r\u1ea5t \u1ed5n \u0111\u1ecbnh, hi\u1ec7u n\u0103ng s\u1eed d\u1ee5ng v\u1eabn \u0111\u01b0\u1ee3c khai th\u00e1c \u1edf m\u1ee9c t\u1ed1i \u0111a, \u0111\u1ed9 \u1ed5n \u0111\u1ecbnh cao, v\u00ec \u0111\u00e2y thu\u1ed9c d\u00f2ng cung classic n\u00ean \u0111\u1ed9 ch\u00ednh x\u00e1c s\u1ebd ph\u1ee5 thu\u1ed9c v\u00e0o ng\u01b0\u1eddi s\u1eed d\u1ee5ng.<\/p>\n<p style=\"text-align: center;\">L\u1ef1c b\u1eafn :25-55lbs<\/p>\n<p><img loading=\"lazy\" class=\"aligncenter  wp-image-2513\" src=\"https:\/\/cungtenhanoi.com\/wp-content\/uploads\/2022\/03\/0889E932-209B-4374-95CE-AFF7B213A95A.jpeg\" alt=\"\" width=\"628\" height=\"935\" \/> <img loading=\"lazy\" class=\"aligncenter  wp-image-2514\" src=\"https:\/\/cungtenhanoi.com\/wp-content\/uploads\/2022\/03\/F7D69990-520B-4035-9EDA-696CE5B6225C.jpeg\" alt=\"\" width=\"630\" height=\"996\" \/> <img loading=\"lazy\" class=\"aligncenter wp-image-2048\" src=\"https:\/\/cungtenhanoi.com\/wp-content\/uploads\/2022\/03\/50E4EDA8-37DB-40E3-828C-595E1D176AA1.jpeg\" alt=\"\" width=\"630\" height=\"630\" srcset=\"https:\/\/cungtenhanoi.com\/wp-content\/uploads\/2022\/03\/50E4EDA8-37DB-40E3-828C-595E1D176AA1.jpeg 648w, https:\/\/cungtenhanoi.com\/wp-content\/uploads\/2022\/03\/50E4EDA8-37DB-40E3-828C-595E1D176AA1-300x300.jpeg 300w, https:\/\/cungtenhanoi.com\/wp-content\/uploads\/2022\/03\/50E4EDA8-37DB-40E3-828C-595E1D176AA1-100x100.jpeg 100w, https:\/\/cungtenhanoi.com\/wp-content\/uploads\/2022\/03\/50E4EDA8-37DB-40E3-828C-595E1D176AA1-600x600.jpeg 600w, https:\/\/cungtenhanoi.com\/wp-content\/uploads\/2022\/03\/50E4EDA8-37DB-40E3-828C-595E1D176AA1-64x64.jpeg 64w\" sizes=\"(max-width: 630px) 100vw, 630px\" \/> <img loading=\"lazy\" class=\"aligncenter wp-image-2049\" src=\"https:\/\/cungtenhanoi.com\/wp-content\/uploads\/2022\/03\/453F0C1A-712B-4F4D-B580-3ECBA139FB00.jpeg\" alt=\"\" width=\"631\" height=\"631\" srcset=\"https:\/\/cungtenhanoi.com\/wp-content\/uploads\/2022\/03\/453F0C1A-712B-4F4D-B580-3ECBA139FB00.jpeg 1200w, https:\/\/cungtenhanoi.com\/wp-content\/uploads\/2022\/03\/453F0C1A-712B-4F4D-B580-3ECBA139FB00-300x300.jpeg 300w, https:\/\/cungtenhanoi.com\/wp-content\/uploads\/2022\/03\/453F0C1A-712B-4F4D-B580-3ECBA139FB00-100x100.jpeg 100w, https:\/\/cungtenhanoi.com\/wp-content\/uploads\/2022\/03\/453F0C1A-712B-4F4D-B580-3ECBA139FB00-600x600.jpeg 600w, https:\/\/cungtenhanoi.com\/wp-content\/uploads\/2022\/03\/453F0C1A-712B-4F4D-B580-3ECBA139FB00-64x64.jpeg 64w\" sizes=\"(max-width: 631px) 100vw, 631px\" \/> <img loading=\"lazy\" class=\"aligncenter wp-image-2050\" src=\"https:\/\/cungtenhanoi.com\/wp-content\/uploads\/2022\/03\/08D52FBC-2519-4671-AD98-B669921CB93A.jpeg\" alt=\"\" width=\"632\" height=\"632\" srcset=\"https:\/\/cungtenhanoi.com\/wp-content\/uploads\/2022\/03\/08D52FBC-2519-4671-AD98-B669921CB93A.jpeg 1080w, https:\/\/cungtenhanoi.com\/wp-content\/uploads\/2022\/03\/08D52FBC-2519-4671-AD98-B669921CB93A-300x300.jpeg 300w, https:\/\/cungtenhanoi.com\/wp-content\/uploads\/2022\/03\/08D52FBC-2519-4671-AD98-B669921CB93A-100x100.jpeg 100w, https:\/\/cungtenhanoi.com\/wp-content\/uploads\/2022\/03\/08D52FBC-2519-4671-AD98-B669921CB93A-600x600.jpeg 600w, https:\/\/cungtenhanoi.com\/wp-content\/uploads\/2022\/03\/08D52FBC-2519-4671-AD98-B669921CB93A-64x64.jpeg 64w, https:\/\/cungtenhanoi.com\/wp-content\/uploads\/2022\/03\/08D52FBC-2519-4671-AD98-B669921CB93A-150x150.jpeg 150w, https:\/\/cungtenhanoi.com\/wp-content\/uploads\/2022\/03\/08D52FBC-2519-4671-AD98-B669921CB93A-768x768.jpeg 768w, https:\/\/cungtenhanoi.com\/wp-content\/uploads\/2022\/03\/08D52FBC-2519-4671-AD98-B669921CB93A-1024x1024.jpeg 1024w, https:\/\/cungtenhanoi.com\/wp-content\/uploads\/2022\/03\/08D52FBC-2519-4671-AD98-B669921CB93A-180x180.jpeg 180w, https:\/\/cungtenhanoi.com\/wp-content\/uploads\/2022\/03\/08D52FBC-2519-4671-AD98-B669921CB93A-45x45.jpeg 45w\" sizes=\"(max-width: 632px) 100vw, 632px\" \/> <img loading=\"lazy\" class=\"aligncenter wp-image-2051\" src=\"https:\/\/cungtenhanoi.com\/wp-content\/uploads\/2022\/03\/B7260ED5-3E14-4AC9-93C9-0FE7BA577778.jpeg\" alt=\"\" width=\"634\" height=\"634\" srcset=\"https:\/\/cungtenhanoi.com\/wp-content\/uploads\/2022\/03\/B7260ED5-3E14-4AC9-93C9-0FE7BA577778.jpeg 1200w, https:\/\/cungtenhanoi.com\/wp-content\/uploads\/2022\/03\/B7260ED5-3E14-4AC9-93C9-0FE7BA577778-300x300.jpeg 300w, https:\/\/cungtenhanoi.com\/wp-content\/uploads\/2022\/03\/B7260ED5-3E14-4AC9-93C9-0FE7BA577778-100x100.jpeg 100w, https:\/\/cungtenhanoi.com\/wp-content\/uploads\/2022\/03\/B7260ED5-3E14-4AC9-93C9-0FE7BA577778-600x600.jpeg 600w, https:\/\/cungtenhanoi.com\/wp-content\/uploads\/2022\/03\/B7260ED5-3E14-4AC9-93C9-0FE7BA577778-64x64.jpeg 64w, https:\/\/cungtenhanoi.com\/wp-content\/uploads\/2022\/03\/B7260ED5-3E14-4AC9-93C9-0FE7BA577778-150x150.jpeg 150w, https:\/\/cungtenhanoi.com\/wp-content\/uploads\/2022\/03\/B7260ED5-3E14-4AC9-93C9-0FE7BA577778-768x768.jpeg 768w, https:\/\/cungtenhanoi.com\/wp-content\/uploads\/2022\/03\/B7260ED5-3E14-4AC9-93C9-0FE7BA577778-1024x1024.jpeg 1024w, https:\/\/cungtenhanoi.com\/wp-content\/uploads\/2022\/03\/B7260ED5-3E14-4AC9-93C9-0FE7BA577778-180x180.jpeg 180w, https:\/\/cungtenhanoi.com\/wp-content\/uploads\/2022\/03\/B7260ED5-3E14-4AC9-93C9-0FE7BA577778-45x45.jpeg 45w\" sizes=\"(max-width: 634px) 100vw, 634px\" \/> <img loading=\"lazy\" class=\"aligncenter wp-image-2052\" src=\"https:\/\/cungtenhanoi.com\/wp-content\/uploads\/2022\/03\/67E191E7-ECB2-4B3B-BDF5-8AEF6AAC458C.jpeg\" alt=\"\" width=\"637\" height=\"637\" srcset=\"https:\/\/cungtenhanoi.com\/wp-content\/uploads\/2022\/03\/67E191E7-ECB2-4B3B-BDF5-8AEF6AAC458C.jpeg 620w, https:\/\/cungtenhanoi.com\/wp-content\/uploads\/2022\/03\/67E191E7-ECB2-4B3B-BDF5-8AEF6AAC458C-300x300.jpeg 300w, https:\/\/cungtenhanoi.com\/wp-content\/uploads\/2022\/03\/67E191E7-ECB2-4B3B-BDF5-8AEF6AAC458C-100x100.jpeg 100w, https:\/\/cungtenhanoi.com\/wp-content\/uploads\/2022\/03\/67E191E7-ECB2-4B3B-BDF5-8AEF6AAC458C-600x600.jpeg 600w, https:\/\/cungtenhanoi.com\/wp-content\/uploads\/2022\/03\/67E191E7-ECB2-4B3B-BDF5-8AEF6AAC458C-64x64.jpeg 64w, https:\/\/cungtenhanoi.com\/wp-content\/uploads\/2022\/03\/67E191E7-ECB2-4B3B-BDF5-8AEF6AAC458C-150x150.jpeg 150w, https:\/\/cungtenhanoi.com\/wp-content\/uploads\/2022\/03\/67E191E7-ECB2-4B3B-BDF5-8AEF6AAC458C-180x180.jpeg 180w, https:\/\/cungtenhanoi.com\/wp-content\/uploads\/2022\/03\/67E191E7-ECB2-4B3B-BDF5-8AEF6AAC458C-45x45.jpeg 45w\" sizes=\"(max-width: 637px) 100vw, 637px\" \/> <img loading=\"lazy\" class=\"aligncenter wp-image-2053\" src=\"https:\/\/cungtenhanoi.com\/wp-content\/uploads\/2022\/03\/F03723FC-2829-4A4E-99BE-AA421A952002.jpeg\" alt=\"\" width=\"638\" height=\"638\" srcset=\"https:\/\/cungtenhanoi.com\/wp-content\/uploads\/2022\/03\/F03723FC-2829-4A4E-99BE-AA421A952002.jpeg 620w, https:\/\/cungtenhanoi.com\/wp-content\/uploads\/2022\/03\/F03723FC-2829-4A4E-99BE-AA421A952002-300x300.jpeg 300w, https:\/\/cungtenhanoi.com\/wp-content\/uploads\/2022\/03\/F03723FC-2829-4A4E-99BE-AA421A952002-100x100.jpeg 100w, https:\/\/cungtenhanoi.com\/wp-content\/uploads\/2022\/03\/F03723FC-2829-4A4E-99BE-AA421A952002-600x600.jpeg 600w, https:\/\/cungtenhanoi.com\/wp-content\/uploads\/2022\/03\/F03723FC-2829-4A4E-99BE-AA421A952002-64x64.jpeg 64w, https:\/\/cungtenhanoi.com\/wp-content\/uploads\/2022\/03\/F03723FC-2829-4A4E-99BE-AA421A952002-150x150.jpeg 150w, https:\/\/cungtenhanoi.com\/wp-content\/uploads\/2022\/03\/F03723FC-2829-4A4E-99BE-AA421A952002-180x180.jpeg 180w, https:\/\/cungtenhanoi.com\/wp-content\/uploads\/2022\/03\/F03723FC-2829-4A4E-99BE-AA421A952002-45x45.jpeg 45w\" sizes=\"(max-width: 638px) 100vw, 638px\" \/> <img loading=\"lazy\" class=\"aligncenter wp-image-2054\" src=\"https:\/\/cungtenhanoi.com\/wp-content\/uploads\/2022\/03\/74055E9B-63ED-407E-9F9C-E2033F1B4305.jpeg\" alt=\"\" width=\"639\" height=\"639\" srcset=\"https:\/\/cungtenhanoi.com\/wp-content\/uploads\/2022\/03\/74055E9B-63ED-407E-9F9C-E2033F1B4305.jpeg 620w, https:\/\/cungtenhanoi.com\/wp-content\/uploads\/2022\/03\/74055E9B-63ED-407E-9F9C-E2033F1B4305-300x300.jpeg 300w, https:\/\/cungtenhanoi.com\/wp-content\/uploads\/2022\/03\/74055E9B-63ED-407E-9F9C-E2033F1B4305-100x100.jpeg 100w, https:\/\/cungtenhanoi.com\/wp-content\/uploads\/2022\/03\/74055E9B-63ED-407E-9F9C-E2033F1B4305-600x600.jpeg 600w, https:\/\/cungtenhanoi.com\/wp-content\/uploads\/2022\/03\/74055E9B-63ED-407E-9F9C-E2033F1B4305-64x64.jpeg 64w, https:\/\/cungtenhanoi.com\/wp-content\/uploads\/2022\/03\/74055E9B-63ED-407E-9F9C-E2033F1B4305-150x150.jpeg 150w, https:\/\/cungtenhanoi.com\/wp-content\/uploads\/2022\/03\/74055E9B-63ED-407E-9F9C-E2033F1B4305-180x180.jpeg 180w, https:\/\/cungtenhanoi.com\/wp-content\/uploads\/2022\/03\/74055E9B-63ED-407E-9F9C-E2033F1B4305-45x45.jpeg 45w\" sizes=\"(max-width: 639px) 100vw, 639px\" \/> <img loading=\"lazy\" class=\"aligncenter wp-image-2055\" src=\"https:\/\/cungtenhanoi.com\/wp-content\/uploads\/2022\/03\/F5D6DCE8-62D1-4A30-AA51-606B38A99BDA.jpeg\" alt=\"\" width=\"636\" height=\"636\" srcset=\"https:\/\/cungtenhanoi.com\/wp-content\/uploads\/2022\/03\/F5D6DCE8-62D1-4A30-AA51-606B38A99BDA.jpeg 620w, https:\/\/cungtenhanoi.com\/wp-content\/uploads\/2022\/03\/F5D6DCE8-62D1-4A30-AA51-606B38A99BDA-300x300.jpeg 300w, https:\/\/cungtenhanoi.com\/wp-content\/uploads\/2022\/03\/F5D6DCE8-62D1-4A30-AA51-606B38A99BDA-100x100.jpeg 100w, https:\/\/cungtenhanoi.com\/wp-content\/uploads\/2022\/03\/F5D6DCE8-62D1-4A30-AA51-606B38A99BDA-600x600.jpeg 600w, https:\/\/cungtenhanoi.com\/wp-content\/uploads\/2022\/03\/F5D6DCE8-62D1-4A30-AA51-606B38A99BDA-64x64.jpeg 64w, https:\/\/cungtenhanoi.com\/wp-content\/uploads\/2022\/03\/F5D6DCE8-62D1-4A30-AA51-606B38A99BDA-150x150.jpeg 150w, https:\/\/cungtenhanoi.com\/wp-content\/uploads\/2022\/03\/F5D6DCE8-62D1-4A30-AA51-606B38A99BDA-180x180.jpeg 180w, https:\/\/cungtenhanoi.com\/wp-content\/uploads\/2022\/03\/F5D6DCE8-62D1-4A30-AA51-606B38A99BDA-45x45.jpeg 45w\" sizes=\"(max-width: 636px) 100vw, 636px\" \/><\/p>\n","protected":false},"excerpt":{"rendered":"<p>Option ti\u00eau chu\u1ea9n: cung + 6 t\u00ean cacbon vand l\u00f4ng v\u0169 + tab + guarm + nockingpoint + bia m\u1ee5c ti\u00eau + d\u00e2y l\u00ean cung<\/p>\n","protected":false},"featured_media":2048,"comment_status":"open","ping_status":"closed","template":"","meta":[],"product_cat":[17],"product_tag":[452,451,198,453,454,86,267],"acf":[],"yoast_head":"<!-- This site is optimized with the Yoast SEO plugin v19.8 - https:\/\/yoast.com\/wordpress\/plugins\/seo\/ -->\n<title>Cung t\u00ean c\u1ed5 \u0111i\u1ec3n American Bow - AB 2280 - Cung T\u00ean H\u00e0 N\u1ed9i<\/title>\n<meta name=\"description\" content=\"Mua cung t\u00ean th\u1ec3 thao, Mua cung t\u00ean t\u1ea1i h\u00e0 n\u1ed9i, Cung tr\u1ee3 l\u1ef1c, Cung compound, Cung t\u00ean ch\u00ednh h\u00e3ng, , Cung t\u00ean h\u00e0 n\u1ed9i, Cung t\u00ean , Mua cung t\u00ean S\u00e0i g\u00f2n , Mua m\u0169i t\u00ean b\u1eafn cung , Cung b\u1eafn bi s\u1eaft , cung t\u00ean mini, Cung truy\u1ec1n th\u1ed1ng, Cung c\u1ed5 \u0111i\u1ec3n, Cung trang tr\u00ed, Cung tr\u01b0ng b\u00e0y, cung t\u00ean m\u1ea1nh, mua ph\u1ee5 ki\u1ec7n b\u1eafn cung, m\u0169i t\u00ean, m\u0169i t\u00ean cacbon, eston x10, ch\u1ed1ng rung, th\u0103ng b\u1eb1ng, stabilizer, cung t\u00ean c\u1ed5 \u0111i\u1ec3n, classic, traditional bow, ab2280\" \/>\n<meta name=\"robots\" content=\"index, follow, max-snippet:-1, max-image-preview:large, max-video-preview:-1\" \/>\n<link rel=\"canonical\" href=\"https:\/\/cungtenhanoi.com\/?product=american-bow-ab-2280\" \/>\n<meta property=\"og:locale\" content=\"vi_VN\" \/>\n<meta property=\"og:type\" content=\"article\" \/>\n<meta property=\"og:title\" content=\"Cung t\u00ean truy\u1ec1n th\u1ed1ng AB2280\" \/>\n<meta property=\"og:description\" content=\"\u0110\u01b0\u1ee3c ch\u1ebf t\u00e1c v\u1edbi nguy\u00ean li\u1ec7u ch\u00ednh l\u00e0 g\u1ed7 \u0111\u00e0n h\u01b0\u01a1ng v\u00e0ng, \u0111\u00e0n h\u01b0\u01a1ng v\u00e0ng l\u00e0 1 lo\u1ea1i g\u1ed7 qu\u00fd hi\u1ebfm n\u00f3 \u0111\u1eaft h\u01a1n g\u1ed7 mun v\u00e0 c\u00e1c lo\u1ea1i g\u1ed7 kh\u00e1c c\u00f3 th\u1ec3 ch\u1ebf t\u00e1c cung t\u00ean c\u1ed9ng th\u00eam vi\u1ec7c ch\u1ebf t\u00e1c lo\u1ea1i g\u1ed7 n\u00e0y ph\u1ee9c t\u1ea1p h\u01a1n v\u00e0 c\u1ea7n nhi\u1ec1u c\u00f4ng c\u1ee5 c\u0169ng nh\u01b0 k\u1ef9 thu\u1eadt cao h\u01a1n.\" \/>\n<meta property=\"og:url\" content=\"https:\/\/cungtenhanoi.com\/?product=american-bow-ab-2280\" \/>\n<meta property=\"og:site_name\" content=\"Cung T\u00ean H\u00e0 N\u1ed9i\" \/>\n<meta property=\"article:modified_time\" content=\"2025-05-11T08:25:24+00:00\" \/>\n<meta property=\"og:image\" content=\"https:\/\/cungtenhanoi.com\/wp-content\/uploads\/2022\/03\/TB2YbWqgwnH8KJjSspcXXb3QFXa_2370498282.jpg\" \/>\n\t<meta property=\"og:image:width\" content=\"850\" \/>\n\t<meta property=\"og:image:height\" content=\"638\" \/>\n\t<meta property=\"og:image:type\" content=\"image\/jpeg\" \/>\n<meta name=\"twitter:card\" content=\"summary_large_image\" \/>\n<meta name=\"twitter:label1\" content=\"\u01af\u1edbc t\u00ednh th\u1eddi gian \u0111\u1ecdc\" \/>\n\t<meta name=\"twitter:data1\" content=\"3 ph\u00fat\" \/>\n<script type=\"application\/ld+json\" class=\"yoast-schema-graph\">{\"@context\":\"https:\/\/schema.org\",\"@graph\":[{\"@type\":\"WebPage\",\"@id\":\"https:\/\/cungtenhanoi.com\/?product=american-bow-ab-2280\",\"url\":\"https:\/\/cungtenhanoi.com\/?product=american-bow-ab-2280\",\"name\":\"Cung t\u00ean c\u1ed5 \u0111i\u1ec3n American Bow - AB 2280 - Cung T\u00ean H\u00e0 N\u1ed9i\",\"isPartOf\":{\"@id\":\"https:\/\/cungtenhanoi.com\/#website\"},\"datePublished\":\"2022-03-03T02:12:38+00:00\",\"dateModified\":\"2025-05-11T08:25:24+00:00\",\"description\":\"Mua cung t\u00ean th\u1ec3 thao, Mua cung t\u00ean t\u1ea1i h\u00e0 n\u1ed9i, Cung tr\u1ee3 l\u1ef1c, Cung compound, Cung t\u00ean ch\u00ednh h\u00e3ng, , Cung t\u00ean h\u00e0 n\u1ed9i, Cung t\u00ean , Mua cung t\u00ean S\u00e0i g\u00f2n , Mua m\u0169i t\u00ean b\u1eafn cung , Cung b\u1eafn bi s\u1eaft , cung t\u00ean mini, Cung truy\u1ec1n th\u1ed1ng, Cung c\u1ed5 \u0111i\u1ec3n, Cung trang tr\u00ed, Cung tr\u01b0ng b\u00e0y, cung t\u00ean m\u1ea1nh, mua ph\u1ee5 ki\u1ec7n b\u1eafn cung, m\u0169i t\u00ean, m\u0169i t\u00ean cacbon, eston x10, ch\u1ed1ng rung, th\u0103ng b\u1eb1ng, stabilizer, cung t\u00ean c\u1ed5 \u0111i\u1ec3n, classic, traditional bow, ab2280\",\"breadcrumb\":{\"@id\":\"https:\/\/cungtenhanoi.com\/?product=american-bow-ab-2280#breadcrumb\"},\"inLanguage\":\"vi\",\"potentialAction\":[{\"@type\":\"ReadAction\",\"target\":[\"https:\/\/cungtenhanoi.com\/?product=american-bow-ab-2280\"]}]},{\"@type\":\"BreadcrumbList\",\"@id\":\"https:\/\/cungtenhanoi.com\/?product=american-bow-ab-2280#breadcrumb\",\"itemListElement\":[{\"@type\":\"ListItem\",\"position\":1,\"name\":\"Trang ch\u1ee7\",\"item\":\"https:\/\/cungtenhanoi.com\/\"},{\"@type\":\"ListItem\",\"position\":2,\"name\":\"Shop\",\"item\":\"https:\/\/cungtenhanoi.com\/?page_id=6\"},{\"@type\":\"ListItem\",\"position\":3,\"name\":\"Cung\",\"item\":\"https:\/\/cungtenhanoi.com\/danh-muc\/cung\/\"},{\"@type\":\"ListItem\",\"position\":4,\"name\":\"Cung t\u00ean c\u1ed5 \u0111i\u1ec3n American Bow &#8211; AB 2280\"}]},{\"@type\":\"WebSite\",\"@id\":\"https:\/\/cungtenhanoi.com\/#website\",\"url\":\"https:\/\/cungtenhanoi.com\/\",\"name\":\"Cung T\u00ean H\u00e0 N\u1ed9i\",\"description\":\"Cung c\u1ea5p c\u00e1c lo\u1ea1i cung t\u00ean th\u1ec3 thao s\u1ed1 1 Vi\u1ec7t Nam\",\"publisher\":{\"@id\":\"https:\/\/cungtenhanoi.com\/#organization\"},\"potentialAction\":[{\"@type\":\"SearchAction\",\"target\":{\"@type\":\"EntryPoint\",\"urlTemplate\":\"https:\/\/cungtenhanoi.com\/?s={search_term_string}\"},\"query-input\":\"required name=search_term_string\"}],\"inLanguage\":\"vi\"},{\"@type\":\"Organization\",\"@id\":\"https:\/\/cungtenhanoi.com\/#organization\",\"name\":\"Cung T\u00ean H\u00e0 N\u1ed9i\",\"url\":\"https:\/\/cungtenhanoi.com\/\",\"sameAs\":[],\"logo\":{\"@type\":\"ImageObject\",\"inLanguage\":\"vi\",\"@id\":\"https:\/\/cungtenhanoi.com\/#\/schema\/logo\/image\/\",\"url\":\"https:\/\/cungtenhanoi.com\/wp-content\/uploads\/2025\/05\/logo-den-trang.jpg\",\"contentUrl\":\"https:\/\/cungtenhanoi.com\/wp-content\/uploads\/2025\/05\/logo-den-trang.jpg\",\"width\":450,\"height\":450,\"caption\":\"Cung T\u00ean H\u00e0 N\u1ed9i\"},\"image\":{\"@id\":\"https:\/\/cungtenhanoi.com\/#\/schema\/logo\/image\/\"}}]}<\/script>\n<!-- \/ Yoast SEO plugin. -->","yoast_head_json":{"title":"Cung t\u00ean c\u1ed5 \u0111i\u1ec3n American Bow - AB 2280 - Cung T\u00ean H\u00e0 N\u1ed9i","description":"Mua cung t\u00ean th\u1ec3 thao, Mua cung t\u00ean t\u1ea1i h\u00e0 n\u1ed9i, Cung tr\u1ee3 l\u1ef1c, Cung compound, Cung t\u00ean ch\u00ednh h\u00e3ng, , Cung t\u00ean h\u00e0 n\u1ed9i, Cung t\u00ean , Mua cung t\u00ean S\u00e0i g\u00f2n , Mua m\u0169i t\u00ean b\u1eafn cung , Cung b\u1eafn bi s\u1eaft , cung t\u00ean mini, Cung truy\u1ec1n th\u1ed1ng, Cung c\u1ed5 \u0111i\u1ec3n, Cung trang tr\u00ed, Cung tr\u01b0ng b\u00e0y, cung t\u00ean m\u1ea1nh, mua ph\u1ee5 ki\u1ec7n b\u1eafn cung, m\u0169i t\u00ean, m\u0169i t\u00ean cacbon, eston x10, ch\u1ed1ng rung, th\u0103ng b\u1eb1ng, stabilizer, cung t\u00ean c\u1ed5 \u0111i\u1ec3n, classic, traditional bow, ab2280","robots":{"index":"index","follow":"follow","max-snippet":"max-snippet:-1","max-image-preview":"max-image-preview:large","max-video-preview":"max-video-preview:-1"},"canonical":"https:\/\/cungtenhanoi.com\/?product=american-bow-ab-2280","og_locale":"vi_VN","og_type":"article","og_title":"Cung t\u00ean truy\u1ec1n th\u1ed1ng AB2280","og_description":"\u0110\u01b0\u1ee3c ch\u1ebf t\u00e1c v\u1edbi nguy\u00ean li\u1ec7u ch\u00ednh l\u00e0 g\u1ed7 \u0111\u00e0n h\u01b0\u01a1ng v\u00e0ng, \u0111\u00e0n h\u01b0\u01a1ng v\u00e0ng l\u00e0 1 lo\u1ea1i g\u1ed7 qu\u00fd hi\u1ebfm n\u00f3 \u0111\u1eaft h\u01a1n g\u1ed7 mun v\u00e0 c\u00e1c lo\u1ea1i g\u1ed7 kh\u00e1c c\u00f3 th\u1ec3 ch\u1ebf t\u00e1c cung t\u00ean c\u1ed9ng th\u00eam vi\u1ec7c ch\u1ebf t\u00e1c lo\u1ea1i g\u1ed7 n\u00e0y ph\u1ee9c t\u1ea1p h\u01a1n v\u00e0 c\u1ea7n nhi\u1ec1u c\u00f4ng c\u1ee5 c\u0169ng nh\u01b0 k\u1ef9 thu\u1eadt cao h\u01a1n.","og_url":"https:\/\/cungtenhanoi.com\/?product=american-bow-ab-2280","og_site_name":"Cung T\u00ean H\u00e0 N\u1ed9i","article_modified_time":"2025-05-11T08:25:24+00:00","og_image":[{"width":850,"height":638,"url":"https:\/\/cungtenhanoi.com\/wp-content\/uploads\/2022\/03\/TB2YbWqgwnH8KJjSspcXXb3QFXa_2370498282.jpg","type":"image\/jpeg"}],"twitter_card":"summary_large_image","twitter_misc":{"\u01af\u1edbc t\u00ednh th\u1eddi gian \u0111\u1ecdc":"3 ph\u00fat"},"schema":{"@context":"https:\/\/schema.org","@graph":[{"@type":"WebPage","@id":"https:\/\/cungtenhanoi.com\/?product=american-bow-ab-2280","url":"https:\/\/cungtenhanoi.com\/?product=american-bow-ab-2280","name":"Cung t\u00ean c\u1ed5 \u0111i\u1ec3n American Bow - AB 2280 - Cung T\u00ean H\u00e0 N\u1ed9i","isPartOf":{"@id":"https:\/\/cungtenhanoi.com\/#website"},"datePublished":"2022-03-03T02:12:38+00:00","dateModified":"2025-05-11T08:25:24+00:00","description":"Mua cung t\u00ean th\u1ec3 thao, Mua cung t\u00ean t\u1ea1i h\u00e0 n\u1ed9i, Cung tr\u1ee3 l\u1ef1c, Cung compound, Cung t\u00ean ch\u00ednh h\u00e3ng, , Cung t\u00ean h\u00e0 n\u1ed9i, Cung t\u00ean , Mua cung t\u00ean S\u00e0i g\u00f2n , Mua m\u0169i t\u00ean b\u1eafn cung , Cung b\u1eafn bi s\u1eaft , cung t\u00ean mini, Cung truy\u1ec1n th\u1ed1ng, Cung c\u1ed5 \u0111i\u1ec3n, Cung trang tr\u00ed, Cung tr\u01b0ng b\u00e0y, cung t\u00ean m\u1ea1nh, mua ph\u1ee5 ki\u1ec7n b\u1eafn cung, m\u0169i t\u00ean, m\u0169i t\u00ean cacbon, eston x10, ch\u1ed1ng rung, th\u0103ng b\u1eb1ng, stabilizer, cung t\u00ean c\u1ed5 \u0111i\u1ec3n, classic, traditional bow, ab2280","breadcrumb":{"@id":"https:\/\/cungtenhanoi.com\/?product=american-bow-ab-2280#breadcrumb"},"inLanguage":"vi","potentialAction":[{"@type":"ReadAction","target":["https:\/\/cungtenhanoi.com\/?product=american-bow-ab-2280"]}]},{"@type":"BreadcrumbList","@id":"https:\/\/cungtenhanoi.com\/?product=american-bow-ab-2280#breadcrumb","itemListElement":[{"@type":"ListItem","position":1,"name":"Trang ch\u1ee7","item":"https:\/\/cungtenhanoi.com\/"},{"@type":"ListItem","position":2,"name":"Shop","item":"https:\/\/cungtenhanoi.com\/?page_id=6"},{"@type":"ListItem","position":3,"name":"Cung","item":"https:\/\/cungtenhanoi.com\/danh-muc\/cung\/"},{"@type":"ListItem","position":4,"name":"Cung t\u00ean c\u1ed5 \u0111i\u1ec3n American Bow &#8211; AB 2280"}]},{"@type":"WebSite","@id":"https:\/\/cungtenhanoi.com\/#website","url":"https:\/\/cungtenhanoi.com\/","name":"Cung T\u00ean H\u00e0 N\u1ed9i","description":"Cung c\u1ea5p c\u00e1c lo\u1ea1i cung t\u00ean th\u1ec3 thao s\u1ed1 1 Vi\u1ec7t Nam","publisher":{"@id":"https:\/\/cungtenhanoi.com\/#organization"},"potentialAction":[{"@type":"SearchAction","target":{"@type":"EntryPoint","urlTemplate":"https:\/\/cungtenhanoi.com\/?s={search_term_string}"},"query-input":"required name=search_term_string"}],"inLanguage":"vi"},{"@type":"Organization","@id":"https:\/\/cungtenhanoi.com\/#organization","name":"Cung T\u00ean H\u00e0 N\u1ed9i","url":"https:\/\/cungtenhanoi.com\/","sameAs":[],"logo":{"@type":"ImageObject","inLanguage":"vi","@id":"https:\/\/cungtenhanoi.com\/#\/schema\/logo\/image\/","url":"https:\/\/cungtenhanoi.com\/wp-content\/uploads\/2025\/05\/logo-den-trang.jpg","contentUrl":"https:\/\/cungtenhanoi.com\/wp-content\/uploads\/2025\/05\/logo-den-trang.jpg","width":450,"height":450,"caption":"Cung T\u00ean H\u00e0 N\u1ed9i"},"image":{"@id":"https:\/\/cungtenhanoi.com\/#\/schema\/logo\/image\/"}}]}},"_links":{"self":[{"href":"https:\/\/cungtenhanoi.com\/index.php?rest_route=\/wp\/v2\/product\/2047"}],"collection":[{"href":"https:\/\/cungtenhanoi.com\/index.php?rest_route=\/wp\/v2\/product"}],"about":[{"href":"https:\/\/cungtenhanoi.com\/index.php?rest_route=\/wp\/v2\/types\/product"}],"replies":[{"embeddable":true,"href":"https:\/\/cungtenhanoi.com\/index.php?rest_route=%2Fwp%2Fv2%2Fcomments&post=2047"}],"wp:featuredmedia":[{"embeddable":true,"href":"https:\/\/cungtenhanoi.com\/index.php?rest_route=\/wp\/v2\/media\/2048"}],"wp:attachment":[{"href":"https:\/\/cungtenhanoi.com\/index.php?rest_route=%2Fwp%2Fv2%2Fmedia&parent=2047"}],"wp:term":[{"taxonomy":"product_cat","embeddable":true,"href":"https:\/\/cungtenhanoi.com\/index.php?rest_route=%2Fwp%2Fv2%2Fproduct_cat&post=2047"},{"taxonomy":"product_tag","embeddable":true,"href":"https:\/\/cungtenhanoi.com\/index.php?rest_route=%2Fwp%2Fv2%2Fproduct_tag&post=2047"}],"curies":[{"name":"wp","href":"https:\/\/api.w.org\/{rel}","templated":true}]}}