{"id":2060,"date":"2022-03-04T15:12:16","date_gmt":"2022-03-04T08:12:16","guid":{"rendered":"https:\/\/cungtenhanoi.com\/?post_type=product&#038;p=2060"},"modified":"2022-03-04T15:42:35","modified_gmt":"2022-03-04T08:42:35","slug":"riser-ww-meta-dx","status":"publish","type":"product","link":"https:\/\/cungtenhanoi.com\/?product=riser-ww-meta-dx","title":{"rendered":"Riser WW Meta &#8211; DX"},"content":{"rendered":"<p><img loading=\"lazy\" class=\"aligncenter size-full wp-image-2061\" src=\"https:\/\/cungtenhanoi.com\/wp-content\/uploads\/2022\/03\/O1CN01heGvHq2DXYMqdS4o1_602168619.jpg\" alt=\"\" width=\"800\" height=\"800\" srcset=\"https:\/\/cungtenhanoi.com\/wp-content\/uploads\/2022\/03\/O1CN01heGvHq2DXYMqdS4o1_602168619.jpg 800w, https:\/\/cungtenhanoi.com\/wp-content\/uploads\/2022\/03\/O1CN01heGvHq2DXYMqdS4o1_602168619-300x300.jpg 300w, https:\/\/cungtenhanoi.com\/wp-content\/uploads\/2022\/03\/O1CN01heGvHq2DXYMqdS4o1_602168619-100x100.jpg 100w, https:\/\/cungtenhanoi.com\/wp-content\/uploads\/2022\/03\/O1CN01heGvHq2DXYMqdS4o1_602168619-600x600.jpg 600w, https:\/\/cungtenhanoi.com\/wp-content\/uploads\/2022\/03\/O1CN01heGvHq2DXYMqdS4o1_602168619-64x64.jpg 64w, https:\/\/cungtenhanoi.com\/wp-content\/uploads\/2022\/03\/O1CN01heGvHq2DXYMqdS4o1_602168619-150x150.jpg 150w, https:\/\/cungtenhanoi.com\/wp-content\/uploads\/2022\/03\/O1CN01heGvHq2DXYMqdS4o1_602168619-768x768.jpg 768w, https:\/\/cungtenhanoi.com\/wp-content\/uploads\/2022\/03\/O1CN01heGvHq2DXYMqdS4o1_602168619-180x180.jpg 180w, https:\/\/cungtenhanoi.com\/wp-content\/uploads\/2022\/03\/O1CN01heGvHq2DXYMqdS4o1_602168619-45x45.jpg 45w\" sizes=\"(max-width: 800px) 100vw, 800px\" \/> <img loading=\"lazy\" class=\"aligncenter size-full wp-image-2062\" src=\"https:\/\/cungtenhanoi.com\/wp-content\/uploads\/2022\/03\/O1CN01l0esoB2DXYMo6gYPF_602168619.jpg\" alt=\"\" width=\"800\" height=\"800\" srcset=\"https:\/\/cungtenhanoi.com\/wp-content\/uploads\/2022\/03\/O1CN01l0esoB2DXYMo6gYPF_602168619.jpg 800w, https:\/\/cungtenhanoi.com\/wp-content\/uploads\/2022\/03\/O1CN01l0esoB2DXYMo6gYPF_602168619-300x300.jpg 300w, https:\/\/cungtenhanoi.com\/wp-content\/uploads\/2022\/03\/O1CN01l0esoB2DXYMo6gYPF_602168619-100x100.jpg 100w, https:\/\/cungtenhanoi.com\/wp-content\/uploads\/2022\/03\/O1CN01l0esoB2DXYMo6gYPF_602168619-600x600.jpg 600w, https:\/\/cungtenhanoi.com\/wp-content\/uploads\/2022\/03\/O1CN01l0esoB2DXYMo6gYPF_602168619-64x64.jpg 64w, https:\/\/cungtenhanoi.com\/wp-content\/uploads\/2022\/03\/O1CN01l0esoB2DXYMo6gYPF_602168619-150x150.jpg 150w, https:\/\/cungtenhanoi.com\/wp-content\/uploads\/2022\/03\/O1CN01l0esoB2DXYMo6gYPF_602168619-768x768.jpg 768w, https:\/\/cungtenhanoi.com\/wp-content\/uploads\/2022\/03\/O1CN01l0esoB2DXYMo6gYPF_602168619-180x180.jpg 180w, https:\/\/cungtenhanoi.com\/wp-content\/uploads\/2022\/03\/O1CN01l0esoB2DXYMo6gYPF_602168619-45x45.jpg 45w\" sizes=\"(max-width: 800px) 100vw, 800px\" \/> <img loading=\"lazy\" class=\"aligncenter size-full wp-image-2063\" src=\"https:\/\/cungtenhanoi.com\/wp-content\/uploads\/2022\/03\/O1CN01n86U1h2DXYMp6yzzp_602168619.jpg\" alt=\"\" width=\"800\" height=\"800\" srcset=\"https:\/\/cungtenhanoi.com\/wp-content\/uploads\/2022\/03\/O1CN01n86U1h2DXYMp6yzzp_602168619.jpg 800w, https:\/\/cungtenhanoi.com\/wp-content\/uploads\/2022\/03\/O1CN01n86U1h2DXYMp6yzzp_602168619-300x300.jpg 300w, https:\/\/cungtenhanoi.com\/wp-content\/uploads\/2022\/03\/O1CN01n86U1h2DXYMp6yzzp_602168619-100x100.jpg 100w, https:\/\/cungtenhanoi.com\/wp-content\/uploads\/2022\/03\/O1CN01n86U1h2DXYMp6yzzp_602168619-600x600.jpg 600w, https:\/\/cungtenhanoi.com\/wp-content\/uploads\/2022\/03\/O1CN01n86U1h2DXYMp6yzzp_602168619-64x64.jpg 64w, https:\/\/cungtenhanoi.com\/wp-content\/uploads\/2022\/03\/O1CN01n86U1h2DXYMp6yzzp_602168619-150x150.jpg 150w, https:\/\/cungtenhanoi.com\/wp-content\/uploads\/2022\/03\/O1CN01n86U1h2DXYMp6yzzp_602168619-768x768.jpg 768w, https:\/\/cungtenhanoi.com\/wp-content\/uploads\/2022\/03\/O1CN01n86U1h2DXYMp6yzzp_602168619-180x180.jpg 180w, https:\/\/cungtenhanoi.com\/wp-content\/uploads\/2022\/03\/O1CN01n86U1h2DXYMp6yzzp_602168619-45x45.jpg 45w\" sizes=\"(max-width: 800px) 100vw, 800px\" \/> <img loading=\"lazy\" class=\"aligncenter size-full wp-image-2065\" src=\"https:\/\/cungtenhanoi.com\/wp-content\/uploads\/2022\/03\/O1CN01ttJ1uW2DXYMp7MUuJ_602168619.jpg\" alt=\"\" width=\"800\" height=\"800\" srcset=\"https:\/\/cungtenhanoi.com\/wp-content\/uploads\/2022\/03\/O1CN01ttJ1uW2DXYMp7MUuJ_602168619.jpg 800w, https:\/\/cungtenhanoi.com\/wp-content\/uploads\/2022\/03\/O1CN01ttJ1uW2DXYMp7MUuJ_602168619-300x300.jpg 300w, https:\/\/cungtenhanoi.com\/wp-content\/uploads\/2022\/03\/O1CN01ttJ1uW2DXYMp7MUuJ_602168619-100x100.jpg 100w, https:\/\/cungtenhanoi.com\/wp-content\/uploads\/2022\/03\/O1CN01ttJ1uW2DXYMp7MUuJ_602168619-600x600.jpg 600w, https:\/\/cungtenhanoi.com\/wp-content\/uploads\/2022\/03\/O1CN01ttJ1uW2DXYMp7MUuJ_602168619-64x64.jpg 64w, https:\/\/cungtenhanoi.com\/wp-content\/uploads\/2022\/03\/O1CN01ttJ1uW2DXYMp7MUuJ_602168619-150x150.jpg 150w, https:\/\/cungtenhanoi.com\/wp-content\/uploads\/2022\/03\/O1CN01ttJ1uW2DXYMp7MUuJ_602168619-768x768.jpg 768w, https:\/\/cungtenhanoi.com\/wp-content\/uploads\/2022\/03\/O1CN01ttJ1uW2DXYMp7MUuJ_602168619-180x180.jpg 180w, https:\/\/cungtenhanoi.com\/wp-content\/uploads\/2022\/03\/O1CN01ttJ1uW2DXYMp7MUuJ_602168619-45x45.jpg 45w\" sizes=\"(max-width: 800px) 100vw, 800px\" \/> <img loading=\"lazy\" class=\"aligncenter size-full wp-image-2067\" src=\"https:\/\/cungtenhanoi.com\/wp-content\/uploads\/2022\/03\/O1CN015C1V6E2DXYMkhbcp3_602168619.jpg\" alt=\"\" width=\"800\" height=\"800\" srcset=\"https:\/\/cungtenhanoi.com\/wp-content\/uploads\/2022\/03\/O1CN015C1V6E2DXYMkhbcp3_602168619.jpg 800w, https:\/\/cungtenhanoi.com\/wp-content\/uploads\/2022\/03\/O1CN015C1V6E2DXYMkhbcp3_602168619-300x300.jpg 300w, https:\/\/cungtenhanoi.com\/wp-content\/uploads\/2022\/03\/O1CN015C1V6E2DXYMkhbcp3_602168619-100x100.jpg 100w, https:\/\/cungtenhanoi.com\/wp-content\/uploads\/2022\/03\/O1CN015C1V6E2DXYMkhbcp3_602168619-600x600.jpg 600w, https:\/\/cungtenhanoi.com\/wp-content\/uploads\/2022\/03\/O1CN015C1V6E2DXYMkhbcp3_602168619-64x64.jpg 64w, https:\/\/cungtenhanoi.com\/wp-content\/uploads\/2022\/03\/O1CN015C1V6E2DXYMkhbcp3_602168619-150x150.jpg 150w, https:\/\/cungtenhanoi.com\/wp-content\/uploads\/2022\/03\/O1CN015C1V6E2DXYMkhbcp3_602168619-768x768.jpg 768w, https:\/\/cungtenhanoi.com\/wp-content\/uploads\/2022\/03\/O1CN015C1V6E2DXYMkhbcp3_602168619-180x180.jpg 180w, https:\/\/cungtenhanoi.com\/wp-content\/uploads\/2022\/03\/O1CN015C1V6E2DXYMkhbcp3_602168619-45x45.jpg 45w\" sizes=\"(max-width: 800px) 100vw, 800px\" \/><img loading=\"lazy\" class=\"aligncenter size-full wp-image-2070\" src=\"https:\/\/cungtenhanoi.com\/wp-content\/uploads\/2022\/03\/O1CN0196qvKi2DXYMkEqSis_602168619.jpg\" alt=\"\" width=\"800\" height=\"800\" srcset=\"https:\/\/cungtenhanoi.com\/wp-content\/uploads\/2022\/03\/O1CN0196qvKi2DXYMkEqSis_602168619.jpg 800w, https:\/\/cungtenhanoi.com\/wp-content\/uploads\/2022\/03\/O1CN0196qvKi2DXYMkEqSis_602168619-300x300.jpg 300w, https:\/\/cungtenhanoi.com\/wp-content\/uploads\/2022\/03\/O1CN0196qvKi2DXYMkEqSis_602168619-100x100.jpg 100w, https:\/\/cungtenhanoi.com\/wp-content\/uploads\/2022\/03\/O1CN0196qvKi2DXYMkEqSis_602168619-600x600.jpg 600w, https:\/\/cungtenhanoi.com\/wp-content\/uploads\/2022\/03\/O1CN0196qvKi2DXYMkEqSis_602168619-64x64.jpg 64w, https:\/\/cungtenhanoi.com\/wp-content\/uploads\/2022\/03\/O1CN0196qvKi2DXYMkEqSis_602168619-150x150.jpg 150w, https:\/\/cungtenhanoi.com\/wp-content\/uploads\/2022\/03\/O1CN0196qvKi2DXYMkEqSis_602168619-768x768.jpg 768w, https:\/\/cungtenhanoi.com\/wp-content\/uploads\/2022\/03\/O1CN0196qvKi2DXYMkEqSis_602168619-180x180.jpg 180w, https:\/\/cungtenhanoi.com\/wp-content\/uploads\/2022\/03\/O1CN0196qvKi2DXYMkEqSis_602168619-45x45.jpg 45w\" sizes=\"(max-width: 800px) 100vw, 800px\" \/><img loading=\"lazy\" class=\"aligncenter size-full wp-image-2066\" src=\"https:\/\/cungtenhanoi.com\/wp-content\/uploads\/2022\/03\/O1CN01z4uhx92DXYNSC9880_602168619.jpg\" alt=\"\" width=\"750\" height=\"899\" srcset=\"https:\/\/cungtenhanoi.com\/wp-content\/uploads\/2022\/03\/O1CN01z4uhx92DXYNSC9880_602168619.jpg 750w, https:\/\/cungtenhanoi.com\/wp-content\/uploads\/2022\/03\/O1CN01z4uhx92DXYNSC9880_602168619-600x719.jpg 600w, https:\/\/cungtenhanoi.com\/wp-content\/uploads\/2022\/03\/O1CN01z4uhx92DXYNSC9880_602168619-64x77.jpg 64w, https:\/\/cungtenhanoi.com\/wp-content\/uploads\/2022\/03\/O1CN01z4uhx92DXYNSC9880_602168619-250x300.jpg 250w\" sizes=\"(max-width: 750px) 100vw, 750px\" \/><img loading=\"lazy\" class=\"aligncenter size-full wp-image-2068\" src=\"https:\/\/cungtenhanoi.com\/wp-content\/uploads\/2022\/03\/O1CN015NqcQl2DXYMlQDpqq_602168619.jpg\" alt=\"\" width=\"800\" height=\"800\" srcset=\"https:\/\/cungtenhanoi.com\/wp-content\/uploads\/2022\/03\/O1CN015NqcQl2DXYMlQDpqq_602168619.jpg 800w, https:\/\/cungtenhanoi.com\/wp-content\/uploads\/2022\/03\/O1CN015NqcQl2DXYMlQDpqq_602168619-300x300.jpg 300w, https:\/\/cungtenhanoi.com\/wp-content\/uploads\/2022\/03\/O1CN015NqcQl2DXYMlQDpqq_602168619-100x100.jpg 100w, https:\/\/cungtenhanoi.com\/wp-content\/uploads\/2022\/03\/O1CN015NqcQl2DXYMlQDpqq_602168619-600x600.jpg 600w, https:\/\/cungtenhanoi.com\/wp-content\/uploads\/2022\/03\/O1CN015NqcQl2DXYMlQDpqq_602168619-64x64.jpg 64w, https:\/\/cungtenhanoi.com\/wp-content\/uploads\/2022\/03\/O1CN015NqcQl2DXYMlQDpqq_602168619-150x150.jpg 150w, https:\/\/cungtenhanoi.com\/wp-content\/uploads\/2022\/03\/O1CN015NqcQl2DXYMlQDpqq_602168619-768x768.jpg 768w, https:\/\/cungtenhanoi.com\/wp-content\/uploads\/2022\/03\/O1CN015NqcQl2DXYMlQDpqq_602168619-180x180.jpg 180w, https:\/\/cungtenhanoi.com\/wp-content\/uploads\/2022\/03\/O1CN015NqcQl2DXYMlQDpqq_602168619-45x45.jpg 45w\" sizes=\"(max-width: 800px) 100vw, 800px\" \/><img loading=\"lazy\" class=\"aligncenter size-full wp-image-2069\" src=\"https:\/\/cungtenhanoi.com\/wp-content\/uploads\/2022\/03\/O1CN015PBOwD2DXYQSAND4T_602168619.jpg_400x400.jpg\" alt=\"\" width=\"400\" height=\"400\" srcset=\"https:\/\/cungtenhanoi.com\/wp-content\/uploads\/2022\/03\/O1CN015PBOwD2DXYQSAND4T_602168619.jpg_400x400.jpg 400w, https:\/\/cungtenhanoi.com\/wp-content\/uploads\/2022\/03\/O1CN015PBOwD2DXYQSAND4T_602168619.jpg_400x400-300x300.jpg 300w, https:\/\/cungtenhanoi.com\/wp-content\/uploads\/2022\/03\/O1CN015PBOwD2DXYQSAND4T_602168619.jpg_400x400-100x100.jpg 100w, https:\/\/cungtenhanoi.com\/wp-content\/uploads\/2022\/03\/O1CN015PBOwD2DXYQSAND4T_602168619.jpg_400x400-64x64.jpg 64w, https:\/\/cungtenhanoi.com\/wp-content\/uploads\/2022\/03\/O1CN015PBOwD2DXYQSAND4T_602168619.jpg_400x400-150x150.jpg 150w, https:\/\/cungtenhanoi.com\/wp-content\/uploads\/2022\/03\/O1CN015PBOwD2DXYQSAND4T_602168619.jpg_400x400-180x180.jpg 180w, https:\/\/cungtenhanoi.com\/wp-content\/uploads\/2022\/03\/O1CN015PBOwD2DXYQSAND4T_602168619.jpg_400x400-45x45.jpg 45w\" sizes=\"(max-width: 400px) 100vw, 400px\" \/><\/p>\n","protected":false},"excerpt":{"rendered":"<p>Gi\u00e1 b\u00e1n s\u1ebd ch\u00eanh l\u1ec7ch t\u00f9y th\u1eddi \u0111i\u1ec3m, qu\u00fd kh\u00e1ch vui l\u00f2ng li\u00ean h\u1ec7 hotline \u0111\u1ec3 nh\u1eadn gi\u00e1 \u01b0u \u0111\u00e3i nh\u1ea5t.<br \/>\nRiser Meta- DX : 28450k<br \/>\nLimd MXT-10: 26950k<\/p>\n<p>Option c\u01a1 b\u1ea3n: 57990k<\/p>\n","protected":false},"featured_media":2064,"comment_status":"open","ping_status":"closed","template":"","meta":[],"product_cat":[17],"product_tag":[198,86,257,461,462,118,456,460],"acf":[],"yoast_head":"<!-- This site is optimized with the Yoast SEO plugin v19.8 - https:\/\/yoast.com\/wordpress\/plugins\/seo\/ -->\n<title>Riser WW Meta - DX - Cung T\u00ean H\u00e0 N\u1ed9i<\/title>\n<meta name=\"description\" content=\"mua cung t\u00ean th\u1ec3 thao, mua cung t\u00ean t\u1ea1i h\u00e0 n\u1ed9i, cung tr\u1ee3 l\u1ef1c, cung compound, cung t\u00ean ch\u00ednh h\u00e3ng, cung t\u00ean m\u1ea1nh,cung t\u00ean h\u00e0 n\u1ed9i, cung t\u00ean , mua cung t\u00ean S\u00e0i g\u00f2n , mua m\u0169i t\u00ean b\u1eafn cung , cung b\u1eafn bi s\u1eaft , cung t\u00ean mini\" \/>\n<meta name=\"robots\" content=\"index, follow, max-snippet:-1, max-image-preview:large, max-video-preview:-1\" \/>\n<link rel=\"canonical\" href=\"https:\/\/cungtenhanoi.com\/?product=riser-ww-meta-dx\" \/>\n<meta property=\"og:locale\" content=\"vi_VN\" \/>\n<meta property=\"og:type\" content=\"article\" \/>\n<meta property=\"og:title\" content=\"Riser WW Meta - DX - Cung T\u00ean H\u00e0 N\u1ed9i\" \/>\n<meta property=\"og:description\" content=\"mua cung t\u00ean th\u1ec3 thao, mua cung t\u00ean t\u1ea1i h\u00e0 n\u1ed9i, cung tr\u1ee3 l\u1ef1c, cung compound, cung t\u00ean ch\u00ednh h\u00e3ng, cung t\u00ean m\u1ea1nh,cung t\u00ean h\u00e0 n\u1ed9i, cung t\u00ean , mua cung t\u00ean S\u00e0i g\u00f2n , mua m\u0169i t\u00ean b\u1eafn cung , cung b\u1eafn bi s\u1eaft , cung t\u00ean mini\" \/>\n<meta property=\"og:url\" content=\"https:\/\/cungtenhanoi.com\/?product=riser-ww-meta-dx\" \/>\n<meta property=\"og:site_name\" content=\"Cung T\u00ean H\u00e0 N\u1ed9i\" \/>\n<meta property=\"article:modified_time\" content=\"2022-03-04T08:42:35+00:00\" \/>\n<meta property=\"og:image\" content=\"https:\/\/cungtenhanoi.com\/wp-content\/uploads\/2022\/03\/O1CN01T8jev32DXYMrDtxUQ_602168619.jpg\" \/>\n\t<meta property=\"og:image:width\" content=\"800\" \/>\n\t<meta property=\"og:image:height\" content=\"800\" \/>\n\t<meta property=\"og:image:type\" content=\"image\/jpeg\" \/>\n<meta name=\"twitter:card\" content=\"summary_large_image\" \/>\n<script type=\"application\/ld+json\" class=\"yoast-schema-graph\">{\"@context\":\"https:\/\/schema.org\",\"@graph\":[{\"@type\":\"WebPage\",\"@id\":\"https:\/\/cungtenhanoi.com\/?product=riser-ww-meta-dx\",\"url\":\"https:\/\/cungtenhanoi.com\/?product=riser-ww-meta-dx\",\"name\":\"Riser WW Meta - DX - Cung T\u00ean H\u00e0 N\u1ed9i\",\"isPartOf\":{\"@id\":\"https:\/\/cungtenhanoi.com\/#website\"},\"datePublished\":\"2022-03-04T08:12:16+00:00\",\"dateModified\":\"2022-03-04T08:42:35+00:00\",\"description\":\"mua cung t\u00ean th\u1ec3 thao, mua cung t\u00ean t\u1ea1i h\u00e0 n\u1ed9i, cung tr\u1ee3 l\u1ef1c, cung compound, cung t\u00ean ch\u00ednh h\u00e3ng, cung t\u00ean m\u1ea1nh,cung t\u00ean h\u00e0 n\u1ed9i, cung t\u00ean , mua cung t\u00ean S\u00e0i g\u00f2n , mua m\u0169i t\u00ean b\u1eafn cung , cung b\u1eafn bi s\u1eaft , cung t\u00ean mini\",\"breadcrumb\":{\"@id\":\"https:\/\/cungtenhanoi.com\/?product=riser-ww-meta-dx#breadcrumb\"},\"inLanguage\":\"vi\",\"potentialAction\":[{\"@type\":\"ReadAction\",\"target\":[\"https:\/\/cungtenhanoi.com\/?product=riser-ww-meta-dx\"]}]},{\"@type\":\"BreadcrumbList\",\"@id\":\"https:\/\/cungtenhanoi.com\/?product=riser-ww-meta-dx#breadcrumb\",\"itemListElement\":[{\"@type\":\"ListItem\",\"position\":1,\"name\":\"Trang ch\u1ee7\",\"item\":\"https:\/\/cungtenhanoi.com\/\"},{\"@type\":\"ListItem\",\"position\":2,\"name\":\"Shop\",\"item\":\"https:\/\/cungtenhanoi.com\/?page_id=6\"},{\"@type\":\"ListItem\",\"position\":3,\"name\":\"Cung\",\"item\":\"https:\/\/cungtenhanoi.com\/danh-muc\/cung\/\"},{\"@type\":\"ListItem\",\"position\":4,\"name\":\"Riser WW Meta &#8211; DX\"}]},{\"@type\":\"WebSite\",\"@id\":\"https:\/\/cungtenhanoi.com\/#website\",\"url\":\"https:\/\/cungtenhanoi.com\/\",\"name\":\"Cung T\u00ean H\u00e0 N\u1ed9i\",\"description\":\"Cung c\u1ea5p c\u00e1c lo\u1ea1i cung t\u00ean th\u1ec3 thao s\u1ed1 1 Vi\u1ec7t Nam\",\"publisher\":{\"@id\":\"https:\/\/cungtenhanoi.com\/#organization\"},\"potentialAction\":[{\"@type\":\"SearchAction\",\"target\":{\"@type\":\"EntryPoint\",\"urlTemplate\":\"https:\/\/cungtenhanoi.com\/?s={search_term_string}\"},\"query-input\":\"required name=search_term_string\"}],\"inLanguage\":\"vi\"},{\"@type\":\"Organization\",\"@id\":\"https:\/\/cungtenhanoi.com\/#organization\",\"name\":\"Cung T\u00ean H\u00e0 N\u1ed9i\",\"url\":\"https:\/\/cungtenhanoi.com\/\",\"sameAs\":[],\"logo\":{\"@type\":\"ImageObject\",\"inLanguage\":\"vi\",\"@id\":\"https:\/\/cungtenhanoi.com\/#\/schema\/logo\/image\/\",\"url\":\"https:\/\/cungtenhanoi.com\/wp-content\/uploads\/2025\/05\/logo-den-trang.jpg\",\"contentUrl\":\"https:\/\/cungtenhanoi.com\/wp-content\/uploads\/2025\/05\/logo-den-trang.jpg\",\"width\":450,\"height\":450,\"caption\":\"Cung T\u00ean H\u00e0 N\u1ed9i\"},\"image\":{\"@id\":\"https:\/\/cungtenhanoi.com\/#\/schema\/logo\/image\/\"}}]}<\/script>\n<!-- \/ Yoast SEO plugin. -->","yoast_head_json":{"title":"Riser WW Meta - DX - Cung T\u00ean H\u00e0 N\u1ed9i","description":"mua cung t\u00ean th\u1ec3 thao, mua cung t\u00ean t\u1ea1i h\u00e0 n\u1ed9i, cung tr\u1ee3 l\u1ef1c, cung compound, cung t\u00ean ch\u00ednh h\u00e3ng, cung t\u00ean m\u1ea1nh,cung t\u00ean h\u00e0 n\u1ed9i, cung t\u00ean , mua cung t\u00ean S\u00e0i g\u00f2n , mua m\u0169i t\u00ean b\u1eafn cung , cung b\u1eafn bi s\u1eaft , cung t\u00ean mini","robots":{"index":"index","follow":"follow","max-snippet":"max-snippet:-1","max-image-preview":"max-image-preview:large","max-video-preview":"max-video-preview:-1"},"canonical":"https:\/\/cungtenhanoi.com\/?product=riser-ww-meta-dx","og_locale":"vi_VN","og_type":"article","og_title":"Riser WW Meta - DX - Cung T\u00ean H\u00e0 N\u1ed9i","og_description":"mua cung t\u00ean th\u1ec3 thao, mua cung t\u00ean t\u1ea1i h\u00e0 n\u1ed9i, cung tr\u1ee3 l\u1ef1c, cung compound, cung t\u00ean ch\u00ednh h\u00e3ng, cung t\u00ean m\u1ea1nh,cung t\u00ean h\u00e0 n\u1ed9i, cung t\u00ean , mua cung t\u00ean S\u00e0i g\u00f2n , mua m\u0169i t\u00ean b\u1eafn cung , cung b\u1eafn bi s\u1eaft , cung t\u00ean mini","og_url":"https:\/\/cungtenhanoi.com\/?product=riser-ww-meta-dx","og_site_name":"Cung T\u00ean H\u00e0 N\u1ed9i","article_modified_time":"2022-03-04T08:42:35+00:00","og_image":[{"width":800,"height":800,"url":"https:\/\/cungtenhanoi.com\/wp-content\/uploads\/2022\/03\/O1CN01T8jev32DXYMrDtxUQ_602168619.jpg","type":"image\/jpeg"}],"twitter_card":"summary_large_image","schema":{"@context":"https:\/\/schema.org","@graph":[{"@type":"WebPage","@id":"https:\/\/cungtenhanoi.com\/?product=riser-ww-meta-dx","url":"https:\/\/cungtenhanoi.com\/?product=riser-ww-meta-dx","name":"Riser WW Meta - DX - Cung T\u00ean H\u00e0 N\u1ed9i","isPartOf":{"@id":"https:\/\/cungtenhanoi.com\/#website"},"datePublished":"2022-03-04T08:12:16+00:00","dateModified":"2022-03-04T08:42:35+00:00","description":"mua cung t\u00ean th\u1ec3 thao, mua cung t\u00ean t\u1ea1i h\u00e0 n\u1ed9i, cung tr\u1ee3 l\u1ef1c, cung compound, cung t\u00ean ch\u00ednh h\u00e3ng, cung t\u00ean m\u1ea1nh,cung t\u00ean h\u00e0 n\u1ed9i, cung t\u00ean , mua cung t\u00ean S\u00e0i g\u00f2n , mua m\u0169i t\u00ean b\u1eafn cung , cung b\u1eafn bi s\u1eaft , cung t\u00ean mini","breadcrumb":{"@id":"https:\/\/cungtenhanoi.com\/?product=riser-ww-meta-dx#breadcrumb"},"inLanguage":"vi","potentialAction":[{"@type":"ReadAction","target":["https:\/\/cungtenhanoi.com\/?product=riser-ww-meta-dx"]}]},{"@type":"BreadcrumbList","@id":"https:\/\/cungtenhanoi.com\/?product=riser-ww-meta-dx#breadcrumb","itemListElement":[{"@type":"ListItem","position":1,"name":"Trang ch\u1ee7","item":"https:\/\/cungtenhanoi.com\/"},{"@type":"ListItem","position":2,"name":"Shop","item":"https:\/\/cungtenhanoi.com\/?page_id=6"},{"@type":"ListItem","position":3,"name":"Cung","item":"https:\/\/cungtenhanoi.com\/danh-muc\/cung\/"},{"@type":"ListItem","position":4,"name":"Riser WW Meta &#8211; DX"}]},{"@type":"WebSite","@id":"https:\/\/cungtenhanoi.com\/#website","url":"https:\/\/cungtenhanoi.com\/","name":"Cung T\u00ean H\u00e0 N\u1ed9i","description":"Cung c\u1ea5p c\u00e1c lo\u1ea1i cung t\u00ean th\u1ec3 thao s\u1ed1 1 Vi\u1ec7t Nam","publisher":{"@id":"https:\/\/cungtenhanoi.com\/#organization"},"potentialAction":[{"@type":"SearchAction","target":{"@type":"EntryPoint","urlTemplate":"https:\/\/cungtenhanoi.com\/?s={search_term_string}"},"query-input":"required name=search_term_string"}],"inLanguage":"vi"},{"@type":"Organization","@id":"https:\/\/cungtenhanoi.com\/#organization","name":"Cung T\u00ean H\u00e0 N\u1ed9i","url":"https:\/\/cungtenhanoi.com\/","sameAs":[],"logo":{"@type":"ImageObject","inLanguage":"vi","@id":"https:\/\/cungtenhanoi.com\/#\/schema\/logo\/image\/","url":"https:\/\/cungtenhanoi.com\/wp-content\/uploads\/2025\/05\/logo-den-trang.jpg","contentUrl":"https:\/\/cungtenhanoi.com\/wp-content\/uploads\/2025\/05\/logo-den-trang.jpg","width":450,"height":450,"caption":"Cung T\u00ean H\u00e0 N\u1ed9i"},"image":{"@id":"https:\/\/cungtenhanoi.com\/#\/schema\/logo\/image\/"}}]}},"_links":{"self":[{"href":"https:\/\/cungtenhanoi.com\/index.php?rest_route=\/wp\/v2\/product\/2060"}],"collection":[{"href":"https:\/\/cungtenhanoi.com\/index.php?rest_route=\/wp\/v2\/product"}],"about":[{"href":"https:\/\/cungtenhanoi.com\/index.php?rest_route=\/wp\/v2\/types\/product"}],"replies":[{"embeddable":true,"href":"https:\/\/cungtenhanoi.com\/index.php?rest_route=%2Fwp%2Fv2%2Fcomments&post=2060"}],"wp:featuredmedia":[{"embeddable":true,"href":"https:\/\/cungtenhanoi.com\/index.php?rest_route=\/wp\/v2\/media\/2064"}],"wp:attachment":[{"href":"https:\/\/cungtenhanoi.com\/index.php?rest_route=%2Fwp%2Fv2%2Fmedia&parent=2060"}],"wp:term":[{"taxonomy":"product_cat","embeddable":true,"href":"https:\/\/cungtenhanoi.com\/index.php?rest_route=%2Fwp%2Fv2%2Fproduct_cat&post=2060"},{"taxonomy":"product_tag","embeddable":true,"href":"https:\/\/cungtenhanoi.com\/index.php?rest_route=%2Fwp%2Fv2%2Fproduct_tag&post=2060"}],"curies":[{"name":"wp","href":"https:\/\/api.w.org\/{rel}","templated":true}]}}