{"id":2072,"date":"2022-03-04T15:39:50","date_gmt":"2022-03-04T08:39:50","guid":{"rendered":"https:\/\/cungtenhanoi.com\/?post_type=product&#038;p=2072"},"modified":"2025-05-11T14:29:07","modified_gmt":"2025-05-11T07:29:07","slug":"riser-ww-tft-g","status":"publish","type":"product","link":"https:\/\/cungtenhanoi.com\/?product=riser-ww-tft-g","title":{"rendered":"Riser WW TFT-G"},"content":{"rendered":"<p><img loading=\"lazy\" class=\"aligncenter  wp-image-2076\" src=\"https:\/\/cungtenhanoi.com\/wp-content\/uploads\/2022\/03\/Screenshot-2022-03-04-15.32.07.png\" alt=\"\" width=\"957\" height=\"294\" srcset=\"https:\/\/cungtenhanoi.com\/wp-content\/uploads\/2022\/03\/Screenshot-2022-03-04-15.32.07.png 1857w, https:\/\/cungtenhanoi.com\/wp-content\/uploads\/2022\/03\/Screenshot-2022-03-04-15.32.07-600x184.png 600w, https:\/\/cungtenhanoi.com\/wp-content\/uploads\/2022\/03\/Screenshot-2022-03-04-15.32.07-64x20.png 64w, https:\/\/cungtenhanoi.com\/wp-content\/uploads\/2022\/03\/Screenshot-2022-03-04-15.32.07-300x92.png 300w, https:\/\/cungtenhanoi.com\/wp-content\/uploads\/2022\/03\/Screenshot-2022-03-04-15.32.07-768x236.png 768w, https:\/\/cungtenhanoi.com\/wp-content\/uploads\/2022\/03\/Screenshot-2022-03-04-15.32.07-1024x314.png 1024w\" sizes=\"(max-width: 957px) 100vw, 957px\" \/><img loading=\"lazy\" class=\"aligncenter  wp-image-2073\" src=\"https:\/\/cungtenhanoi.com\/wp-content\/uploads\/2022\/03\/001.jpg\" alt=\"\" width=\"960\" height=\"505\" srcset=\"https:\/\/cungtenhanoi.com\/wp-content\/uploads\/2022\/03\/001.jpg 1280w, https:\/\/cungtenhanoi.com\/wp-content\/uploads\/2022\/03\/001-600x316.jpg 600w, https:\/\/cungtenhanoi.com\/wp-content\/uploads\/2022\/03\/001-64x34.jpg 64w, https:\/\/cungtenhanoi.com\/wp-content\/uploads\/2022\/03\/001-300x158.jpg 300w, https:\/\/cungtenhanoi.com\/wp-content\/uploads\/2022\/03\/001-768x404.jpg 768w, https:\/\/cungtenhanoi.com\/wp-content\/uploads\/2022\/03\/001-1024x539.jpg 1024w\" sizes=\"(max-width: 960px) 100vw, 960px\" \/> <img loading=\"lazy\" class=\"aligncenter  wp-image-2074\" src=\"https:\/\/cungtenhanoi.com\/wp-content\/uploads\/2022\/03\/004.jpg\" alt=\"\" width=\"960\" height=\"505\" srcset=\"https:\/\/cungtenhanoi.com\/wp-content\/uploads\/2022\/03\/004.jpg 1280w, https:\/\/cungtenhanoi.com\/wp-content\/uploads\/2022\/03\/004-600x316.jpg 600w, https:\/\/cungtenhanoi.com\/wp-content\/uploads\/2022\/03\/004-64x34.jpg 64w, https:\/\/cungtenhanoi.com\/wp-content\/uploads\/2022\/03\/004-300x158.jpg 300w, https:\/\/cungtenhanoi.com\/wp-content\/uploads\/2022\/03\/004-768x404.jpg 768w, https:\/\/cungtenhanoi.com\/wp-content\/uploads\/2022\/03\/004-1024x539.jpg 1024w\" sizes=\"(max-width: 960px) 100vw, 960px\" \/> <img loading=\"lazy\" class=\"aligncenter size-full wp-image-2075\" src=\"https:\/\/cungtenhanoi.com\/wp-content\/uploads\/2022\/03\/li.png\" alt=\"\" width=\"234\" height=\"700\" srcset=\"https:\/\/cungtenhanoi.com\/wp-content\/uploads\/2022\/03\/li.png 234w, https:\/\/cungtenhanoi.com\/wp-content\/uploads\/2022\/03\/li-64x191.png 64w, https:\/\/cungtenhanoi.com\/wp-content\/uploads\/2022\/03\/li-100x300.png 100w\" sizes=\"(max-width: 234px) 100vw, 234px\" \/> <img loading=\"lazy\" class=\"aligncenter  wp-image-2077\" src=\"https:\/\/cungtenhanoi.com\/wp-content\/uploads\/2022\/03\/Screenshot-2022-03-04-15.33.20.png\" alt=\"\" width=\"894\" height=\"619\" srcset=\"https:\/\/cungtenhanoi.com\/wp-content\/uploads\/2022\/03\/Screenshot-2022-03-04-15.33.20.png 1099w, https:\/\/cungtenhanoi.com\/wp-content\/uploads\/2022\/03\/Screenshot-2022-03-04-15.33.20-600x415.png 600w, https:\/\/cungtenhanoi.com\/wp-content\/uploads\/2022\/03\/Screenshot-2022-03-04-15.33.20-64x44.png 64w, https:\/\/cungtenhanoi.com\/wp-content\/uploads\/2022\/03\/Screenshot-2022-03-04-15.33.20-300x208.png 300w, https:\/\/cungtenhanoi.com\/wp-content\/uploads\/2022\/03\/Screenshot-2022-03-04-15.33.20-768x532.png 768w, https:\/\/cungtenhanoi.com\/wp-content\/uploads\/2022\/03\/Screenshot-2022-03-04-15.33.20-1024x709.png 1024w\" sizes=\"(max-width: 894px) 100vw, 894px\" \/> <img loading=\"lazy\" class=\"aligncenter  wp-image-2078\" src=\"https:\/\/cungtenhanoi.com\/wp-content\/uploads\/2022\/03\/win_and_win_handle_wiawis_tft-g_2.jpg\" alt=\"\" width=\"896\" height=\"896\" srcset=\"https:\/\/cungtenhanoi.com\/wp-content\/uploads\/2022\/03\/win_and_win_handle_wiawis_tft-g_2.jpg 1500w, https:\/\/cungtenhanoi.com\/wp-content\/uploads\/2022\/03\/win_and_win_handle_wiawis_tft-g_2-300x300.jpg 300w, https:\/\/cungtenhanoi.com\/wp-content\/uploads\/2022\/03\/win_and_win_handle_wiawis_tft-g_2-100x100.jpg 100w, https:\/\/cungtenhanoi.com\/wp-content\/uploads\/2022\/03\/win_and_win_handle_wiawis_tft-g_2-600x600.jpg 600w, https:\/\/cungtenhanoi.com\/wp-content\/uploads\/2022\/03\/win_and_win_handle_wiawis_tft-g_2-64x64.jpg 64w\" sizes=\"(max-width: 896px) 100vw, 896px\" \/> <img loading=\"lazy\" class=\"aligncenter size-full wp-image-2079\" src=\"https:\/\/cungtenhanoi.com\/wp-content\/uploads\/2022\/03\/wwtftgnews.jpg\" alt=\"\" width=\"800\" height=\"420\" srcset=\"https:\/\/cungtenhanoi.com\/wp-content\/uploads\/2022\/03\/wwtftgnews.jpg 800w, https:\/\/cungtenhanoi.com\/wp-content\/uploads\/2022\/03\/wwtftgnews-600x315.jpg 600w, https:\/\/cungtenhanoi.com\/wp-content\/uploads\/2022\/03\/wwtftgnews-64x34.jpg 64w, https:\/\/cungtenhanoi.com\/wp-content\/uploads\/2022\/03\/wwtftgnews-300x158.jpg 300w, https:\/\/cungtenhanoi.com\/wp-content\/uploads\/2022\/03\/wwtftgnews-768x403.jpg 768w\" sizes=\"(max-width: 800px) 100vw, 800px\" \/><\/p>\n","protected":false},"excerpt":{"rendered":"<p>Gi\u00e1 s\u1ebd ch\u00eanh l\u1ec7ch t\u00f9y th\u1eddi \u0111i\u1ec3m, qu\u00fd kh\u00e1ch vui l\u00f2ng li\u00ean h\u1ec7 0911 682 663 \u0111\u1ec3 nh\u1eadn m\u1ee9c gi\u00e1 \u01b0u \u0111\u00e3i.<\/p>\n","protected":false},"featured_media":2078,"comment_status":"open","ping_status":"closed","template":"","meta":[],"product_cat":[17],"product_tag":[198,86,257,118,464,465,456,463,460],"acf":[],"yoast_head":"<!-- This site is optimized with the Yoast SEO plugin v19.8 - https:\/\/yoast.com\/wordpress\/plugins\/seo\/ -->\n<title>Riser WW TFT-G - Cung T\u00ean H\u00e0 N\u1ed9i<\/title>\n<meta name=\"description\" content=\"Mua cung t\u00ean th\u1ec3 thao, Mua cung t\u00ean t\u1ea1i h\u00e0 n\u1ed9i, Cung tr\u1ee3 l\u1ef1c, Cung compound, Cung t\u00ean ch\u00ednh h\u00e3ng, , Cung t\u00ean h\u00e0 n\u1ed9i, Cung t\u00ean , Mua cung t\u00ean S\u00e0i g\u00f2n , Mua m\u0169i t\u00ean b\u1eafn cung , Cung b\u1eafn bi s\u1eaft , cung t\u00ean mini, Cung truy\u1ec1n th\u1ed1ng, Cung c\u1ed5 \u0111i\u1ec3n, Cung trang tr\u00ed, Cung tr\u01b0ng b\u00e0y, cung t\u00ean m\u1ea1nh, mua ph\u1ee5 ki\u1ec7n b\u1eafn cung, m\u0169i t\u00ean, m\u0169i t\u00ean cacbon, eston x10, ch\u1ed1ng rung, th\u0103ng b\u1eb1ng, stabilizer, riser\" \/>\n<meta name=\"robots\" content=\"index, follow, max-snippet:-1, max-image-preview:large, max-video-preview:-1\" \/>\n<link rel=\"canonical\" href=\"https:\/\/cungtenhanoi.com\/?product=riser-ww-tft-g\" \/>\n<meta property=\"og:locale\" content=\"vi_VN\" \/>\n<meta property=\"og:type\" content=\"article\" \/>\n<meta property=\"og:title\" content=\"Riser Wiawis\" \/>\n<meta property=\"og:description\" content=\"Mua th\u00e2n cung th\u1ec3 thao t\u1ea1i H\u00e0 N\u1ed9i\" \/>\n<meta property=\"og:url\" content=\"https:\/\/cungtenhanoi.com\/?product=riser-ww-tft-g\" \/>\n<meta property=\"og:site_name\" content=\"Cung T\u00ean H\u00e0 N\u1ed9i\" \/>\n<meta property=\"article:modified_time\" content=\"2025-05-11T07:29:07+00:00\" \/>\n<meta property=\"og:image\" content=\"https:\/\/cungtenhanoi.com\/wp-content\/uploads\/2022\/03\/15f6202d1aadff56e0c44c5b39fe0f33.jpg\" \/>\n\t<meta property=\"og:image:width\" content=\"162\" \/>\n\t<meta property=\"og:image:height\" content=\"749\" \/>\n\t<meta property=\"og:image:type\" content=\"image\/jpeg\" \/>\n<meta name=\"twitter:card\" content=\"summary_large_image\" \/>\n<meta name=\"twitter:label1\" content=\"\u01af\u1edbc t\u00ednh th\u1eddi gian \u0111\u1ecdc\" \/>\n\t<meta name=\"twitter:data1\" content=\"2 ph\u00fat\" \/>\n<script type=\"application\/ld+json\" class=\"yoast-schema-graph\">{\"@context\":\"https:\/\/schema.org\",\"@graph\":[{\"@type\":\"WebPage\",\"@id\":\"https:\/\/cungtenhanoi.com\/?product=riser-ww-tft-g\",\"url\":\"https:\/\/cungtenhanoi.com\/?product=riser-ww-tft-g\",\"name\":\"Riser WW TFT-G - Cung T\u00ean H\u00e0 N\u1ed9i\",\"isPartOf\":{\"@id\":\"https:\/\/cungtenhanoi.com\/#website\"},\"datePublished\":\"2022-03-04T08:39:50+00:00\",\"dateModified\":\"2025-05-11T07:29:07+00:00\",\"description\":\"Mua cung t\u00ean th\u1ec3 thao, Mua cung t\u00ean t\u1ea1i h\u00e0 n\u1ed9i, Cung tr\u1ee3 l\u1ef1c, Cung compound, Cung t\u00ean ch\u00ednh h\u00e3ng, , Cung t\u00ean h\u00e0 n\u1ed9i, Cung t\u00ean , Mua cung t\u00ean S\u00e0i g\u00f2n , Mua m\u0169i t\u00ean b\u1eafn cung , Cung b\u1eafn bi s\u1eaft , cung t\u00ean mini, Cung truy\u1ec1n th\u1ed1ng, Cung c\u1ed5 \u0111i\u1ec3n, Cung trang tr\u00ed, Cung tr\u01b0ng b\u00e0y, cung t\u00ean m\u1ea1nh, mua ph\u1ee5 ki\u1ec7n b\u1eafn cung, m\u0169i t\u00ean, m\u0169i t\u00ean cacbon, eston x10, ch\u1ed1ng rung, th\u0103ng b\u1eb1ng, stabilizer, riser\",\"breadcrumb\":{\"@id\":\"https:\/\/cungtenhanoi.com\/?product=riser-ww-tft-g#breadcrumb\"},\"inLanguage\":\"vi\",\"potentialAction\":[{\"@type\":\"ReadAction\",\"target\":[\"https:\/\/cungtenhanoi.com\/?product=riser-ww-tft-g\"]}]},{\"@type\":\"BreadcrumbList\",\"@id\":\"https:\/\/cungtenhanoi.com\/?product=riser-ww-tft-g#breadcrumb\",\"itemListElement\":[{\"@type\":\"ListItem\",\"position\":1,\"name\":\"Trang ch\u1ee7\",\"item\":\"https:\/\/cungtenhanoi.com\/\"},{\"@type\":\"ListItem\",\"position\":2,\"name\":\"Shop\",\"item\":\"https:\/\/cungtenhanoi.com\/?page_id=6\"},{\"@type\":\"ListItem\",\"position\":3,\"name\":\"Cung\",\"item\":\"https:\/\/cungtenhanoi.com\/danh-muc\/cung\/\"},{\"@type\":\"ListItem\",\"position\":4,\"name\":\"Riser WW TFT-G\"}]},{\"@type\":\"WebSite\",\"@id\":\"https:\/\/cungtenhanoi.com\/#website\",\"url\":\"https:\/\/cungtenhanoi.com\/\",\"name\":\"Cung T\u00ean H\u00e0 N\u1ed9i\",\"description\":\"Cung c\u1ea5p c\u00e1c lo\u1ea1i cung t\u00ean th\u1ec3 thao s\u1ed1 1 Vi\u1ec7t Nam\",\"publisher\":{\"@id\":\"https:\/\/cungtenhanoi.com\/#organization\"},\"potentialAction\":[{\"@type\":\"SearchAction\",\"target\":{\"@type\":\"EntryPoint\",\"urlTemplate\":\"https:\/\/cungtenhanoi.com\/?s={search_term_string}\"},\"query-input\":\"required name=search_term_string\"}],\"inLanguage\":\"vi\"},{\"@type\":\"Organization\",\"@id\":\"https:\/\/cungtenhanoi.com\/#organization\",\"name\":\"Cung T\u00ean H\u00e0 N\u1ed9i\",\"url\":\"https:\/\/cungtenhanoi.com\/\",\"sameAs\":[],\"logo\":{\"@type\":\"ImageObject\",\"inLanguage\":\"vi\",\"@id\":\"https:\/\/cungtenhanoi.com\/#\/schema\/logo\/image\/\",\"url\":\"https:\/\/cungtenhanoi.com\/wp-content\/uploads\/2025\/05\/logo-den-trang.jpg\",\"contentUrl\":\"https:\/\/cungtenhanoi.com\/wp-content\/uploads\/2025\/05\/logo-den-trang.jpg\",\"width\":450,\"height\":450,\"caption\":\"Cung T\u00ean H\u00e0 N\u1ed9i\"},\"image\":{\"@id\":\"https:\/\/cungtenhanoi.com\/#\/schema\/logo\/image\/\"}}]}<\/script>\n<!-- \/ Yoast SEO plugin. -->","yoast_head_json":{"title":"Riser WW TFT-G - Cung T\u00ean H\u00e0 N\u1ed9i","description":"Mua cung t\u00ean th\u1ec3 thao, Mua cung t\u00ean t\u1ea1i h\u00e0 n\u1ed9i, Cung tr\u1ee3 l\u1ef1c, Cung compound, Cung t\u00ean ch\u00ednh h\u00e3ng, , Cung t\u00ean h\u00e0 n\u1ed9i, Cung t\u00ean , Mua cung t\u00ean S\u00e0i g\u00f2n , Mua m\u0169i t\u00ean b\u1eafn cung , Cung b\u1eafn bi s\u1eaft , cung t\u00ean mini, Cung truy\u1ec1n th\u1ed1ng, Cung c\u1ed5 \u0111i\u1ec3n, Cung trang tr\u00ed, Cung tr\u01b0ng b\u00e0y, cung t\u00ean m\u1ea1nh, mua ph\u1ee5 ki\u1ec7n b\u1eafn cung, m\u0169i t\u00ean, m\u0169i t\u00ean cacbon, eston x10, ch\u1ed1ng rung, th\u0103ng b\u1eb1ng, stabilizer, riser","robots":{"index":"index","follow":"follow","max-snippet":"max-snippet:-1","max-image-preview":"max-image-preview:large","max-video-preview":"max-video-preview:-1"},"canonical":"https:\/\/cungtenhanoi.com\/?product=riser-ww-tft-g","og_locale":"vi_VN","og_type":"article","og_title":"Riser Wiawis","og_description":"Mua th\u00e2n cung th\u1ec3 thao t\u1ea1i H\u00e0 N\u1ed9i","og_url":"https:\/\/cungtenhanoi.com\/?product=riser-ww-tft-g","og_site_name":"Cung T\u00ean H\u00e0 N\u1ed9i","article_modified_time":"2025-05-11T07:29:07+00:00","og_image":[{"width":162,"height":749,"url":"https:\/\/cungtenhanoi.com\/wp-content\/uploads\/2022\/03\/15f6202d1aadff56e0c44c5b39fe0f33.jpg","type":"image\/jpeg"}],"twitter_card":"summary_large_image","twitter_misc":{"\u01af\u1edbc t\u00ednh th\u1eddi gian \u0111\u1ecdc":"2 ph\u00fat"},"schema":{"@context":"https:\/\/schema.org","@graph":[{"@type":"WebPage","@id":"https:\/\/cungtenhanoi.com\/?product=riser-ww-tft-g","url":"https:\/\/cungtenhanoi.com\/?product=riser-ww-tft-g","name":"Riser WW TFT-G - Cung T\u00ean H\u00e0 N\u1ed9i","isPartOf":{"@id":"https:\/\/cungtenhanoi.com\/#website"},"datePublished":"2022-03-04T08:39:50+00:00","dateModified":"2025-05-11T07:29:07+00:00","description":"Mua cung t\u00ean th\u1ec3 thao, Mua cung t\u00ean t\u1ea1i h\u00e0 n\u1ed9i, Cung tr\u1ee3 l\u1ef1c, Cung compound, Cung t\u00ean ch\u00ednh h\u00e3ng, , Cung t\u00ean h\u00e0 n\u1ed9i, Cung t\u00ean , Mua cung t\u00ean S\u00e0i g\u00f2n , Mua m\u0169i t\u00ean b\u1eafn cung , Cung b\u1eafn bi s\u1eaft , cung t\u00ean mini, Cung truy\u1ec1n th\u1ed1ng, Cung c\u1ed5 \u0111i\u1ec3n, Cung trang tr\u00ed, Cung tr\u01b0ng b\u00e0y, cung t\u00ean m\u1ea1nh, mua ph\u1ee5 ki\u1ec7n b\u1eafn cung, m\u0169i t\u00ean, m\u0169i t\u00ean cacbon, eston x10, ch\u1ed1ng rung, th\u0103ng b\u1eb1ng, stabilizer, riser","breadcrumb":{"@id":"https:\/\/cungtenhanoi.com\/?product=riser-ww-tft-g#breadcrumb"},"inLanguage":"vi","potentialAction":[{"@type":"ReadAction","target":["https:\/\/cungtenhanoi.com\/?product=riser-ww-tft-g"]}]},{"@type":"BreadcrumbList","@id":"https:\/\/cungtenhanoi.com\/?product=riser-ww-tft-g#breadcrumb","itemListElement":[{"@type":"ListItem","position":1,"name":"Trang ch\u1ee7","item":"https:\/\/cungtenhanoi.com\/"},{"@type":"ListItem","position":2,"name":"Shop","item":"https:\/\/cungtenhanoi.com\/?page_id=6"},{"@type":"ListItem","position":3,"name":"Cung","item":"https:\/\/cungtenhanoi.com\/danh-muc\/cung\/"},{"@type":"ListItem","position":4,"name":"Riser WW TFT-G"}]},{"@type":"WebSite","@id":"https:\/\/cungtenhanoi.com\/#website","url":"https:\/\/cungtenhanoi.com\/","name":"Cung T\u00ean H\u00e0 N\u1ed9i","description":"Cung c\u1ea5p c\u00e1c lo\u1ea1i cung t\u00ean th\u1ec3 thao s\u1ed1 1 Vi\u1ec7t Nam","publisher":{"@id":"https:\/\/cungtenhanoi.com\/#organization"},"potentialAction":[{"@type":"SearchAction","target":{"@type":"EntryPoint","urlTemplate":"https:\/\/cungtenhanoi.com\/?s={search_term_string}"},"query-input":"required name=search_term_string"}],"inLanguage":"vi"},{"@type":"Organization","@id":"https:\/\/cungtenhanoi.com\/#organization","name":"Cung T\u00ean H\u00e0 N\u1ed9i","url":"https:\/\/cungtenhanoi.com\/","sameAs":[],"logo":{"@type":"ImageObject","inLanguage":"vi","@id":"https:\/\/cungtenhanoi.com\/#\/schema\/logo\/image\/","url":"https:\/\/cungtenhanoi.com\/wp-content\/uploads\/2025\/05\/logo-den-trang.jpg","contentUrl":"https:\/\/cungtenhanoi.com\/wp-content\/uploads\/2025\/05\/logo-den-trang.jpg","width":450,"height":450,"caption":"Cung T\u00ean H\u00e0 N\u1ed9i"},"image":{"@id":"https:\/\/cungtenhanoi.com\/#\/schema\/logo\/image\/"}}]}},"_links":{"self":[{"href":"https:\/\/cungtenhanoi.com\/index.php?rest_route=\/wp\/v2\/product\/2072"}],"collection":[{"href":"https:\/\/cungtenhanoi.com\/index.php?rest_route=\/wp\/v2\/product"}],"about":[{"href":"https:\/\/cungtenhanoi.com\/index.php?rest_route=\/wp\/v2\/types\/product"}],"replies":[{"embeddable":true,"href":"https:\/\/cungtenhanoi.com\/index.php?rest_route=%2Fwp%2Fv2%2Fcomments&post=2072"}],"wp:featuredmedia":[{"embeddable":true,"href":"https:\/\/cungtenhanoi.com\/index.php?rest_route=\/wp\/v2\/media\/2078"}],"wp:attachment":[{"href":"https:\/\/cungtenhanoi.com\/index.php?rest_route=%2Fwp%2Fv2%2Fmedia&parent=2072"}],"wp:term":[{"taxonomy":"product_cat","embeddable":true,"href":"https:\/\/cungtenhanoi.com\/index.php?rest_route=%2Fwp%2Fv2%2Fproduct_cat&post=2072"},{"taxonomy":"product_tag","embeddable":true,"href":"https:\/\/cungtenhanoi.com\/index.php?rest_route=%2Fwp%2Fv2%2Fproduct_tag&post=2072"}],"curies":[{"name":"wp","href":"https:\/\/api.w.org\/{rel}","templated":true}]}}