{"id":2098,"date":"2022-03-11T11:45:23","date_gmt":"2022-03-11T04:45:23","guid":{"rendered":"https:\/\/cungtenhanoi.com\/?post_type=product&#038;p=2098"},"modified":"2025-05-11T13:51:03","modified_gmt":"2025-05-11T06:51:03","slug":"ta-chong-rung-ww-acs-carbon","status":"publish","type":"product","link":"https:\/\/cungtenhanoi.com\/?product=ta-chong-rung-ww-acs-carbon","title":{"rendered":"T\u1ea1 ch\u1ed1ng rung &#8211; WW ACS Carbon"},"content":{"rendered":"<p><img loading=\"lazy\" class=\"aligncenter size-full wp-image-2099\" src=\"https:\/\/cungtenhanoi.com\/wp-content\/uploads\/2022\/03\/CF49C7A9-80E9-4E95-8847-27FAA9CC9502.jpeg\" alt=\"\" width=\"620\" height=\"403\" srcset=\"https:\/\/cungtenhanoi.com\/wp-content\/uploads\/2022\/03\/CF49C7A9-80E9-4E95-8847-27FAA9CC9502.jpeg 620w, https:\/\/cungtenhanoi.com\/wp-content\/uploads\/2022\/03\/CF49C7A9-80E9-4E95-8847-27FAA9CC9502-600x390.jpeg 600w, https:\/\/cungtenhanoi.com\/wp-content\/uploads\/2022\/03\/CF49C7A9-80E9-4E95-8847-27FAA9CC9502-64x42.jpeg 64w\" sizes=\"(max-width: 620px) 100vw, 620px\" \/> <img loading=\"lazy\" class=\"aligncenter  wp-image-2100\" src=\"https:\/\/cungtenhanoi.com\/wp-content\/uploads\/2022\/03\/CD10ED41-5D20-4432-820B-8DB61F8F2FCE.jpeg\" alt=\"\" width=\"625\" height=\"625\" srcset=\"https:\/\/cungtenhanoi.com\/wp-content\/uploads\/2022\/03\/CD10ED41-5D20-4432-820B-8DB61F8F2FCE.jpeg 1080w, https:\/\/cungtenhanoi.com\/wp-content\/uploads\/2022\/03\/CD10ED41-5D20-4432-820B-8DB61F8F2FCE-300x300.jpeg 300w, https:\/\/cungtenhanoi.com\/wp-content\/uploads\/2022\/03\/CD10ED41-5D20-4432-820B-8DB61F8F2FCE-100x100.jpeg 100w, https:\/\/cungtenhanoi.com\/wp-content\/uploads\/2022\/03\/CD10ED41-5D20-4432-820B-8DB61F8F2FCE-600x600.jpeg 600w, https:\/\/cungtenhanoi.com\/wp-content\/uploads\/2022\/03\/CD10ED41-5D20-4432-820B-8DB61F8F2FCE-64x64.jpeg 64w\" sizes=\"(max-width: 625px) 100vw, 625px\" \/><\/p>\n","protected":false},"excerpt":{"rendered":"","protected":false},"featured_media":2099,"comment_status":"open","ping_status":"closed","template":"","meta":[],"product_cat":[20],"product_tag":[472,102,460],"acf":[],"yoast_head":"<!-- This site is optimized with the Yoast SEO plugin v19.8 - https:\/\/yoast.com\/wordpress\/plugins\/seo\/ -->\n<title>T\u1ea1 ch\u1ed1ng rung - WW ACS Carbon - Cung T\u00ean H\u00e0 N\u1ed9i<\/title>\n<meta name=\"description\" content=\"Mua cung t\u00ean th\u1ec3 thao, Mua cung t\u00ean t\u1ea1i h\u00e0 n\u1ed9i, Cung tr\u1ee3 l\u1ef1c, Cung compound, Cung t\u00ean ch\u00ednh h\u00e3ng, , Cung t\u00ean h\u00e0 n\u1ed9i, Cung t\u00ean , Mua cung t\u00ean S\u00e0i g\u00f2n , Mua m\u0169i t\u00ean b\u1eafn cung , Cung b\u1eafn bi s\u1eaft , cung t\u00ean mini, Cung truy\u1ec1n th\u1ed1ng, Cung c\u1ed5 \u0111i\u1ec3n, Cung trang tr\u00ed, Cung tr\u01b0ng b\u00e0y, cung t\u00ean m\u1ea1nh, mua ph\u1ee5 ki\u1ec7n b\u1eafn cung, m\u0169i t\u00ean, m\u0169i t\u00ean cacbon, eston x10, ch\u1ed1ng rung, th\u0103ng b\u1eb1ng, stabilizer, t\u1ea1 ch\u1ed1ng rung\" \/>\n<meta name=\"robots\" content=\"index, follow, max-snippet:-1, max-image-preview:large, max-video-preview:-1\" \/>\n<link rel=\"canonical\" href=\"https:\/\/cungtenhanoi.com\/?product=ta-chong-rung-ww-acs-carbon\" \/>\n<meta property=\"og:locale\" content=\"vi_VN\" \/>\n<meta property=\"og:type\" content=\"article\" \/>\n<meta property=\"og:title\" content=\"T\u1ea1 ch\u1ed1ng rung b\u1eafn cung - stabilizer damper\" \/>\n<meta property=\"og:description\" content=\"Mua t\u1ea1 ch\u1ed1ng rung - cung t\u00ean H\u00e0 N\u1ed9i\" \/>\n<meta property=\"og:url\" content=\"https:\/\/cungtenhanoi.com\/?product=ta-chong-rung-ww-acs-carbon\" \/>\n<meta property=\"og:site_name\" content=\"Cung T\u00ean H\u00e0 N\u1ed9i\" \/>\n<meta property=\"article:modified_time\" content=\"2025-05-11T06:51:03+00:00\" \/>\n<meta property=\"og:image\" content=\"https:\/\/cungtenhanoi.com\/wp-content\/uploads\/2022\/03\/105581878_765632624254904_1210216074861223654_n.jpg\" \/>\n\t<meta property=\"og:image:width\" content=\"960\" \/>\n\t<meta property=\"og:image:height\" content=\"960\" \/>\n\t<meta property=\"og:image:type\" content=\"image\/jpeg\" \/>\n<meta name=\"twitter:card\" content=\"summary_large_image\" \/>\n<meta name=\"twitter:label1\" content=\"\u01af\u1edbc t\u00ednh th\u1eddi gian \u0111\u1ecdc\" \/>\n\t<meta name=\"twitter:data1\" content=\"1 ph\u00fat\" \/>\n<script type=\"application\/ld+json\" class=\"yoast-schema-graph\">{\"@context\":\"https:\/\/schema.org\",\"@graph\":[{\"@type\":\"WebPage\",\"@id\":\"https:\/\/cungtenhanoi.com\/?product=ta-chong-rung-ww-acs-carbon\",\"url\":\"https:\/\/cungtenhanoi.com\/?product=ta-chong-rung-ww-acs-carbon\",\"name\":\"T\u1ea1 ch\u1ed1ng rung - WW ACS Carbon - Cung T\u00ean H\u00e0 N\u1ed9i\",\"isPartOf\":{\"@id\":\"https:\/\/cungtenhanoi.com\/#website\"},\"datePublished\":\"2022-03-11T04:45:23+00:00\",\"dateModified\":\"2025-05-11T06:51:03+00:00\",\"description\":\"Mua cung t\u00ean th\u1ec3 thao, Mua cung t\u00ean t\u1ea1i h\u00e0 n\u1ed9i, Cung tr\u1ee3 l\u1ef1c, Cung compound, Cung t\u00ean ch\u00ednh h\u00e3ng, , Cung t\u00ean h\u00e0 n\u1ed9i, Cung t\u00ean , Mua cung t\u00ean S\u00e0i g\u00f2n , Mua m\u0169i t\u00ean b\u1eafn cung , Cung b\u1eafn bi s\u1eaft , cung t\u00ean mini, Cung truy\u1ec1n th\u1ed1ng, Cung c\u1ed5 \u0111i\u1ec3n, Cung trang tr\u00ed, Cung tr\u01b0ng b\u00e0y, cung t\u00ean m\u1ea1nh, mua ph\u1ee5 ki\u1ec7n b\u1eafn cung, m\u0169i t\u00ean, m\u0169i t\u00ean cacbon, eston x10, ch\u1ed1ng rung, th\u0103ng b\u1eb1ng, stabilizer, t\u1ea1 ch\u1ed1ng rung\",\"breadcrumb\":{\"@id\":\"https:\/\/cungtenhanoi.com\/?product=ta-chong-rung-ww-acs-carbon#breadcrumb\"},\"inLanguage\":\"vi\",\"potentialAction\":[{\"@type\":\"ReadAction\",\"target\":[\"https:\/\/cungtenhanoi.com\/?product=ta-chong-rung-ww-acs-carbon\"]}]},{\"@type\":\"BreadcrumbList\",\"@id\":\"https:\/\/cungtenhanoi.com\/?product=ta-chong-rung-ww-acs-carbon#breadcrumb\",\"itemListElement\":[{\"@type\":\"ListItem\",\"position\":1,\"name\":\"Trang ch\u1ee7\",\"item\":\"https:\/\/cungtenhanoi.com\/\"},{\"@type\":\"ListItem\",\"position\":2,\"name\":\"Shop\",\"item\":\"https:\/\/cungtenhanoi.com\/?page_id=6\"},{\"@type\":\"ListItem\",\"position\":3,\"name\":\"Ph\u1ee5 ki\u1ec7n\",\"item\":\"https:\/\/cungtenhanoi.com\/danh-muc\/phu-kien\/\"},{\"@type\":\"ListItem\",\"position\":4,\"name\":\"T\u1ea1 ch\u1ed1ng rung &#8211; WW ACS Carbon\"}]},{\"@type\":\"WebSite\",\"@id\":\"https:\/\/cungtenhanoi.com\/#website\",\"url\":\"https:\/\/cungtenhanoi.com\/\",\"name\":\"Cung T\u00ean H\u00e0 N\u1ed9i\",\"description\":\"Cung c\u1ea5p c\u00e1c lo\u1ea1i cung t\u00ean th\u1ec3 thao s\u1ed1 1 Vi\u1ec7t Nam\",\"publisher\":{\"@id\":\"https:\/\/cungtenhanoi.com\/#organization\"},\"potentialAction\":[{\"@type\":\"SearchAction\",\"target\":{\"@type\":\"EntryPoint\",\"urlTemplate\":\"https:\/\/cungtenhanoi.com\/?s={search_term_string}\"},\"query-input\":\"required name=search_term_string\"}],\"inLanguage\":\"vi\"},{\"@type\":\"Organization\",\"@id\":\"https:\/\/cungtenhanoi.com\/#organization\",\"name\":\"Cung T\u00ean H\u00e0 N\u1ed9i\",\"url\":\"https:\/\/cungtenhanoi.com\/\",\"sameAs\":[],\"logo\":{\"@type\":\"ImageObject\",\"inLanguage\":\"vi\",\"@id\":\"https:\/\/cungtenhanoi.com\/#\/schema\/logo\/image\/\",\"url\":\"https:\/\/cungtenhanoi.com\/wp-content\/uploads\/2025\/05\/logo-den-trang.jpg\",\"contentUrl\":\"https:\/\/cungtenhanoi.com\/wp-content\/uploads\/2025\/05\/logo-den-trang.jpg\",\"width\":450,\"height\":450,\"caption\":\"Cung T\u00ean H\u00e0 N\u1ed9i\"},\"image\":{\"@id\":\"https:\/\/cungtenhanoi.com\/#\/schema\/logo\/image\/\"}}]}<\/script>\n<!-- \/ Yoast SEO plugin. -->","yoast_head_json":{"title":"T\u1ea1 ch\u1ed1ng rung - WW ACS Carbon - Cung T\u00ean H\u00e0 N\u1ed9i","description":"Mua cung t\u00ean th\u1ec3 thao, Mua cung t\u00ean t\u1ea1i h\u00e0 n\u1ed9i, Cung tr\u1ee3 l\u1ef1c, Cung compound, Cung t\u00ean ch\u00ednh h\u00e3ng, , Cung t\u00ean h\u00e0 n\u1ed9i, Cung t\u00ean , Mua cung t\u00ean S\u00e0i g\u00f2n , Mua m\u0169i t\u00ean b\u1eafn cung , Cung b\u1eafn bi s\u1eaft , cung t\u00ean mini, Cung truy\u1ec1n th\u1ed1ng, Cung c\u1ed5 \u0111i\u1ec3n, Cung trang tr\u00ed, Cung tr\u01b0ng b\u00e0y, cung t\u00ean m\u1ea1nh, mua ph\u1ee5 ki\u1ec7n b\u1eafn cung, m\u0169i t\u00ean, m\u0169i t\u00ean cacbon, eston x10, ch\u1ed1ng rung, th\u0103ng b\u1eb1ng, stabilizer, t\u1ea1 ch\u1ed1ng rung","robots":{"index":"index","follow":"follow","max-snippet":"max-snippet:-1","max-image-preview":"max-image-preview:large","max-video-preview":"max-video-preview:-1"},"canonical":"https:\/\/cungtenhanoi.com\/?product=ta-chong-rung-ww-acs-carbon","og_locale":"vi_VN","og_type":"article","og_title":"T\u1ea1 ch\u1ed1ng rung b\u1eafn cung - stabilizer damper","og_description":"Mua t\u1ea1 ch\u1ed1ng rung - cung t\u00ean H\u00e0 N\u1ed9i","og_url":"https:\/\/cungtenhanoi.com\/?product=ta-chong-rung-ww-acs-carbon","og_site_name":"Cung T\u00ean H\u00e0 N\u1ed9i","article_modified_time":"2025-05-11T06:51:03+00:00","og_image":[{"width":960,"height":960,"url":"https:\/\/cungtenhanoi.com\/wp-content\/uploads\/2022\/03\/105581878_765632624254904_1210216074861223654_n.jpg","type":"image\/jpeg"}],"twitter_card":"summary_large_image","twitter_misc":{"\u01af\u1edbc t\u00ednh th\u1eddi gian \u0111\u1ecdc":"1 ph\u00fat"},"schema":{"@context":"https:\/\/schema.org","@graph":[{"@type":"WebPage","@id":"https:\/\/cungtenhanoi.com\/?product=ta-chong-rung-ww-acs-carbon","url":"https:\/\/cungtenhanoi.com\/?product=ta-chong-rung-ww-acs-carbon","name":"T\u1ea1 ch\u1ed1ng rung - WW ACS Carbon - Cung T\u00ean H\u00e0 N\u1ed9i","isPartOf":{"@id":"https:\/\/cungtenhanoi.com\/#website"},"datePublished":"2022-03-11T04:45:23+00:00","dateModified":"2025-05-11T06:51:03+00:00","description":"Mua cung t\u00ean th\u1ec3 thao, Mua cung t\u00ean t\u1ea1i h\u00e0 n\u1ed9i, Cung tr\u1ee3 l\u1ef1c, Cung compound, Cung t\u00ean ch\u00ednh h\u00e3ng, , Cung t\u00ean h\u00e0 n\u1ed9i, Cung t\u00ean , Mua cung t\u00ean S\u00e0i g\u00f2n , Mua m\u0169i t\u00ean b\u1eafn cung , Cung b\u1eafn bi s\u1eaft , cung t\u00ean mini, Cung truy\u1ec1n th\u1ed1ng, Cung c\u1ed5 \u0111i\u1ec3n, Cung trang tr\u00ed, Cung tr\u01b0ng b\u00e0y, cung t\u00ean m\u1ea1nh, mua ph\u1ee5 ki\u1ec7n b\u1eafn cung, m\u0169i t\u00ean, m\u0169i t\u00ean cacbon, eston x10, ch\u1ed1ng rung, th\u0103ng b\u1eb1ng, stabilizer, t\u1ea1 ch\u1ed1ng rung","breadcrumb":{"@id":"https:\/\/cungtenhanoi.com\/?product=ta-chong-rung-ww-acs-carbon#breadcrumb"},"inLanguage":"vi","potentialAction":[{"@type":"ReadAction","target":["https:\/\/cungtenhanoi.com\/?product=ta-chong-rung-ww-acs-carbon"]}]},{"@type":"BreadcrumbList","@id":"https:\/\/cungtenhanoi.com\/?product=ta-chong-rung-ww-acs-carbon#breadcrumb","itemListElement":[{"@type":"ListItem","position":1,"name":"Trang ch\u1ee7","item":"https:\/\/cungtenhanoi.com\/"},{"@type":"ListItem","position":2,"name":"Shop","item":"https:\/\/cungtenhanoi.com\/?page_id=6"},{"@type":"ListItem","position":3,"name":"Ph\u1ee5 ki\u1ec7n","item":"https:\/\/cungtenhanoi.com\/danh-muc\/phu-kien\/"},{"@type":"ListItem","position":4,"name":"T\u1ea1 ch\u1ed1ng rung &#8211; WW ACS Carbon"}]},{"@type":"WebSite","@id":"https:\/\/cungtenhanoi.com\/#website","url":"https:\/\/cungtenhanoi.com\/","name":"Cung T\u00ean H\u00e0 N\u1ed9i","description":"Cung c\u1ea5p c\u00e1c lo\u1ea1i cung t\u00ean th\u1ec3 thao s\u1ed1 1 Vi\u1ec7t Nam","publisher":{"@id":"https:\/\/cungtenhanoi.com\/#organization"},"potentialAction":[{"@type":"SearchAction","target":{"@type":"EntryPoint","urlTemplate":"https:\/\/cungtenhanoi.com\/?s={search_term_string}"},"query-input":"required name=search_term_string"}],"inLanguage":"vi"},{"@type":"Organization","@id":"https:\/\/cungtenhanoi.com\/#organization","name":"Cung T\u00ean H\u00e0 N\u1ed9i","url":"https:\/\/cungtenhanoi.com\/","sameAs":[],"logo":{"@type":"ImageObject","inLanguage":"vi","@id":"https:\/\/cungtenhanoi.com\/#\/schema\/logo\/image\/","url":"https:\/\/cungtenhanoi.com\/wp-content\/uploads\/2025\/05\/logo-den-trang.jpg","contentUrl":"https:\/\/cungtenhanoi.com\/wp-content\/uploads\/2025\/05\/logo-den-trang.jpg","width":450,"height":450,"caption":"Cung T\u00ean H\u00e0 N\u1ed9i"},"image":{"@id":"https:\/\/cungtenhanoi.com\/#\/schema\/logo\/image\/"}}]}},"_links":{"self":[{"href":"https:\/\/cungtenhanoi.com\/index.php?rest_route=\/wp\/v2\/product\/2098"}],"collection":[{"href":"https:\/\/cungtenhanoi.com\/index.php?rest_route=\/wp\/v2\/product"}],"about":[{"href":"https:\/\/cungtenhanoi.com\/index.php?rest_route=\/wp\/v2\/types\/product"}],"replies":[{"embeddable":true,"href":"https:\/\/cungtenhanoi.com\/index.php?rest_route=%2Fwp%2Fv2%2Fcomments&post=2098"}],"wp:featuredmedia":[{"embeddable":true,"href":"https:\/\/cungtenhanoi.com\/index.php?rest_route=\/wp\/v2\/media\/2099"}],"wp:attachment":[{"href":"https:\/\/cungtenhanoi.com\/index.php?rest_route=%2Fwp%2Fv2%2Fmedia&parent=2098"}],"wp:term":[{"taxonomy":"product_cat","embeddable":true,"href":"https:\/\/cungtenhanoi.com\/index.php?rest_route=%2Fwp%2Fv2%2Fproduct_cat&post=2098"},{"taxonomy":"product_tag","embeddable":true,"href":"https:\/\/cungtenhanoi.com\/index.php?rest_route=%2Fwp%2Fv2%2Fproduct_tag&post=2098"}],"curies":[{"name":"wp","href":"https:\/\/api.w.org\/{rel}","templated":true}]}}