{"id":2117,"date":"2022-03-11T21:14:22","date_gmt":"2022-03-11T14:14:22","guid":{"rendered":"https:\/\/cungtenhanoi.com\/?post_type=product&#038;p=2117"},"modified":"2025-05-11T13:40:45","modified_gmt":"2025-05-11T06:40:45","slug":"shibuya-rc-pro-520","status":"publish","type":"product","link":"https:\/\/cungtenhanoi.com\/?product=shibuya-rc-pro-520","title":{"rendered":"Th\u01b0\u1edbc ng\u1eafm Shibuya RC Pro 520"},"content":{"rendered":"<p><img loading=\"lazy\" class=\"aligncenter  wp-image-2118\" src=\"https:\/\/cungtenhanoi.com\/wp-content\/uploads\/2022\/03\/629D6582-6A00-4509-BE92-8F28B8428F13.jpeg\" alt=\"\" width=\"619\" height=\"619\" srcset=\"https:\/\/cungtenhanoi.com\/wp-content\/uploads\/2022\/03\/629D6582-6A00-4509-BE92-8F28B8428F13.jpeg 1080w, https:\/\/cungtenhanoi.com\/wp-content\/uploads\/2022\/03\/629D6582-6A00-4509-BE92-8F28B8428F13-300x300.jpeg 300w, https:\/\/cungtenhanoi.com\/wp-content\/uploads\/2022\/03\/629D6582-6A00-4509-BE92-8F28B8428F13-100x100.jpeg 100w, https:\/\/cungtenhanoi.com\/wp-content\/uploads\/2022\/03\/629D6582-6A00-4509-BE92-8F28B8428F13-600x600.jpeg 600w, https:\/\/cungtenhanoi.com\/wp-content\/uploads\/2022\/03\/629D6582-6A00-4509-BE92-8F28B8428F13-64x64.jpeg 64w\" sizes=\"(max-width: 619px) 100vw, 619px\" \/> <img loading=\"lazy\" class=\"aligncenter  wp-image-2119\" src=\"https:\/\/cungtenhanoi.com\/wp-content\/uploads\/2022\/03\/84B9A201-244C-45AB-A16D-8C5896540F1C.jpeg\" alt=\"\" width=\"615\" height=\"435\" srcset=\"https:\/\/cungtenhanoi.com\/wp-content\/uploads\/2022\/03\/84B9A201-244C-45AB-A16D-8C5896540F1C.jpeg 1200w, https:\/\/cungtenhanoi.com\/wp-content\/uploads\/2022\/03\/84B9A201-244C-45AB-A16D-8C5896540F1C-600x424.jpeg 600w, https:\/\/cungtenhanoi.com\/wp-content\/uploads\/2022\/03\/84B9A201-244C-45AB-A16D-8C5896540F1C-64x45.jpeg 64w\" sizes=\"(max-width: 615px) 100vw, 615px\" \/> <img loading=\"lazy\" class=\"aligncenter size-full wp-image-2120\" src=\"https:\/\/cungtenhanoi.com\/wp-content\/uploads\/2022\/03\/D2CA3F5F-E98F-4358-B1A6-FA355265E251.jpeg\" alt=\"\" width=\"620\" height=\"465\" srcset=\"https:\/\/cungtenhanoi.com\/wp-content\/uploads\/2022\/03\/D2CA3F5F-E98F-4358-B1A6-FA355265E251.jpeg 620w, https:\/\/cungtenhanoi.com\/wp-content\/uploads\/2022\/03\/D2CA3F5F-E98F-4358-B1A6-FA355265E251-600x450.jpeg 600w, https:\/\/cungtenhanoi.com\/wp-content\/uploads\/2022\/03\/D2CA3F5F-E98F-4358-B1A6-FA355265E251-64x48.jpeg 64w, https:\/\/cungtenhanoi.com\/wp-content\/uploads\/2022\/03\/D2CA3F5F-E98F-4358-B1A6-FA355265E251-300x225.jpeg 300w, https:\/\/cungtenhanoi.com\/wp-content\/uploads\/2022\/03\/D2CA3F5F-E98F-4358-B1A6-FA355265E251-480x360.jpeg 480w\" sizes=\"(max-width: 620px) 100vw, 620px\" \/> <img loading=\"lazy\" class=\"aligncenter  wp-image-2121\" src=\"https:\/\/cungtenhanoi.com\/wp-content\/uploads\/2022\/03\/16B38313-5E62-4656-B2F7-3AE64F47F110.jpeg\" alt=\"\" width=\"619\" height=\"826\" srcset=\"https:\/\/cungtenhanoi.com\/wp-content\/uploads\/2022\/03\/16B38313-5E62-4656-B2F7-3AE64F47F110.jpeg 900w, https:\/\/cungtenhanoi.com\/wp-content\/uploads\/2022\/03\/16B38313-5E62-4656-B2F7-3AE64F47F110-600x800.jpeg 600w, https:\/\/cungtenhanoi.com\/wp-content\/uploads\/2022\/03\/16B38313-5E62-4656-B2F7-3AE64F47F110-64x85.jpeg 64w, https:\/\/cungtenhanoi.com\/wp-content\/uploads\/2022\/03\/16B38313-5E62-4656-B2F7-3AE64F47F110-225x300.jpeg 225w, https:\/\/cungtenhanoi.com\/wp-content\/uploads\/2022\/03\/16B38313-5E62-4656-B2F7-3AE64F47F110-768x1024.jpeg 768w\" sizes=\"(max-width: 619px) 100vw, 619px\" \/><\/p>\n","protected":false},"excerpt":{"rendered":"","protected":false},"featured_media":2118,"comment_status":"open","ping_status":"closed","template":"","meta":[],"product_cat":[20],"product_tag":[198,86,257,481,482,480,383],"acf":[],"yoast_head":"<!-- This site is optimized with the Yoast SEO plugin v19.8 - https:\/\/yoast.com\/wordpress\/plugins\/seo\/ -->\n<title>Th\u01b0\u1edbc ng\u1eafm Shibuya RC Pro 520 - Cung T\u00ean H\u00e0 N\u1ed9i<\/title>\n<meta name=\"description\" content=\"Mua cung t\u00ean th\u1ec3 thao, Mua cung t\u00ean t\u1ea1i h\u00e0 n\u1ed9i, Cung tr\u1ee3 l\u1ef1c, Cung compound, Cung t\u00ean ch\u00ednh h\u00e3ng, , Cung t\u00ean h\u00e0 n\u1ed9i, Cung t\u00ean , Mua cung t\u00ean S\u00e0i g\u00f2n , Mua m\u0169i t\u00ean b\u1eafn cung , Cung b\u1eafn bi s\u1eaft , cung t\u00ean mini, Cung truy\u1ec1n th\u1ed1ng, Cung c\u1ed5 \u0111i\u1ec3n, Cung trang tr\u00ed, Cung tr\u01b0ng b\u00e0y, cung t\u00ean m\u1ea1nh, mua ph\u1ee5 ki\u1ec7n b\u1eafn cung, m\u0169i t\u00ean, m\u0169i t\u00ean cacbon, eston x10, th\u01b0\u1edbc ng\u1eafm, th\u01b0\u1edbc ng\u1eafm b\u1eafn cung, Shibya\" \/>\n<meta name=\"robots\" content=\"index, follow, max-snippet:-1, max-image-preview:large, max-video-preview:-1\" \/>\n<link rel=\"canonical\" href=\"https:\/\/cungtenhanoi.com\/?product=shibuya-rc-pro-520\" \/>\n<meta property=\"og:locale\" content=\"vi_VN\" \/>\n<meta property=\"og:type\" content=\"article\" \/>\n<meta property=\"og:title\" content=\"Th\u01b0\u1edbc ng\u1eafm b\u1eafn cung Shibya\" \/>\n<meta property=\"og:description\" content=\"Mua th\u01b0\u1edbc ng\u1eafm b\u1eafn cung Shibya - cung t\u00ean H\u00e0 n\u1ed9i\" \/>\n<meta property=\"og:url\" content=\"https:\/\/cungtenhanoi.com\/?product=shibuya-rc-pro-520\" \/>\n<meta property=\"og:site_name\" content=\"Cung T\u00ean H\u00e0 N\u1ed9i\" \/>\n<meta property=\"article:modified_time\" content=\"2025-05-11T06:40:45+00:00\" \/>\n<meta property=\"og:image\" content=\"https:\/\/cungtenhanoi.com\/wp-content\/uploads\/2022\/03\/axcel-sight-scaled.jpg\" \/>\n\t<meta property=\"og:image:width\" content=\"2560\" \/>\n\t<meta property=\"og:image:height\" content=\"2180\" \/>\n\t<meta property=\"og:image:type\" content=\"image\/jpeg\" \/>\n<meta name=\"twitter:card\" content=\"summary_large_image\" \/>\n<meta name=\"twitter:label1\" content=\"\u01af\u1edbc t\u00ednh th\u1eddi gian \u0111\u1ecdc\" \/>\n\t<meta name=\"twitter:data1\" content=\"1 ph\u00fat\" \/>\n<script type=\"application\/ld+json\" class=\"yoast-schema-graph\">{\"@context\":\"https:\/\/schema.org\",\"@graph\":[{\"@type\":\"WebPage\",\"@id\":\"https:\/\/cungtenhanoi.com\/?product=shibuya-rc-pro-520\",\"url\":\"https:\/\/cungtenhanoi.com\/?product=shibuya-rc-pro-520\",\"name\":\"Th\u01b0\u1edbc ng\u1eafm Shibuya RC Pro 520 - Cung T\u00ean H\u00e0 N\u1ed9i\",\"isPartOf\":{\"@id\":\"https:\/\/cungtenhanoi.com\/#website\"},\"datePublished\":\"2022-03-11T14:14:22+00:00\",\"dateModified\":\"2025-05-11T06:40:45+00:00\",\"description\":\"Mua cung t\u00ean th\u1ec3 thao, Mua cung t\u00ean t\u1ea1i h\u00e0 n\u1ed9i, Cung tr\u1ee3 l\u1ef1c, Cung compound, Cung t\u00ean ch\u00ednh h\u00e3ng, , Cung t\u00ean h\u00e0 n\u1ed9i, Cung t\u00ean , Mua cung t\u00ean S\u00e0i g\u00f2n , Mua m\u0169i t\u00ean b\u1eafn cung , Cung b\u1eafn bi s\u1eaft , cung t\u00ean mini, Cung truy\u1ec1n th\u1ed1ng, Cung c\u1ed5 \u0111i\u1ec3n, Cung trang tr\u00ed, Cung tr\u01b0ng b\u00e0y, cung t\u00ean m\u1ea1nh, mua ph\u1ee5 ki\u1ec7n b\u1eafn cung, m\u0169i t\u00ean, m\u0169i t\u00ean cacbon, eston x10, th\u01b0\u1edbc ng\u1eafm, th\u01b0\u1edbc ng\u1eafm b\u1eafn cung, Shibya\",\"breadcrumb\":{\"@id\":\"https:\/\/cungtenhanoi.com\/?product=shibuya-rc-pro-520#breadcrumb\"},\"inLanguage\":\"vi\",\"potentialAction\":[{\"@type\":\"ReadAction\",\"target\":[\"https:\/\/cungtenhanoi.com\/?product=shibuya-rc-pro-520\"]}]},{\"@type\":\"BreadcrumbList\",\"@id\":\"https:\/\/cungtenhanoi.com\/?product=shibuya-rc-pro-520#breadcrumb\",\"itemListElement\":[{\"@type\":\"ListItem\",\"position\":1,\"name\":\"Trang ch\u1ee7\",\"item\":\"https:\/\/cungtenhanoi.com\/\"},{\"@type\":\"ListItem\",\"position\":2,\"name\":\"Shop\",\"item\":\"https:\/\/cungtenhanoi.com\/?page_id=6\"},{\"@type\":\"ListItem\",\"position\":3,\"name\":\"Ph\u1ee5 ki\u1ec7n\",\"item\":\"https:\/\/cungtenhanoi.com\/danh-muc\/phu-kien\/\"},{\"@type\":\"ListItem\",\"position\":4,\"name\":\"Th\u01b0\u1edbc ng\u1eafm Shibuya RC Pro 520\"}]},{\"@type\":\"WebSite\",\"@id\":\"https:\/\/cungtenhanoi.com\/#website\",\"url\":\"https:\/\/cungtenhanoi.com\/\",\"name\":\"Cung T\u00ean H\u00e0 N\u1ed9i\",\"description\":\"Cung c\u1ea5p c\u00e1c lo\u1ea1i cung t\u00ean th\u1ec3 thao s\u1ed1 1 Vi\u1ec7t Nam\",\"publisher\":{\"@id\":\"https:\/\/cungtenhanoi.com\/#organization\"},\"potentialAction\":[{\"@type\":\"SearchAction\",\"target\":{\"@type\":\"EntryPoint\",\"urlTemplate\":\"https:\/\/cungtenhanoi.com\/?s={search_term_string}\"},\"query-input\":\"required name=search_term_string\"}],\"inLanguage\":\"vi\"},{\"@type\":\"Organization\",\"@id\":\"https:\/\/cungtenhanoi.com\/#organization\",\"name\":\"Cung T\u00ean H\u00e0 N\u1ed9i\",\"url\":\"https:\/\/cungtenhanoi.com\/\",\"sameAs\":[],\"logo\":{\"@type\":\"ImageObject\",\"inLanguage\":\"vi\",\"@id\":\"https:\/\/cungtenhanoi.com\/#\/schema\/logo\/image\/\",\"url\":\"https:\/\/cungtenhanoi.com\/wp-content\/uploads\/2025\/05\/logo-den-trang.jpg\",\"contentUrl\":\"https:\/\/cungtenhanoi.com\/wp-content\/uploads\/2025\/05\/logo-den-trang.jpg\",\"width\":450,\"height\":450,\"caption\":\"Cung T\u00ean H\u00e0 N\u1ed9i\"},\"image\":{\"@id\":\"https:\/\/cungtenhanoi.com\/#\/schema\/logo\/image\/\"}}]}<\/script>\n<!-- \/ Yoast SEO plugin. -->","yoast_head_json":{"title":"Th\u01b0\u1edbc ng\u1eafm Shibuya RC Pro 520 - Cung T\u00ean H\u00e0 N\u1ed9i","description":"Mua cung t\u00ean th\u1ec3 thao, Mua cung t\u00ean t\u1ea1i h\u00e0 n\u1ed9i, Cung tr\u1ee3 l\u1ef1c, Cung compound, Cung t\u00ean ch\u00ednh h\u00e3ng, , Cung t\u00ean h\u00e0 n\u1ed9i, Cung t\u00ean , Mua cung t\u00ean S\u00e0i g\u00f2n , Mua m\u0169i t\u00ean b\u1eafn cung , Cung b\u1eafn bi s\u1eaft , cung t\u00ean mini, Cung truy\u1ec1n th\u1ed1ng, Cung c\u1ed5 \u0111i\u1ec3n, Cung trang tr\u00ed, Cung tr\u01b0ng b\u00e0y, cung t\u00ean m\u1ea1nh, mua ph\u1ee5 ki\u1ec7n b\u1eafn cung, m\u0169i t\u00ean, m\u0169i t\u00ean cacbon, eston x10, th\u01b0\u1edbc ng\u1eafm, th\u01b0\u1edbc ng\u1eafm b\u1eafn cung, Shibya","robots":{"index":"index","follow":"follow","max-snippet":"max-snippet:-1","max-image-preview":"max-image-preview:large","max-video-preview":"max-video-preview:-1"},"canonical":"https:\/\/cungtenhanoi.com\/?product=shibuya-rc-pro-520","og_locale":"vi_VN","og_type":"article","og_title":"Th\u01b0\u1edbc ng\u1eafm b\u1eafn cung Shibya","og_description":"Mua th\u01b0\u1edbc ng\u1eafm b\u1eafn cung Shibya - cung t\u00ean H\u00e0 n\u1ed9i","og_url":"https:\/\/cungtenhanoi.com\/?product=shibuya-rc-pro-520","og_site_name":"Cung T\u00ean H\u00e0 N\u1ed9i","article_modified_time":"2025-05-11T06:40:45+00:00","og_image":[{"width":2560,"height":2180,"url":"https:\/\/cungtenhanoi.com\/wp-content\/uploads\/2022\/03\/axcel-sight-scaled.jpg","type":"image\/jpeg"}],"twitter_card":"summary_large_image","twitter_misc":{"\u01af\u1edbc t\u00ednh th\u1eddi gian \u0111\u1ecdc":"1 ph\u00fat"},"schema":{"@context":"https:\/\/schema.org","@graph":[{"@type":"WebPage","@id":"https:\/\/cungtenhanoi.com\/?product=shibuya-rc-pro-520","url":"https:\/\/cungtenhanoi.com\/?product=shibuya-rc-pro-520","name":"Th\u01b0\u1edbc ng\u1eafm Shibuya RC Pro 520 - Cung T\u00ean H\u00e0 N\u1ed9i","isPartOf":{"@id":"https:\/\/cungtenhanoi.com\/#website"},"datePublished":"2022-03-11T14:14:22+00:00","dateModified":"2025-05-11T06:40:45+00:00","description":"Mua cung t\u00ean th\u1ec3 thao, Mua cung t\u00ean t\u1ea1i h\u00e0 n\u1ed9i, Cung tr\u1ee3 l\u1ef1c, Cung compound, Cung t\u00ean ch\u00ednh h\u00e3ng, , Cung t\u00ean h\u00e0 n\u1ed9i, Cung t\u00ean , Mua cung t\u00ean S\u00e0i g\u00f2n , Mua m\u0169i t\u00ean b\u1eafn cung , Cung b\u1eafn bi s\u1eaft , cung t\u00ean mini, Cung truy\u1ec1n th\u1ed1ng, Cung c\u1ed5 \u0111i\u1ec3n, Cung trang tr\u00ed, Cung tr\u01b0ng b\u00e0y, cung t\u00ean m\u1ea1nh, mua ph\u1ee5 ki\u1ec7n b\u1eafn cung, m\u0169i t\u00ean, m\u0169i t\u00ean cacbon, eston x10, th\u01b0\u1edbc ng\u1eafm, th\u01b0\u1edbc ng\u1eafm b\u1eafn cung, Shibya","breadcrumb":{"@id":"https:\/\/cungtenhanoi.com\/?product=shibuya-rc-pro-520#breadcrumb"},"inLanguage":"vi","potentialAction":[{"@type":"ReadAction","target":["https:\/\/cungtenhanoi.com\/?product=shibuya-rc-pro-520"]}]},{"@type":"BreadcrumbList","@id":"https:\/\/cungtenhanoi.com\/?product=shibuya-rc-pro-520#breadcrumb","itemListElement":[{"@type":"ListItem","position":1,"name":"Trang ch\u1ee7","item":"https:\/\/cungtenhanoi.com\/"},{"@type":"ListItem","position":2,"name":"Shop","item":"https:\/\/cungtenhanoi.com\/?page_id=6"},{"@type":"ListItem","position":3,"name":"Ph\u1ee5 ki\u1ec7n","item":"https:\/\/cungtenhanoi.com\/danh-muc\/phu-kien\/"},{"@type":"ListItem","position":4,"name":"Th\u01b0\u1edbc ng\u1eafm Shibuya RC Pro 520"}]},{"@type":"WebSite","@id":"https:\/\/cungtenhanoi.com\/#website","url":"https:\/\/cungtenhanoi.com\/","name":"Cung T\u00ean H\u00e0 N\u1ed9i","description":"Cung c\u1ea5p c\u00e1c lo\u1ea1i cung t\u00ean th\u1ec3 thao s\u1ed1 1 Vi\u1ec7t Nam","publisher":{"@id":"https:\/\/cungtenhanoi.com\/#organization"},"potentialAction":[{"@type":"SearchAction","target":{"@type":"EntryPoint","urlTemplate":"https:\/\/cungtenhanoi.com\/?s={search_term_string}"},"query-input":"required name=search_term_string"}],"inLanguage":"vi"},{"@type":"Organization","@id":"https:\/\/cungtenhanoi.com\/#organization","name":"Cung T\u00ean H\u00e0 N\u1ed9i","url":"https:\/\/cungtenhanoi.com\/","sameAs":[],"logo":{"@type":"ImageObject","inLanguage":"vi","@id":"https:\/\/cungtenhanoi.com\/#\/schema\/logo\/image\/","url":"https:\/\/cungtenhanoi.com\/wp-content\/uploads\/2025\/05\/logo-den-trang.jpg","contentUrl":"https:\/\/cungtenhanoi.com\/wp-content\/uploads\/2025\/05\/logo-den-trang.jpg","width":450,"height":450,"caption":"Cung T\u00ean H\u00e0 N\u1ed9i"},"image":{"@id":"https:\/\/cungtenhanoi.com\/#\/schema\/logo\/image\/"}}]}},"_links":{"self":[{"href":"https:\/\/cungtenhanoi.com\/index.php?rest_route=\/wp\/v2\/product\/2117"}],"collection":[{"href":"https:\/\/cungtenhanoi.com\/index.php?rest_route=\/wp\/v2\/product"}],"about":[{"href":"https:\/\/cungtenhanoi.com\/index.php?rest_route=\/wp\/v2\/types\/product"}],"replies":[{"embeddable":true,"href":"https:\/\/cungtenhanoi.com\/index.php?rest_route=%2Fwp%2Fv2%2Fcomments&post=2117"}],"wp:featuredmedia":[{"embeddable":true,"href":"https:\/\/cungtenhanoi.com\/index.php?rest_route=\/wp\/v2\/media\/2118"}],"wp:attachment":[{"href":"https:\/\/cungtenhanoi.com\/index.php?rest_route=%2Fwp%2Fv2%2Fmedia&parent=2117"}],"wp:term":[{"taxonomy":"product_cat","embeddable":true,"href":"https:\/\/cungtenhanoi.com\/index.php?rest_route=%2Fwp%2Fv2%2Fproduct_cat&post=2117"},{"taxonomy":"product_tag","embeddable":true,"href":"https:\/\/cungtenhanoi.com\/index.php?rest_route=%2Fwp%2Fv2%2Fproduct_tag&post=2117"}],"curies":[{"name":"wp","href":"https:\/\/api.w.org\/{rel}","templated":true}]}}