{"id":2218,"date":"2022-03-14T20:51:23","date_gmt":"2022-03-14T13:51:23","guid":{"rendered":"https:\/\/cungtenhanoi.com\/?post_type=product&#038;p=2218"},"modified":"2025-05-11T13:32:50","modified_gmt":"2025-05-11T06:32:50","slug":"tab-caosu-pe","status":"publish","type":"product","link":"https:\/\/cungtenhanoi.com\/?product=tab-caosu-pe","title":{"rendered":"Tab caosu PE k\u00e9o cung"},"content":{"rendered":"<p style=\"text-align: center;\">\u00c1p d\u1ee5ng \u0111\u01b0\u1ee3c cho t\u1ea5t c\u1ea3 c\u00e1c lo\u1ea1i cung 1 d\u00e2y, ch\u1ea5t li\u1ec7u caosu PE m\u1ec1m, d\u1ebbo ko b\u1ecb c\u1ee9ng, si\u00eau b\u1ec1n<br \/>\n<img loading=\"lazy\" class=\"aligncenter  wp-image-2223\" src=\"https:\/\/cungtenhanoi.com\/wp-content\/uploads\/2022\/03\/TB2zi7ulEhnpuFjSZFpXXcpuXXa_125903994.jpg\" alt=\"\" width=\"302\" height=\"302\" srcset=\"https:\/\/cungtenhanoi.com\/wp-content\/uploads\/2022\/03\/TB2zi7ulEhnpuFjSZFpXXcpuXXa_125903994.jpg 750w, https:\/\/cungtenhanoi.com\/wp-content\/uploads\/2022\/03\/TB2zi7ulEhnpuFjSZFpXXcpuXXa_125903994-300x300.jpg 300w, https:\/\/cungtenhanoi.com\/wp-content\/uploads\/2022\/03\/TB2zi7ulEhnpuFjSZFpXXcpuXXa_125903994-100x100.jpg 100w, https:\/\/cungtenhanoi.com\/wp-content\/uploads\/2022\/03\/TB2zi7ulEhnpuFjSZFpXXcpuXXa_125903994-600x600.jpg 600w, https:\/\/cungtenhanoi.com\/wp-content\/uploads\/2022\/03\/TB2zi7ulEhnpuFjSZFpXXcpuXXa_125903994-64x64.jpg 64w\" sizes=\"(max-width: 302px) 100vw, 302px\" \/> <img loading=\"lazy\" class=\"aligncenter  wp-image-2222\" src=\"https:\/\/cungtenhanoi.com\/wp-content\/uploads\/2022\/03\/TB2QRw0lxlmpuFjSZPfXXc9iXXa_125903994.jpg\" alt=\"\" width=\"308\" height=\"371\" srcset=\"https:\/\/cungtenhanoi.com\/wp-content\/uploads\/2022\/03\/TB2QRw0lxlmpuFjSZPfXXc9iXXa_125903994.jpg 476w, https:\/\/cungtenhanoi.com\/wp-content\/uploads\/2022\/03\/TB2QRw0lxlmpuFjSZPfXXc9iXXa_125903994-64x77.jpg 64w, https:\/\/cungtenhanoi.com\/wp-content\/uploads\/2022\/03\/TB2QRw0lxlmpuFjSZPfXXc9iXXa_125903994-249x300.jpg 249w\" sizes=\"(max-width: 308px) 100vw, 308px\" \/> <img loading=\"lazy\" class=\"aligncenter  wp-image-2221\" src=\"https:\/\/cungtenhanoi.com\/wp-content\/uploads\/2022\/03\/TB2PDAzlEdnpuFjSZPhXXbChpXa_125903994.jpg\" alt=\"\" width=\"308\" height=\"262\" srcset=\"https:\/\/cungtenhanoi.com\/wp-content\/uploads\/2022\/03\/TB2PDAzlEdnpuFjSZPhXXbChpXa_125903994.jpg 749w, https:\/\/cungtenhanoi.com\/wp-content\/uploads\/2022\/03\/TB2PDAzlEdnpuFjSZPhXXbChpXa_125903994-600x510.jpg 600w, https:\/\/cungtenhanoi.com\/wp-content\/uploads\/2022\/03\/TB2PDAzlEdnpuFjSZPhXXbChpXa_125903994-64x54.jpg 64w, https:\/\/cungtenhanoi.com\/wp-content\/uploads\/2022\/03\/TB2PDAzlEdnpuFjSZPhXXbChpXa_125903994-300x255.jpg 300w\" sizes=\"(max-width: 308px) 100vw, 308px\" \/> <img loading=\"lazy\" class=\"aligncenter size-full wp-image-2220\" src=\"https:\/\/cungtenhanoi.com\/wp-content\/uploads\/2022\/03\/TB2IzPhqHBmpuFjSZFuXXaG_XXa_125903994.jpg\" alt=\"\" width=\"332\" height=\"322\" srcset=\"https:\/\/cungtenhanoi.com\/wp-content\/uploads\/2022\/03\/TB2IzPhqHBmpuFjSZFuXXaG_XXa_125903994.jpg 332w, https:\/\/cungtenhanoi.com\/wp-content\/uploads\/2022\/03\/TB2IzPhqHBmpuFjSZFuXXaG_XXa_125903994-64x62.jpg 64w\" sizes=\"(max-width: 332px) 100vw, 332px\" \/> <img loading=\"lazy\" class=\"aligncenter  wp-image-2219\" src=\"https:\/\/cungtenhanoi.com\/wp-content\/uploads\/2022\/03\/TB2CmqtgetTMeFjSZFOXXaTiVXa_125903994.jpg\" alt=\"\" width=\"322\" height=\"322\" srcset=\"https:\/\/cungtenhanoi.com\/wp-content\/uploads\/2022\/03\/TB2CmqtgetTMeFjSZFOXXaTiVXa_125903994.jpg 750w, https:\/\/cungtenhanoi.com\/wp-content\/uploads\/2022\/03\/TB2CmqtgetTMeFjSZFOXXaTiVXa_125903994-300x300.jpg 300w, https:\/\/cungtenhanoi.com\/wp-content\/uploads\/2022\/03\/TB2CmqtgetTMeFjSZFOXXaTiVXa_125903994-100x100.jpg 100w, https:\/\/cungtenhanoi.com\/wp-content\/uploads\/2022\/03\/TB2CmqtgetTMeFjSZFOXXaTiVXa_125903994-600x600.jpg 600w, https:\/\/cungtenhanoi.com\/wp-content\/uploads\/2022\/03\/TB2CmqtgetTMeFjSZFOXXaTiVXa_125903994-64x64.jpg 64w, https:\/\/cungtenhanoi.com\/wp-content\/uploads\/2022\/03\/TB2CmqtgetTMeFjSZFOXXaTiVXa_125903994-150x150.jpg 150w, https:\/\/cungtenhanoi.com\/wp-content\/uploads\/2022\/03\/TB2CmqtgetTMeFjSZFOXXaTiVXa_125903994-180x180.jpg 180w, https:\/\/cungtenhanoi.com\/wp-content\/uploads\/2022\/03\/TB2CmqtgetTMeFjSZFOXXaTiVXa_125903994-45x45.jpg 45w\" sizes=\"(max-width: 322px) 100vw, 322px\" \/><\/p>\n","protected":false},"excerpt":{"rendered":"<p>\u00c1p d\u1ee5ng \u0111\u01b0\u1ee3c cho t\u1ea5t c\u1ea3 c\u00e1c lo\u1ea1i cung 1 d\u00e2y, ch\u1ea5t li\u1ec7u caosu PE m\u1ec1m, d\u1ebbo ko b\u1ecb c\u1ee9ng, si\u00eau b\u1ec1n<\/p>\n","protected":false},"featured_media":2220,"comment_status":"open","ping_status":"closed","template":"","meta":[],"product_cat":[20],"product_tag":[198,260,86,484,95],"acf":[],"yoast_head":"<!-- This site is optimized with the Yoast SEO plugin v19.8 - https:\/\/yoast.com\/wordpress\/plugins\/seo\/ -->\n<title>Tab caosu PE k\u00e9o cung - Cung T\u00ean H\u00e0 N\u1ed9i<\/title>\n<meta name=\"description\" content=\"Mua cung t\u00ean th\u1ec3 thao, Mua cung t\u00ean t\u1ea1i h\u00e0 n\u1ed9i, Cung tr\u1ee3 l\u1ef1c, Cung compound, Cung t\u00ean ch\u00ednh h\u00e3ng, , Cung t\u00ean h\u00e0 n\u1ed9i, Cung t\u00ean , Mua cung t\u00ean S\u00e0i g\u00f2n , Mua m\u0169i t\u00ean b\u1eafn cung , Cung b\u1eafn bi s\u1eaft , cung t\u00ean mini, Cung truy\u1ec1n th\u1ed1ng, Cung c\u1ed5 \u0111i\u1ec3n, Cung trang tr\u00ed, Cung tr\u01b0ng b\u00e0y, cung t\u00ean m\u1ea1nh, mua ph\u1ee5 ki\u1ec7n b\u1eafn cung, tab , k\u00e9o cung\" \/>\n<meta name=\"robots\" content=\"index, follow, max-snippet:-1, max-image-preview:large, max-video-preview:-1\" \/>\n<link rel=\"canonical\" href=\"https:\/\/cungtenhanoi.com\/?product=tab-caosu-pe\" \/>\n<meta property=\"og:locale\" content=\"vi_VN\" \/>\n<meta property=\"og:type\" content=\"article\" \/>\n<meta property=\"og:title\" content=\"Tab k\u00e9o cung 1 d\u00e2y\" \/>\n<meta property=\"og:description\" content=\"Mua cung t\u00ean th\u1ec3 thao, Mua cung t\u00ean t\u1ea1i h\u00e0 n\u1ed9i, Cung tr\u1ee3 l\u1ef1c, Cung compound, Cung t\u00ean ch\u00ednh h\u00e3ng, , Cung t\u00ean h\u00e0 n\u1ed9i, Cung t\u00ean , Mua cung t\u00ean S\u00e0i g\u00f2n , Mua m\u0169i t\u00ean b\u1eafn cung , Cung b\u1eafn bi s\u1eaft , cung t\u00ean mini, Cung truy\u1ec1n th\u1ed1ng, Cung c\u1ed5 \u0111i\u1ec3n, Cung trang tr\u00ed, Cung tr\u01b0ng b\u00e0y, cung t\u00ean m\u1ea1nh, mua ph\u1ee5 ki\u1ec7n b\u1eafn cung, tab , k\u00e9o cung\" \/>\n<meta property=\"og:url\" content=\"https:\/\/cungtenhanoi.com\/?product=tab-caosu-pe\" \/>\n<meta property=\"og:site_name\" content=\"Cung T\u00ean H\u00e0 N\u1ed9i\" \/>\n<meta property=\"article:modified_time\" content=\"2025-05-11T06:32:50+00:00\" \/>\n<meta property=\"og:image\" content=\"https:\/\/cungtenhanoi.com\/wp-content\/uploads\/2025\/05\/Untitled-6-scaled.jpg\" \/>\n\t<meta property=\"og:image:width\" content=\"2560\" \/>\n\t<meta property=\"og:image:height\" content=\"2560\" \/>\n\t<meta property=\"og:image:type\" content=\"image\/jpeg\" \/>\n<meta name=\"twitter:card\" content=\"summary_large_image\" \/>\n<meta name=\"twitter:label1\" content=\"\u01af\u1edbc t\u00ednh th\u1eddi gian \u0111\u1ecdc\" \/>\n\t<meta name=\"twitter:data1\" content=\"2 ph\u00fat\" \/>\n<script type=\"application\/ld+json\" class=\"yoast-schema-graph\">{\"@context\":\"https:\/\/schema.org\",\"@graph\":[{\"@type\":\"WebPage\",\"@id\":\"https:\/\/cungtenhanoi.com\/?product=tab-caosu-pe\",\"url\":\"https:\/\/cungtenhanoi.com\/?product=tab-caosu-pe\",\"name\":\"Tab caosu PE k\u00e9o cung - Cung T\u00ean H\u00e0 N\u1ed9i\",\"isPartOf\":{\"@id\":\"https:\/\/cungtenhanoi.com\/#website\"},\"datePublished\":\"2022-03-14T13:51:23+00:00\",\"dateModified\":\"2025-05-11T06:32:50+00:00\",\"description\":\"Mua cung t\u00ean th\u1ec3 thao, Mua cung t\u00ean t\u1ea1i h\u00e0 n\u1ed9i, Cung tr\u1ee3 l\u1ef1c, Cung compound, Cung t\u00ean ch\u00ednh h\u00e3ng, , Cung t\u00ean h\u00e0 n\u1ed9i, Cung t\u00ean , Mua cung t\u00ean S\u00e0i g\u00f2n , Mua m\u0169i t\u00ean b\u1eafn cung , Cung b\u1eafn bi s\u1eaft , cung t\u00ean mini, Cung truy\u1ec1n th\u1ed1ng, Cung c\u1ed5 \u0111i\u1ec3n, Cung trang tr\u00ed, Cung tr\u01b0ng b\u00e0y, cung t\u00ean m\u1ea1nh, mua ph\u1ee5 ki\u1ec7n b\u1eafn cung, tab , k\u00e9o cung\",\"breadcrumb\":{\"@id\":\"https:\/\/cungtenhanoi.com\/?product=tab-caosu-pe#breadcrumb\"},\"inLanguage\":\"vi\",\"potentialAction\":[{\"@type\":\"ReadAction\",\"target\":[\"https:\/\/cungtenhanoi.com\/?product=tab-caosu-pe\"]}]},{\"@type\":\"BreadcrumbList\",\"@id\":\"https:\/\/cungtenhanoi.com\/?product=tab-caosu-pe#breadcrumb\",\"itemListElement\":[{\"@type\":\"ListItem\",\"position\":1,\"name\":\"Trang ch\u1ee7\",\"item\":\"https:\/\/cungtenhanoi.com\/\"},{\"@type\":\"ListItem\",\"position\":2,\"name\":\"Shop\",\"item\":\"https:\/\/cungtenhanoi.com\/?page_id=6\"},{\"@type\":\"ListItem\",\"position\":3,\"name\":\"Ph\u1ee5 ki\u1ec7n\",\"item\":\"https:\/\/cungtenhanoi.com\/danh-muc\/phu-kien\/\"},{\"@type\":\"ListItem\",\"position\":4,\"name\":\"Tab caosu PE k\u00e9o cung\"}]},{\"@type\":\"WebSite\",\"@id\":\"https:\/\/cungtenhanoi.com\/#website\",\"url\":\"https:\/\/cungtenhanoi.com\/\",\"name\":\"Cung T\u00ean H\u00e0 N\u1ed9i\",\"description\":\"Cung c\u1ea5p c\u00e1c lo\u1ea1i cung t\u00ean th\u1ec3 thao s\u1ed1 1 Vi\u1ec7t Nam\",\"publisher\":{\"@id\":\"https:\/\/cungtenhanoi.com\/#organization\"},\"potentialAction\":[{\"@type\":\"SearchAction\",\"target\":{\"@type\":\"EntryPoint\",\"urlTemplate\":\"https:\/\/cungtenhanoi.com\/?s={search_term_string}\"},\"query-input\":\"required name=search_term_string\"}],\"inLanguage\":\"vi\"},{\"@type\":\"Organization\",\"@id\":\"https:\/\/cungtenhanoi.com\/#organization\",\"name\":\"Cung T\u00ean H\u00e0 N\u1ed9i\",\"url\":\"https:\/\/cungtenhanoi.com\/\",\"sameAs\":[],\"logo\":{\"@type\":\"ImageObject\",\"inLanguage\":\"vi\",\"@id\":\"https:\/\/cungtenhanoi.com\/#\/schema\/logo\/image\/\",\"url\":\"https:\/\/cungtenhanoi.com\/wp-content\/uploads\/2025\/05\/logo-den-trang.jpg\",\"contentUrl\":\"https:\/\/cungtenhanoi.com\/wp-content\/uploads\/2025\/05\/logo-den-trang.jpg\",\"width\":450,\"height\":450,\"caption\":\"Cung T\u00ean H\u00e0 N\u1ed9i\"},\"image\":{\"@id\":\"https:\/\/cungtenhanoi.com\/#\/schema\/logo\/image\/\"}}]}<\/script>\n<!-- \/ Yoast SEO plugin. -->","yoast_head_json":{"title":"Tab caosu PE k\u00e9o cung - Cung T\u00ean H\u00e0 N\u1ed9i","description":"Mua cung t\u00ean th\u1ec3 thao, Mua cung t\u00ean t\u1ea1i h\u00e0 n\u1ed9i, Cung tr\u1ee3 l\u1ef1c, Cung compound, Cung t\u00ean ch\u00ednh h\u00e3ng, , Cung t\u00ean h\u00e0 n\u1ed9i, Cung t\u00ean , Mua cung t\u00ean S\u00e0i g\u00f2n , Mua m\u0169i t\u00ean b\u1eafn cung , Cung b\u1eafn bi s\u1eaft , cung t\u00ean mini, Cung truy\u1ec1n th\u1ed1ng, Cung c\u1ed5 \u0111i\u1ec3n, Cung trang tr\u00ed, Cung tr\u01b0ng b\u00e0y, cung t\u00ean m\u1ea1nh, mua ph\u1ee5 ki\u1ec7n b\u1eafn cung, tab , k\u00e9o cung","robots":{"index":"index","follow":"follow","max-snippet":"max-snippet:-1","max-image-preview":"max-image-preview:large","max-video-preview":"max-video-preview:-1"},"canonical":"https:\/\/cungtenhanoi.com\/?product=tab-caosu-pe","og_locale":"vi_VN","og_type":"article","og_title":"Tab k\u00e9o cung 1 d\u00e2y","og_description":"Mua cung t\u00ean th\u1ec3 thao, Mua cung t\u00ean t\u1ea1i h\u00e0 n\u1ed9i, Cung tr\u1ee3 l\u1ef1c, Cung compound, Cung t\u00ean ch\u00ednh h\u00e3ng, , Cung t\u00ean h\u00e0 n\u1ed9i, Cung t\u00ean , Mua cung t\u00ean S\u00e0i g\u00f2n , Mua m\u0169i t\u00ean b\u1eafn cung , Cung b\u1eafn bi s\u1eaft , cung t\u00ean mini, Cung truy\u1ec1n th\u1ed1ng, Cung c\u1ed5 \u0111i\u1ec3n, Cung trang tr\u00ed, Cung tr\u01b0ng b\u00e0y, cung t\u00ean m\u1ea1nh, mua ph\u1ee5 ki\u1ec7n b\u1eafn cung, tab , k\u00e9o cung","og_url":"https:\/\/cungtenhanoi.com\/?product=tab-caosu-pe","og_site_name":"Cung T\u00ean H\u00e0 N\u1ed9i","article_modified_time":"2025-05-11T06:32:50+00:00","og_image":[{"width":2560,"height":2560,"url":"https:\/\/cungtenhanoi.com\/wp-content\/uploads\/2025\/05\/Untitled-6-scaled.jpg","type":"image\/jpeg"}],"twitter_card":"summary_large_image","twitter_misc":{"\u01af\u1edbc t\u00ednh th\u1eddi gian \u0111\u1ecdc":"2 ph\u00fat"},"schema":{"@context":"https:\/\/schema.org","@graph":[{"@type":"WebPage","@id":"https:\/\/cungtenhanoi.com\/?product=tab-caosu-pe","url":"https:\/\/cungtenhanoi.com\/?product=tab-caosu-pe","name":"Tab caosu PE k\u00e9o cung - Cung T\u00ean H\u00e0 N\u1ed9i","isPartOf":{"@id":"https:\/\/cungtenhanoi.com\/#website"},"datePublished":"2022-03-14T13:51:23+00:00","dateModified":"2025-05-11T06:32:50+00:00","description":"Mua cung t\u00ean th\u1ec3 thao, Mua cung t\u00ean t\u1ea1i h\u00e0 n\u1ed9i, Cung tr\u1ee3 l\u1ef1c, Cung compound, Cung t\u00ean ch\u00ednh h\u00e3ng, , Cung t\u00ean h\u00e0 n\u1ed9i, Cung t\u00ean , Mua cung t\u00ean S\u00e0i g\u00f2n , Mua m\u0169i t\u00ean b\u1eafn cung , Cung b\u1eafn bi s\u1eaft , cung t\u00ean mini, Cung truy\u1ec1n th\u1ed1ng, Cung c\u1ed5 \u0111i\u1ec3n, Cung trang tr\u00ed, Cung tr\u01b0ng b\u00e0y, cung t\u00ean m\u1ea1nh, mua ph\u1ee5 ki\u1ec7n b\u1eafn cung, tab , k\u00e9o cung","breadcrumb":{"@id":"https:\/\/cungtenhanoi.com\/?product=tab-caosu-pe#breadcrumb"},"inLanguage":"vi","potentialAction":[{"@type":"ReadAction","target":["https:\/\/cungtenhanoi.com\/?product=tab-caosu-pe"]}]},{"@type":"BreadcrumbList","@id":"https:\/\/cungtenhanoi.com\/?product=tab-caosu-pe#breadcrumb","itemListElement":[{"@type":"ListItem","position":1,"name":"Trang ch\u1ee7","item":"https:\/\/cungtenhanoi.com\/"},{"@type":"ListItem","position":2,"name":"Shop","item":"https:\/\/cungtenhanoi.com\/?page_id=6"},{"@type":"ListItem","position":3,"name":"Ph\u1ee5 ki\u1ec7n","item":"https:\/\/cungtenhanoi.com\/danh-muc\/phu-kien\/"},{"@type":"ListItem","position":4,"name":"Tab caosu PE k\u00e9o cung"}]},{"@type":"WebSite","@id":"https:\/\/cungtenhanoi.com\/#website","url":"https:\/\/cungtenhanoi.com\/","name":"Cung T\u00ean H\u00e0 N\u1ed9i","description":"Cung c\u1ea5p c\u00e1c lo\u1ea1i cung t\u00ean th\u1ec3 thao s\u1ed1 1 Vi\u1ec7t Nam","publisher":{"@id":"https:\/\/cungtenhanoi.com\/#organization"},"potentialAction":[{"@type":"SearchAction","target":{"@type":"EntryPoint","urlTemplate":"https:\/\/cungtenhanoi.com\/?s={search_term_string}"},"query-input":"required name=search_term_string"}],"inLanguage":"vi"},{"@type":"Organization","@id":"https:\/\/cungtenhanoi.com\/#organization","name":"Cung T\u00ean H\u00e0 N\u1ed9i","url":"https:\/\/cungtenhanoi.com\/","sameAs":[],"logo":{"@type":"ImageObject","inLanguage":"vi","@id":"https:\/\/cungtenhanoi.com\/#\/schema\/logo\/image\/","url":"https:\/\/cungtenhanoi.com\/wp-content\/uploads\/2025\/05\/logo-den-trang.jpg","contentUrl":"https:\/\/cungtenhanoi.com\/wp-content\/uploads\/2025\/05\/logo-den-trang.jpg","width":450,"height":450,"caption":"Cung T\u00ean H\u00e0 N\u1ed9i"},"image":{"@id":"https:\/\/cungtenhanoi.com\/#\/schema\/logo\/image\/"}}]}},"_links":{"self":[{"href":"https:\/\/cungtenhanoi.com\/index.php?rest_route=\/wp\/v2\/product\/2218"}],"collection":[{"href":"https:\/\/cungtenhanoi.com\/index.php?rest_route=\/wp\/v2\/product"}],"about":[{"href":"https:\/\/cungtenhanoi.com\/index.php?rest_route=\/wp\/v2\/types\/product"}],"replies":[{"embeddable":true,"href":"https:\/\/cungtenhanoi.com\/index.php?rest_route=%2Fwp%2Fv2%2Fcomments&post=2218"}],"wp:featuredmedia":[{"embeddable":true,"href":"https:\/\/cungtenhanoi.com\/index.php?rest_route=\/wp\/v2\/media\/2220"}],"wp:attachment":[{"href":"https:\/\/cungtenhanoi.com\/index.php?rest_route=%2Fwp%2Fv2%2Fmedia&parent=2218"}],"wp:term":[{"taxonomy":"product_cat","embeddable":true,"href":"https:\/\/cungtenhanoi.com\/index.php?rest_route=%2Fwp%2Fv2%2Fproduct_cat&post=2218"},{"taxonomy":"product_tag","embeddable":true,"href":"https:\/\/cungtenhanoi.com\/index.php?rest_route=%2Fwp%2Fv2%2Fproduct_tag&post=2218"}],"curies":[{"name":"wp","href":"https:\/\/api.w.org\/{rel}","templated":true}]}}