{"id":2224,"date":"2022-03-15T20:38:30","date_gmt":"2022-03-15T13:38:30","guid":{"rendered":"https:\/\/cungtenhanoi.com\/?post_type=product&#038;p=2224"},"modified":"2025-05-11T13:31:02","modified_gmt":"2025-05-11T06:31:02","slug":"bo-ban-ca","status":"publish","type":"product","link":"https:\/\/cungtenhanoi.com\/?product=bo-ban-ca","title":{"rendered":"B\u1ed9 b\u1eafn c\u00e1 g\u1eafn l\u00ean cung"},"content":{"rendered":"<p><img loading=\"lazy\" class=\"aligncenter size-full wp-image-2225\" src=\"https:\/\/cungtenhanoi.com\/wp-content\/uploads\/2022\/03\/C13AC439-8A49-4B04-BBED-B5D8C29DC9D2.jpeg\" alt=\"\" width=\"620\" height=\"524\" srcset=\"https:\/\/cungtenhanoi.com\/wp-content\/uploads\/2022\/03\/C13AC439-8A49-4B04-BBED-B5D8C29DC9D2.jpeg 620w, https:\/\/cungtenhanoi.com\/wp-content\/uploads\/2022\/03\/C13AC439-8A49-4B04-BBED-B5D8C29DC9D2-600x507.jpeg 600w, https:\/\/cungtenhanoi.com\/wp-content\/uploads\/2022\/03\/C13AC439-8A49-4B04-BBED-B5D8C29DC9D2-64x54.jpeg 64w\" sizes=\"(max-width: 620px) 100vw, 620px\" \/> <img loading=\"lazy\" class=\"aligncenter wp-image-2226\" src=\"https:\/\/cungtenhanoi.com\/wp-content\/uploads\/2022\/03\/89CAE924-AE1D-45BC-983B-6EFB1BAF40A4.jpeg\" alt=\"\" width=\"616\" height=\"616\" srcset=\"https:\/\/cungtenhanoi.com\/wp-content\/uploads\/2022\/03\/89CAE924-AE1D-45BC-983B-6EFB1BAF40A4.jpeg 800w, https:\/\/cungtenhanoi.com\/wp-content\/uploads\/2022\/03\/89CAE924-AE1D-45BC-983B-6EFB1BAF40A4-300x300.jpeg 300w, https:\/\/cungtenhanoi.com\/wp-content\/uploads\/2022\/03\/89CAE924-AE1D-45BC-983B-6EFB1BAF40A4-100x100.jpeg 100w, https:\/\/cungtenhanoi.com\/wp-content\/uploads\/2022\/03\/89CAE924-AE1D-45BC-983B-6EFB1BAF40A4-600x600.jpeg 600w, https:\/\/cungtenhanoi.com\/wp-content\/uploads\/2022\/03\/89CAE924-AE1D-45BC-983B-6EFB1BAF40A4-64x64.jpeg 64w\" sizes=\"(max-width: 616px) 100vw, 616px\" \/> <img loading=\"lazy\" class=\"aligncenter wp-image-2227\" src=\"https:\/\/cungtenhanoi.com\/wp-content\/uploads\/2022\/03\/C6C550A9-F9F5-478F-AC56-66CF073D0632.jpeg\" alt=\"\" width=\"618\" height=\"824\" srcset=\"https:\/\/cungtenhanoi.com\/wp-content\/uploads\/2022\/03\/C6C550A9-F9F5-478F-AC56-66CF073D0632.jpeg 1920w, https:\/\/cungtenhanoi.com\/wp-content\/uploads\/2022\/03\/C6C550A9-F9F5-478F-AC56-66CF073D0632-600x800.jpeg 600w, https:\/\/cungtenhanoi.com\/wp-content\/uploads\/2022\/03\/C6C550A9-F9F5-478F-AC56-66CF073D0632-64x85.jpeg 64w, https:\/\/cungtenhanoi.com\/wp-content\/uploads\/2022\/03\/C6C550A9-F9F5-478F-AC56-66CF073D0632-225x300.jpeg 225w, https:\/\/cungtenhanoi.com\/wp-content\/uploads\/2022\/03\/C6C550A9-F9F5-478F-AC56-66CF073D0632-768x1024.jpeg 768w\" sizes=\"(max-width: 618px) 100vw, 618px\" \/> <img loading=\"lazy\" class=\"aligncenter wp-image-2230\" src=\"https:\/\/cungtenhanoi.com\/wp-content\/uploads\/2022\/03\/0F2CE007-6087-40A2-9AFC-66126933C709.jpeg\" alt=\"\" width=\"620\" height=\"413\" srcset=\"https:\/\/cungtenhanoi.com\/wp-content\/uploads\/2022\/03\/0F2CE007-6087-40A2-9AFC-66126933C709.jpeg 960w, https:\/\/cungtenhanoi.com\/wp-content\/uploads\/2022\/03\/0F2CE007-6087-40A2-9AFC-66126933C709-600x400.jpeg 600w, https:\/\/cungtenhanoi.com\/wp-content\/uploads\/2022\/03\/0F2CE007-6087-40A2-9AFC-66126933C709-64x43.jpeg 64w, https:\/\/cungtenhanoi.com\/wp-content\/uploads\/2022\/03\/0F2CE007-6087-40A2-9AFC-66126933C709-300x200.jpeg 300w, https:\/\/cungtenhanoi.com\/wp-content\/uploads\/2022\/03\/0F2CE007-6087-40A2-9AFC-66126933C709-768x512.jpeg 768w\" sizes=\"(max-width: 620px) 100vw, 620px\" \/> <img loading=\"lazy\" class=\"aligncenter wp-image-2231\" src=\"https:\/\/cungtenhanoi.com\/wp-content\/uploads\/2022\/03\/49607BCE-9958-4D6E-BC8E-BFC529039F56.jpeg\" alt=\"\" width=\"622\" height=\"829\" srcset=\"https:\/\/cungtenhanoi.com\/wp-content\/uploads\/2022\/03\/49607BCE-9958-4D6E-BC8E-BFC529039F56.jpeg 1284w, https:\/\/cungtenhanoi.com\/wp-content\/uploads\/2022\/03\/49607BCE-9958-4D6E-BC8E-BFC529039F56-600x800.jpeg 600w, https:\/\/cungtenhanoi.com\/wp-content\/uploads\/2022\/03\/49607BCE-9958-4D6E-BC8E-BFC529039F56-64x85.jpeg 64w, https:\/\/cungtenhanoi.com\/wp-content\/uploads\/2022\/03\/49607BCE-9958-4D6E-BC8E-BFC529039F56-225x300.jpeg 225w, https:\/\/cungtenhanoi.com\/wp-content\/uploads\/2022\/03\/49607BCE-9958-4D6E-BC8E-BFC529039F56-768x1024.jpeg 768w\" sizes=\"(max-width: 622px) 100vw, 622px\" \/> <img loading=\"lazy\" class=\"aligncenter wp-image-2232\" src=\"https:\/\/cungtenhanoi.com\/wp-content\/uploads\/2022\/03\/90DB1E56-ED58-4D5D-9A3F-C453C8257B61.jpeg\" alt=\"\" width=\"622\" height=\"622\" srcset=\"https:\/\/cungtenhanoi.com\/wp-content\/uploads\/2022\/03\/90DB1E56-ED58-4D5D-9A3F-C453C8257B61.jpeg 640w, https:\/\/cungtenhanoi.com\/wp-content\/uploads\/2022\/03\/90DB1E56-ED58-4D5D-9A3F-C453C8257B61-300x300.jpeg 300w, https:\/\/cungtenhanoi.com\/wp-content\/uploads\/2022\/03\/90DB1E56-ED58-4D5D-9A3F-C453C8257B61-100x100.jpeg 100w, https:\/\/cungtenhanoi.com\/wp-content\/uploads\/2022\/03\/90DB1E56-ED58-4D5D-9A3F-C453C8257B61-600x600.jpeg 600w, https:\/\/cungtenhanoi.com\/wp-content\/uploads\/2022\/03\/90DB1E56-ED58-4D5D-9A3F-C453C8257B61-64x64.jpeg 64w, https:\/\/cungtenhanoi.com\/wp-content\/uploads\/2022\/03\/90DB1E56-ED58-4D5D-9A3F-C453C8257B61-150x150.jpeg 150w, https:\/\/cungtenhanoi.com\/wp-content\/uploads\/2022\/03\/90DB1E56-ED58-4D5D-9A3F-C453C8257B61-180x180.jpeg 180w, https:\/\/cungtenhanoi.com\/wp-content\/uploads\/2022\/03\/90DB1E56-ED58-4D5D-9A3F-C453C8257B61-45x45.jpeg 45w\" sizes=\"(max-width: 622px) 100vw, 622px\" \/> <img loading=\"lazy\" class=\"aligncenter wp-image-2233\" src=\"https:\/\/cungtenhanoi.com\/wp-content\/uploads\/2022\/03\/51D98B79-A446-40B6-9242-57B65D51B214.jpeg\" alt=\"\" width=\"622\" height=\"622\" srcset=\"https:\/\/cungtenhanoi.com\/wp-content\/uploads\/2022\/03\/51D98B79-A446-40B6-9242-57B65D51B214.jpeg 640w, https:\/\/cungtenhanoi.com\/wp-content\/uploads\/2022\/03\/51D98B79-A446-40B6-9242-57B65D51B214-300x300.jpeg 300w, https:\/\/cungtenhanoi.com\/wp-content\/uploads\/2022\/03\/51D98B79-A446-40B6-9242-57B65D51B214-100x100.jpeg 100w, https:\/\/cungtenhanoi.com\/wp-content\/uploads\/2022\/03\/51D98B79-A446-40B6-9242-57B65D51B214-600x600.jpeg 600w, https:\/\/cungtenhanoi.com\/wp-content\/uploads\/2022\/03\/51D98B79-A446-40B6-9242-57B65D51B214-64x64.jpeg 64w, https:\/\/cungtenhanoi.com\/wp-content\/uploads\/2022\/03\/51D98B79-A446-40B6-9242-57B65D51B214-150x150.jpeg 150w, https:\/\/cungtenhanoi.com\/wp-content\/uploads\/2022\/03\/51D98B79-A446-40B6-9242-57B65D51B214-180x180.jpeg 180w, https:\/\/cungtenhanoi.com\/wp-content\/uploads\/2022\/03\/51D98B79-A446-40B6-9242-57B65D51B214-45x45.jpeg 45w\" sizes=\"(max-width: 622px) 100vw, 622px\" \/> <img loading=\"lazy\" class=\"aligncenter wp-image-2234\" src=\"https:\/\/cungtenhanoi.com\/wp-content\/uploads\/2022\/03\/069299F4-37E1-4911-93F4-DB4B06E6E8D8.jpeg\" alt=\"\" width=\"624\" height=\"624\" srcset=\"https:\/\/cungtenhanoi.com\/wp-content\/uploads\/2022\/03\/069299F4-37E1-4911-93F4-DB4B06E6E8D8.jpeg 640w, https:\/\/cungtenhanoi.com\/wp-content\/uploads\/2022\/03\/069299F4-37E1-4911-93F4-DB4B06E6E8D8-300x300.jpeg 300w, https:\/\/cungtenhanoi.com\/wp-content\/uploads\/2022\/03\/069299F4-37E1-4911-93F4-DB4B06E6E8D8-100x100.jpeg 100w, https:\/\/cungtenhanoi.com\/wp-content\/uploads\/2022\/03\/069299F4-37E1-4911-93F4-DB4B06E6E8D8-600x600.jpeg 600w, https:\/\/cungtenhanoi.com\/wp-content\/uploads\/2022\/03\/069299F4-37E1-4911-93F4-DB4B06E6E8D8-64x64.jpeg 64w, https:\/\/cungtenhanoi.com\/wp-content\/uploads\/2022\/03\/069299F4-37E1-4911-93F4-DB4B06E6E8D8-150x150.jpeg 150w, https:\/\/cungtenhanoi.com\/wp-content\/uploads\/2022\/03\/069299F4-37E1-4911-93F4-DB4B06E6E8D8-180x180.jpeg 180w, https:\/\/cungtenhanoi.com\/wp-content\/uploads\/2022\/03\/069299F4-37E1-4911-93F4-DB4B06E6E8D8-45x45.jpeg 45w\" sizes=\"(max-width: 624px) 100vw, 624px\" \/><\/p>\n","protected":false},"excerpt":{"rendered":"","protected":false},"featured_media":2226,"comment_status":"open","ping_status":"closed","template":"","meta":[],"product_cat":[20],"product_tag":[106,198,485,257,486],"acf":[],"yoast_head":"<!-- This site is optimized with the Yoast SEO plugin v19.8 - https:\/\/yoast.com\/wordpress\/plugins\/seo\/ -->\n<title>B\u1ed9 b\u1eafn c\u00e1 g\u1eafn l\u00ean cung - Cung T\u00ean H\u00e0 N\u1ed9i<\/title>\n<meta name=\"description\" content=\"Mua cung t\u00ean th\u1ec3 thao, Mua cung t\u00ean t\u1ea1i h\u00e0 n\u1ed9i, Cung tr\u1ee3 l\u1ef1c, Cung compound, Cung t\u00ean ch\u00ednh h\u00e3ng, , Cung t\u00ean h\u00e0 n\u1ed9i, Cung t\u00ean , Mua cung t\u00ean S\u00e0i g\u00f2n , Mua m\u0169i t\u00ean b\u1eafn cung , Cung b\u1eafn bi s\u1eaft , cung t\u00ean mini, Cung truy\u1ec1n th\u1ed1ng, Cung c\u1ed5 \u0111i\u1ec3n, Cung trang tr\u00ed, Cung tr\u01b0ng b\u00e0y, cung t\u00ean m\u1ea1nh, mua ph\u1ee5 ki\u1ec7n b\u1eafn cung, b\u1ed9 b\u1eafn c\u00e1, t\u00ean b\u1eafn c\u00e1, d\u1ee5ng c\u1ee5 b\u1eafn c\u00e1, b\u1eafn c\u00e1, c\u00e2u c\u00e1\" \/>\n<meta name=\"robots\" content=\"index, follow, max-snippet:-1, max-image-preview:large, max-video-preview:-1\" \/>\n<link rel=\"canonical\" href=\"https:\/\/cungtenhanoi.com\/?product=bo-ban-ca\" \/>\n<meta property=\"og:locale\" content=\"vi_VN\" \/>\n<meta property=\"og:type\" content=\"article\" \/>\n<meta property=\"og:title\" content=\"B\u1ed9 b\u1eafn c\u00e1 g\u1eafn cung t\u00ean\" \/>\n<meta property=\"og:description\" content=\"Mua cung t\u00ean th\u1ec3 thao, Mua cung t\u00ean t\u1ea1i h\u00e0 n\u1ed9i, Cung tr\u1ee3 l\u1ef1c, Cung compound, Cung t\u00ean ch\u00ednh h\u00e3ng, , Cung t\u00ean h\u00e0 n\u1ed9i, Cung t\u00ean , Mua cung t\u00ean S\u00e0i g\u00f2n , Mua m\u0169i t\u00ean b\u1eafn cung , Cung b\u1eafn bi s\u1eaft , cung t\u00ean mini, Cung truy\u1ec1n th\u1ed1ng, Cung c\u1ed5 \u0111i\u1ec3n, Cung trang tr\u00ed, Cung tr\u01b0ng b\u00e0y, cung t\u00ean m\u1ea1nh, mua ph\u1ee5 ki\u1ec7n b\u1eafn cung, b\u1ed9 b\u1eafn c\u00e1, t\u00ean b\u1eafn c\u00e1, d\u1ee5ng c\u1ee5 b\u1eafn c\u00e1, b\u1eafn c\u00e1, c\u00e2u c\u00e1\" \/>\n<meta property=\"og:url\" content=\"https:\/\/cungtenhanoi.com\/?product=bo-ban-ca\" \/>\n<meta property=\"og:site_name\" content=\"Cung T\u00ean H\u00e0 N\u1ed9i\" \/>\n<meta property=\"article:modified_time\" content=\"2025-05-11T06:31:02+00:00\" \/>\n<meta property=\"og:image\" content=\"https:\/\/cungtenhanoi.com\/wp-content\/uploads\/2024\/08\/IMG_8905.jpeg\" \/>\n\t<meta property=\"og:image:width\" content=\"1283\" \/>\n\t<meta property=\"og:image:height\" content=\"1327\" \/>\n\t<meta property=\"og:image:type\" content=\"image\/jpeg\" \/>\n<meta name=\"twitter:card\" content=\"summary_large_image\" \/>\n<meta name=\"twitter:label1\" content=\"\u01af\u1edbc t\u00ednh th\u1eddi gian \u0111\u1ecdc\" \/>\n\t<meta name=\"twitter:data1\" content=\"2 ph\u00fat\" \/>\n<script type=\"application\/ld+json\" class=\"yoast-schema-graph\">{\"@context\":\"https:\/\/schema.org\",\"@graph\":[{\"@type\":\"WebPage\",\"@id\":\"https:\/\/cungtenhanoi.com\/?product=bo-ban-ca\",\"url\":\"https:\/\/cungtenhanoi.com\/?product=bo-ban-ca\",\"name\":\"B\u1ed9 b\u1eafn c\u00e1 g\u1eafn l\u00ean cung - Cung T\u00ean H\u00e0 N\u1ed9i\",\"isPartOf\":{\"@id\":\"https:\/\/cungtenhanoi.com\/#website\"},\"datePublished\":\"2022-03-15T13:38:30+00:00\",\"dateModified\":\"2025-05-11T06:31:02+00:00\",\"description\":\"Mua cung t\u00ean th\u1ec3 thao, Mua cung t\u00ean t\u1ea1i h\u00e0 n\u1ed9i, Cung tr\u1ee3 l\u1ef1c, Cung compound, Cung t\u00ean ch\u00ednh h\u00e3ng, , Cung t\u00ean h\u00e0 n\u1ed9i, Cung t\u00ean , Mua cung t\u00ean S\u00e0i g\u00f2n , Mua m\u0169i t\u00ean b\u1eafn cung , Cung b\u1eafn bi s\u1eaft , cung t\u00ean mini, Cung truy\u1ec1n th\u1ed1ng, Cung c\u1ed5 \u0111i\u1ec3n, Cung trang tr\u00ed, Cung tr\u01b0ng b\u00e0y, cung t\u00ean m\u1ea1nh, mua ph\u1ee5 ki\u1ec7n b\u1eafn cung, b\u1ed9 b\u1eafn c\u00e1, t\u00ean b\u1eafn c\u00e1, d\u1ee5ng c\u1ee5 b\u1eafn c\u00e1, b\u1eafn c\u00e1, c\u00e2u c\u00e1\",\"breadcrumb\":{\"@id\":\"https:\/\/cungtenhanoi.com\/?product=bo-ban-ca#breadcrumb\"},\"inLanguage\":\"vi\",\"potentialAction\":[{\"@type\":\"ReadAction\",\"target\":[\"https:\/\/cungtenhanoi.com\/?product=bo-ban-ca\"]}]},{\"@type\":\"BreadcrumbList\",\"@id\":\"https:\/\/cungtenhanoi.com\/?product=bo-ban-ca#breadcrumb\",\"itemListElement\":[{\"@type\":\"ListItem\",\"position\":1,\"name\":\"Trang ch\u1ee7\",\"item\":\"https:\/\/cungtenhanoi.com\/\"},{\"@type\":\"ListItem\",\"position\":2,\"name\":\"Shop\",\"item\":\"https:\/\/cungtenhanoi.com\/?page_id=6\"},{\"@type\":\"ListItem\",\"position\":3,\"name\":\"Ph\u1ee5 ki\u1ec7n\",\"item\":\"https:\/\/cungtenhanoi.com\/danh-muc\/phu-kien\/\"},{\"@type\":\"ListItem\",\"position\":4,\"name\":\"B\u1ed9 b\u1eafn c\u00e1 g\u1eafn l\u00ean cung\"}]},{\"@type\":\"WebSite\",\"@id\":\"https:\/\/cungtenhanoi.com\/#website\",\"url\":\"https:\/\/cungtenhanoi.com\/\",\"name\":\"Cung T\u00ean H\u00e0 N\u1ed9i\",\"description\":\"Cung c\u1ea5p c\u00e1c lo\u1ea1i cung t\u00ean th\u1ec3 thao s\u1ed1 1 Vi\u1ec7t Nam\",\"publisher\":{\"@id\":\"https:\/\/cungtenhanoi.com\/#organization\"},\"potentialAction\":[{\"@type\":\"SearchAction\",\"target\":{\"@type\":\"EntryPoint\",\"urlTemplate\":\"https:\/\/cungtenhanoi.com\/?s={search_term_string}\"},\"query-input\":\"required name=search_term_string\"}],\"inLanguage\":\"vi\"},{\"@type\":\"Organization\",\"@id\":\"https:\/\/cungtenhanoi.com\/#organization\",\"name\":\"Cung T\u00ean H\u00e0 N\u1ed9i\",\"url\":\"https:\/\/cungtenhanoi.com\/\",\"sameAs\":[],\"logo\":{\"@type\":\"ImageObject\",\"inLanguage\":\"vi\",\"@id\":\"https:\/\/cungtenhanoi.com\/#\/schema\/logo\/image\/\",\"url\":\"https:\/\/cungtenhanoi.com\/wp-content\/uploads\/2025\/05\/logo-den-trang.jpg\",\"contentUrl\":\"https:\/\/cungtenhanoi.com\/wp-content\/uploads\/2025\/05\/logo-den-trang.jpg\",\"width\":450,\"height\":450,\"caption\":\"Cung T\u00ean H\u00e0 N\u1ed9i\"},\"image\":{\"@id\":\"https:\/\/cungtenhanoi.com\/#\/schema\/logo\/image\/\"}}]}<\/script>\n<!-- \/ Yoast SEO plugin. -->","yoast_head_json":{"title":"B\u1ed9 b\u1eafn c\u00e1 g\u1eafn l\u00ean cung - Cung T\u00ean H\u00e0 N\u1ed9i","description":"Mua cung t\u00ean th\u1ec3 thao, Mua cung t\u00ean t\u1ea1i h\u00e0 n\u1ed9i, Cung tr\u1ee3 l\u1ef1c, Cung compound, Cung t\u00ean ch\u00ednh h\u00e3ng, , Cung t\u00ean h\u00e0 n\u1ed9i, Cung t\u00ean , Mua cung t\u00ean S\u00e0i g\u00f2n , Mua m\u0169i t\u00ean b\u1eafn cung , Cung b\u1eafn bi s\u1eaft , cung t\u00ean mini, Cung truy\u1ec1n th\u1ed1ng, Cung c\u1ed5 \u0111i\u1ec3n, Cung trang tr\u00ed, Cung tr\u01b0ng b\u00e0y, cung t\u00ean m\u1ea1nh, mua ph\u1ee5 ki\u1ec7n b\u1eafn cung, b\u1ed9 b\u1eafn c\u00e1, t\u00ean b\u1eafn c\u00e1, d\u1ee5ng c\u1ee5 b\u1eafn c\u00e1, b\u1eafn c\u00e1, c\u00e2u c\u00e1","robots":{"index":"index","follow":"follow","max-snippet":"max-snippet:-1","max-image-preview":"max-image-preview:large","max-video-preview":"max-video-preview:-1"},"canonical":"https:\/\/cungtenhanoi.com\/?product=bo-ban-ca","og_locale":"vi_VN","og_type":"article","og_title":"B\u1ed9 b\u1eafn c\u00e1 g\u1eafn cung t\u00ean","og_description":"Mua cung t\u00ean th\u1ec3 thao, Mua cung t\u00ean t\u1ea1i h\u00e0 n\u1ed9i, Cung tr\u1ee3 l\u1ef1c, Cung compound, Cung t\u00ean ch\u00ednh h\u00e3ng, , Cung t\u00ean h\u00e0 n\u1ed9i, Cung t\u00ean , Mua cung t\u00ean S\u00e0i g\u00f2n , Mua m\u0169i t\u00ean b\u1eafn cung , Cung b\u1eafn bi s\u1eaft , cung t\u00ean mini, Cung truy\u1ec1n th\u1ed1ng, Cung c\u1ed5 \u0111i\u1ec3n, Cung trang tr\u00ed, Cung tr\u01b0ng b\u00e0y, cung t\u00ean m\u1ea1nh, mua ph\u1ee5 ki\u1ec7n b\u1eafn cung, b\u1ed9 b\u1eafn c\u00e1, t\u00ean b\u1eafn c\u00e1, d\u1ee5ng c\u1ee5 b\u1eafn c\u00e1, b\u1eafn c\u00e1, c\u00e2u c\u00e1","og_url":"https:\/\/cungtenhanoi.com\/?product=bo-ban-ca","og_site_name":"Cung T\u00ean H\u00e0 N\u1ed9i","article_modified_time":"2025-05-11T06:31:02+00:00","og_image":[{"width":1283,"height":1327,"url":"https:\/\/cungtenhanoi.com\/wp-content\/uploads\/2024\/08\/IMG_8905.jpeg","type":"image\/jpeg"}],"twitter_card":"summary_large_image","twitter_misc":{"\u01af\u1edbc t\u00ednh th\u1eddi gian \u0111\u1ecdc":"2 ph\u00fat"},"schema":{"@context":"https:\/\/schema.org","@graph":[{"@type":"WebPage","@id":"https:\/\/cungtenhanoi.com\/?product=bo-ban-ca","url":"https:\/\/cungtenhanoi.com\/?product=bo-ban-ca","name":"B\u1ed9 b\u1eafn c\u00e1 g\u1eafn l\u00ean cung - Cung T\u00ean H\u00e0 N\u1ed9i","isPartOf":{"@id":"https:\/\/cungtenhanoi.com\/#website"},"datePublished":"2022-03-15T13:38:30+00:00","dateModified":"2025-05-11T06:31:02+00:00","description":"Mua cung t\u00ean th\u1ec3 thao, Mua cung t\u00ean t\u1ea1i h\u00e0 n\u1ed9i, Cung tr\u1ee3 l\u1ef1c, Cung compound, Cung t\u00ean ch\u00ednh h\u00e3ng, , Cung t\u00ean h\u00e0 n\u1ed9i, Cung t\u00ean , Mua cung t\u00ean S\u00e0i g\u00f2n , Mua m\u0169i t\u00ean b\u1eafn cung , Cung b\u1eafn bi s\u1eaft , cung t\u00ean mini, Cung truy\u1ec1n th\u1ed1ng, Cung c\u1ed5 \u0111i\u1ec3n, Cung trang tr\u00ed, Cung tr\u01b0ng b\u00e0y, cung t\u00ean m\u1ea1nh, mua ph\u1ee5 ki\u1ec7n b\u1eafn cung, b\u1ed9 b\u1eafn c\u00e1, t\u00ean b\u1eafn c\u00e1, d\u1ee5ng c\u1ee5 b\u1eafn c\u00e1, b\u1eafn c\u00e1, c\u00e2u c\u00e1","breadcrumb":{"@id":"https:\/\/cungtenhanoi.com\/?product=bo-ban-ca#breadcrumb"},"inLanguage":"vi","potentialAction":[{"@type":"ReadAction","target":["https:\/\/cungtenhanoi.com\/?product=bo-ban-ca"]}]},{"@type":"BreadcrumbList","@id":"https:\/\/cungtenhanoi.com\/?product=bo-ban-ca#breadcrumb","itemListElement":[{"@type":"ListItem","position":1,"name":"Trang ch\u1ee7","item":"https:\/\/cungtenhanoi.com\/"},{"@type":"ListItem","position":2,"name":"Shop","item":"https:\/\/cungtenhanoi.com\/?page_id=6"},{"@type":"ListItem","position":3,"name":"Ph\u1ee5 ki\u1ec7n","item":"https:\/\/cungtenhanoi.com\/danh-muc\/phu-kien\/"},{"@type":"ListItem","position":4,"name":"B\u1ed9 b\u1eafn c\u00e1 g\u1eafn l\u00ean cung"}]},{"@type":"WebSite","@id":"https:\/\/cungtenhanoi.com\/#website","url":"https:\/\/cungtenhanoi.com\/","name":"Cung T\u00ean H\u00e0 N\u1ed9i","description":"Cung c\u1ea5p c\u00e1c lo\u1ea1i cung t\u00ean th\u1ec3 thao s\u1ed1 1 Vi\u1ec7t Nam","publisher":{"@id":"https:\/\/cungtenhanoi.com\/#organization"},"potentialAction":[{"@type":"SearchAction","target":{"@type":"EntryPoint","urlTemplate":"https:\/\/cungtenhanoi.com\/?s={search_term_string}"},"query-input":"required name=search_term_string"}],"inLanguage":"vi"},{"@type":"Organization","@id":"https:\/\/cungtenhanoi.com\/#organization","name":"Cung T\u00ean H\u00e0 N\u1ed9i","url":"https:\/\/cungtenhanoi.com\/","sameAs":[],"logo":{"@type":"ImageObject","inLanguage":"vi","@id":"https:\/\/cungtenhanoi.com\/#\/schema\/logo\/image\/","url":"https:\/\/cungtenhanoi.com\/wp-content\/uploads\/2025\/05\/logo-den-trang.jpg","contentUrl":"https:\/\/cungtenhanoi.com\/wp-content\/uploads\/2025\/05\/logo-den-trang.jpg","width":450,"height":450,"caption":"Cung T\u00ean H\u00e0 N\u1ed9i"},"image":{"@id":"https:\/\/cungtenhanoi.com\/#\/schema\/logo\/image\/"}}]}},"_links":{"self":[{"href":"https:\/\/cungtenhanoi.com\/index.php?rest_route=\/wp\/v2\/product\/2224"}],"collection":[{"href":"https:\/\/cungtenhanoi.com\/index.php?rest_route=\/wp\/v2\/product"}],"about":[{"href":"https:\/\/cungtenhanoi.com\/index.php?rest_route=\/wp\/v2\/types\/product"}],"replies":[{"embeddable":true,"href":"https:\/\/cungtenhanoi.com\/index.php?rest_route=%2Fwp%2Fv2%2Fcomments&post=2224"}],"wp:featuredmedia":[{"embeddable":true,"href":"https:\/\/cungtenhanoi.com\/index.php?rest_route=\/wp\/v2\/media\/2226"}],"wp:attachment":[{"href":"https:\/\/cungtenhanoi.com\/index.php?rest_route=%2Fwp%2Fv2%2Fmedia&parent=2224"}],"wp:term":[{"taxonomy":"product_cat","embeddable":true,"href":"https:\/\/cungtenhanoi.com\/index.php?rest_route=%2Fwp%2Fv2%2Fproduct_cat&post=2224"},{"taxonomy":"product_tag","embeddable":true,"href":"https:\/\/cungtenhanoi.com\/index.php?rest_route=%2Fwp%2Fv2%2Fproduct_tag&post=2224"}],"curies":[{"name":"wp","href":"https:\/\/api.w.org\/{rel}","templated":true}]}}