{"id":2262,"date":"2022-03-23T16:06:20","date_gmt":"2022-03-23T09:06:20","guid":{"rendered":"https:\/\/cungtenhanoi.com\/?post_type=product&#038;p=2262"},"modified":"2022-03-23T16:12:58","modified_gmt":"2022-03-23T09:12:58","slug":"fivics-anodized-titan-ex25-27-riser","status":"publish","type":"product","link":"https:\/\/cungtenhanoi.com\/?product=fivics-anodized-titan-ex25-27-riser","title":{"rendered":"Fivics ANODIZED Titan EX25-27 Riser"},"content":{"rendered":"<p>&nbsp;<\/p>\n<table style=\"height: 215px;\" width=\"1368\">\n<caption>TH\u00d4NG S\u1ed0 K\u1ef8 THU\u00c2\u0323T<\/caption>\n<tbody>\n<tr>\n<th>C\u00c1CH L\u00c0M<\/th>\n<td>CNC NGUY\u00caN KH\u1ed0I<\/td>\n<\/tr>\n<tr>\n<th>TR\u1eccNG L\u01af\u1ee2NG<\/th>\n<td>EX27-1330g\/ EX25-1330g<\/td>\n<\/tr>\n<tr>\n<th>CH\u1ea4T LI\u1ec6U<\/th>\n<td style=\"text-align: left;\">AL 6061<\/td>\n<\/tr>\n<tr>\n<th>TAY THU\u1eacN<\/th>\n<td>RH<\/td>\n<\/tr>\n<tr>\n<th><\/th>\n<td>TSG Wood Grip<\/td>\n<\/tr>\n<tr>\n<th>M\u00c0U S\u1eaeC<\/th>\n<td>Anodizing<\/td>\n<\/tr>\n<\/tbody>\n<\/table>\n<p><img loading=\"lazy\" class=\"aligncenter size-full wp-image-2266\" src=\"https:\/\/cungtenhanoi.com\/wp-content\/uploads\/2022\/03\/O1CN01HfTfnP2GzRF9h4RUg__739769086.jpg\" alt=\"\" width=\"700\" height=\"700\" srcset=\"https:\/\/cungtenhanoi.com\/wp-content\/uploads\/2022\/03\/O1CN01HfTfnP2GzRF9h4RUg__739769086.jpg 700w, https:\/\/cungtenhanoi.com\/wp-content\/uploads\/2022\/03\/O1CN01HfTfnP2GzRF9h4RUg__739769086-300x300.jpg 300w, https:\/\/cungtenhanoi.com\/wp-content\/uploads\/2022\/03\/O1CN01HfTfnP2GzRF9h4RUg__739769086-100x100.jpg 100w, https:\/\/cungtenhanoi.com\/wp-content\/uploads\/2022\/03\/O1CN01HfTfnP2GzRF9h4RUg__739769086-600x600.jpg 600w, https:\/\/cungtenhanoi.com\/wp-content\/uploads\/2022\/03\/O1CN01HfTfnP2GzRF9h4RUg__739769086-64x64.jpg 64w\" sizes=\"(max-width: 700px) 100vw, 700px\" \/><img loading=\"lazy\" class=\"aligncenter size-full wp-image-2263\" src=\"https:\/\/cungtenhanoi.com\/wp-content\/uploads\/2022\/03\/d_10703.jpg\" alt=\"\" width=\"1600\" height=\"1162\" srcset=\"https:\/\/cungtenhanoi.com\/wp-content\/uploads\/2022\/03\/d_10703.jpg 1600w, https:\/\/cungtenhanoi.com\/wp-content\/uploads\/2022\/03\/d_10703-600x436.jpg 600w, https:\/\/cungtenhanoi.com\/wp-content\/uploads\/2022\/03\/d_10703-64x46.jpg 64w, https:\/\/cungtenhanoi.com\/wp-content\/uploads\/2022\/03\/d_10703-300x218.jpg 300w, https:\/\/cungtenhanoi.com\/wp-content\/uploads\/2022\/03\/d_10703-768x558.jpg 768w, https:\/\/cungtenhanoi.com\/wp-content\/uploads\/2022\/03\/d_10703-1024x744.jpg 1024w\" sizes=\"(max-width: 1600px) 100vw, 1600px\" \/> <img loading=\"lazy\" class=\"aligncenter size-full wp-image-2264\" src=\"https:\/\/cungtenhanoi.com\/wp-content\/uploads\/2022\/03\/fivics-titanex0.jpg\" alt=\"\" width=\"800\" height=\"800\" srcset=\"https:\/\/cungtenhanoi.com\/wp-content\/uploads\/2022\/03\/fivics-titanex0.jpg 800w, https:\/\/cungtenhanoi.com\/wp-content\/uploads\/2022\/03\/fivics-titanex0-300x300.jpg 300w, https:\/\/cungtenhanoi.com\/wp-content\/uploads\/2022\/03\/fivics-titanex0-100x100.jpg 100w, https:\/\/cungtenhanoi.com\/wp-content\/uploads\/2022\/03\/fivics-titanex0-600x600.jpg 600w, https:\/\/cungtenhanoi.com\/wp-content\/uploads\/2022\/03\/fivics-titanex0-64x64.jpg 64w\" sizes=\"(max-width: 800px) 100vw, 800px\" \/><img loading=\"lazy\" class=\"aligncenter size-full wp-image-2265\" src=\"https:\/\/cungtenhanoi.com\/wp-content\/uploads\/2022\/03\/fivtexnews.jpg\" alt=\"\" width=\"800\" height=\"420\" srcset=\"https:\/\/cungtenhanoi.com\/wp-content\/uploads\/2022\/03\/fivtexnews.jpg 800w, https:\/\/cungtenhanoi.com\/wp-content\/uploads\/2022\/03\/fivtexnews-600x315.jpg 600w, https:\/\/cungtenhanoi.com\/wp-content\/uploads\/2022\/03\/fivtexnews-64x34.jpg 64w, https:\/\/cungtenhanoi.com\/wp-content\/uploads\/2022\/03\/fivtexnews-300x158.jpg 300w, https:\/\/cungtenhanoi.com\/wp-content\/uploads\/2022\/03\/fivtexnews-768x403.jpg 768w\" sizes=\"(max-width: 800px) 100vw, 800px\" \/><\/p>\n","protected":false},"excerpt":{"rendered":"<p>EX25-19660k<\/p>\n<p>EX27-20660k<\/p>\n<p>&nbsp;<\/p>\n","protected":false},"featured_media":2266,"comment_status":"open","ping_status":"closed","template":"","meta":[],"product_cat":[17],"product_tag":[499,198,257,264,94,168,497,498,387,42,57,118,496],"acf":[],"yoast_head":"<!-- This site is optimized with the Yoast SEO plugin v19.8 - https:\/\/yoast.com\/wordpress\/plugins\/seo\/ -->\n<title>Fivics ANODIZED Titan EX25-27 Riser - Cung T\u00ean H\u00e0 N\u1ed9i<\/title>\n<meta name=\"description\" content=\"mua cung t\u00ean th\u1ec3 thao, mua cung t\u00ean t\u1ea1i h\u00e0 n\u1ed9i, cung tr\u1ee3 l\u1ef1c, cung compound, cung t\u00ean ch\u00ednh h\u00e3ng, cung t\u00ean m\u1ea1nh,cung t\u00ean h\u00e0 n\u1ed9i, cung t\u00ean , mua cung t\u00ean S\u00e0i g\u00f2n , mua m\u0169i t\u00ean b\u1eafn cung , cung b\u1eafn bi s\u1eaft , cung t\u00ean mini\" \/>\n<meta name=\"robots\" content=\"index, follow, max-snippet:-1, max-image-preview:large, max-video-preview:-1\" \/>\n<link rel=\"canonical\" href=\"https:\/\/cungtenhanoi.com\/?product=fivics-anodized-titan-ex25-27-riser\" \/>\n<meta property=\"og:locale\" content=\"vi_VN\" \/>\n<meta property=\"og:type\" content=\"article\" \/>\n<meta property=\"og:title\" content=\"Fivics ANODIZED Titan EX25-27 Riser - Cung T\u00ean H\u00e0 N\u1ed9i\" \/>\n<meta property=\"og:description\" content=\"mua cung t\u00ean th\u1ec3 thao, mua cung t\u00ean t\u1ea1i h\u00e0 n\u1ed9i, cung tr\u1ee3 l\u1ef1c, cung compound, cung t\u00ean ch\u00ednh h\u00e3ng, cung t\u00ean m\u1ea1nh,cung t\u00ean h\u00e0 n\u1ed9i, cung t\u00ean , mua cung t\u00ean S\u00e0i g\u00f2n , mua m\u0169i t\u00ean b\u1eafn cung , cung b\u1eafn bi s\u1eaft , cung t\u00ean mini\" \/>\n<meta property=\"og:url\" content=\"https:\/\/cungtenhanoi.com\/?product=fivics-anodized-titan-ex25-27-riser\" \/>\n<meta property=\"og:site_name\" content=\"Cung T\u00ean H\u00e0 N\u1ed9i\" \/>\n<meta property=\"article:modified_time\" content=\"2022-03-23T09:12:58+00:00\" \/>\n<meta property=\"og:image\" content=\"https:\/\/cungtenhanoi.com\/wp-content\/uploads\/2022\/03\/O1CN01HfTfnP2GzRF9h4RUg__739769086.jpg\" \/>\n\t<meta property=\"og:image:width\" content=\"700\" \/>\n\t<meta property=\"og:image:height\" content=\"700\" \/>\n\t<meta property=\"og:image:type\" content=\"image\/jpeg\" \/>\n<meta name=\"twitter:card\" content=\"summary_large_image\" \/>\n<script type=\"application\/ld+json\" class=\"yoast-schema-graph\">{\"@context\":\"https:\/\/schema.org\",\"@graph\":[{\"@type\":\"WebPage\",\"@id\":\"https:\/\/cungtenhanoi.com\/?product=fivics-anodized-titan-ex25-27-riser\",\"url\":\"https:\/\/cungtenhanoi.com\/?product=fivics-anodized-titan-ex25-27-riser\",\"name\":\"Fivics ANODIZED Titan EX25-27 Riser - Cung T\u00ean H\u00e0 N\u1ed9i\",\"isPartOf\":{\"@id\":\"https:\/\/cungtenhanoi.com\/#website\"},\"datePublished\":\"2022-03-23T09:06:20+00:00\",\"dateModified\":\"2022-03-23T09:12:58+00:00\",\"description\":\"mua cung t\u00ean th\u1ec3 thao, mua cung t\u00ean t\u1ea1i h\u00e0 n\u1ed9i, cung tr\u1ee3 l\u1ef1c, cung compound, cung t\u00ean ch\u00ednh h\u00e3ng, cung t\u00ean m\u1ea1nh,cung t\u00ean h\u00e0 n\u1ed9i, cung t\u00ean , mua cung t\u00ean S\u00e0i g\u00f2n , mua m\u0169i t\u00ean b\u1eafn cung , cung b\u1eafn bi s\u1eaft , cung t\u00ean mini\",\"breadcrumb\":{\"@id\":\"https:\/\/cungtenhanoi.com\/?product=fivics-anodized-titan-ex25-27-riser#breadcrumb\"},\"inLanguage\":\"vi\",\"potentialAction\":[{\"@type\":\"ReadAction\",\"target\":[\"https:\/\/cungtenhanoi.com\/?product=fivics-anodized-titan-ex25-27-riser\"]}]},{\"@type\":\"BreadcrumbList\",\"@id\":\"https:\/\/cungtenhanoi.com\/?product=fivics-anodized-titan-ex25-27-riser#breadcrumb\",\"itemListElement\":[{\"@type\":\"ListItem\",\"position\":1,\"name\":\"Trang ch\u1ee7\",\"item\":\"https:\/\/cungtenhanoi.com\/\"},{\"@type\":\"ListItem\",\"position\":2,\"name\":\"Shop\",\"item\":\"https:\/\/cungtenhanoi.com\/?page_id=6\"},{\"@type\":\"ListItem\",\"position\":3,\"name\":\"Cung\",\"item\":\"https:\/\/cungtenhanoi.com\/danh-muc\/cung\/\"},{\"@type\":\"ListItem\",\"position\":4,\"name\":\"Fivics ANODIZED Titan EX25-27 Riser\"}]},{\"@type\":\"WebSite\",\"@id\":\"https:\/\/cungtenhanoi.com\/#website\",\"url\":\"https:\/\/cungtenhanoi.com\/\",\"name\":\"Cung T\u00ean H\u00e0 N\u1ed9i\",\"description\":\"Cung c\u1ea5p c\u00e1c lo\u1ea1i cung t\u00ean th\u1ec3 thao s\u1ed1 1 Vi\u1ec7t Nam\",\"publisher\":{\"@id\":\"https:\/\/cungtenhanoi.com\/#organization\"},\"potentialAction\":[{\"@type\":\"SearchAction\",\"target\":{\"@type\":\"EntryPoint\",\"urlTemplate\":\"https:\/\/cungtenhanoi.com\/?s={search_term_string}\"},\"query-input\":\"required name=search_term_string\"}],\"inLanguage\":\"vi\"},{\"@type\":\"Organization\",\"@id\":\"https:\/\/cungtenhanoi.com\/#organization\",\"name\":\"Cung T\u00ean H\u00e0 N\u1ed9i\",\"url\":\"https:\/\/cungtenhanoi.com\/\",\"sameAs\":[],\"logo\":{\"@type\":\"ImageObject\",\"inLanguage\":\"vi\",\"@id\":\"https:\/\/cungtenhanoi.com\/#\/schema\/logo\/image\/\",\"url\":\"https:\/\/cungtenhanoi.com\/wp-content\/uploads\/2025\/05\/logo-den-trang.jpg\",\"contentUrl\":\"https:\/\/cungtenhanoi.com\/wp-content\/uploads\/2025\/05\/logo-den-trang.jpg\",\"width\":450,\"height\":450,\"caption\":\"Cung T\u00ean H\u00e0 N\u1ed9i\"},\"image\":{\"@id\":\"https:\/\/cungtenhanoi.com\/#\/schema\/logo\/image\/\"}}]}<\/script>\n<!-- \/ Yoast SEO plugin. -->","yoast_head_json":{"title":"Fivics ANODIZED Titan EX25-27 Riser - Cung T\u00ean H\u00e0 N\u1ed9i","description":"mua cung t\u00ean th\u1ec3 thao, mua cung t\u00ean t\u1ea1i h\u00e0 n\u1ed9i, cung tr\u1ee3 l\u1ef1c, cung compound, cung t\u00ean ch\u00ednh h\u00e3ng, cung t\u00ean m\u1ea1nh,cung t\u00ean h\u00e0 n\u1ed9i, cung t\u00ean , mua cung t\u00ean S\u00e0i g\u00f2n , mua m\u0169i t\u00ean b\u1eafn cung , cung b\u1eafn bi s\u1eaft , cung t\u00ean mini","robots":{"index":"index","follow":"follow","max-snippet":"max-snippet:-1","max-image-preview":"max-image-preview:large","max-video-preview":"max-video-preview:-1"},"canonical":"https:\/\/cungtenhanoi.com\/?product=fivics-anodized-titan-ex25-27-riser","og_locale":"vi_VN","og_type":"article","og_title":"Fivics ANODIZED Titan EX25-27 Riser - Cung T\u00ean H\u00e0 N\u1ed9i","og_description":"mua cung t\u00ean th\u1ec3 thao, mua cung t\u00ean t\u1ea1i h\u00e0 n\u1ed9i, cung tr\u1ee3 l\u1ef1c, cung compound, cung t\u00ean ch\u00ednh h\u00e3ng, cung t\u00ean m\u1ea1nh,cung t\u00ean h\u00e0 n\u1ed9i, cung t\u00ean , mua cung t\u00ean S\u00e0i g\u00f2n , mua m\u0169i t\u00ean b\u1eafn cung , cung b\u1eafn bi s\u1eaft , cung t\u00ean mini","og_url":"https:\/\/cungtenhanoi.com\/?product=fivics-anodized-titan-ex25-27-riser","og_site_name":"Cung T\u00ean H\u00e0 N\u1ed9i","article_modified_time":"2022-03-23T09:12:58+00:00","og_image":[{"width":700,"height":700,"url":"https:\/\/cungtenhanoi.com\/wp-content\/uploads\/2022\/03\/O1CN01HfTfnP2GzRF9h4RUg__739769086.jpg","type":"image\/jpeg"}],"twitter_card":"summary_large_image","schema":{"@context":"https:\/\/schema.org","@graph":[{"@type":"WebPage","@id":"https:\/\/cungtenhanoi.com\/?product=fivics-anodized-titan-ex25-27-riser","url":"https:\/\/cungtenhanoi.com\/?product=fivics-anodized-titan-ex25-27-riser","name":"Fivics ANODIZED Titan EX25-27 Riser - Cung T\u00ean H\u00e0 N\u1ed9i","isPartOf":{"@id":"https:\/\/cungtenhanoi.com\/#website"},"datePublished":"2022-03-23T09:06:20+00:00","dateModified":"2022-03-23T09:12:58+00:00","description":"mua cung t\u00ean th\u1ec3 thao, mua cung t\u00ean t\u1ea1i h\u00e0 n\u1ed9i, cung tr\u1ee3 l\u1ef1c, cung compound, cung t\u00ean ch\u00ednh h\u00e3ng, cung t\u00ean m\u1ea1nh,cung t\u00ean h\u00e0 n\u1ed9i, cung t\u00ean , mua cung t\u00ean S\u00e0i g\u00f2n , mua m\u0169i t\u00ean b\u1eafn cung , cung b\u1eafn bi s\u1eaft , cung t\u00ean mini","breadcrumb":{"@id":"https:\/\/cungtenhanoi.com\/?product=fivics-anodized-titan-ex25-27-riser#breadcrumb"},"inLanguage":"vi","potentialAction":[{"@type":"ReadAction","target":["https:\/\/cungtenhanoi.com\/?product=fivics-anodized-titan-ex25-27-riser"]}]},{"@type":"BreadcrumbList","@id":"https:\/\/cungtenhanoi.com\/?product=fivics-anodized-titan-ex25-27-riser#breadcrumb","itemListElement":[{"@type":"ListItem","position":1,"name":"Trang ch\u1ee7","item":"https:\/\/cungtenhanoi.com\/"},{"@type":"ListItem","position":2,"name":"Shop","item":"https:\/\/cungtenhanoi.com\/?page_id=6"},{"@type":"ListItem","position":3,"name":"Cung","item":"https:\/\/cungtenhanoi.com\/danh-muc\/cung\/"},{"@type":"ListItem","position":4,"name":"Fivics ANODIZED Titan EX25-27 Riser"}]},{"@type":"WebSite","@id":"https:\/\/cungtenhanoi.com\/#website","url":"https:\/\/cungtenhanoi.com\/","name":"Cung T\u00ean H\u00e0 N\u1ed9i","description":"Cung c\u1ea5p c\u00e1c lo\u1ea1i cung t\u00ean th\u1ec3 thao s\u1ed1 1 Vi\u1ec7t Nam","publisher":{"@id":"https:\/\/cungtenhanoi.com\/#organization"},"potentialAction":[{"@type":"SearchAction","target":{"@type":"EntryPoint","urlTemplate":"https:\/\/cungtenhanoi.com\/?s={search_term_string}"},"query-input":"required name=search_term_string"}],"inLanguage":"vi"},{"@type":"Organization","@id":"https:\/\/cungtenhanoi.com\/#organization","name":"Cung T\u00ean H\u00e0 N\u1ed9i","url":"https:\/\/cungtenhanoi.com\/","sameAs":[],"logo":{"@type":"ImageObject","inLanguage":"vi","@id":"https:\/\/cungtenhanoi.com\/#\/schema\/logo\/image\/","url":"https:\/\/cungtenhanoi.com\/wp-content\/uploads\/2025\/05\/logo-den-trang.jpg","contentUrl":"https:\/\/cungtenhanoi.com\/wp-content\/uploads\/2025\/05\/logo-den-trang.jpg","width":450,"height":450,"caption":"Cung T\u00ean H\u00e0 N\u1ed9i"},"image":{"@id":"https:\/\/cungtenhanoi.com\/#\/schema\/logo\/image\/"}}]}},"_links":{"self":[{"href":"https:\/\/cungtenhanoi.com\/index.php?rest_route=\/wp\/v2\/product\/2262"}],"collection":[{"href":"https:\/\/cungtenhanoi.com\/index.php?rest_route=\/wp\/v2\/product"}],"about":[{"href":"https:\/\/cungtenhanoi.com\/index.php?rest_route=\/wp\/v2\/types\/product"}],"replies":[{"embeddable":true,"href":"https:\/\/cungtenhanoi.com\/index.php?rest_route=%2Fwp%2Fv2%2Fcomments&post=2262"}],"wp:featuredmedia":[{"embeddable":true,"href":"https:\/\/cungtenhanoi.com\/index.php?rest_route=\/wp\/v2\/media\/2266"}],"wp:attachment":[{"href":"https:\/\/cungtenhanoi.com\/index.php?rest_route=%2Fwp%2Fv2%2Fmedia&parent=2262"}],"wp:term":[{"taxonomy":"product_cat","embeddable":true,"href":"https:\/\/cungtenhanoi.com\/index.php?rest_route=%2Fwp%2Fv2%2Fproduct_cat&post=2262"},{"taxonomy":"product_tag","embeddable":true,"href":"https:\/\/cungtenhanoi.com\/index.php?rest_route=%2Fwp%2Fv2%2Fproduct_tag&post=2262"}],"curies":[{"name":"wp","href":"https:\/\/api.w.org\/{rel}","templated":true}]}}