{"id":2289,"date":"2022-04-02T21:07:04","date_gmt":"2022-04-02T14:07:04","guid":{"rendered":"https:\/\/cungtenhanoi.com\/?post_type=product&#038;p=2289"},"modified":"2026-04-21T18:02:50","modified_gmt":"2026-04-21T11:02:50","slug":"mui-ten-vap-v3-helix-feather-vans-xoan","status":"publish","type":"product","link":"https:\/\/cungtenhanoi.com\/?product=mui-ten-vap-v3-helix-feather-vans-xoan","title":{"rendered":"M\u0169i t\u00ean VAP-V3 Helix Feather vans xo\u1eafn"},"content":{"rendered":"<p style=\"text-align: center;\">Spiner\/400-500-600-700-800-900-1000<\/p>\n<p style=\"text-align: center;\">Size: 4.2mm<\/p>\n<p style=\"text-align: center;\">Chi\u1ec1u d\u00e0i thanh cacbon 30.5inh<\/p>\n<p style=\"text-align: center;\">Chi\u1ec1u d\u00e0i vans 1.8inh<img loading=\"lazy\" class=\"aligncenter  wp-image-2290\" src=\"https:\/\/cungtenhanoi.com\/wp-content\/uploads\/2022\/04\/B379F728-43FC-449E-BE25-3575C161759A.jpeg\" alt=\"\" width=\"655\" height=\"655\" srcset=\"https:\/\/cungtenhanoi.com\/wp-content\/uploads\/2022\/04\/B379F728-43FC-449E-BE25-3575C161759A.jpeg 800w, https:\/\/cungtenhanoi.com\/wp-content\/uploads\/2022\/04\/B379F728-43FC-449E-BE25-3575C161759A-300x300.jpeg 300w, https:\/\/cungtenhanoi.com\/wp-content\/uploads\/2022\/04\/B379F728-43FC-449E-BE25-3575C161759A-100x100.jpeg 100w, https:\/\/cungtenhanoi.com\/wp-content\/uploads\/2022\/04\/B379F728-43FC-449E-BE25-3575C161759A-600x600.jpeg 600w, https:\/\/cungtenhanoi.com\/wp-content\/uploads\/2022\/04\/B379F728-43FC-449E-BE25-3575C161759A-64x64.jpeg 64w\" sizes=\"(max-width: 655px) 100vw, 655px\" \/> <img loading=\"lazy\" class=\"aligncenter  wp-image-2291\" src=\"https:\/\/cungtenhanoi.com\/wp-content\/uploads\/2022\/04\/895BB099-3C24-4810-A898-5B020AE4B9FA.jpeg\" alt=\"\" width=\"656\" height=\"656\" srcset=\"https:\/\/cungtenhanoi.com\/wp-content\/uploads\/2022\/04\/895BB099-3C24-4810-A898-5B020AE4B9FA.jpeg 800w, https:\/\/cungtenhanoi.com\/wp-content\/uploads\/2022\/04\/895BB099-3C24-4810-A898-5B020AE4B9FA-300x300.jpeg 300w, https:\/\/cungtenhanoi.com\/wp-content\/uploads\/2022\/04\/895BB099-3C24-4810-A898-5B020AE4B9FA-100x100.jpeg 100w, https:\/\/cungtenhanoi.com\/wp-content\/uploads\/2022\/04\/895BB099-3C24-4810-A898-5B020AE4B9FA-600x600.jpeg 600w, https:\/\/cungtenhanoi.com\/wp-content\/uploads\/2022\/04\/895BB099-3C24-4810-A898-5B020AE4B9FA-64x64.jpeg 64w, https:\/\/cungtenhanoi.com\/wp-content\/uploads\/2022\/04\/895BB099-3C24-4810-A898-5B020AE4B9FA-150x150.jpeg 150w, https:\/\/cungtenhanoi.com\/wp-content\/uploads\/2022\/04\/895BB099-3C24-4810-A898-5B020AE4B9FA-768x768.jpeg 768w, https:\/\/cungtenhanoi.com\/wp-content\/uploads\/2022\/04\/895BB099-3C24-4810-A898-5B020AE4B9FA-180x180.jpeg 180w, https:\/\/cungtenhanoi.com\/wp-content\/uploads\/2022\/04\/895BB099-3C24-4810-A898-5B020AE4B9FA-45x45.jpeg 45w\" sizes=\"(max-width: 656px) 100vw, 656px\" \/> <img loading=\"lazy\" class=\"aligncenter  wp-image-2292\" src=\"https:\/\/cungtenhanoi.com\/wp-content\/uploads\/2022\/04\/55A593A0-F171-43ED-9438-B148F64969C9.jpeg\" alt=\"\" width=\"687\" height=\"687\" srcset=\"https:\/\/cungtenhanoi.com\/wp-content\/uploads\/2022\/04\/55A593A0-F171-43ED-9438-B148F64969C9.jpeg 800w, https:\/\/cungtenhanoi.com\/wp-content\/uploads\/2022\/04\/55A593A0-F171-43ED-9438-B148F64969C9-300x300.jpeg 300w, https:\/\/cungtenhanoi.com\/wp-content\/uploads\/2022\/04\/55A593A0-F171-43ED-9438-B148F64969C9-100x100.jpeg 100w, https:\/\/cungtenhanoi.com\/wp-content\/uploads\/2022\/04\/55A593A0-F171-43ED-9438-B148F64969C9-600x600.jpeg 600w, https:\/\/cungtenhanoi.com\/wp-content\/uploads\/2022\/04\/55A593A0-F171-43ED-9438-B148F64969C9-64x64.jpeg 64w, https:\/\/cungtenhanoi.com\/wp-content\/uploads\/2022\/04\/55A593A0-F171-43ED-9438-B148F64969C9-150x150.jpeg 150w, https:\/\/cungtenhanoi.com\/wp-content\/uploads\/2022\/04\/55A593A0-F171-43ED-9438-B148F64969C9-768x768.jpeg 768w, https:\/\/cungtenhanoi.com\/wp-content\/uploads\/2022\/04\/55A593A0-F171-43ED-9438-B148F64969C9-180x180.jpeg 180w, https:\/\/cungtenhanoi.com\/wp-content\/uploads\/2022\/04\/55A593A0-F171-43ED-9438-B148F64969C9-45x45.jpeg 45w\" sizes=\"(max-width: 687px) 100vw, 687px\" \/> <img loading=\"lazy\" class=\"aligncenter  wp-image-2293\" src=\"https:\/\/cungtenhanoi.com\/wp-content\/uploads\/2022\/04\/BE4F9BC8-6E4F-45D8-A771-D18768A9D19B.jpeg\" alt=\"\" width=\"635\" height=\"635\" srcset=\"https:\/\/cungtenhanoi.com\/wp-content\/uploads\/2022\/04\/BE4F9BC8-6E4F-45D8-A771-D18768A9D19B.jpeg 800w, https:\/\/cungtenhanoi.com\/wp-content\/uploads\/2022\/04\/BE4F9BC8-6E4F-45D8-A771-D18768A9D19B-300x300.jpeg 300w, https:\/\/cungtenhanoi.com\/wp-content\/uploads\/2022\/04\/BE4F9BC8-6E4F-45D8-A771-D18768A9D19B-100x100.jpeg 100w, https:\/\/cungtenhanoi.com\/wp-content\/uploads\/2022\/04\/BE4F9BC8-6E4F-45D8-A771-D18768A9D19B-600x600.jpeg 600w, https:\/\/cungtenhanoi.com\/wp-content\/uploads\/2022\/04\/BE4F9BC8-6E4F-45D8-A771-D18768A9D19B-64x64.jpeg 64w, https:\/\/cungtenhanoi.com\/wp-content\/uploads\/2022\/04\/BE4F9BC8-6E4F-45D8-A771-D18768A9D19B-150x150.jpeg 150w, https:\/\/cungtenhanoi.com\/wp-content\/uploads\/2022\/04\/BE4F9BC8-6E4F-45D8-A771-D18768A9D19B-768x768.jpeg 768w, https:\/\/cungtenhanoi.com\/wp-content\/uploads\/2022\/04\/BE4F9BC8-6E4F-45D8-A771-D18768A9D19B-180x180.jpeg 180w, https:\/\/cungtenhanoi.com\/wp-content\/uploads\/2022\/04\/BE4F9BC8-6E4F-45D8-A771-D18768A9D19B-45x45.jpeg 45w\" sizes=\"(max-width: 635px) 100vw, 635px\" \/> <img loading=\"lazy\" class=\"aligncenter  wp-image-2294\" src=\"https:\/\/cungtenhanoi.com\/wp-content\/uploads\/2022\/04\/7D8B0184-4B2D-48E8-ABDC-6630B2B3330C.jpeg\" alt=\"\" width=\"640\" height=\"640\" srcset=\"https:\/\/cungtenhanoi.com\/wp-content\/uploads\/2022\/04\/7D8B0184-4B2D-48E8-ABDC-6630B2B3330C.jpeg 800w, https:\/\/cungtenhanoi.com\/wp-content\/uploads\/2022\/04\/7D8B0184-4B2D-48E8-ABDC-6630B2B3330C-300x300.jpeg 300w, https:\/\/cungtenhanoi.com\/wp-content\/uploads\/2022\/04\/7D8B0184-4B2D-48E8-ABDC-6630B2B3330C-100x100.jpeg 100w, https:\/\/cungtenhanoi.com\/wp-content\/uploads\/2022\/04\/7D8B0184-4B2D-48E8-ABDC-6630B2B3330C-600x600.jpeg 600w, https:\/\/cungtenhanoi.com\/wp-content\/uploads\/2022\/04\/7D8B0184-4B2D-48E8-ABDC-6630B2B3330C-64x64.jpeg 64w, https:\/\/cungtenhanoi.com\/wp-content\/uploads\/2022\/04\/7D8B0184-4B2D-48E8-ABDC-6630B2B3330C-150x150.jpeg 150w, https:\/\/cungtenhanoi.com\/wp-content\/uploads\/2022\/04\/7D8B0184-4B2D-48E8-ABDC-6630B2B3330C-768x768.jpeg 768w, https:\/\/cungtenhanoi.com\/wp-content\/uploads\/2022\/04\/7D8B0184-4B2D-48E8-ABDC-6630B2B3330C-180x180.jpeg 180w, https:\/\/cungtenhanoi.com\/wp-content\/uploads\/2022\/04\/7D8B0184-4B2D-48E8-ABDC-6630B2B3330C-45x45.jpeg 45w\" sizes=\"(max-width: 640px) 100vw, 640px\" \/> <img loading=\"lazy\" class=\"aligncenter  wp-image-2295\" src=\"https:\/\/cungtenhanoi.com\/wp-content\/uploads\/2022\/04\/95B2739D-873C-49BB-8153-403216212AAE.jpeg\" alt=\"\" width=\"593\" height=\"593\" srcset=\"https:\/\/cungtenhanoi.com\/wp-content\/uploads\/2022\/04\/95B2739D-873C-49BB-8153-403216212AAE.jpeg 800w, https:\/\/cungtenhanoi.com\/wp-content\/uploads\/2022\/04\/95B2739D-873C-49BB-8153-403216212AAE-300x300.jpeg 300w, https:\/\/cungtenhanoi.com\/wp-content\/uploads\/2022\/04\/95B2739D-873C-49BB-8153-403216212AAE-100x100.jpeg 100w, https:\/\/cungtenhanoi.com\/wp-content\/uploads\/2022\/04\/95B2739D-873C-49BB-8153-403216212AAE-600x600.jpeg 600w, https:\/\/cungtenhanoi.com\/wp-content\/uploads\/2022\/04\/95B2739D-873C-49BB-8153-403216212AAE-64x64.jpeg 64w\" sizes=\"(max-width: 593px) 100vw, 593px\" \/> <img loading=\"lazy\" class=\"aligncenter  wp-image-2296\" src=\"https:\/\/cungtenhanoi.com\/wp-content\/uploads\/2022\/04\/7274AACF-5368-4429-A248-93B7A070DE58.jpeg\" alt=\"\" width=\"598\" height=\"598\" srcset=\"https:\/\/cungtenhanoi.com\/wp-content\/uploads\/2022\/04\/7274AACF-5368-4429-A248-93B7A070DE58.jpeg 800w, https:\/\/cungtenhanoi.com\/wp-content\/uploads\/2022\/04\/7274AACF-5368-4429-A248-93B7A070DE58-300x300.jpeg 300w, https:\/\/cungtenhanoi.com\/wp-content\/uploads\/2022\/04\/7274AACF-5368-4429-A248-93B7A070DE58-100x100.jpeg 100w, https:\/\/cungtenhanoi.com\/wp-content\/uploads\/2022\/04\/7274AACF-5368-4429-A248-93B7A070DE58-600x600.jpeg 600w, https:\/\/cungtenhanoi.com\/wp-content\/uploads\/2022\/04\/7274AACF-5368-4429-A248-93B7A070DE58-64x64.jpeg 64w, https:\/\/cungtenhanoi.com\/wp-content\/uploads\/2022\/04\/7274AACF-5368-4429-A248-93B7A070DE58-150x150.jpeg 150w, https:\/\/cungtenhanoi.com\/wp-content\/uploads\/2022\/04\/7274AACF-5368-4429-A248-93B7A070DE58-768x768.jpeg 768w, https:\/\/cungtenhanoi.com\/wp-content\/uploads\/2022\/04\/7274AACF-5368-4429-A248-93B7A070DE58-180x180.jpeg 180w, https:\/\/cungtenhanoi.com\/wp-content\/uploads\/2022\/04\/7274AACF-5368-4429-A248-93B7A070DE58-45x45.jpeg 45w\" sizes=\"(max-width: 598px) 100vw, 598px\" \/> <img loading=\"lazy\" class=\"aligncenter  wp-image-2297\" src=\"https:\/\/cungtenhanoi.com\/wp-content\/uploads\/2022\/04\/AF66A52E-D753-468E-BC89-7EDEB38FC738.jpeg\" alt=\"\" width=\"603\" height=\"603\" srcset=\"https:\/\/cungtenhanoi.com\/wp-content\/uploads\/2022\/04\/AF66A52E-D753-468E-BC89-7EDEB38FC738.jpeg 800w, https:\/\/cungtenhanoi.com\/wp-content\/uploads\/2022\/04\/AF66A52E-D753-468E-BC89-7EDEB38FC738-300x300.jpeg 300w, https:\/\/cungtenhanoi.com\/wp-content\/uploads\/2022\/04\/AF66A52E-D753-468E-BC89-7EDEB38FC738-100x100.jpeg 100w, https:\/\/cungtenhanoi.com\/wp-content\/uploads\/2022\/04\/AF66A52E-D753-468E-BC89-7EDEB38FC738-600x600.jpeg 600w, https:\/\/cungtenhanoi.com\/wp-content\/uploads\/2022\/04\/AF66A52E-D753-468E-BC89-7EDEB38FC738-64x64.jpeg 64w, https:\/\/cungtenhanoi.com\/wp-content\/uploads\/2022\/04\/AF66A52E-D753-468E-BC89-7EDEB38FC738-150x150.jpeg 150w, https:\/\/cungtenhanoi.com\/wp-content\/uploads\/2022\/04\/AF66A52E-D753-468E-BC89-7EDEB38FC738-768x768.jpeg 768w, https:\/\/cungtenhanoi.com\/wp-content\/uploads\/2022\/04\/AF66A52E-D753-468E-BC89-7EDEB38FC738-180x180.jpeg 180w, https:\/\/cungtenhanoi.com\/wp-content\/uploads\/2022\/04\/AF66A52E-D753-468E-BC89-7EDEB38FC738-45x45.jpeg 45w\" sizes=\"(max-width: 603px) 100vw, 603px\" \/><\/p>\n","protected":false},"excerpt":{"rendered":"<p>Set 6 t\u00ean<\/p>\n","protected":false},"featured_media":2295,"comment_status":"open","ping_status":"closed","template":"","meta":[],"product_cat":[24],"product_tag":[488,58,177,257,509,510,59,508,505,506,507],"acf":[],"yoast_head":"<!-- This site is optimized with the Yoast SEO plugin v19.8 - https:\/\/yoast.com\/wordpress\/plugins\/seo\/ -->\n<title>M\u0169i t\u00ean VAP-V3 Helix Feather vans xo\u1eafn - Cung T\u00ean H\u00e0 N\u1ed9i<\/title>\n<meta name=\"description\" content=\"Mua cung t\u00ean th\u1ec3 thao, Mua cung t\u00ean t\u1ea1i h\u00e0 n\u1ed9i, Cung tr\u1ee3 l\u1ef1c, Cung compound, Cung t\u00ean ch\u00ednh h\u00e3ng, , Cung t\u00ean h\u00e0 n\u1ed9i, Cung t\u00ean , Mua cung t\u00ean S\u00e0i g\u00f2n , Mua m\u0169i t\u00ean b\u1eafn cung , Cung b\u1eafn bi s\u1eaft , cung t\u00ean mini, Cung truy\u1ec1n th\u1ed1ng, Cung c\u1ed5 \u0111i\u1ec3n, Cung trang tr\u00ed, Cung tr\u01b0ng b\u00e0y, cung t\u00ean m\u1ea1nh, mua ph\u1ee5 ki\u1ec7n b\u1eafn cung, m\u0169i t\u00ean cacbon , m\u0169i t\u00ean tre, m\u0169i t\u00ean b\u1eafn cung, m\u0169i t\u00ean\" \/>\n<meta name=\"robots\" content=\"index, follow, max-snippet:-1, max-image-preview:large, max-video-preview:-1\" \/>\n<link rel=\"canonical\" href=\"https:\/\/cungtenhanoi.com\/?product=mui-ten-vap-v3-helix-feather-vans-xoan\" \/>\n<meta property=\"og:locale\" content=\"vi_VN\" \/>\n<meta property=\"og:type\" content=\"article\" \/>\n<meta property=\"og:title\" content=\"M\u0169i t\u00ean cacbon vans xo\u1eafn\" \/>\n<meta property=\"og:description\" content=\"Mua cung t\u00ean th\u1ec3 thao, Mua cung t\u00ean t\u1ea1i h\u00e0 n\u1ed9i, Cung tr\u1ee3 l\u1ef1c, Cung compound, Cung t\u00ean ch\u00ednh h\u00e3ng, , Cung t\u00ean h\u00e0 n\u1ed9i, Cung t\u00ean , Mua cung t\u00ean S\u00e0i g\u00f2n , Mua m\u0169i t\u00ean b\u1eafn cung , Cung b\u1eafn bi s\u1eaft , cung t\u00ean mini, Cung truy\u1ec1n th\u1ed1ng, Cung c\u1ed5 \u0111i\u1ec3n, Cung trang tr\u00ed, Cung tr\u01b0ng b\u00e0y, cung t\u00ean m\u1ea1nh, mua ph\u1ee5 ki\u1ec7n b\u1eafn cung, m\u0169i t\u00ean cacbon , m\u0169i t\u00ean tre, m\u0169i t\u00ean b\u1eafn cung, m\u0169i t\u00ean\" \/>\n<meta property=\"og:url\" content=\"https:\/\/cungtenhanoi.com\/?product=mui-ten-vap-v3-helix-feather-vans-xoan\" \/>\n<meta property=\"og:site_name\" content=\"Cung T\u00ean H\u00e0 N\u1ed9i\" \/>\n<meta property=\"article:modified_time\" content=\"2026-04-21T11:02:50+00:00\" \/>\n<meta property=\"og:image\" content=\"https:\/\/cungtenhanoi.com\/wp-content\/uploads\/2025\/05\/IMG_135054.jpg\" \/>\n\t<meta property=\"og:image:width\" content=\"1366\" \/>\n\t<meta property=\"og:image:height\" content=\"768\" \/>\n\t<meta property=\"og:image:type\" content=\"image\/jpeg\" \/>\n<meta name=\"twitter:card\" content=\"summary_large_image\" \/>\n<meta name=\"twitter:label1\" content=\"\u01af\u1edbc t\u00ednh th\u1eddi gian \u0111\u1ecdc\" \/>\n\t<meta name=\"twitter:data1\" content=\"2 ph\u00fat\" \/>\n<script type=\"application\/ld+json\" class=\"yoast-schema-graph\">{\"@context\":\"https:\/\/schema.org\",\"@graph\":[{\"@type\":\"WebPage\",\"@id\":\"https:\/\/cungtenhanoi.com\/?product=mui-ten-vap-v3-helix-feather-vans-xoan\",\"url\":\"https:\/\/cungtenhanoi.com\/?product=mui-ten-vap-v3-helix-feather-vans-xoan\",\"name\":\"M\u0169i t\u00ean VAP-V3 Helix Feather vans xo\u1eafn - Cung T\u00ean H\u00e0 N\u1ed9i\",\"isPartOf\":{\"@id\":\"https:\/\/cungtenhanoi.com\/#website\"},\"datePublished\":\"2022-04-02T14:07:04+00:00\",\"dateModified\":\"2026-04-21T11:02:50+00:00\",\"description\":\"Mua cung t\u00ean th\u1ec3 thao, Mua cung t\u00ean t\u1ea1i h\u00e0 n\u1ed9i, Cung tr\u1ee3 l\u1ef1c, Cung compound, Cung t\u00ean ch\u00ednh h\u00e3ng, , Cung t\u00ean h\u00e0 n\u1ed9i, Cung t\u00ean , Mua cung t\u00ean S\u00e0i g\u00f2n , Mua m\u0169i t\u00ean b\u1eafn cung , Cung b\u1eafn bi s\u1eaft , cung t\u00ean mini, Cung truy\u1ec1n th\u1ed1ng, Cung c\u1ed5 \u0111i\u1ec3n, Cung trang tr\u00ed, Cung tr\u01b0ng b\u00e0y, cung t\u00ean m\u1ea1nh, mua ph\u1ee5 ki\u1ec7n b\u1eafn cung, m\u0169i t\u00ean cacbon , m\u0169i t\u00ean tre, m\u0169i t\u00ean b\u1eafn cung, m\u0169i t\u00ean\",\"breadcrumb\":{\"@id\":\"https:\/\/cungtenhanoi.com\/?product=mui-ten-vap-v3-helix-feather-vans-xoan#breadcrumb\"},\"inLanguage\":\"vi\",\"potentialAction\":[{\"@type\":\"ReadAction\",\"target\":[\"https:\/\/cungtenhanoi.com\/?product=mui-ten-vap-v3-helix-feather-vans-xoan\"]}]},{\"@type\":\"BreadcrumbList\",\"@id\":\"https:\/\/cungtenhanoi.com\/?product=mui-ten-vap-v3-helix-feather-vans-xoan#breadcrumb\",\"itemListElement\":[{\"@type\":\"ListItem\",\"position\":1,\"name\":\"Trang ch\u1ee7\",\"item\":\"https:\/\/cungtenhanoi.com\/\"},{\"@type\":\"ListItem\",\"position\":2,\"name\":\"Shop\",\"item\":\"https:\/\/cungtenhanoi.com\/?page_id=6\"},{\"@type\":\"ListItem\",\"position\":3,\"name\":\"T\u00ean\",\"item\":\"https:\/\/cungtenhanoi.com\/danh-muc\/ten\/\"},{\"@type\":\"ListItem\",\"position\":4,\"name\":\"M\u0169i t\u00ean VAP-V3 Helix Feather vans xo\u1eafn\"}]},{\"@type\":\"WebSite\",\"@id\":\"https:\/\/cungtenhanoi.com\/#website\",\"url\":\"https:\/\/cungtenhanoi.com\/\",\"name\":\"Cung T\u00ean H\u00e0 N\u1ed9i\",\"description\":\"Cung c\u1ea5p c\u00e1c lo\u1ea1i cung t\u00ean th\u1ec3 thao s\u1ed1 1 Vi\u1ec7t Nam\",\"publisher\":{\"@id\":\"https:\/\/cungtenhanoi.com\/#organization\"},\"potentialAction\":[{\"@type\":\"SearchAction\",\"target\":{\"@type\":\"EntryPoint\",\"urlTemplate\":\"https:\/\/cungtenhanoi.com\/?s={search_term_string}\"},\"query-input\":\"required name=search_term_string\"}],\"inLanguage\":\"vi\"},{\"@type\":\"Organization\",\"@id\":\"https:\/\/cungtenhanoi.com\/#organization\",\"name\":\"Cung T\u00ean H\u00e0 N\u1ed9i\",\"url\":\"https:\/\/cungtenhanoi.com\/\",\"sameAs\":[],\"logo\":{\"@type\":\"ImageObject\",\"inLanguage\":\"vi\",\"@id\":\"https:\/\/cungtenhanoi.com\/#\/schema\/logo\/image\/\",\"url\":\"https:\/\/cungtenhanoi.com\/wp-content\/uploads\/2025\/05\/logo-den-trang.jpg\",\"contentUrl\":\"https:\/\/cungtenhanoi.com\/wp-content\/uploads\/2025\/05\/logo-den-trang.jpg\",\"width\":450,\"height\":450,\"caption\":\"Cung T\u00ean H\u00e0 N\u1ed9i\"},\"image\":{\"@id\":\"https:\/\/cungtenhanoi.com\/#\/schema\/logo\/image\/\"}}]}<\/script>\n<!-- \/ Yoast SEO plugin. -->","yoast_head_json":{"title":"M\u0169i t\u00ean VAP-V3 Helix Feather vans xo\u1eafn - Cung T\u00ean H\u00e0 N\u1ed9i","description":"Mua cung t\u00ean th\u1ec3 thao, Mua cung t\u00ean t\u1ea1i h\u00e0 n\u1ed9i, Cung tr\u1ee3 l\u1ef1c, Cung compound, Cung t\u00ean ch\u00ednh h\u00e3ng, , Cung t\u00ean h\u00e0 n\u1ed9i, Cung t\u00ean , Mua cung t\u00ean S\u00e0i g\u00f2n , Mua m\u0169i t\u00ean b\u1eafn cung , Cung b\u1eafn bi s\u1eaft , cung t\u00ean mini, Cung truy\u1ec1n th\u1ed1ng, Cung c\u1ed5 \u0111i\u1ec3n, Cung trang tr\u00ed, Cung tr\u01b0ng b\u00e0y, cung t\u00ean m\u1ea1nh, mua ph\u1ee5 ki\u1ec7n b\u1eafn cung, m\u0169i t\u00ean cacbon , m\u0169i t\u00ean tre, m\u0169i t\u00ean b\u1eafn cung, m\u0169i t\u00ean","robots":{"index":"index","follow":"follow","max-snippet":"max-snippet:-1","max-image-preview":"max-image-preview:large","max-video-preview":"max-video-preview:-1"},"canonical":"https:\/\/cungtenhanoi.com\/?product=mui-ten-vap-v3-helix-feather-vans-xoan","og_locale":"vi_VN","og_type":"article","og_title":"M\u0169i t\u00ean cacbon vans xo\u1eafn","og_description":"Mua cung t\u00ean th\u1ec3 thao, Mua cung t\u00ean t\u1ea1i h\u00e0 n\u1ed9i, Cung tr\u1ee3 l\u1ef1c, Cung compound, Cung t\u00ean ch\u00ednh h\u00e3ng, , Cung t\u00ean h\u00e0 n\u1ed9i, Cung t\u00ean , Mua cung t\u00ean S\u00e0i g\u00f2n , Mua m\u0169i t\u00ean b\u1eafn cung , Cung b\u1eafn bi s\u1eaft , cung t\u00ean mini, Cung truy\u1ec1n th\u1ed1ng, Cung c\u1ed5 \u0111i\u1ec3n, Cung trang tr\u00ed, Cung tr\u01b0ng b\u00e0y, cung t\u00ean m\u1ea1nh, mua ph\u1ee5 ki\u1ec7n b\u1eafn cung, m\u0169i t\u00ean cacbon , m\u0169i t\u00ean tre, m\u0169i t\u00ean b\u1eafn cung, m\u0169i t\u00ean","og_url":"https:\/\/cungtenhanoi.com\/?product=mui-ten-vap-v3-helix-feather-vans-xoan","og_site_name":"Cung T\u00ean H\u00e0 N\u1ed9i","article_modified_time":"2026-04-21T11:02:50+00:00","og_image":[{"width":1366,"height":768,"url":"https:\/\/cungtenhanoi.com\/wp-content\/uploads\/2025\/05\/IMG_135054.jpg","type":"image\/jpeg"}],"twitter_card":"summary_large_image","twitter_misc":{"\u01af\u1edbc t\u00ednh th\u1eddi gian \u0111\u1ecdc":"2 ph\u00fat"},"schema":{"@context":"https:\/\/schema.org","@graph":[{"@type":"WebPage","@id":"https:\/\/cungtenhanoi.com\/?product=mui-ten-vap-v3-helix-feather-vans-xoan","url":"https:\/\/cungtenhanoi.com\/?product=mui-ten-vap-v3-helix-feather-vans-xoan","name":"M\u0169i t\u00ean VAP-V3 Helix Feather vans xo\u1eafn - Cung T\u00ean H\u00e0 N\u1ed9i","isPartOf":{"@id":"https:\/\/cungtenhanoi.com\/#website"},"datePublished":"2022-04-02T14:07:04+00:00","dateModified":"2026-04-21T11:02:50+00:00","description":"Mua cung t\u00ean th\u1ec3 thao, Mua cung t\u00ean t\u1ea1i h\u00e0 n\u1ed9i, Cung tr\u1ee3 l\u1ef1c, Cung compound, Cung t\u00ean ch\u00ednh h\u00e3ng, , Cung t\u00ean h\u00e0 n\u1ed9i, Cung t\u00ean , Mua cung t\u00ean S\u00e0i g\u00f2n , Mua m\u0169i t\u00ean b\u1eafn cung , Cung b\u1eafn bi s\u1eaft , cung t\u00ean mini, Cung truy\u1ec1n th\u1ed1ng, Cung c\u1ed5 \u0111i\u1ec3n, Cung trang tr\u00ed, Cung tr\u01b0ng b\u00e0y, cung t\u00ean m\u1ea1nh, mua ph\u1ee5 ki\u1ec7n b\u1eafn cung, m\u0169i t\u00ean cacbon , m\u0169i t\u00ean tre, m\u0169i t\u00ean b\u1eafn cung, m\u0169i t\u00ean","breadcrumb":{"@id":"https:\/\/cungtenhanoi.com\/?product=mui-ten-vap-v3-helix-feather-vans-xoan#breadcrumb"},"inLanguage":"vi","potentialAction":[{"@type":"ReadAction","target":["https:\/\/cungtenhanoi.com\/?product=mui-ten-vap-v3-helix-feather-vans-xoan"]}]},{"@type":"BreadcrumbList","@id":"https:\/\/cungtenhanoi.com\/?product=mui-ten-vap-v3-helix-feather-vans-xoan#breadcrumb","itemListElement":[{"@type":"ListItem","position":1,"name":"Trang ch\u1ee7","item":"https:\/\/cungtenhanoi.com\/"},{"@type":"ListItem","position":2,"name":"Shop","item":"https:\/\/cungtenhanoi.com\/?page_id=6"},{"@type":"ListItem","position":3,"name":"T\u00ean","item":"https:\/\/cungtenhanoi.com\/danh-muc\/ten\/"},{"@type":"ListItem","position":4,"name":"M\u0169i t\u00ean VAP-V3 Helix Feather vans xo\u1eafn"}]},{"@type":"WebSite","@id":"https:\/\/cungtenhanoi.com\/#website","url":"https:\/\/cungtenhanoi.com\/","name":"Cung T\u00ean H\u00e0 N\u1ed9i","description":"Cung c\u1ea5p c\u00e1c lo\u1ea1i cung t\u00ean th\u1ec3 thao s\u1ed1 1 Vi\u1ec7t Nam","publisher":{"@id":"https:\/\/cungtenhanoi.com\/#organization"},"potentialAction":[{"@type":"SearchAction","target":{"@type":"EntryPoint","urlTemplate":"https:\/\/cungtenhanoi.com\/?s={search_term_string}"},"query-input":"required name=search_term_string"}],"inLanguage":"vi"},{"@type":"Organization","@id":"https:\/\/cungtenhanoi.com\/#organization","name":"Cung T\u00ean H\u00e0 N\u1ed9i","url":"https:\/\/cungtenhanoi.com\/","sameAs":[],"logo":{"@type":"ImageObject","inLanguage":"vi","@id":"https:\/\/cungtenhanoi.com\/#\/schema\/logo\/image\/","url":"https:\/\/cungtenhanoi.com\/wp-content\/uploads\/2025\/05\/logo-den-trang.jpg","contentUrl":"https:\/\/cungtenhanoi.com\/wp-content\/uploads\/2025\/05\/logo-den-trang.jpg","width":450,"height":450,"caption":"Cung T\u00ean H\u00e0 N\u1ed9i"},"image":{"@id":"https:\/\/cungtenhanoi.com\/#\/schema\/logo\/image\/"}}]}},"_links":{"self":[{"href":"https:\/\/cungtenhanoi.com\/index.php?rest_route=\/wp\/v2\/product\/2289"}],"collection":[{"href":"https:\/\/cungtenhanoi.com\/index.php?rest_route=\/wp\/v2\/product"}],"about":[{"href":"https:\/\/cungtenhanoi.com\/index.php?rest_route=\/wp\/v2\/types\/product"}],"replies":[{"embeddable":true,"href":"https:\/\/cungtenhanoi.com\/index.php?rest_route=%2Fwp%2Fv2%2Fcomments&post=2289"}],"wp:featuredmedia":[{"embeddable":true,"href":"https:\/\/cungtenhanoi.com\/index.php?rest_route=\/wp\/v2\/media\/2295"}],"wp:attachment":[{"href":"https:\/\/cungtenhanoi.com\/index.php?rest_route=%2Fwp%2Fv2%2Fmedia&parent=2289"}],"wp:term":[{"taxonomy":"product_cat","embeddable":true,"href":"https:\/\/cungtenhanoi.com\/index.php?rest_route=%2Fwp%2Fv2%2Fproduct_cat&post=2289"},{"taxonomy":"product_tag","embeddable":true,"href":"https:\/\/cungtenhanoi.com\/index.php?rest_route=%2Fwp%2Fv2%2Fproduct_tag&post=2289"}],"curies":[{"name":"wp","href":"https:\/\/api.w.org\/{rel}","templated":true}]}}