{"id":2336,"date":"2022-04-09T01:57:34","date_gmt":"2022-04-08T18:57:34","guid":{"rendered":"https:\/\/cungtenhanoi.com\/?post_type=product&#038;p=2336"},"modified":"2025-05-10T22:51:51","modified_gmt":"2025-05-10T15:51:51","slug":"sanlida-dragon-x8","status":"publish","type":"product","link":"https:\/\/cungtenhanoi.com\/?product=sanlida-dragon-x8","title":{"rendered":"Sanlida Dragon X8 compound"},"content":{"rendered":"<p style=\"text-align: center;\">\u00a0Dragon X8 l\u00e0 1 s\u1ea3n ph\u1ea9m c\u1ee7a s\u1ef1 ho\u00e0n thi\u1ec7n trong ph\u00e2n kh\u00fac Hunting nh\u00e0 Sanlida<br \/>\nS\u1edf h\u1eefu l\u1ef1c b\u1eafn l\u00ean \u0111\u1ebfn 70 lbs c\u00f9ng tr\u1ee3 l\u1ef1c l\u00ean \u0111\u1ebfn 80% s\u1ebd th\u1ef1c s\u1ef1 l\u00e0 1 \u0111\u1ed1i th\u1ee7 n\u1eb7ng k\u00fd trong ph\u00e2n kh\u00fac<br \/>\n\u01afu \u0111i\u1ec3m v\u1ec1 gi\u00e1 s\u1ebd l\u00e0 1 l\u1ee3i th\u1ebf c\u01b0c l\u1edbn c\u1ee7a X8 Dragon<\/p>\n<p style=\"text-align: center;\">V\u1edbi 2 m\u00e0u \u0111en v\u00e0 camo s\u1ebd l\u00e0m n\u1ed5i b\u00e2t c\u00e1 t\u00ednh c\u1ee7a ch\u1ee7 nh\u00e2n s\u1edf h\u1eefu<\/p>\n<p style=\"text-align: center;\">Dragon X8 s\u1ebd kh\u00f4ng qu\u00e1 khi d\u00f9ng 2 t\u1eeb ho\u00e0n h\u1ea3o<br \/>\nGi\u00e1 full option<\/p>\n<p style=\"padding-left: 30px;\"><img loading=\"lazy\" class=\"aligncenter size-full wp-image-2342\" src=\"https:\/\/cungtenhanoi.com\/wp-content\/uploads\/2022\/04\/E0844E57-9DC5-498E-BAF1-E33090E57257.jpeg\" alt=\"\" width=\"1213\" height=\"848\" srcset=\"https:\/\/cungtenhanoi.com\/wp-content\/uploads\/2022\/04\/E0844E57-9DC5-498E-BAF1-E33090E57257.jpeg 1213w, https:\/\/cungtenhanoi.com\/wp-content\/uploads\/2022\/04\/E0844E57-9DC5-498E-BAF1-E33090E57257-600x419.jpeg 600w, https:\/\/cungtenhanoi.com\/wp-content\/uploads\/2022\/04\/E0844E57-9DC5-498E-BAF1-E33090E57257-64x45.jpeg 64w, https:\/\/cungtenhanoi.com\/wp-content\/uploads\/2022\/04\/E0844E57-9DC5-498E-BAF1-E33090E57257-300x210.jpeg 300w, https:\/\/cungtenhanoi.com\/wp-content\/uploads\/2022\/04\/E0844E57-9DC5-498E-BAF1-E33090E57257-768x537.jpeg 768w, https:\/\/cungtenhanoi.com\/wp-content\/uploads\/2022\/04\/E0844E57-9DC5-498E-BAF1-E33090E57257-1024x716.jpeg 1024w\" sizes=\"(max-width: 1213px) 100vw, 1213px\" \/><\/p>\n<p><img loading=\"lazy\" class=\"size-medium wp-image-16095 aligncenter\" src=\"https:\/\/cungtenhanoi.com\/wp-content\/uploads\/2022\/04\/SanlidaDragonX8ProPackage-400x400.jpg\" alt=\"\" width=\"400\" height=\"400\" srcset=\"https:\/\/cungtenhanoi.com\/wp-content\/uploads\/2022\/04\/SanlidaDragonX8ProPackage-400x400.jpg 400w, https:\/\/cungtenhanoi.com\/wp-content\/uploads\/2022\/04\/SanlidaDragonX8ProPackage-800x800.jpg 800w, https:\/\/cungtenhanoi.com\/wp-content\/uploads\/2022\/04\/SanlidaDragonX8ProPackage-280x280.jpg 280w, https:\/\/cungtenhanoi.com\/wp-content\/uploads\/2022\/04\/SanlidaDragonX8ProPackage-768x768.jpg 768w, https:\/\/cungtenhanoi.com\/wp-content\/uploads\/2022\/04\/SanlidaDragonX8ProPackage-45x45.jpg 45w, https:\/\/cungtenhanoi.com\/wp-content\/uploads\/2022\/04\/SanlidaDragonX8ProPackage-300x300.jpg 300w, https:\/\/cungtenhanoi.com\/wp-content\/uploads\/2022\/04\/SanlidaDragonX8ProPackage-600x600.jpg 600w, https:\/\/cungtenhanoi.com\/wp-content\/uploads\/2022\/04\/SanlidaDragonX8ProPackage-100x100.jpg 100w, https:\/\/cungtenhanoi.com\/wp-content\/uploads\/2022\/04\/SanlidaDragonX8ProPackage-64x64.jpg 64w, https:\/\/cungtenhanoi.com\/wp-content\/uploads\/2022\/04\/SanlidaDragonX8ProPackage.jpg 1500w\" sizes=\"(max-width: 400px) 100vw, 400px\" \/><\/p>\n<p style=\"padding-left: 30px;\"><img loading=\"lazy\" class=\"aligncenter  wp-image-2347\" src=\"https:\/\/cungtenhanoi.com\/wp-content\/uploads\/2022\/04\/H1add3abd61894107a25849466131c56bK-2.jpg\" alt=\"\" width=\"581\" height=\"581\" srcset=\"https:\/\/cungtenhanoi.com\/wp-content\/uploads\/2022\/04\/H1add3abd61894107a25849466131c56bK-2.jpg 800w, https:\/\/cungtenhanoi.com\/wp-content\/uploads\/2022\/04\/H1add3abd61894107a25849466131c56bK-2-300x300.jpg 300w, https:\/\/cungtenhanoi.com\/wp-content\/uploads\/2022\/04\/H1add3abd61894107a25849466131c56bK-2-100x100.jpg 100w, https:\/\/cungtenhanoi.com\/wp-content\/uploads\/2022\/04\/H1add3abd61894107a25849466131c56bK-2-600x600.jpg 600w, https:\/\/cungtenhanoi.com\/wp-content\/uploads\/2022\/04\/H1add3abd61894107a25849466131c56bK-2-64x64.jpg 64w, https:\/\/cungtenhanoi.com\/wp-content\/uploads\/2022\/04\/H1add3abd61894107a25849466131c56bK-2-150x150.jpg 150w, https:\/\/cungtenhanoi.com\/wp-content\/uploads\/2022\/04\/H1add3abd61894107a25849466131c56bK-2-768x768.jpg 768w, https:\/\/cungtenhanoi.com\/wp-content\/uploads\/2022\/04\/H1add3abd61894107a25849466131c56bK-2-180x180.jpg 180w, https:\/\/cungtenhanoi.com\/wp-content\/uploads\/2022\/04\/H1add3abd61894107a25849466131c56bK-2-45x45.jpg 45w\" sizes=\"(max-width: 581px) 100vw, 581px\" \/><\/p>\n<p style=\"padding-left: 30px;\"><img loading=\"lazy\" class=\"aligncenter  wp-image-2343\" src=\"https:\/\/cungtenhanoi.com\/wp-content\/uploads\/2022\/04\/F9A94CF6-86A6-4799-B3DD-2317A9AAC4DD.jpeg\" alt=\"\" width=\"554\" height=\"554\" srcset=\"https:\/\/cungtenhanoi.com\/wp-content\/uploads\/2022\/04\/F9A94CF6-86A6-4799-B3DD-2317A9AAC4DD.jpeg 612w, https:\/\/cungtenhanoi.com\/wp-content\/uploads\/2022\/04\/F9A94CF6-86A6-4799-B3DD-2317A9AAC4DD-300x300.jpeg 300w, https:\/\/cungtenhanoi.com\/wp-content\/uploads\/2022\/04\/F9A94CF6-86A6-4799-B3DD-2317A9AAC4DD-100x100.jpeg 100w, https:\/\/cungtenhanoi.com\/wp-content\/uploads\/2022\/04\/F9A94CF6-86A6-4799-B3DD-2317A9AAC4DD-600x600.jpeg 600w, https:\/\/cungtenhanoi.com\/wp-content\/uploads\/2022\/04\/F9A94CF6-86A6-4799-B3DD-2317A9AAC4DD-64x64.jpeg 64w, https:\/\/cungtenhanoi.com\/wp-content\/uploads\/2022\/04\/F9A94CF6-86A6-4799-B3DD-2317A9AAC4DD-150x150.jpeg 150w, https:\/\/cungtenhanoi.com\/wp-content\/uploads\/2022\/04\/F9A94CF6-86A6-4799-B3DD-2317A9AAC4DD-180x180.jpeg 180w, https:\/\/cungtenhanoi.com\/wp-content\/uploads\/2022\/04\/F9A94CF6-86A6-4799-B3DD-2317A9AAC4DD-45x45.jpeg 45w\" sizes=\"(max-width: 554px) 100vw, 554px\" \/><img loading=\"lazy\" class=\"aligncenter  wp-image-2339\" src=\"https:\/\/cungtenhanoi.com\/wp-content\/uploads\/2022\/04\/H4ed71f5167604216ad942390eb5a311dV.jpg\" alt=\"\" width=\"637\" height=\"637\" srcset=\"https:\/\/cungtenhanoi.com\/wp-content\/uploads\/2022\/04\/H4ed71f5167604216ad942390eb5a311dV.jpg 1000w, https:\/\/cungtenhanoi.com\/wp-content\/uploads\/2022\/04\/H4ed71f5167604216ad942390eb5a311dV-300x300.jpg 300w, https:\/\/cungtenhanoi.com\/wp-content\/uploads\/2022\/04\/H4ed71f5167604216ad942390eb5a311dV-100x100.jpg 100w, https:\/\/cungtenhanoi.com\/wp-content\/uploads\/2022\/04\/H4ed71f5167604216ad942390eb5a311dV-600x600.jpg 600w, https:\/\/cungtenhanoi.com\/wp-content\/uploads\/2022\/04\/H4ed71f5167604216ad942390eb5a311dV-64x64.jpg 64w, https:\/\/cungtenhanoi.com\/wp-content\/uploads\/2022\/04\/H4ed71f5167604216ad942390eb5a311dV-150x150.jpg 150w, https:\/\/cungtenhanoi.com\/wp-content\/uploads\/2022\/04\/H4ed71f5167604216ad942390eb5a311dV-768x768.jpg 768w, https:\/\/cungtenhanoi.com\/wp-content\/uploads\/2022\/04\/H4ed71f5167604216ad942390eb5a311dV-180x180.jpg 180w, https:\/\/cungtenhanoi.com\/wp-content\/uploads\/2022\/04\/H4ed71f5167604216ad942390eb5a311dV-45x45.jpg 45w\" sizes=\"(max-width: 637px) 100vw, 637px\" \/> <img loading=\"lazy\" class=\"aligncenter  wp-image-2341\" src=\"https:\/\/cungtenhanoi.com\/wp-content\/uploads\/2022\/04\/Sanlida-Dragon-X8-Compound-Package-Camo.jpg\" alt=\"\" width=\"678\" height=\"678\" srcset=\"https:\/\/cungtenhanoi.com\/wp-content\/uploads\/2022\/04\/Sanlida-Dragon-X8-Compound-Package-Camo.jpg 1000w, https:\/\/cungtenhanoi.com\/wp-content\/uploads\/2022\/04\/Sanlida-Dragon-X8-Compound-Package-Camo-300x300.jpg 300w, https:\/\/cungtenhanoi.com\/wp-content\/uploads\/2022\/04\/Sanlida-Dragon-X8-Compound-Package-Camo-100x100.jpg 100w, https:\/\/cungtenhanoi.com\/wp-content\/uploads\/2022\/04\/Sanlida-Dragon-X8-Compound-Package-Camo-600x600.jpg 600w, https:\/\/cungtenhanoi.com\/wp-content\/uploads\/2022\/04\/Sanlida-Dragon-X8-Compound-Package-Camo-64x64.jpg 64w\" sizes=\"(max-width: 678px) 100vw, 678px\" \/><img loading=\"lazy\" class=\"aligncenter  wp-image-2337\" src=\"https:\/\/cungtenhanoi.com\/wp-content\/uploads\/2022\/04\/41nLYaZ33AS.jpg\" alt=\"\" width=\"447\" height=\"447\" srcset=\"https:\/\/cungtenhanoi.com\/wp-content\/uploads\/2022\/04\/41nLYaZ33AS.jpg 500w, https:\/\/cungtenhanoi.com\/wp-content\/uploads\/2022\/04\/41nLYaZ33AS-300x300.jpg 300w, https:\/\/cungtenhanoi.com\/wp-content\/uploads\/2022\/04\/41nLYaZ33AS-100x100.jpg 100w, https:\/\/cungtenhanoi.com\/wp-content\/uploads\/2022\/04\/41nLYaZ33AS-64x64.jpg 64w, https:\/\/cungtenhanoi.com\/wp-content\/uploads\/2022\/04\/41nLYaZ33AS-150x150.jpg 150w, https:\/\/cungtenhanoi.com\/wp-content\/uploads\/2022\/04\/41nLYaZ33AS-180x180.jpg 180w, https:\/\/cungtenhanoi.com\/wp-content\/uploads\/2022\/04\/41nLYaZ33AS-45x45.jpg 45w\" sizes=\"(max-width: 447px) 100vw, 447px\" \/><img loading=\"lazy\" class=\"aligncenter  wp-image-2340\" src=\"https:\/\/cungtenhanoi.com\/wp-content\/uploads\/2022\/04\/sandrlimb.jpg\" alt=\"\" width=\"475\" height=\"482\" srcset=\"https:\/\/cungtenhanoi.com\/wp-content\/uploads\/2022\/04\/sandrlimb.jpg 600w, https:\/\/cungtenhanoi.com\/wp-content\/uploads\/2022\/04\/sandrlimb-100x100.jpg 100w, https:\/\/cungtenhanoi.com\/wp-content\/uploads\/2022\/04\/sandrlimb-64x65.jpg 64w, https:\/\/cungtenhanoi.com\/wp-content\/uploads\/2022\/04\/sandrlimb-296x300.jpg 296w, https:\/\/cungtenhanoi.com\/wp-content\/uploads\/2022\/04\/sandrlimb-45x45.jpg 45w\" sizes=\"(max-width: 475px) 100vw, 475px\" \/><img loading=\"lazy\" class=\"aligncenter wp-image-2509\" style=\"text-align: center;\" src=\"https:\/\/cungtenhanoi.com\/wp-content\/uploads\/2022\/04\/26503B89-5C6A-4A63-9265-35847E057AA3.jpeg\" alt=\"\" width=\"751\" height=\"1001\" \/><img loading=\"lazy\" class=\"aligncenter wp-image-2510\" style=\"text-align: center;\" src=\"https:\/\/cungtenhanoi.com\/wp-content\/uploads\/2022\/04\/FEF4B9A3-9CC5-4CC0-9B12-6C3906773896.jpeg\" alt=\"\" width=\"751\" height=\"1002\" \/><img loading=\"lazy\" class=\"aligncenter wp-image-2511\" style=\"text-align: center;\" src=\"https:\/\/cungtenhanoi.com\/wp-content\/uploads\/2022\/04\/51113613-2ABE-4642-BDC8-1CF88CB71C79.jpeg\" alt=\"\" width=\"752\" height=\"1003\" \/><img loading=\"lazy\" class=\"aligncenter wp-image-2338\" src=\"https:\/\/cungtenhanoi.com\/wp-content\/uploads\/2022\/04\/815hc3kWHWS._AC_SL1500_.jpg\" alt=\"\" width=\"751\" height=\"751\" srcset=\"https:\/\/cungtenhanoi.com\/wp-content\/uploads\/2022\/04\/815hc3kWHWS._AC_SL1500_.jpg 1500w, https:\/\/cungtenhanoi.com\/wp-content\/uploads\/2022\/04\/815hc3kWHWS._AC_SL1500_-300x300.jpg 300w, https:\/\/cungtenhanoi.com\/wp-content\/uploads\/2022\/04\/815hc3kWHWS._AC_SL1500_-100x100.jpg 100w, https:\/\/cungtenhanoi.com\/wp-content\/uploads\/2022\/04\/815hc3kWHWS._AC_SL1500_-600x600.jpg 600w, https:\/\/cungtenhanoi.com\/wp-content\/uploads\/2022\/04\/815hc3kWHWS._AC_SL1500_-64x64.jpg 64w, https:\/\/cungtenhanoi.com\/wp-content\/uploads\/2022\/04\/815hc3kWHWS._AC_SL1500_-150x150.jpg 150w, https:\/\/cungtenhanoi.com\/wp-content\/uploads\/2022\/04\/815hc3kWHWS._AC_SL1500_-768x768.jpg 768w, https:\/\/cungtenhanoi.com\/wp-content\/uploads\/2022\/04\/815hc3kWHWS._AC_SL1500_-1024x1024.jpg 1024w, https:\/\/cungtenhanoi.com\/wp-content\/uploads\/2022\/04\/815hc3kWHWS._AC_SL1500_-180x180.jpg 180w, https:\/\/cungtenhanoi.com\/wp-content\/uploads\/2022\/04\/815hc3kWHWS._AC_SL1500_-45x45.jpg 45w\" sizes=\"(max-width: 751px) 100vw, 751px\" \/><\/p>\n<p><iframe loading=\"lazy\" title=\"Chi ti\u1ebft Full option cung compound Dragon X8-X9-X10\" width=\"1020\" height=\"574\" src=\"https:\/\/www.youtube.com\/embed\/kmYMOXWAlbk?feature=oembed\" frameborder=\"0\" allow=\"accelerometer; autoplay; clipboard-write; encrypted-media; gyroscope; picture-in-picture; web-share\" referrerpolicy=\"strict-origin-when-cross-origin\" allowfullscreen><\/iframe><\/p>\n","protected":false},"excerpt":{"rendered":"<p>Full option: Nh\u01b0 \u1ea3nh \u0111\u1ea1i di\u1ec7n<\/p>\n<p>Option cao c\u1ea5p : Li\u00ean h\u1ec7 0911 682 663<\/p>\n","protected":false},"featured_media":16095,"comment_status":"open","ping_status":"closed","template":"","meta":[],"product_cat":[17],"product_tag":[198,34,413,257,1385,517,1383,520,519,518],"acf":[],"yoast_head":"<!-- This site is optimized with the Yoast SEO plugin v19.8 - https:\/\/yoast.com\/wordpress\/plugins\/seo\/ -->\n<title>Sanlida Dragon X8 compound - Cung T\u00ean H\u00e0 N\u1ed9i<\/title>\n<meta name=\"description\" content=\"Dragon X8 Sanlida compound...Mua cung t\u00ean th\u1ec3 thao, Mua cung t\u00ean t\u1ea1i h\u00e0 n\u1ed9i, Cung tr\u1ee3 l\u1ef1c, Cung compound, Cung t\u00ean ch\u00ednh h\u00e3ng, , Cung t\u00ean h\u00e0 n\u1ed9i, Cung t\u00ean , Mua cung t\u00ean S\u00e0i g\u00f2n , Mua m\u0169i t\u00ean b\u1eafn cung , Cung b\u1eafn bi s\u1eaft , cung t\u00ean mini, Cung truy\u1ec1n th\u1ed1ng, Cung c\u1ed5 \u0111i\u1ec3n, Cung trang tr\u00ed, Cung tr\u01b0ng b\u00e0y, cung t\u00ean m\u1ea1nh, mua ph\u1ee5 ki\u1ec7n b\u1eafn cung, m\u0169i t\u00ean cacbon , m\u0169i t\u00ean tre, m\u0169i t\u00ean b\u1eafn cung, m\u0169i t\u00ean\" \/>\n<meta name=\"robots\" content=\"index, follow, max-snippet:-1, max-image-preview:large, max-video-preview:-1\" \/>\n<link rel=\"canonical\" href=\"https:\/\/cungtenhanoi.com\/?product=sanlida-dragon-x8\" \/>\n<meta property=\"og:locale\" content=\"vi_VN\" \/>\n<meta property=\"og:type\" content=\"article\" \/>\n<meta property=\"og:title\" content=\"Sanlida Dragon X8 compound - Cung T\u00ean H\u00e0 N\u1ed9i\" \/>\n<meta property=\"og:description\" content=\"Dragon X8 Sanlida compound...Mua cung t\u00ean th\u1ec3 thao, Mua cung t\u00ean t\u1ea1i h\u00e0 n\u1ed9i, Cung tr\u1ee3 l\u1ef1c, Cung compound, Cung t\u00ean ch\u00ednh h\u00e3ng, , Cung t\u00ean h\u00e0 n\u1ed9i, Cung t\u00ean , Mua cung t\u00ean S\u00e0i g\u00f2n , Mua m\u0169i t\u00ean b\u1eafn cung , Cung b\u1eafn bi s\u1eaft , cung t\u00ean mini, Cung truy\u1ec1n th\u1ed1ng, Cung c\u1ed5 \u0111i\u1ec3n, Cung trang tr\u00ed, Cung tr\u01b0ng b\u00e0y, cung t\u00ean m\u1ea1nh, mua ph\u1ee5 ki\u1ec7n b\u1eafn cung, m\u0169i t\u00ean cacbon , m\u0169i t\u00ean tre, m\u0169i t\u00ean b\u1eafn cung, m\u0169i t\u00ean\" \/>\n<meta property=\"og:url\" content=\"https:\/\/cungtenhanoi.com\/?product=sanlida-dragon-x8\" \/>\n<meta property=\"og:site_name\" content=\"Cung T\u00ean H\u00e0 N\u1ed9i\" \/>\n<meta property=\"article:modified_time\" content=\"2025-05-10T15:51:51+00:00\" \/>\n<meta property=\"og:image\" content=\"https:\/\/cungtenhanoi.com\/wp-content\/uploads\/2022\/04\/SanlidaDragonX8ProPackage.jpg\" \/>\n\t<meta property=\"og:image:width\" content=\"1500\" \/>\n\t<meta property=\"og:image:height\" content=\"1500\" \/>\n\t<meta property=\"og:image:type\" content=\"image\/jpeg\" \/>\n<meta name=\"twitter:card\" content=\"summary_large_image\" \/>\n<meta name=\"twitter:label1\" content=\"\u01af\u1edbc t\u00ednh th\u1eddi gian \u0111\u1ecdc\" \/>\n\t<meta name=\"twitter:data1\" content=\"3 ph\u00fat\" \/>\n<script type=\"application\/ld+json\" class=\"yoast-schema-graph\">{\"@context\":\"https:\/\/schema.org\",\"@graph\":[{\"@type\":\"WebPage\",\"@id\":\"https:\/\/cungtenhanoi.com\/?product=sanlida-dragon-x8\",\"url\":\"https:\/\/cungtenhanoi.com\/?product=sanlida-dragon-x8\",\"name\":\"Sanlida Dragon X8 compound - Cung T\u00ean H\u00e0 N\u1ed9i\",\"isPartOf\":{\"@id\":\"https:\/\/cungtenhanoi.com\/#website\"},\"datePublished\":\"2022-04-08T18:57:34+00:00\",\"dateModified\":\"2025-05-10T15:51:51+00:00\",\"description\":\"Dragon X8 Sanlida compound...Mua cung t\u00ean th\u1ec3 thao, Mua cung t\u00ean t\u1ea1i h\u00e0 n\u1ed9i, Cung tr\u1ee3 l\u1ef1c, Cung compound, Cung t\u00ean ch\u00ednh h\u00e3ng, , Cung t\u00ean h\u00e0 n\u1ed9i, Cung t\u00ean , Mua cung t\u00ean S\u00e0i g\u00f2n , Mua m\u0169i t\u00ean b\u1eafn cung , Cung b\u1eafn bi s\u1eaft , cung t\u00ean mini, Cung truy\u1ec1n th\u1ed1ng, Cung c\u1ed5 \u0111i\u1ec3n, Cung trang tr\u00ed, Cung tr\u01b0ng b\u00e0y, cung t\u00ean m\u1ea1nh, mua ph\u1ee5 ki\u1ec7n b\u1eafn cung, m\u0169i t\u00ean cacbon , m\u0169i t\u00ean tre, m\u0169i t\u00ean b\u1eafn cung, m\u0169i t\u00ean\",\"breadcrumb\":{\"@id\":\"https:\/\/cungtenhanoi.com\/?product=sanlida-dragon-x8#breadcrumb\"},\"inLanguage\":\"vi\",\"potentialAction\":[{\"@type\":\"ReadAction\",\"target\":[\"https:\/\/cungtenhanoi.com\/?product=sanlida-dragon-x8\"]}]},{\"@type\":\"BreadcrumbList\",\"@id\":\"https:\/\/cungtenhanoi.com\/?product=sanlida-dragon-x8#breadcrumb\",\"itemListElement\":[{\"@type\":\"ListItem\",\"position\":1,\"name\":\"Trang ch\u1ee7\",\"item\":\"https:\/\/cungtenhanoi.com\/\"},{\"@type\":\"ListItem\",\"position\":2,\"name\":\"Shop\",\"item\":\"https:\/\/cungtenhanoi.com\/?page_id=6\"},{\"@type\":\"ListItem\",\"position\":3,\"name\":\"Cung\",\"item\":\"https:\/\/cungtenhanoi.com\/danh-muc\/cung\/\"},{\"@type\":\"ListItem\",\"position\":4,\"name\":\"Sanlida Dragon X8 compound\"}]},{\"@type\":\"WebSite\",\"@id\":\"https:\/\/cungtenhanoi.com\/#website\",\"url\":\"https:\/\/cungtenhanoi.com\/\",\"name\":\"Cung T\u00ean H\u00e0 N\u1ed9i\",\"description\":\"Cung c\u1ea5p c\u00e1c lo\u1ea1i cung t\u00ean th\u1ec3 thao s\u1ed1 1 Vi\u1ec7t Nam\",\"publisher\":{\"@id\":\"https:\/\/cungtenhanoi.com\/#organization\"},\"potentialAction\":[{\"@type\":\"SearchAction\",\"target\":{\"@type\":\"EntryPoint\",\"urlTemplate\":\"https:\/\/cungtenhanoi.com\/?s={search_term_string}\"},\"query-input\":\"required name=search_term_string\"}],\"inLanguage\":\"vi\"},{\"@type\":\"Organization\",\"@id\":\"https:\/\/cungtenhanoi.com\/#organization\",\"name\":\"Cung T\u00ean H\u00e0 N\u1ed9i\",\"url\":\"https:\/\/cungtenhanoi.com\/\",\"sameAs\":[],\"logo\":{\"@type\":\"ImageObject\",\"inLanguage\":\"vi\",\"@id\":\"https:\/\/cungtenhanoi.com\/#\/schema\/logo\/image\/\",\"url\":\"https:\/\/cungtenhanoi.com\/wp-content\/uploads\/2025\/05\/logo-den-trang.jpg\",\"contentUrl\":\"https:\/\/cungtenhanoi.com\/wp-content\/uploads\/2025\/05\/logo-den-trang.jpg\",\"width\":450,\"height\":450,\"caption\":\"Cung T\u00ean H\u00e0 N\u1ed9i\"},\"image\":{\"@id\":\"https:\/\/cungtenhanoi.com\/#\/schema\/logo\/image\/\"}}]}<\/script>\n<!-- \/ Yoast SEO plugin. -->","yoast_head_json":{"title":"Sanlida Dragon X8 compound - Cung T\u00ean H\u00e0 N\u1ed9i","description":"Dragon X8 Sanlida compound...Mua cung t\u00ean th\u1ec3 thao, Mua cung t\u00ean t\u1ea1i h\u00e0 n\u1ed9i, Cung tr\u1ee3 l\u1ef1c, Cung compound, Cung t\u00ean ch\u00ednh h\u00e3ng, , Cung t\u00ean h\u00e0 n\u1ed9i, Cung t\u00ean , Mua cung t\u00ean S\u00e0i g\u00f2n , Mua m\u0169i t\u00ean b\u1eafn cung , Cung b\u1eafn bi s\u1eaft , cung t\u00ean mini, Cung truy\u1ec1n th\u1ed1ng, Cung c\u1ed5 \u0111i\u1ec3n, Cung trang tr\u00ed, Cung tr\u01b0ng b\u00e0y, cung t\u00ean m\u1ea1nh, mua ph\u1ee5 ki\u1ec7n b\u1eafn cung, m\u0169i t\u00ean cacbon , m\u0169i t\u00ean tre, m\u0169i t\u00ean b\u1eafn cung, m\u0169i t\u00ean","robots":{"index":"index","follow":"follow","max-snippet":"max-snippet:-1","max-image-preview":"max-image-preview:large","max-video-preview":"max-video-preview:-1"},"canonical":"https:\/\/cungtenhanoi.com\/?product=sanlida-dragon-x8","og_locale":"vi_VN","og_type":"article","og_title":"Sanlida Dragon X8 compound - Cung T\u00ean H\u00e0 N\u1ed9i","og_description":"Dragon X8 Sanlida compound...Mua cung t\u00ean th\u1ec3 thao, Mua cung t\u00ean t\u1ea1i h\u00e0 n\u1ed9i, Cung tr\u1ee3 l\u1ef1c, Cung compound, Cung t\u00ean ch\u00ednh h\u00e3ng, , Cung t\u00ean h\u00e0 n\u1ed9i, Cung t\u00ean , Mua cung t\u00ean S\u00e0i g\u00f2n , Mua m\u0169i t\u00ean b\u1eafn cung , Cung b\u1eafn bi s\u1eaft , cung t\u00ean mini, Cung truy\u1ec1n th\u1ed1ng, Cung c\u1ed5 \u0111i\u1ec3n, Cung trang tr\u00ed, Cung tr\u01b0ng b\u00e0y, cung t\u00ean m\u1ea1nh, mua ph\u1ee5 ki\u1ec7n b\u1eafn cung, m\u0169i t\u00ean cacbon , m\u0169i t\u00ean tre, m\u0169i t\u00ean b\u1eafn cung, m\u0169i t\u00ean","og_url":"https:\/\/cungtenhanoi.com\/?product=sanlida-dragon-x8","og_site_name":"Cung T\u00ean H\u00e0 N\u1ed9i","article_modified_time":"2025-05-10T15:51:51+00:00","og_image":[{"width":1500,"height":1500,"url":"https:\/\/cungtenhanoi.com\/wp-content\/uploads\/2022\/04\/SanlidaDragonX8ProPackage.jpg","type":"image\/jpeg"}],"twitter_card":"summary_large_image","twitter_misc":{"\u01af\u1edbc t\u00ednh th\u1eddi gian \u0111\u1ecdc":"3 ph\u00fat"},"schema":{"@context":"https:\/\/schema.org","@graph":[{"@type":"WebPage","@id":"https:\/\/cungtenhanoi.com\/?product=sanlida-dragon-x8","url":"https:\/\/cungtenhanoi.com\/?product=sanlida-dragon-x8","name":"Sanlida Dragon X8 compound - Cung T\u00ean H\u00e0 N\u1ed9i","isPartOf":{"@id":"https:\/\/cungtenhanoi.com\/#website"},"datePublished":"2022-04-08T18:57:34+00:00","dateModified":"2025-05-10T15:51:51+00:00","description":"Dragon X8 Sanlida compound...Mua cung t\u00ean th\u1ec3 thao, Mua cung t\u00ean t\u1ea1i h\u00e0 n\u1ed9i, Cung tr\u1ee3 l\u1ef1c, Cung compound, Cung t\u00ean ch\u00ednh h\u00e3ng, , Cung t\u00ean h\u00e0 n\u1ed9i, Cung t\u00ean , Mua cung t\u00ean S\u00e0i g\u00f2n , Mua m\u0169i t\u00ean b\u1eafn cung , Cung b\u1eafn bi s\u1eaft , cung t\u00ean mini, Cung truy\u1ec1n th\u1ed1ng, Cung c\u1ed5 \u0111i\u1ec3n, Cung trang tr\u00ed, Cung tr\u01b0ng b\u00e0y, cung t\u00ean m\u1ea1nh, mua ph\u1ee5 ki\u1ec7n b\u1eafn cung, m\u0169i t\u00ean cacbon , m\u0169i t\u00ean tre, m\u0169i t\u00ean b\u1eafn cung, m\u0169i t\u00ean","breadcrumb":{"@id":"https:\/\/cungtenhanoi.com\/?product=sanlida-dragon-x8#breadcrumb"},"inLanguage":"vi","potentialAction":[{"@type":"ReadAction","target":["https:\/\/cungtenhanoi.com\/?product=sanlida-dragon-x8"]}]},{"@type":"BreadcrumbList","@id":"https:\/\/cungtenhanoi.com\/?product=sanlida-dragon-x8#breadcrumb","itemListElement":[{"@type":"ListItem","position":1,"name":"Trang ch\u1ee7","item":"https:\/\/cungtenhanoi.com\/"},{"@type":"ListItem","position":2,"name":"Shop","item":"https:\/\/cungtenhanoi.com\/?page_id=6"},{"@type":"ListItem","position":3,"name":"Cung","item":"https:\/\/cungtenhanoi.com\/danh-muc\/cung\/"},{"@type":"ListItem","position":4,"name":"Sanlida Dragon X8 compound"}]},{"@type":"WebSite","@id":"https:\/\/cungtenhanoi.com\/#website","url":"https:\/\/cungtenhanoi.com\/","name":"Cung T\u00ean H\u00e0 N\u1ed9i","description":"Cung c\u1ea5p c\u00e1c lo\u1ea1i cung t\u00ean th\u1ec3 thao s\u1ed1 1 Vi\u1ec7t Nam","publisher":{"@id":"https:\/\/cungtenhanoi.com\/#organization"},"potentialAction":[{"@type":"SearchAction","target":{"@type":"EntryPoint","urlTemplate":"https:\/\/cungtenhanoi.com\/?s={search_term_string}"},"query-input":"required name=search_term_string"}],"inLanguage":"vi"},{"@type":"Organization","@id":"https:\/\/cungtenhanoi.com\/#organization","name":"Cung T\u00ean H\u00e0 N\u1ed9i","url":"https:\/\/cungtenhanoi.com\/","sameAs":[],"logo":{"@type":"ImageObject","inLanguage":"vi","@id":"https:\/\/cungtenhanoi.com\/#\/schema\/logo\/image\/","url":"https:\/\/cungtenhanoi.com\/wp-content\/uploads\/2025\/05\/logo-den-trang.jpg","contentUrl":"https:\/\/cungtenhanoi.com\/wp-content\/uploads\/2025\/05\/logo-den-trang.jpg","width":450,"height":450,"caption":"Cung T\u00ean H\u00e0 N\u1ed9i"},"image":{"@id":"https:\/\/cungtenhanoi.com\/#\/schema\/logo\/image\/"}}]}},"_links":{"self":[{"href":"https:\/\/cungtenhanoi.com\/index.php?rest_route=\/wp\/v2\/product\/2336"}],"collection":[{"href":"https:\/\/cungtenhanoi.com\/index.php?rest_route=\/wp\/v2\/product"}],"about":[{"href":"https:\/\/cungtenhanoi.com\/index.php?rest_route=\/wp\/v2\/types\/product"}],"replies":[{"embeddable":true,"href":"https:\/\/cungtenhanoi.com\/index.php?rest_route=%2Fwp%2Fv2%2Fcomments&post=2336"}],"wp:featuredmedia":[{"embeddable":true,"href":"https:\/\/cungtenhanoi.com\/index.php?rest_route=\/wp\/v2\/media\/16095"}],"wp:attachment":[{"href":"https:\/\/cungtenhanoi.com\/index.php?rest_route=%2Fwp%2Fv2%2Fmedia&parent=2336"}],"wp:term":[{"taxonomy":"product_cat","embeddable":true,"href":"https:\/\/cungtenhanoi.com\/index.php?rest_route=%2Fwp%2Fv2%2Fproduct_cat&post=2336"},{"taxonomy":"product_tag","embeddable":true,"href":"https:\/\/cungtenhanoi.com\/index.php?rest_route=%2Fwp%2Fv2%2Fproduct_tag&post=2336"}],"curies":[{"name":"wp","href":"https:\/\/api.w.org\/{rel}","templated":true}]}}