{"id":2348,"date":"2022-04-09T02:41:57","date_gmt":"2022-04-08T19:41:57","guid":{"rendered":"https:\/\/cungtenhanoi.com\/?post_type=product&#038;p=2348"},"modified":"2025-05-10T22:49:19","modified_gmt":"2025-05-10T15:49:19","slug":"sanlida-velocity-x10-compound","status":"publish","type":"product","link":"https:\/\/cungtenhanoi.com\/?product=sanlida-velocity-x10-compound","title":{"rendered":"Sanlida Velocity X10 Compound"},"content":{"rendered":"<p style=\"text-align: center;\">C\u00e2y cung cao nh\u1ea5t c\u1ee7a Sanlida Hunting &#8211; Velocity X10<\/p>\n<p style=\"text-align: center;\">T\u1ed1c \u0111\u1ed9 b\u1eafn: 330 fps<\/p>\n<p style=\"text-align: center;\">L\u1ef1c b\u1eafn : 40-70lbs<\/p>\n<p style=\"text-align: center;\">Tr\u1ee3 l\u1ef1c : 75%<\/p>\n<p style=\"text-align: center;\">Con m\u00e3nh th\u00fa ho\u00e0n h\u1ea3o<\/p>\n<p><img loading=\"lazy\" class=\" wp-image-2358 aligncenter\" src=\"https:\/\/cungtenhanoi.com\/wp-content\/uploads\/2022\/04\/0C226935-4900-48B2-8B32-944215474F95.jpeg\" alt=\"\" width=\"982\" height=\"688\" srcset=\"https:\/\/cungtenhanoi.com\/wp-content\/uploads\/2022\/04\/0C226935-4900-48B2-8B32-944215474F95.jpeg 1214w, https:\/\/cungtenhanoi.com\/wp-content\/uploads\/2022\/04\/0C226935-4900-48B2-8B32-944215474F95-600x420.jpeg 600w, https:\/\/cungtenhanoi.com\/wp-content\/uploads\/2022\/04\/0C226935-4900-48B2-8B32-944215474F95-64x45.jpeg 64w, https:\/\/cungtenhanoi.com\/wp-content\/uploads\/2022\/04\/0C226935-4900-48B2-8B32-944215474F95-300x210.jpeg 300w, https:\/\/cungtenhanoi.com\/wp-content\/uploads\/2022\/04\/0C226935-4900-48B2-8B32-944215474F95-768x538.jpeg 768w, https:\/\/cungtenhanoi.com\/wp-content\/uploads\/2022\/04\/0C226935-4900-48B2-8B32-944215474F95-1024x717.jpeg 1024w\" sizes=\"(max-width: 982px) 100vw, 982px\" \/><img loading=\"lazy\" class=\"aligncenter wp-image-2349\" src=\"https:\/\/cungtenhanoi.com\/wp-content\/uploads\/2022\/04\/89ce5b6b35e2085e2f1f5080bd346d91.jpg\" alt=\"\" width=\"988\" height=\"1876\" \/><\/p>\n<p><img loading=\"lazy\" class=\"aligncenter wp-image-2350\" src=\"https:\/\/cungtenhanoi.com\/wp-content\/uploads\/2022\/04\/e532fa3503206883e013801da238ecde.jpg\" alt=\"\" width=\"988\" height=\"1318\" srcset=\"https:\/\/cungtenhanoi.com\/wp-content\/uploads\/2022\/04\/e532fa3503206883e013801da238ecde.jpg 1125w, https:\/\/cungtenhanoi.com\/wp-content\/uploads\/2022\/04\/e532fa3503206883e013801da238ecde-600x800.jpg 600w, https:\/\/cungtenhanoi.com\/wp-content\/uploads\/2022\/04\/e532fa3503206883e013801da238ecde-64x85.jpg 64w, https:\/\/cungtenhanoi.com\/wp-content\/uploads\/2022\/04\/e532fa3503206883e013801da238ecde-225x300.jpg 225w, https:\/\/cungtenhanoi.com\/wp-content\/uploads\/2022\/04\/e532fa3503206883e013801da238ecde-768x1024.jpg 768w\" sizes=\"(max-width: 988px) 100vw, 988px\" \/><\/p>\n<p>&nbsp;<\/p>\n<p>&nbsp;<\/p>\n<p><img loading=\"lazy\" class=\"aligncenter size-full wp-image-2351\" src=\"https:\/\/cungtenhanoi.com\/wp-content\/uploads\/2022\/04\/Hec5d231de2754be193e46815ac48e1529.jpg\" alt=\"\" width=\"800\" height=\"800\" srcset=\"https:\/\/cungtenhanoi.com\/wp-content\/uploads\/2022\/04\/Hec5d231de2754be193e46815ac48e1529.jpg 800w, https:\/\/cungtenhanoi.com\/wp-content\/uploads\/2022\/04\/Hec5d231de2754be193e46815ac48e1529-300x300.jpg 300w, https:\/\/cungtenhanoi.com\/wp-content\/uploads\/2022\/04\/Hec5d231de2754be193e46815ac48e1529-100x100.jpg 100w, https:\/\/cungtenhanoi.com\/wp-content\/uploads\/2022\/04\/Hec5d231de2754be193e46815ac48e1529-600x600.jpg 600w, https:\/\/cungtenhanoi.com\/wp-content\/uploads\/2022\/04\/Hec5d231de2754be193e46815ac48e1529-64x64.jpg 64w\" sizes=\"(max-width: 800px) 100vw, 800px\" \/> <img loading=\"lazy\" class=\"aligncenter size-full wp-image-2352\" src=\"https:\/\/cungtenhanoi.com\/wp-content\/uploads\/2022\/04\/HTB136MzacTxK1Rjy0Fg761ovpXag.png\" alt=\"\" width=\"750\" height=\"775\" srcset=\"https:\/\/cungtenhanoi.com\/wp-content\/uploads\/2022\/04\/HTB136MzacTxK1Rjy0Fg761ovpXag.png 750w, https:\/\/cungtenhanoi.com\/wp-content\/uploads\/2022\/04\/HTB136MzacTxK1Rjy0Fg761ovpXag-600x620.png 600w, https:\/\/cungtenhanoi.com\/wp-content\/uploads\/2022\/04\/HTB136MzacTxK1Rjy0Fg761ovpXag-64x66.png 64w\" sizes=\"(max-width: 750px) 100vw, 750px\" \/> <img loading=\"lazy\" class=\"aligncenter wp-image-2353\" src=\"https:\/\/cungtenhanoi.com\/wp-content\/uploads\/2022\/04\/Sanlida-Velocity-X10-Advance-CNC-Hunting-Compound-Bow-330FPS-27-30-Camo-available-Hunting-Shooting-Outdoor.jpg\" alt=\"\" width=\"705\" height=\"615\" srcset=\"https:\/\/cungtenhanoi.com\/wp-content\/uploads\/2022\/04\/Sanlida-Velocity-X10-Advance-CNC-Hunting-Compound-Bow-330FPS-27-30-Camo-available-Hunting-Shooting-Outdoor.jpg 1000w, https:\/\/cungtenhanoi.com\/wp-content\/uploads\/2022\/04\/Sanlida-Velocity-X10-Advance-CNC-Hunting-Compound-Bow-330FPS-27-30-Camo-available-Hunting-Shooting-Outdoor-600x523.jpg 600w, https:\/\/cungtenhanoi.com\/wp-content\/uploads\/2022\/04\/Sanlida-Velocity-X10-Advance-CNC-Hunting-Compound-Bow-330FPS-27-30-Camo-available-Hunting-Shooting-Outdoor-64x56.jpg 64w, https:\/\/cungtenhanoi.com\/wp-content\/uploads\/2022\/04\/Sanlida-Velocity-X10-Advance-CNC-Hunting-Compound-Bow-330FPS-27-30-Camo-available-Hunting-Shooting-Outdoor-300x262.jpg 300w, https:\/\/cungtenhanoi.com\/wp-content\/uploads\/2022\/04\/Sanlida-Velocity-X10-Advance-CNC-Hunting-Compound-Bow-330FPS-27-30-Camo-available-Hunting-Shooting-Outdoor-768x670.jpg 768w\" sizes=\"(max-width: 705px) 100vw, 705px\" \/> <img loading=\"lazy\" class=\"aligncenter wp-image-2354\" src=\"https:\/\/cungtenhanoi.com\/wp-content\/uploads\/2022\/04\/Sanlida-V-n-T-c-X10-Ti-n-CNC-S-n-H-p-Ch-t-N.jpg\" alt=\"\" width=\"702\" height=\"612\" srcset=\"https:\/\/cungtenhanoi.com\/wp-content\/uploads\/2022\/04\/Sanlida-V-n-T-c-X10-Ti-n-CNC-S-n-H-p-Ch-t-N.jpg 1000w, https:\/\/cungtenhanoi.com\/wp-content\/uploads\/2022\/04\/Sanlida-V-n-T-c-X10-Ti-n-CNC-S-n-H-p-Ch-t-N-600x523.jpg 600w, https:\/\/cungtenhanoi.com\/wp-content\/uploads\/2022\/04\/Sanlida-V-n-T-c-X10-Ti-n-CNC-S-n-H-p-Ch-t-N-64x56.jpg 64w, https:\/\/cungtenhanoi.com\/wp-content\/uploads\/2022\/04\/Sanlida-V-n-T-c-X10-Ti-n-CNC-S-n-H-p-Ch-t-N-300x262.jpg 300w, https:\/\/cungtenhanoi.com\/wp-content\/uploads\/2022\/04\/Sanlida-V-n-T-c-X10-Ti-n-CNC-S-n-H-p-Ch-t-N-768x670.jpg 768w\" sizes=\"(max-width: 702px) 100vw, 702px\" \/> <img loading=\"lazy\" class=\"aligncenter wp-image-2355\" src=\"https:\/\/cungtenhanoi.com\/wp-content\/uploads\/2022\/04\/Screen-Shot-2021-12-13-at-11.18.34-AM.png\" alt=\"\" width=\"1055\" height=\"852\" srcset=\"https:\/\/cungtenhanoi.com\/wp-content\/uploads\/2022\/04\/Screen-Shot-2021-12-13-at-11.18.34-AM.png 2396w, https:\/\/cungtenhanoi.com\/wp-content\/uploads\/2022\/04\/Screen-Shot-2021-12-13-at-11.18.34-AM-600x485.png 600w, https:\/\/cungtenhanoi.com\/wp-content\/uploads\/2022\/04\/Screen-Shot-2021-12-13-at-11.18.34-AM-64x52.png 64w, https:\/\/cungtenhanoi.com\/wp-content\/uploads\/2022\/04\/Screen-Shot-2021-12-13-at-11.18.34-AM-300x242.png 300w, https:\/\/cungtenhanoi.com\/wp-content\/uploads\/2022\/04\/Screen-Shot-2021-12-13-at-11.18.34-AM-768x621.png 768w, https:\/\/cungtenhanoi.com\/wp-content\/uploads\/2022\/04\/Screen-Shot-2021-12-13-at-11.18.34-AM-1024x827.png 1024w\" sizes=\"(max-width: 1055px) 100vw, 1055px\" \/> <img loading=\"lazy\" class=\"aligncenter size-full wp-image-2356\" src=\"https:\/\/cungtenhanoi.com\/wp-content\/uploads\/2022\/04\/Velocity-X10-Kit.jpg\" alt=\"\" width=\"800\" height=\"800\" srcset=\"https:\/\/cungtenhanoi.com\/wp-content\/uploads\/2022\/04\/Velocity-X10-Kit.jpg 800w, https:\/\/cungtenhanoi.com\/wp-content\/uploads\/2022\/04\/Velocity-X10-Kit-300x300.jpg 300w, https:\/\/cungtenhanoi.com\/wp-content\/uploads\/2022\/04\/Velocity-X10-Kit-100x100.jpg 100w, https:\/\/cungtenhanoi.com\/wp-content\/uploads\/2022\/04\/Velocity-X10-Kit-600x600.jpg 600w, https:\/\/cungtenhanoi.com\/wp-content\/uploads\/2022\/04\/Velocity-X10-Kit-64x64.jpg 64w, https:\/\/cungtenhanoi.com\/wp-content\/uploads\/2022\/04\/Velocity-X10-Kit-150x150.jpg 150w, https:\/\/cungtenhanoi.com\/wp-content\/uploads\/2022\/04\/Velocity-X10-Kit-768x768.jpg 768w, https:\/\/cungtenhanoi.com\/wp-content\/uploads\/2022\/04\/Velocity-X10-Kit-180x180.jpg 180w, https:\/\/cungtenhanoi.com\/wp-content\/uploads\/2022\/04\/Velocity-X10-Kit-45x45.jpg 45w\" sizes=\"(max-width: 800px) 100vw, 800px\" \/><\/p>\n","protected":false},"excerpt":{"rendered":"<p>Full option: Cung + 6 t\u00ean cacbon sp500 + \u0111\u1ee1 t\u00ean + ch\u1ed1ng rung + th\u01b0\u1edbc ng\u1eafm + k\u00ecm b\u1eafn + dloop + peep sight + slingbow + guarm<\/p>\n<p>Option cao c\u1ea5p : Li\u00ean h\u1ec7 0911 682 663<\/p>\n","protected":false},"featured_media":2352,"comment_status":"open","ping_status":"closed","template":"","meta":[],"product_cat":[17],"product_tag":[34,413,257,523,219,521,522],"acf":[],"yoast_head":"<!-- This site is optimized with the Yoast SEO plugin v19.8 - https:\/\/yoast.com\/wordpress\/plugins\/seo\/ -->\n<title>Sanlida Velocity X10 Compound - Cung T\u00ean H\u00e0 N\u1ed9i<\/title>\n<meta name=\"description\" content=\"Mua cung t\u00ean th\u1ec3 thao, Mua cung t\u00ean t\u1ea1i h\u00e0 n\u1ed9i, Cung tr\u1ee3 l\u1ef1c, Cung compound, Cung t\u00ean ch\u00ednh h\u00e3ng, , Cung t\u00ean h\u00e0 n\u1ed9i, Cung t\u00ean , Mua cung t\u00ean S\u00e0i g\u00f2n , Mua m\u0169i t\u00ean b\u1eafn cung , Cung b\u1eafn bi s\u1eaft , cung t\u00ean mini, Cung truy\u1ec1n th\u1ed1ng, Cung c\u1ed5 \u0111i\u1ec3n, Cung trang tr\u00ed, Cung tr\u01b0ng b\u00e0y, cung t\u00ean m\u1ea1nh, mua ph\u1ee5 ki\u1ec7n b\u1eafn cung, m\u0169i t\u00ean cacbon , m\u0169i t\u00ean tre, m\u0169i t\u00ean b\u1eafn cung, m\u0169i t\u00ean\" \/>\n<meta name=\"robots\" content=\"index, follow, max-snippet:-1, max-image-preview:large, max-video-preview:-1\" \/>\n<link rel=\"canonical\" href=\"https:\/\/cungtenhanoi.com\/?product=sanlida-velocity-x10-compound\" \/>\n<meta property=\"og:locale\" content=\"vi_VN\" \/>\n<meta property=\"og:type\" content=\"article\" \/>\n<meta property=\"og:title\" content=\"Sanlida Velocity X10 Compound - Cung T\u00ean H\u00e0 N\u1ed9i\" \/>\n<meta property=\"og:description\" content=\"Mua cung t\u00ean th\u1ec3 thao, Mua cung t\u00ean t\u1ea1i h\u00e0 n\u1ed9i, Cung tr\u1ee3 l\u1ef1c, Cung compound, Cung t\u00ean ch\u00ednh h\u00e3ng, , Cung t\u00ean h\u00e0 n\u1ed9i, Cung t\u00ean , Mua cung t\u00ean S\u00e0i g\u00f2n , Mua m\u0169i t\u00ean b\u1eafn cung , Cung b\u1eafn bi s\u1eaft , cung t\u00ean mini, Cung truy\u1ec1n th\u1ed1ng, Cung c\u1ed5 \u0111i\u1ec3n, Cung trang tr\u00ed, Cung tr\u01b0ng b\u00e0y, cung t\u00ean m\u1ea1nh, mua ph\u1ee5 ki\u1ec7n b\u1eafn cung, m\u0169i t\u00ean cacbon , m\u0169i t\u00ean tre, m\u0169i t\u00ean b\u1eafn cung, m\u0169i t\u00ean\" \/>\n<meta property=\"og:url\" content=\"https:\/\/cungtenhanoi.com\/?product=sanlida-velocity-x10-compound\" \/>\n<meta property=\"og:site_name\" content=\"Cung T\u00ean H\u00e0 N\u1ed9i\" \/>\n<meta property=\"article:modified_time\" content=\"2025-05-10T15:49:19+00:00\" \/>\n<meta property=\"og:image\" content=\"https:\/\/cungtenhanoi.com\/wp-content\/uploads\/2022\/04\/HTB136MzacTxK1Rjy0Fg761ovpXag.png\" \/>\n\t<meta property=\"og:image:width\" content=\"750\" \/>\n\t<meta property=\"og:image:height\" content=\"775\" \/>\n\t<meta property=\"og:image:type\" content=\"image\/png\" \/>\n<meta name=\"twitter:card\" content=\"summary_large_image\" \/>\n<meta name=\"twitter:label1\" content=\"\u01af\u1edbc t\u00ednh th\u1eddi gian \u0111\u1ecdc\" \/>\n\t<meta name=\"twitter:data1\" content=\"2 ph\u00fat\" \/>\n<script type=\"application\/ld+json\" class=\"yoast-schema-graph\">{\"@context\":\"https:\/\/schema.org\",\"@graph\":[{\"@type\":\"WebPage\",\"@id\":\"https:\/\/cungtenhanoi.com\/?product=sanlida-velocity-x10-compound\",\"url\":\"https:\/\/cungtenhanoi.com\/?product=sanlida-velocity-x10-compound\",\"name\":\"Sanlida Velocity X10 Compound - Cung T\u00ean H\u00e0 N\u1ed9i\",\"isPartOf\":{\"@id\":\"https:\/\/cungtenhanoi.com\/#website\"},\"datePublished\":\"2022-04-08T19:41:57+00:00\",\"dateModified\":\"2025-05-10T15:49:19+00:00\",\"description\":\"Mua cung t\u00ean th\u1ec3 thao, Mua cung t\u00ean t\u1ea1i h\u00e0 n\u1ed9i, Cung tr\u1ee3 l\u1ef1c, Cung compound, Cung t\u00ean ch\u00ednh h\u00e3ng, , Cung t\u00ean h\u00e0 n\u1ed9i, Cung t\u00ean , Mua cung t\u00ean S\u00e0i g\u00f2n , Mua m\u0169i t\u00ean b\u1eafn cung , Cung b\u1eafn bi s\u1eaft , cung t\u00ean mini, Cung truy\u1ec1n th\u1ed1ng, Cung c\u1ed5 \u0111i\u1ec3n, Cung trang tr\u00ed, Cung tr\u01b0ng b\u00e0y, cung t\u00ean m\u1ea1nh, mua ph\u1ee5 ki\u1ec7n b\u1eafn cung, m\u0169i t\u00ean cacbon , m\u0169i t\u00ean tre, m\u0169i t\u00ean b\u1eafn cung, m\u0169i t\u00ean\",\"breadcrumb\":{\"@id\":\"https:\/\/cungtenhanoi.com\/?product=sanlida-velocity-x10-compound#breadcrumb\"},\"inLanguage\":\"vi\",\"potentialAction\":[{\"@type\":\"ReadAction\",\"target\":[\"https:\/\/cungtenhanoi.com\/?product=sanlida-velocity-x10-compound\"]}]},{\"@type\":\"BreadcrumbList\",\"@id\":\"https:\/\/cungtenhanoi.com\/?product=sanlida-velocity-x10-compound#breadcrumb\",\"itemListElement\":[{\"@type\":\"ListItem\",\"position\":1,\"name\":\"Trang ch\u1ee7\",\"item\":\"https:\/\/cungtenhanoi.com\/\"},{\"@type\":\"ListItem\",\"position\":2,\"name\":\"Shop\",\"item\":\"https:\/\/cungtenhanoi.com\/?page_id=6\"},{\"@type\":\"ListItem\",\"position\":3,\"name\":\"Cung\",\"item\":\"https:\/\/cungtenhanoi.com\/danh-muc\/cung\/\"},{\"@type\":\"ListItem\",\"position\":4,\"name\":\"Sanlida Velocity X10 Compound\"}]},{\"@type\":\"WebSite\",\"@id\":\"https:\/\/cungtenhanoi.com\/#website\",\"url\":\"https:\/\/cungtenhanoi.com\/\",\"name\":\"Cung T\u00ean H\u00e0 N\u1ed9i\",\"description\":\"Cung c\u1ea5p c\u00e1c lo\u1ea1i cung t\u00ean th\u1ec3 thao s\u1ed1 1 Vi\u1ec7t Nam\",\"publisher\":{\"@id\":\"https:\/\/cungtenhanoi.com\/#organization\"},\"potentialAction\":[{\"@type\":\"SearchAction\",\"target\":{\"@type\":\"EntryPoint\",\"urlTemplate\":\"https:\/\/cungtenhanoi.com\/?s={search_term_string}\"},\"query-input\":\"required name=search_term_string\"}],\"inLanguage\":\"vi\"},{\"@type\":\"Organization\",\"@id\":\"https:\/\/cungtenhanoi.com\/#organization\",\"name\":\"Cung T\u00ean H\u00e0 N\u1ed9i\",\"url\":\"https:\/\/cungtenhanoi.com\/\",\"sameAs\":[],\"logo\":{\"@type\":\"ImageObject\",\"inLanguage\":\"vi\",\"@id\":\"https:\/\/cungtenhanoi.com\/#\/schema\/logo\/image\/\",\"url\":\"https:\/\/cungtenhanoi.com\/wp-content\/uploads\/2025\/05\/logo-den-trang.jpg\",\"contentUrl\":\"https:\/\/cungtenhanoi.com\/wp-content\/uploads\/2025\/05\/logo-den-trang.jpg\",\"width\":450,\"height\":450,\"caption\":\"Cung T\u00ean H\u00e0 N\u1ed9i\"},\"image\":{\"@id\":\"https:\/\/cungtenhanoi.com\/#\/schema\/logo\/image\/\"}}]}<\/script>\n<!-- \/ Yoast SEO plugin. -->","yoast_head_json":{"title":"Sanlida Velocity X10 Compound - Cung T\u00ean H\u00e0 N\u1ed9i","description":"Mua cung t\u00ean th\u1ec3 thao, Mua cung t\u00ean t\u1ea1i h\u00e0 n\u1ed9i, Cung tr\u1ee3 l\u1ef1c, Cung compound, Cung t\u00ean ch\u00ednh h\u00e3ng, , Cung t\u00ean h\u00e0 n\u1ed9i, Cung t\u00ean , Mua cung t\u00ean S\u00e0i g\u00f2n , Mua m\u0169i t\u00ean b\u1eafn cung , Cung b\u1eafn bi s\u1eaft , cung t\u00ean mini, Cung truy\u1ec1n th\u1ed1ng, Cung c\u1ed5 \u0111i\u1ec3n, Cung trang tr\u00ed, Cung tr\u01b0ng b\u00e0y, cung t\u00ean m\u1ea1nh, mua ph\u1ee5 ki\u1ec7n b\u1eafn cung, m\u0169i t\u00ean cacbon , m\u0169i t\u00ean tre, m\u0169i t\u00ean b\u1eafn cung, m\u0169i t\u00ean","robots":{"index":"index","follow":"follow","max-snippet":"max-snippet:-1","max-image-preview":"max-image-preview:large","max-video-preview":"max-video-preview:-1"},"canonical":"https:\/\/cungtenhanoi.com\/?product=sanlida-velocity-x10-compound","og_locale":"vi_VN","og_type":"article","og_title":"Sanlida Velocity X10 Compound - Cung T\u00ean H\u00e0 N\u1ed9i","og_description":"Mua cung t\u00ean th\u1ec3 thao, Mua cung t\u00ean t\u1ea1i h\u00e0 n\u1ed9i, Cung tr\u1ee3 l\u1ef1c, Cung compound, Cung t\u00ean ch\u00ednh h\u00e3ng, , Cung t\u00ean h\u00e0 n\u1ed9i, Cung t\u00ean , Mua cung t\u00ean S\u00e0i g\u00f2n , Mua m\u0169i t\u00ean b\u1eafn cung , Cung b\u1eafn bi s\u1eaft , cung t\u00ean mini, Cung truy\u1ec1n th\u1ed1ng, Cung c\u1ed5 \u0111i\u1ec3n, Cung trang tr\u00ed, Cung tr\u01b0ng b\u00e0y, cung t\u00ean m\u1ea1nh, mua ph\u1ee5 ki\u1ec7n b\u1eafn cung, m\u0169i t\u00ean cacbon , m\u0169i t\u00ean tre, m\u0169i t\u00ean b\u1eafn cung, m\u0169i t\u00ean","og_url":"https:\/\/cungtenhanoi.com\/?product=sanlida-velocity-x10-compound","og_site_name":"Cung T\u00ean H\u00e0 N\u1ed9i","article_modified_time":"2025-05-10T15:49:19+00:00","og_image":[{"width":750,"height":775,"url":"https:\/\/cungtenhanoi.com\/wp-content\/uploads\/2022\/04\/HTB136MzacTxK1Rjy0Fg761ovpXag.png","type":"image\/png"}],"twitter_card":"summary_large_image","twitter_misc":{"\u01af\u1edbc t\u00ednh th\u1eddi gian \u0111\u1ecdc":"2 ph\u00fat"},"schema":{"@context":"https:\/\/schema.org","@graph":[{"@type":"WebPage","@id":"https:\/\/cungtenhanoi.com\/?product=sanlida-velocity-x10-compound","url":"https:\/\/cungtenhanoi.com\/?product=sanlida-velocity-x10-compound","name":"Sanlida Velocity X10 Compound - Cung T\u00ean H\u00e0 N\u1ed9i","isPartOf":{"@id":"https:\/\/cungtenhanoi.com\/#website"},"datePublished":"2022-04-08T19:41:57+00:00","dateModified":"2025-05-10T15:49:19+00:00","description":"Mua cung t\u00ean th\u1ec3 thao, Mua cung t\u00ean t\u1ea1i h\u00e0 n\u1ed9i, Cung tr\u1ee3 l\u1ef1c, Cung compound, Cung t\u00ean ch\u00ednh h\u00e3ng, , Cung t\u00ean h\u00e0 n\u1ed9i, Cung t\u00ean , Mua cung t\u00ean S\u00e0i g\u00f2n , Mua m\u0169i t\u00ean b\u1eafn cung , Cung b\u1eafn bi s\u1eaft , cung t\u00ean mini, Cung truy\u1ec1n th\u1ed1ng, Cung c\u1ed5 \u0111i\u1ec3n, Cung trang tr\u00ed, Cung tr\u01b0ng b\u00e0y, cung t\u00ean m\u1ea1nh, mua ph\u1ee5 ki\u1ec7n b\u1eafn cung, m\u0169i t\u00ean cacbon , m\u0169i t\u00ean tre, m\u0169i t\u00ean b\u1eafn cung, m\u0169i t\u00ean","breadcrumb":{"@id":"https:\/\/cungtenhanoi.com\/?product=sanlida-velocity-x10-compound#breadcrumb"},"inLanguage":"vi","potentialAction":[{"@type":"ReadAction","target":["https:\/\/cungtenhanoi.com\/?product=sanlida-velocity-x10-compound"]}]},{"@type":"BreadcrumbList","@id":"https:\/\/cungtenhanoi.com\/?product=sanlida-velocity-x10-compound#breadcrumb","itemListElement":[{"@type":"ListItem","position":1,"name":"Trang ch\u1ee7","item":"https:\/\/cungtenhanoi.com\/"},{"@type":"ListItem","position":2,"name":"Shop","item":"https:\/\/cungtenhanoi.com\/?page_id=6"},{"@type":"ListItem","position":3,"name":"Cung","item":"https:\/\/cungtenhanoi.com\/danh-muc\/cung\/"},{"@type":"ListItem","position":4,"name":"Sanlida Velocity X10 Compound"}]},{"@type":"WebSite","@id":"https:\/\/cungtenhanoi.com\/#website","url":"https:\/\/cungtenhanoi.com\/","name":"Cung T\u00ean H\u00e0 N\u1ed9i","description":"Cung c\u1ea5p c\u00e1c lo\u1ea1i cung t\u00ean th\u1ec3 thao s\u1ed1 1 Vi\u1ec7t Nam","publisher":{"@id":"https:\/\/cungtenhanoi.com\/#organization"},"potentialAction":[{"@type":"SearchAction","target":{"@type":"EntryPoint","urlTemplate":"https:\/\/cungtenhanoi.com\/?s={search_term_string}"},"query-input":"required name=search_term_string"}],"inLanguage":"vi"},{"@type":"Organization","@id":"https:\/\/cungtenhanoi.com\/#organization","name":"Cung T\u00ean H\u00e0 N\u1ed9i","url":"https:\/\/cungtenhanoi.com\/","sameAs":[],"logo":{"@type":"ImageObject","inLanguage":"vi","@id":"https:\/\/cungtenhanoi.com\/#\/schema\/logo\/image\/","url":"https:\/\/cungtenhanoi.com\/wp-content\/uploads\/2025\/05\/logo-den-trang.jpg","contentUrl":"https:\/\/cungtenhanoi.com\/wp-content\/uploads\/2025\/05\/logo-den-trang.jpg","width":450,"height":450,"caption":"Cung T\u00ean H\u00e0 N\u1ed9i"},"image":{"@id":"https:\/\/cungtenhanoi.com\/#\/schema\/logo\/image\/"}}]}},"_links":{"self":[{"href":"https:\/\/cungtenhanoi.com\/index.php?rest_route=\/wp\/v2\/product\/2348"}],"collection":[{"href":"https:\/\/cungtenhanoi.com\/index.php?rest_route=\/wp\/v2\/product"}],"about":[{"href":"https:\/\/cungtenhanoi.com\/index.php?rest_route=\/wp\/v2\/types\/product"}],"replies":[{"embeddable":true,"href":"https:\/\/cungtenhanoi.com\/index.php?rest_route=%2Fwp%2Fv2%2Fcomments&post=2348"}],"wp:featuredmedia":[{"embeddable":true,"href":"https:\/\/cungtenhanoi.com\/index.php?rest_route=\/wp\/v2\/media\/2352"}],"wp:attachment":[{"href":"https:\/\/cungtenhanoi.com\/index.php?rest_route=%2Fwp%2Fv2%2Fmedia&parent=2348"}],"wp:term":[{"taxonomy":"product_cat","embeddable":true,"href":"https:\/\/cungtenhanoi.com\/index.php?rest_route=%2Fwp%2Fv2%2Fproduct_cat&post=2348"},{"taxonomy":"product_tag","embeddable":true,"href":"https:\/\/cungtenhanoi.com\/index.php?rest_route=%2Fwp%2Fv2%2Fproduct_tag&post=2348"}],"curies":[{"name":"wp","href":"https:\/\/api.w.org\/{rel}","templated":true}]}}