{"id":2361,"date":"2022-04-09T23:33:36","date_gmt":"2022-04-09T16:33:36","guid":{"rendered":"https:\/\/cungtenhanoi.com\/?post_type=product&#038;p=2361"},"modified":"2026-04-14T10:23:49","modified_gmt":"2026-04-14T03:23:49","slug":"mui-ten-cacbon-van-go-bow-partner","status":"publish","type":"product","link":"https:\/\/cungtenhanoi.com\/?product=mui-ten-cacbon-van-go-bow-partner","title":{"rendered":"M\u0169i t\u00ean cacbon v\u00e2n g\u1ed7 Bow Partner"},"content":{"rendered":"<p style=\"text-align: center;\">M\u0169i t\u00ean cacbon, v\u00e2n g\u1ed7 truy\u1ec1n th\u1ed1ng<\/p>\n<p style=\"text-align: center;\">\u0110\u01b0\u1eddng k\u00ednh trong 5.2mm<\/p>\n<p style=\"text-align: center;\">cacbon nguy\u00ean ch\u1ea5t sp500-600-700-800<\/p>\n<p><img loading=\"lazy\" class=\"aligncenter size-full wp-image-2362\" src=\"https:\/\/cungtenhanoi.com\/wp-content\/uploads\/2022\/04\/C421097D-7772-41AA-98D5-4910362985D8.jpeg\" alt=\"\" width=\"620\" height=\"465\" srcset=\"https:\/\/cungtenhanoi.com\/wp-content\/uploads\/2022\/04\/C421097D-7772-41AA-98D5-4910362985D8.jpeg 620w, https:\/\/cungtenhanoi.com\/wp-content\/uploads\/2022\/04\/C421097D-7772-41AA-98D5-4910362985D8-600x450.jpeg 600w, https:\/\/cungtenhanoi.com\/wp-content\/uploads\/2022\/04\/C421097D-7772-41AA-98D5-4910362985D8-64x48.jpeg 64w\" sizes=\"(max-width: 620px) 100vw, 620px\" \/> <img loading=\"lazy\" class=\"aligncenter wp-image-2363\" src=\"https:\/\/cungtenhanoi.com\/wp-content\/uploads\/2022\/04\/BC42F7A6-C58B-4B4A-8B72-9719C629B19E.jpeg\" alt=\"\" width=\"621\" height=\"571\" srcset=\"https:\/\/cungtenhanoi.com\/wp-content\/uploads\/2022\/04\/BC42F7A6-C58B-4B4A-8B72-9719C629B19E.jpeg 1200w, https:\/\/cungtenhanoi.com\/wp-content\/uploads\/2022\/04\/BC42F7A6-C58B-4B4A-8B72-9719C629B19E-600x551.jpeg 600w, https:\/\/cungtenhanoi.com\/wp-content\/uploads\/2022\/04\/BC42F7A6-C58B-4B4A-8B72-9719C629B19E-64x59.jpeg 64w\" sizes=\"(max-width: 621px) 100vw, 621px\" \/> <img loading=\"lazy\" class=\"aligncenter wp-image-2364\" src=\"https:\/\/cungtenhanoi.com\/wp-content\/uploads\/2022\/04\/82F754C9-D11E-4494-94D9-0C8E7F3B5C1E.jpeg\" alt=\"\" width=\"620\" height=\"465\" srcset=\"https:\/\/cungtenhanoi.com\/wp-content\/uploads\/2022\/04\/82F754C9-D11E-4494-94D9-0C8E7F3B5C1E.jpeg 1200w, https:\/\/cungtenhanoi.com\/wp-content\/uploads\/2022\/04\/82F754C9-D11E-4494-94D9-0C8E7F3B5C1E-600x450.jpeg 600w, https:\/\/cungtenhanoi.com\/wp-content\/uploads\/2022\/04\/82F754C9-D11E-4494-94D9-0C8E7F3B5C1E-64x48.jpeg 64w, https:\/\/cungtenhanoi.com\/wp-content\/uploads\/2022\/04\/82F754C9-D11E-4494-94D9-0C8E7F3B5C1E-300x225.jpeg 300w, https:\/\/cungtenhanoi.com\/wp-content\/uploads\/2022\/04\/82F754C9-D11E-4494-94D9-0C8E7F3B5C1E-768x576.jpeg 768w, https:\/\/cungtenhanoi.com\/wp-content\/uploads\/2022\/04\/82F754C9-D11E-4494-94D9-0C8E7F3B5C1E-1024x768.jpeg 1024w, https:\/\/cungtenhanoi.com\/wp-content\/uploads\/2022\/04\/82F754C9-D11E-4494-94D9-0C8E7F3B5C1E-480x360.jpeg 480w\" sizes=\"(max-width: 620px) 100vw, 620px\" \/><img loading=\"lazy\" class=\"aligncenter wp-image-2365\" src=\"https:\/\/cungtenhanoi.com\/wp-content\/uploads\/2022\/04\/5ADF615A-B9EB-487A-8979-7894531B9142.jpeg\" alt=\"\" width=\"615\" height=\"461\" srcset=\"https:\/\/cungtenhanoi.com\/wp-content\/uploads\/2022\/04\/5ADF615A-B9EB-487A-8979-7894531B9142.jpeg 1200w, https:\/\/cungtenhanoi.com\/wp-content\/uploads\/2022\/04\/5ADF615A-B9EB-487A-8979-7894531B9142-600x450.jpeg 600w, https:\/\/cungtenhanoi.com\/wp-content\/uploads\/2022\/04\/5ADF615A-B9EB-487A-8979-7894531B9142-64x48.jpeg 64w, https:\/\/cungtenhanoi.com\/wp-content\/uploads\/2022\/04\/5ADF615A-B9EB-487A-8979-7894531B9142-300x225.jpeg 300w, https:\/\/cungtenhanoi.com\/wp-content\/uploads\/2022\/04\/5ADF615A-B9EB-487A-8979-7894531B9142-768x576.jpeg 768w, https:\/\/cungtenhanoi.com\/wp-content\/uploads\/2022\/04\/5ADF615A-B9EB-487A-8979-7894531B9142-1024x768.jpeg 1024w, https:\/\/cungtenhanoi.com\/wp-content\/uploads\/2022\/04\/5ADF615A-B9EB-487A-8979-7894531B9142-480x360.jpeg 480w\" sizes=\"(max-width: 615px) 100vw, 615px\" \/><\/p>\n","protected":false},"excerpt":{"rendered":"<p>Set 12 m\u0169i<\/p>\n","protected":false},"featured_media":2363,"comment_status":"open","ping_status":"closed","template":"","meta":[],"product_cat":[24],"product_tag":[58,82,198,394,168,59,363,524,527,525,526],"acf":[],"yoast_head":"<!-- This site is optimized with the Yoast SEO plugin v19.8 - https:\/\/yoast.com\/wordpress\/plugins\/seo\/ -->\n<title>M\u0169i t\u00ean cacbon v\u00e2n g\u1ed7 Bow Partner - Cung T\u00ean H\u00e0 N\u1ed9i<\/title>\n<meta name=\"description\" content=\"Mua cung t\u00ean th\u1ec3 thao, Mua cung t\u00ean t\u1ea1i h\u00e0 n\u1ed9i, Cung tr\u1ee3 l\u1ef1c, Cung compound, Cung t\u00ean ch\u00ednh h\u00e3ng, , Cung t\u00ean h\u00e0 n\u1ed9i, Cung t\u00ean , Mua cung t\u00ean S\u00e0i g\u00f2n , Mua m\u0169i t\u00ean b\u1eafn cung , Cung b\u1eafn bi s\u1eaft , cung t\u00ean mini, Cung truy\u1ec1n th\u1ed1ng, Cung c\u1ed5 \u0111i\u1ec3n, Cung trang tr\u00ed, Cung tr\u01b0ng b\u00e0y, cung t\u00ean m\u1ea1nh, mua ph\u1ee5 ki\u1ec7n b\u1eafn cung, m\u0169i t\u00ean cacbon , m\u0169i t\u00ean tre, m\u0169i t\u00ean b\u1eafn cung, m\u0169i t\u00ean\" \/>\n<meta name=\"robots\" content=\"index, follow, max-snippet:-1, max-image-preview:large, max-video-preview:-1\" \/>\n<link rel=\"canonical\" href=\"https:\/\/cungtenhanoi.com\/?product=mui-ten-cacbon-van-go-bow-partner\" \/>\n<meta property=\"og:locale\" content=\"vi_VN\" \/>\n<meta property=\"og:type\" content=\"article\" \/>\n<meta property=\"og:title\" content=\"M\u0169i t\u00ean truy\u1ec1n th\u1ed1ng\" \/>\n<meta property=\"og:description\" content=\"Mua cung t\u00ean th\u1ec3 thao, Mua cung t\u00ean t\u1ea1i h\u00e0 n\u1ed9i, Cung tr\u1ee3 l\u1ef1c, Cung compound, Cung t\u00ean ch\u00ednh h\u00e3ng, , Cung t\u00ean h\u00e0 n\u1ed9i, Cung t\u00ean , Mua cung t\u00ean S\u00e0i g\u00f2n , Mua m\u0169i t\u00ean b\u1eafn cung , Cung b\u1eafn bi s\u1eaft , cung t\u00ean mini, Cung truy\u1ec1n th\u1ed1ng, Cung c\u1ed5 \u0111i\u1ec3n, Cung trang tr\u00ed, Cung tr\u01b0ng b\u00e0y, cung t\u00ean m\u1ea1nh, mua ph\u1ee5 ki\u1ec7n b\u1eafn cung, m\u0169i t\u00ean cacbon , m\u0169i t\u00ean tre, m\u0169i t\u00ean b\u1eafn cung, m\u0169i t\u00ean\" \/>\n<meta property=\"og:url\" content=\"https:\/\/cungtenhanoi.com\/?product=mui-ten-cacbon-van-go-bow-partner\" \/>\n<meta property=\"og:site_name\" content=\"Cung T\u00ean H\u00e0 N\u1ed9i\" \/>\n<meta property=\"article:modified_time\" content=\"2026-04-14T03:23:49+00:00\" \/>\n<meta property=\"og:image\" content=\"https:\/\/cungtenhanoi.com\/wp-content\/uploads\/2024\/11\/sd.jpg\" \/>\n\t<meta property=\"og:image:width\" content=\"1602\" \/>\n\t<meta property=\"og:image:height\" content=\"724\" \/>\n\t<meta property=\"og:image:type\" content=\"image\/jpeg\" \/>\n<meta name=\"twitter:card\" content=\"summary_large_image\" \/>\n<meta name=\"twitter:label1\" content=\"\u01af\u1edbc t\u00ednh th\u1eddi gian \u0111\u1ecdc\" \/>\n\t<meta name=\"twitter:data1\" content=\"1 ph\u00fat\" \/>\n<script type=\"application\/ld+json\" class=\"yoast-schema-graph\">{\"@context\":\"https:\/\/schema.org\",\"@graph\":[{\"@type\":\"WebPage\",\"@id\":\"https:\/\/cungtenhanoi.com\/?product=mui-ten-cacbon-van-go-bow-partner\",\"url\":\"https:\/\/cungtenhanoi.com\/?product=mui-ten-cacbon-van-go-bow-partner\",\"name\":\"M\u0169i t\u00ean cacbon v\u00e2n g\u1ed7 Bow Partner - Cung T\u00ean H\u00e0 N\u1ed9i\",\"isPartOf\":{\"@id\":\"https:\/\/cungtenhanoi.com\/#website\"},\"datePublished\":\"2022-04-09T16:33:36+00:00\",\"dateModified\":\"2026-04-14T03:23:49+00:00\",\"description\":\"Mua cung t\u00ean th\u1ec3 thao, Mua cung t\u00ean t\u1ea1i h\u00e0 n\u1ed9i, Cung tr\u1ee3 l\u1ef1c, Cung compound, Cung t\u00ean ch\u00ednh h\u00e3ng, , Cung t\u00ean h\u00e0 n\u1ed9i, Cung t\u00ean , Mua cung t\u00ean S\u00e0i g\u00f2n , Mua m\u0169i t\u00ean b\u1eafn cung , Cung b\u1eafn bi s\u1eaft , cung t\u00ean mini, Cung truy\u1ec1n th\u1ed1ng, Cung c\u1ed5 \u0111i\u1ec3n, Cung trang tr\u00ed, Cung tr\u01b0ng b\u00e0y, cung t\u00ean m\u1ea1nh, mua ph\u1ee5 ki\u1ec7n b\u1eafn cung, m\u0169i t\u00ean cacbon , m\u0169i t\u00ean tre, m\u0169i t\u00ean b\u1eafn cung, m\u0169i t\u00ean\",\"breadcrumb\":{\"@id\":\"https:\/\/cungtenhanoi.com\/?product=mui-ten-cacbon-van-go-bow-partner#breadcrumb\"},\"inLanguage\":\"vi\",\"potentialAction\":[{\"@type\":\"ReadAction\",\"target\":[\"https:\/\/cungtenhanoi.com\/?product=mui-ten-cacbon-van-go-bow-partner\"]}]},{\"@type\":\"BreadcrumbList\",\"@id\":\"https:\/\/cungtenhanoi.com\/?product=mui-ten-cacbon-van-go-bow-partner#breadcrumb\",\"itemListElement\":[{\"@type\":\"ListItem\",\"position\":1,\"name\":\"Trang ch\u1ee7\",\"item\":\"https:\/\/cungtenhanoi.com\/\"},{\"@type\":\"ListItem\",\"position\":2,\"name\":\"Shop\",\"item\":\"https:\/\/cungtenhanoi.com\/?page_id=6\"},{\"@type\":\"ListItem\",\"position\":3,\"name\":\"T\u00ean\",\"item\":\"https:\/\/cungtenhanoi.com\/danh-muc\/ten\/\"},{\"@type\":\"ListItem\",\"position\":4,\"name\":\"M\u0169i t\u00ean cacbon v\u00e2n g\u1ed7 Bow Partner\"}]},{\"@type\":\"WebSite\",\"@id\":\"https:\/\/cungtenhanoi.com\/#website\",\"url\":\"https:\/\/cungtenhanoi.com\/\",\"name\":\"Cung T\u00ean H\u00e0 N\u1ed9i\",\"description\":\"Cung c\u1ea5p c\u00e1c lo\u1ea1i cung t\u00ean th\u1ec3 thao s\u1ed1 1 Vi\u1ec7t Nam\",\"publisher\":{\"@id\":\"https:\/\/cungtenhanoi.com\/#organization\"},\"potentialAction\":[{\"@type\":\"SearchAction\",\"target\":{\"@type\":\"EntryPoint\",\"urlTemplate\":\"https:\/\/cungtenhanoi.com\/?s={search_term_string}\"},\"query-input\":\"required name=search_term_string\"}],\"inLanguage\":\"vi\"},{\"@type\":\"Organization\",\"@id\":\"https:\/\/cungtenhanoi.com\/#organization\",\"name\":\"Cung T\u00ean H\u00e0 N\u1ed9i\",\"url\":\"https:\/\/cungtenhanoi.com\/\",\"sameAs\":[],\"logo\":{\"@type\":\"ImageObject\",\"inLanguage\":\"vi\",\"@id\":\"https:\/\/cungtenhanoi.com\/#\/schema\/logo\/image\/\",\"url\":\"https:\/\/cungtenhanoi.com\/wp-content\/uploads\/2025\/05\/logo-den-trang.jpg\",\"contentUrl\":\"https:\/\/cungtenhanoi.com\/wp-content\/uploads\/2025\/05\/logo-den-trang.jpg\",\"width\":450,\"height\":450,\"caption\":\"Cung T\u00ean H\u00e0 N\u1ed9i\"},\"image\":{\"@id\":\"https:\/\/cungtenhanoi.com\/#\/schema\/logo\/image\/\"}}]}<\/script>\n<!-- \/ Yoast SEO plugin. -->","yoast_head_json":{"title":"M\u0169i t\u00ean cacbon v\u00e2n g\u1ed7 Bow Partner - Cung T\u00ean H\u00e0 N\u1ed9i","description":"Mua cung t\u00ean th\u1ec3 thao, Mua cung t\u00ean t\u1ea1i h\u00e0 n\u1ed9i, Cung tr\u1ee3 l\u1ef1c, Cung compound, Cung t\u00ean ch\u00ednh h\u00e3ng, , Cung t\u00ean h\u00e0 n\u1ed9i, Cung t\u00ean , Mua cung t\u00ean S\u00e0i g\u00f2n , Mua m\u0169i t\u00ean b\u1eafn cung , Cung b\u1eafn bi s\u1eaft , cung t\u00ean mini, Cung truy\u1ec1n th\u1ed1ng, Cung c\u1ed5 \u0111i\u1ec3n, Cung trang tr\u00ed, Cung tr\u01b0ng b\u00e0y, cung t\u00ean m\u1ea1nh, mua ph\u1ee5 ki\u1ec7n b\u1eafn cung, m\u0169i t\u00ean cacbon , m\u0169i t\u00ean tre, m\u0169i t\u00ean b\u1eafn cung, m\u0169i t\u00ean","robots":{"index":"index","follow":"follow","max-snippet":"max-snippet:-1","max-image-preview":"max-image-preview:large","max-video-preview":"max-video-preview:-1"},"canonical":"https:\/\/cungtenhanoi.com\/?product=mui-ten-cacbon-van-go-bow-partner","og_locale":"vi_VN","og_type":"article","og_title":"M\u0169i t\u00ean truy\u1ec1n th\u1ed1ng","og_description":"Mua cung t\u00ean th\u1ec3 thao, Mua cung t\u00ean t\u1ea1i h\u00e0 n\u1ed9i, Cung tr\u1ee3 l\u1ef1c, Cung compound, Cung t\u00ean ch\u00ednh h\u00e3ng, , Cung t\u00ean h\u00e0 n\u1ed9i, Cung t\u00ean , Mua cung t\u00ean S\u00e0i g\u00f2n , Mua m\u0169i t\u00ean b\u1eafn cung , Cung b\u1eafn bi s\u1eaft , cung t\u00ean mini, Cung truy\u1ec1n th\u1ed1ng, Cung c\u1ed5 \u0111i\u1ec3n, Cung trang tr\u00ed, Cung tr\u01b0ng b\u00e0y, cung t\u00ean m\u1ea1nh, mua ph\u1ee5 ki\u1ec7n b\u1eafn cung, m\u0169i t\u00ean cacbon , m\u0169i t\u00ean tre, m\u0169i t\u00ean b\u1eafn cung, m\u0169i t\u00ean","og_url":"https:\/\/cungtenhanoi.com\/?product=mui-ten-cacbon-van-go-bow-partner","og_site_name":"Cung T\u00ean H\u00e0 N\u1ed9i","article_modified_time":"2026-04-14T03:23:49+00:00","og_image":[{"width":1602,"height":724,"url":"https:\/\/cungtenhanoi.com\/wp-content\/uploads\/2024\/11\/sd.jpg","type":"image\/jpeg"}],"twitter_card":"summary_large_image","twitter_misc":{"\u01af\u1edbc t\u00ednh th\u1eddi gian \u0111\u1ecdc":"1 ph\u00fat"},"schema":{"@context":"https:\/\/schema.org","@graph":[{"@type":"WebPage","@id":"https:\/\/cungtenhanoi.com\/?product=mui-ten-cacbon-van-go-bow-partner","url":"https:\/\/cungtenhanoi.com\/?product=mui-ten-cacbon-van-go-bow-partner","name":"M\u0169i t\u00ean cacbon v\u00e2n g\u1ed7 Bow Partner - Cung T\u00ean H\u00e0 N\u1ed9i","isPartOf":{"@id":"https:\/\/cungtenhanoi.com\/#website"},"datePublished":"2022-04-09T16:33:36+00:00","dateModified":"2026-04-14T03:23:49+00:00","description":"Mua cung t\u00ean th\u1ec3 thao, Mua cung t\u00ean t\u1ea1i h\u00e0 n\u1ed9i, Cung tr\u1ee3 l\u1ef1c, Cung compound, Cung t\u00ean ch\u00ednh h\u00e3ng, , Cung t\u00ean h\u00e0 n\u1ed9i, Cung t\u00ean , Mua cung t\u00ean S\u00e0i g\u00f2n , Mua m\u0169i t\u00ean b\u1eafn cung , Cung b\u1eafn bi s\u1eaft , cung t\u00ean mini, Cung truy\u1ec1n th\u1ed1ng, Cung c\u1ed5 \u0111i\u1ec3n, Cung trang tr\u00ed, Cung tr\u01b0ng b\u00e0y, cung t\u00ean m\u1ea1nh, mua ph\u1ee5 ki\u1ec7n b\u1eafn cung, m\u0169i t\u00ean cacbon , m\u0169i t\u00ean tre, m\u0169i t\u00ean b\u1eafn cung, m\u0169i t\u00ean","breadcrumb":{"@id":"https:\/\/cungtenhanoi.com\/?product=mui-ten-cacbon-van-go-bow-partner#breadcrumb"},"inLanguage":"vi","potentialAction":[{"@type":"ReadAction","target":["https:\/\/cungtenhanoi.com\/?product=mui-ten-cacbon-van-go-bow-partner"]}]},{"@type":"BreadcrumbList","@id":"https:\/\/cungtenhanoi.com\/?product=mui-ten-cacbon-van-go-bow-partner#breadcrumb","itemListElement":[{"@type":"ListItem","position":1,"name":"Trang ch\u1ee7","item":"https:\/\/cungtenhanoi.com\/"},{"@type":"ListItem","position":2,"name":"Shop","item":"https:\/\/cungtenhanoi.com\/?page_id=6"},{"@type":"ListItem","position":3,"name":"T\u00ean","item":"https:\/\/cungtenhanoi.com\/danh-muc\/ten\/"},{"@type":"ListItem","position":4,"name":"M\u0169i t\u00ean cacbon v\u00e2n g\u1ed7 Bow Partner"}]},{"@type":"WebSite","@id":"https:\/\/cungtenhanoi.com\/#website","url":"https:\/\/cungtenhanoi.com\/","name":"Cung T\u00ean H\u00e0 N\u1ed9i","description":"Cung c\u1ea5p c\u00e1c lo\u1ea1i cung t\u00ean th\u1ec3 thao s\u1ed1 1 Vi\u1ec7t Nam","publisher":{"@id":"https:\/\/cungtenhanoi.com\/#organization"},"potentialAction":[{"@type":"SearchAction","target":{"@type":"EntryPoint","urlTemplate":"https:\/\/cungtenhanoi.com\/?s={search_term_string}"},"query-input":"required name=search_term_string"}],"inLanguage":"vi"},{"@type":"Organization","@id":"https:\/\/cungtenhanoi.com\/#organization","name":"Cung T\u00ean H\u00e0 N\u1ed9i","url":"https:\/\/cungtenhanoi.com\/","sameAs":[],"logo":{"@type":"ImageObject","inLanguage":"vi","@id":"https:\/\/cungtenhanoi.com\/#\/schema\/logo\/image\/","url":"https:\/\/cungtenhanoi.com\/wp-content\/uploads\/2025\/05\/logo-den-trang.jpg","contentUrl":"https:\/\/cungtenhanoi.com\/wp-content\/uploads\/2025\/05\/logo-den-trang.jpg","width":450,"height":450,"caption":"Cung T\u00ean H\u00e0 N\u1ed9i"},"image":{"@id":"https:\/\/cungtenhanoi.com\/#\/schema\/logo\/image\/"}}]}},"_links":{"self":[{"href":"https:\/\/cungtenhanoi.com\/index.php?rest_route=\/wp\/v2\/product\/2361"}],"collection":[{"href":"https:\/\/cungtenhanoi.com\/index.php?rest_route=\/wp\/v2\/product"}],"about":[{"href":"https:\/\/cungtenhanoi.com\/index.php?rest_route=\/wp\/v2\/types\/product"}],"replies":[{"embeddable":true,"href":"https:\/\/cungtenhanoi.com\/index.php?rest_route=%2Fwp%2Fv2%2Fcomments&post=2361"}],"wp:featuredmedia":[{"embeddable":true,"href":"https:\/\/cungtenhanoi.com\/index.php?rest_route=\/wp\/v2\/media\/2363"}],"wp:attachment":[{"href":"https:\/\/cungtenhanoi.com\/index.php?rest_route=%2Fwp%2Fv2%2Fmedia&parent=2361"}],"wp:term":[{"taxonomy":"product_cat","embeddable":true,"href":"https:\/\/cungtenhanoi.com\/index.php?rest_route=%2Fwp%2Fv2%2Fproduct_cat&post=2361"},{"taxonomy":"product_tag","embeddable":true,"href":"https:\/\/cungtenhanoi.com\/index.php?rest_route=%2Fwp%2Fv2%2Fproduct_tag&post=2361"}],"curies":[{"name":"wp","href":"https:\/\/api.w.org\/{rel}","templated":true}]}}