{"id":2401,"date":"2022-04-14T11:11:23","date_gmt":"2022-04-14T04:11:23","guid":{"rendered":"https:\/\/cungtenhanoi.com\/?post_type=product&#038;p=2401"},"modified":"2025-05-08T21:55:52","modified_gmt":"2025-05-08T14:55:52","slug":"kim-bam-truball-fulkrum-flex","status":"publish","type":"product","link":"https:\/\/cungtenhanoi.com\/?product=kim-bam-truball-fulkrum-flex","title":{"rendered":"K\u00ecm b\u1ea5m Truball Fulkrum Flex"},"content":{"rendered":"<p><img loading=\"lazy\" class=\"aligncenter size-full wp-image-2402\" src=\"https:\/\/cungtenhanoi.com\/wp-content\/uploads\/2022\/04\/A65979F4-EA11-472C-B194-5C6B6D14AD11.jpeg\" alt=\"\" width=\"800\" height=\"800\" srcset=\"https:\/\/cungtenhanoi.com\/wp-content\/uploads\/2022\/04\/A65979F4-EA11-472C-B194-5C6B6D14AD11.jpeg 800w, https:\/\/cungtenhanoi.com\/wp-content\/uploads\/2022\/04\/A65979F4-EA11-472C-B194-5C6B6D14AD11-300x300.jpeg 300w, https:\/\/cungtenhanoi.com\/wp-content\/uploads\/2022\/04\/A65979F4-EA11-472C-B194-5C6B6D14AD11-100x100.jpeg 100w, https:\/\/cungtenhanoi.com\/wp-content\/uploads\/2022\/04\/A65979F4-EA11-472C-B194-5C6B6D14AD11-600x600.jpeg 600w, https:\/\/cungtenhanoi.com\/wp-content\/uploads\/2022\/04\/A65979F4-EA11-472C-B194-5C6B6D14AD11-64x64.jpeg 64w, https:\/\/cungtenhanoi.com\/wp-content\/uploads\/2022\/04\/A65979F4-EA11-472C-B194-5C6B6D14AD11-150x150.jpeg 150w, https:\/\/cungtenhanoi.com\/wp-content\/uploads\/2022\/04\/A65979F4-EA11-472C-B194-5C6B6D14AD11-768x768.jpeg 768w, https:\/\/cungtenhanoi.com\/wp-content\/uploads\/2022\/04\/A65979F4-EA11-472C-B194-5C6B6D14AD11-180x180.jpeg 180w, https:\/\/cungtenhanoi.com\/wp-content\/uploads\/2022\/04\/A65979F4-EA11-472C-B194-5C6B6D14AD11-45x45.jpeg 45w\" sizes=\"(max-width: 800px) 100vw, 800px\" \/> <img loading=\"lazy\" class=\"aligncenter size-full wp-image-2403\" src=\"https:\/\/cungtenhanoi.com\/wp-content\/uploads\/2022\/04\/B92C3E2D-F3FA-4B1C-9B73-D66D098E11E9.jpeg\" alt=\"\" width=\"1200\" height=\"736\" srcset=\"https:\/\/cungtenhanoi.com\/wp-content\/uploads\/2022\/04\/B92C3E2D-F3FA-4B1C-9B73-D66D098E11E9.jpeg 1200w, https:\/\/cungtenhanoi.com\/wp-content\/uploads\/2022\/04\/B92C3E2D-F3FA-4B1C-9B73-D66D098E11E9-600x368.jpeg 600w, https:\/\/cungtenhanoi.com\/wp-content\/uploads\/2022\/04\/B92C3E2D-F3FA-4B1C-9B73-D66D098E11E9-64x39.jpeg 64w\" sizes=\"(max-width: 1200px) 100vw, 1200px\" \/> <img loading=\"lazy\" class=\"aligncenter size-full wp-image-2404\" src=\"https:\/\/cungtenhanoi.com\/wp-content\/uploads\/2022\/04\/7DE3AF8B-3B46-4118-B1DE-A8FCB2BD656A.jpeg\" alt=\"\" width=\"1200\" height=\"802\" srcset=\"https:\/\/cungtenhanoi.com\/wp-content\/uploads\/2022\/04\/7DE3AF8B-3B46-4118-B1DE-A8FCB2BD656A.jpeg 1200w, https:\/\/cungtenhanoi.com\/wp-content\/uploads\/2022\/04\/7DE3AF8B-3B46-4118-B1DE-A8FCB2BD656A-600x401.jpeg 600w, https:\/\/cungtenhanoi.com\/wp-content\/uploads\/2022\/04\/7DE3AF8B-3B46-4118-B1DE-A8FCB2BD656A-64x43.jpeg 64w\" sizes=\"(max-width: 1200px) 100vw, 1200px\" \/><\/p>\n","protected":false},"excerpt":{"rendered":"","protected":false},"featured_media":2404,"comment_status":"open","ping_status":"closed","template":"","meta":[],"product_cat":[20],"product_tag":[257,539,123,415,538],"acf":[],"yoast_head":"<!-- This site is optimized with the Yoast SEO plugin v19.8 - https:\/\/yoast.com\/wordpress\/plugins\/seo\/ -->\n<title>K\u00ecm b\u1ea5m Truball Fulkrum Flex - Cung T\u00ean H\u00e0 N\u1ed9i<\/title>\n<meta name=\"description\" content=\"mua cung t\u00ean th\u1ec3 thao, mua cung t\u00ean t\u1ea1i h\u00e0 n\u1ed9i, cung tr\u1ee3 l\u1ef1c, cung compound, cung t\u00ean ch\u00ednh h\u00e3ng, cung t\u00ean m\u1ea1nh,cung t\u00ean h\u00e0 n\u1ed9i, cung t\u00ean , mua cung t\u00ean S\u00e0i g\u00f2n , mua m\u0169i t\u00ean b\u1eafn cung , cung b\u1eafn bi s\u1eaft , cung t\u00ean mini, k\u00ecm b\u1eafn cung , k\u00ecm b\u1ea5m, c\u00f2 k\u00e9o cung,\" \/>\n<meta name=\"robots\" content=\"index, follow, max-snippet:-1, max-image-preview:large, max-video-preview:-1\" \/>\n<link rel=\"canonical\" href=\"https:\/\/cungtenhanoi.com\/?product=kim-bam-truball-fulkrum-flex\" \/>\n<meta property=\"og:locale\" content=\"vi_VN\" \/>\n<meta property=\"og:type\" content=\"article\" \/>\n<meta property=\"og:title\" content=\"K\u00ecm b\u1ea5m Truball Fulkrum Flex - Cung T\u00ean H\u00e0 N\u1ed9i\" \/>\n<meta property=\"og:description\" content=\"mua cung t\u00ean th\u1ec3 thao, mua cung t\u00ean t\u1ea1i h\u00e0 n\u1ed9i, cung tr\u1ee3 l\u1ef1c, cung compound, cung t\u00ean ch\u00ednh h\u00e3ng, cung t\u00ean m\u1ea1nh,cung t\u00ean h\u00e0 n\u1ed9i, cung t\u00ean , mua cung t\u00ean S\u00e0i g\u00f2n , mua m\u0169i t\u00ean b\u1eafn cung , cung b\u1eafn bi s\u1eaft , cung t\u00ean mini, k\u00ecm b\u1eafn cung , k\u00ecm b\u1ea5m, c\u00f2 k\u00e9o cung,\" \/>\n<meta property=\"og:url\" content=\"https:\/\/cungtenhanoi.com\/?product=kim-bam-truball-fulkrum-flex\" \/>\n<meta property=\"og:site_name\" content=\"Cung T\u00ean H\u00e0 N\u1ed9i\" \/>\n<meta property=\"article:modified_time\" content=\"2025-05-08T14:55:52+00:00\" \/>\n<meta property=\"og:image\" content=\"https:\/\/cungtenhanoi.com\/wp-content\/uploads\/2022\/04\/7DE3AF8B-3B46-4118-B1DE-A8FCB2BD656A.jpeg\" \/>\n\t<meta property=\"og:image:width\" content=\"1200\" \/>\n\t<meta property=\"og:image:height\" content=\"802\" \/>\n\t<meta property=\"og:image:type\" content=\"image\/jpeg\" \/>\n<meta name=\"twitter:card\" content=\"summary_large_image\" \/>\n<meta name=\"twitter:label1\" content=\"\u01af\u1edbc t\u00ednh th\u1eddi gian \u0111\u1ecdc\" \/>\n\t<meta name=\"twitter:data1\" content=\"1 ph\u00fat\" \/>\n<script type=\"application\/ld+json\" class=\"yoast-schema-graph\">{\"@context\":\"https:\/\/schema.org\",\"@graph\":[{\"@type\":\"WebPage\",\"@id\":\"https:\/\/cungtenhanoi.com\/?product=kim-bam-truball-fulkrum-flex\",\"url\":\"https:\/\/cungtenhanoi.com\/?product=kim-bam-truball-fulkrum-flex\",\"name\":\"K\u00ecm b\u1ea5m Truball Fulkrum Flex - Cung T\u00ean H\u00e0 N\u1ed9i\",\"isPartOf\":{\"@id\":\"https:\/\/cungtenhanoi.com\/#website\"},\"datePublished\":\"2022-04-14T04:11:23+00:00\",\"dateModified\":\"2025-05-08T14:55:52+00:00\",\"description\":\"mua cung t\u00ean th\u1ec3 thao, mua cung t\u00ean t\u1ea1i h\u00e0 n\u1ed9i, cung tr\u1ee3 l\u1ef1c, cung compound, cung t\u00ean ch\u00ednh h\u00e3ng, cung t\u00ean m\u1ea1nh,cung t\u00ean h\u00e0 n\u1ed9i, cung t\u00ean , mua cung t\u00ean S\u00e0i g\u00f2n , mua m\u0169i t\u00ean b\u1eafn cung , cung b\u1eafn bi s\u1eaft , cung t\u00ean mini, k\u00ecm b\u1eafn cung , k\u00ecm b\u1ea5m, c\u00f2 k\u00e9o cung,\",\"breadcrumb\":{\"@id\":\"https:\/\/cungtenhanoi.com\/?product=kim-bam-truball-fulkrum-flex#breadcrumb\"},\"inLanguage\":\"vi\",\"potentialAction\":[{\"@type\":\"ReadAction\",\"target\":[\"https:\/\/cungtenhanoi.com\/?product=kim-bam-truball-fulkrum-flex\"]}]},{\"@type\":\"BreadcrumbList\",\"@id\":\"https:\/\/cungtenhanoi.com\/?product=kim-bam-truball-fulkrum-flex#breadcrumb\",\"itemListElement\":[{\"@type\":\"ListItem\",\"position\":1,\"name\":\"Trang ch\u1ee7\",\"item\":\"https:\/\/cungtenhanoi.com\/\"},{\"@type\":\"ListItem\",\"position\":2,\"name\":\"Shop\",\"item\":\"https:\/\/cungtenhanoi.com\/?page_id=6\"},{\"@type\":\"ListItem\",\"position\":3,\"name\":\"Ph\u1ee5 ki\u1ec7n\",\"item\":\"https:\/\/cungtenhanoi.com\/danh-muc\/phu-kien\/\"},{\"@type\":\"ListItem\",\"position\":4,\"name\":\"K\u00ecm b\u1ea5m Truball Fulkrum Flex\"}]},{\"@type\":\"WebSite\",\"@id\":\"https:\/\/cungtenhanoi.com\/#website\",\"url\":\"https:\/\/cungtenhanoi.com\/\",\"name\":\"Cung T\u00ean H\u00e0 N\u1ed9i\",\"description\":\"Cung c\u1ea5p c\u00e1c lo\u1ea1i cung t\u00ean th\u1ec3 thao s\u1ed1 1 Vi\u1ec7t Nam\",\"publisher\":{\"@id\":\"https:\/\/cungtenhanoi.com\/#organization\"},\"potentialAction\":[{\"@type\":\"SearchAction\",\"target\":{\"@type\":\"EntryPoint\",\"urlTemplate\":\"https:\/\/cungtenhanoi.com\/?s={search_term_string}\"},\"query-input\":\"required name=search_term_string\"}],\"inLanguage\":\"vi\"},{\"@type\":\"Organization\",\"@id\":\"https:\/\/cungtenhanoi.com\/#organization\",\"name\":\"Cung T\u00ean H\u00e0 N\u1ed9i\",\"url\":\"https:\/\/cungtenhanoi.com\/\",\"sameAs\":[],\"logo\":{\"@type\":\"ImageObject\",\"inLanguage\":\"vi\",\"@id\":\"https:\/\/cungtenhanoi.com\/#\/schema\/logo\/image\/\",\"url\":\"https:\/\/cungtenhanoi.com\/wp-content\/uploads\/2025\/05\/logo-den-trang.jpg\",\"contentUrl\":\"https:\/\/cungtenhanoi.com\/wp-content\/uploads\/2025\/05\/logo-den-trang.jpg\",\"width\":450,\"height\":450,\"caption\":\"Cung T\u00ean H\u00e0 N\u1ed9i\"},\"image\":{\"@id\":\"https:\/\/cungtenhanoi.com\/#\/schema\/logo\/image\/\"}}]}<\/script>\n<!-- \/ Yoast SEO plugin. -->","yoast_head_json":{"title":"K\u00ecm b\u1ea5m Truball Fulkrum Flex - Cung T\u00ean H\u00e0 N\u1ed9i","description":"mua cung t\u00ean th\u1ec3 thao, mua cung t\u00ean t\u1ea1i h\u00e0 n\u1ed9i, cung tr\u1ee3 l\u1ef1c, cung compound, cung t\u00ean ch\u00ednh h\u00e3ng, cung t\u00ean m\u1ea1nh,cung t\u00ean h\u00e0 n\u1ed9i, cung t\u00ean , mua cung t\u00ean S\u00e0i g\u00f2n , mua m\u0169i t\u00ean b\u1eafn cung , cung b\u1eafn bi s\u1eaft , cung t\u00ean mini, k\u00ecm b\u1eafn cung , k\u00ecm b\u1ea5m, c\u00f2 k\u00e9o cung,","robots":{"index":"index","follow":"follow","max-snippet":"max-snippet:-1","max-image-preview":"max-image-preview:large","max-video-preview":"max-video-preview:-1"},"canonical":"https:\/\/cungtenhanoi.com\/?product=kim-bam-truball-fulkrum-flex","og_locale":"vi_VN","og_type":"article","og_title":"K\u00ecm b\u1ea5m Truball Fulkrum Flex - Cung T\u00ean H\u00e0 N\u1ed9i","og_description":"mua cung t\u00ean th\u1ec3 thao, mua cung t\u00ean t\u1ea1i h\u00e0 n\u1ed9i, cung tr\u1ee3 l\u1ef1c, cung compound, cung t\u00ean ch\u00ednh h\u00e3ng, cung t\u00ean m\u1ea1nh,cung t\u00ean h\u00e0 n\u1ed9i, cung t\u00ean , mua cung t\u00ean S\u00e0i g\u00f2n , mua m\u0169i t\u00ean b\u1eafn cung , cung b\u1eafn bi s\u1eaft , cung t\u00ean mini, k\u00ecm b\u1eafn cung , k\u00ecm b\u1ea5m, c\u00f2 k\u00e9o cung,","og_url":"https:\/\/cungtenhanoi.com\/?product=kim-bam-truball-fulkrum-flex","og_site_name":"Cung T\u00ean H\u00e0 N\u1ed9i","article_modified_time":"2025-05-08T14:55:52+00:00","og_image":[{"width":1200,"height":802,"url":"https:\/\/cungtenhanoi.com\/wp-content\/uploads\/2022\/04\/7DE3AF8B-3B46-4118-B1DE-A8FCB2BD656A.jpeg","type":"image\/jpeg"}],"twitter_card":"summary_large_image","twitter_misc":{"\u01af\u1edbc t\u00ednh th\u1eddi gian \u0111\u1ecdc":"1 ph\u00fat"},"schema":{"@context":"https:\/\/schema.org","@graph":[{"@type":"WebPage","@id":"https:\/\/cungtenhanoi.com\/?product=kim-bam-truball-fulkrum-flex","url":"https:\/\/cungtenhanoi.com\/?product=kim-bam-truball-fulkrum-flex","name":"K\u00ecm b\u1ea5m Truball Fulkrum Flex - Cung T\u00ean H\u00e0 N\u1ed9i","isPartOf":{"@id":"https:\/\/cungtenhanoi.com\/#website"},"datePublished":"2022-04-14T04:11:23+00:00","dateModified":"2025-05-08T14:55:52+00:00","description":"mua cung t\u00ean th\u1ec3 thao, mua cung t\u00ean t\u1ea1i h\u00e0 n\u1ed9i, cung tr\u1ee3 l\u1ef1c, cung compound, cung t\u00ean ch\u00ednh h\u00e3ng, cung t\u00ean m\u1ea1nh,cung t\u00ean h\u00e0 n\u1ed9i, cung t\u00ean , mua cung t\u00ean S\u00e0i g\u00f2n , mua m\u0169i t\u00ean b\u1eafn cung , cung b\u1eafn bi s\u1eaft , cung t\u00ean mini, k\u00ecm b\u1eafn cung , k\u00ecm b\u1ea5m, c\u00f2 k\u00e9o cung,","breadcrumb":{"@id":"https:\/\/cungtenhanoi.com\/?product=kim-bam-truball-fulkrum-flex#breadcrumb"},"inLanguage":"vi","potentialAction":[{"@type":"ReadAction","target":["https:\/\/cungtenhanoi.com\/?product=kim-bam-truball-fulkrum-flex"]}]},{"@type":"BreadcrumbList","@id":"https:\/\/cungtenhanoi.com\/?product=kim-bam-truball-fulkrum-flex#breadcrumb","itemListElement":[{"@type":"ListItem","position":1,"name":"Trang ch\u1ee7","item":"https:\/\/cungtenhanoi.com\/"},{"@type":"ListItem","position":2,"name":"Shop","item":"https:\/\/cungtenhanoi.com\/?page_id=6"},{"@type":"ListItem","position":3,"name":"Ph\u1ee5 ki\u1ec7n","item":"https:\/\/cungtenhanoi.com\/danh-muc\/phu-kien\/"},{"@type":"ListItem","position":4,"name":"K\u00ecm b\u1ea5m Truball Fulkrum Flex"}]},{"@type":"WebSite","@id":"https:\/\/cungtenhanoi.com\/#website","url":"https:\/\/cungtenhanoi.com\/","name":"Cung T\u00ean H\u00e0 N\u1ed9i","description":"Cung c\u1ea5p c\u00e1c lo\u1ea1i cung t\u00ean th\u1ec3 thao s\u1ed1 1 Vi\u1ec7t Nam","publisher":{"@id":"https:\/\/cungtenhanoi.com\/#organization"},"potentialAction":[{"@type":"SearchAction","target":{"@type":"EntryPoint","urlTemplate":"https:\/\/cungtenhanoi.com\/?s={search_term_string}"},"query-input":"required name=search_term_string"}],"inLanguage":"vi"},{"@type":"Organization","@id":"https:\/\/cungtenhanoi.com\/#organization","name":"Cung T\u00ean H\u00e0 N\u1ed9i","url":"https:\/\/cungtenhanoi.com\/","sameAs":[],"logo":{"@type":"ImageObject","inLanguage":"vi","@id":"https:\/\/cungtenhanoi.com\/#\/schema\/logo\/image\/","url":"https:\/\/cungtenhanoi.com\/wp-content\/uploads\/2025\/05\/logo-den-trang.jpg","contentUrl":"https:\/\/cungtenhanoi.com\/wp-content\/uploads\/2025\/05\/logo-den-trang.jpg","width":450,"height":450,"caption":"Cung T\u00ean H\u00e0 N\u1ed9i"},"image":{"@id":"https:\/\/cungtenhanoi.com\/#\/schema\/logo\/image\/"}}]}},"_links":{"self":[{"href":"https:\/\/cungtenhanoi.com\/index.php?rest_route=\/wp\/v2\/product\/2401"}],"collection":[{"href":"https:\/\/cungtenhanoi.com\/index.php?rest_route=\/wp\/v2\/product"}],"about":[{"href":"https:\/\/cungtenhanoi.com\/index.php?rest_route=\/wp\/v2\/types\/product"}],"replies":[{"embeddable":true,"href":"https:\/\/cungtenhanoi.com\/index.php?rest_route=%2Fwp%2Fv2%2Fcomments&post=2401"}],"wp:featuredmedia":[{"embeddable":true,"href":"https:\/\/cungtenhanoi.com\/index.php?rest_route=\/wp\/v2\/media\/2404"}],"wp:attachment":[{"href":"https:\/\/cungtenhanoi.com\/index.php?rest_route=%2Fwp%2Fv2%2Fmedia&parent=2401"}],"wp:term":[{"taxonomy":"product_cat","embeddable":true,"href":"https:\/\/cungtenhanoi.com\/index.php?rest_route=%2Fwp%2Fv2%2Fproduct_cat&post=2401"},{"taxonomy":"product_tag","embeddable":true,"href":"https:\/\/cungtenhanoi.com\/index.php?rest_route=%2Fwp%2Fv2%2Fproduct_tag&post=2401"}],"curies":[{"name":"wp","href":"https:\/\/api.w.org\/{rel}","templated":true}]}}