{"id":2429,"date":"2022-04-14T21:46:33","date_gmt":"2022-04-14T14:46:33","guid":{"rendered":"https:\/\/cungtenhanoi.com\/?post_type=product&#038;p=2429"},"modified":"2025-05-08T21:53:48","modified_gmt":"2025-05-08T14:53:48","slug":"sanlida-x10-arrow-rest-compound","status":"publish","type":"product","link":"https:\/\/cungtenhanoi.com\/?product=sanlida-x10-arrow-rest-compound","title":{"rendered":"Arrow rest Sanlida X10 compound"},"content":{"rendered":"<p style=\"text-align: center;\">\u0110\u1ee1 t\u00ean Compound target Sanlida X10<br \/>\n<img loading=\"lazy\" class=\"aligncenter size-full wp-image-2430\" src=\"https:\/\/cungtenhanoi.com\/wp-content\/uploads\/2022\/04\/6BB49B6E-3AEC-475A-8869-C520AB21A988.jpeg\" alt=\"\" width=\"800\" height=\"588\" srcset=\"https:\/\/cungtenhanoi.com\/wp-content\/uploads\/2022\/04\/6BB49B6E-3AEC-475A-8869-C520AB21A988.jpeg 800w, https:\/\/cungtenhanoi.com\/wp-content\/uploads\/2022\/04\/6BB49B6E-3AEC-475A-8869-C520AB21A988-600x441.jpeg 600w, https:\/\/cungtenhanoi.com\/wp-content\/uploads\/2022\/04\/6BB49B6E-3AEC-475A-8869-C520AB21A988-64x47.jpeg 64w, https:\/\/cungtenhanoi.com\/wp-content\/uploads\/2022\/04\/6BB49B6E-3AEC-475A-8869-C520AB21A988-300x221.jpeg 300w, https:\/\/cungtenhanoi.com\/wp-content\/uploads\/2022\/04\/6BB49B6E-3AEC-475A-8869-C520AB21A988-768x564.jpeg 768w\" sizes=\"(max-width: 800px) 100vw, 800px\" \/> <img loading=\"lazy\" class=\"aligncenter size-full wp-image-2431\" src=\"https:\/\/cungtenhanoi.com\/wp-content\/uploads\/2022\/04\/7287E6A6-7A9A-4CA5-8F8F-C71294E21156.jpeg\" alt=\"\" width=\"800\" height=\"656\" srcset=\"https:\/\/cungtenhanoi.com\/wp-content\/uploads\/2022\/04\/7287E6A6-7A9A-4CA5-8F8F-C71294E21156.jpeg 800w, https:\/\/cungtenhanoi.com\/wp-content\/uploads\/2022\/04\/7287E6A6-7A9A-4CA5-8F8F-C71294E21156-600x492.jpeg 600w, https:\/\/cungtenhanoi.com\/wp-content\/uploads\/2022\/04\/7287E6A6-7A9A-4CA5-8F8F-C71294E21156-64x52.jpeg 64w, https:\/\/cungtenhanoi.com\/wp-content\/uploads\/2022\/04\/7287E6A6-7A9A-4CA5-8F8F-C71294E21156-300x246.jpeg 300w, https:\/\/cungtenhanoi.com\/wp-content\/uploads\/2022\/04\/7287E6A6-7A9A-4CA5-8F8F-C71294E21156-768x630.jpeg 768w\" sizes=\"(max-width: 800px) 100vw, 800px\" \/> <img loading=\"lazy\" class=\"aligncenter size-full wp-image-2432\" src=\"https:\/\/cungtenhanoi.com\/wp-content\/uploads\/2022\/04\/A5AA98E7-2029-4146-8CA5-D10407FB3D4B.jpeg\" alt=\"\" width=\"800\" height=\"655\" srcset=\"https:\/\/cungtenhanoi.com\/wp-content\/uploads\/2022\/04\/A5AA98E7-2029-4146-8CA5-D10407FB3D4B.jpeg 800w, https:\/\/cungtenhanoi.com\/wp-content\/uploads\/2022\/04\/A5AA98E7-2029-4146-8CA5-D10407FB3D4B-600x491.jpeg 600w, https:\/\/cungtenhanoi.com\/wp-content\/uploads\/2022\/04\/A5AA98E7-2029-4146-8CA5-D10407FB3D4B-64x52.jpeg 64w\" sizes=\"(max-width: 800px) 100vw, 800px\" \/> <img loading=\"lazy\" class=\"aligncenter size-full wp-image-2433\" src=\"https:\/\/cungtenhanoi.com\/wp-content\/uploads\/2022\/04\/68B5102B-13AB-49E7-A65C-F7E8A3B0DAE9.jpeg\" alt=\"\" width=\"800\" height=\"658\" srcset=\"https:\/\/cungtenhanoi.com\/wp-content\/uploads\/2022\/04\/68B5102B-13AB-49E7-A65C-F7E8A3B0DAE9.jpeg 800w, https:\/\/cungtenhanoi.com\/wp-content\/uploads\/2022\/04\/68B5102B-13AB-49E7-A65C-F7E8A3B0DAE9-600x494.jpeg 600w, https:\/\/cungtenhanoi.com\/wp-content\/uploads\/2022\/04\/68B5102B-13AB-49E7-A65C-F7E8A3B0DAE9-64x53.jpeg 64w\" sizes=\"(max-width: 800px) 100vw, 800px\" \/><\/p>\n","protected":false},"excerpt":{"rendered":"<p>\u0110\u1ee1 t\u00ean Compound target Sanlida X10<\/p>\n","protected":false},"featured_media":2432,"comment_status":"open","ping_status":"closed","template":"","meta":[],"product_cat":[20],"product_tag":[132,34,413,257,520,218],"acf":[],"yoast_head":"<!-- This site is optimized with the Yoast SEO plugin v19.8 - https:\/\/yoast.com\/wordpress\/plugins\/seo\/ -->\n<title>Arrow rest Sanlida X10 compound - Cung T\u00ean H\u00e0 N\u1ed9i<\/title>\n<meta name=\"description\" content=\"\u0110\u1ee1 t\u00ean , arrow rest, X10, mua cung t\u00ean th\u1ec3 thao, mua cung t\u00ean t\u1ea1i h\u00e0 n\u1ed9i, cung tr\u1ee3 l\u1ef1c, cung compound, cung t\u00ean ch\u00ednh h\u00e3ng, cung t\u00ean m\u1ea1nh,cung t\u00ean h\u00e0 n\u1ed9i, cung t\u00ean , mua cung t\u00ean S\u00e0i g\u00f2n , mua m\u0169i t\u00ean b\u1eafn cung , cung b\u1eafn bi s\u1eaft , cung t\u00ean mini\" \/>\n<meta name=\"robots\" content=\"index, follow, max-snippet:-1, max-image-preview:large, max-video-preview:-1\" \/>\n<link rel=\"canonical\" href=\"https:\/\/cungtenhanoi.com\/?product=sanlida-x10-arrow-rest-compound\" \/>\n<meta property=\"og:locale\" content=\"vi_VN\" \/>\n<meta property=\"og:type\" content=\"article\" \/>\n<meta property=\"og:title\" content=\"Arrow rest Sanlida X10 compound - Cung T\u00ean H\u00e0 N\u1ed9i\" \/>\n<meta property=\"og:description\" content=\"\u0110\u1ee1 t\u00ean , arrow rest, X10, mua cung t\u00ean th\u1ec3 thao, mua cung t\u00ean t\u1ea1i h\u00e0 n\u1ed9i, cung tr\u1ee3 l\u1ef1c, cung compound, cung t\u00ean ch\u00ednh h\u00e3ng, cung t\u00ean m\u1ea1nh,cung t\u00ean h\u00e0 n\u1ed9i, cung t\u00ean , mua cung t\u00ean S\u00e0i g\u00f2n , mua m\u0169i t\u00ean b\u1eafn cung , cung b\u1eafn bi s\u1eaft , cung t\u00ean mini\" \/>\n<meta property=\"og:url\" content=\"https:\/\/cungtenhanoi.com\/?product=sanlida-x10-arrow-rest-compound\" \/>\n<meta property=\"og:site_name\" content=\"Cung T\u00ean H\u00e0 N\u1ed9i\" \/>\n<meta property=\"article:modified_time\" content=\"2025-05-08T14:53:48+00:00\" \/>\n<meta property=\"og:image\" content=\"https:\/\/cungtenhanoi.com\/wp-content\/uploads\/2022\/04\/A5AA98E7-2029-4146-8CA5-D10407FB3D4B.jpeg\" \/>\n\t<meta property=\"og:image:width\" content=\"800\" \/>\n\t<meta property=\"og:image:height\" content=\"655\" \/>\n\t<meta property=\"og:image:type\" content=\"image\/jpeg\" \/>\n<meta name=\"twitter:card\" content=\"summary_large_image\" \/>\n<meta name=\"twitter:label1\" content=\"\u01af\u1edbc t\u00ednh th\u1eddi gian \u0111\u1ecdc\" \/>\n\t<meta name=\"twitter:data1\" content=\"1 ph\u00fat\" \/>\n<script type=\"application\/ld+json\" class=\"yoast-schema-graph\">{\"@context\":\"https:\/\/schema.org\",\"@graph\":[{\"@type\":\"WebPage\",\"@id\":\"https:\/\/cungtenhanoi.com\/?product=sanlida-x10-arrow-rest-compound\",\"url\":\"https:\/\/cungtenhanoi.com\/?product=sanlida-x10-arrow-rest-compound\",\"name\":\"Arrow rest Sanlida X10 compound - Cung T\u00ean H\u00e0 N\u1ed9i\",\"isPartOf\":{\"@id\":\"https:\/\/cungtenhanoi.com\/#website\"},\"datePublished\":\"2022-04-14T14:46:33+00:00\",\"dateModified\":\"2025-05-08T14:53:48+00:00\",\"description\":\"\u0110\u1ee1 t\u00ean , arrow rest, X10, mua cung t\u00ean th\u1ec3 thao, mua cung t\u00ean t\u1ea1i h\u00e0 n\u1ed9i, cung tr\u1ee3 l\u1ef1c, cung compound, cung t\u00ean ch\u00ednh h\u00e3ng, cung t\u00ean m\u1ea1nh,cung t\u00ean h\u00e0 n\u1ed9i, cung t\u00ean , mua cung t\u00ean S\u00e0i g\u00f2n , mua m\u0169i t\u00ean b\u1eafn cung , cung b\u1eafn bi s\u1eaft , cung t\u00ean mini\",\"breadcrumb\":{\"@id\":\"https:\/\/cungtenhanoi.com\/?product=sanlida-x10-arrow-rest-compound#breadcrumb\"},\"inLanguage\":\"vi\",\"potentialAction\":[{\"@type\":\"ReadAction\",\"target\":[\"https:\/\/cungtenhanoi.com\/?product=sanlida-x10-arrow-rest-compound\"]}]},{\"@type\":\"BreadcrumbList\",\"@id\":\"https:\/\/cungtenhanoi.com\/?product=sanlida-x10-arrow-rest-compound#breadcrumb\",\"itemListElement\":[{\"@type\":\"ListItem\",\"position\":1,\"name\":\"Trang ch\u1ee7\",\"item\":\"https:\/\/cungtenhanoi.com\/\"},{\"@type\":\"ListItem\",\"position\":2,\"name\":\"Shop\",\"item\":\"https:\/\/cungtenhanoi.com\/?page_id=6\"},{\"@type\":\"ListItem\",\"position\":3,\"name\":\"Ph\u1ee5 ki\u1ec7n\",\"item\":\"https:\/\/cungtenhanoi.com\/danh-muc\/phu-kien\/\"},{\"@type\":\"ListItem\",\"position\":4,\"name\":\"Arrow rest Sanlida X10 compound\"}]},{\"@type\":\"WebSite\",\"@id\":\"https:\/\/cungtenhanoi.com\/#website\",\"url\":\"https:\/\/cungtenhanoi.com\/\",\"name\":\"Cung T\u00ean H\u00e0 N\u1ed9i\",\"description\":\"Cung c\u1ea5p c\u00e1c lo\u1ea1i cung t\u00ean th\u1ec3 thao s\u1ed1 1 Vi\u1ec7t Nam\",\"publisher\":{\"@id\":\"https:\/\/cungtenhanoi.com\/#organization\"},\"potentialAction\":[{\"@type\":\"SearchAction\",\"target\":{\"@type\":\"EntryPoint\",\"urlTemplate\":\"https:\/\/cungtenhanoi.com\/?s={search_term_string}\"},\"query-input\":\"required name=search_term_string\"}],\"inLanguage\":\"vi\"},{\"@type\":\"Organization\",\"@id\":\"https:\/\/cungtenhanoi.com\/#organization\",\"name\":\"Cung T\u00ean H\u00e0 N\u1ed9i\",\"url\":\"https:\/\/cungtenhanoi.com\/\",\"sameAs\":[],\"logo\":{\"@type\":\"ImageObject\",\"inLanguage\":\"vi\",\"@id\":\"https:\/\/cungtenhanoi.com\/#\/schema\/logo\/image\/\",\"url\":\"https:\/\/cungtenhanoi.com\/wp-content\/uploads\/2025\/05\/logo-den-trang.jpg\",\"contentUrl\":\"https:\/\/cungtenhanoi.com\/wp-content\/uploads\/2025\/05\/logo-den-trang.jpg\",\"width\":450,\"height\":450,\"caption\":\"Cung T\u00ean H\u00e0 N\u1ed9i\"},\"image\":{\"@id\":\"https:\/\/cungtenhanoi.com\/#\/schema\/logo\/image\/\"}}]}<\/script>\n<!-- \/ Yoast SEO plugin. -->","yoast_head_json":{"title":"Arrow rest Sanlida X10 compound - Cung T\u00ean H\u00e0 N\u1ed9i","description":"\u0110\u1ee1 t\u00ean , arrow rest, X10, mua cung t\u00ean th\u1ec3 thao, mua cung t\u00ean t\u1ea1i h\u00e0 n\u1ed9i, cung tr\u1ee3 l\u1ef1c, cung compound, cung t\u00ean ch\u00ednh h\u00e3ng, cung t\u00ean m\u1ea1nh,cung t\u00ean h\u00e0 n\u1ed9i, cung t\u00ean , mua cung t\u00ean S\u00e0i g\u00f2n , mua m\u0169i t\u00ean b\u1eafn cung , cung b\u1eafn bi s\u1eaft , cung t\u00ean mini","robots":{"index":"index","follow":"follow","max-snippet":"max-snippet:-1","max-image-preview":"max-image-preview:large","max-video-preview":"max-video-preview:-1"},"canonical":"https:\/\/cungtenhanoi.com\/?product=sanlida-x10-arrow-rest-compound","og_locale":"vi_VN","og_type":"article","og_title":"Arrow rest Sanlida X10 compound - Cung T\u00ean H\u00e0 N\u1ed9i","og_description":"\u0110\u1ee1 t\u00ean , arrow rest, X10, mua cung t\u00ean th\u1ec3 thao, mua cung t\u00ean t\u1ea1i h\u00e0 n\u1ed9i, cung tr\u1ee3 l\u1ef1c, cung compound, cung t\u00ean ch\u00ednh h\u00e3ng, cung t\u00ean m\u1ea1nh,cung t\u00ean h\u00e0 n\u1ed9i, cung t\u00ean , mua cung t\u00ean S\u00e0i g\u00f2n , mua m\u0169i t\u00ean b\u1eafn cung , cung b\u1eafn bi s\u1eaft , cung t\u00ean mini","og_url":"https:\/\/cungtenhanoi.com\/?product=sanlida-x10-arrow-rest-compound","og_site_name":"Cung T\u00ean H\u00e0 N\u1ed9i","article_modified_time":"2025-05-08T14:53:48+00:00","og_image":[{"width":800,"height":655,"url":"https:\/\/cungtenhanoi.com\/wp-content\/uploads\/2022\/04\/A5AA98E7-2029-4146-8CA5-D10407FB3D4B.jpeg","type":"image\/jpeg"}],"twitter_card":"summary_large_image","twitter_misc":{"\u01af\u1edbc t\u00ednh th\u1eddi gian \u0111\u1ecdc":"1 ph\u00fat"},"schema":{"@context":"https:\/\/schema.org","@graph":[{"@type":"WebPage","@id":"https:\/\/cungtenhanoi.com\/?product=sanlida-x10-arrow-rest-compound","url":"https:\/\/cungtenhanoi.com\/?product=sanlida-x10-arrow-rest-compound","name":"Arrow rest Sanlida X10 compound - Cung T\u00ean H\u00e0 N\u1ed9i","isPartOf":{"@id":"https:\/\/cungtenhanoi.com\/#website"},"datePublished":"2022-04-14T14:46:33+00:00","dateModified":"2025-05-08T14:53:48+00:00","description":"\u0110\u1ee1 t\u00ean , arrow rest, X10, mua cung t\u00ean th\u1ec3 thao, mua cung t\u00ean t\u1ea1i h\u00e0 n\u1ed9i, cung tr\u1ee3 l\u1ef1c, cung compound, cung t\u00ean ch\u00ednh h\u00e3ng, cung t\u00ean m\u1ea1nh,cung t\u00ean h\u00e0 n\u1ed9i, cung t\u00ean , mua cung t\u00ean S\u00e0i g\u00f2n , mua m\u0169i t\u00ean b\u1eafn cung , cung b\u1eafn bi s\u1eaft , cung t\u00ean mini","breadcrumb":{"@id":"https:\/\/cungtenhanoi.com\/?product=sanlida-x10-arrow-rest-compound#breadcrumb"},"inLanguage":"vi","potentialAction":[{"@type":"ReadAction","target":["https:\/\/cungtenhanoi.com\/?product=sanlida-x10-arrow-rest-compound"]}]},{"@type":"BreadcrumbList","@id":"https:\/\/cungtenhanoi.com\/?product=sanlida-x10-arrow-rest-compound#breadcrumb","itemListElement":[{"@type":"ListItem","position":1,"name":"Trang ch\u1ee7","item":"https:\/\/cungtenhanoi.com\/"},{"@type":"ListItem","position":2,"name":"Shop","item":"https:\/\/cungtenhanoi.com\/?page_id=6"},{"@type":"ListItem","position":3,"name":"Ph\u1ee5 ki\u1ec7n","item":"https:\/\/cungtenhanoi.com\/danh-muc\/phu-kien\/"},{"@type":"ListItem","position":4,"name":"Arrow rest Sanlida X10 compound"}]},{"@type":"WebSite","@id":"https:\/\/cungtenhanoi.com\/#website","url":"https:\/\/cungtenhanoi.com\/","name":"Cung T\u00ean H\u00e0 N\u1ed9i","description":"Cung c\u1ea5p c\u00e1c lo\u1ea1i cung t\u00ean th\u1ec3 thao s\u1ed1 1 Vi\u1ec7t Nam","publisher":{"@id":"https:\/\/cungtenhanoi.com\/#organization"},"potentialAction":[{"@type":"SearchAction","target":{"@type":"EntryPoint","urlTemplate":"https:\/\/cungtenhanoi.com\/?s={search_term_string}"},"query-input":"required name=search_term_string"}],"inLanguage":"vi"},{"@type":"Organization","@id":"https:\/\/cungtenhanoi.com\/#organization","name":"Cung T\u00ean H\u00e0 N\u1ed9i","url":"https:\/\/cungtenhanoi.com\/","sameAs":[],"logo":{"@type":"ImageObject","inLanguage":"vi","@id":"https:\/\/cungtenhanoi.com\/#\/schema\/logo\/image\/","url":"https:\/\/cungtenhanoi.com\/wp-content\/uploads\/2025\/05\/logo-den-trang.jpg","contentUrl":"https:\/\/cungtenhanoi.com\/wp-content\/uploads\/2025\/05\/logo-den-trang.jpg","width":450,"height":450,"caption":"Cung T\u00ean H\u00e0 N\u1ed9i"},"image":{"@id":"https:\/\/cungtenhanoi.com\/#\/schema\/logo\/image\/"}}]}},"_links":{"self":[{"href":"https:\/\/cungtenhanoi.com\/index.php?rest_route=\/wp\/v2\/product\/2429"}],"collection":[{"href":"https:\/\/cungtenhanoi.com\/index.php?rest_route=\/wp\/v2\/product"}],"about":[{"href":"https:\/\/cungtenhanoi.com\/index.php?rest_route=\/wp\/v2\/types\/product"}],"replies":[{"embeddable":true,"href":"https:\/\/cungtenhanoi.com\/index.php?rest_route=%2Fwp%2Fv2%2Fcomments&post=2429"}],"wp:featuredmedia":[{"embeddable":true,"href":"https:\/\/cungtenhanoi.com\/index.php?rest_route=\/wp\/v2\/media\/2432"}],"wp:attachment":[{"href":"https:\/\/cungtenhanoi.com\/index.php?rest_route=%2Fwp%2Fv2%2Fmedia&parent=2429"}],"wp:term":[{"taxonomy":"product_cat","embeddable":true,"href":"https:\/\/cungtenhanoi.com\/index.php?rest_route=%2Fwp%2Fv2%2Fproduct_cat&post=2429"},{"taxonomy":"product_tag","embeddable":true,"href":"https:\/\/cungtenhanoi.com\/index.php?rest_route=%2Fwp%2Fv2%2Fproduct_tag&post=2429"}],"curies":[{"name":"wp","href":"https:\/\/api.w.org\/{rel}","templated":true}]}}