{"id":2434,"date":"2022-04-14T21:51:43","date_gmt":"2022-04-14T14:51:43","guid":{"rendered":"https:\/\/cungtenhanoi.com\/?post_type=product&#038;p=2434"},"modified":"2025-05-08T21:46:22","modified_gmt":"2025-05-08T14:46:22","slug":"sanlida-x10-quiver-target","status":"publish","type":"product","link":"https:\/\/cungtenhanoi.com\/?product=sanlida-x10-quiver-target","title":{"rendered":"Quiver Sanlida X10 target"},"content":{"rendered":"<p style=\"text-align: center;\">Quiver \u0111eo t\u00ean b\u00ean h\u00f4ng Sanlida X10<br \/>\n<img loading=\"lazy\" class=\"aligncenter wp-image-2435\" src=\"https:\/\/cungtenhanoi.com\/wp-content\/uploads\/2022\/04\/C2FCB393-69A4-431C-BDEC-C110AD72B145.jpeg\" alt=\"\" width=\"600\" height=\"600\" srcset=\"https:\/\/cungtenhanoi.com\/wp-content\/uploads\/2022\/04\/C2FCB393-69A4-431C-BDEC-C110AD72B145.jpeg 1000w, https:\/\/cungtenhanoi.com\/wp-content\/uploads\/2022\/04\/C2FCB393-69A4-431C-BDEC-C110AD72B145-300x300.jpeg 300w, https:\/\/cungtenhanoi.com\/wp-content\/uploads\/2022\/04\/C2FCB393-69A4-431C-BDEC-C110AD72B145-100x100.jpeg 100w, https:\/\/cungtenhanoi.com\/wp-content\/uploads\/2022\/04\/C2FCB393-69A4-431C-BDEC-C110AD72B145-600x600.jpeg 600w, https:\/\/cungtenhanoi.com\/wp-content\/uploads\/2022\/04\/C2FCB393-69A4-431C-BDEC-C110AD72B145-64x64.jpeg 64w\" sizes=\"(max-width: 600px) 100vw, 600px\" \/> <img loading=\"lazy\" class=\"aligncenter wp-image-2436\" src=\"https:\/\/cungtenhanoi.com\/wp-content\/uploads\/2022\/04\/79322E99-1599-4171-94F9-1C2503D24496.jpeg\" alt=\"\" width=\"600\" height=\"499\" srcset=\"https:\/\/cungtenhanoi.com\/wp-content\/uploads\/2022\/04\/79322E99-1599-4171-94F9-1C2503D24496.jpeg 800w, https:\/\/cungtenhanoi.com\/wp-content\/uploads\/2022\/04\/79322E99-1599-4171-94F9-1C2503D24496-600x499.jpeg 600w, https:\/\/cungtenhanoi.com\/wp-content\/uploads\/2022\/04\/79322E99-1599-4171-94F9-1C2503D24496-64x53.jpeg 64w\" sizes=\"(max-width: 600px) 100vw, 600px\" \/><\/p>\n","protected":false},"excerpt":{"rendered":"<p>Quiver \u0111eo t\u00ean b\u00ean h\u00f4ng Sanlida X10<\/p>\n","protected":false},"featured_media":2436,"comment_status":"open","ping_status":"closed","template":"","meta":[],"product_cat":[20],"product_tag":[34,420,413,257,201,57,520,41,218],"acf":[],"yoast_head":"<!-- This site is optimized with the Yoast SEO plugin v19.8 - https:\/\/yoast.com\/wordpress\/plugins\/seo\/ -->\n<title>Quiver Sanlida X10 target - Cung T\u00ean H\u00e0 N\u1ed9i<\/title>\n<meta name=\"description\" content=\"Quiver \u0111eo t\u00ean Sanlida X10 target , mua cung t\u00ean th\u1ec3 thao, mua cung t\u00ean t\u1ea1i h\u00e0 n\u1ed9i, cung tr\u1ee3 l\u1ef1c, cung compound, cung t\u00ean ch\u00ednh h\u00e3ng, cung t\u00ean m\u1ea1nh,cung t\u00ean h\u00e0 n\u1ed9i, cung t\u00ean , mua cung t\u00ean S\u00e0i g\u00f2n , mua m\u0169i t\u00ean b\u1eafn cung , cung b\u1eafn bi s\u1eaft , cung t\u00ean mini, quiver , \u0111eo t\u00ean, Sanlida\" \/>\n<meta name=\"robots\" content=\"index, follow, max-snippet:-1, max-image-preview:large, max-video-preview:-1\" \/>\n<link rel=\"canonical\" href=\"https:\/\/cungtenhanoi.com\/?product=sanlida-x10-quiver-target\" \/>\n<meta property=\"og:locale\" content=\"vi_VN\" \/>\n<meta property=\"og:type\" content=\"article\" \/>\n<meta property=\"og:title\" content=\"Quiver Sanlida X10 target - Cung T\u00ean H\u00e0 N\u1ed9i\" \/>\n<meta property=\"og:description\" content=\"Quiver \u0111eo t\u00ean Sanlida X10 target , mua cung t\u00ean th\u1ec3 thao, mua cung t\u00ean t\u1ea1i h\u00e0 n\u1ed9i, cung tr\u1ee3 l\u1ef1c, cung compound, cung t\u00ean ch\u00ednh h\u00e3ng, cung t\u00ean m\u1ea1nh,cung t\u00ean h\u00e0 n\u1ed9i, cung t\u00ean , mua cung t\u00ean S\u00e0i g\u00f2n , mua m\u0169i t\u00ean b\u1eafn cung , cung b\u1eafn bi s\u1eaft , cung t\u00ean mini, quiver , \u0111eo t\u00ean, Sanlida\" \/>\n<meta property=\"og:url\" content=\"https:\/\/cungtenhanoi.com\/?product=sanlida-x10-quiver-target\" \/>\n<meta property=\"og:site_name\" content=\"Cung T\u00ean H\u00e0 N\u1ed9i\" \/>\n<meta property=\"article:modified_time\" content=\"2025-05-08T14:46:22+00:00\" \/>\n<meta property=\"og:image\" content=\"https:\/\/cungtenhanoi.com\/wp-content\/uploads\/2022\/04\/79322E99-1599-4171-94F9-1C2503D24496.jpeg\" \/>\n\t<meta property=\"og:image:width\" content=\"800\" \/>\n\t<meta property=\"og:image:height\" content=\"665\" \/>\n\t<meta property=\"og:image:type\" content=\"image\/jpeg\" \/>\n<meta name=\"twitter:card\" content=\"summary_large_image\" \/>\n<meta name=\"twitter:label1\" content=\"\u01af\u1edbc t\u00ednh th\u1eddi gian \u0111\u1ecdc\" \/>\n\t<meta name=\"twitter:data1\" content=\"1 ph\u00fat\" \/>\n<script type=\"application\/ld+json\" class=\"yoast-schema-graph\">{\"@context\":\"https:\/\/schema.org\",\"@graph\":[{\"@type\":\"WebPage\",\"@id\":\"https:\/\/cungtenhanoi.com\/?product=sanlida-x10-quiver-target\",\"url\":\"https:\/\/cungtenhanoi.com\/?product=sanlida-x10-quiver-target\",\"name\":\"Quiver Sanlida X10 target - Cung T\u00ean H\u00e0 N\u1ed9i\",\"isPartOf\":{\"@id\":\"https:\/\/cungtenhanoi.com\/#website\"},\"datePublished\":\"2022-04-14T14:51:43+00:00\",\"dateModified\":\"2025-05-08T14:46:22+00:00\",\"description\":\"Quiver \u0111eo t\u00ean Sanlida X10 target , mua cung t\u00ean th\u1ec3 thao, mua cung t\u00ean t\u1ea1i h\u00e0 n\u1ed9i, cung tr\u1ee3 l\u1ef1c, cung compound, cung t\u00ean ch\u00ednh h\u00e3ng, cung t\u00ean m\u1ea1nh,cung t\u00ean h\u00e0 n\u1ed9i, cung t\u00ean , mua cung t\u00ean S\u00e0i g\u00f2n , mua m\u0169i t\u00ean b\u1eafn cung , cung b\u1eafn bi s\u1eaft , cung t\u00ean mini, quiver , \u0111eo t\u00ean, Sanlida\",\"breadcrumb\":{\"@id\":\"https:\/\/cungtenhanoi.com\/?product=sanlida-x10-quiver-target#breadcrumb\"},\"inLanguage\":\"vi\",\"potentialAction\":[{\"@type\":\"ReadAction\",\"target\":[\"https:\/\/cungtenhanoi.com\/?product=sanlida-x10-quiver-target\"]}]},{\"@type\":\"BreadcrumbList\",\"@id\":\"https:\/\/cungtenhanoi.com\/?product=sanlida-x10-quiver-target#breadcrumb\",\"itemListElement\":[{\"@type\":\"ListItem\",\"position\":1,\"name\":\"Trang ch\u1ee7\",\"item\":\"https:\/\/cungtenhanoi.com\/\"},{\"@type\":\"ListItem\",\"position\":2,\"name\":\"Shop\",\"item\":\"https:\/\/cungtenhanoi.com\/?page_id=6\"},{\"@type\":\"ListItem\",\"position\":3,\"name\":\"Ph\u1ee5 ki\u1ec7n\",\"item\":\"https:\/\/cungtenhanoi.com\/danh-muc\/phu-kien\/\"},{\"@type\":\"ListItem\",\"position\":4,\"name\":\"Quiver Sanlida X10 target\"}]},{\"@type\":\"WebSite\",\"@id\":\"https:\/\/cungtenhanoi.com\/#website\",\"url\":\"https:\/\/cungtenhanoi.com\/\",\"name\":\"Cung T\u00ean H\u00e0 N\u1ed9i\",\"description\":\"Cung c\u1ea5p c\u00e1c lo\u1ea1i cung t\u00ean th\u1ec3 thao s\u1ed1 1 Vi\u1ec7t Nam\",\"publisher\":{\"@id\":\"https:\/\/cungtenhanoi.com\/#organization\"},\"potentialAction\":[{\"@type\":\"SearchAction\",\"target\":{\"@type\":\"EntryPoint\",\"urlTemplate\":\"https:\/\/cungtenhanoi.com\/?s={search_term_string}\"},\"query-input\":\"required name=search_term_string\"}],\"inLanguage\":\"vi\"},{\"@type\":\"Organization\",\"@id\":\"https:\/\/cungtenhanoi.com\/#organization\",\"name\":\"Cung T\u00ean H\u00e0 N\u1ed9i\",\"url\":\"https:\/\/cungtenhanoi.com\/\",\"sameAs\":[],\"logo\":{\"@type\":\"ImageObject\",\"inLanguage\":\"vi\",\"@id\":\"https:\/\/cungtenhanoi.com\/#\/schema\/logo\/image\/\",\"url\":\"https:\/\/cungtenhanoi.com\/wp-content\/uploads\/2025\/05\/logo-den-trang.jpg\",\"contentUrl\":\"https:\/\/cungtenhanoi.com\/wp-content\/uploads\/2025\/05\/logo-den-trang.jpg\",\"width\":450,\"height\":450,\"caption\":\"Cung T\u00ean H\u00e0 N\u1ed9i\"},\"image\":{\"@id\":\"https:\/\/cungtenhanoi.com\/#\/schema\/logo\/image\/\"}}]}<\/script>\n<!-- \/ Yoast SEO plugin. -->","yoast_head_json":{"title":"Quiver Sanlida X10 target - Cung T\u00ean H\u00e0 N\u1ed9i","description":"Quiver \u0111eo t\u00ean Sanlida X10 target , mua cung t\u00ean th\u1ec3 thao, mua cung t\u00ean t\u1ea1i h\u00e0 n\u1ed9i, cung tr\u1ee3 l\u1ef1c, cung compound, cung t\u00ean ch\u00ednh h\u00e3ng, cung t\u00ean m\u1ea1nh,cung t\u00ean h\u00e0 n\u1ed9i, cung t\u00ean , mua cung t\u00ean S\u00e0i g\u00f2n , mua m\u0169i t\u00ean b\u1eafn cung , cung b\u1eafn bi s\u1eaft , cung t\u00ean mini, quiver , \u0111eo t\u00ean, Sanlida","robots":{"index":"index","follow":"follow","max-snippet":"max-snippet:-1","max-image-preview":"max-image-preview:large","max-video-preview":"max-video-preview:-1"},"canonical":"https:\/\/cungtenhanoi.com\/?product=sanlida-x10-quiver-target","og_locale":"vi_VN","og_type":"article","og_title":"Quiver Sanlida X10 target - Cung T\u00ean H\u00e0 N\u1ed9i","og_description":"Quiver \u0111eo t\u00ean Sanlida X10 target , mua cung t\u00ean th\u1ec3 thao, mua cung t\u00ean t\u1ea1i h\u00e0 n\u1ed9i, cung tr\u1ee3 l\u1ef1c, cung compound, cung t\u00ean ch\u00ednh h\u00e3ng, cung t\u00ean m\u1ea1nh,cung t\u00ean h\u00e0 n\u1ed9i, cung t\u00ean , mua cung t\u00ean S\u00e0i g\u00f2n , mua m\u0169i t\u00ean b\u1eafn cung , cung b\u1eafn bi s\u1eaft , cung t\u00ean mini, quiver , \u0111eo t\u00ean, Sanlida","og_url":"https:\/\/cungtenhanoi.com\/?product=sanlida-x10-quiver-target","og_site_name":"Cung T\u00ean H\u00e0 N\u1ed9i","article_modified_time":"2025-05-08T14:46:22+00:00","og_image":[{"width":800,"height":665,"url":"https:\/\/cungtenhanoi.com\/wp-content\/uploads\/2022\/04\/79322E99-1599-4171-94F9-1C2503D24496.jpeg","type":"image\/jpeg"}],"twitter_card":"summary_large_image","twitter_misc":{"\u01af\u1edbc t\u00ednh th\u1eddi gian \u0111\u1ecdc":"1 ph\u00fat"},"schema":{"@context":"https:\/\/schema.org","@graph":[{"@type":"WebPage","@id":"https:\/\/cungtenhanoi.com\/?product=sanlida-x10-quiver-target","url":"https:\/\/cungtenhanoi.com\/?product=sanlida-x10-quiver-target","name":"Quiver Sanlida X10 target - Cung T\u00ean H\u00e0 N\u1ed9i","isPartOf":{"@id":"https:\/\/cungtenhanoi.com\/#website"},"datePublished":"2022-04-14T14:51:43+00:00","dateModified":"2025-05-08T14:46:22+00:00","description":"Quiver \u0111eo t\u00ean Sanlida X10 target , mua cung t\u00ean th\u1ec3 thao, mua cung t\u00ean t\u1ea1i h\u00e0 n\u1ed9i, cung tr\u1ee3 l\u1ef1c, cung compound, cung t\u00ean ch\u00ednh h\u00e3ng, cung t\u00ean m\u1ea1nh,cung t\u00ean h\u00e0 n\u1ed9i, cung t\u00ean , mua cung t\u00ean S\u00e0i g\u00f2n , mua m\u0169i t\u00ean b\u1eafn cung , cung b\u1eafn bi s\u1eaft , cung t\u00ean mini, quiver , \u0111eo t\u00ean, Sanlida","breadcrumb":{"@id":"https:\/\/cungtenhanoi.com\/?product=sanlida-x10-quiver-target#breadcrumb"},"inLanguage":"vi","potentialAction":[{"@type":"ReadAction","target":["https:\/\/cungtenhanoi.com\/?product=sanlida-x10-quiver-target"]}]},{"@type":"BreadcrumbList","@id":"https:\/\/cungtenhanoi.com\/?product=sanlida-x10-quiver-target#breadcrumb","itemListElement":[{"@type":"ListItem","position":1,"name":"Trang ch\u1ee7","item":"https:\/\/cungtenhanoi.com\/"},{"@type":"ListItem","position":2,"name":"Shop","item":"https:\/\/cungtenhanoi.com\/?page_id=6"},{"@type":"ListItem","position":3,"name":"Ph\u1ee5 ki\u1ec7n","item":"https:\/\/cungtenhanoi.com\/danh-muc\/phu-kien\/"},{"@type":"ListItem","position":4,"name":"Quiver Sanlida X10 target"}]},{"@type":"WebSite","@id":"https:\/\/cungtenhanoi.com\/#website","url":"https:\/\/cungtenhanoi.com\/","name":"Cung T\u00ean H\u00e0 N\u1ed9i","description":"Cung c\u1ea5p c\u00e1c lo\u1ea1i cung t\u00ean th\u1ec3 thao s\u1ed1 1 Vi\u1ec7t Nam","publisher":{"@id":"https:\/\/cungtenhanoi.com\/#organization"},"potentialAction":[{"@type":"SearchAction","target":{"@type":"EntryPoint","urlTemplate":"https:\/\/cungtenhanoi.com\/?s={search_term_string}"},"query-input":"required name=search_term_string"}],"inLanguage":"vi"},{"@type":"Organization","@id":"https:\/\/cungtenhanoi.com\/#organization","name":"Cung T\u00ean H\u00e0 N\u1ed9i","url":"https:\/\/cungtenhanoi.com\/","sameAs":[],"logo":{"@type":"ImageObject","inLanguage":"vi","@id":"https:\/\/cungtenhanoi.com\/#\/schema\/logo\/image\/","url":"https:\/\/cungtenhanoi.com\/wp-content\/uploads\/2025\/05\/logo-den-trang.jpg","contentUrl":"https:\/\/cungtenhanoi.com\/wp-content\/uploads\/2025\/05\/logo-den-trang.jpg","width":450,"height":450,"caption":"Cung T\u00ean H\u00e0 N\u1ed9i"},"image":{"@id":"https:\/\/cungtenhanoi.com\/#\/schema\/logo\/image\/"}}]}},"_links":{"self":[{"href":"https:\/\/cungtenhanoi.com\/index.php?rest_route=\/wp\/v2\/product\/2434"}],"collection":[{"href":"https:\/\/cungtenhanoi.com\/index.php?rest_route=\/wp\/v2\/product"}],"about":[{"href":"https:\/\/cungtenhanoi.com\/index.php?rest_route=\/wp\/v2\/types\/product"}],"replies":[{"embeddable":true,"href":"https:\/\/cungtenhanoi.com\/index.php?rest_route=%2Fwp%2Fv2%2Fcomments&post=2434"}],"wp:featuredmedia":[{"embeddable":true,"href":"https:\/\/cungtenhanoi.com\/index.php?rest_route=\/wp\/v2\/media\/2436"}],"wp:attachment":[{"href":"https:\/\/cungtenhanoi.com\/index.php?rest_route=%2Fwp%2Fv2%2Fmedia&parent=2434"}],"wp:term":[{"taxonomy":"product_cat","embeddable":true,"href":"https:\/\/cungtenhanoi.com\/index.php?rest_route=%2Fwp%2Fv2%2Fproduct_cat&post=2434"},{"taxonomy":"product_tag","embeddable":true,"href":"https:\/\/cungtenhanoi.com\/index.php?rest_route=%2Fwp%2Fv2%2Fproduct_tag&post=2434"}],"curies":[{"name":"wp","href":"https:\/\/api.w.org\/{rel}","templated":true}]}}