{"id":2438,"date":"2022-04-15T10:09:12","date_gmt":"2022-04-15T03:09:12","guid":{"rendered":"https:\/\/cungtenhanoi.com\/?post_type=product&#038;p=2438"},"modified":"2022-11-15T03:23:21","modified_gmt":"2022-11-14T20:23:21","slug":"decan-dan-ten","status":"publish","type":"product","link":"https:\/\/cungtenhanoi.com\/?product=decan-dan-ten","title":{"rendered":"Decan d\u00e1n t\u00ean"},"content":{"rendered":"<p><img loading=\"lazy\" class=\"aligncenter size-full wp-image-2439\" src=\"https:\/\/cungtenhanoi.com\/wp-content\/uploads\/2022\/04\/8ff6e83002dacc8495cb.jpg\" alt=\"\" width=\"1182\" height=\"197\" srcset=\"https:\/\/cungtenhanoi.com\/wp-content\/uploads\/2022\/04\/8ff6e83002dacc8495cb.jpg 1182w, https:\/\/cungtenhanoi.com\/wp-content\/uploads\/2022\/04\/8ff6e83002dacc8495cb-600x100.jpg 600w, https:\/\/cungtenhanoi.com\/wp-content\/uploads\/2022\/04\/8ff6e83002dacc8495cb-64x11.jpg 64w, https:\/\/cungtenhanoi.com\/wp-content\/uploads\/2022\/04\/8ff6e83002dacc8495cb-300x50.jpg 300w, https:\/\/cungtenhanoi.com\/wp-content\/uploads\/2022\/04\/8ff6e83002dacc8495cb-768x128.jpg 768w, https:\/\/cungtenhanoi.com\/wp-content\/uploads\/2022\/04\/8ff6e83002dacc8495cb-1024x171.jpg 1024w\" sizes=\"(max-width: 1182px) 100vw, 1182px\" \/><\/p>\n<p><img loading=\"lazy\" class=\"aligncenter size-full wp-image-2440\" src=\"https:\/\/cungtenhanoi.com\/wp-content\/uploads\/2022\/04\/489b17e2f3083d566419.jpg\" alt=\"\" width=\"1182\" height=\"198\" srcset=\"https:\/\/cungtenhanoi.com\/wp-content\/uploads\/2022\/04\/489b17e2f3083d566419.jpg 1182w, https:\/\/cungtenhanoi.com\/wp-content\/uploads\/2022\/04\/489b17e2f3083d566419-600x101.jpg 600w, https:\/\/cungtenhanoi.com\/wp-content\/uploads\/2022\/04\/489b17e2f3083d566419-64x11.jpg 64w, https:\/\/cungtenhanoi.com\/wp-content\/uploads\/2022\/04\/489b17e2f3083d566419-300x50.jpg 300w, https:\/\/cungtenhanoi.com\/wp-content\/uploads\/2022\/04\/489b17e2f3083d566419-768x129.jpg 768w, https:\/\/cungtenhanoi.com\/wp-content\/uploads\/2022\/04\/489b17e2f3083d566419-1024x172.jpg 1024w\" sizes=\"(max-width: 1182px) 100vw, 1182px\" \/><\/p>\n<p><img loading=\"lazy\" class=\"aligncenter size-full wp-image-2441\" src=\"https:\/\/cungtenhanoi.com\/wp-content\/uploads\/2022\/04\/513d3ee52d10e34eba01.jpg\" alt=\"\" width=\"1182\" height=\"198\" srcset=\"https:\/\/cungtenhanoi.com\/wp-content\/uploads\/2022\/04\/513d3ee52d10e34eba01.jpg 1182w, https:\/\/cungtenhanoi.com\/wp-content\/uploads\/2022\/04\/513d3ee52d10e34eba01-600x101.jpg 600w, https:\/\/cungtenhanoi.com\/wp-content\/uploads\/2022\/04\/513d3ee52d10e34eba01-64x11.jpg 64w, https:\/\/cungtenhanoi.com\/wp-content\/uploads\/2022\/04\/513d3ee52d10e34eba01-300x50.jpg 300w, https:\/\/cungtenhanoi.com\/wp-content\/uploads\/2022\/04\/513d3ee52d10e34eba01-768x129.jpg 768w, https:\/\/cungtenhanoi.com\/wp-content\/uploads\/2022\/04\/513d3ee52d10e34eba01-1024x172.jpg 1024w\" sizes=\"(max-width: 1182px) 100vw, 1182px\" \/><\/p>\n<p><img loading=\"lazy\" class=\"aligncenter size-full wp-image-2442\" src=\"https:\/\/cungtenhanoi.com\/wp-content\/uploads\/2022\/04\/11018c0268e8a6b6fff9.jpg\" alt=\"\" width=\"1182\" height=\"198\" srcset=\"https:\/\/cungtenhanoi.com\/wp-content\/uploads\/2022\/04\/11018c0268e8a6b6fff9.jpg 1182w, https:\/\/cungtenhanoi.com\/wp-content\/uploads\/2022\/04\/11018c0268e8a6b6fff9-600x101.jpg 600w, https:\/\/cungtenhanoi.com\/wp-content\/uploads\/2022\/04\/11018c0268e8a6b6fff9-64x11.jpg 64w, https:\/\/cungtenhanoi.com\/wp-content\/uploads\/2022\/04\/11018c0268e8a6b6fff9-300x50.jpg 300w, https:\/\/cungtenhanoi.com\/wp-content\/uploads\/2022\/04\/11018c0268e8a6b6fff9-768x129.jpg 768w, https:\/\/cungtenhanoi.com\/wp-content\/uploads\/2022\/04\/11018c0268e8a6b6fff9-1024x172.jpg 1024w\" sizes=\"(max-width: 1182px) 100vw, 1182px\" \/><\/p>\n<p><img loading=\"lazy\" class=\"aligncenter size-full wp-image-2443\" src=\"https:\/\/cungtenhanoi.com\/wp-content\/uploads\/2022\/04\/b158d52031caff94a6db.jpg\" alt=\"\" width=\"1182\" height=\"197\" srcset=\"https:\/\/cungtenhanoi.com\/wp-content\/uploads\/2022\/04\/b158d52031caff94a6db.jpg 1182w, https:\/\/cungtenhanoi.com\/wp-content\/uploads\/2022\/04\/b158d52031caff94a6db-600x100.jpg 600w, https:\/\/cungtenhanoi.com\/wp-content\/uploads\/2022\/04\/b158d52031caff94a6db-64x11.jpg 64w, https:\/\/cungtenhanoi.com\/wp-content\/uploads\/2022\/04\/b158d52031caff94a6db-300x50.jpg 300w, https:\/\/cungtenhanoi.com\/wp-content\/uploads\/2022\/04\/b158d52031caff94a6db-768x128.jpg 768w, https:\/\/cungtenhanoi.com\/wp-content\/uploads\/2022\/04\/b158d52031caff94a6db-1024x171.jpg 1024w\" sizes=\"(max-width: 1182px) 100vw, 1182px\" \/> <img loading=\"lazy\" class=\"aligncenter wp-image-2444\" src=\"https:\/\/cungtenhanoi.com\/wp-content\/uploads\/2022\/04\/c479ae44bdb173ef2aa0.jpg\" alt=\"\" width=\"1180\" height=\"1573\" \/><\/p>\n","protected":false},"excerpt":{"rendered":"","protected":false},"featured_media":2445,"comment_status":"open","ping_status":"closed","template":"","meta":[],"product_cat":[20],"product_tag":[58,198,86,257,546,545,59],"acf":[],"yoast_head":"<!-- This site is optimized with the Yoast SEO plugin v19.8 - https:\/\/yoast.com\/wordpress\/plugins\/seo\/ -->\n<title>Decan d\u00e1n t\u00ean - Cung T\u00ean H\u00e0 N\u1ed9i<\/title>\n<meta name=\"description\" content=\"mua cung t\u00ean th\u1ec3 thao, mua cung t\u00ean t\u1ea1i h\u00e0 n\u1ed9i, cung tr\u1ee3 l\u1ef1c, cung compound, cung t\u00ean ch\u00ednh h\u00e3ng, cung t\u00ean m\u1ea1nh,cung t\u00ean h\u00e0 n\u1ed9i, cung t\u00ean , mua cung t\u00ean S\u00e0i g\u00f2n , mua m\u0169i t\u00ean b\u1eafn cung , cung b\u1eafn bi s\u1eaft , cung t\u00ean mini\" \/>\n<meta name=\"robots\" content=\"index, follow, max-snippet:-1, max-image-preview:large, max-video-preview:-1\" \/>\n<link rel=\"canonical\" href=\"https:\/\/cungtenhanoi.com\/?product=decan-dan-ten\" \/>\n<meta property=\"og:locale\" content=\"vi_VN\" \/>\n<meta property=\"og:type\" content=\"article\" \/>\n<meta property=\"og:title\" content=\"Decan d\u00e1n t\u00ean - Cung T\u00ean H\u00e0 N\u1ed9i\" \/>\n<meta property=\"og:description\" content=\"mua cung t\u00ean th\u1ec3 thao, mua cung t\u00ean t\u1ea1i h\u00e0 n\u1ed9i, cung tr\u1ee3 l\u1ef1c, cung compound, cung t\u00ean ch\u00ednh h\u00e3ng, cung t\u00ean m\u1ea1nh,cung t\u00ean h\u00e0 n\u1ed9i, cung t\u00ean , mua cung t\u00ean S\u00e0i g\u00f2n , mua m\u0169i t\u00ean b\u1eafn cung , cung b\u1eafn bi s\u1eaft , cung t\u00ean mini\" \/>\n<meta property=\"og:url\" content=\"https:\/\/cungtenhanoi.com\/?product=decan-dan-ten\" \/>\n<meta property=\"og:site_name\" content=\"Cung T\u00ean H\u00e0 N\u1ed9i\" \/>\n<meta property=\"article:modified_time\" content=\"2022-11-14T20:23:21+00:00\" \/>\n<meta property=\"og:image\" content=\"https:\/\/cungtenhanoi.com\/wp-content\/uploads\/2022\/04\/8ff6e83002dacc8495cb-1.jpg\" \/>\n\t<meta property=\"og:image:width\" content=\"1171\" \/>\n\t<meta property=\"og:image:height\" content=\"981\" \/>\n\t<meta property=\"og:image:type\" content=\"image\/jpeg\" \/>\n<meta name=\"twitter:card\" content=\"summary_large_image\" \/>\n<script type=\"application\/ld+json\" class=\"yoast-schema-graph\">{\"@context\":\"https:\/\/schema.org\",\"@graph\":[{\"@type\":\"WebPage\",\"@id\":\"https:\/\/cungtenhanoi.com\/?product=decan-dan-ten\",\"url\":\"https:\/\/cungtenhanoi.com\/?product=decan-dan-ten\",\"name\":\"Decan d\u00e1n t\u00ean - Cung T\u00ean H\u00e0 N\u1ed9i\",\"isPartOf\":{\"@id\":\"https:\/\/cungtenhanoi.com\/#website\"},\"datePublished\":\"2022-04-15T03:09:12+00:00\",\"dateModified\":\"2022-11-14T20:23:21+00:00\",\"description\":\"mua cung t\u00ean th\u1ec3 thao, mua cung t\u00ean t\u1ea1i h\u00e0 n\u1ed9i, cung tr\u1ee3 l\u1ef1c, cung compound, cung t\u00ean ch\u00ednh h\u00e3ng, cung t\u00ean m\u1ea1nh,cung t\u00ean h\u00e0 n\u1ed9i, cung t\u00ean , mua cung t\u00ean S\u00e0i g\u00f2n , mua m\u0169i t\u00ean b\u1eafn cung , cung b\u1eafn bi s\u1eaft , cung t\u00ean mini\",\"breadcrumb\":{\"@id\":\"https:\/\/cungtenhanoi.com\/?product=decan-dan-ten#breadcrumb\"},\"inLanguage\":\"vi\",\"potentialAction\":[{\"@type\":\"ReadAction\",\"target\":[\"https:\/\/cungtenhanoi.com\/?product=decan-dan-ten\"]}]},{\"@type\":\"BreadcrumbList\",\"@id\":\"https:\/\/cungtenhanoi.com\/?product=decan-dan-ten#breadcrumb\",\"itemListElement\":[{\"@type\":\"ListItem\",\"position\":1,\"name\":\"Trang ch\u1ee7\",\"item\":\"https:\/\/cungtenhanoi.com\/\"},{\"@type\":\"ListItem\",\"position\":2,\"name\":\"Shop\",\"item\":\"https:\/\/cungtenhanoi.com\/?page_id=6\"},{\"@type\":\"ListItem\",\"position\":3,\"name\":\"Ph\u1ee5 ki\u1ec7n\",\"item\":\"https:\/\/cungtenhanoi.com\/danh-muc\/phu-kien\/\"},{\"@type\":\"ListItem\",\"position\":4,\"name\":\"Decan d\u00e1n t\u00ean\"}]},{\"@type\":\"WebSite\",\"@id\":\"https:\/\/cungtenhanoi.com\/#website\",\"url\":\"https:\/\/cungtenhanoi.com\/\",\"name\":\"Cung T\u00ean H\u00e0 N\u1ed9i\",\"description\":\"Cung c\u1ea5p c\u00e1c lo\u1ea1i cung t\u00ean th\u1ec3 thao s\u1ed1 1 Vi\u1ec7t Nam\",\"publisher\":{\"@id\":\"https:\/\/cungtenhanoi.com\/#organization\"},\"potentialAction\":[{\"@type\":\"SearchAction\",\"target\":{\"@type\":\"EntryPoint\",\"urlTemplate\":\"https:\/\/cungtenhanoi.com\/?s={search_term_string}\"},\"query-input\":\"required name=search_term_string\"}],\"inLanguage\":\"vi\"},{\"@type\":\"Organization\",\"@id\":\"https:\/\/cungtenhanoi.com\/#organization\",\"name\":\"Cung T\u00ean H\u00e0 N\u1ed9i\",\"url\":\"https:\/\/cungtenhanoi.com\/\",\"sameAs\":[],\"logo\":{\"@type\":\"ImageObject\",\"inLanguage\":\"vi\",\"@id\":\"https:\/\/cungtenhanoi.com\/#\/schema\/logo\/image\/\",\"url\":\"https:\/\/cungtenhanoi.com\/wp-content\/uploads\/2025\/05\/logo-den-trang.jpg\",\"contentUrl\":\"https:\/\/cungtenhanoi.com\/wp-content\/uploads\/2025\/05\/logo-den-trang.jpg\",\"width\":450,\"height\":450,\"caption\":\"Cung T\u00ean H\u00e0 N\u1ed9i\"},\"image\":{\"@id\":\"https:\/\/cungtenhanoi.com\/#\/schema\/logo\/image\/\"}}]}<\/script>\n<!-- \/ Yoast SEO plugin. -->","yoast_head_json":{"title":"Decan d\u00e1n t\u00ean - Cung T\u00ean H\u00e0 N\u1ed9i","description":"mua cung t\u00ean th\u1ec3 thao, mua cung t\u00ean t\u1ea1i h\u00e0 n\u1ed9i, cung tr\u1ee3 l\u1ef1c, cung compound, cung t\u00ean ch\u00ednh h\u00e3ng, cung t\u00ean m\u1ea1nh,cung t\u00ean h\u00e0 n\u1ed9i, cung t\u00ean , mua cung t\u00ean S\u00e0i g\u00f2n , mua m\u0169i t\u00ean b\u1eafn cung , cung b\u1eafn bi s\u1eaft , cung t\u00ean mini","robots":{"index":"index","follow":"follow","max-snippet":"max-snippet:-1","max-image-preview":"max-image-preview:large","max-video-preview":"max-video-preview:-1"},"canonical":"https:\/\/cungtenhanoi.com\/?product=decan-dan-ten","og_locale":"vi_VN","og_type":"article","og_title":"Decan d\u00e1n t\u00ean - Cung T\u00ean H\u00e0 N\u1ed9i","og_description":"mua cung t\u00ean th\u1ec3 thao, mua cung t\u00ean t\u1ea1i h\u00e0 n\u1ed9i, cung tr\u1ee3 l\u1ef1c, cung compound, cung t\u00ean ch\u00ednh h\u00e3ng, cung t\u00ean m\u1ea1nh,cung t\u00ean h\u00e0 n\u1ed9i, cung t\u00ean , mua cung t\u00ean S\u00e0i g\u00f2n , mua m\u0169i t\u00ean b\u1eafn cung , cung b\u1eafn bi s\u1eaft , cung t\u00ean mini","og_url":"https:\/\/cungtenhanoi.com\/?product=decan-dan-ten","og_site_name":"Cung T\u00ean H\u00e0 N\u1ed9i","article_modified_time":"2022-11-14T20:23:21+00:00","og_image":[{"width":1171,"height":981,"url":"https:\/\/cungtenhanoi.com\/wp-content\/uploads\/2022\/04\/8ff6e83002dacc8495cb-1.jpg","type":"image\/jpeg"}],"twitter_card":"summary_large_image","schema":{"@context":"https:\/\/schema.org","@graph":[{"@type":"WebPage","@id":"https:\/\/cungtenhanoi.com\/?product=decan-dan-ten","url":"https:\/\/cungtenhanoi.com\/?product=decan-dan-ten","name":"Decan d\u00e1n t\u00ean - Cung T\u00ean H\u00e0 N\u1ed9i","isPartOf":{"@id":"https:\/\/cungtenhanoi.com\/#website"},"datePublished":"2022-04-15T03:09:12+00:00","dateModified":"2022-11-14T20:23:21+00:00","description":"mua cung t\u00ean th\u1ec3 thao, mua cung t\u00ean t\u1ea1i h\u00e0 n\u1ed9i, cung tr\u1ee3 l\u1ef1c, cung compound, cung t\u00ean ch\u00ednh h\u00e3ng, cung t\u00ean m\u1ea1nh,cung t\u00ean h\u00e0 n\u1ed9i, cung t\u00ean , mua cung t\u00ean S\u00e0i g\u00f2n , mua m\u0169i t\u00ean b\u1eafn cung , cung b\u1eafn bi s\u1eaft , cung t\u00ean mini","breadcrumb":{"@id":"https:\/\/cungtenhanoi.com\/?product=decan-dan-ten#breadcrumb"},"inLanguage":"vi","potentialAction":[{"@type":"ReadAction","target":["https:\/\/cungtenhanoi.com\/?product=decan-dan-ten"]}]},{"@type":"BreadcrumbList","@id":"https:\/\/cungtenhanoi.com\/?product=decan-dan-ten#breadcrumb","itemListElement":[{"@type":"ListItem","position":1,"name":"Trang ch\u1ee7","item":"https:\/\/cungtenhanoi.com\/"},{"@type":"ListItem","position":2,"name":"Shop","item":"https:\/\/cungtenhanoi.com\/?page_id=6"},{"@type":"ListItem","position":3,"name":"Ph\u1ee5 ki\u1ec7n","item":"https:\/\/cungtenhanoi.com\/danh-muc\/phu-kien\/"},{"@type":"ListItem","position":4,"name":"Decan d\u00e1n t\u00ean"}]},{"@type":"WebSite","@id":"https:\/\/cungtenhanoi.com\/#website","url":"https:\/\/cungtenhanoi.com\/","name":"Cung T\u00ean H\u00e0 N\u1ed9i","description":"Cung c\u1ea5p c\u00e1c lo\u1ea1i cung t\u00ean th\u1ec3 thao s\u1ed1 1 Vi\u1ec7t Nam","publisher":{"@id":"https:\/\/cungtenhanoi.com\/#organization"},"potentialAction":[{"@type":"SearchAction","target":{"@type":"EntryPoint","urlTemplate":"https:\/\/cungtenhanoi.com\/?s={search_term_string}"},"query-input":"required name=search_term_string"}],"inLanguage":"vi"},{"@type":"Organization","@id":"https:\/\/cungtenhanoi.com\/#organization","name":"Cung T\u00ean H\u00e0 N\u1ed9i","url":"https:\/\/cungtenhanoi.com\/","sameAs":[],"logo":{"@type":"ImageObject","inLanguage":"vi","@id":"https:\/\/cungtenhanoi.com\/#\/schema\/logo\/image\/","url":"https:\/\/cungtenhanoi.com\/wp-content\/uploads\/2025\/05\/logo-den-trang.jpg","contentUrl":"https:\/\/cungtenhanoi.com\/wp-content\/uploads\/2025\/05\/logo-den-trang.jpg","width":450,"height":450,"caption":"Cung T\u00ean H\u00e0 N\u1ed9i"},"image":{"@id":"https:\/\/cungtenhanoi.com\/#\/schema\/logo\/image\/"}}]}},"_links":{"self":[{"href":"https:\/\/cungtenhanoi.com\/index.php?rest_route=\/wp\/v2\/product\/2438"}],"collection":[{"href":"https:\/\/cungtenhanoi.com\/index.php?rest_route=\/wp\/v2\/product"}],"about":[{"href":"https:\/\/cungtenhanoi.com\/index.php?rest_route=\/wp\/v2\/types\/product"}],"replies":[{"embeddable":true,"href":"https:\/\/cungtenhanoi.com\/index.php?rest_route=%2Fwp%2Fv2%2Fcomments&post=2438"}],"wp:featuredmedia":[{"embeddable":true,"href":"https:\/\/cungtenhanoi.com\/index.php?rest_route=\/wp\/v2\/media\/2445"}],"wp:attachment":[{"href":"https:\/\/cungtenhanoi.com\/index.php?rest_route=%2Fwp%2Fv2%2Fmedia&parent=2438"}],"wp:term":[{"taxonomy":"product_cat","embeddable":true,"href":"https:\/\/cungtenhanoi.com\/index.php?rest_route=%2Fwp%2Fv2%2Fproduct_cat&post=2438"},{"taxonomy":"product_tag","embeddable":true,"href":"https:\/\/cungtenhanoi.com\/index.php?rest_route=%2Fwp%2Fv2%2Fproduct_tag&post=2438"}],"curies":[{"name":"wp","href":"https:\/\/api.w.org\/{rel}","templated":true}]}}