{"id":2517,"date":"2022-06-09T20:25:29","date_gmt":"2022-06-09T13:25:29","guid":{"rendered":"https:\/\/cungtenhanoi.com\/?post_type=product&#038;p=2517"},"modified":"2025-05-08T16:28:37","modified_gmt":"2025-05-08T09:28:37","slug":"american-bow-ab5000","status":"publish","type":"product","link":"https:\/\/cungtenhanoi.com\/?product=american-bow-ab5000","title":{"rendered":"American bow &#8211; AB5000"},"content":{"rendered":"<article class=\"text-token-text-primary w-full\" dir=\"auto\" data-testid=\"conversation-turn-4\" data-scroll-anchor=\"false\">\n<div class=\"text-base my-auto mx-auto py-5 [--thread-content-margin:--spacing(4)] @[37rem]:[--thread-content-margin:--spacing(6)] @[72rem]:[--thread-content-margin:--spacing(16)] px-(--thread-content-margin)\">\n<div class=\"[--thread-content-max-width:32rem] @[34rem]:[--thread-content-max-width:40rem] @[64rem]:[--thread-content-max-width:48rem] mx-auto flex max-w-(--thread-content-max-width) flex-1 text-base gap-4 md:gap-5 lg:gap-6 group\/turn-messages focus-visible:outline-hidden\" tabindex=\"-1\">\n<div class=\"group\/conversation-turn relative flex w-full min-w-0 flex-col agent-turn\">\n<div class=\"relative flex-col gap-1 md:gap-3\">\n<div class=\"flex max-w-full flex-col grow\">\n<div class=\"min-h-8 text-message relative flex w-full flex-col items-end gap-2 text-start break-words whitespace-normal [.text-message+&amp;]:mt-5\" dir=\"auto\" data-message-author-role=\"assistant\" data-message-id=\"9614a7a1-7218-4531-9375-127e9c72e218\" data-message-model-slug=\"gpt-4o\">\n<div class=\"flex w-full flex-col gap-1 empty:hidden first:pt-[3px]\">\n<div class=\"markdown prose dark:prose-invert w-full break-words light\">\n<p class=\"\" style=\"text-align: center;\" data-start=\"194\" data-end=\"268\"><strong data-start=\"197\" data-end=\"265\">CUNG T\u00caN CAO C\u1ea4P AB5000 \u2013 KI\u1ec6T T\u00c1C TH\u1ee6 C\u00d4NG T\u1eea G\u1ed6 \u0110\u00c0N H\u01af\u01a0NG V\u00c0NG<\/strong><\/p>\n<p class=\"\" style=\"text-align: center;\" data-start=\"270\" data-end=\"472\">B\u1ea1n kh\u00f4ng ch\u1ec9 t\u00ecm ki\u1ebfm m\u1ed9t c\u00e2y cung \u0111\u1ec3 b\u1eafn \u2013 b\u1ea1n t\u00ecm ki\u1ebfm m\u1ed9t <strong data-start=\"332\" data-end=\"355\">t\u00e1c ph\u1ea9m ngh\u1ec7 thu\u1eadt<\/strong>.<br data-start=\"356\" data-end=\"359\" \/><strong data-start=\"362\" data-end=\"372\">AB5000<\/strong> ch\u00ednh l\u00e0 l\u1ef1a ch\u1ecdn x\u1ee9ng t\u1ea7m cho nh\u1eefng ng\u01b0\u1eddi ch\u01a1i cung t\u00ean chuy\u00ean nghi\u1ec7p v\u00e0 c\u00e1c nh\u00e0 s\u01b0u t\u1ea7m \u0111\u1eb3ng c\u1ea5p.<\/p>\n<h3 class=\"\" style=\"text-align: center;\" data-start=\"479\" data-end=\"505\">\u00a0\u0110I\u1ec2M NH\u1ea4N \u0110\u1eb6C BI\u1ec6T:<\/h3>\n<ul style=\"text-align: center;\" data-start=\"506\" data-end=\"995\">\n<li class=\"\" data-start=\"506\" data-end=\"715\">\n<p class=\"\" data-start=\"508\" data-end=\"715\"><strong data-start=\"511\" data-end=\"553\">Ch\u1ebf t\u00e1c t\u1eeb g\u1ed7 \u0111\u00e0n h\u01b0\u01a1ng v\u00e0ng qu\u00fd hi\u1ebfm:<\/strong><br data-start=\"553\" data-end=\"556\" \/>Lo\u1ea1i g\u1ed7 c\u00f3 h\u01b0\u01a1ng th\u01a1m t\u1ef1 nhi\u00ean, v\u00e2n g\u1ed7 sang tr\u1ecdng, \u0111\u1ed9 b\u1ec1n v\u01b0\u1ee3t tr\u1ed9i qua n\u0103m th\u00e1ng. M\u1ed7i c\u00e2y cung AB5000 l\u00e0 m\u1ed9t b\u1ea3n th\u1ec3 duy nh\u1ea5t \u2013 kh\u00f4ng c\u00e2y n\u00e0o gi\u1ed1ng c\u00e2y n\u00e0o.<\/p>\n<\/li>\n<li class=\"\" data-start=\"717\" data-end=\"871\">\n<p class=\"\" data-start=\"719\" data-end=\"871\"><strong data-start=\"722\" data-end=\"753\">Gia c\u00f4ng th\u1ee7 c\u00f4ng tinh x\u1ea3o:<\/strong><br data-start=\"753\" data-end=\"756\" \/>T\u1eebng chi ti\u1ebft \u0111\u01b0\u1ee3c ho\u00e0n thi\u1ec7n b\u1edfi ngh\u1ec7 nh\u00e2n nhi\u1ec1u n\u0103m kinh nghi\u1ec7m, \u0111\u1ea3m b\u1ea3o c\u1ea3 t\u00ednh th\u1ea9m m\u1ef9 l\u1eabn hi\u1ec7u n\u0103ng s\u1eed d\u1ee5ng.<\/p>\n<\/li>\n<li class=\"\" data-start=\"873\" data-end=\"995\">\n<p class=\"\" data-start=\"875\" data-end=\"995\"><strong data-start=\"878\" data-end=\"902\">Hi\u1ec7u su\u1ea5t v\u01b0\u1ee3t tr\u1ed9i:<\/strong><br data-start=\"902\" data-end=\"905\" \/>\u0110\u1ed9 \u1ed5n \u0111\u1ecbnh cao, l\u1ef1c b\u1eafn m\u1ea1nh, chu\u1ea9n x\u00e1c \u2013 ph\u00f9 h\u1ee3p cho c\u1ea3 luy\u1ec7n t\u1eadp th\u1ec3 thao v\u00e0 tr\u01b0ng b\u00e0y \u0111\u1eb3ng c\u1ea5p<\/p>\n<\/li>\n<\/ul>\n<h3 class=\"\" style=\"text-align: center;\" data-start=\"1002\" data-end=\"1028\">\u00a0TH\u00d4NG TIN K\u1ef8 THU\u1eacT:<\/h3>\n<ul style=\"text-align: center;\" data-start=\"1029\" data-end=\"1123\">\n<li class=\"\" data-start=\"1029\" data-end=\"1051\">\n<p class=\"\" data-start=\"1031\" data-end=\"1051\">Chi\u1ec1u d\u00e0i: 64inh<\/p>\n<\/li>\n<li class=\"\" data-start=\"1052\" data-end=\"1074\">\n<p class=\"\" data-start=\"1054\" data-end=\"1074\">L\u1ef1c k\u00e9o:25-55lbs<\/p>\n<\/li>\n<li class=\"\" data-start=\"1075\" data-end=\"1123\">\n<p class=\"\" data-start=\"1077\" data-end=\"1123\">Ph\u00f9 h\u1ee3p: Ng\u01b0\u1eddi ch\u01a1i b\u00e1n chuy\u00ean \u2013 chuy\u00ean nghi\u1ec7p<\/p>\n<\/li>\n<\/ul>\n<p class=\"\" style=\"text-align: center;\" data-start=\"1206\" data-end=\"1249\"><strong data-start=\"1209\" data-end=\"1249\">B\u1ea3o h\u00e0nh 6 th\u00e1ng \u2013 b\u1ea3o tr\u00ec tr\u1ecdn \u0111\u1eddi<\/strong><\/p>\n<p class=\"\" style=\"text-align: center;\" data-start=\"1256\" data-end=\"1376\"><strong data-start=\"1259\" data-end=\"1314\">S\u1ed1 l\u01b0\u1ee3ng gi\u1edbi h\u1ea1n \u2013 m\u1ed7i \u0111\u1ee3t ch\u1ec9 20 c\u00e2y \u0111\u01b0\u1ee3c ch\u1ebf t\u00e1c<\/strong><br data-start=\"1314\" data-end=\"1317\" \/>Li\u00ean h\u1ec7 ngay \u0111\u1ec3 \u0111\u1eb7t h\u00e0ng v\u00e0 s\u1edf h\u1eefu m\u1ed9t tuy\u1ec7t ph\u1ea9m \u0111\u1ed9c nh\u1ea5t!<\/p>\n<\/div>\n<\/div>\n<\/div>\n<\/div>\n<\/div>\n<\/div>\n<\/div>\n<\/div>\n<\/article>\n<p><img loading=\"lazy\" class=\"aligncenter wp-image-2518\" src=\"https:\/\/cungtenhanoi.com\/wp-content\/uploads\/2022\/06\/F65BEB11-A1F4-4F24-8DBF-D9DAAF1B24C1.jpeg\" alt=\"\" width=\"522\" height=\"931\" \/> <img loading=\"lazy\" class=\"aligncenter wp-image-2519 size-large\" src=\"https:\/\/cungtenhanoi.com\/wp-content\/uploads\/2022\/06\/A7F4A39A-13E1-45A6-9502-EEDDD1213EE2-677x1024.jpeg\" alt=\"\" width=\"529\" height=\"800\" srcset=\"https:\/\/cungtenhanoi.com\/wp-content\/uploads\/2022\/06\/A7F4A39A-13E1-45A6-9502-EEDDD1213EE2-677x1024.jpeg 677w, https:\/\/cungtenhanoi.com\/wp-content\/uploads\/2022\/06\/A7F4A39A-13E1-45A6-9502-EEDDD1213EE2-600x908.jpeg 600w, https:\/\/cungtenhanoi.com\/wp-content\/uploads\/2022\/06\/A7F4A39A-13E1-45A6-9502-EEDDD1213EE2-64x97.jpeg 64w, https:\/\/cungtenhanoi.com\/wp-content\/uploads\/2022\/06\/A7F4A39A-13E1-45A6-9502-EEDDD1213EE2-198x300.jpeg 198w, https:\/\/cungtenhanoi.com\/wp-content\/uploads\/2022\/06\/A7F4A39A-13E1-45A6-9502-EEDDD1213EE2-768x1162.jpeg 768w, https:\/\/cungtenhanoi.com\/wp-content\/uploads\/2022\/06\/A7F4A39A-13E1-45A6-9502-EEDDD1213EE2-scaled.jpeg 1692w\" sizes=\"(max-width: 529px) 100vw, 529px\" \/> <img loading=\"lazy\" class=\"aligncenter wp-image-2520 \" src=\"https:\/\/cungtenhanoi.com\/wp-content\/uploads\/2022\/06\/72C231A7-80EE-4DB3-9CA4-1B08EB5E2786-648x1024.jpeg\" alt=\"\" width=\"529\" height=\"836\" srcset=\"https:\/\/cungtenhanoi.com\/wp-content\/uploads\/2022\/06\/72C231A7-80EE-4DB3-9CA4-1B08EB5E2786-648x1024.jpeg 648w, https:\/\/cungtenhanoi.com\/wp-content\/uploads\/2022\/06\/72C231A7-80EE-4DB3-9CA4-1B08EB5E2786-600x948.jpeg 600w, https:\/\/cungtenhanoi.com\/wp-content\/uploads\/2022\/06\/72C231A7-80EE-4DB3-9CA4-1B08EB5E2786-64x101.jpeg 64w, https:\/\/cungtenhanoi.com\/wp-content\/uploads\/2022\/06\/72C231A7-80EE-4DB3-9CA4-1B08EB5E2786-190x300.jpeg 190w, https:\/\/cungtenhanoi.com\/wp-content\/uploads\/2022\/06\/72C231A7-80EE-4DB3-9CA4-1B08EB5E2786-768x1214.jpeg 768w, https:\/\/cungtenhanoi.com\/wp-content\/uploads\/2022\/06\/72C231A7-80EE-4DB3-9CA4-1B08EB5E2786-scaled.jpeg 1620w\" sizes=\"(max-width: 529px) 100vw, 529px\" \/> <img loading=\"lazy\" class=\"aligncenter wp-image-2521 \" src=\"https:\/\/cungtenhanoi.com\/wp-content\/uploads\/2022\/06\/0CDD2623-CC11-4AD4-BE80-603CEB0E25DB-748x1024.jpeg\" alt=\"\" width=\"537\" height=\"735\" srcset=\"https:\/\/cungtenhanoi.com\/wp-content\/uploads\/2022\/06\/0CDD2623-CC11-4AD4-BE80-603CEB0E25DB-748x1024.jpeg 748w, https:\/\/cungtenhanoi.com\/wp-content\/uploads\/2022\/06\/0CDD2623-CC11-4AD4-BE80-603CEB0E25DB-600x821.jpeg 600w, https:\/\/cungtenhanoi.com\/wp-content\/uploads\/2022\/06\/0CDD2623-CC11-4AD4-BE80-603CEB0E25DB-64x88.jpeg 64w, https:\/\/cungtenhanoi.com\/wp-content\/uploads\/2022\/06\/0CDD2623-CC11-4AD4-BE80-603CEB0E25DB-219x300.jpeg 219w, https:\/\/cungtenhanoi.com\/wp-content\/uploads\/2022\/06\/0CDD2623-CC11-4AD4-BE80-603CEB0E25DB-768x1051.jpeg 768w, https:\/\/cungtenhanoi.com\/wp-content\/uploads\/2022\/06\/0CDD2623-CC11-4AD4-BE80-603CEB0E25DB-scaled.jpeg 1871w\" sizes=\"(max-width: 537px) 100vw, 537px\" \/> <img loading=\"lazy\" class=\"aligncenter wp-image-2522 \" src=\"https:\/\/cungtenhanoi.com\/wp-content\/uploads\/2022\/06\/9C29FF2B-3D7A-48C9-8EA8-5B56C914EEF6-402x1024.jpeg\" alt=\"\" width=\"528\" height=\"1345\" srcset=\"https:\/\/cungtenhanoi.com\/wp-content\/uploads\/2022\/06\/9C29FF2B-3D7A-48C9-8EA8-5B56C914EEF6-402x1024.jpeg 402w, https:\/\/cungtenhanoi.com\/wp-content\/uploads\/2022\/06\/9C29FF2B-3D7A-48C9-8EA8-5B56C914EEF6-600x1528.jpeg 600w, https:\/\/cungtenhanoi.com\/wp-content\/uploads\/2022\/06\/9C29FF2B-3D7A-48C9-8EA8-5B56C914EEF6-64x163.jpeg 64w, https:\/\/cungtenhanoi.com\/wp-content\/uploads\/2022\/06\/9C29FF2B-3D7A-48C9-8EA8-5B56C914EEF6-118x300.jpeg 118w, https:\/\/cungtenhanoi.com\/wp-content\/uploads\/2022\/06\/9C29FF2B-3D7A-48C9-8EA8-5B56C914EEF6-768x1956.jpeg 768w, https:\/\/cungtenhanoi.com\/wp-content\/uploads\/2022\/06\/9C29FF2B-3D7A-48C9-8EA8-5B56C914EEF6-scaled.jpeg 1005w\" sizes=\"(max-width: 528px) 100vw, 528px\" \/> <img loading=\"lazy\" class=\"aligncenter wp-image-2524\" src=\"https:\/\/cungtenhanoi.com\/wp-content\/uploads\/2022\/06\/0E491635-D62E-4A0D-9916-1E11FDA0EB53.jpeg\" alt=\"\" width=\"528\" height=\"886\" \/><\/p>\n","protected":false},"excerpt":{"rendered":"<p>Cung + 10 t\u00ean cacbon vans l\u00f4ng v\u0169 + g\u0103ng tay + s\u00e1p b\u00f4i d\u00e2y + d\u00e2y l\u00ean cung + nockingpoint + guarm + rest l\u00f4ng g\u1ea5u + bia m\u1ee5c ti\u00eau<\/p>\n","protected":false},"featured_media":2518,"comment_status":"open","ping_status":"closed","template":"","meta":[],"product_cat":[17],"product_tag":[553,451,86,257,168,552,554],"acf":[],"yoast_head":"<!-- This site is optimized with the Yoast SEO plugin v19.8 - https:\/\/yoast.com\/wordpress\/plugins\/seo\/ -->\n<title>American bow - AB5000 - Cung T\u00ean H\u00e0 N\u1ed9i<\/title>\n<meta name=\"description\" content=\"Mua cung t\u00ean th\u1ec3 thao, Mua cung t\u00ean t\u1ea1i h\u00e0 n\u1ed9i, Cung tr\u1ee3 l\u1ef1c, Cung compound, Cung t\u00ean ch\u00ednh h\u00e3ng, , Cung t\u00ean h\u00e0 n\u1ed9i, Cung t\u00ean , Mua cung t\u00ean S\u00e0i g\u00f2n , Mua m\u0169i t\u00ean b\u1eafn cung , Cung b\u1eafn bi s\u1eaft , cung t\u00ean mini, Cung truy\u1ec1n th\u1ed1ng, Cung c\u1ed5 \u0111i\u1ec3n, Cung trang tr\u00ed, Cung tr\u01b0ng b\u00e0y, cung t\u00ean m\u1ea1nh, mua ph\u1ee5 ki\u1ec7n b\u1eafn cung, AB5000 , g\u1ed7 \u0111\u00e0n h\u01b0\u01a1ng v\u00e0ng\" \/>\n<meta name=\"robots\" content=\"index, follow, max-snippet:-1, max-image-preview:large, max-video-preview:-1\" \/>\n<link rel=\"canonical\" href=\"https:\/\/cungtenhanoi.com\/?product=american-bow-ab5000\" \/>\n<meta property=\"og:locale\" content=\"vi_VN\" \/>\n<meta property=\"og:type\" content=\"article\" \/>\n<meta property=\"og:title\" content=\"Cung t\u00ean cao c\u1ea5p AB5000\" \/>\n<meta property=\"og:description\" content=\"Mua cung t\u00ean th\u1ec3 thao, Mua cung t\u00ean t\u1ea1i h\u00e0 n\u1ed9i, Cung tr\u1ee3 l\u1ef1c, Cung compound, Cung t\u00ean ch\u00ednh h\u00e3ng, , Cung t\u00ean h\u00e0 n\u1ed9i, Cung t\u00ean , Mua cung t\u00ean S\u00e0i g\u00f2n , Mua m\u0169i t\u00ean b\u1eafn cung , Cung b\u1eafn bi s\u1eaft , cung t\u00ean mini, Cung truy\u1ec1n th\u1ed1ng, Cung c\u1ed5 \u0111i\u1ec3n, Cung trang tr\u00ed, Cung tr\u01b0ng b\u00e0y, cung t\u00ean m\u1ea1nh, mua ph\u1ee5 ki\u1ec7n b\u1eafn cung, AB5000 , g\u1ed7 \u0111\u00e0n h\u01b0\u01a1ng v\u00e0ng\" \/>\n<meta property=\"og:url\" content=\"https:\/\/cungtenhanoi.com\/?product=american-bow-ab5000\" \/>\n<meta property=\"og:site_name\" content=\"Cung T\u00ean H\u00e0 N\u1ed9i\" \/>\n<meta property=\"article:modified_time\" content=\"2025-05-08T09:28:37+00:00\" \/>\n<meta property=\"og:image\" content=\"https:\/\/cungtenhanoi.com\/wp-content\/uploads\/2022\/06\/F65BEB11-A1F4-4F24-8DBF-D9DAAF1B24C1-scaled.jpeg\" \/>\n\t<meta property=\"og:image:width\" content=\"1436\" \/>\n\t<meta property=\"og:image:height\" content=\"2560\" \/>\n\t<meta property=\"og:image:type\" content=\"image\/jpeg\" \/>\n<meta name=\"twitter:card\" content=\"summary_large_image\" \/>\n<meta name=\"twitter:label1\" content=\"\u01af\u1edbc t\u00ednh th\u1eddi gian \u0111\u1ecdc\" \/>\n\t<meta name=\"twitter:data1\" content=\"3 ph\u00fat\" \/>\n<script type=\"application\/ld+json\" class=\"yoast-schema-graph\">{\"@context\":\"https:\/\/schema.org\",\"@graph\":[{\"@type\":\"WebPage\",\"@id\":\"https:\/\/cungtenhanoi.com\/?product=american-bow-ab5000\",\"url\":\"https:\/\/cungtenhanoi.com\/?product=american-bow-ab5000\",\"name\":\"American bow - AB5000 - Cung T\u00ean H\u00e0 N\u1ed9i\",\"isPartOf\":{\"@id\":\"https:\/\/cungtenhanoi.com\/#website\"},\"datePublished\":\"2022-06-09T13:25:29+00:00\",\"dateModified\":\"2025-05-08T09:28:37+00:00\",\"description\":\"Mua cung t\u00ean th\u1ec3 thao, Mua cung t\u00ean t\u1ea1i h\u00e0 n\u1ed9i, Cung tr\u1ee3 l\u1ef1c, Cung compound, Cung t\u00ean ch\u00ednh h\u00e3ng, , Cung t\u00ean h\u00e0 n\u1ed9i, Cung t\u00ean , Mua cung t\u00ean S\u00e0i g\u00f2n , Mua m\u0169i t\u00ean b\u1eafn cung , Cung b\u1eafn bi s\u1eaft , cung t\u00ean mini, Cung truy\u1ec1n th\u1ed1ng, Cung c\u1ed5 \u0111i\u1ec3n, Cung trang tr\u00ed, Cung tr\u01b0ng b\u00e0y, cung t\u00ean m\u1ea1nh, mua ph\u1ee5 ki\u1ec7n b\u1eafn cung, AB5000 , g\u1ed7 \u0111\u00e0n h\u01b0\u01a1ng v\u00e0ng\",\"breadcrumb\":{\"@id\":\"https:\/\/cungtenhanoi.com\/?product=american-bow-ab5000#breadcrumb\"},\"inLanguage\":\"vi\",\"potentialAction\":[{\"@type\":\"ReadAction\",\"target\":[\"https:\/\/cungtenhanoi.com\/?product=american-bow-ab5000\"]}]},{\"@type\":\"BreadcrumbList\",\"@id\":\"https:\/\/cungtenhanoi.com\/?product=american-bow-ab5000#breadcrumb\",\"itemListElement\":[{\"@type\":\"ListItem\",\"position\":1,\"name\":\"Trang ch\u1ee7\",\"item\":\"https:\/\/cungtenhanoi.com\/\"},{\"@type\":\"ListItem\",\"position\":2,\"name\":\"Shop\",\"item\":\"https:\/\/cungtenhanoi.com\/?page_id=6\"},{\"@type\":\"ListItem\",\"position\":3,\"name\":\"Cung\",\"item\":\"https:\/\/cungtenhanoi.com\/danh-muc\/cung\/\"},{\"@type\":\"ListItem\",\"position\":4,\"name\":\"American bow &#8211; AB5000\"}]},{\"@type\":\"WebSite\",\"@id\":\"https:\/\/cungtenhanoi.com\/#website\",\"url\":\"https:\/\/cungtenhanoi.com\/\",\"name\":\"Cung T\u00ean H\u00e0 N\u1ed9i\",\"description\":\"Cung c\u1ea5p c\u00e1c lo\u1ea1i cung t\u00ean th\u1ec3 thao s\u1ed1 1 Vi\u1ec7t Nam\",\"publisher\":{\"@id\":\"https:\/\/cungtenhanoi.com\/#organization\"},\"potentialAction\":[{\"@type\":\"SearchAction\",\"target\":{\"@type\":\"EntryPoint\",\"urlTemplate\":\"https:\/\/cungtenhanoi.com\/?s={search_term_string}\"},\"query-input\":\"required name=search_term_string\"}],\"inLanguage\":\"vi\"},{\"@type\":\"Organization\",\"@id\":\"https:\/\/cungtenhanoi.com\/#organization\",\"name\":\"Cung T\u00ean H\u00e0 N\u1ed9i\",\"url\":\"https:\/\/cungtenhanoi.com\/\",\"sameAs\":[],\"logo\":{\"@type\":\"ImageObject\",\"inLanguage\":\"vi\",\"@id\":\"https:\/\/cungtenhanoi.com\/#\/schema\/logo\/image\/\",\"url\":\"https:\/\/cungtenhanoi.com\/wp-content\/uploads\/2025\/05\/logo-den-trang.jpg\",\"contentUrl\":\"https:\/\/cungtenhanoi.com\/wp-content\/uploads\/2025\/05\/logo-den-trang.jpg\",\"width\":450,\"height\":450,\"caption\":\"Cung T\u00ean H\u00e0 N\u1ed9i\"},\"image\":{\"@id\":\"https:\/\/cungtenhanoi.com\/#\/schema\/logo\/image\/\"}}]}<\/script>\n<!-- \/ Yoast SEO plugin. -->","yoast_head_json":{"title":"American bow - AB5000 - Cung T\u00ean H\u00e0 N\u1ed9i","description":"Mua cung t\u00ean th\u1ec3 thao, Mua cung t\u00ean t\u1ea1i h\u00e0 n\u1ed9i, Cung tr\u1ee3 l\u1ef1c, Cung compound, Cung t\u00ean ch\u00ednh h\u00e3ng, , Cung t\u00ean h\u00e0 n\u1ed9i, Cung t\u00ean , Mua cung t\u00ean S\u00e0i g\u00f2n , Mua m\u0169i t\u00ean b\u1eafn cung , Cung b\u1eafn bi s\u1eaft , cung t\u00ean mini, Cung truy\u1ec1n th\u1ed1ng, Cung c\u1ed5 \u0111i\u1ec3n, Cung trang tr\u00ed, Cung tr\u01b0ng b\u00e0y, cung t\u00ean m\u1ea1nh, mua ph\u1ee5 ki\u1ec7n b\u1eafn cung, AB5000 , g\u1ed7 \u0111\u00e0n h\u01b0\u01a1ng v\u00e0ng","robots":{"index":"index","follow":"follow","max-snippet":"max-snippet:-1","max-image-preview":"max-image-preview:large","max-video-preview":"max-video-preview:-1"},"canonical":"https:\/\/cungtenhanoi.com\/?product=american-bow-ab5000","og_locale":"vi_VN","og_type":"article","og_title":"Cung t\u00ean cao c\u1ea5p AB5000","og_description":"Mua cung t\u00ean th\u1ec3 thao, Mua cung t\u00ean t\u1ea1i h\u00e0 n\u1ed9i, Cung tr\u1ee3 l\u1ef1c, Cung compound, Cung t\u00ean ch\u00ednh h\u00e3ng, , Cung t\u00ean h\u00e0 n\u1ed9i, Cung t\u00ean , Mua cung t\u00ean S\u00e0i g\u00f2n , Mua m\u0169i t\u00ean b\u1eafn cung , Cung b\u1eafn bi s\u1eaft , cung t\u00ean mini, Cung truy\u1ec1n th\u1ed1ng, Cung c\u1ed5 \u0111i\u1ec3n, Cung trang tr\u00ed, Cung tr\u01b0ng b\u00e0y, cung t\u00ean m\u1ea1nh, mua ph\u1ee5 ki\u1ec7n b\u1eafn cung, AB5000 , g\u1ed7 \u0111\u00e0n h\u01b0\u01a1ng v\u00e0ng","og_url":"https:\/\/cungtenhanoi.com\/?product=american-bow-ab5000","og_site_name":"Cung T\u00ean H\u00e0 N\u1ed9i","article_modified_time":"2025-05-08T09:28:37+00:00","og_image":[{"width":1436,"height":2560,"url":"https:\/\/cungtenhanoi.com\/wp-content\/uploads\/2022\/06\/F65BEB11-A1F4-4F24-8DBF-D9DAAF1B24C1-scaled.jpeg","type":"image\/jpeg"}],"twitter_card":"summary_large_image","twitter_misc":{"\u01af\u1edbc t\u00ednh th\u1eddi gian \u0111\u1ecdc":"3 ph\u00fat"},"schema":{"@context":"https:\/\/schema.org","@graph":[{"@type":"WebPage","@id":"https:\/\/cungtenhanoi.com\/?product=american-bow-ab5000","url":"https:\/\/cungtenhanoi.com\/?product=american-bow-ab5000","name":"American bow - AB5000 - Cung T\u00ean H\u00e0 N\u1ed9i","isPartOf":{"@id":"https:\/\/cungtenhanoi.com\/#website"},"datePublished":"2022-06-09T13:25:29+00:00","dateModified":"2025-05-08T09:28:37+00:00","description":"Mua cung t\u00ean th\u1ec3 thao, Mua cung t\u00ean t\u1ea1i h\u00e0 n\u1ed9i, Cung tr\u1ee3 l\u1ef1c, Cung compound, Cung t\u00ean ch\u00ednh h\u00e3ng, , Cung t\u00ean h\u00e0 n\u1ed9i, Cung t\u00ean , Mua cung t\u00ean S\u00e0i g\u00f2n , Mua m\u0169i t\u00ean b\u1eafn cung , Cung b\u1eafn bi s\u1eaft , cung t\u00ean mini, Cung truy\u1ec1n th\u1ed1ng, Cung c\u1ed5 \u0111i\u1ec3n, Cung trang tr\u00ed, Cung tr\u01b0ng b\u00e0y, cung t\u00ean m\u1ea1nh, mua ph\u1ee5 ki\u1ec7n b\u1eafn cung, AB5000 , g\u1ed7 \u0111\u00e0n h\u01b0\u01a1ng v\u00e0ng","breadcrumb":{"@id":"https:\/\/cungtenhanoi.com\/?product=american-bow-ab5000#breadcrumb"},"inLanguage":"vi","potentialAction":[{"@type":"ReadAction","target":["https:\/\/cungtenhanoi.com\/?product=american-bow-ab5000"]}]},{"@type":"BreadcrumbList","@id":"https:\/\/cungtenhanoi.com\/?product=american-bow-ab5000#breadcrumb","itemListElement":[{"@type":"ListItem","position":1,"name":"Trang ch\u1ee7","item":"https:\/\/cungtenhanoi.com\/"},{"@type":"ListItem","position":2,"name":"Shop","item":"https:\/\/cungtenhanoi.com\/?page_id=6"},{"@type":"ListItem","position":3,"name":"Cung","item":"https:\/\/cungtenhanoi.com\/danh-muc\/cung\/"},{"@type":"ListItem","position":4,"name":"American bow &#8211; AB5000"}]},{"@type":"WebSite","@id":"https:\/\/cungtenhanoi.com\/#website","url":"https:\/\/cungtenhanoi.com\/","name":"Cung T\u00ean H\u00e0 N\u1ed9i","description":"Cung c\u1ea5p c\u00e1c lo\u1ea1i cung t\u00ean th\u1ec3 thao s\u1ed1 1 Vi\u1ec7t Nam","publisher":{"@id":"https:\/\/cungtenhanoi.com\/#organization"},"potentialAction":[{"@type":"SearchAction","target":{"@type":"EntryPoint","urlTemplate":"https:\/\/cungtenhanoi.com\/?s={search_term_string}"},"query-input":"required name=search_term_string"}],"inLanguage":"vi"},{"@type":"Organization","@id":"https:\/\/cungtenhanoi.com\/#organization","name":"Cung T\u00ean H\u00e0 N\u1ed9i","url":"https:\/\/cungtenhanoi.com\/","sameAs":[],"logo":{"@type":"ImageObject","inLanguage":"vi","@id":"https:\/\/cungtenhanoi.com\/#\/schema\/logo\/image\/","url":"https:\/\/cungtenhanoi.com\/wp-content\/uploads\/2025\/05\/logo-den-trang.jpg","contentUrl":"https:\/\/cungtenhanoi.com\/wp-content\/uploads\/2025\/05\/logo-den-trang.jpg","width":450,"height":450,"caption":"Cung T\u00ean H\u00e0 N\u1ed9i"},"image":{"@id":"https:\/\/cungtenhanoi.com\/#\/schema\/logo\/image\/"}}]}},"_links":{"self":[{"href":"https:\/\/cungtenhanoi.com\/index.php?rest_route=\/wp\/v2\/product\/2517"}],"collection":[{"href":"https:\/\/cungtenhanoi.com\/index.php?rest_route=\/wp\/v2\/product"}],"about":[{"href":"https:\/\/cungtenhanoi.com\/index.php?rest_route=\/wp\/v2\/types\/product"}],"replies":[{"embeddable":true,"href":"https:\/\/cungtenhanoi.com\/index.php?rest_route=%2Fwp%2Fv2%2Fcomments&post=2517"}],"wp:featuredmedia":[{"embeddable":true,"href":"https:\/\/cungtenhanoi.com\/index.php?rest_route=\/wp\/v2\/media\/2518"}],"wp:attachment":[{"href":"https:\/\/cungtenhanoi.com\/index.php?rest_route=%2Fwp%2Fv2%2Fmedia&parent=2517"}],"wp:term":[{"taxonomy":"product_cat","embeddable":true,"href":"https:\/\/cungtenhanoi.com\/index.php?rest_route=%2Fwp%2Fv2%2Fproduct_cat&post=2517"},{"taxonomy":"product_tag","embeddable":true,"href":"https:\/\/cungtenhanoi.com\/index.php?rest_route=%2Fwp%2Fv2%2Fproduct_tag&post=2517"}],"curies":[{"name":"wp","href":"https:\/\/api.w.org\/{rel}","templated":true}]}}