{"id":2558,"date":"2022-07-10T17:25:00","date_gmt":"2022-07-10T10:25:00","guid":{"rendered":"https:\/\/cungtenhanoi.com\/?post_type=product&#038;p=2558"},"modified":"2025-05-08T16:18:10","modified_gmt":"2025-05-08T09:18:10","slug":"cung-ten-thao-f117","status":"publish","type":"product","link":"https:\/\/cungtenhanoi.com\/?product=cung-ten-thao-f117","title":{"rendered":"Cung t\u00ean th\u1ec3 thao F117"},"content":{"rendered":"<p class=\"\" style=\"text-align: center;\" data-start=\"176\" data-end=\"256\">???? <strong data-start=\"179\" data-end=\"253\">CUNG T\u00caN TH\u1ec2 THAO F177 \u2013 L\u1ef0A CH\u1eccN HO\u00c0N H\u1ea2O CHO GI\u1ea2I TR\u00cd V\u00c0 KHU DU L\u1ecaCH<\/strong> ????<\/p>\n<p class=\"\" style=\"text-align: center;\" data-start=\"258\" data-end=\"384\">B\u1ea1n \u0111ang t\u00ecm ki\u1ebfm m\u1ed9t m\u1eabu cung t\u00ean b\u1ec1n b\u1ec9, d\u1ec5 s\u1eed d\u1ee5ng v\u00e0 an to\u00e0n cho ng\u01b0\u1eddi m\u1edbi ch\u01a1i?<br data-start=\"342\" data-end=\"345\" \/>???? <strong data-start=\"348\" data-end=\"356\">F177<\/strong> ch\u00ednh l\u00e0 l\u1ef1a ch\u1ecdn l\u00fd t\u01b0\u1edfng!<\/p>\n<h3 class=\"\" style=\"text-align: center;\" data-start=\"386\" data-end=\"409\">???? \u01afU \u0110I\u1ec2M N\u1ed4I B\u1eacT:<\/h3>\n<ul style=\"text-align: center;\" data-start=\"410\" data-end=\"823\">\n<li class=\"\" data-start=\"410\" data-end=\"514\">\n<p class=\"\" data-start=\"412\" data-end=\"514\">\u2705 <strong data-start=\"414\" data-end=\"456\">Thi\u1ebft k\u1ebf hi\u1ec7n \u0111\u1ea1i \u2013 thao t\u00e1c \u0111\u01a1n gi\u1ea3n:<\/strong> D\u1ec5 s\u1eed d\u1ee5ng cho c\u1ea3 ng\u01b0\u1eddi l\u1edbn v\u00e0 tr\u1ebb em t\u1eeb 12 tu\u1ed5i tr\u1edf l\u00ean.<\/p>\n<\/li>\n<li class=\"\" data-start=\"515\" data-end=\"631\">\n<p class=\"\" data-start=\"517\" data-end=\"631\">\u2705 <strong data-start=\"519\" data-end=\"541\">Ch\u1ea5t li\u1ec7u si\u00eau b\u1ec1n:<\/strong> C\u00e1nh cung b\u1eb1ng s\u1ee3i t\u1ed5ng h\u1ee3p ch\u1eafc ch\u1eafn, d\u00e2y cung \u0111\u00e0n h\u1ed3i t\u1ed1t, cho tr\u1ea3i nghi\u1ec7m b\u1eafn m\u01b0\u1ee3t m\u00e0.<\/p>\n<\/li>\n<li class=\"\" data-start=\"632\" data-end=\"744\">\n<p class=\"\" data-start=\"634\" data-end=\"744\">\u2705 <strong data-start=\"636\" data-end=\"657\">An to\u00e0n \u2013 b\u1ec1n b\u1ec9:<\/strong> \u0110\u00e1p \u1ee9ng ti\u00eau chu\u1ea9n b\u1eafn gi\u1ea3i tr\u00ed t\u1ea1i khu du l\u1ecbch, ho\u1ea1t \u0111\u1ed9ng team building ho\u1eb7c tr\u1ea1i h\u00e8.<\/p>\n<\/li>\n<li class=\"\" data-start=\"745\" data-end=\"823\">\n<p class=\"\" data-start=\"747\" data-end=\"823\">\u2705 <strong data-start=\"749\" data-end=\"770\">Gi\u00e1 th\u00e0nh h\u1ee3p l\u00fd:<\/strong> Ph\u00f9 h\u1ee3p tri\u1ec3n khai s\u1ed1 l\u01b0\u1ee3ng l\u1edbn cho m\u00f4 h\u00ecnh d\u1ecbch v\u1ee5.<\/p>\n<\/li>\n<\/ul>\n<h3 class=\"\" style=\"text-align: center;\" data-start=\"825\" data-end=\"844\">???? PH\u00d9 H\u1ee2P V\u1edaI:<\/h3>\n<ul style=\"text-align: center;\" data-start=\"845\" data-end=\"983\">\n<li class=\"\" data-start=\"845\" data-end=\"871\">\n<p class=\"\" data-start=\"847\" data-end=\"871\">Khu du l\u1ecbch \u2013 ngh\u1ec9 d\u01b0\u1ee1ng<\/p>\n<\/li>\n<li class=\"\" data-start=\"872\" data-end=\"909\">\n<p class=\"\" data-start=\"874\" data-end=\"909\">Tr\u01b0\u1eddng h\u1ecdc \u2013 trung t\u00e2m k\u1ef9 n\u0103ng s\u1ed1ng<\/p>\n<\/li>\n<li class=\"\" data-start=\"910\" data-end=\"947\">\n<p class=\"\" data-start=\"912\" data-end=\"947\">S\u1ef1 ki\u1ec7n th\u1ec3 thao gi\u1ea3i tr\u00ed, d\u00e3 ngo\u1ea1i<\/p>\n<\/li>\n<li class=\"\" data-start=\"948\" data-end=\"983\">\n<p class=\"\" data-start=\"950\" data-end=\"983\">C\u00e2u l\u1ea1c b\u1ed9 b\u1eafn cung cho ng\u01b0\u1eddi m\u1edbi<\/p>\n<\/li>\n<\/ul>\n<p class=\"\" style=\"text-align: center;\" data-start=\"985\" data-end=\"1064\">???? <strong data-start=\"988\" data-end=\"1011\">Combo tr\u1ecdn g\u00f3i g\u1ed3m:<\/strong><br data-start=\"1011\" data-end=\"1014\" \/>1 cung F177 + 5 m\u0169i t\u00ean t\u1eadp + bia b\u1eafn + b\u1ea3o h\u1ed9 tay<\/p>\n<p class=\"\" style=\"text-align: center;\" data-start=\"1066\" data-end=\"1134\">???? Giao h\u00e0ng to\u00e0n qu\u1ed1c \u2013 H\u1ed7 tr\u1ee3 l\u1eafp \u0111\u1eb7t &amp; h\u01b0\u1edbng d\u1eabn s\u1eed d\u1ee5ng chi ti\u1ebft<\/p>\n<p style=\"text-align: center;\">Chi\u1ec1u d\u00e0i :54inh &#8211;\u00a0 L\u1ef1c b\u1eafn :18\/25lbs<\/p>\n<p><img loading=\"lazy\" class=\"size-medium wp-image-16137 aligncenter\" src=\"https:\/\/cungtenhanoi.com\/wp-content\/uploads\/2022\/07\/z5845121474287_e9bc871bce57f786e9ce1fff1e50331e-253x400.jpg\" alt=\"\" width=\"253\" height=\"400\" srcset=\"https:\/\/cungtenhanoi.com\/wp-content\/uploads\/2022\/07\/z5845121474287_e9bc871bce57f786e9ce1fff1e50331e-253x400.jpg 253w, https:\/\/cungtenhanoi.com\/wp-content\/uploads\/2022\/07\/z5845121474287_e9bc871bce57f786e9ce1fff1e50331e-505x800.jpg 505w, https:\/\/cungtenhanoi.com\/wp-content\/uploads\/2022\/07\/z5845121474287_e9bc871bce57f786e9ce1fff1e50331e-768x1217.jpg 768w, https:\/\/cungtenhanoi.com\/wp-content\/uploads\/2022\/07\/z5845121474287_e9bc871bce57f786e9ce1fff1e50331e-970x1536.jpg 970w, https:\/\/cungtenhanoi.com\/wp-content\/uploads\/2022\/07\/z5845121474287_e9bc871bce57f786e9ce1fff1e50331e-1293x2048.jpg 1293w, https:\/\/cungtenhanoi.com\/wp-content\/uploads\/2022\/07\/z5845121474287_e9bc871bce57f786e9ce1fff1e50331e-600x950.jpg 600w, https:\/\/cungtenhanoi.com\/wp-content\/uploads\/2022\/07\/z5845121474287_e9bc871bce57f786e9ce1fff1e50331e-64x101.jpg 64w, https:\/\/cungtenhanoi.com\/wp-content\/uploads\/2022\/07\/z5845121474287_e9bc871bce57f786e9ce1fff1e50331e.jpg 1616w\" sizes=\"(max-width: 253px) 100vw, 253px\" \/><img loading=\"lazy\" class=\"aligncenter wp-image-2560\" src=\"https:\/\/cungtenhanoi.com\/wp-content\/uploads\/2022\/07\/56-Inches-F117-Recurve-Bow-Left-Hand-Right-Hand-25-Pound-with-Arrows-CS-Game-Bow.jpg\" alt=\"\" width=\"532\" height=\"532\" srcset=\"https:\/\/cungtenhanoi.com\/wp-content\/uploads\/2022\/07\/56-Inches-F117-Recurve-Bow-Left-Hand-Right-Hand-25-Pound-with-Arrows-CS-Game-Bow.jpg 1000w, https:\/\/cungtenhanoi.com\/wp-content\/uploads\/2022\/07\/56-Inches-F117-Recurve-Bow-Left-Hand-Right-Hand-25-Pound-with-Arrows-CS-Game-Bow-300x300.jpg 300w, https:\/\/cungtenhanoi.com\/wp-content\/uploads\/2022\/07\/56-Inches-F117-Recurve-Bow-Left-Hand-Right-Hand-25-Pound-with-Arrows-CS-Game-Bow-100x100.jpg 100w, https:\/\/cungtenhanoi.com\/wp-content\/uploads\/2022\/07\/56-Inches-F117-Recurve-Bow-Left-Hand-Right-Hand-25-Pound-with-Arrows-CS-Game-Bow-600x600.jpg 600w, https:\/\/cungtenhanoi.com\/wp-content\/uploads\/2022\/07\/56-Inches-F117-Recurve-Bow-Left-Hand-Right-Hand-25-Pound-with-Arrows-CS-Game-Bow-64x64.jpg 64w, https:\/\/cungtenhanoi.com\/wp-content\/uploads\/2022\/07\/56-Inches-F117-Recurve-Bow-Left-Hand-Right-Hand-25-Pound-with-Arrows-CS-Game-Bow-150x150.jpg 150w, https:\/\/cungtenhanoi.com\/wp-content\/uploads\/2022\/07\/56-Inches-F117-Recurve-Bow-Left-Hand-Right-Hand-25-Pound-with-Arrows-CS-Game-Bow-768x768.jpg 768w, https:\/\/cungtenhanoi.com\/wp-content\/uploads\/2022\/07\/56-Inches-F117-Recurve-Bow-Left-Hand-Right-Hand-25-Pound-with-Arrows-CS-Game-Bow-180x180.jpg 180w, https:\/\/cungtenhanoi.com\/wp-content\/uploads\/2022\/07\/56-Inches-F117-Recurve-Bow-Left-Hand-Right-Hand-25-Pound-with-Arrows-CS-Game-Bow-45x45.jpg 45w\" sizes=\"(max-width: 532px) 100vw, 532px\" \/> <img loading=\"lazy\" class=\"aligncenter size-full wp-image-2561\" src=\"https:\/\/cungtenhanoi.com\/wp-content\/uploads\/2022\/07\/29454f37dea3a51705440bec20cbe5cb.png\" alt=\"\" width=\"650\" height=\"650\" srcset=\"https:\/\/cungtenhanoi.com\/wp-content\/uploads\/2022\/07\/29454f37dea3a51705440bec20cbe5cb.png 650w, https:\/\/cungtenhanoi.com\/wp-content\/uploads\/2022\/07\/29454f37dea3a51705440bec20cbe5cb-300x300.png 300w, https:\/\/cungtenhanoi.com\/wp-content\/uploads\/2022\/07\/29454f37dea3a51705440bec20cbe5cb-100x100.png 100w, https:\/\/cungtenhanoi.com\/wp-content\/uploads\/2022\/07\/29454f37dea3a51705440bec20cbe5cb-600x600.png 600w, https:\/\/cungtenhanoi.com\/wp-content\/uploads\/2022\/07\/29454f37dea3a51705440bec20cbe5cb-64x64.png 64w, https:\/\/cungtenhanoi.com\/wp-content\/uploads\/2022\/07\/29454f37dea3a51705440bec20cbe5cb-150x150.png 150w, https:\/\/cungtenhanoi.com\/wp-content\/uploads\/2022\/07\/29454f37dea3a51705440bec20cbe5cb-180x180.png 180w, https:\/\/cungtenhanoi.com\/wp-content\/uploads\/2022\/07\/29454f37dea3a51705440bec20cbe5cb-45x45.png 45w\" sizes=\"(max-width: 650px) 100vw, 650px\" \/> <img loading=\"lazy\" class=\"aligncenter size-full wp-image-2562\" src=\"https:\/\/cungtenhanoi.com\/wp-content\/uploads\/2022\/07\/H8010c673d5af48369f55bc671885a2c2T.jpg\" alt=\"\" width=\"800\" height=\"800\" srcset=\"https:\/\/cungtenhanoi.com\/wp-content\/uploads\/2022\/07\/H8010c673d5af48369f55bc671885a2c2T.jpg 800w, https:\/\/cungtenhanoi.com\/wp-content\/uploads\/2022\/07\/H8010c673d5af48369f55bc671885a2c2T-300x300.jpg 300w, https:\/\/cungtenhanoi.com\/wp-content\/uploads\/2022\/07\/H8010c673d5af48369f55bc671885a2c2T-100x100.jpg 100w, https:\/\/cungtenhanoi.com\/wp-content\/uploads\/2022\/07\/H8010c673d5af48369f55bc671885a2c2T-600x600.jpg 600w, https:\/\/cungtenhanoi.com\/wp-content\/uploads\/2022\/07\/H8010c673d5af48369f55bc671885a2c2T-64x64.jpg 64w\" sizes=\"(max-width: 800px) 100vw, 800px\" \/><\/p>\n","protected":false},"excerpt":{"rendered":"<p>Cung + 5 t\u00ean + tab + guarm + bia m\u1ee5c ti\u00eau + nockingpoint + arrow rest<\/p>\n","protected":false},"featured_media":2562,"comment_status":"open","ping_status":"closed","template":"","meta":[],"product_cat":[17],"product_tag":[198,257,264,559],"acf":[],"yoast_head":"<!-- This site is optimized with the Yoast SEO plugin v19.8 - https:\/\/yoast.com\/wordpress\/plugins\/seo\/ -->\n<title>Cung t\u00ean th\u1ec3 thao F117 - Cung T\u00ean H\u00e0 N\u1ed9i<\/title>\n<meta name=\"description\" content=\"Mua cung t\u00ean th\u1ec3 thao, Mua cung t\u00ean t\u1ea1i h\u00e0 n\u1ed9i, Cung tr\u1ee3 l\u1ef1c, Cung compound, Cung t\u00ean ch\u00ednh h\u00e3ng, , Cung t\u00ean h\u00e0 n\u1ed9i, Cung t\u00ean , Mua cung t\u00ean S\u00e0i g\u00f2n , Mua m\u0169i t\u00ean b\u1eafn cung , Cung b\u1eafn bi s\u1eaft , cung t\u00ean mini, Cung truy\u1ec1n th\u1ed1ng, Cung c\u1ed5 \u0111i\u1ec3n, Cung trang tr\u00ed, Cung tr\u01b0ng b\u00e0y, cung t\u00ean m\u1ea1nh, mua ph\u1ee5 ki\u1ec7n b\u1eafn cung,\" \/>\n<meta name=\"robots\" content=\"index, follow, max-snippet:-1, max-image-preview:large, max-video-preview:-1\" \/>\n<link rel=\"canonical\" href=\"https:\/\/cungtenhanoi.com\/?product=cung-ten-thao-f117\" \/>\n<meta property=\"og:locale\" content=\"vi_VN\" \/>\n<meta property=\"og:type\" content=\"article\" \/>\n<meta property=\"og:title\" content=\"Cung t\u00ean th\u1ec3 thao F177\" \/>\n<meta property=\"og:description\" content=\"Mua cung t\u00ean th\u1ec3 thao, Mua cung t\u00ean t\u1ea1i h\u00e0 n\u1ed9i, Cung tr\u1ee3 l\u1ef1c, Cung compound, Cung t\u00ean ch\u00ednh h\u00e3ng, , Cung t\u00ean h\u00e0 n\u1ed9i, Cung t\u00ean , Mua cung t\u00ean S\u00e0i g\u00f2n , Mua m\u0169i t\u00ean b\u1eafn cung , Cung b\u1eafn bi s\u1eaft , cung t\u00ean mini, Cung truy\u1ec1n th\u1ed1ng, Cung c\u1ed5 \u0111i\u1ec3n, Cung trang tr\u00ed, Cung tr\u01b0ng b\u00e0y, cung t\u00ean m\u1ea1nh, mua ph\u1ee5 ki\u1ec7n b\u1eafn cung,\" \/>\n<meta property=\"og:url\" content=\"https:\/\/cungtenhanoi.com\/?product=cung-ten-thao-f117\" \/>\n<meta property=\"og:site_name\" content=\"Cung T\u00ean H\u00e0 N\u1ed9i\" \/>\n<meta property=\"article:modified_time\" content=\"2025-05-08T09:18:10+00:00\" \/>\n<meta property=\"og:image\" content=\"https:\/\/cungtenhanoi.com\/wp-content\/uploads\/2025\/04\/IMG_3755.jpeg\" \/>\n\t<meta property=\"og:image:width\" content=\"960\" \/>\n\t<meta property=\"og:image:height\" content=\"641\" \/>\n\t<meta property=\"og:image:type\" content=\"image\/jpeg\" \/>\n<meta name=\"twitter:card\" content=\"summary_large_image\" \/>\n<meta name=\"twitter:label1\" content=\"\u01af\u1edbc t\u00ednh th\u1eddi gian \u0111\u1ecdc\" \/>\n\t<meta name=\"twitter:data1\" content=\"2 ph\u00fat\" \/>\n<script type=\"application\/ld+json\" class=\"yoast-schema-graph\">{\"@context\":\"https:\/\/schema.org\",\"@graph\":[{\"@type\":\"WebPage\",\"@id\":\"https:\/\/cungtenhanoi.com\/?product=cung-ten-thao-f117\",\"url\":\"https:\/\/cungtenhanoi.com\/?product=cung-ten-thao-f117\",\"name\":\"Cung t\u00ean th\u1ec3 thao F117 - Cung T\u00ean H\u00e0 N\u1ed9i\",\"isPartOf\":{\"@id\":\"https:\/\/cungtenhanoi.com\/#website\"},\"datePublished\":\"2022-07-10T10:25:00+00:00\",\"dateModified\":\"2025-05-08T09:18:10+00:00\",\"description\":\"Mua cung t\u00ean th\u1ec3 thao, Mua cung t\u00ean t\u1ea1i h\u00e0 n\u1ed9i, Cung tr\u1ee3 l\u1ef1c, Cung compound, Cung t\u00ean ch\u00ednh h\u00e3ng, , Cung t\u00ean h\u00e0 n\u1ed9i, Cung t\u00ean , Mua cung t\u00ean S\u00e0i g\u00f2n , Mua m\u0169i t\u00ean b\u1eafn cung , Cung b\u1eafn bi s\u1eaft , cung t\u00ean mini, Cung truy\u1ec1n th\u1ed1ng, Cung c\u1ed5 \u0111i\u1ec3n, Cung trang tr\u00ed, Cung tr\u01b0ng b\u00e0y, cung t\u00ean m\u1ea1nh, mua ph\u1ee5 ki\u1ec7n b\u1eafn cung,\",\"breadcrumb\":{\"@id\":\"https:\/\/cungtenhanoi.com\/?product=cung-ten-thao-f117#breadcrumb\"},\"inLanguage\":\"vi\",\"potentialAction\":[{\"@type\":\"ReadAction\",\"target\":[\"https:\/\/cungtenhanoi.com\/?product=cung-ten-thao-f117\"]}]},{\"@type\":\"BreadcrumbList\",\"@id\":\"https:\/\/cungtenhanoi.com\/?product=cung-ten-thao-f117#breadcrumb\",\"itemListElement\":[{\"@type\":\"ListItem\",\"position\":1,\"name\":\"Trang ch\u1ee7\",\"item\":\"https:\/\/cungtenhanoi.com\/\"},{\"@type\":\"ListItem\",\"position\":2,\"name\":\"Shop\",\"item\":\"https:\/\/cungtenhanoi.com\/?page_id=6\"},{\"@type\":\"ListItem\",\"position\":3,\"name\":\"Cung\",\"item\":\"https:\/\/cungtenhanoi.com\/danh-muc\/cung\/\"},{\"@type\":\"ListItem\",\"position\":4,\"name\":\"Cung t\u00ean th\u1ec3 thao F117\"}]},{\"@type\":\"WebSite\",\"@id\":\"https:\/\/cungtenhanoi.com\/#website\",\"url\":\"https:\/\/cungtenhanoi.com\/\",\"name\":\"Cung T\u00ean H\u00e0 N\u1ed9i\",\"description\":\"Cung c\u1ea5p c\u00e1c lo\u1ea1i cung t\u00ean th\u1ec3 thao s\u1ed1 1 Vi\u1ec7t Nam\",\"publisher\":{\"@id\":\"https:\/\/cungtenhanoi.com\/#organization\"},\"potentialAction\":[{\"@type\":\"SearchAction\",\"target\":{\"@type\":\"EntryPoint\",\"urlTemplate\":\"https:\/\/cungtenhanoi.com\/?s={search_term_string}\"},\"query-input\":\"required name=search_term_string\"}],\"inLanguage\":\"vi\"},{\"@type\":\"Organization\",\"@id\":\"https:\/\/cungtenhanoi.com\/#organization\",\"name\":\"Cung T\u00ean H\u00e0 N\u1ed9i\",\"url\":\"https:\/\/cungtenhanoi.com\/\",\"sameAs\":[],\"logo\":{\"@type\":\"ImageObject\",\"inLanguage\":\"vi\",\"@id\":\"https:\/\/cungtenhanoi.com\/#\/schema\/logo\/image\/\",\"url\":\"https:\/\/cungtenhanoi.com\/wp-content\/uploads\/2025\/05\/logo-den-trang.jpg\",\"contentUrl\":\"https:\/\/cungtenhanoi.com\/wp-content\/uploads\/2025\/05\/logo-den-trang.jpg\",\"width\":450,\"height\":450,\"caption\":\"Cung T\u00ean H\u00e0 N\u1ed9i\"},\"image\":{\"@id\":\"https:\/\/cungtenhanoi.com\/#\/schema\/logo\/image\/\"}}]}<\/script>\n<!-- \/ Yoast SEO plugin. -->","yoast_head_json":{"title":"Cung t\u00ean th\u1ec3 thao F117 - Cung T\u00ean H\u00e0 N\u1ed9i","description":"Mua cung t\u00ean th\u1ec3 thao, Mua cung t\u00ean t\u1ea1i h\u00e0 n\u1ed9i, Cung tr\u1ee3 l\u1ef1c, Cung compound, Cung t\u00ean ch\u00ednh h\u00e3ng, , Cung t\u00ean h\u00e0 n\u1ed9i, Cung t\u00ean , Mua cung t\u00ean S\u00e0i g\u00f2n , Mua m\u0169i t\u00ean b\u1eafn cung , Cung b\u1eafn bi s\u1eaft , cung t\u00ean mini, Cung truy\u1ec1n th\u1ed1ng, Cung c\u1ed5 \u0111i\u1ec3n, Cung trang tr\u00ed, Cung tr\u01b0ng b\u00e0y, cung t\u00ean m\u1ea1nh, mua ph\u1ee5 ki\u1ec7n b\u1eafn cung,","robots":{"index":"index","follow":"follow","max-snippet":"max-snippet:-1","max-image-preview":"max-image-preview:large","max-video-preview":"max-video-preview:-1"},"canonical":"https:\/\/cungtenhanoi.com\/?product=cung-ten-thao-f117","og_locale":"vi_VN","og_type":"article","og_title":"Cung t\u00ean th\u1ec3 thao F177","og_description":"Mua cung t\u00ean th\u1ec3 thao, Mua cung t\u00ean t\u1ea1i h\u00e0 n\u1ed9i, Cung tr\u1ee3 l\u1ef1c, Cung compound, Cung t\u00ean ch\u00ednh h\u00e3ng, , Cung t\u00ean h\u00e0 n\u1ed9i, Cung t\u00ean , Mua cung t\u00ean S\u00e0i g\u00f2n , Mua m\u0169i t\u00ean b\u1eafn cung , Cung b\u1eafn bi s\u1eaft , cung t\u00ean mini, Cung truy\u1ec1n th\u1ed1ng, Cung c\u1ed5 \u0111i\u1ec3n, Cung trang tr\u00ed, Cung tr\u01b0ng b\u00e0y, cung t\u00ean m\u1ea1nh, mua ph\u1ee5 ki\u1ec7n b\u1eafn cung,","og_url":"https:\/\/cungtenhanoi.com\/?product=cung-ten-thao-f117","og_site_name":"Cung T\u00ean H\u00e0 N\u1ed9i","article_modified_time":"2025-05-08T09:18:10+00:00","og_image":[{"width":960,"height":641,"url":"https:\/\/cungtenhanoi.com\/wp-content\/uploads\/2025\/04\/IMG_3755.jpeg","type":"image\/jpeg"}],"twitter_card":"summary_large_image","twitter_misc":{"\u01af\u1edbc t\u00ednh th\u1eddi gian \u0111\u1ecdc":"2 ph\u00fat"},"schema":{"@context":"https:\/\/schema.org","@graph":[{"@type":"WebPage","@id":"https:\/\/cungtenhanoi.com\/?product=cung-ten-thao-f117","url":"https:\/\/cungtenhanoi.com\/?product=cung-ten-thao-f117","name":"Cung t\u00ean th\u1ec3 thao F117 - Cung T\u00ean H\u00e0 N\u1ed9i","isPartOf":{"@id":"https:\/\/cungtenhanoi.com\/#website"},"datePublished":"2022-07-10T10:25:00+00:00","dateModified":"2025-05-08T09:18:10+00:00","description":"Mua cung t\u00ean th\u1ec3 thao, Mua cung t\u00ean t\u1ea1i h\u00e0 n\u1ed9i, Cung tr\u1ee3 l\u1ef1c, Cung compound, Cung t\u00ean ch\u00ednh h\u00e3ng, , Cung t\u00ean h\u00e0 n\u1ed9i, Cung t\u00ean , Mua cung t\u00ean S\u00e0i g\u00f2n , Mua m\u0169i t\u00ean b\u1eafn cung , Cung b\u1eafn bi s\u1eaft , cung t\u00ean mini, Cung truy\u1ec1n th\u1ed1ng, Cung c\u1ed5 \u0111i\u1ec3n, Cung trang tr\u00ed, Cung tr\u01b0ng b\u00e0y, cung t\u00ean m\u1ea1nh, mua ph\u1ee5 ki\u1ec7n b\u1eafn cung,","breadcrumb":{"@id":"https:\/\/cungtenhanoi.com\/?product=cung-ten-thao-f117#breadcrumb"},"inLanguage":"vi","potentialAction":[{"@type":"ReadAction","target":["https:\/\/cungtenhanoi.com\/?product=cung-ten-thao-f117"]}]},{"@type":"BreadcrumbList","@id":"https:\/\/cungtenhanoi.com\/?product=cung-ten-thao-f117#breadcrumb","itemListElement":[{"@type":"ListItem","position":1,"name":"Trang ch\u1ee7","item":"https:\/\/cungtenhanoi.com\/"},{"@type":"ListItem","position":2,"name":"Shop","item":"https:\/\/cungtenhanoi.com\/?page_id=6"},{"@type":"ListItem","position":3,"name":"Cung","item":"https:\/\/cungtenhanoi.com\/danh-muc\/cung\/"},{"@type":"ListItem","position":4,"name":"Cung t\u00ean th\u1ec3 thao F117"}]},{"@type":"WebSite","@id":"https:\/\/cungtenhanoi.com\/#website","url":"https:\/\/cungtenhanoi.com\/","name":"Cung T\u00ean H\u00e0 N\u1ed9i","description":"Cung c\u1ea5p c\u00e1c lo\u1ea1i cung t\u00ean th\u1ec3 thao s\u1ed1 1 Vi\u1ec7t Nam","publisher":{"@id":"https:\/\/cungtenhanoi.com\/#organization"},"potentialAction":[{"@type":"SearchAction","target":{"@type":"EntryPoint","urlTemplate":"https:\/\/cungtenhanoi.com\/?s={search_term_string}"},"query-input":"required name=search_term_string"}],"inLanguage":"vi"},{"@type":"Organization","@id":"https:\/\/cungtenhanoi.com\/#organization","name":"Cung T\u00ean H\u00e0 N\u1ed9i","url":"https:\/\/cungtenhanoi.com\/","sameAs":[],"logo":{"@type":"ImageObject","inLanguage":"vi","@id":"https:\/\/cungtenhanoi.com\/#\/schema\/logo\/image\/","url":"https:\/\/cungtenhanoi.com\/wp-content\/uploads\/2025\/05\/logo-den-trang.jpg","contentUrl":"https:\/\/cungtenhanoi.com\/wp-content\/uploads\/2025\/05\/logo-den-trang.jpg","width":450,"height":450,"caption":"Cung T\u00ean H\u00e0 N\u1ed9i"},"image":{"@id":"https:\/\/cungtenhanoi.com\/#\/schema\/logo\/image\/"}}]}},"_links":{"self":[{"href":"https:\/\/cungtenhanoi.com\/index.php?rest_route=\/wp\/v2\/product\/2558"}],"collection":[{"href":"https:\/\/cungtenhanoi.com\/index.php?rest_route=\/wp\/v2\/product"}],"about":[{"href":"https:\/\/cungtenhanoi.com\/index.php?rest_route=\/wp\/v2\/types\/product"}],"replies":[{"embeddable":true,"href":"https:\/\/cungtenhanoi.com\/index.php?rest_route=%2Fwp%2Fv2%2Fcomments&post=2558"}],"wp:featuredmedia":[{"embeddable":true,"href":"https:\/\/cungtenhanoi.com\/index.php?rest_route=\/wp\/v2\/media\/2562"}],"wp:attachment":[{"href":"https:\/\/cungtenhanoi.com\/index.php?rest_route=%2Fwp%2Fv2%2Fmedia&parent=2558"}],"wp:term":[{"taxonomy":"product_cat","embeddable":true,"href":"https:\/\/cungtenhanoi.com\/index.php?rest_route=%2Fwp%2Fv2%2Fproduct_cat&post=2558"},{"taxonomy":"product_tag","embeddable":true,"href":"https:\/\/cungtenhanoi.com\/index.php?rest_route=%2Fwp%2Fv2%2Fproduct_tag&post=2558"}],"curies":[{"name":"wp","href":"https:\/\/api.w.org\/{rel}","templated":true}]}}