{"id":2590,"date":"2022-08-14T10:02:05","date_gmt":"2022-08-14T03:02:05","guid":{"rendered":"https:\/\/cungtenhanoi.com\/?post_type=product&#038;p=2590"},"modified":"2025-05-08T16:07:17","modified_gmt":"2025-05-08T09:07:17","slug":"tuolong-compound","status":"publish","type":"product","link":"https:\/\/cungtenhanoi.com\/?product=tuolong-compound","title":{"rendered":"Tuolong compound"},"content":{"rendered":"<p style=\"text-align: center;\">L\u1ef1c b\u1eafn: 45-65\/50-70lbs<br \/>\nTr\u1ee3 l\u1ef1c : 80%<\/p>\n<p style=\"text-align: center;\">T\u1ed1c \u0111\u1ed9 b\u1eafn t\u00ean : 320 fps<\/p>\n<p style=\"text-align: center;\">T\u1ed1c \u0111\u1ed9 b\u1eafn bi : 380 fps<\/p>\n<p style=\"text-align: center;\">Chi\u1ec1u cao : 80cm<\/p>\n<p style=\"text-align: center;\">Chi\u1ec1u ngang : 26cm<\/p>\n<p style=\"text-align: center;\">S\u1ea3i k\u00e9o : 25-30inh<\/p>\n<p style=\"text-align: center;\">M\u00e0u \u0111\u1ecf &#8211; \u0111en<\/p>\n<p style=\"text-align: center;\">D\u00f9ng \u0111\u01b0\u1ee3c c\u1ea3 bi s\u1eaft (12mm) v\u00e0 t\u00ean<\/p>\n<p><img loading=\"lazy\" class=\"aligncenter size-full wp-image-2591\" src=\"https:\/\/cungtenhanoi.com\/wp-content\/uploads\/2022\/08\/0AC734B8-A5BC-473F-B911-A527B7238B58.jpeg\" alt=\"\" width=\"898\" height=\"1200\" srcset=\"https:\/\/cungtenhanoi.com\/wp-content\/uploads\/2022\/08\/0AC734B8-A5BC-473F-B911-A527B7238B58.jpeg 898w, https:\/\/cungtenhanoi.com\/wp-content\/uploads\/2022\/08\/0AC734B8-A5BC-473F-B911-A527B7238B58-600x802.jpeg 600w, https:\/\/cungtenhanoi.com\/wp-content\/uploads\/2022\/08\/0AC734B8-A5BC-473F-B911-A527B7238B58-64x86.jpeg 64w\" sizes=\"(max-width: 898px) 100vw, 898px\" \/> <img loading=\"lazy\" class=\"aligncenter size-full wp-image-2592\" src=\"https:\/\/cungtenhanoi.com\/wp-content\/uploads\/2022\/08\/F1185F62-1E85-420F-B7AF-F61DD1357A92.jpeg\" alt=\"\" width=\"898\" height=\"1200\" srcset=\"https:\/\/cungtenhanoi.com\/wp-content\/uploads\/2022\/08\/F1185F62-1E85-420F-B7AF-F61DD1357A92.jpeg 898w, https:\/\/cungtenhanoi.com\/wp-content\/uploads\/2022\/08\/F1185F62-1E85-420F-B7AF-F61DD1357A92-600x802.jpeg 600w, https:\/\/cungtenhanoi.com\/wp-content\/uploads\/2022\/08\/F1185F62-1E85-420F-B7AF-F61DD1357A92-64x86.jpeg 64w\" sizes=\"(max-width: 898px) 100vw, 898px\" \/> <img loading=\"lazy\" class=\"aligncenter size-full wp-image-2593\" src=\"https:\/\/cungtenhanoi.com\/wp-content\/uploads\/2022\/08\/4CAC5892-B125-4806-9010-C3CC58653AB6.jpeg\" alt=\"\" width=\"898\" height=\"1200\" srcset=\"https:\/\/cungtenhanoi.com\/wp-content\/uploads\/2022\/08\/4CAC5892-B125-4806-9010-C3CC58653AB6.jpeg 898w, https:\/\/cungtenhanoi.com\/wp-content\/uploads\/2022\/08\/4CAC5892-B125-4806-9010-C3CC58653AB6-600x802.jpeg 600w, https:\/\/cungtenhanoi.com\/wp-content\/uploads\/2022\/08\/4CAC5892-B125-4806-9010-C3CC58653AB6-64x86.jpeg 64w, https:\/\/cungtenhanoi.com\/wp-content\/uploads\/2022\/08\/4CAC5892-B125-4806-9010-C3CC58653AB6-225x300.jpeg 225w, https:\/\/cungtenhanoi.com\/wp-content\/uploads\/2022\/08\/4CAC5892-B125-4806-9010-C3CC58653AB6-768x1026.jpeg 768w, https:\/\/cungtenhanoi.com\/wp-content\/uploads\/2022\/08\/4CAC5892-B125-4806-9010-C3CC58653AB6-766x1024.jpeg 766w\" sizes=\"(max-width: 898px) 100vw, 898px\" \/> <img loading=\"lazy\" class=\"aligncenter size-full wp-image-2594\" src=\"https:\/\/cungtenhanoi.com\/wp-content\/uploads\/2022\/08\/D67CAA6C-2183-48C8-8AF6-CCE03A955C2D.jpeg\" alt=\"\" width=\"898\" height=\"1200\" srcset=\"https:\/\/cungtenhanoi.com\/wp-content\/uploads\/2022\/08\/D67CAA6C-2183-48C8-8AF6-CCE03A955C2D.jpeg 898w, https:\/\/cungtenhanoi.com\/wp-content\/uploads\/2022\/08\/D67CAA6C-2183-48C8-8AF6-CCE03A955C2D-600x802.jpeg 600w, https:\/\/cungtenhanoi.com\/wp-content\/uploads\/2022\/08\/D67CAA6C-2183-48C8-8AF6-CCE03A955C2D-64x86.jpeg 64w, https:\/\/cungtenhanoi.com\/wp-content\/uploads\/2022\/08\/D67CAA6C-2183-48C8-8AF6-CCE03A955C2D-225x300.jpeg 225w, https:\/\/cungtenhanoi.com\/wp-content\/uploads\/2022\/08\/D67CAA6C-2183-48C8-8AF6-CCE03A955C2D-768x1026.jpeg 768w, https:\/\/cungtenhanoi.com\/wp-content\/uploads\/2022\/08\/D67CAA6C-2183-48C8-8AF6-CCE03A955C2D-766x1024.jpeg 766w\" sizes=\"(max-width: 898px) 100vw, 898px\" \/> <img loading=\"lazy\" class=\"aligncenter size-full wp-image-2595\" src=\"https:\/\/cungtenhanoi.com\/wp-content\/uploads\/2022\/08\/2C66E016-43C3-4CF8-8E74-5F284360051A.jpeg\" alt=\"\" width=\"898\" height=\"1200\" srcset=\"https:\/\/cungtenhanoi.com\/wp-content\/uploads\/2022\/08\/2C66E016-43C3-4CF8-8E74-5F284360051A.jpeg 898w, https:\/\/cungtenhanoi.com\/wp-content\/uploads\/2022\/08\/2C66E016-43C3-4CF8-8E74-5F284360051A-600x802.jpeg 600w, https:\/\/cungtenhanoi.com\/wp-content\/uploads\/2022\/08\/2C66E016-43C3-4CF8-8E74-5F284360051A-64x86.jpeg 64w, https:\/\/cungtenhanoi.com\/wp-content\/uploads\/2022\/08\/2C66E016-43C3-4CF8-8E74-5F284360051A-225x300.jpeg 225w, https:\/\/cungtenhanoi.com\/wp-content\/uploads\/2022\/08\/2C66E016-43C3-4CF8-8E74-5F284360051A-768x1026.jpeg 768w, https:\/\/cungtenhanoi.com\/wp-content\/uploads\/2022\/08\/2C66E016-43C3-4CF8-8E74-5F284360051A-766x1024.jpeg 766w\" sizes=\"(max-width: 898px) 100vw, 898px\" \/><\/p>\n","protected":false},"excerpt":{"rendered":"<p>L\u1ef1c b\u1eafn: 45-65\/50-70lbs Tr\u1ee3 l\u1ef1c : 80% T\u1ed1c \u0111\u1ed9 b\u1eafn t\u00ean : 320 fps T\u1ed1c \u0111\u1ed9 b\u1eafn bi : 380 fps Chi\u1ec1u cao : 80cm Chi\u1ec1u ngang : 26cm S\u1ea3i k\u00e9o : 25-30inh M\u00e0u \u0111\u1ecf &#8211; \u0111en D\u00f9ng \u0111\u01b0\u1ee3c c\u1ea3 bi s\u1eaft (12mm) v\u00e0 t\u00ean<\/p>\n","protected":false},"featured_media":2591,"comment_status":"open","ping_status":"closed","template":"","meta":[],"product_cat":[17],"product_tag":[566,567,34,86,568,570,569],"acf":[],"yoast_head":"<!-- This site is optimized with the Yoast SEO plugin v19.8 - https:\/\/yoast.com\/wordpress\/plugins\/seo\/ -->\n<title>Tuolong compound - Cung T\u00ean H\u00e0 N\u1ed9i<\/title>\n<meta name=\"description\" content=\"Mua cung t\u00ean th\u1ec3 thao, Mua cung t\u00ean t\u1ea1i h\u00e0 n\u1ed9i, Cung tr\u1ee3 l\u1ef1c, Cung compound, Cung t\u00ean ch\u00ednh h\u00e3ng, , Cung t\u00ean h\u00e0 n\u1ed9i, Cung t\u00ean , Mua cung t\u00ean S\u00e0i g\u00f2n , Mua m\u0169i t\u00ean b\u1eafn cung , Cung b\u1eafn bi s\u1eaft , cung t\u00ean mini, Cung truy\u1ec1n th\u1ed1ng, Cung c\u1ed5 \u0111i\u1ec3n, Cung trang tr\u00ed, Cung tr\u01b0ng b\u00e0y, cung t\u00ean m\u1ea1nh, mua ph\u1ee5 ki\u1ec7n b\u1eafn cung, S1\" \/>\n<meta name=\"robots\" content=\"index, follow, max-snippet:-1, max-image-preview:large, max-video-preview:-1\" \/>\n<link rel=\"canonical\" href=\"https:\/\/cungtenhanoi.com\/?product=tuolong-compound\" \/>\n<meta property=\"og:locale\" content=\"vi_VN\" \/>\n<meta property=\"og:type\" content=\"article\" \/>\n<meta property=\"og:title\" content=\"Tuolong compound - Cung T\u00ean H\u00e0 N\u1ed9i\" \/>\n<meta property=\"og:description\" content=\"Mua cung t\u00ean th\u1ec3 thao, Mua cung t\u00ean t\u1ea1i h\u00e0 n\u1ed9i, Cung tr\u1ee3 l\u1ef1c, Cung compound, Cung t\u00ean ch\u00ednh h\u00e3ng, , Cung t\u00ean h\u00e0 n\u1ed9i, Cung t\u00ean , Mua cung t\u00ean S\u00e0i g\u00f2n , Mua m\u0169i t\u00ean b\u1eafn cung , Cung b\u1eafn bi s\u1eaft , cung t\u00ean mini, Cung truy\u1ec1n th\u1ed1ng, Cung c\u1ed5 \u0111i\u1ec3n, Cung trang tr\u00ed, Cung tr\u01b0ng b\u00e0y, cung t\u00ean m\u1ea1nh, mua ph\u1ee5 ki\u1ec7n b\u1eafn cung, S1\" \/>\n<meta property=\"og:url\" content=\"https:\/\/cungtenhanoi.com\/?product=tuolong-compound\" \/>\n<meta property=\"og:site_name\" content=\"Cung T\u00ean H\u00e0 N\u1ed9i\" \/>\n<meta property=\"article:modified_time\" content=\"2025-05-08T09:07:17+00:00\" \/>\n<meta property=\"og:image\" content=\"https:\/\/cungtenhanoi.com\/wp-content\/uploads\/2022\/08\/0AC734B8-A5BC-473F-B911-A527B7238B58.jpeg\" \/>\n\t<meta property=\"og:image:width\" content=\"898\" \/>\n\t<meta property=\"og:image:height\" content=\"1200\" \/>\n\t<meta property=\"og:image:type\" content=\"image\/jpeg\" \/>\n<meta name=\"twitter:card\" content=\"summary_large_image\" \/>\n<meta name=\"twitter:label1\" content=\"\u01af\u1edbc t\u00ednh th\u1eddi gian \u0111\u1ecdc\" \/>\n\t<meta name=\"twitter:data1\" content=\"2 ph\u00fat\" \/>\n<script type=\"application\/ld+json\" class=\"yoast-schema-graph\">{\"@context\":\"https:\/\/schema.org\",\"@graph\":[{\"@type\":\"WebPage\",\"@id\":\"https:\/\/cungtenhanoi.com\/?product=tuolong-compound\",\"url\":\"https:\/\/cungtenhanoi.com\/?product=tuolong-compound\",\"name\":\"Tuolong compound - Cung T\u00ean H\u00e0 N\u1ed9i\",\"isPartOf\":{\"@id\":\"https:\/\/cungtenhanoi.com\/#website\"},\"datePublished\":\"2022-08-14T03:02:05+00:00\",\"dateModified\":\"2025-05-08T09:07:17+00:00\",\"description\":\"Mua cung t\u00ean th\u1ec3 thao, Mua cung t\u00ean t\u1ea1i h\u00e0 n\u1ed9i, Cung tr\u1ee3 l\u1ef1c, Cung compound, Cung t\u00ean ch\u00ednh h\u00e3ng, , Cung t\u00ean h\u00e0 n\u1ed9i, Cung t\u00ean , Mua cung t\u00ean S\u00e0i g\u00f2n , Mua m\u0169i t\u00ean b\u1eafn cung , Cung b\u1eafn bi s\u1eaft , cung t\u00ean mini, Cung truy\u1ec1n th\u1ed1ng, Cung c\u1ed5 \u0111i\u1ec3n, Cung trang tr\u00ed, Cung tr\u01b0ng b\u00e0y, cung t\u00ean m\u1ea1nh, mua ph\u1ee5 ki\u1ec7n b\u1eafn cung, S1\",\"breadcrumb\":{\"@id\":\"https:\/\/cungtenhanoi.com\/?product=tuolong-compound#breadcrumb\"},\"inLanguage\":\"vi\",\"potentialAction\":[{\"@type\":\"ReadAction\",\"target\":[\"https:\/\/cungtenhanoi.com\/?product=tuolong-compound\"]}]},{\"@type\":\"BreadcrumbList\",\"@id\":\"https:\/\/cungtenhanoi.com\/?product=tuolong-compound#breadcrumb\",\"itemListElement\":[{\"@type\":\"ListItem\",\"position\":1,\"name\":\"Trang ch\u1ee7\",\"item\":\"https:\/\/cungtenhanoi.com\/\"},{\"@type\":\"ListItem\",\"position\":2,\"name\":\"Shop\",\"item\":\"https:\/\/cungtenhanoi.com\/?page_id=6\"},{\"@type\":\"ListItem\",\"position\":3,\"name\":\"Cung\",\"item\":\"https:\/\/cungtenhanoi.com\/danh-muc\/cung\/\"},{\"@type\":\"ListItem\",\"position\":4,\"name\":\"Tuolong compound\"}]},{\"@type\":\"WebSite\",\"@id\":\"https:\/\/cungtenhanoi.com\/#website\",\"url\":\"https:\/\/cungtenhanoi.com\/\",\"name\":\"Cung T\u00ean H\u00e0 N\u1ed9i\",\"description\":\"Cung c\u1ea5p c\u00e1c lo\u1ea1i cung t\u00ean th\u1ec3 thao s\u1ed1 1 Vi\u1ec7t Nam\",\"publisher\":{\"@id\":\"https:\/\/cungtenhanoi.com\/#organization\"},\"potentialAction\":[{\"@type\":\"SearchAction\",\"target\":{\"@type\":\"EntryPoint\",\"urlTemplate\":\"https:\/\/cungtenhanoi.com\/?s={search_term_string}\"},\"query-input\":\"required name=search_term_string\"}],\"inLanguage\":\"vi\"},{\"@type\":\"Organization\",\"@id\":\"https:\/\/cungtenhanoi.com\/#organization\",\"name\":\"Cung T\u00ean H\u00e0 N\u1ed9i\",\"url\":\"https:\/\/cungtenhanoi.com\/\",\"sameAs\":[],\"logo\":{\"@type\":\"ImageObject\",\"inLanguage\":\"vi\",\"@id\":\"https:\/\/cungtenhanoi.com\/#\/schema\/logo\/image\/\",\"url\":\"https:\/\/cungtenhanoi.com\/wp-content\/uploads\/2025\/05\/logo-den-trang.jpg\",\"contentUrl\":\"https:\/\/cungtenhanoi.com\/wp-content\/uploads\/2025\/05\/logo-den-trang.jpg\",\"width\":450,\"height\":450,\"caption\":\"Cung T\u00ean H\u00e0 N\u1ed9i\"},\"image\":{\"@id\":\"https:\/\/cungtenhanoi.com\/#\/schema\/logo\/image\/\"}}]}<\/script>\n<!-- \/ Yoast SEO plugin. -->","yoast_head_json":{"title":"Tuolong compound - Cung T\u00ean H\u00e0 N\u1ed9i","description":"Mua cung t\u00ean th\u1ec3 thao, Mua cung t\u00ean t\u1ea1i h\u00e0 n\u1ed9i, Cung tr\u1ee3 l\u1ef1c, Cung compound, Cung t\u00ean ch\u00ednh h\u00e3ng, , Cung t\u00ean h\u00e0 n\u1ed9i, Cung t\u00ean , Mua cung t\u00ean S\u00e0i g\u00f2n , Mua m\u0169i t\u00ean b\u1eafn cung , Cung b\u1eafn bi s\u1eaft , cung t\u00ean mini, Cung truy\u1ec1n th\u1ed1ng, Cung c\u1ed5 \u0111i\u1ec3n, Cung trang tr\u00ed, Cung tr\u01b0ng b\u00e0y, cung t\u00ean m\u1ea1nh, mua ph\u1ee5 ki\u1ec7n b\u1eafn cung, S1","robots":{"index":"index","follow":"follow","max-snippet":"max-snippet:-1","max-image-preview":"max-image-preview:large","max-video-preview":"max-video-preview:-1"},"canonical":"https:\/\/cungtenhanoi.com\/?product=tuolong-compound","og_locale":"vi_VN","og_type":"article","og_title":"Tuolong compound - Cung T\u00ean H\u00e0 N\u1ed9i","og_description":"Mua cung t\u00ean th\u1ec3 thao, Mua cung t\u00ean t\u1ea1i h\u00e0 n\u1ed9i, Cung tr\u1ee3 l\u1ef1c, Cung compound, Cung t\u00ean ch\u00ednh h\u00e3ng, , Cung t\u00ean h\u00e0 n\u1ed9i, Cung t\u00ean , Mua cung t\u00ean S\u00e0i g\u00f2n , Mua m\u0169i t\u00ean b\u1eafn cung , Cung b\u1eafn bi s\u1eaft , cung t\u00ean mini, Cung truy\u1ec1n th\u1ed1ng, Cung c\u1ed5 \u0111i\u1ec3n, Cung trang tr\u00ed, Cung tr\u01b0ng b\u00e0y, cung t\u00ean m\u1ea1nh, mua ph\u1ee5 ki\u1ec7n b\u1eafn cung, S1","og_url":"https:\/\/cungtenhanoi.com\/?product=tuolong-compound","og_site_name":"Cung T\u00ean H\u00e0 N\u1ed9i","article_modified_time":"2025-05-08T09:07:17+00:00","og_image":[{"width":898,"height":1200,"url":"https:\/\/cungtenhanoi.com\/wp-content\/uploads\/2022\/08\/0AC734B8-A5BC-473F-B911-A527B7238B58.jpeg","type":"image\/jpeg"}],"twitter_card":"summary_large_image","twitter_misc":{"\u01af\u1edbc t\u00ednh th\u1eddi gian \u0111\u1ecdc":"2 ph\u00fat"},"schema":{"@context":"https:\/\/schema.org","@graph":[{"@type":"WebPage","@id":"https:\/\/cungtenhanoi.com\/?product=tuolong-compound","url":"https:\/\/cungtenhanoi.com\/?product=tuolong-compound","name":"Tuolong compound - Cung T\u00ean H\u00e0 N\u1ed9i","isPartOf":{"@id":"https:\/\/cungtenhanoi.com\/#website"},"datePublished":"2022-08-14T03:02:05+00:00","dateModified":"2025-05-08T09:07:17+00:00","description":"Mua cung t\u00ean th\u1ec3 thao, Mua cung t\u00ean t\u1ea1i h\u00e0 n\u1ed9i, Cung tr\u1ee3 l\u1ef1c, Cung compound, Cung t\u00ean ch\u00ednh h\u00e3ng, , Cung t\u00ean h\u00e0 n\u1ed9i, Cung t\u00ean , Mua cung t\u00ean S\u00e0i g\u00f2n , Mua m\u0169i t\u00ean b\u1eafn cung , Cung b\u1eafn bi s\u1eaft , cung t\u00ean mini, Cung truy\u1ec1n th\u1ed1ng, Cung c\u1ed5 \u0111i\u1ec3n, Cung trang tr\u00ed, Cung tr\u01b0ng b\u00e0y, cung t\u00ean m\u1ea1nh, mua ph\u1ee5 ki\u1ec7n b\u1eafn cung, S1","breadcrumb":{"@id":"https:\/\/cungtenhanoi.com\/?product=tuolong-compound#breadcrumb"},"inLanguage":"vi","potentialAction":[{"@type":"ReadAction","target":["https:\/\/cungtenhanoi.com\/?product=tuolong-compound"]}]},{"@type":"BreadcrumbList","@id":"https:\/\/cungtenhanoi.com\/?product=tuolong-compound#breadcrumb","itemListElement":[{"@type":"ListItem","position":1,"name":"Trang ch\u1ee7","item":"https:\/\/cungtenhanoi.com\/"},{"@type":"ListItem","position":2,"name":"Shop","item":"https:\/\/cungtenhanoi.com\/?page_id=6"},{"@type":"ListItem","position":3,"name":"Cung","item":"https:\/\/cungtenhanoi.com\/danh-muc\/cung\/"},{"@type":"ListItem","position":4,"name":"Tuolong compound"}]},{"@type":"WebSite","@id":"https:\/\/cungtenhanoi.com\/#website","url":"https:\/\/cungtenhanoi.com\/","name":"Cung T\u00ean H\u00e0 N\u1ed9i","description":"Cung c\u1ea5p c\u00e1c lo\u1ea1i cung t\u00ean th\u1ec3 thao s\u1ed1 1 Vi\u1ec7t Nam","publisher":{"@id":"https:\/\/cungtenhanoi.com\/#organization"},"potentialAction":[{"@type":"SearchAction","target":{"@type":"EntryPoint","urlTemplate":"https:\/\/cungtenhanoi.com\/?s={search_term_string}"},"query-input":"required name=search_term_string"}],"inLanguage":"vi"},{"@type":"Organization","@id":"https:\/\/cungtenhanoi.com\/#organization","name":"Cung T\u00ean H\u00e0 N\u1ed9i","url":"https:\/\/cungtenhanoi.com\/","sameAs":[],"logo":{"@type":"ImageObject","inLanguage":"vi","@id":"https:\/\/cungtenhanoi.com\/#\/schema\/logo\/image\/","url":"https:\/\/cungtenhanoi.com\/wp-content\/uploads\/2025\/05\/logo-den-trang.jpg","contentUrl":"https:\/\/cungtenhanoi.com\/wp-content\/uploads\/2025\/05\/logo-den-trang.jpg","width":450,"height":450,"caption":"Cung T\u00ean H\u00e0 N\u1ed9i"},"image":{"@id":"https:\/\/cungtenhanoi.com\/#\/schema\/logo\/image\/"}}]}},"_links":{"self":[{"href":"https:\/\/cungtenhanoi.com\/index.php?rest_route=\/wp\/v2\/product\/2590"}],"collection":[{"href":"https:\/\/cungtenhanoi.com\/index.php?rest_route=\/wp\/v2\/product"}],"about":[{"href":"https:\/\/cungtenhanoi.com\/index.php?rest_route=\/wp\/v2\/types\/product"}],"replies":[{"embeddable":true,"href":"https:\/\/cungtenhanoi.com\/index.php?rest_route=%2Fwp%2Fv2%2Fcomments&post=2590"}],"wp:featuredmedia":[{"embeddable":true,"href":"https:\/\/cungtenhanoi.com\/index.php?rest_route=\/wp\/v2\/media\/2591"}],"wp:attachment":[{"href":"https:\/\/cungtenhanoi.com\/index.php?rest_route=%2Fwp%2Fv2%2Fmedia&parent=2590"}],"wp:term":[{"taxonomy":"product_cat","embeddable":true,"href":"https:\/\/cungtenhanoi.com\/index.php?rest_route=%2Fwp%2Fv2%2Fproduct_cat&post=2590"},{"taxonomy":"product_tag","embeddable":true,"href":"https:\/\/cungtenhanoi.com\/index.php?rest_route=%2Fwp%2Fv2%2Fproduct_tag&post=2590"}],"curies":[{"name":"wp","href":"https:\/\/api.w.org\/{rel}","templated":true}]}}