{"id":2612,"date":"2022-09-23T12:41:33","date_gmt":"2022-09-23T05:41:33","guid":{"rendered":"https:\/\/cungtenhanoi.com\/?post_type=product&#038;p=2612"},"modified":"2025-05-08T15:56:31","modified_gmt":"2025-05-08T08:56:31","slug":"tab-barebow-decut-barbi","status":"publish","type":"product","link":"https:\/\/cungtenhanoi.com\/?product=tab-barebow-decut-barbi","title":{"rendered":"Tab barebow Decut Barbi"},"content":{"rendered":"<p><img loading=\"lazy\" class=\"aligncenter size-full wp-image-2613\" src=\"https:\/\/cungtenhanoi.com\/wp-content\/uploads\/2022\/09\/385A68B0-C5F5-4521-AE7E-A4DAC430156E.jpeg\" alt=\"\" width=\"800\" height=\"800\" srcset=\"https:\/\/cungtenhanoi.com\/wp-content\/uploads\/2022\/09\/385A68B0-C5F5-4521-AE7E-A4DAC430156E.jpeg 800w, https:\/\/cungtenhanoi.com\/wp-content\/uploads\/2022\/09\/385A68B0-C5F5-4521-AE7E-A4DAC430156E-300x300.jpeg 300w, https:\/\/cungtenhanoi.com\/wp-content\/uploads\/2022\/09\/385A68B0-C5F5-4521-AE7E-A4DAC430156E-100x100.jpeg 100w, https:\/\/cungtenhanoi.com\/wp-content\/uploads\/2022\/09\/385A68B0-C5F5-4521-AE7E-A4DAC430156E-600x600.jpeg 600w, https:\/\/cungtenhanoi.com\/wp-content\/uploads\/2022\/09\/385A68B0-C5F5-4521-AE7E-A4DAC430156E-64x64.jpeg 64w\" sizes=\"(max-width: 800px) 100vw, 800px\" \/> <img loading=\"lazy\" class=\"aligncenter size-full wp-image-2614\" src=\"https:\/\/cungtenhanoi.com\/wp-content\/uploads\/2022\/09\/37808243-E045-4E39-B627-F95730E2895B.jpeg\" alt=\"\" width=\"800\" height=\"800\" srcset=\"https:\/\/cungtenhanoi.com\/wp-content\/uploads\/2022\/09\/37808243-E045-4E39-B627-F95730E2895B.jpeg 800w, https:\/\/cungtenhanoi.com\/wp-content\/uploads\/2022\/09\/37808243-E045-4E39-B627-F95730E2895B-300x300.jpeg 300w, https:\/\/cungtenhanoi.com\/wp-content\/uploads\/2022\/09\/37808243-E045-4E39-B627-F95730E2895B-100x100.jpeg 100w, https:\/\/cungtenhanoi.com\/wp-content\/uploads\/2022\/09\/37808243-E045-4E39-B627-F95730E2895B-600x600.jpeg 600w, https:\/\/cungtenhanoi.com\/wp-content\/uploads\/2022\/09\/37808243-E045-4E39-B627-F95730E2895B-64x64.jpeg 64w, https:\/\/cungtenhanoi.com\/wp-content\/uploads\/2022\/09\/37808243-E045-4E39-B627-F95730E2895B-150x150.jpeg 150w, https:\/\/cungtenhanoi.com\/wp-content\/uploads\/2022\/09\/37808243-E045-4E39-B627-F95730E2895B-768x768.jpeg 768w, https:\/\/cungtenhanoi.com\/wp-content\/uploads\/2022\/09\/37808243-E045-4E39-B627-F95730E2895B-180x180.jpeg 180w, https:\/\/cungtenhanoi.com\/wp-content\/uploads\/2022\/09\/37808243-E045-4E39-B627-F95730E2895B-45x45.jpeg 45w\" sizes=\"(max-width: 800px) 100vw, 800px\" \/> <img loading=\"lazy\" class=\"aligncenter size-full wp-image-2615\" src=\"https:\/\/cungtenhanoi.com\/wp-content\/uploads\/2022\/09\/79416B12-5C07-4586-9D60-385A8DB7A5F0.jpeg\" alt=\"\" width=\"4032\" height=\"3024\" \/> <img loading=\"lazy\" class=\"aligncenter size-full wp-image-2616\" src=\"https:\/\/cungtenhanoi.com\/wp-content\/uploads\/2022\/09\/44443310-453C-4FD3-892D-E9FB784F86D0.jpeg\" alt=\"\" width=\"800\" height=\"800\" srcset=\"https:\/\/cungtenhanoi.com\/wp-content\/uploads\/2022\/09\/44443310-453C-4FD3-892D-E9FB784F86D0.jpeg 800w, https:\/\/cungtenhanoi.com\/wp-content\/uploads\/2022\/09\/44443310-453C-4FD3-892D-E9FB784F86D0-300x300.jpeg 300w, https:\/\/cungtenhanoi.com\/wp-content\/uploads\/2022\/09\/44443310-453C-4FD3-892D-E9FB784F86D0-100x100.jpeg 100w, https:\/\/cungtenhanoi.com\/wp-content\/uploads\/2022\/09\/44443310-453C-4FD3-892D-E9FB784F86D0-600x600.jpeg 600w, https:\/\/cungtenhanoi.com\/wp-content\/uploads\/2022\/09\/44443310-453C-4FD3-892D-E9FB784F86D0-64x64.jpeg 64w, https:\/\/cungtenhanoi.com\/wp-content\/uploads\/2022\/09\/44443310-453C-4FD3-892D-E9FB784F86D0-150x150.jpeg 150w, https:\/\/cungtenhanoi.com\/wp-content\/uploads\/2022\/09\/44443310-453C-4FD3-892D-E9FB784F86D0-768x768.jpeg 768w, https:\/\/cungtenhanoi.com\/wp-content\/uploads\/2022\/09\/44443310-453C-4FD3-892D-E9FB784F86D0-180x180.jpeg 180w, https:\/\/cungtenhanoi.com\/wp-content\/uploads\/2022\/09\/44443310-453C-4FD3-892D-E9FB784F86D0-45x45.jpeg 45w\" sizes=\"(max-width: 800px) 100vw, 800px\" \/> <img loading=\"lazy\" class=\"aligncenter size-full wp-image-2617\" src=\"https:\/\/cungtenhanoi.com\/wp-content\/uploads\/2022\/09\/FC836EA3-914B-416D-8001-415F0B6C8EE8.jpeg\" alt=\"\" width=\"800\" height=\"800\" srcset=\"https:\/\/cungtenhanoi.com\/wp-content\/uploads\/2022\/09\/FC836EA3-914B-416D-8001-415F0B6C8EE8.jpeg 800w, https:\/\/cungtenhanoi.com\/wp-content\/uploads\/2022\/09\/FC836EA3-914B-416D-8001-415F0B6C8EE8-300x300.jpeg 300w, https:\/\/cungtenhanoi.com\/wp-content\/uploads\/2022\/09\/FC836EA3-914B-416D-8001-415F0B6C8EE8-100x100.jpeg 100w, https:\/\/cungtenhanoi.com\/wp-content\/uploads\/2022\/09\/FC836EA3-914B-416D-8001-415F0B6C8EE8-600x600.jpeg 600w, https:\/\/cungtenhanoi.com\/wp-content\/uploads\/2022\/09\/FC836EA3-914B-416D-8001-415F0B6C8EE8-64x64.jpeg 64w\" sizes=\"(max-width: 800px) 100vw, 800px\" \/> <img loading=\"lazy\" class=\"aligncenter size-full wp-image-2618\" src=\"https:\/\/cungtenhanoi.com\/wp-content\/uploads\/2022\/09\/0A657044-0FFA-426B-B89B-A4EED7381DFC.jpeg\" alt=\"\" width=\"800\" height=\"800\" srcset=\"https:\/\/cungtenhanoi.com\/wp-content\/uploads\/2022\/09\/0A657044-0FFA-426B-B89B-A4EED7381DFC.jpeg 800w, https:\/\/cungtenhanoi.com\/wp-content\/uploads\/2022\/09\/0A657044-0FFA-426B-B89B-A4EED7381DFC-300x300.jpeg 300w, https:\/\/cungtenhanoi.com\/wp-content\/uploads\/2022\/09\/0A657044-0FFA-426B-B89B-A4EED7381DFC-100x100.jpeg 100w, https:\/\/cungtenhanoi.com\/wp-content\/uploads\/2022\/09\/0A657044-0FFA-426B-B89B-A4EED7381DFC-600x600.jpeg 600w, https:\/\/cungtenhanoi.com\/wp-content\/uploads\/2022\/09\/0A657044-0FFA-426B-B89B-A4EED7381DFC-64x64.jpeg 64w, https:\/\/cungtenhanoi.com\/wp-content\/uploads\/2022\/09\/0A657044-0FFA-426B-B89B-A4EED7381DFC-150x150.jpeg 150w, https:\/\/cungtenhanoi.com\/wp-content\/uploads\/2022\/09\/0A657044-0FFA-426B-B89B-A4EED7381DFC-768x768.jpeg 768w, https:\/\/cungtenhanoi.com\/wp-content\/uploads\/2022\/09\/0A657044-0FFA-426B-B89B-A4EED7381DFC-180x180.jpeg 180w, https:\/\/cungtenhanoi.com\/wp-content\/uploads\/2022\/09\/0A657044-0FFA-426B-B89B-A4EED7381DFC-45x45.jpeg 45w\" sizes=\"(max-width: 800px) 100vw, 800px\" \/><\/p>\n","protected":false},"excerpt":{"rendered":"","protected":false},"featured_media":2613,"comment_status":"open","ping_status":"closed","template":"","meta":[],"product_cat":[20],"product_tag":[576,575,86,72,425,95],"acf":[],"yoast_head":"<!-- This site is optimized with the Yoast SEO plugin v19.8 - https:\/\/yoast.com\/wordpress\/plugins\/seo\/ -->\n<title>Tab barebow Decut Barbi - Cung T\u00ean H\u00e0 N\u1ed9i<\/title>\n<meta name=\"description\" content=\"mua cung t\u00ean th\u1ec3 thao, mua cung t\u00ean t\u1ea1i h\u00e0 n\u1ed9i, cung tr\u1ee3 l\u1ef1c, cung compound, cung t\u00ean ch\u00ednh h\u00e3ng, cung t\u00ean m\u1ea1nh,cung t\u00ean h\u00e0 n\u1ed9i, cung t\u00ean , mua cung t\u00ean S\u00e0i g\u00f2n , mua m\u0169i t\u00ean b\u1eafn cung , cung b\u1eafn bi s\u1eaft , cung t\u00ean mini, tab b\u1eafn cung ,tab barebow\" \/>\n<meta name=\"robots\" content=\"index, follow, max-snippet:-1, max-image-preview:large, max-video-preview:-1\" \/>\n<link rel=\"canonical\" href=\"https:\/\/cungtenhanoi.com\/?product=tab-barebow-decut-barbi\" \/>\n<meta property=\"og:locale\" content=\"vi_VN\" \/>\n<meta property=\"og:type\" content=\"article\" \/>\n<meta property=\"og:title\" content=\"Tab barebow Decut Barbi - Cung T\u00ean H\u00e0 N\u1ed9i\" \/>\n<meta property=\"og:description\" content=\"mua cung t\u00ean th\u1ec3 thao, mua cung t\u00ean t\u1ea1i h\u00e0 n\u1ed9i, cung tr\u1ee3 l\u1ef1c, cung compound, cung t\u00ean ch\u00ednh h\u00e3ng, cung t\u00ean m\u1ea1nh,cung t\u00ean h\u00e0 n\u1ed9i, cung t\u00ean , mua cung t\u00ean S\u00e0i g\u00f2n , mua m\u0169i t\u00ean b\u1eafn cung , cung b\u1eafn bi s\u1eaft , cung t\u00ean mini, tab b\u1eafn cung ,tab barebow\" \/>\n<meta property=\"og:url\" content=\"https:\/\/cungtenhanoi.com\/?product=tab-barebow-decut-barbi\" \/>\n<meta property=\"og:site_name\" content=\"Cung T\u00ean H\u00e0 N\u1ed9i\" \/>\n<meta property=\"article:modified_time\" content=\"2025-05-08T08:56:31+00:00\" \/>\n<meta property=\"og:image\" content=\"https:\/\/cungtenhanoi.com\/wp-content\/uploads\/2022\/09\/385A68B0-C5F5-4521-AE7E-A4DAC430156E.jpeg\" \/>\n\t<meta property=\"og:image:width\" content=\"800\" \/>\n\t<meta property=\"og:image:height\" content=\"800\" \/>\n\t<meta property=\"og:image:type\" content=\"image\/jpeg\" \/>\n<meta name=\"twitter:card\" content=\"summary_large_image\" \/>\n<meta name=\"twitter:label1\" content=\"\u01af\u1edbc t\u00ednh th\u1eddi gian \u0111\u1ecdc\" \/>\n\t<meta name=\"twitter:data1\" content=\"2 ph\u00fat\" \/>\n<script type=\"application\/ld+json\" class=\"yoast-schema-graph\">{\"@context\":\"https:\/\/schema.org\",\"@graph\":[{\"@type\":\"WebPage\",\"@id\":\"https:\/\/cungtenhanoi.com\/?product=tab-barebow-decut-barbi\",\"url\":\"https:\/\/cungtenhanoi.com\/?product=tab-barebow-decut-barbi\",\"name\":\"Tab barebow Decut Barbi - Cung T\u00ean H\u00e0 N\u1ed9i\",\"isPartOf\":{\"@id\":\"https:\/\/cungtenhanoi.com\/#website\"},\"datePublished\":\"2022-09-23T05:41:33+00:00\",\"dateModified\":\"2025-05-08T08:56:31+00:00\",\"description\":\"mua cung t\u00ean th\u1ec3 thao, mua cung t\u00ean t\u1ea1i h\u00e0 n\u1ed9i, cung tr\u1ee3 l\u1ef1c, cung compound, cung t\u00ean ch\u00ednh h\u00e3ng, cung t\u00ean m\u1ea1nh,cung t\u00ean h\u00e0 n\u1ed9i, cung t\u00ean , mua cung t\u00ean S\u00e0i g\u00f2n , mua m\u0169i t\u00ean b\u1eafn cung , cung b\u1eafn bi s\u1eaft , cung t\u00ean mini, tab b\u1eafn cung ,tab barebow\",\"breadcrumb\":{\"@id\":\"https:\/\/cungtenhanoi.com\/?product=tab-barebow-decut-barbi#breadcrumb\"},\"inLanguage\":\"vi\",\"potentialAction\":[{\"@type\":\"ReadAction\",\"target\":[\"https:\/\/cungtenhanoi.com\/?product=tab-barebow-decut-barbi\"]}]},{\"@type\":\"BreadcrumbList\",\"@id\":\"https:\/\/cungtenhanoi.com\/?product=tab-barebow-decut-barbi#breadcrumb\",\"itemListElement\":[{\"@type\":\"ListItem\",\"position\":1,\"name\":\"Trang ch\u1ee7\",\"item\":\"https:\/\/cungtenhanoi.com\/\"},{\"@type\":\"ListItem\",\"position\":2,\"name\":\"Shop\",\"item\":\"https:\/\/cungtenhanoi.com\/?page_id=6\"},{\"@type\":\"ListItem\",\"position\":3,\"name\":\"Ph\u1ee5 ki\u1ec7n\",\"item\":\"https:\/\/cungtenhanoi.com\/danh-muc\/phu-kien\/\"},{\"@type\":\"ListItem\",\"position\":4,\"name\":\"Tab barebow Decut Barbi\"}]},{\"@type\":\"WebSite\",\"@id\":\"https:\/\/cungtenhanoi.com\/#website\",\"url\":\"https:\/\/cungtenhanoi.com\/\",\"name\":\"Cung T\u00ean H\u00e0 N\u1ed9i\",\"description\":\"Cung c\u1ea5p c\u00e1c lo\u1ea1i cung t\u00ean th\u1ec3 thao s\u1ed1 1 Vi\u1ec7t Nam\",\"publisher\":{\"@id\":\"https:\/\/cungtenhanoi.com\/#organization\"},\"potentialAction\":[{\"@type\":\"SearchAction\",\"target\":{\"@type\":\"EntryPoint\",\"urlTemplate\":\"https:\/\/cungtenhanoi.com\/?s={search_term_string}\"},\"query-input\":\"required name=search_term_string\"}],\"inLanguage\":\"vi\"},{\"@type\":\"Organization\",\"@id\":\"https:\/\/cungtenhanoi.com\/#organization\",\"name\":\"Cung T\u00ean H\u00e0 N\u1ed9i\",\"url\":\"https:\/\/cungtenhanoi.com\/\",\"sameAs\":[],\"logo\":{\"@type\":\"ImageObject\",\"inLanguage\":\"vi\",\"@id\":\"https:\/\/cungtenhanoi.com\/#\/schema\/logo\/image\/\",\"url\":\"https:\/\/cungtenhanoi.com\/wp-content\/uploads\/2025\/05\/logo-den-trang.jpg\",\"contentUrl\":\"https:\/\/cungtenhanoi.com\/wp-content\/uploads\/2025\/05\/logo-den-trang.jpg\",\"width\":450,\"height\":450,\"caption\":\"Cung T\u00ean H\u00e0 N\u1ed9i\"},\"image\":{\"@id\":\"https:\/\/cungtenhanoi.com\/#\/schema\/logo\/image\/\"}}]}<\/script>\n<!-- \/ Yoast SEO plugin. -->","yoast_head_json":{"title":"Tab barebow Decut Barbi - Cung T\u00ean H\u00e0 N\u1ed9i","description":"mua cung t\u00ean th\u1ec3 thao, mua cung t\u00ean t\u1ea1i h\u00e0 n\u1ed9i, cung tr\u1ee3 l\u1ef1c, cung compound, cung t\u00ean ch\u00ednh h\u00e3ng, cung t\u00ean m\u1ea1nh,cung t\u00ean h\u00e0 n\u1ed9i, cung t\u00ean , mua cung t\u00ean S\u00e0i g\u00f2n , mua m\u0169i t\u00ean b\u1eafn cung , cung b\u1eafn bi s\u1eaft , cung t\u00ean mini, tab b\u1eafn cung ,tab barebow","robots":{"index":"index","follow":"follow","max-snippet":"max-snippet:-1","max-image-preview":"max-image-preview:large","max-video-preview":"max-video-preview:-1"},"canonical":"https:\/\/cungtenhanoi.com\/?product=tab-barebow-decut-barbi","og_locale":"vi_VN","og_type":"article","og_title":"Tab barebow Decut Barbi - Cung T\u00ean H\u00e0 N\u1ed9i","og_description":"mua cung t\u00ean th\u1ec3 thao, mua cung t\u00ean t\u1ea1i h\u00e0 n\u1ed9i, cung tr\u1ee3 l\u1ef1c, cung compound, cung t\u00ean ch\u00ednh h\u00e3ng, cung t\u00ean m\u1ea1nh,cung t\u00ean h\u00e0 n\u1ed9i, cung t\u00ean , mua cung t\u00ean S\u00e0i g\u00f2n , mua m\u0169i t\u00ean b\u1eafn cung , cung b\u1eafn bi s\u1eaft , cung t\u00ean mini, tab b\u1eafn cung ,tab barebow","og_url":"https:\/\/cungtenhanoi.com\/?product=tab-barebow-decut-barbi","og_site_name":"Cung T\u00ean H\u00e0 N\u1ed9i","article_modified_time":"2025-05-08T08:56:31+00:00","og_image":[{"width":800,"height":800,"url":"https:\/\/cungtenhanoi.com\/wp-content\/uploads\/2022\/09\/385A68B0-C5F5-4521-AE7E-A4DAC430156E.jpeg","type":"image\/jpeg"}],"twitter_card":"summary_large_image","twitter_misc":{"\u01af\u1edbc t\u00ednh th\u1eddi gian \u0111\u1ecdc":"2 ph\u00fat"},"schema":{"@context":"https:\/\/schema.org","@graph":[{"@type":"WebPage","@id":"https:\/\/cungtenhanoi.com\/?product=tab-barebow-decut-barbi","url":"https:\/\/cungtenhanoi.com\/?product=tab-barebow-decut-barbi","name":"Tab barebow Decut Barbi - Cung T\u00ean H\u00e0 N\u1ed9i","isPartOf":{"@id":"https:\/\/cungtenhanoi.com\/#website"},"datePublished":"2022-09-23T05:41:33+00:00","dateModified":"2025-05-08T08:56:31+00:00","description":"mua cung t\u00ean th\u1ec3 thao, mua cung t\u00ean t\u1ea1i h\u00e0 n\u1ed9i, cung tr\u1ee3 l\u1ef1c, cung compound, cung t\u00ean ch\u00ednh h\u00e3ng, cung t\u00ean m\u1ea1nh,cung t\u00ean h\u00e0 n\u1ed9i, cung t\u00ean , mua cung t\u00ean S\u00e0i g\u00f2n , mua m\u0169i t\u00ean b\u1eafn cung , cung b\u1eafn bi s\u1eaft , cung t\u00ean mini, tab b\u1eafn cung ,tab barebow","breadcrumb":{"@id":"https:\/\/cungtenhanoi.com\/?product=tab-barebow-decut-barbi#breadcrumb"},"inLanguage":"vi","potentialAction":[{"@type":"ReadAction","target":["https:\/\/cungtenhanoi.com\/?product=tab-barebow-decut-barbi"]}]},{"@type":"BreadcrumbList","@id":"https:\/\/cungtenhanoi.com\/?product=tab-barebow-decut-barbi#breadcrumb","itemListElement":[{"@type":"ListItem","position":1,"name":"Trang ch\u1ee7","item":"https:\/\/cungtenhanoi.com\/"},{"@type":"ListItem","position":2,"name":"Shop","item":"https:\/\/cungtenhanoi.com\/?page_id=6"},{"@type":"ListItem","position":3,"name":"Ph\u1ee5 ki\u1ec7n","item":"https:\/\/cungtenhanoi.com\/danh-muc\/phu-kien\/"},{"@type":"ListItem","position":4,"name":"Tab barebow Decut Barbi"}]},{"@type":"WebSite","@id":"https:\/\/cungtenhanoi.com\/#website","url":"https:\/\/cungtenhanoi.com\/","name":"Cung T\u00ean H\u00e0 N\u1ed9i","description":"Cung c\u1ea5p c\u00e1c lo\u1ea1i cung t\u00ean th\u1ec3 thao s\u1ed1 1 Vi\u1ec7t Nam","publisher":{"@id":"https:\/\/cungtenhanoi.com\/#organization"},"potentialAction":[{"@type":"SearchAction","target":{"@type":"EntryPoint","urlTemplate":"https:\/\/cungtenhanoi.com\/?s={search_term_string}"},"query-input":"required name=search_term_string"}],"inLanguage":"vi"},{"@type":"Organization","@id":"https:\/\/cungtenhanoi.com\/#organization","name":"Cung T\u00ean H\u00e0 N\u1ed9i","url":"https:\/\/cungtenhanoi.com\/","sameAs":[],"logo":{"@type":"ImageObject","inLanguage":"vi","@id":"https:\/\/cungtenhanoi.com\/#\/schema\/logo\/image\/","url":"https:\/\/cungtenhanoi.com\/wp-content\/uploads\/2025\/05\/logo-den-trang.jpg","contentUrl":"https:\/\/cungtenhanoi.com\/wp-content\/uploads\/2025\/05\/logo-den-trang.jpg","width":450,"height":450,"caption":"Cung T\u00ean H\u00e0 N\u1ed9i"},"image":{"@id":"https:\/\/cungtenhanoi.com\/#\/schema\/logo\/image\/"}}]}},"_links":{"self":[{"href":"https:\/\/cungtenhanoi.com\/index.php?rest_route=\/wp\/v2\/product\/2612"}],"collection":[{"href":"https:\/\/cungtenhanoi.com\/index.php?rest_route=\/wp\/v2\/product"}],"about":[{"href":"https:\/\/cungtenhanoi.com\/index.php?rest_route=\/wp\/v2\/types\/product"}],"replies":[{"embeddable":true,"href":"https:\/\/cungtenhanoi.com\/index.php?rest_route=%2Fwp%2Fv2%2Fcomments&post=2612"}],"wp:featuredmedia":[{"embeddable":true,"href":"https:\/\/cungtenhanoi.com\/index.php?rest_route=\/wp\/v2\/media\/2613"}],"wp:attachment":[{"href":"https:\/\/cungtenhanoi.com\/index.php?rest_route=%2Fwp%2Fv2%2Fmedia&parent=2612"}],"wp:term":[{"taxonomy":"product_cat","embeddable":true,"href":"https:\/\/cungtenhanoi.com\/index.php?rest_route=%2Fwp%2Fv2%2Fproduct_cat&post=2612"},{"taxonomy":"product_tag","embeddable":true,"href":"https:\/\/cungtenhanoi.com\/index.php?rest_route=%2Fwp%2Fv2%2Fproduct_tag&post=2612"}],"curies":[{"name":"wp","href":"https:\/\/api.w.org\/{rel}","templated":true}]}}