{"id":351,"date":"2019-08-20T15:17:28","date_gmt":"2019-08-20T08:17:28","guid":{"rendered":"http:\/\/cungtenhanoi.com\/?post_type=product&#038;p=351"},"modified":"2025-08-02T19:01:51","modified_gmt":"2025-08-02T12:01:51","slug":"pharos-ii","status":"publish","type":"product","link":"https:\/\/cungtenhanoi.com\/?product=pharos-ii","title":{"rendered":"PHAROS II"},"content":{"rendered":"<p style=\"text-align: center;\">Pharos II b\u1ea3n n\u00e2ng c\u1ea5p c\u1ee7a PharosI<br \/>\nH\u00e0ng cao c\u1ea5p theo ti\u00eau chu\u1ea9n ILF<br \/>\nTh\u00f4ng s\u1ed1\/Specs:\u00a0<span class=\"text_exposed_show\"><br \/>\n&#8211; Tay thu\u1eadn: Ph\u1ea3i ho\u1ea1c Tr\u00e1i<br \/>\n&#8211; Size tay c\u1ea7m: 17&#8243; 19&#8243; &amp; 21&#8243;<br \/>\n&#8211; M\u00e0u s\u1eafc: C\u00e1nh m\u00e0u \u0111en ho\u1eb7c v\u00e2n g\u1ed7<br \/>\nChuy\u00ean d\u1ee5ng cho: 3D, Field, gi\u1ea3i tr\u00ed, s\u0103n, b\u1eafn c\u00e1, tr\u01b0ng b\u00e0y, qu\u00e0 t\u1eb7ng<\/span>, chi\u1ec1u d\u00e0i 143 cm, d\u00e2y cung BCY D97<\/p>\n<p style=\"text-align: center;\">25-30-35-40-45-50-60lbs<br \/>\nRiser \u0111\u01b0\u1ee3c c\u1eaft CNC nguy\u00ean kh\u1ed1i, g\u00f3c c\u1ea1nh, c\u1ea3m gi\u00e1c c\u1ea7m tr\u00ean tay kh\u00e1 n\u1eb7ng \u0111\u1ea7m tay. C\u00e1nh cung theo ki\u1ec3u ILF l\u1eafp r\u00e1p nhanh kh\u00f4ng c\u1ea7n v\u1eb7n \u1ed1c nh\u01b0 c\u00e1c lo\u1ea1i cung ph\u1ed5 th\u00f4ng kh\u00e1c.<\/p>\n<p style=\"text-align: center;\">Cung kh\u00f4ng: 6.500.000 VN\u0110<br \/>\nOption c\u01a1 b\u1ea3n 6.9900.000<\/p>\n<p style=\"text-align: center;\"><strong>Option cao c\u1ea5p: Cung + 12 t\u00ean cacbon fei + tab + guarm + arrow rest +bia m\u1ee5c ti\u00eau + free ship + r\u00fat t\u00ean : 9.800.000 VN\u0110<\/strong><\/p>\n<p style=\"text-align: center;\">Full option Cao c\u1ea5p: 12.490.000 VN\u0110<\/p>\n<p style=\"text-align: center;\"><img loading=\"lazy\" class=\"alignnone wp-image-15967\" src=\"https:\/\/cungtenhanoi.com\/wp-content\/uploads\/2019\/08\/IMG_9614-288x400.jpeg\" alt=\"\" width=\"299\" height=\"415\" srcset=\"https:\/\/cungtenhanoi.com\/wp-content\/uploads\/2019\/08\/IMG_9614-288x400.jpeg 288w, https:\/\/cungtenhanoi.com\/wp-content\/uploads\/2019\/08\/IMG_9614-576x800.jpeg 576w, https:\/\/cungtenhanoi.com\/wp-content\/uploads\/2019\/08\/IMG_9614-768x1067.jpeg 768w, https:\/\/cungtenhanoi.com\/wp-content\/uploads\/2019\/08\/IMG_9614-1106x1536.jpeg 1106w, https:\/\/cungtenhanoi.com\/wp-content\/uploads\/2019\/08\/IMG_9614-1474x2048.jpeg 1474w, https:\/\/cungtenhanoi.com\/wp-content\/uploads\/2019\/08\/IMG_9614-600x834.jpeg 600w, https:\/\/cungtenhanoi.com\/wp-content\/uploads\/2019\/08\/IMG_9614-64x89.jpeg 64w, https:\/\/cungtenhanoi.com\/wp-content\/uploads\/2019\/08\/IMG_9614-scaled.jpeg 1843w\" sizes=\"(max-width: 299px) 100vw, 299px\" \/><br \/>\n<img loading=\"lazy\" class=\"alignnone size-medium wp-image-15969\" src=\"https:\/\/cungtenhanoi.com\/wp-content\/uploads\/2019\/08\/IMG_9611-296x400.jpeg\" alt=\"\" width=\"296\" height=\"400\" srcset=\"https:\/\/cungtenhanoi.com\/wp-content\/uploads\/2019\/08\/IMG_9611-296x400.jpeg 296w, https:\/\/cungtenhanoi.com\/wp-content\/uploads\/2019\/08\/IMG_9611-591x800.jpeg 591w, https:\/\/cungtenhanoi.com\/wp-content\/uploads\/2019\/08\/IMG_9611-768x1040.jpeg 768w, https:\/\/cungtenhanoi.com\/wp-content\/uploads\/2019\/08\/IMG_9611-1135x1536.jpeg 1135w, https:\/\/cungtenhanoi.com\/wp-content\/uploads\/2019\/08\/IMG_9611-1513x2048.jpeg 1513w, https:\/\/cungtenhanoi.com\/wp-content\/uploads\/2019\/08\/IMG_9611-600x812.jpeg 600w, https:\/\/cungtenhanoi.com\/wp-content\/uploads\/2019\/08\/IMG_9611-64x87.jpeg 64w, https:\/\/cungtenhanoi.com\/wp-content\/uploads\/2019\/08\/IMG_9611-scaled.jpeg 1891w\" sizes=\"(max-width: 296px) 100vw, 296px\" \/><\/p>\n<p style=\"text-align: center;\">\u00a0\u00a0<img loading=\"lazy\" class=\"alignnone wp-image-15968\" src=\"https:\/\/cungtenhanoi.com\/wp-content\/uploads\/2019\/08\/IMG_9613-311x400.jpeg\" alt=\"\" width=\"291\" height=\"374\" srcset=\"https:\/\/cungtenhanoi.com\/wp-content\/uploads\/2019\/08\/IMG_9613-311x400.jpeg 311w, https:\/\/cungtenhanoi.com\/wp-content\/uploads\/2019\/08\/IMG_9613-622x800.jpeg 622w, https:\/\/cungtenhanoi.com\/wp-content\/uploads\/2019\/08\/IMG_9613-768x987.jpeg 768w, https:\/\/cungtenhanoi.com\/wp-content\/uploads\/2019\/08\/IMG_9613-1195x1536.jpeg 1195w, https:\/\/cungtenhanoi.com\/wp-content\/uploads\/2019\/08\/IMG_9613-1594x2048.jpeg 1594w, https:\/\/cungtenhanoi.com\/wp-content\/uploads\/2019\/08\/IMG_9613-600x771.jpeg 600w, https:\/\/cungtenhanoi.com\/wp-content\/uploads\/2019\/08\/IMG_9613-64x82.jpeg 64w, https:\/\/cungtenhanoi.com\/wp-content\/uploads\/2019\/08\/IMG_9613-scaled.jpeg 1992w\" sizes=\"(max-width: 291px) 100vw, 291px\" \/><\/p>\n<p style=\"text-align: center;\"><img loading=\"lazy\" class=\"alignnone wp-image-15971\" src=\"https:\/\/cungtenhanoi.com\/wp-content\/uploads\/2019\/08\/IMG_9610-249x400.jpeg\" alt=\"\" width=\"267\" height=\"429\" srcset=\"https:\/\/cungtenhanoi.com\/wp-content\/uploads\/2019\/08\/IMG_9610-249x400.jpeg 249w, https:\/\/cungtenhanoi.com\/wp-content\/uploads\/2019\/08\/IMG_9610-498x800.jpeg 498w, https:\/\/cungtenhanoi.com\/wp-content\/uploads\/2019\/08\/IMG_9610-768x1235.jpeg 768w, https:\/\/cungtenhanoi.com\/wp-content\/uploads\/2019\/08\/IMG_9610-956x1536.jpeg 956w, https:\/\/cungtenhanoi.com\/wp-content\/uploads\/2019\/08\/IMG_9610-1274x2048.jpeg 1274w, https:\/\/cungtenhanoi.com\/wp-content\/uploads\/2019\/08\/IMG_9610-600x965.jpeg 600w, https:\/\/cungtenhanoi.com\/wp-content\/uploads\/2019\/08\/IMG_9610-64x103.jpeg 64w, https:\/\/cungtenhanoi.com\/wp-content\/uploads\/2019\/08\/IMG_9610-scaled.jpeg 1593w\" sizes=\"(max-width: 267px) 100vw, 267px\" \/><\/p>\n<p style=\"text-align: center;\"><img loading=\"lazy\" class=\"aligncenter size-medium wp-image-407\" src=\"http:\/\/cungtenhanoi.com\/wp-content\/uploads\/2019\/08\/64B3993F-9E49-4D3E-B26B-536180EBEADA-300x225.jpeg\" alt=\"\" width=\"300\" height=\"225\" srcset=\"https:\/\/cungtenhanoi.com\/wp-content\/uploads\/2019\/08\/64B3993F-9E49-4D3E-B26B-536180EBEADA-300x225.jpeg 300w, https:\/\/cungtenhanoi.com\/wp-content\/uploads\/2019\/08\/64B3993F-9E49-4D3E-B26B-536180EBEADA-768x576.jpeg 768w, https:\/\/cungtenhanoi.com\/wp-content\/uploads\/2019\/08\/64B3993F-9E49-4D3E-B26B-536180EBEADA-1024x768.jpeg 1024w, https:\/\/cungtenhanoi.com\/wp-content\/uploads\/2019\/08\/64B3993F-9E49-4D3E-B26B-536180EBEADA-480x360.jpeg 480w\" sizes=\"(max-width: 300px) 100vw, 300px\" \/> <img loading=\"lazy\" class=\"aligncenter size-medium wp-image-408\" src=\"http:\/\/cungtenhanoi.com\/wp-content\/uploads\/2019\/08\/BEA0D569-B952-4FED-9F48-C7B56843871F-300x225.jpeg\" alt=\"\" width=\"300\" height=\"225\" srcset=\"https:\/\/cungtenhanoi.com\/wp-content\/uploads\/2019\/08\/BEA0D569-B952-4FED-9F48-C7B56843871F-300x225.jpeg 300w, https:\/\/cungtenhanoi.com\/wp-content\/uploads\/2019\/08\/BEA0D569-B952-4FED-9F48-C7B56843871F-768x576.jpeg 768w, https:\/\/cungtenhanoi.com\/wp-content\/uploads\/2019\/08\/BEA0D569-B952-4FED-9F48-C7B56843871F-1024x768.jpeg 1024w, https:\/\/cungtenhanoi.com\/wp-content\/uploads\/2019\/08\/BEA0D569-B952-4FED-9F48-C7B56843871F-480x360.jpeg 480w\" sizes=\"(max-width: 300px) 100vw, 300px\" \/> <img loading=\"lazy\" class=\"aligncenter size-medium wp-image-409\" src=\"http:\/\/cungtenhanoi.com\/wp-content\/uploads\/2019\/08\/3B7321A7-7C38-4FC0-B9F1-79E1926ABEC4-300x225.jpeg\" alt=\"\" width=\"300\" height=\"225\" srcset=\"https:\/\/cungtenhanoi.com\/wp-content\/uploads\/2019\/08\/3B7321A7-7C38-4FC0-B9F1-79E1926ABEC4-300x225.jpeg 300w, https:\/\/cungtenhanoi.com\/wp-content\/uploads\/2019\/08\/3B7321A7-7C38-4FC0-B9F1-79E1926ABEC4-768x576.jpeg 768w, https:\/\/cungtenhanoi.com\/wp-content\/uploads\/2019\/08\/3B7321A7-7C38-4FC0-B9F1-79E1926ABEC4-1024x768.jpeg 1024w, https:\/\/cungtenhanoi.com\/wp-content\/uploads\/2019\/08\/3B7321A7-7C38-4FC0-B9F1-79E1926ABEC4-480x360.jpeg 480w\" sizes=\"(max-width: 300px) 100vw, 300px\" \/> <img loading=\"lazy\" class=\"aligncenter size-medium wp-image-410\" src=\"http:\/\/cungtenhanoi.com\/wp-content\/uploads\/2019\/08\/4203DDC5-4930-49F2-9982-6C9CD34C0686-300x225.jpeg\" alt=\"\" width=\"300\" height=\"225\" srcset=\"https:\/\/cungtenhanoi.com\/wp-content\/uploads\/2019\/08\/4203DDC5-4930-49F2-9982-6C9CD34C0686-300x225.jpeg 300w, https:\/\/cungtenhanoi.com\/wp-content\/uploads\/2019\/08\/4203DDC5-4930-49F2-9982-6C9CD34C0686-768x576.jpeg 768w, https:\/\/cungtenhanoi.com\/wp-content\/uploads\/2019\/08\/4203DDC5-4930-49F2-9982-6C9CD34C0686-1024x768.jpeg 1024w, https:\/\/cungtenhanoi.com\/wp-content\/uploads\/2019\/08\/4203DDC5-4930-49F2-9982-6C9CD34C0686-480x360.jpeg 480w\" sizes=\"(max-width: 300px) 100vw, 300px\" \/> <img loading=\"lazy\" class=\"aligncenter size-medium wp-image-411\" src=\"http:\/\/cungtenhanoi.com\/wp-content\/uploads\/2019\/08\/508FBAF2-7DAE-40E3-8996-BFD5407E3136-300x225.jpeg\" alt=\"\" width=\"300\" height=\"225\" srcset=\"https:\/\/cungtenhanoi.com\/wp-content\/uploads\/2019\/08\/508FBAF2-7DAE-40E3-8996-BFD5407E3136-300x225.jpeg 300w, https:\/\/cungtenhanoi.com\/wp-content\/uploads\/2019\/08\/508FBAF2-7DAE-40E3-8996-BFD5407E3136-768x576.jpeg 768w, https:\/\/cungtenhanoi.com\/wp-content\/uploads\/2019\/08\/508FBAF2-7DAE-40E3-8996-BFD5407E3136-1024x768.jpeg 1024w, https:\/\/cungtenhanoi.com\/wp-content\/uploads\/2019\/08\/508FBAF2-7DAE-40E3-8996-BFD5407E3136-480x360.jpeg 480w\" sizes=\"(max-width: 300px) 100vw, 300px\" \/> <img loading=\"lazy\" class=\"aligncenter size-medium wp-image-412\" src=\"http:\/\/cungtenhanoi.com\/wp-content\/uploads\/2019\/08\/7EA85758-BDD4-4F0A-A89A-E9ACFF6F7C06-300x225.jpeg\" alt=\"\" width=\"300\" height=\"225\" srcset=\"https:\/\/cungtenhanoi.com\/wp-content\/uploads\/2019\/08\/7EA85758-BDD4-4F0A-A89A-E9ACFF6F7C06-300x225.jpeg 300w, https:\/\/cungtenhanoi.com\/wp-content\/uploads\/2019\/08\/7EA85758-BDD4-4F0A-A89A-E9ACFF6F7C06-768x576.jpeg 768w, https:\/\/cungtenhanoi.com\/wp-content\/uploads\/2019\/08\/7EA85758-BDD4-4F0A-A89A-E9ACFF6F7C06-1024x768.jpeg 1024w, https:\/\/cungtenhanoi.com\/wp-content\/uploads\/2019\/08\/7EA85758-BDD4-4F0A-A89A-E9ACFF6F7C06-480x360.jpeg 480w\" sizes=\"(max-width: 300px) 100vw, 300px\" \/> <img loading=\"lazy\" class=\"aligncenter size-medium wp-image-413\" src=\"http:\/\/cungtenhanoi.com\/wp-content\/uploads\/2019\/08\/FC508459-B424-4302-B39B-B6702863EF86-300x225.jpeg\" alt=\"\" width=\"300\" height=\"225\" srcset=\"https:\/\/cungtenhanoi.com\/wp-content\/uploads\/2019\/08\/FC508459-B424-4302-B39B-B6702863EF86-300x225.jpeg 300w, https:\/\/cungtenhanoi.com\/wp-content\/uploads\/2019\/08\/FC508459-B424-4302-B39B-B6702863EF86-600x450.jpeg 600w, https:\/\/cungtenhanoi.com\/wp-content\/uploads\/2019\/08\/FC508459-B424-4302-B39B-B6702863EF86-64x48.jpeg 64w, https:\/\/cungtenhanoi.com\/wp-content\/uploads\/2019\/08\/FC508459-B424-4302-B39B-B6702863EF86-768x576.jpeg 768w, https:\/\/cungtenhanoi.com\/wp-content\/uploads\/2019\/08\/FC508459-B424-4302-B39B-B6702863EF86-1024x768.jpeg 1024w, https:\/\/cungtenhanoi.com\/wp-content\/uploads\/2019\/08\/FC508459-B424-4302-B39B-B6702863EF86-480x360.jpeg 480w\" sizes=\"(max-width: 300px) 100vw, 300px\" \/><img loading=\"lazy\" class=\"aligncenter size-medium wp-image-352\" src=\"http:\/\/cungtenhanoi.com\/wp-content\/uploads\/2019\/08\/O1CN01Fx3O5f1nb3FnNPJlc_2476335107-300x300.jpg\" alt=\"\" width=\"300\" height=\"300\" srcset=\"https:\/\/cungtenhanoi.com\/wp-content\/uploads\/2019\/08\/O1CN01Fx3O5f1nb3FnNPJlc_2476335107-300x300.jpg 300w, https:\/\/cungtenhanoi.com\/wp-content\/uploads\/2019\/08\/O1CN01Fx3O5f1nb3FnNPJlc_2476335107-100x100.jpg 100w, https:\/\/cungtenhanoi.com\/wp-content\/uploads\/2019\/08\/O1CN01Fx3O5f1nb3FnNPJlc_2476335107-64x64.jpg 64w, https:\/\/cungtenhanoi.com\/wp-content\/uploads\/2019\/08\/O1CN01Fx3O5f1nb3FnNPJlc_2476335107-150x150.jpg 150w, https:\/\/cungtenhanoi.com\/wp-content\/uploads\/2019\/08\/O1CN01Fx3O5f1nb3FnNPJlc_2476335107-180x180.jpg 180w, https:\/\/cungtenhanoi.com\/wp-content\/uploads\/2019\/08\/O1CN01Fx3O5f1nb3FnNPJlc_2476335107-45x45.jpg 45w, https:\/\/cungtenhanoi.com\/wp-content\/uploads\/2019\/08\/O1CN01Fx3O5f1nb3FnNPJlc_2476335107.jpg 350w\" sizes=\"(max-width: 300px) 100vw, 300px\" \/><\/p>\n<p><img loading=\"lazy\" class=\"aligncenter size-medium wp-image-353\" src=\"http:\/\/cungtenhanoi.com\/wp-content\/uploads\/2019\/08\/O1CN01oEu8L51nb3GFrPCeH_2476335107-214x300.jpg\" alt=\"\" width=\"214\" height=\"300\" srcset=\"https:\/\/cungtenhanoi.com\/wp-content\/uploads\/2019\/08\/O1CN01oEu8L51nb3GFrPCeH_2476335107-214x300.jpg 214w, https:\/\/cungtenhanoi.com\/wp-content\/uploads\/2019\/08\/O1CN01oEu8L51nb3GFrPCeH_2476335107-64x90.jpg 64w, https:\/\/cungtenhanoi.com\/wp-content\/uploads\/2019\/08\/O1CN01oEu8L51nb3GFrPCeH_2476335107.jpg 464w\" sizes=\"(max-width: 214px) 100vw, 214px\" \/><\/p>\n<p><img loading=\"lazy\" class=\"aligncenter size-medium wp-image-354\" src=\"http:\/\/cungtenhanoi.com\/wp-content\/uploads\/2019\/08\/TB2aiLzXk.OyuJjSszeXXXY.VXa_2476335107-300x228.jpg\" alt=\"\" width=\"300\" height=\"228\" srcset=\"https:\/\/cungtenhanoi.com\/wp-content\/uploads\/2019\/08\/TB2aiLzXk.OyuJjSszeXXXY.VXa_2476335107-300x228.jpg 300w, https:\/\/cungtenhanoi.com\/wp-content\/uploads\/2019\/08\/TB2aiLzXk.OyuJjSszeXXXY.VXa_2476335107-64x49.jpg 64w, https:\/\/cungtenhanoi.com\/wp-content\/uploads\/2019\/08\/TB2aiLzXk.OyuJjSszeXXXY.VXa_2476335107.jpg 500w\" sizes=\"(max-width: 300px) 100vw, 300px\" \/><\/p>\n<p><img loading=\"lazy\" class=\"aligncenter size-medium wp-image-355\" src=\"http:\/\/cungtenhanoi.com\/wp-content\/uploads\/2019\/08\/TB2exK.tSBjpuFjy1XdXXaooVXa_2476335107-200x300.jpg\" alt=\"\" width=\"200\" height=\"300\" \/><\/p>\n<p style=\"text-align: center;\"><img loading=\"lazy\" class=\"aligncenter size-medium wp-image-356\" src=\"http:\/\/cungtenhanoi.com\/wp-content\/uploads\/2019\/08\/TB2qRAttS0jpuFjy0FlXXc0bpXa_2476335107-300x300.jpg\" alt=\"\" width=\"300\" height=\"300\" srcset=\"https:\/\/cungtenhanoi.com\/wp-content\/uploads\/2019\/08\/TB2qRAttS0jpuFjy0FlXXc0bpXa_2476335107-300x300.jpg 300w, https:\/\/cungtenhanoi.com\/wp-content\/uploads\/2019\/08\/TB2qRAttS0jpuFjy0FlXXc0bpXa_2476335107-100x100.jpg 100w, https:\/\/cungtenhanoi.com\/wp-content\/uploads\/2019\/08\/TB2qRAttS0jpuFjy0FlXXc0bpXa_2476335107-64x64.jpg 64w, https:\/\/cungtenhanoi.com\/wp-content\/uploads\/2019\/08\/TB2qRAttS0jpuFjy0FlXXc0bpXa_2476335107-150x150.jpg 150w, https:\/\/cungtenhanoi.com\/wp-content\/uploads\/2019\/08\/TB2qRAttS0jpuFjy0FlXXc0bpXa_2476335107-180x180.jpg 180w, https:\/\/cungtenhanoi.com\/wp-content\/uploads\/2019\/08\/TB2qRAttS0jpuFjy0FlXXc0bpXa_2476335107-45x45.jpg 45w, https:\/\/cungtenhanoi.com\/wp-content\/uploads\/2019\/08\/TB2qRAttS0jpuFjy0FlXXc0bpXa_2476335107.jpg 500w\" sizes=\"(max-width: 300px) 100vw, 300px\" \/> <img loading=\"lazy\" class=\"aligncenter size-medium wp-image-357\" src=\"http:\/\/cungtenhanoi.com\/wp-content\/uploads\/2019\/08\/TB2TTD7f50TMKJjSZFNXXa_1FXa_2476335107-300x194.jpg\" alt=\"\" width=\"300\" height=\"194\" \/><\/p>\n","protected":false},"excerpt":{"rendered":"<ul>\n<li>Cung<\/li>\n<li>T\u00ean cacbon van l\u00f4ng v\u0169<\/li>\n<li>Tab<\/li>\n<li>Guarm<\/li>\n<li>T\u00fai \u0111\u1ef1ng t\u00ean<\/li>\n<li>H\u1ed9p \u0111\u1ef1ng cung ch\u1ed1ng s\u1ed1c cao c\u1ea5p<\/li>\n<li>Ch\u1ed1ng rung<\/li>\n<li>S\u00e1p b\u00f4i d\u00e2y<\/li>\n<li>L\u00ean d\u00e2y cung<br \/>\nCh\u00e2n cung<\/li>\n<li>=&gt; Full option<\/li>\n<\/ul>\n","protected":false},"featured_media":15967,"comment_status":"open","ping_status":"closed","template":"","meta":[],"product_cat":[39,17],"product_tag":[198,86,257,264,317,61,51],"acf":[],"yoast_head":"<!-- This site is optimized with the Yoast SEO plugin v19.8 - https:\/\/yoast.com\/wordpress\/plugins\/seo\/ -->\n<title>PHAROS II - Cung T\u00ean H\u00e0 N\u1ed9i<\/title>\n<meta name=\"description\" content=\"Pharos 2\" \/>\n<meta name=\"robots\" content=\"index, follow, max-snippet:-1, max-image-preview:large, max-video-preview:-1\" \/>\n<link rel=\"canonical\" href=\"https:\/\/cungtenhanoi.com\/?product=pharos-ii\" \/>\n<meta property=\"og:locale\" content=\"vi_VN\" \/>\n<meta property=\"og:type\" content=\"article\" \/>\n<meta property=\"og:title\" content=\"PHAROS II - Cung T\u00ean H\u00e0 N\u1ed9i\" \/>\n<meta property=\"og:description\" content=\"Pharos 2\" \/>\n<meta property=\"og:url\" content=\"https:\/\/cungtenhanoi.com\/?product=pharos-ii\" \/>\n<meta property=\"og:site_name\" content=\"Cung T\u00ean H\u00e0 N\u1ed9i\" \/>\n<meta property=\"article:modified_time\" content=\"2025-08-02T12:01:51+00:00\" \/>\n<meta property=\"og:image\" content=\"https:\/\/cungtenhanoi.com\/wp-content\/uploads\/2019\/08\/IMG_9614-scaled.jpeg\" \/>\n\t<meta property=\"og:image:width\" content=\"1843\" \/>\n\t<meta property=\"og:image:height\" content=\"2560\" \/>\n\t<meta property=\"og:image:type\" content=\"image\/jpeg\" \/>\n<meta name=\"twitter:card\" content=\"summary_large_image\" \/>\n<meta name=\"twitter:label1\" content=\"\u01af\u1edbc t\u00ednh th\u1eddi gian \u0111\u1ecdc\" \/>\n\t<meta name=\"twitter:data1\" content=\"5 ph\u00fat\" \/>\n<script type=\"application\/ld+json\" class=\"yoast-schema-graph\">{\"@context\":\"https:\/\/schema.org\",\"@graph\":[{\"@type\":\"WebPage\",\"@id\":\"https:\/\/cungtenhanoi.com\/?product=pharos-ii\",\"url\":\"https:\/\/cungtenhanoi.com\/?product=pharos-ii\",\"name\":\"PHAROS II - Cung T\u00ean H\u00e0 N\u1ed9i\",\"isPartOf\":{\"@id\":\"https:\/\/cungtenhanoi.com\/#website\"},\"datePublished\":\"2019-08-20T08:17:28+00:00\",\"dateModified\":\"2025-08-02T12:01:51+00:00\",\"description\":\"Pharos 2\",\"breadcrumb\":{\"@id\":\"https:\/\/cungtenhanoi.com\/?product=pharos-ii#breadcrumb\"},\"inLanguage\":\"vi\",\"potentialAction\":[{\"@type\":\"ReadAction\",\"target\":[\"https:\/\/cungtenhanoi.com\/?product=pharos-ii\"]}]},{\"@type\":\"BreadcrumbList\",\"@id\":\"https:\/\/cungtenhanoi.com\/?product=pharos-ii#breadcrumb\",\"itemListElement\":[{\"@type\":\"ListItem\",\"position\":1,\"name\":\"Trang ch\u1ee7\",\"item\":\"https:\/\/cungtenhanoi.com\/\"},{\"@type\":\"ListItem\",\"position\":2,\"name\":\"Shop\",\"item\":\"https:\/\/cungtenhanoi.com\/?page_id=6\"},{\"@type\":\"ListItem\",\"position\":3,\"name\":\"Cung\",\"item\":\"https:\/\/cungtenhanoi.com\/danh-muc\/cung\/\"},{\"@type\":\"ListItem\",\"position\":4,\"name\":\"PHAROS II\"}]},{\"@type\":\"WebSite\",\"@id\":\"https:\/\/cungtenhanoi.com\/#website\",\"url\":\"https:\/\/cungtenhanoi.com\/\",\"name\":\"Cung T\u00ean H\u00e0 N\u1ed9i\",\"description\":\"Cung c\u1ea5p c\u00e1c lo\u1ea1i cung t\u00ean th\u1ec3 thao s\u1ed1 1 Vi\u1ec7t Nam\",\"publisher\":{\"@id\":\"https:\/\/cungtenhanoi.com\/#organization\"},\"potentialAction\":[{\"@type\":\"SearchAction\",\"target\":{\"@type\":\"EntryPoint\",\"urlTemplate\":\"https:\/\/cungtenhanoi.com\/?s={search_term_string}\"},\"query-input\":\"required name=search_term_string\"}],\"inLanguage\":\"vi\"},{\"@type\":\"Organization\",\"@id\":\"https:\/\/cungtenhanoi.com\/#organization\",\"name\":\"Cung T\u00ean H\u00e0 N\u1ed9i\",\"url\":\"https:\/\/cungtenhanoi.com\/\",\"sameAs\":[],\"logo\":{\"@type\":\"ImageObject\",\"inLanguage\":\"vi\",\"@id\":\"https:\/\/cungtenhanoi.com\/#\/schema\/logo\/image\/\",\"url\":\"https:\/\/cungtenhanoi.com\/wp-content\/uploads\/2025\/05\/logo-den-trang.jpg\",\"contentUrl\":\"https:\/\/cungtenhanoi.com\/wp-content\/uploads\/2025\/05\/logo-den-trang.jpg\",\"width\":450,\"height\":450,\"caption\":\"Cung T\u00ean H\u00e0 N\u1ed9i\"},\"image\":{\"@id\":\"https:\/\/cungtenhanoi.com\/#\/schema\/logo\/image\/\"}}]}<\/script>\n<!-- \/ Yoast SEO plugin. -->","yoast_head_json":{"title":"PHAROS II - Cung T\u00ean H\u00e0 N\u1ed9i","description":"Pharos 2","robots":{"index":"index","follow":"follow","max-snippet":"max-snippet:-1","max-image-preview":"max-image-preview:large","max-video-preview":"max-video-preview:-1"},"canonical":"https:\/\/cungtenhanoi.com\/?product=pharos-ii","og_locale":"vi_VN","og_type":"article","og_title":"PHAROS II - Cung T\u00ean H\u00e0 N\u1ed9i","og_description":"Pharos 2","og_url":"https:\/\/cungtenhanoi.com\/?product=pharos-ii","og_site_name":"Cung T\u00ean H\u00e0 N\u1ed9i","article_modified_time":"2025-08-02T12:01:51+00:00","og_image":[{"width":1843,"height":2560,"url":"https:\/\/cungtenhanoi.com\/wp-content\/uploads\/2019\/08\/IMG_9614-scaled.jpeg","type":"image\/jpeg"}],"twitter_card":"summary_large_image","twitter_misc":{"\u01af\u1edbc t\u00ednh th\u1eddi gian \u0111\u1ecdc":"5 ph\u00fat"},"schema":{"@context":"https:\/\/schema.org","@graph":[{"@type":"WebPage","@id":"https:\/\/cungtenhanoi.com\/?product=pharos-ii","url":"https:\/\/cungtenhanoi.com\/?product=pharos-ii","name":"PHAROS II - Cung T\u00ean H\u00e0 N\u1ed9i","isPartOf":{"@id":"https:\/\/cungtenhanoi.com\/#website"},"datePublished":"2019-08-20T08:17:28+00:00","dateModified":"2025-08-02T12:01:51+00:00","description":"Pharos 2","breadcrumb":{"@id":"https:\/\/cungtenhanoi.com\/?product=pharos-ii#breadcrumb"},"inLanguage":"vi","potentialAction":[{"@type":"ReadAction","target":["https:\/\/cungtenhanoi.com\/?product=pharos-ii"]}]},{"@type":"BreadcrumbList","@id":"https:\/\/cungtenhanoi.com\/?product=pharos-ii#breadcrumb","itemListElement":[{"@type":"ListItem","position":1,"name":"Trang ch\u1ee7","item":"https:\/\/cungtenhanoi.com\/"},{"@type":"ListItem","position":2,"name":"Shop","item":"https:\/\/cungtenhanoi.com\/?page_id=6"},{"@type":"ListItem","position":3,"name":"Cung","item":"https:\/\/cungtenhanoi.com\/danh-muc\/cung\/"},{"@type":"ListItem","position":4,"name":"PHAROS II"}]},{"@type":"WebSite","@id":"https:\/\/cungtenhanoi.com\/#website","url":"https:\/\/cungtenhanoi.com\/","name":"Cung T\u00ean H\u00e0 N\u1ed9i","description":"Cung c\u1ea5p c\u00e1c lo\u1ea1i cung t\u00ean th\u1ec3 thao s\u1ed1 1 Vi\u1ec7t Nam","publisher":{"@id":"https:\/\/cungtenhanoi.com\/#organization"},"potentialAction":[{"@type":"SearchAction","target":{"@type":"EntryPoint","urlTemplate":"https:\/\/cungtenhanoi.com\/?s={search_term_string}"},"query-input":"required name=search_term_string"}],"inLanguage":"vi"},{"@type":"Organization","@id":"https:\/\/cungtenhanoi.com\/#organization","name":"Cung T\u00ean H\u00e0 N\u1ed9i","url":"https:\/\/cungtenhanoi.com\/","sameAs":[],"logo":{"@type":"ImageObject","inLanguage":"vi","@id":"https:\/\/cungtenhanoi.com\/#\/schema\/logo\/image\/","url":"https:\/\/cungtenhanoi.com\/wp-content\/uploads\/2025\/05\/logo-den-trang.jpg","contentUrl":"https:\/\/cungtenhanoi.com\/wp-content\/uploads\/2025\/05\/logo-den-trang.jpg","width":450,"height":450,"caption":"Cung T\u00ean H\u00e0 N\u1ed9i"},"image":{"@id":"https:\/\/cungtenhanoi.com\/#\/schema\/logo\/image\/"}}]}},"_links":{"self":[{"href":"https:\/\/cungtenhanoi.com\/index.php?rest_route=\/wp\/v2\/product\/351"}],"collection":[{"href":"https:\/\/cungtenhanoi.com\/index.php?rest_route=\/wp\/v2\/product"}],"about":[{"href":"https:\/\/cungtenhanoi.com\/index.php?rest_route=\/wp\/v2\/types\/product"}],"replies":[{"embeddable":true,"href":"https:\/\/cungtenhanoi.com\/index.php?rest_route=%2Fwp%2Fv2%2Fcomments&post=351"}],"wp:featuredmedia":[{"embeddable":true,"href":"https:\/\/cungtenhanoi.com\/index.php?rest_route=\/wp\/v2\/media\/15967"}],"wp:attachment":[{"href":"https:\/\/cungtenhanoi.com\/index.php?rest_route=%2Fwp%2Fv2%2Fmedia&parent=351"}],"wp:term":[{"taxonomy":"product_cat","embeddable":true,"href":"https:\/\/cungtenhanoi.com\/index.php?rest_route=%2Fwp%2Fv2%2Fproduct_cat&post=351"},{"taxonomy":"product_tag","embeddable":true,"href":"https:\/\/cungtenhanoi.com\/index.php?rest_route=%2Fwp%2Fv2%2Fproduct_tag&post=351"}],"curies":[{"name":"wp","href":"https:\/\/api.w.org\/{rel}","templated":true}]}}