{"id":361,"date":"2019-08-20T16:41:59","date_gmt":"2019-08-20T09:41:59","guid":{"rendered":"http:\/\/cungtenhanoi.com\/?post_type=product&#038;p=361"},"modified":"2021-04-04T16:41:01","modified_gmt":"2021-04-04T09:41:01","slug":"cung-tho-tt2000","status":"publish","type":"product","link":"https:\/\/cungtenhanoi.com\/?product=cung-tho-tt2000","title":{"rendered":"Cung Th\u1ed5 TT2000"},"content":{"rendered":"<p><img loading=\"lazy\" class=\"aligncenter size-medium wp-image-362\" src=\"http:\/\/cungtenhanoi.com\/wp-content\/uploads\/2019\/08\/Photo-00-05-30-08-07-2018-300x203.jpg\" alt=\"\" width=\"300\" height=\"203\" \/><\/p>\n<p style=\"text-align: center;\">Cung S\u1eebng Octtoman \u0111\u01b0\u1ee3c ph\u1ee5c ch\u1ebf v\u1edbi c\u00e1c ngh\u1ec7 nh\u00e2n ng\u01b0\u1eddi Th\u1ed5, v\u1edbi vi\u1ec7c s\u1eed d\u1ee5ng cung t\u00ean \u0111\u00e3 l\u00e0m cho \u0111\u1ebf ch\u1ebf Octtoman gieo n\u1ed7i khi\u1ebfp s\u1ee3 cho c\u00e1c d\u00e2n t\u1ed9c m\u00e0 ng\u01b0\u1eddi Octtoman \u0111\u1eb7t ch\u00e2n \u0111\u1ebfn. V\u1edbi ch\u1ea5t li\u1ec7u s\u1eebng n\u00ean t\u1ea1o ra hi\u1ec7u qu\u1ea3 t\u1ed1i \u01b0u cho vi\u1ec7c \u0111\u00e0n h\u1ed3i l\u00e0m cho l\u1ef1c b\u1eafn m\u1ea1nh v\u00e0 t\u1ea7m xa tuy\u1ec7t \u0111\u1ed1i.<img loading=\"lazy\" class=\"aligncenter size-medium wp-image-367\" src=\"http:\/\/cungtenhanoi.com\/wp-content\/uploads\/2019\/08\/Photo-00-05-54-08-07-2018-300x225.jpg\" alt=\"\" width=\"300\" height=\"225\" srcset=\"https:\/\/cungtenhanoi.com\/wp-content\/uploads\/2019\/08\/Photo-00-05-54-08-07-2018-300x225.jpg 300w, https:\/\/cungtenhanoi.com\/wp-content\/uploads\/2019\/08\/Photo-00-05-54-08-07-2018-600x450.jpg 600w, https:\/\/cungtenhanoi.com\/wp-content\/uploads\/2019\/08\/Photo-00-05-54-08-07-2018-64x48.jpg 64w, https:\/\/cungtenhanoi.com\/wp-content\/uploads\/2019\/08\/Photo-00-05-54-08-07-2018-480x360.jpg 480w, https:\/\/cungtenhanoi.com\/wp-content\/uploads\/2019\/08\/Photo-00-05-54-08-07-2018.jpg 620w\" sizes=\"(max-width: 300px) 100vw, 300px\" \/><\/p>\n<p style=\"text-align: center;\">Ch\u1ea5t li\u1ec7u: Composite, s\u1eebng<\/p>\n<p style=\"text-align: center;\">L\u1ef1c b\u1eafn 30-60lbs<img loading=\"lazy\" class=\"aligncenter size-medium wp-image-363\" src=\"http:\/\/cungtenhanoi.com\/wp-content\/uploads\/2019\/08\/Photo-00-05-21-08-07-2018-300x225.jpg\" alt=\"\" width=\"300\" height=\"225\" srcset=\"https:\/\/cungtenhanoi.com\/wp-content\/uploads\/2019\/08\/Photo-00-05-21-08-07-2018-300x225.jpg 300w, https:\/\/cungtenhanoi.com\/wp-content\/uploads\/2019\/08\/Photo-00-05-21-08-07-2018-600x450.jpg 600w, https:\/\/cungtenhanoi.com\/wp-content\/uploads\/2019\/08\/Photo-00-05-21-08-07-2018-64x48.jpg 64w, https:\/\/cungtenhanoi.com\/wp-content\/uploads\/2019\/08\/Photo-00-05-21-08-07-2018-768x576.jpg 768w, https:\/\/cungtenhanoi.com\/wp-content\/uploads\/2019\/08\/Photo-00-05-21-08-07-2018-480x360.jpg 480w, https:\/\/cungtenhanoi.com\/wp-content\/uploads\/2019\/08\/Photo-00-05-21-08-07-2018.jpg 850w\" sizes=\"(max-width: 300px) 100vw, 300px\" \/><img loading=\"lazy\" class=\"aligncenter size-medium wp-image-365\" src=\"http:\/\/cungtenhanoi.com\/wp-content\/uploads\/2019\/08\/Photo-00-05-28-08-07-2018-300x225.jpg\" alt=\"\" width=\"300\" height=\"225\" srcset=\"https:\/\/cungtenhanoi.com\/wp-content\/uploads\/2019\/08\/Photo-00-05-28-08-07-2018-300x225.jpg 300w, https:\/\/cungtenhanoi.com\/wp-content\/uploads\/2019\/08\/Photo-00-05-28-08-07-2018-600x450.jpg 600w, https:\/\/cungtenhanoi.com\/wp-content\/uploads\/2019\/08\/Photo-00-05-28-08-07-2018-64x48.jpg 64w, https:\/\/cungtenhanoi.com\/wp-content\/uploads\/2019\/08\/Photo-00-05-28-08-07-2018-768x576.jpg 768w, https:\/\/cungtenhanoi.com\/wp-content\/uploads\/2019\/08\/Photo-00-05-28-08-07-2018-480x360.jpg 480w, https:\/\/cungtenhanoi.com\/wp-content\/uploads\/2019\/08\/Photo-00-05-28-08-07-2018.jpg 850w\" sizes=\"(max-width: 300px) 100vw, 300px\" \/><\/p>\n","protected":false},"excerpt":{"rendered":"<p>Qu\u00e0 T\u0103ng<\/p>\n<ul>\n<li>10 t\u00ean cacbon<\/li>\n<li>Tab<\/li>\n<li>Guarm<\/li>\n<li>Bia m\u1ee5c ti\u00eau<\/li>\n<li>Free ship to\u00e0n qu\u1ed1c<\/li>\n<\/ul>\n","protected":false},"featured_media":362,"comment_status":"open","ping_status":"closed","template":"","meta":[],"product_cat":[17],"product_tag":[198,86,257,53,52,54],"acf":[],"yoast_head":"<!-- This site is optimized with the Yoast SEO plugin v19.8 - https:\/\/yoast.com\/wordpress\/plugins\/seo\/ -->\n<title>Cung Th\u1ed5 TT2000 - Cung T\u00ean H\u00e0 N\u1ed9i<\/title>\n<meta name=\"description\" content=\"mua cung t\u00ean th\u1ec3 thao, mua cung t\u00ean t\u1ea1i h\u00e0 n\u1ed9i, cung tr\u1ee3 l\u1ef1c, cung compound, cung t\u00ean ch\u00ednh h\u00e3ng, cung t\u00ean m\u1ea1nh,cung t\u00ean h\u00e0 n\u1ed9i, cung t\u00ean , mua cung t\u00ean S\u00e0i g\u00f2n , mua m\u0169i t\u00ean b\u1eafn cung , cung b\u1eafn bi s\u1eaft , cung t\u00ean mini\" \/>\n<meta name=\"robots\" content=\"index, follow, max-snippet:-1, max-image-preview:large, max-video-preview:-1\" \/>\n<link rel=\"canonical\" href=\"https:\/\/cungtenhanoi.com\/?product=cung-tho-tt2000\" \/>\n<meta property=\"og:locale\" content=\"vi_VN\" \/>\n<meta property=\"og:type\" content=\"article\" \/>\n<meta property=\"og:title\" content=\"Cung Th\u1ed5 TT2000 - Cung T\u00ean H\u00e0 N\u1ed9i\" \/>\n<meta property=\"og:description\" content=\"mua cung t\u00ean th\u1ec3 thao, mua cung t\u00ean t\u1ea1i h\u00e0 n\u1ed9i, cung tr\u1ee3 l\u1ef1c, cung compound, cung t\u00ean ch\u00ednh h\u00e3ng, cung t\u00ean m\u1ea1nh,cung t\u00ean h\u00e0 n\u1ed9i, cung t\u00ean , mua cung t\u00ean S\u00e0i g\u00f2n , mua m\u0169i t\u00ean b\u1eafn cung , cung b\u1eafn bi s\u1eaft , cung t\u00ean mini\" \/>\n<meta property=\"og:url\" content=\"https:\/\/cungtenhanoi.com\/?product=cung-tho-tt2000\" \/>\n<meta property=\"og:site_name\" content=\"Cung T\u00ean H\u00e0 N\u1ed9i\" \/>\n<meta property=\"article:modified_time\" content=\"2021-04-04T09:41:01+00:00\" \/>\n<meta property=\"og:image\" content=\"https:\/\/cungtenhanoi.com\/wp-content\/uploads\/2019\/08\/Photo-00-05-30-08-07-2018.jpg\" \/>\n\t<meta property=\"og:image:width\" content=\"652\" \/>\n\t<meta property=\"og:image:height\" content=\"441\" \/>\n\t<meta property=\"og:image:type\" content=\"image\/jpeg\" \/>\n<meta name=\"twitter:card\" content=\"summary_large_image\" \/>\n<meta name=\"twitter:label1\" content=\"\u01af\u1edbc t\u00ednh th\u1eddi gian \u0111\u1ecdc\" \/>\n\t<meta name=\"twitter:data1\" content=\"1 ph\u00fat\" \/>\n<script type=\"application\/ld+json\" class=\"yoast-schema-graph\">{\"@context\":\"https:\/\/schema.org\",\"@graph\":[{\"@type\":\"WebPage\",\"@id\":\"https:\/\/cungtenhanoi.com\/?product=cung-tho-tt2000\",\"url\":\"https:\/\/cungtenhanoi.com\/?product=cung-tho-tt2000\",\"name\":\"Cung Th\u1ed5 TT2000 - Cung T\u00ean H\u00e0 N\u1ed9i\",\"isPartOf\":{\"@id\":\"https:\/\/cungtenhanoi.com\/#website\"},\"datePublished\":\"2019-08-20T09:41:59+00:00\",\"dateModified\":\"2021-04-04T09:41:01+00:00\",\"description\":\"mua cung t\u00ean th\u1ec3 thao, mua cung t\u00ean t\u1ea1i h\u00e0 n\u1ed9i, cung tr\u1ee3 l\u1ef1c, cung compound, cung t\u00ean ch\u00ednh h\u00e3ng, cung t\u00ean m\u1ea1nh,cung t\u00ean h\u00e0 n\u1ed9i, cung t\u00ean , mua cung t\u00ean S\u00e0i g\u00f2n , mua m\u0169i t\u00ean b\u1eafn cung , cung b\u1eafn bi s\u1eaft , cung t\u00ean mini\",\"breadcrumb\":{\"@id\":\"https:\/\/cungtenhanoi.com\/?product=cung-tho-tt2000#breadcrumb\"},\"inLanguage\":\"vi\",\"potentialAction\":[{\"@type\":\"ReadAction\",\"target\":[\"https:\/\/cungtenhanoi.com\/?product=cung-tho-tt2000\"]}]},{\"@type\":\"BreadcrumbList\",\"@id\":\"https:\/\/cungtenhanoi.com\/?product=cung-tho-tt2000#breadcrumb\",\"itemListElement\":[{\"@type\":\"ListItem\",\"position\":1,\"name\":\"Trang ch\u1ee7\",\"item\":\"https:\/\/cungtenhanoi.com\/\"},{\"@type\":\"ListItem\",\"position\":2,\"name\":\"Shop\",\"item\":\"https:\/\/cungtenhanoi.com\/?page_id=6\"},{\"@type\":\"ListItem\",\"position\":3,\"name\":\"Cung\",\"item\":\"https:\/\/cungtenhanoi.com\/danh-muc\/cung\/\"},{\"@type\":\"ListItem\",\"position\":4,\"name\":\"Cung Th\u1ed5 TT2000\"}]},{\"@type\":\"WebSite\",\"@id\":\"https:\/\/cungtenhanoi.com\/#website\",\"url\":\"https:\/\/cungtenhanoi.com\/\",\"name\":\"Cung T\u00ean H\u00e0 N\u1ed9i\",\"description\":\"Cung c\u1ea5p c\u00e1c lo\u1ea1i cung t\u00ean th\u1ec3 thao s\u1ed1 1 Vi\u1ec7t Nam\",\"publisher\":{\"@id\":\"https:\/\/cungtenhanoi.com\/#organization\"},\"potentialAction\":[{\"@type\":\"SearchAction\",\"target\":{\"@type\":\"EntryPoint\",\"urlTemplate\":\"https:\/\/cungtenhanoi.com\/?s={search_term_string}\"},\"query-input\":\"required name=search_term_string\"}],\"inLanguage\":\"vi\"},{\"@type\":\"Organization\",\"@id\":\"https:\/\/cungtenhanoi.com\/#organization\",\"name\":\"Cung T\u00ean H\u00e0 N\u1ed9i\",\"url\":\"https:\/\/cungtenhanoi.com\/\",\"sameAs\":[],\"logo\":{\"@type\":\"ImageObject\",\"inLanguage\":\"vi\",\"@id\":\"https:\/\/cungtenhanoi.com\/#\/schema\/logo\/image\/\",\"url\":\"https:\/\/cungtenhanoi.com\/wp-content\/uploads\/2025\/05\/logo-den-trang.jpg\",\"contentUrl\":\"https:\/\/cungtenhanoi.com\/wp-content\/uploads\/2025\/05\/logo-den-trang.jpg\",\"width\":450,\"height\":450,\"caption\":\"Cung T\u00ean H\u00e0 N\u1ed9i\"},\"image\":{\"@id\":\"https:\/\/cungtenhanoi.com\/#\/schema\/logo\/image\/\"}}]}<\/script>\n<!-- \/ Yoast SEO plugin. -->","yoast_head_json":{"title":"Cung Th\u1ed5 TT2000 - Cung T\u00ean H\u00e0 N\u1ed9i","description":"mua cung t\u00ean th\u1ec3 thao, mua cung t\u00ean t\u1ea1i h\u00e0 n\u1ed9i, cung tr\u1ee3 l\u1ef1c, cung compound, cung t\u00ean ch\u00ednh h\u00e3ng, cung t\u00ean m\u1ea1nh,cung t\u00ean h\u00e0 n\u1ed9i, cung t\u00ean , mua cung t\u00ean S\u00e0i g\u00f2n , mua m\u0169i t\u00ean b\u1eafn cung , cung b\u1eafn bi s\u1eaft , cung t\u00ean mini","robots":{"index":"index","follow":"follow","max-snippet":"max-snippet:-1","max-image-preview":"max-image-preview:large","max-video-preview":"max-video-preview:-1"},"canonical":"https:\/\/cungtenhanoi.com\/?product=cung-tho-tt2000","og_locale":"vi_VN","og_type":"article","og_title":"Cung Th\u1ed5 TT2000 - Cung T\u00ean H\u00e0 N\u1ed9i","og_description":"mua cung t\u00ean th\u1ec3 thao, mua cung t\u00ean t\u1ea1i h\u00e0 n\u1ed9i, cung tr\u1ee3 l\u1ef1c, cung compound, cung t\u00ean ch\u00ednh h\u00e3ng, cung t\u00ean m\u1ea1nh,cung t\u00ean h\u00e0 n\u1ed9i, cung t\u00ean , mua cung t\u00ean S\u00e0i g\u00f2n , mua m\u0169i t\u00ean b\u1eafn cung , cung b\u1eafn bi s\u1eaft , cung t\u00ean mini","og_url":"https:\/\/cungtenhanoi.com\/?product=cung-tho-tt2000","og_site_name":"Cung T\u00ean H\u00e0 N\u1ed9i","article_modified_time":"2021-04-04T09:41:01+00:00","og_image":[{"width":652,"height":441,"url":"https:\/\/cungtenhanoi.com\/wp-content\/uploads\/2019\/08\/Photo-00-05-30-08-07-2018.jpg","type":"image\/jpeg"}],"twitter_card":"summary_large_image","twitter_misc":{"\u01af\u1edbc t\u00ednh th\u1eddi gian \u0111\u1ecdc":"1 ph\u00fat"},"schema":{"@context":"https:\/\/schema.org","@graph":[{"@type":"WebPage","@id":"https:\/\/cungtenhanoi.com\/?product=cung-tho-tt2000","url":"https:\/\/cungtenhanoi.com\/?product=cung-tho-tt2000","name":"Cung Th\u1ed5 TT2000 - Cung T\u00ean H\u00e0 N\u1ed9i","isPartOf":{"@id":"https:\/\/cungtenhanoi.com\/#website"},"datePublished":"2019-08-20T09:41:59+00:00","dateModified":"2021-04-04T09:41:01+00:00","description":"mua cung t\u00ean th\u1ec3 thao, mua cung t\u00ean t\u1ea1i h\u00e0 n\u1ed9i, cung tr\u1ee3 l\u1ef1c, cung compound, cung t\u00ean ch\u00ednh h\u00e3ng, cung t\u00ean m\u1ea1nh,cung t\u00ean h\u00e0 n\u1ed9i, cung t\u00ean , mua cung t\u00ean S\u00e0i g\u00f2n , mua m\u0169i t\u00ean b\u1eafn cung , cung b\u1eafn bi s\u1eaft , cung t\u00ean mini","breadcrumb":{"@id":"https:\/\/cungtenhanoi.com\/?product=cung-tho-tt2000#breadcrumb"},"inLanguage":"vi","potentialAction":[{"@type":"ReadAction","target":["https:\/\/cungtenhanoi.com\/?product=cung-tho-tt2000"]}]},{"@type":"BreadcrumbList","@id":"https:\/\/cungtenhanoi.com\/?product=cung-tho-tt2000#breadcrumb","itemListElement":[{"@type":"ListItem","position":1,"name":"Trang ch\u1ee7","item":"https:\/\/cungtenhanoi.com\/"},{"@type":"ListItem","position":2,"name":"Shop","item":"https:\/\/cungtenhanoi.com\/?page_id=6"},{"@type":"ListItem","position":3,"name":"Cung","item":"https:\/\/cungtenhanoi.com\/danh-muc\/cung\/"},{"@type":"ListItem","position":4,"name":"Cung Th\u1ed5 TT2000"}]},{"@type":"WebSite","@id":"https:\/\/cungtenhanoi.com\/#website","url":"https:\/\/cungtenhanoi.com\/","name":"Cung T\u00ean H\u00e0 N\u1ed9i","description":"Cung c\u1ea5p c\u00e1c lo\u1ea1i cung t\u00ean th\u1ec3 thao s\u1ed1 1 Vi\u1ec7t Nam","publisher":{"@id":"https:\/\/cungtenhanoi.com\/#organization"},"potentialAction":[{"@type":"SearchAction","target":{"@type":"EntryPoint","urlTemplate":"https:\/\/cungtenhanoi.com\/?s={search_term_string}"},"query-input":"required name=search_term_string"}],"inLanguage":"vi"},{"@type":"Organization","@id":"https:\/\/cungtenhanoi.com\/#organization","name":"Cung T\u00ean H\u00e0 N\u1ed9i","url":"https:\/\/cungtenhanoi.com\/","sameAs":[],"logo":{"@type":"ImageObject","inLanguage":"vi","@id":"https:\/\/cungtenhanoi.com\/#\/schema\/logo\/image\/","url":"https:\/\/cungtenhanoi.com\/wp-content\/uploads\/2025\/05\/logo-den-trang.jpg","contentUrl":"https:\/\/cungtenhanoi.com\/wp-content\/uploads\/2025\/05\/logo-den-trang.jpg","width":450,"height":450,"caption":"Cung T\u00ean H\u00e0 N\u1ed9i"},"image":{"@id":"https:\/\/cungtenhanoi.com\/#\/schema\/logo\/image\/"}}]}},"_links":{"self":[{"href":"https:\/\/cungtenhanoi.com\/index.php?rest_route=\/wp\/v2\/product\/361"}],"collection":[{"href":"https:\/\/cungtenhanoi.com\/index.php?rest_route=\/wp\/v2\/product"}],"about":[{"href":"https:\/\/cungtenhanoi.com\/index.php?rest_route=\/wp\/v2\/types\/product"}],"replies":[{"embeddable":true,"href":"https:\/\/cungtenhanoi.com\/index.php?rest_route=%2Fwp%2Fv2%2Fcomments&post=361"}],"wp:featuredmedia":[{"embeddable":true,"href":"https:\/\/cungtenhanoi.com\/index.php?rest_route=\/wp\/v2\/media\/362"}],"wp:attachment":[{"href":"https:\/\/cungtenhanoi.com\/index.php?rest_route=%2Fwp%2Fv2%2Fmedia&parent=361"}],"wp:term":[{"taxonomy":"product_cat","embeddable":true,"href":"https:\/\/cungtenhanoi.com\/index.php?rest_route=%2Fwp%2Fv2%2Fproduct_cat&post=361"},{"taxonomy":"product_tag","embeddable":true,"href":"https:\/\/cungtenhanoi.com\/index.php?rest_route=%2Fwp%2Fv2%2Fproduct_tag&post=361"}],"curies":[{"name":"wp","href":"https:\/\/api.w.org\/{rel}","templated":true}]}}