{"id":382,"date":"2019-08-22T12:53:41","date_gmt":"2019-08-22T05:53:41","guid":{"rendered":"http:\/\/cungtenhanoi.com\/?post_type=product&#038;p=382"},"modified":"2023-10-24T11:00:30","modified_gmt":"2023-10-24T04:00:30","slug":"samick-sage","status":"publish","type":"product","link":"https:\/\/cungtenhanoi.com\/?product=samick-sage","title":{"rendered":"Samick Sage"},"content":{"rendered":"<blockquote><p><img loading=\"lazy\" class=\"aligncenter size-full wp-image-1903\" src=\"https:\/\/cungtenhanoi.com\/wp-content\/uploads\/2019\/08\/B9162C67-EDF6-4CA3-80EC-DD44226576C4.jpeg\" alt=\"\" width=\"1926\" height=\"2568\" \/> <img loading=\"lazy\" class=\"aligncenter size-full wp-image-1904\" src=\"https:\/\/cungtenhanoi.com\/wp-content\/uploads\/2019\/08\/EEF35702-C2FD-4189-B3D9-FD7398E2E3B8.jpeg\" alt=\"\" width=\"1926\" height=\"2568\" \/><br \/>\n<img loading=\"lazy\" class=\"aligncenter size-full wp-image-1339\" src=\"https:\/\/cungtenhanoi.com\/wp-content\/uploads\/2019\/08\/4E223F5D-3AAE-4DE1-849A-131F966E71E6.jpeg\" alt=\"\" width=\"4032\" height=\"3024\" \/> <img loading=\"lazy\" class=\"aligncenter size-full wp-image-1340\" src=\"https:\/\/cungtenhanoi.com\/wp-content\/uploads\/2019\/08\/E4F3F330-167B-41E8-898B-DE0F5C803403.jpeg\" alt=\"\" width=\"4032\" height=\"3024\" \/> <img loading=\"lazy\" class=\"aligncenter size-full wp-image-1341\" src=\"https:\/\/cungtenhanoi.com\/wp-content\/uploads\/2019\/08\/7801FDD1-CB65-47BE-8B25-312F5E3554FB.jpeg\" alt=\"\" width=\"3024\" height=\"4032\" \/> <img loading=\"lazy\" class=\"aligncenter size-full wp-image-1342\" src=\"https:\/\/cungtenhanoi.com\/wp-content\/uploads\/2019\/08\/A4C66434-828C-4D17-8028-72989FE6AF71.jpeg\" alt=\"\" width=\"2597\" height=\"4032\" \/><br \/>\n<img loading=\"lazy\" class=\"aligncenter size-medium wp-image-385\" src=\"http:\/\/cungtenhanoi.com\/wp-content\/uploads\/2019\/08\/811CF34D-D7A5-42D5-9671-4A5208503735-300x169.jpeg\" alt=\"\" width=\"300\" height=\"169\" srcset=\"https:\/\/cungtenhanoi.com\/wp-content\/uploads\/2019\/08\/811CF34D-D7A5-42D5-9671-4A5208503735-300x169.jpeg 300w, https:\/\/cungtenhanoi.com\/wp-content\/uploads\/2019\/08\/811CF34D-D7A5-42D5-9671-4A5208503735-600x338.jpeg 600w, https:\/\/cungtenhanoi.com\/wp-content\/uploads\/2019\/08\/811CF34D-D7A5-42D5-9671-4A5208503735-64x36.jpeg 64w, https:\/\/cungtenhanoi.com\/wp-content\/uploads\/2019\/08\/811CF34D-D7A5-42D5-9671-4A5208503735-768x432.jpeg 768w, https:\/\/cungtenhanoi.com\/wp-content\/uploads\/2019\/08\/811CF34D-D7A5-42D5-9671-4A5208503735-1024x576.jpeg 1024w, https:\/\/cungtenhanoi.com\/wp-content\/uploads\/2019\/08\/811CF34D-D7A5-42D5-9671-4A5208503735.jpeg 2048w\" sizes=\"(max-width: 300px) 100vw, 300px\" \/><\/p><\/blockquote>\n<p>Top 2\/10 Recurve t\u1ed1t nh\u1ea5t hi\u1ec7n t\u1ea1i, Samick sage \u0111\u01b0\u1ee3c \u0111\u00e1nh gi\u00e1 cao v\u1ec1 ch\u1ea5t l\u01b0\u1ee3ng, th\u01b0\u01a1ng hi\u1ec7u \u0111\u1ebfn t\u1eeb H\u00e0n qu\u1ed1c n\u00e0y \u0111\u01b0\u1ee3c d\u00e2n ch\u01a1i cung \u1edf \u00c2u &#8211; M\u1ef9 kh\u00e1 \u01b0a chu\u1ed9ng, v\u1edbi l\u1ed1i b\u1eafn thi\u00ean v\u1ec1 c\u1ea3m gi\u00e1c g\u00e2y k\u00edch th\u00edch cho ng\u01b0\u1eddi ch\u01a1i t\u1eeb shot b\u1eafn \u0111\u1ea7u ti\u00ean v\u1edbi uy l\u1ef1c \u0111\u1ea7y m\u1ea1nh m\u1ebd.<\/p>\n<p><img loading=\"lazy\" class=\"aligncenter size-full wp-image-1436\" src=\"https:\/\/cungtenhanoi.com\/wp-content\/uploads\/2019\/08\/29D1EC77-B611-4649-AD52-FF243DD36823.jpeg\" alt=\"\" width=\"640\" height=\"1074\" srcset=\"https:\/\/cungtenhanoi.com\/wp-content\/uploads\/2019\/08\/29D1EC77-B611-4649-AD52-FF243DD36823.jpeg 640w, https:\/\/cungtenhanoi.com\/wp-content\/uploads\/2019\/08\/29D1EC77-B611-4649-AD52-FF243DD36823-600x1007.jpeg 600w, https:\/\/cungtenhanoi.com\/wp-content\/uploads\/2019\/08\/29D1EC77-B611-4649-AD52-FF243DD36823-64x107.jpeg 64w, https:\/\/cungtenhanoi.com\/wp-content\/uploads\/2019\/08\/29D1EC77-B611-4649-AD52-FF243DD36823-179x300.jpeg 179w, https:\/\/cungtenhanoi.com\/wp-content\/uploads\/2019\/08\/29D1EC77-B611-4649-AD52-FF243DD36823-610x1024.jpeg 610w\" sizes=\"(max-width: 640px) 100vw, 640px\" \/><\/p>\n<p style=\"text-align: center;\">Ch\u1ea5t li\u1ec7u composite &#8211; Chi\u1ec1u d\u00e0i 62-64 inh, l\u1ef1c b\u1eafn 25-60lbs<br \/>\n<img loading=\"lazy\" class=\"aligncenter size-medium wp-image-388\" src=\"http:\/\/cungtenhanoi.com\/wp-content\/uploads\/2019\/08\/6C0D4BE6-4DBA-4ED7-A821-43B4B1733BB7-169x300.jpeg\" alt=\"\" width=\"169\" height=\"300\" srcset=\"https:\/\/cungtenhanoi.com\/wp-content\/uploads\/2019\/08\/6C0D4BE6-4DBA-4ED7-A821-43B4B1733BB7-169x300.jpeg 169w, https:\/\/cungtenhanoi.com\/wp-content\/uploads\/2019\/08\/6C0D4BE6-4DBA-4ED7-A821-43B4B1733BB7-600x1067.jpeg 600w, https:\/\/cungtenhanoi.com\/wp-content\/uploads\/2019\/08\/6C0D4BE6-4DBA-4ED7-A821-43B4B1733BB7-64x114.jpeg 64w, https:\/\/cungtenhanoi.com\/wp-content\/uploads\/2019\/08\/6C0D4BE6-4DBA-4ED7-A821-43B4B1733BB7-768x1365.jpeg 768w, https:\/\/cungtenhanoi.com\/wp-content\/uploads\/2019\/08\/6C0D4BE6-4DBA-4ED7-A821-43B4B1733BB7-576x1024.jpeg 576w, https:\/\/cungtenhanoi.com\/wp-content\/uploads\/2019\/08\/6C0D4BE6-4DBA-4ED7-A821-43B4B1733BB7.jpeg 1152w\" sizes=\"(max-width: 169px) 100vw, 169px\" \/><img loading=\"lazy\" class=\"aligncenter size-full wp-image-1933\" src=\"https:\/\/cungtenhanoi.com\/wp-content\/uploads\/2019\/08\/F7BC0586-4A98-4329-A5E4-6D6C48544A3B.jpeg\" alt=\"\" width=\"3024\" height=\"4032\" \/><\/p>\n","protected":false},"excerpt":{"rendered":"<p>Cung<\/p>\n<p>5 t\u00ean<\/p>\n<p>Tab<\/p>\n<p>Guarm<\/p>\n<p>Arrrow rest<\/p>\n<p>Bia m\u1ee5c ti\u00eau &#8211; Free ship<\/p>\n","protected":false},"featured_media":443,"comment_status":"open","ping_status":"closed","template":"","meta":[],"product_cat":[39,17],"product_tag":[198,86,264,314,56,313,57,55],"acf":[],"yoast_head":"<!-- This site is optimized with the Yoast SEO plugin v19.8 - https:\/\/yoast.com\/wordpress\/plugins\/seo\/ -->\n<title>Samick Sage - Cung T\u00ean H\u00e0 N\u1ed9i<\/title>\n<meta name=\"description\" content=\"mua cung t\u00ean th\u1ec3 thao, mua cung t\u00ean t\u1ea1i h\u00e0 n\u1ed9i, cung tr\u1ee3 l\u1ef1c, cung compound, cung t\u00ean ch\u00ednh h\u00e3ng, cung t\u00ean m\u1ea1nh,cung t\u00ean h\u00e0 n\u1ed9i, cung t\u00ean , mua cung t\u00ean S\u00e0i g\u00f2n , mua m\u0169i t\u00ean b\u1eafn cung , cung b\u1eafn bi s\u1eaft , cung t\u00ean mini\" \/>\n<meta name=\"robots\" content=\"index, follow, max-snippet:-1, max-image-preview:large, max-video-preview:-1\" \/>\n<link rel=\"canonical\" href=\"https:\/\/cungtenhanoi.com\/?product=samick-sage\" \/>\n<meta property=\"og:locale\" content=\"vi_VN\" \/>\n<meta property=\"og:type\" content=\"article\" \/>\n<meta property=\"og:title\" content=\"Samick Sage - Cung T\u00ean H\u00e0 N\u1ed9i\" \/>\n<meta property=\"og:description\" content=\"mua cung t\u00ean th\u1ec3 thao, mua cung t\u00ean t\u1ea1i h\u00e0 n\u1ed9i, cung tr\u1ee3 l\u1ef1c, cung compound, cung t\u00ean ch\u00ednh h\u00e3ng, cung t\u00ean m\u1ea1nh,cung t\u00ean h\u00e0 n\u1ed9i, cung t\u00ean , mua cung t\u00ean S\u00e0i g\u00f2n , mua m\u0169i t\u00ean b\u1eafn cung , cung b\u1eafn bi s\u1eaft , cung t\u00ean mini\" \/>\n<meta property=\"og:url\" content=\"https:\/\/cungtenhanoi.com\/?product=samick-sage\" \/>\n<meta property=\"og:site_name\" content=\"Cung T\u00ean H\u00e0 N\u1ed9i\" \/>\n<meta property=\"article:modified_time\" content=\"2023-10-24T04:00:30+00:00\" \/>\n<meta property=\"og:image\" content=\"https:\/\/cungtenhanoi.com\/wp-content\/uploads\/2019\/08\/SS-SAGE.jpg\" \/>\n\t<meta property=\"og:image:width\" content=\"600\" \/>\n\t<meta property=\"og:image:height\" content=\"600\" \/>\n\t<meta property=\"og:image:type\" content=\"image\/jpeg\" \/>\n<meta name=\"twitter:card\" content=\"summary_large_image\" \/>\n<meta name=\"twitter:label1\" content=\"\u01af\u1edbc t\u00ednh th\u1eddi gian \u0111\u1ecdc\" \/>\n\t<meta name=\"twitter:data1\" content=\"3 ph\u00fat\" \/>\n<script type=\"application\/ld+json\" class=\"yoast-schema-graph\">{\"@context\":\"https:\/\/schema.org\",\"@graph\":[{\"@type\":\"WebPage\",\"@id\":\"https:\/\/cungtenhanoi.com\/?product=samick-sage\",\"url\":\"https:\/\/cungtenhanoi.com\/?product=samick-sage\",\"name\":\"Samick Sage - Cung T\u00ean H\u00e0 N\u1ed9i\",\"isPartOf\":{\"@id\":\"https:\/\/cungtenhanoi.com\/#website\"},\"datePublished\":\"2019-08-22T05:53:41+00:00\",\"dateModified\":\"2023-10-24T04:00:30+00:00\",\"description\":\"mua cung t\u00ean th\u1ec3 thao, mua cung t\u00ean t\u1ea1i h\u00e0 n\u1ed9i, cung tr\u1ee3 l\u1ef1c, cung compound, cung t\u00ean ch\u00ednh h\u00e3ng, cung t\u00ean m\u1ea1nh,cung t\u00ean h\u00e0 n\u1ed9i, cung t\u00ean , mua cung t\u00ean S\u00e0i g\u00f2n , mua m\u0169i t\u00ean b\u1eafn cung , cung b\u1eafn bi s\u1eaft , cung t\u00ean mini\",\"breadcrumb\":{\"@id\":\"https:\/\/cungtenhanoi.com\/?product=samick-sage#breadcrumb\"},\"inLanguage\":\"vi\",\"potentialAction\":[{\"@type\":\"ReadAction\",\"target\":[\"https:\/\/cungtenhanoi.com\/?product=samick-sage\"]}]},{\"@type\":\"BreadcrumbList\",\"@id\":\"https:\/\/cungtenhanoi.com\/?product=samick-sage#breadcrumb\",\"itemListElement\":[{\"@type\":\"ListItem\",\"position\":1,\"name\":\"Trang ch\u1ee7\",\"item\":\"https:\/\/cungtenhanoi.com\/\"},{\"@type\":\"ListItem\",\"position\":2,\"name\":\"Shop\",\"item\":\"https:\/\/cungtenhanoi.com\/?page_id=6\"},{\"@type\":\"ListItem\",\"position\":3,\"name\":\"Cung\",\"item\":\"https:\/\/cungtenhanoi.com\/danh-muc\/cung\/\"},{\"@type\":\"ListItem\",\"position\":4,\"name\":\"Samick Sage\"}]},{\"@type\":\"WebSite\",\"@id\":\"https:\/\/cungtenhanoi.com\/#website\",\"url\":\"https:\/\/cungtenhanoi.com\/\",\"name\":\"Cung T\u00ean H\u00e0 N\u1ed9i\",\"description\":\"Cung c\u1ea5p c\u00e1c lo\u1ea1i cung t\u00ean th\u1ec3 thao s\u1ed1 1 Vi\u1ec7t Nam\",\"publisher\":{\"@id\":\"https:\/\/cungtenhanoi.com\/#organization\"},\"potentialAction\":[{\"@type\":\"SearchAction\",\"target\":{\"@type\":\"EntryPoint\",\"urlTemplate\":\"https:\/\/cungtenhanoi.com\/?s={search_term_string}\"},\"query-input\":\"required name=search_term_string\"}],\"inLanguage\":\"vi\"},{\"@type\":\"Organization\",\"@id\":\"https:\/\/cungtenhanoi.com\/#organization\",\"name\":\"Cung T\u00ean H\u00e0 N\u1ed9i\",\"url\":\"https:\/\/cungtenhanoi.com\/\",\"sameAs\":[],\"logo\":{\"@type\":\"ImageObject\",\"inLanguage\":\"vi\",\"@id\":\"https:\/\/cungtenhanoi.com\/#\/schema\/logo\/image\/\",\"url\":\"https:\/\/cungtenhanoi.com\/wp-content\/uploads\/2025\/05\/logo-den-trang.jpg\",\"contentUrl\":\"https:\/\/cungtenhanoi.com\/wp-content\/uploads\/2025\/05\/logo-den-trang.jpg\",\"width\":450,\"height\":450,\"caption\":\"Cung T\u00ean H\u00e0 N\u1ed9i\"},\"image\":{\"@id\":\"https:\/\/cungtenhanoi.com\/#\/schema\/logo\/image\/\"}}]}<\/script>\n<!-- \/ Yoast SEO plugin. -->","yoast_head_json":{"title":"Samick Sage - Cung T\u00ean H\u00e0 N\u1ed9i","description":"mua cung t\u00ean th\u1ec3 thao, mua cung t\u00ean t\u1ea1i h\u00e0 n\u1ed9i, cung tr\u1ee3 l\u1ef1c, cung compound, cung t\u00ean ch\u00ednh h\u00e3ng, cung t\u00ean m\u1ea1nh,cung t\u00ean h\u00e0 n\u1ed9i, cung t\u00ean , mua cung t\u00ean S\u00e0i g\u00f2n , mua m\u0169i t\u00ean b\u1eafn cung , cung b\u1eafn bi s\u1eaft , cung t\u00ean mini","robots":{"index":"index","follow":"follow","max-snippet":"max-snippet:-1","max-image-preview":"max-image-preview:large","max-video-preview":"max-video-preview:-1"},"canonical":"https:\/\/cungtenhanoi.com\/?product=samick-sage","og_locale":"vi_VN","og_type":"article","og_title":"Samick Sage - Cung T\u00ean H\u00e0 N\u1ed9i","og_description":"mua cung t\u00ean th\u1ec3 thao, mua cung t\u00ean t\u1ea1i h\u00e0 n\u1ed9i, cung tr\u1ee3 l\u1ef1c, cung compound, cung t\u00ean ch\u00ednh h\u00e3ng, cung t\u00ean m\u1ea1nh,cung t\u00ean h\u00e0 n\u1ed9i, cung t\u00ean , mua cung t\u00ean S\u00e0i g\u00f2n , mua m\u0169i t\u00ean b\u1eafn cung , cung b\u1eafn bi s\u1eaft , cung t\u00ean mini","og_url":"https:\/\/cungtenhanoi.com\/?product=samick-sage","og_site_name":"Cung T\u00ean H\u00e0 N\u1ed9i","article_modified_time":"2023-10-24T04:00:30+00:00","og_image":[{"width":600,"height":600,"url":"https:\/\/cungtenhanoi.com\/wp-content\/uploads\/2019\/08\/SS-SAGE.jpg","type":"image\/jpeg"}],"twitter_card":"summary_large_image","twitter_misc":{"\u01af\u1edbc t\u00ednh th\u1eddi gian \u0111\u1ecdc":"3 ph\u00fat"},"schema":{"@context":"https:\/\/schema.org","@graph":[{"@type":"WebPage","@id":"https:\/\/cungtenhanoi.com\/?product=samick-sage","url":"https:\/\/cungtenhanoi.com\/?product=samick-sage","name":"Samick Sage - Cung T\u00ean H\u00e0 N\u1ed9i","isPartOf":{"@id":"https:\/\/cungtenhanoi.com\/#website"},"datePublished":"2019-08-22T05:53:41+00:00","dateModified":"2023-10-24T04:00:30+00:00","description":"mua cung t\u00ean th\u1ec3 thao, mua cung t\u00ean t\u1ea1i h\u00e0 n\u1ed9i, cung tr\u1ee3 l\u1ef1c, cung compound, cung t\u00ean ch\u00ednh h\u00e3ng, cung t\u00ean m\u1ea1nh,cung t\u00ean h\u00e0 n\u1ed9i, cung t\u00ean , mua cung t\u00ean S\u00e0i g\u00f2n , mua m\u0169i t\u00ean b\u1eafn cung , cung b\u1eafn bi s\u1eaft , cung t\u00ean mini","breadcrumb":{"@id":"https:\/\/cungtenhanoi.com\/?product=samick-sage#breadcrumb"},"inLanguage":"vi","potentialAction":[{"@type":"ReadAction","target":["https:\/\/cungtenhanoi.com\/?product=samick-sage"]}]},{"@type":"BreadcrumbList","@id":"https:\/\/cungtenhanoi.com\/?product=samick-sage#breadcrumb","itemListElement":[{"@type":"ListItem","position":1,"name":"Trang ch\u1ee7","item":"https:\/\/cungtenhanoi.com\/"},{"@type":"ListItem","position":2,"name":"Shop","item":"https:\/\/cungtenhanoi.com\/?page_id=6"},{"@type":"ListItem","position":3,"name":"Cung","item":"https:\/\/cungtenhanoi.com\/danh-muc\/cung\/"},{"@type":"ListItem","position":4,"name":"Samick Sage"}]},{"@type":"WebSite","@id":"https:\/\/cungtenhanoi.com\/#website","url":"https:\/\/cungtenhanoi.com\/","name":"Cung T\u00ean H\u00e0 N\u1ed9i","description":"Cung c\u1ea5p c\u00e1c lo\u1ea1i cung t\u00ean th\u1ec3 thao s\u1ed1 1 Vi\u1ec7t Nam","publisher":{"@id":"https:\/\/cungtenhanoi.com\/#organization"},"potentialAction":[{"@type":"SearchAction","target":{"@type":"EntryPoint","urlTemplate":"https:\/\/cungtenhanoi.com\/?s={search_term_string}"},"query-input":"required name=search_term_string"}],"inLanguage":"vi"},{"@type":"Organization","@id":"https:\/\/cungtenhanoi.com\/#organization","name":"Cung T\u00ean H\u00e0 N\u1ed9i","url":"https:\/\/cungtenhanoi.com\/","sameAs":[],"logo":{"@type":"ImageObject","inLanguage":"vi","@id":"https:\/\/cungtenhanoi.com\/#\/schema\/logo\/image\/","url":"https:\/\/cungtenhanoi.com\/wp-content\/uploads\/2025\/05\/logo-den-trang.jpg","contentUrl":"https:\/\/cungtenhanoi.com\/wp-content\/uploads\/2025\/05\/logo-den-trang.jpg","width":450,"height":450,"caption":"Cung T\u00ean H\u00e0 N\u1ed9i"},"image":{"@id":"https:\/\/cungtenhanoi.com\/#\/schema\/logo\/image\/"}}]}},"_links":{"self":[{"href":"https:\/\/cungtenhanoi.com\/index.php?rest_route=\/wp\/v2\/product\/382"}],"collection":[{"href":"https:\/\/cungtenhanoi.com\/index.php?rest_route=\/wp\/v2\/product"}],"about":[{"href":"https:\/\/cungtenhanoi.com\/index.php?rest_route=\/wp\/v2\/types\/product"}],"replies":[{"embeddable":true,"href":"https:\/\/cungtenhanoi.com\/index.php?rest_route=%2Fwp%2Fv2%2Fcomments&post=382"}],"wp:featuredmedia":[{"embeddable":true,"href":"https:\/\/cungtenhanoi.com\/index.php?rest_route=\/wp\/v2\/media\/443"}],"wp:attachment":[{"href":"https:\/\/cungtenhanoi.com\/index.php?rest_route=%2Fwp%2Fv2%2Fmedia&parent=382"}],"wp:term":[{"taxonomy":"product_cat","embeddable":true,"href":"https:\/\/cungtenhanoi.com\/index.php?rest_route=%2Fwp%2Fv2%2Fproduct_cat&post=382"},{"taxonomy":"product_tag","embeddable":true,"href":"https:\/\/cungtenhanoi.com\/index.php?rest_route=%2Fwp%2Fv2%2Fproduct_tag&post=382"}],"curies":[{"name":"wp","href":"https:\/\/api.w.org\/{rel}","templated":true}]}}