{"id":398,"date":"2019-08-22T13:32:30","date_gmt":"2019-08-22T06:32:30","guid":{"rendered":"http:\/\/cungtenhanoi.com\/?post_type=product&#038;p=398"},"modified":"2019-08-22T13:32:30","modified_gmt":"2019-08-22T06:32:30","slug":"mui-ten-cacbon-ark","status":"publish","type":"product","link":"https:\/\/cungtenhanoi.com\/?product=mui-ten-cacbon-ark","title":{"rendered":"M\u0169i t\u00ean cacbon ARK"},"content":{"rendered":"<p><img loading=\"lazy\" class=\"aligncenter size-medium wp-image-399\" src=\"http:\/\/cungtenhanoi.com\/wp-content\/uploads\/2019\/08\/CFE6AD8A-50A6-41EE-A71F-F766250FF68F-300x189.jpeg\" alt=\"\" width=\"300\" height=\"189\" srcset=\"https:\/\/cungtenhanoi.com\/wp-content\/uploads\/2019\/08\/CFE6AD8A-50A6-41EE-A71F-F766250FF68F-300x189.jpeg 300w, https:\/\/cungtenhanoi.com\/wp-content\/uploads\/2019\/08\/CFE6AD8A-50A6-41EE-A71F-F766250FF68F-600x377.jpeg 600w, https:\/\/cungtenhanoi.com\/wp-content\/uploads\/2019\/08\/CFE6AD8A-50A6-41EE-A71F-F766250FF68F-64x40.jpeg 64w, https:\/\/cungtenhanoi.com\/wp-content\/uploads\/2019\/08\/CFE6AD8A-50A6-41EE-A71F-F766250FF68F-768x483.jpeg 768w, https:\/\/cungtenhanoi.com\/wp-content\/uploads\/2019\/08\/CFE6AD8A-50A6-41EE-A71F-F766250FF68F.jpeg 800w\" sizes=\"(max-width: 300px) 100vw, 300px\" \/> <img loading=\"lazy\" class=\"aligncenter size-medium wp-image-400\" src=\"http:\/\/cungtenhanoi.com\/wp-content\/uploads\/2019\/08\/69343DBD-02A6-45AE-9748-81F1BDCC0623-296x300.jpeg\" alt=\"\" width=\"296\" height=\"300\" srcset=\"https:\/\/cungtenhanoi.com\/wp-content\/uploads\/2019\/08\/69343DBD-02A6-45AE-9748-81F1BDCC0623-296x300.jpeg 296w, https:\/\/cungtenhanoi.com\/wp-content\/uploads\/2019\/08\/69343DBD-02A6-45AE-9748-81F1BDCC0623-100x100.jpeg 100w, https:\/\/cungtenhanoi.com\/wp-content\/uploads\/2019\/08\/69343DBD-02A6-45AE-9748-81F1BDCC0623-600x608.jpeg 600w, https:\/\/cungtenhanoi.com\/wp-content\/uploads\/2019\/08\/69343DBD-02A6-45AE-9748-81F1BDCC0623-64x65.jpeg 64w, https:\/\/cungtenhanoi.com\/wp-content\/uploads\/2019\/08\/69343DBD-02A6-45AE-9748-81F1BDCC0623-768x778.jpeg 768w, https:\/\/cungtenhanoi.com\/wp-content\/uploads\/2019\/08\/69343DBD-02A6-45AE-9748-81F1BDCC0623-45x45.jpeg 45w, https:\/\/cungtenhanoi.com\/wp-content\/uploads\/2019\/08\/69343DBD-02A6-45AE-9748-81F1BDCC0623.jpeg 790w\" sizes=\"(max-width: 296px) 100vw, 296px\" \/> <img loading=\"lazy\" class=\"aligncenter size-medium wp-image-401\" src=\"http:\/\/cungtenhanoi.com\/wp-content\/uploads\/2019\/08\/47B61828-7007-4685-92EE-580BAB1C1747-300x300.jpeg\" alt=\"\" width=\"300\" height=\"300\" srcset=\"https:\/\/cungtenhanoi.com\/wp-content\/uploads\/2019\/08\/47B61828-7007-4685-92EE-580BAB1C1747-300x300.jpeg 300w, https:\/\/cungtenhanoi.com\/wp-content\/uploads\/2019\/08\/47B61828-7007-4685-92EE-580BAB1C1747-100x100.jpeg 100w, https:\/\/cungtenhanoi.com\/wp-content\/uploads\/2019\/08\/47B61828-7007-4685-92EE-580BAB1C1747-600x600.jpeg 600w, https:\/\/cungtenhanoi.com\/wp-content\/uploads\/2019\/08\/47B61828-7007-4685-92EE-580BAB1C1747-64x64.jpeg 64w, https:\/\/cungtenhanoi.com\/wp-content\/uploads\/2019\/08\/47B61828-7007-4685-92EE-580BAB1C1747-150x150.jpeg 150w, https:\/\/cungtenhanoi.com\/wp-content\/uploads\/2019\/08\/47B61828-7007-4685-92EE-580BAB1C1747-768x768.jpeg 768w, https:\/\/cungtenhanoi.com\/wp-content\/uploads\/2019\/08\/47B61828-7007-4685-92EE-580BAB1C1747-180x180.jpeg 180w, https:\/\/cungtenhanoi.com\/wp-content\/uploads\/2019\/08\/47B61828-7007-4685-92EE-580BAB1C1747-45x45.jpeg 45w, https:\/\/cungtenhanoi.com\/wp-content\/uploads\/2019\/08\/47B61828-7007-4685-92EE-580BAB1C1747.jpeg 800w\" sizes=\"(max-width: 300px) 100vw, 300px\" \/> <img loading=\"lazy\" class=\"aligncenter size-medium wp-image-402\" src=\"http:\/\/cungtenhanoi.com\/wp-content\/uploads\/2019\/08\/A786214D-4E77-405C-AFA4-B19CFD03F468-300x300.jpeg\" alt=\"\" width=\"300\" height=\"300\" srcset=\"https:\/\/cungtenhanoi.com\/wp-content\/uploads\/2019\/08\/A786214D-4E77-405C-AFA4-B19CFD03F468-300x300.jpeg 300w, https:\/\/cungtenhanoi.com\/wp-content\/uploads\/2019\/08\/A786214D-4E77-405C-AFA4-B19CFD03F468-100x100.jpeg 100w, https:\/\/cungtenhanoi.com\/wp-content\/uploads\/2019\/08\/A786214D-4E77-405C-AFA4-B19CFD03F468-600x600.jpeg 600w, https:\/\/cungtenhanoi.com\/wp-content\/uploads\/2019\/08\/A786214D-4E77-405C-AFA4-B19CFD03F468-64x64.jpeg 64w, https:\/\/cungtenhanoi.com\/wp-content\/uploads\/2019\/08\/A786214D-4E77-405C-AFA4-B19CFD03F468.jpeg 800w\" sizes=\"(max-width: 300px) 100vw, 300px\" \/> <img loading=\"lazy\" class=\"aligncenter size-medium wp-image-403\" src=\"http:\/\/cungtenhanoi.com\/wp-content\/uploads\/2019\/08\/1F523E1B-1121-41AB-A1D7-A1D9DFCE924F-300x300.jpeg\" alt=\"\" width=\"300\" height=\"300\" srcset=\"https:\/\/cungtenhanoi.com\/wp-content\/uploads\/2019\/08\/1F523E1B-1121-41AB-A1D7-A1D9DFCE924F-300x300.jpeg 300w, https:\/\/cungtenhanoi.com\/wp-content\/uploads\/2019\/08\/1F523E1B-1121-41AB-A1D7-A1D9DFCE924F-100x100.jpeg 100w, https:\/\/cungtenhanoi.com\/wp-content\/uploads\/2019\/08\/1F523E1B-1121-41AB-A1D7-A1D9DFCE924F-600x600.jpeg 600w, https:\/\/cungtenhanoi.com\/wp-content\/uploads\/2019\/08\/1F523E1B-1121-41AB-A1D7-A1D9DFCE924F-64x64.jpeg 64w, https:\/\/cungtenhanoi.com\/wp-content\/uploads\/2019\/08\/1F523E1B-1121-41AB-A1D7-A1D9DFCE924F-150x150.jpeg 150w, https:\/\/cungtenhanoi.com\/wp-content\/uploads\/2019\/08\/1F523E1B-1121-41AB-A1D7-A1D9DFCE924F-768x768.jpeg 768w, https:\/\/cungtenhanoi.com\/wp-content\/uploads\/2019\/08\/1F523E1B-1121-41AB-A1D7-A1D9DFCE924F-180x180.jpeg 180w, https:\/\/cungtenhanoi.com\/wp-content\/uploads\/2019\/08\/1F523E1B-1121-41AB-A1D7-A1D9DFCE924F-45x45.jpeg 45w, https:\/\/cungtenhanoi.com\/wp-content\/uploads\/2019\/08\/1F523E1B-1121-41AB-A1D7-A1D9DFCE924F.jpeg 800w\" sizes=\"(max-width: 300px) 100vw, 300px\" \/> <img loading=\"lazy\" class=\"aligncenter size-medium wp-image-404\" src=\"http:\/\/cungtenhanoi.com\/wp-content\/uploads\/2019\/08\/4B278C9B-DADF-4751-8FD4-3175C87E531E-300x300.jpeg\" alt=\"\" width=\"300\" height=\"300\" srcset=\"https:\/\/cungtenhanoi.com\/wp-content\/uploads\/2019\/08\/4B278C9B-DADF-4751-8FD4-3175C87E531E-300x300.jpeg 300w, https:\/\/cungtenhanoi.com\/wp-content\/uploads\/2019\/08\/4B278C9B-DADF-4751-8FD4-3175C87E531E-100x100.jpeg 100w, https:\/\/cungtenhanoi.com\/wp-content\/uploads\/2019\/08\/4B278C9B-DADF-4751-8FD4-3175C87E531E-600x600.jpeg 600w, https:\/\/cungtenhanoi.com\/wp-content\/uploads\/2019\/08\/4B278C9B-DADF-4751-8FD4-3175C87E531E-64x64.jpeg 64w, https:\/\/cungtenhanoi.com\/wp-content\/uploads\/2019\/08\/4B278C9B-DADF-4751-8FD4-3175C87E531E.jpeg 800w\" sizes=\"(max-width: 300px) 100vw, 300px\" \/>T\u00ea<\/p>\n","protected":false},"excerpt":{"rendered":"<p>T\u00ea<\/p>\n","protected":false},"featured_media":402,"comment_status":"open","ping_status":"closed","template":"","meta":[],"product_cat":[24],"product_tag":[58,60,59],"acf":[],"yoast_head":"<!-- This site is optimized with the Yoast SEO plugin v19.8 - https:\/\/yoast.com\/wordpress\/plugins\/seo\/ -->\n<title>M\u0169i t\u00ean cacbon ARK - Cung T\u00ean H\u00e0 N\u1ed9i<\/title>\n<meta name=\"description\" content=\"mua cung t\u00ean th\u1ec3 thao, mua cung t\u00ean t\u1ea1i h\u00e0 n\u1ed9i, cung tr\u1ee3 l\u1ef1c, cung compound, cung t\u00ean ch\u00ednh h\u00e3ng, cung t\u00ean m\u1ea1nh,cung t\u00ean h\u00e0 n\u1ed9i, cung t\u00ean , mua cung t\u00ean S\u00e0i g\u00f2n , mua m\u0169i t\u00ean b\u1eafn cung , cung b\u1eafn bi s\u1eaft , cung t\u00ean mini\" \/>\n<meta name=\"robots\" content=\"index, follow, max-snippet:-1, max-image-preview:large, max-video-preview:-1\" \/>\n<link rel=\"canonical\" href=\"https:\/\/cungtenhanoi.com\/?product=mui-ten-cacbon-ark\" \/>\n<meta property=\"og:locale\" content=\"vi_VN\" \/>\n<meta property=\"og:type\" content=\"article\" \/>\n<meta property=\"og:title\" content=\"M\u0169i t\u00ean cacbon ARK - Cung T\u00ean H\u00e0 N\u1ed9i\" \/>\n<meta property=\"og:description\" content=\"mua cung t\u00ean th\u1ec3 thao, mua cung t\u00ean t\u1ea1i h\u00e0 n\u1ed9i, cung tr\u1ee3 l\u1ef1c, cung compound, cung t\u00ean ch\u00ednh h\u00e3ng, cung t\u00ean m\u1ea1nh,cung t\u00ean h\u00e0 n\u1ed9i, cung t\u00ean , mua cung t\u00ean S\u00e0i g\u00f2n , mua m\u0169i t\u00ean b\u1eafn cung , cung b\u1eafn bi s\u1eaft , cung t\u00ean mini\" \/>\n<meta property=\"og:url\" content=\"https:\/\/cungtenhanoi.com\/?product=mui-ten-cacbon-ark\" \/>\n<meta property=\"og:site_name\" content=\"Cung T\u00ean H\u00e0 N\u1ed9i\" \/>\n<meta property=\"og:image\" content=\"https:\/\/cungtenhanoi.com\/wp-content\/uploads\/2019\/08\/A786214D-4E77-405C-AFA4-B19CFD03F468.jpeg\" \/>\n\t<meta property=\"og:image:width\" content=\"800\" \/>\n\t<meta property=\"og:image:height\" content=\"800\" \/>\n\t<meta property=\"og:image:type\" content=\"image\/jpeg\" \/>\n<meta name=\"twitter:card\" content=\"summary_large_image\" \/>\n<script type=\"application\/ld+json\" class=\"yoast-schema-graph\">{\"@context\":\"https:\/\/schema.org\",\"@graph\":[{\"@type\":\"WebPage\",\"@id\":\"https:\/\/cungtenhanoi.com\/?product=mui-ten-cacbon-ark\",\"url\":\"https:\/\/cungtenhanoi.com\/?product=mui-ten-cacbon-ark\",\"name\":\"M\u0169i t\u00ean cacbon ARK - Cung T\u00ean H\u00e0 N\u1ed9i\",\"isPartOf\":{\"@id\":\"https:\/\/cungtenhanoi.com\/#website\"},\"datePublished\":\"2019-08-22T06:32:30+00:00\",\"dateModified\":\"2019-08-22T06:32:30+00:00\",\"description\":\"mua cung t\u00ean th\u1ec3 thao, mua cung t\u00ean t\u1ea1i h\u00e0 n\u1ed9i, cung tr\u1ee3 l\u1ef1c, cung compound, cung t\u00ean ch\u00ednh h\u00e3ng, cung t\u00ean m\u1ea1nh,cung t\u00ean h\u00e0 n\u1ed9i, cung t\u00ean , mua cung t\u00ean S\u00e0i g\u00f2n , mua m\u0169i t\u00ean b\u1eafn cung , cung b\u1eafn bi s\u1eaft , cung t\u00ean mini\",\"breadcrumb\":{\"@id\":\"https:\/\/cungtenhanoi.com\/?product=mui-ten-cacbon-ark#breadcrumb\"},\"inLanguage\":\"vi\",\"potentialAction\":[{\"@type\":\"ReadAction\",\"target\":[\"https:\/\/cungtenhanoi.com\/?product=mui-ten-cacbon-ark\"]}]},{\"@type\":\"BreadcrumbList\",\"@id\":\"https:\/\/cungtenhanoi.com\/?product=mui-ten-cacbon-ark#breadcrumb\",\"itemListElement\":[{\"@type\":\"ListItem\",\"position\":1,\"name\":\"Trang ch\u1ee7\",\"item\":\"https:\/\/cungtenhanoi.com\/\"},{\"@type\":\"ListItem\",\"position\":2,\"name\":\"Shop\",\"item\":\"https:\/\/cungtenhanoi.com\/?page_id=6\"},{\"@type\":\"ListItem\",\"position\":3,\"name\":\"T\u00ean\",\"item\":\"https:\/\/cungtenhanoi.com\/danh-muc\/ten\/\"},{\"@type\":\"ListItem\",\"position\":4,\"name\":\"M\u0169i t\u00ean cacbon ARK\"}]},{\"@type\":\"WebSite\",\"@id\":\"https:\/\/cungtenhanoi.com\/#website\",\"url\":\"https:\/\/cungtenhanoi.com\/\",\"name\":\"Cung T\u00ean H\u00e0 N\u1ed9i\",\"description\":\"Cung c\u1ea5p c\u00e1c lo\u1ea1i cung t\u00ean th\u1ec3 thao s\u1ed1 1 Vi\u1ec7t Nam\",\"publisher\":{\"@id\":\"https:\/\/cungtenhanoi.com\/#organization\"},\"potentialAction\":[{\"@type\":\"SearchAction\",\"target\":{\"@type\":\"EntryPoint\",\"urlTemplate\":\"https:\/\/cungtenhanoi.com\/?s={search_term_string}\"},\"query-input\":\"required name=search_term_string\"}],\"inLanguage\":\"vi\"},{\"@type\":\"Organization\",\"@id\":\"https:\/\/cungtenhanoi.com\/#organization\",\"name\":\"Cung T\u00ean H\u00e0 N\u1ed9i\",\"url\":\"https:\/\/cungtenhanoi.com\/\",\"sameAs\":[],\"logo\":{\"@type\":\"ImageObject\",\"inLanguage\":\"vi\",\"@id\":\"https:\/\/cungtenhanoi.com\/#\/schema\/logo\/image\/\",\"url\":\"https:\/\/cungtenhanoi.com\/wp-content\/uploads\/2025\/05\/logo-den-trang.jpg\",\"contentUrl\":\"https:\/\/cungtenhanoi.com\/wp-content\/uploads\/2025\/05\/logo-den-trang.jpg\",\"width\":450,\"height\":450,\"caption\":\"Cung T\u00ean H\u00e0 N\u1ed9i\"},\"image\":{\"@id\":\"https:\/\/cungtenhanoi.com\/#\/schema\/logo\/image\/\"}}]}<\/script>\n<!-- \/ Yoast SEO plugin. -->","yoast_head_json":{"title":"M\u0169i t\u00ean cacbon ARK - Cung T\u00ean H\u00e0 N\u1ed9i","description":"mua cung t\u00ean th\u1ec3 thao, mua cung t\u00ean t\u1ea1i h\u00e0 n\u1ed9i, cung tr\u1ee3 l\u1ef1c, cung compound, cung t\u00ean ch\u00ednh h\u00e3ng, cung t\u00ean m\u1ea1nh,cung t\u00ean h\u00e0 n\u1ed9i, cung t\u00ean , mua cung t\u00ean S\u00e0i g\u00f2n , mua m\u0169i t\u00ean b\u1eafn cung , cung b\u1eafn bi s\u1eaft , cung t\u00ean mini","robots":{"index":"index","follow":"follow","max-snippet":"max-snippet:-1","max-image-preview":"max-image-preview:large","max-video-preview":"max-video-preview:-1"},"canonical":"https:\/\/cungtenhanoi.com\/?product=mui-ten-cacbon-ark","og_locale":"vi_VN","og_type":"article","og_title":"M\u0169i t\u00ean cacbon ARK - Cung T\u00ean H\u00e0 N\u1ed9i","og_description":"mua cung t\u00ean th\u1ec3 thao, mua cung t\u00ean t\u1ea1i h\u00e0 n\u1ed9i, cung tr\u1ee3 l\u1ef1c, cung compound, cung t\u00ean ch\u00ednh h\u00e3ng, cung t\u00ean m\u1ea1nh,cung t\u00ean h\u00e0 n\u1ed9i, cung t\u00ean , mua cung t\u00ean S\u00e0i g\u00f2n , mua m\u0169i t\u00ean b\u1eafn cung , cung b\u1eafn bi s\u1eaft , cung t\u00ean mini","og_url":"https:\/\/cungtenhanoi.com\/?product=mui-ten-cacbon-ark","og_site_name":"Cung T\u00ean H\u00e0 N\u1ed9i","og_image":[{"width":800,"height":800,"url":"https:\/\/cungtenhanoi.com\/wp-content\/uploads\/2019\/08\/A786214D-4E77-405C-AFA4-B19CFD03F468.jpeg","type":"image\/jpeg"}],"twitter_card":"summary_large_image","schema":{"@context":"https:\/\/schema.org","@graph":[{"@type":"WebPage","@id":"https:\/\/cungtenhanoi.com\/?product=mui-ten-cacbon-ark","url":"https:\/\/cungtenhanoi.com\/?product=mui-ten-cacbon-ark","name":"M\u0169i t\u00ean cacbon ARK - Cung T\u00ean H\u00e0 N\u1ed9i","isPartOf":{"@id":"https:\/\/cungtenhanoi.com\/#website"},"datePublished":"2019-08-22T06:32:30+00:00","dateModified":"2019-08-22T06:32:30+00:00","description":"mua cung t\u00ean th\u1ec3 thao, mua cung t\u00ean t\u1ea1i h\u00e0 n\u1ed9i, cung tr\u1ee3 l\u1ef1c, cung compound, cung t\u00ean ch\u00ednh h\u00e3ng, cung t\u00ean m\u1ea1nh,cung t\u00ean h\u00e0 n\u1ed9i, cung t\u00ean , mua cung t\u00ean S\u00e0i g\u00f2n , mua m\u0169i t\u00ean b\u1eafn cung , cung b\u1eafn bi s\u1eaft , cung t\u00ean mini","breadcrumb":{"@id":"https:\/\/cungtenhanoi.com\/?product=mui-ten-cacbon-ark#breadcrumb"},"inLanguage":"vi","potentialAction":[{"@type":"ReadAction","target":["https:\/\/cungtenhanoi.com\/?product=mui-ten-cacbon-ark"]}]},{"@type":"BreadcrumbList","@id":"https:\/\/cungtenhanoi.com\/?product=mui-ten-cacbon-ark#breadcrumb","itemListElement":[{"@type":"ListItem","position":1,"name":"Trang ch\u1ee7","item":"https:\/\/cungtenhanoi.com\/"},{"@type":"ListItem","position":2,"name":"Shop","item":"https:\/\/cungtenhanoi.com\/?page_id=6"},{"@type":"ListItem","position":3,"name":"T\u00ean","item":"https:\/\/cungtenhanoi.com\/danh-muc\/ten\/"},{"@type":"ListItem","position":4,"name":"M\u0169i t\u00ean cacbon ARK"}]},{"@type":"WebSite","@id":"https:\/\/cungtenhanoi.com\/#website","url":"https:\/\/cungtenhanoi.com\/","name":"Cung T\u00ean H\u00e0 N\u1ed9i","description":"Cung c\u1ea5p c\u00e1c lo\u1ea1i cung t\u00ean th\u1ec3 thao s\u1ed1 1 Vi\u1ec7t Nam","publisher":{"@id":"https:\/\/cungtenhanoi.com\/#organization"},"potentialAction":[{"@type":"SearchAction","target":{"@type":"EntryPoint","urlTemplate":"https:\/\/cungtenhanoi.com\/?s={search_term_string}"},"query-input":"required name=search_term_string"}],"inLanguage":"vi"},{"@type":"Organization","@id":"https:\/\/cungtenhanoi.com\/#organization","name":"Cung T\u00ean H\u00e0 N\u1ed9i","url":"https:\/\/cungtenhanoi.com\/","sameAs":[],"logo":{"@type":"ImageObject","inLanguage":"vi","@id":"https:\/\/cungtenhanoi.com\/#\/schema\/logo\/image\/","url":"https:\/\/cungtenhanoi.com\/wp-content\/uploads\/2025\/05\/logo-den-trang.jpg","contentUrl":"https:\/\/cungtenhanoi.com\/wp-content\/uploads\/2025\/05\/logo-den-trang.jpg","width":450,"height":450,"caption":"Cung T\u00ean H\u00e0 N\u1ed9i"},"image":{"@id":"https:\/\/cungtenhanoi.com\/#\/schema\/logo\/image\/"}}]}},"_links":{"self":[{"href":"https:\/\/cungtenhanoi.com\/index.php?rest_route=\/wp\/v2\/product\/398"}],"collection":[{"href":"https:\/\/cungtenhanoi.com\/index.php?rest_route=\/wp\/v2\/product"}],"about":[{"href":"https:\/\/cungtenhanoi.com\/index.php?rest_route=\/wp\/v2\/types\/product"}],"replies":[{"embeddable":true,"href":"https:\/\/cungtenhanoi.com\/index.php?rest_route=%2Fwp%2Fv2%2Fcomments&post=398"}],"wp:featuredmedia":[{"embeddable":true,"href":"https:\/\/cungtenhanoi.com\/index.php?rest_route=\/wp\/v2\/media\/402"}],"wp:attachment":[{"href":"https:\/\/cungtenhanoi.com\/index.php?rest_route=%2Fwp%2Fv2%2Fmedia&parent=398"}],"wp:term":[{"taxonomy":"product_cat","embeddable":true,"href":"https:\/\/cungtenhanoi.com\/index.php?rest_route=%2Fwp%2Fv2%2Fproduct_cat&post=398"},{"taxonomy":"product_tag","embeddable":true,"href":"https:\/\/cungtenhanoi.com\/index.php?rest_route=%2Fwp%2Fv2%2Fproduct_tag&post=398"}],"curies":[{"name":"wp","href":"https:\/\/api.w.org\/{rel}","templated":true}]}}