{"id":445,"date":"2019-08-27T15:55:24","date_gmt":"2019-08-27T08:55:24","guid":{"rendered":"http:\/\/cungtenhanoi.com\/?post_type=product&#038;p=445"},"modified":"2023-01-04T15:39:51","modified_gmt":"2023-01-04T08:39:51","slug":"mui-ten-cacbon-gk200","status":"publish","type":"product","link":"https:\/\/cungtenhanoi.com\/?product=mui-ten-cacbon-gk200","title":{"rendered":"M\u0169i t\u00ean cacbon GK200"},"content":{"rendered":"<p style=\"text-align: center;\">M\u0169i t\u00ean cacbon GK200 spiner 600 vand l\u00f4ng v\u0169 &#8211; chi\u1ec1u d\u00e0i 80cm \u0111\u1ea7u v\u1eb7n c\u00f3 th\u1ec3 thay th\u1ebf \u0111\u1ea7u s\u0103n, ph\u00f9 h\u1ee3p v\u1edbi cung hunting, cung recuver rest l\u00f4ng g\u1ea5u v\u00e0 rest l\u01b0\u1ee1i g\u00e0.<\/p>\n<p><img loading=\"lazy\" class=\"aligncenter size-full wp-image-446\" src=\"http:\/\/cungtenhanoi.com\/wp-content\/uploads\/2019\/08\/TB2Er0EXY9YBuNjy0FgXXcxcXXa_2476335107.jpg\" alt=\"\" width=\"800\" height=\"800\" srcset=\"https:\/\/cungtenhanoi.com\/wp-content\/uploads\/2019\/08\/TB2Er0EXY9YBuNjy0FgXXcxcXXa_2476335107.jpg 800w, https:\/\/cungtenhanoi.com\/wp-content\/uploads\/2019\/08\/TB2Er0EXY9YBuNjy0FgXXcxcXXa_2476335107-300x300.jpg 300w, https:\/\/cungtenhanoi.com\/wp-content\/uploads\/2019\/08\/TB2Er0EXY9YBuNjy0FgXXcxcXXa_2476335107-100x100.jpg 100w, https:\/\/cungtenhanoi.com\/wp-content\/uploads\/2019\/08\/TB2Er0EXY9YBuNjy0FgXXcxcXXa_2476335107-600x600.jpg 600w, https:\/\/cungtenhanoi.com\/wp-content\/uploads\/2019\/08\/TB2Er0EXY9YBuNjy0FgXXcxcXXa_2476335107-64x64.jpg 64w\" sizes=\"(max-width: 800px) 100vw, 800px\" \/> <img loading=\"lazy\" class=\"aligncenter size-full wp-image-447\" src=\"http:\/\/cungtenhanoi.com\/wp-content\/uploads\/2019\/08\/TB2iM.IgywIL1JjSZFsXXcXFFXa_2476335107.jpg\" alt=\"\" width=\"800\" height=\"800\" srcset=\"https:\/\/cungtenhanoi.com\/wp-content\/uploads\/2019\/08\/TB2iM.IgywIL1JjSZFsXXcXFFXa_2476335107.jpg 800w, https:\/\/cungtenhanoi.com\/wp-content\/uploads\/2019\/08\/TB2iM.IgywIL1JjSZFsXXcXFFXa_2476335107-300x300.jpg 300w, https:\/\/cungtenhanoi.com\/wp-content\/uploads\/2019\/08\/TB2iM.IgywIL1JjSZFsXXcXFFXa_2476335107-100x100.jpg 100w, https:\/\/cungtenhanoi.com\/wp-content\/uploads\/2019\/08\/TB2iM.IgywIL1JjSZFsXXcXFFXa_2476335107-600x600.jpg 600w, https:\/\/cungtenhanoi.com\/wp-content\/uploads\/2019\/08\/TB2iM.IgywIL1JjSZFsXXcXFFXa_2476335107-64x64.jpg 64w, https:\/\/cungtenhanoi.com\/wp-content\/uploads\/2019\/08\/TB2iM.IgywIL1JjSZFsXXcXFFXa_2476335107-150x150.jpg 150w, https:\/\/cungtenhanoi.com\/wp-content\/uploads\/2019\/08\/TB2iM.IgywIL1JjSZFsXXcXFFXa_2476335107-768x768.jpg 768w, https:\/\/cungtenhanoi.com\/wp-content\/uploads\/2019\/08\/TB2iM.IgywIL1JjSZFsXXcXFFXa_2476335107-180x180.jpg 180w, https:\/\/cungtenhanoi.com\/wp-content\/uploads\/2019\/08\/TB2iM.IgywIL1JjSZFsXXcXFFXa_2476335107-45x45.jpg 45w\" sizes=\"(max-width: 800px) 100vw, 800px\" \/> <img loading=\"lazy\" class=\"aligncenter size-full wp-image-448\" src=\"http:\/\/cungtenhanoi.com\/wp-content\/uploads\/2019\/08\/TB2q0dImYYI8KJjy0FaXXbAiVXa_2476335107.jpg\" alt=\"\" width=\"800\" height=\"800\" srcset=\"https:\/\/cungtenhanoi.com\/wp-content\/uploads\/2019\/08\/TB2q0dImYYI8KJjy0FaXXbAiVXa_2476335107.jpg 800w, https:\/\/cungtenhanoi.com\/wp-content\/uploads\/2019\/08\/TB2q0dImYYI8KJjy0FaXXbAiVXa_2476335107-300x300.jpg 300w, https:\/\/cungtenhanoi.com\/wp-content\/uploads\/2019\/08\/TB2q0dImYYI8KJjy0FaXXbAiVXa_2476335107-100x100.jpg 100w, https:\/\/cungtenhanoi.com\/wp-content\/uploads\/2019\/08\/TB2q0dImYYI8KJjy0FaXXbAiVXa_2476335107-600x600.jpg 600w, https:\/\/cungtenhanoi.com\/wp-content\/uploads\/2019\/08\/TB2q0dImYYI8KJjy0FaXXbAiVXa_2476335107-64x64.jpg 64w\" sizes=\"(max-width: 800px) 100vw, 800px\" \/> <img loading=\"lazy\" class=\"aligncenter size-full wp-image-449\" src=\"http:\/\/cungtenhanoi.com\/wp-content\/uploads\/2019\/08\/TB2uR6_f50TMKJjSZFNXXa_1FXa_2476335107.jpg\" alt=\"\" width=\"800\" height=\"800\" srcset=\"https:\/\/cungtenhanoi.com\/wp-content\/uploads\/2019\/08\/TB2uR6_f50TMKJjSZFNXXa_1FXa_2476335107.jpg 800w, https:\/\/cungtenhanoi.com\/wp-content\/uploads\/2019\/08\/TB2uR6_f50TMKJjSZFNXXa_1FXa_2476335107-300x300.jpg 300w, https:\/\/cungtenhanoi.com\/wp-content\/uploads\/2019\/08\/TB2uR6_f50TMKJjSZFNXXa_1FXa_2476335107-100x100.jpg 100w, https:\/\/cungtenhanoi.com\/wp-content\/uploads\/2019\/08\/TB2uR6_f50TMKJjSZFNXXa_1FXa_2476335107-600x600.jpg 600w, https:\/\/cungtenhanoi.com\/wp-content\/uploads\/2019\/08\/TB2uR6_f50TMKJjSZFNXXa_1FXa_2476335107-64x64.jpg 64w, https:\/\/cungtenhanoi.com\/wp-content\/uploads\/2019\/08\/TB2uR6_f50TMKJjSZFNXXa_1FXa_2476335107-150x150.jpg 150w, https:\/\/cungtenhanoi.com\/wp-content\/uploads\/2019\/08\/TB2uR6_f50TMKJjSZFNXXa_1FXa_2476335107-768x768.jpg 768w, https:\/\/cungtenhanoi.com\/wp-content\/uploads\/2019\/08\/TB2uR6_f50TMKJjSZFNXXa_1FXa_2476335107-180x180.jpg 180w, https:\/\/cungtenhanoi.com\/wp-content\/uploads\/2019\/08\/TB2uR6_f50TMKJjSZFNXXa_1FXa_2476335107-45x45.jpg 45w\" sizes=\"(max-width: 800px) 100vw, 800px\" \/> <img loading=\"lazy\" class=\"aligncenter size-full wp-image-450\" src=\"http:\/\/cungtenhanoi.com\/wp-content\/uploads\/2019\/08\/TB23fJzX9CWBuNjy0FhXXb6EVXa_2476335107.jpg\" alt=\"\" width=\"750\" height=\"516\" srcset=\"https:\/\/cungtenhanoi.com\/wp-content\/uploads\/2019\/08\/TB23fJzX9CWBuNjy0FhXXb6EVXa_2476335107.jpg 750w, https:\/\/cungtenhanoi.com\/wp-content\/uploads\/2019\/08\/TB23fJzX9CWBuNjy0FhXXb6EVXa_2476335107-600x413.jpg 600w, https:\/\/cungtenhanoi.com\/wp-content\/uploads\/2019\/08\/TB23fJzX9CWBuNjy0FhXXb6EVXa_2476335107-64x44.jpg 64w, https:\/\/cungtenhanoi.com\/wp-content\/uploads\/2019\/08\/TB23fJzX9CWBuNjy0FhXXb6EVXa_2476335107-300x206.jpg 300w\" sizes=\"(max-width: 750px) 100vw, 750px\" \/><\/p>\n","protected":false},"excerpt":{"rendered":"<p>M\u0169i t\u00ean cacbon GK200 spiner 600 vand l\u00f4ng v\u0169 &#8211; chi\u1ec1u d\u00e0i 80cm \u0111\u1ea7u v\u1eb7n c\u00f3 th\u1ec3 thay th\u1ebf \u0111\u1ea7u s\u0103n, ph\u00f9 h\u1ee3p v\u1edbi cung hunting, cung recuver rest l\u00f4ng g\u1ea5u v\u00e0 rest l\u01b0\u1ee1i g\u00e0.<\/p>\n","protected":false},"featured_media":446,"comment_status":"open","ping_status":"closed","template":"","meta":[],"product_cat":[24],"product_tag":[60,62,59],"acf":[],"yoast_head":"<!-- This site is optimized with the Yoast SEO plugin v19.8 - https:\/\/yoast.com\/wordpress\/plugins\/seo\/ -->\n<title>M\u0169i t\u00ean cacbon GK200 - Cung T\u00ean H\u00e0 N\u1ed9i<\/title>\n<meta name=\"description\" content=\"mua cung t\u00ean th\u1ec3 thao, mua cung t\u00ean t\u1ea1i h\u00e0 n\u1ed9i, cung tr\u1ee3 l\u1ef1c, cung compound, cung t\u00ean ch\u00ednh h\u00e3ng, cung t\u00ean m\u1ea1nh,cung t\u00ean h\u00e0 n\u1ed9i, cung t\u00ean , mua cung t\u00ean S\u00e0i g\u00f2n , mua m\u0169i t\u00ean b\u1eafn cung , cung b\u1eafn bi s\u1eaft , cung t\u00ean mini\" \/>\n<meta name=\"robots\" content=\"index, follow, max-snippet:-1, max-image-preview:large, max-video-preview:-1\" \/>\n<link rel=\"canonical\" href=\"https:\/\/cungtenhanoi.com\/?product=mui-ten-cacbon-gk200\" \/>\n<meta property=\"og:locale\" content=\"vi_VN\" \/>\n<meta property=\"og:type\" content=\"article\" \/>\n<meta property=\"og:title\" content=\"M\u0169i t\u00ean cacbon GK200 - Cung T\u00ean H\u00e0 N\u1ed9i\" \/>\n<meta property=\"og:description\" content=\"mua cung t\u00ean th\u1ec3 thao, mua cung t\u00ean t\u1ea1i h\u00e0 n\u1ed9i, cung tr\u1ee3 l\u1ef1c, cung compound, cung t\u00ean ch\u00ednh h\u00e3ng, cung t\u00ean m\u1ea1nh,cung t\u00ean h\u00e0 n\u1ed9i, cung t\u00ean , mua cung t\u00ean S\u00e0i g\u00f2n , mua m\u0169i t\u00ean b\u1eafn cung , cung b\u1eafn bi s\u1eaft , cung t\u00ean mini\" \/>\n<meta property=\"og:url\" content=\"https:\/\/cungtenhanoi.com\/?product=mui-ten-cacbon-gk200\" \/>\n<meta property=\"og:site_name\" content=\"Cung T\u00ean H\u00e0 N\u1ed9i\" \/>\n<meta property=\"article:modified_time\" content=\"2023-01-04T08:39:51+00:00\" \/>\n<meta property=\"og:image\" content=\"https:\/\/cungtenhanoi.com\/wp-content\/uploads\/2019\/08\/TB2Er0EXY9YBuNjy0FgXXcxcXXa_2476335107.jpg\" \/>\n\t<meta property=\"og:image:width\" content=\"800\" \/>\n\t<meta property=\"og:image:height\" content=\"800\" \/>\n\t<meta property=\"og:image:type\" content=\"image\/jpeg\" \/>\n<meta name=\"twitter:card\" content=\"summary_large_image\" \/>\n<script type=\"application\/ld+json\" class=\"yoast-schema-graph\">{\"@context\":\"https:\/\/schema.org\",\"@graph\":[{\"@type\":\"WebPage\",\"@id\":\"https:\/\/cungtenhanoi.com\/?product=mui-ten-cacbon-gk200\",\"url\":\"https:\/\/cungtenhanoi.com\/?product=mui-ten-cacbon-gk200\",\"name\":\"M\u0169i t\u00ean cacbon GK200 - Cung T\u00ean H\u00e0 N\u1ed9i\",\"isPartOf\":{\"@id\":\"https:\/\/cungtenhanoi.com\/#website\"},\"datePublished\":\"2019-08-27T08:55:24+00:00\",\"dateModified\":\"2023-01-04T08:39:51+00:00\",\"description\":\"mua cung t\u00ean th\u1ec3 thao, mua cung t\u00ean t\u1ea1i h\u00e0 n\u1ed9i, cung tr\u1ee3 l\u1ef1c, cung compound, cung t\u00ean ch\u00ednh h\u00e3ng, cung t\u00ean m\u1ea1nh,cung t\u00ean h\u00e0 n\u1ed9i, cung t\u00ean , mua cung t\u00ean S\u00e0i g\u00f2n , mua m\u0169i t\u00ean b\u1eafn cung , cung b\u1eafn bi s\u1eaft , cung t\u00ean mini\",\"breadcrumb\":{\"@id\":\"https:\/\/cungtenhanoi.com\/?product=mui-ten-cacbon-gk200#breadcrumb\"},\"inLanguage\":\"vi\",\"potentialAction\":[{\"@type\":\"ReadAction\",\"target\":[\"https:\/\/cungtenhanoi.com\/?product=mui-ten-cacbon-gk200\"]}]},{\"@type\":\"BreadcrumbList\",\"@id\":\"https:\/\/cungtenhanoi.com\/?product=mui-ten-cacbon-gk200#breadcrumb\",\"itemListElement\":[{\"@type\":\"ListItem\",\"position\":1,\"name\":\"Trang ch\u1ee7\",\"item\":\"https:\/\/cungtenhanoi.com\/\"},{\"@type\":\"ListItem\",\"position\":2,\"name\":\"Shop\",\"item\":\"https:\/\/cungtenhanoi.com\/?page_id=6\"},{\"@type\":\"ListItem\",\"position\":3,\"name\":\"T\u00ean\",\"item\":\"https:\/\/cungtenhanoi.com\/danh-muc\/ten\/\"},{\"@type\":\"ListItem\",\"position\":4,\"name\":\"M\u0169i t\u00ean cacbon GK200\"}]},{\"@type\":\"WebSite\",\"@id\":\"https:\/\/cungtenhanoi.com\/#website\",\"url\":\"https:\/\/cungtenhanoi.com\/\",\"name\":\"Cung T\u00ean H\u00e0 N\u1ed9i\",\"description\":\"Cung c\u1ea5p c\u00e1c lo\u1ea1i cung t\u00ean th\u1ec3 thao s\u1ed1 1 Vi\u1ec7t Nam\",\"publisher\":{\"@id\":\"https:\/\/cungtenhanoi.com\/#organization\"},\"potentialAction\":[{\"@type\":\"SearchAction\",\"target\":{\"@type\":\"EntryPoint\",\"urlTemplate\":\"https:\/\/cungtenhanoi.com\/?s={search_term_string}\"},\"query-input\":\"required name=search_term_string\"}],\"inLanguage\":\"vi\"},{\"@type\":\"Organization\",\"@id\":\"https:\/\/cungtenhanoi.com\/#organization\",\"name\":\"Cung T\u00ean H\u00e0 N\u1ed9i\",\"url\":\"https:\/\/cungtenhanoi.com\/\",\"sameAs\":[],\"logo\":{\"@type\":\"ImageObject\",\"inLanguage\":\"vi\",\"@id\":\"https:\/\/cungtenhanoi.com\/#\/schema\/logo\/image\/\",\"url\":\"https:\/\/cungtenhanoi.com\/wp-content\/uploads\/2025\/05\/logo-den-trang.jpg\",\"contentUrl\":\"https:\/\/cungtenhanoi.com\/wp-content\/uploads\/2025\/05\/logo-den-trang.jpg\",\"width\":450,\"height\":450,\"caption\":\"Cung T\u00ean H\u00e0 N\u1ed9i\"},\"image\":{\"@id\":\"https:\/\/cungtenhanoi.com\/#\/schema\/logo\/image\/\"}}]}<\/script>\n<!-- \/ Yoast SEO plugin. -->","yoast_head_json":{"title":"M\u0169i t\u00ean cacbon GK200 - Cung T\u00ean H\u00e0 N\u1ed9i","description":"mua cung t\u00ean th\u1ec3 thao, mua cung t\u00ean t\u1ea1i h\u00e0 n\u1ed9i, cung tr\u1ee3 l\u1ef1c, cung compound, cung t\u00ean ch\u00ednh h\u00e3ng, cung t\u00ean m\u1ea1nh,cung t\u00ean h\u00e0 n\u1ed9i, cung t\u00ean , mua cung t\u00ean S\u00e0i g\u00f2n , mua m\u0169i t\u00ean b\u1eafn cung , cung b\u1eafn bi s\u1eaft , cung t\u00ean mini","robots":{"index":"index","follow":"follow","max-snippet":"max-snippet:-1","max-image-preview":"max-image-preview:large","max-video-preview":"max-video-preview:-1"},"canonical":"https:\/\/cungtenhanoi.com\/?product=mui-ten-cacbon-gk200","og_locale":"vi_VN","og_type":"article","og_title":"M\u0169i t\u00ean cacbon GK200 - Cung T\u00ean H\u00e0 N\u1ed9i","og_description":"mua cung t\u00ean th\u1ec3 thao, mua cung t\u00ean t\u1ea1i h\u00e0 n\u1ed9i, cung tr\u1ee3 l\u1ef1c, cung compound, cung t\u00ean ch\u00ednh h\u00e3ng, cung t\u00ean m\u1ea1nh,cung t\u00ean h\u00e0 n\u1ed9i, cung t\u00ean , mua cung t\u00ean S\u00e0i g\u00f2n , mua m\u0169i t\u00ean b\u1eafn cung , cung b\u1eafn bi s\u1eaft , cung t\u00ean mini","og_url":"https:\/\/cungtenhanoi.com\/?product=mui-ten-cacbon-gk200","og_site_name":"Cung T\u00ean H\u00e0 N\u1ed9i","article_modified_time":"2023-01-04T08:39:51+00:00","og_image":[{"width":800,"height":800,"url":"https:\/\/cungtenhanoi.com\/wp-content\/uploads\/2019\/08\/TB2Er0EXY9YBuNjy0FgXXcxcXXa_2476335107.jpg","type":"image\/jpeg"}],"twitter_card":"summary_large_image","schema":{"@context":"https:\/\/schema.org","@graph":[{"@type":"WebPage","@id":"https:\/\/cungtenhanoi.com\/?product=mui-ten-cacbon-gk200","url":"https:\/\/cungtenhanoi.com\/?product=mui-ten-cacbon-gk200","name":"M\u0169i t\u00ean cacbon GK200 - Cung T\u00ean H\u00e0 N\u1ed9i","isPartOf":{"@id":"https:\/\/cungtenhanoi.com\/#website"},"datePublished":"2019-08-27T08:55:24+00:00","dateModified":"2023-01-04T08:39:51+00:00","description":"mua cung t\u00ean th\u1ec3 thao, mua cung t\u00ean t\u1ea1i h\u00e0 n\u1ed9i, cung tr\u1ee3 l\u1ef1c, cung compound, cung t\u00ean ch\u00ednh h\u00e3ng, cung t\u00ean m\u1ea1nh,cung t\u00ean h\u00e0 n\u1ed9i, cung t\u00ean , mua cung t\u00ean S\u00e0i g\u00f2n , mua m\u0169i t\u00ean b\u1eafn cung , cung b\u1eafn bi s\u1eaft , cung t\u00ean mini","breadcrumb":{"@id":"https:\/\/cungtenhanoi.com\/?product=mui-ten-cacbon-gk200#breadcrumb"},"inLanguage":"vi","potentialAction":[{"@type":"ReadAction","target":["https:\/\/cungtenhanoi.com\/?product=mui-ten-cacbon-gk200"]}]},{"@type":"BreadcrumbList","@id":"https:\/\/cungtenhanoi.com\/?product=mui-ten-cacbon-gk200#breadcrumb","itemListElement":[{"@type":"ListItem","position":1,"name":"Trang ch\u1ee7","item":"https:\/\/cungtenhanoi.com\/"},{"@type":"ListItem","position":2,"name":"Shop","item":"https:\/\/cungtenhanoi.com\/?page_id=6"},{"@type":"ListItem","position":3,"name":"T\u00ean","item":"https:\/\/cungtenhanoi.com\/danh-muc\/ten\/"},{"@type":"ListItem","position":4,"name":"M\u0169i t\u00ean cacbon GK200"}]},{"@type":"WebSite","@id":"https:\/\/cungtenhanoi.com\/#website","url":"https:\/\/cungtenhanoi.com\/","name":"Cung T\u00ean H\u00e0 N\u1ed9i","description":"Cung c\u1ea5p c\u00e1c lo\u1ea1i cung t\u00ean th\u1ec3 thao s\u1ed1 1 Vi\u1ec7t Nam","publisher":{"@id":"https:\/\/cungtenhanoi.com\/#organization"},"potentialAction":[{"@type":"SearchAction","target":{"@type":"EntryPoint","urlTemplate":"https:\/\/cungtenhanoi.com\/?s={search_term_string}"},"query-input":"required name=search_term_string"}],"inLanguage":"vi"},{"@type":"Organization","@id":"https:\/\/cungtenhanoi.com\/#organization","name":"Cung T\u00ean H\u00e0 N\u1ed9i","url":"https:\/\/cungtenhanoi.com\/","sameAs":[],"logo":{"@type":"ImageObject","inLanguage":"vi","@id":"https:\/\/cungtenhanoi.com\/#\/schema\/logo\/image\/","url":"https:\/\/cungtenhanoi.com\/wp-content\/uploads\/2025\/05\/logo-den-trang.jpg","contentUrl":"https:\/\/cungtenhanoi.com\/wp-content\/uploads\/2025\/05\/logo-den-trang.jpg","width":450,"height":450,"caption":"Cung T\u00ean H\u00e0 N\u1ed9i"},"image":{"@id":"https:\/\/cungtenhanoi.com\/#\/schema\/logo\/image\/"}}]}},"_links":{"self":[{"href":"https:\/\/cungtenhanoi.com\/index.php?rest_route=\/wp\/v2\/product\/445"}],"collection":[{"href":"https:\/\/cungtenhanoi.com\/index.php?rest_route=\/wp\/v2\/product"}],"about":[{"href":"https:\/\/cungtenhanoi.com\/index.php?rest_route=\/wp\/v2\/types\/product"}],"replies":[{"embeddable":true,"href":"https:\/\/cungtenhanoi.com\/index.php?rest_route=%2Fwp%2Fv2%2Fcomments&post=445"}],"wp:featuredmedia":[{"embeddable":true,"href":"https:\/\/cungtenhanoi.com\/index.php?rest_route=\/wp\/v2\/media\/446"}],"wp:attachment":[{"href":"https:\/\/cungtenhanoi.com\/index.php?rest_route=%2Fwp%2Fv2%2Fmedia&parent=445"}],"wp:term":[{"taxonomy":"product_cat","embeddable":true,"href":"https:\/\/cungtenhanoi.com\/index.php?rest_route=%2Fwp%2Fv2%2Fproduct_cat&post=445"},{"taxonomy":"product_tag","embeddable":true,"href":"https:\/\/cungtenhanoi.com\/index.php?rest_route=%2Fwp%2Fv2%2Fproduct_tag&post=445"}],"curies":[{"name":"wp","href":"https:\/\/api.w.org\/{rel}","templated":true}]}}