{"id":451,"date":"2019-08-27T16:31:28","date_gmt":"2019-08-27T09:31:28","guid":{"rendered":"http:\/\/cungtenhanoi.com\/?post_type=product&#038;p=451"},"modified":"2022-03-09T20:15:16","modified_gmt":"2022-03-09T13:15:16","slug":"mui-ten-go-tre","status":"publish","type":"product","link":"https:\/\/cungtenhanoi.com\/?product=mui-ten-go-tre","title":{"rendered":"M\u0169i t\u00ean G\u1ed7 &#8211; Tre"},"content":{"rendered":"<p style=\"text-align: center;\">\u0110\u01b0\u1ee3c c\u00e1c ngh\u1ec7 nh\u00e2n l\u1ef1a ch\u1ecdn t\u1ec9 m\u1ec9 ch\u1ea5t li\u1ec7u cho \u0111\u1ed9 \u0111\u1ed3ng \u0111\u1ec1u \u0111\u1ebfn kinh ng\u1ea1c k\u1ebft h\u1ee3p v\u1edbi k\u1ef9 thu\u1eadt ch\u1ebf t\u00e1c hi\u1ec7n \u0111\u1ea1i t\u0103ng \u0111\u1ed9 b\u1ec1n v\u00e0 \u0111\u1ed9 \u1ed5n \u0111\u1ecbnh c\u1ee7a m\u0169i t\u00ean t\u1ea1o ra 1 s\u1ea3n ph\u1ea9m v\u1edbi ch\u1ea5t l\u01b0\u1ee3ng tuy\u1ec7t \u0111\u1ed1i<br \/>\nNguy\u00ean li\u1ec7u classic t\u1eeb t\u1ef1 nhi\u00ean mang \u0111\u1ebfn m\u1ed9t tr\u1ea3i nghi\u1ec7m ch\u00e2n th\u1ef1c nh\u1ea5t v\u1edbi nh\u1eefng g\u00ec t\u1eeb thu\u1edf h\u1ed3ng hoang m\u00e0 con ng\u01b0\u1eddi khai sinh ra cung t\u00ean<br \/>\nCh\u1ea5t li\u1ec7u g\u1ed7 &#8211; tre chi\u1ec1u d\u00e0i 80cm, 8.0mm vand l\u00f4ng v\u0169 ph\u00f9 h\u1ee3p v\u1edbi c\u00e1c lo\u1ea1i cung \u0111\u1eb7c bi\u1ec7t d\u00f2ng classic, traditional bow nh\u01b0 blackhunter, samick sage, tt02,g18&#8230;.<br \/>\n<img loading=\"lazy\" class=\"aligncenter size-full wp-image-452\" src=\"http:\/\/cungtenhanoi.com\/wp-content\/uploads\/2019\/08\/TB2G5lsfaagSKJjy0FcXXcZeVXa_2456961231.jpg\" alt=\"\" width=\"739\" height=\"1011\" srcset=\"https:\/\/cungtenhanoi.com\/wp-content\/uploads\/2019\/08\/TB2G5lsfaagSKJjy0FcXXcZeVXa_2456961231.jpg 739w, https:\/\/cungtenhanoi.com\/wp-content\/uploads\/2019\/08\/TB2G5lsfaagSKJjy0FcXXcZeVXa_2456961231-600x821.jpg 600w, https:\/\/cungtenhanoi.com\/wp-content\/uploads\/2019\/08\/TB2G5lsfaagSKJjy0FcXXcZeVXa_2456961231-64x88.jpg 64w, https:\/\/cungtenhanoi.com\/wp-content\/uploads\/2019\/08\/TB2G5lsfaagSKJjy0FcXXcZeVXa_2456961231-219x300.jpg 219w\" sizes=\"(max-width: 739px) 100vw, 739px\" \/> <img loading=\"lazy\" class=\"aligncenter size-full wp-image-453\" src=\"http:\/\/cungtenhanoi.com\/wp-content\/uploads\/2019\/08\/TB2JDxefamgSKJjSsphXXcy1VXa_2456961231.jpg\" alt=\"\" width=\"737\" height=\"997\" srcset=\"https:\/\/cungtenhanoi.com\/wp-content\/uploads\/2019\/08\/TB2JDxefamgSKJjSsphXXcy1VXa_2456961231.jpg 737w, https:\/\/cungtenhanoi.com\/wp-content\/uploads\/2019\/08\/TB2JDxefamgSKJjSsphXXcy1VXa_2456961231-600x812.jpg 600w, https:\/\/cungtenhanoi.com\/wp-content\/uploads\/2019\/08\/TB2JDxefamgSKJjSsphXXcy1VXa_2456961231-64x87.jpg 64w, https:\/\/cungtenhanoi.com\/wp-content\/uploads\/2019\/08\/TB2JDxefamgSKJjSsphXXcy1VXa_2456961231-222x300.jpg 222w\" sizes=\"(max-width: 737px) 100vw, 737px\" \/> <img loading=\"lazy\" class=\"aligncenter size-full wp-image-454\" src=\"http:\/\/cungtenhanoi.com\/wp-content\/uploads\/2019\/08\/TB2KGiwevBNTKJjy1zdXXaScpXa_2456961231.jpg\" alt=\"\" width=\"800\" height=\"800\" srcset=\"https:\/\/cungtenhanoi.com\/wp-content\/uploads\/2019\/08\/TB2KGiwevBNTKJjy1zdXXaScpXa_2456961231.jpg 800w, https:\/\/cungtenhanoi.com\/wp-content\/uploads\/2019\/08\/TB2KGiwevBNTKJjy1zdXXaScpXa_2456961231-300x300.jpg 300w, https:\/\/cungtenhanoi.com\/wp-content\/uploads\/2019\/08\/TB2KGiwevBNTKJjy1zdXXaScpXa_2456961231-100x100.jpg 100w, https:\/\/cungtenhanoi.com\/wp-content\/uploads\/2019\/08\/TB2KGiwevBNTKJjy1zdXXaScpXa_2456961231-600x600.jpg 600w, https:\/\/cungtenhanoi.com\/wp-content\/uploads\/2019\/08\/TB2KGiwevBNTKJjy1zdXXaScpXa_2456961231-64x64.jpg 64w, https:\/\/cungtenhanoi.com\/wp-content\/uploads\/2019\/08\/TB2KGiwevBNTKJjy1zdXXaScpXa_2456961231-150x150.jpg 150w, https:\/\/cungtenhanoi.com\/wp-content\/uploads\/2019\/08\/TB2KGiwevBNTKJjy1zdXXaScpXa_2456961231-768x768.jpg 768w, https:\/\/cungtenhanoi.com\/wp-content\/uploads\/2019\/08\/TB2KGiwevBNTKJjy1zdXXaScpXa_2456961231-180x180.jpg 180w, https:\/\/cungtenhanoi.com\/wp-content\/uploads\/2019\/08\/TB2KGiwevBNTKJjy1zdXXaScpXa_2456961231-45x45.jpg 45w\" sizes=\"(max-width: 800px) 100vw, 800px\" \/> <img loading=\"lazy\" class=\"aligncenter size-full wp-image-455\" src=\"http:\/\/cungtenhanoi.com\/wp-content\/uploads\/2019\/08\/TB2LmOTjgoQMeJjy0FpXXcTxpXa_2456961231.jpg\" alt=\"\" width=\"739\" height=\"985\" srcset=\"https:\/\/cungtenhanoi.com\/wp-content\/uploads\/2019\/08\/TB2LmOTjgoQMeJjy0FpXXcTxpXa_2456961231.jpg 739w, https:\/\/cungtenhanoi.com\/wp-content\/uploads\/2019\/08\/TB2LmOTjgoQMeJjy0FpXXcTxpXa_2456961231-600x800.jpg 600w, https:\/\/cungtenhanoi.com\/wp-content\/uploads\/2019\/08\/TB2LmOTjgoQMeJjy0FpXXcTxpXa_2456961231-64x85.jpg 64w, https:\/\/cungtenhanoi.com\/wp-content\/uploads\/2019\/08\/TB2LmOTjgoQMeJjy0FpXXcTxpXa_2456961231-225x300.jpg 225w\" sizes=\"(max-width: 739px) 100vw, 739px\" \/> <img loading=\"lazy\" class=\"aligncenter size-full wp-image-456\" src=\"http:\/\/cungtenhanoi.com\/wp-content\/uploads\/2019\/08\/TB2lx1UjgMPMeJjy1XbXXcwxVXa_2456961231.jpg\" alt=\"\" width=\"733\" height=\"603\" srcset=\"https:\/\/cungtenhanoi.com\/wp-content\/uploads\/2019\/08\/TB2lx1UjgMPMeJjy1XbXXcwxVXa_2456961231.jpg 733w, https:\/\/cungtenhanoi.com\/wp-content\/uploads\/2019\/08\/TB2lx1UjgMPMeJjy1XbXXcwxVXa_2456961231-600x494.jpg 600w, https:\/\/cungtenhanoi.com\/wp-content\/uploads\/2019\/08\/TB2lx1UjgMPMeJjy1XbXXcwxVXa_2456961231-64x53.jpg 64w\" sizes=\"(max-width: 733px) 100vw, 733px\" \/> <img loading=\"lazy\" class=\"aligncenter size-full wp-image-457\" src=\"http:\/\/cungtenhanoi.com\/wp-content\/uploads\/2019\/08\/TB2PK5bXjm2.eBjSZFtXXX56VXa_2456961231.jpg\" alt=\"\" width=\"750\" height=\"449\" srcset=\"https:\/\/cungtenhanoi.com\/wp-content\/uploads\/2019\/08\/TB2PK5bXjm2.eBjSZFtXXX56VXa_2456961231.jpg 750w, https:\/\/cungtenhanoi.com\/wp-content\/uploads\/2019\/08\/TB2PK5bXjm2.eBjSZFtXXX56VXa_2456961231-600x359.jpg 600w, https:\/\/cungtenhanoi.com\/wp-content\/uploads\/2019\/08\/TB2PK5bXjm2.eBjSZFtXXX56VXa_2456961231-64x38.jpg 64w, https:\/\/cungtenhanoi.com\/wp-content\/uploads\/2019\/08\/TB2PK5bXjm2.eBjSZFtXXX56VXa_2456961231-300x180.jpg 300w\" sizes=\"(max-width: 750px) 100vw, 750px\" \/> <img loading=\"lazy\" class=\"aligncenter size-full wp-image-458\" src=\"http:\/\/cungtenhanoi.com\/wp-content\/uploads\/2019\/08\/TB2QjabXhaJ.eBjSsziXXaJ_XXa_2456961231.jpg\" alt=\"\" width=\"753\" height=\"687\" srcset=\"https:\/\/cungtenhanoi.com\/wp-content\/uploads\/2019\/08\/TB2QjabXhaJ.eBjSsziXXaJ_XXa_2456961231.jpg 753w, https:\/\/cungtenhanoi.com\/wp-content\/uploads\/2019\/08\/TB2QjabXhaJ.eBjSsziXXaJ_XXa_2456961231-600x547.jpg 600w, https:\/\/cungtenhanoi.com\/wp-content\/uploads\/2019\/08\/TB2QjabXhaJ.eBjSsziXXaJ_XXa_2456961231-64x58.jpg 64w\" sizes=\"(max-width: 753px) 100vw, 753px\" \/> <img loading=\"lazy\" class=\"aligncenter size-full wp-image-459\" src=\"http:\/\/cungtenhanoi.com\/wp-content\/uploads\/2019\/08\/TB2qXmcXbaI.eBjy1XdXXcoqXXa_2456961231.jpg\" alt=\"\" width=\"798\" height=\"435\" srcset=\"https:\/\/cungtenhanoi.com\/wp-content\/uploads\/2019\/08\/TB2qXmcXbaI.eBjy1XdXXcoqXXa_2456961231.jpg 798w, https:\/\/cungtenhanoi.com\/wp-content\/uploads\/2019\/08\/TB2qXmcXbaI.eBjy1XdXXcoqXXa_2456961231-600x327.jpg 600w, https:\/\/cungtenhanoi.com\/wp-content\/uploads\/2019\/08\/TB2qXmcXbaI.eBjy1XdXXcoqXXa_2456961231-64x35.jpg 64w, https:\/\/cungtenhanoi.com\/wp-content\/uploads\/2019\/08\/TB2qXmcXbaI.eBjy1XdXXcoqXXa_2456961231-300x164.jpg 300w, https:\/\/cungtenhanoi.com\/wp-content\/uploads\/2019\/08\/TB2qXmcXbaI.eBjy1XdXXcoqXXa_2456961231-768x419.jpg 768w\" sizes=\"(max-width: 798px) 100vw, 798px\" \/> <img loading=\"lazy\" class=\"aligncenter size-full wp-image-460\" src=\"http:\/\/cungtenhanoi.com\/wp-content\/uploads\/2019\/08\/TB2ZiKbXmGI.eBjSspcXXcVjFXa_2456961231.jpg\" alt=\"\" width=\"781\" height=\"393\" srcset=\"https:\/\/cungtenhanoi.com\/wp-content\/uploads\/2019\/08\/TB2ZiKbXmGI.eBjSspcXXcVjFXa_2456961231.jpg 781w, https:\/\/cungtenhanoi.com\/wp-content\/uploads\/2019\/08\/TB2ZiKbXmGI.eBjSspcXXcVjFXa_2456961231-600x302.jpg 600w, https:\/\/cungtenhanoi.com\/wp-content\/uploads\/2019\/08\/TB2ZiKbXmGI.eBjSspcXXcVjFXa_2456961231-64x32.jpg 64w, https:\/\/cungtenhanoi.com\/wp-content\/uploads\/2019\/08\/TB2ZiKbXmGI.eBjSspcXXcVjFXa_2456961231-300x151.jpg 300w, https:\/\/cungtenhanoi.com\/wp-content\/uploads\/2019\/08\/TB2ZiKbXmGI.eBjSspcXXcVjFXa_2456961231-768x386.jpg 768w\" sizes=\"(max-width: 781px) 100vw, 781px\" \/> <img loading=\"lazy\" class=\"aligncenter size-full wp-image-461\" src=\"http:\/\/cungtenhanoi.com\/wp-content\/uploads\/2019\/08\/TB268ybXheI.eBjSsplXXX6GFXa_2456961231.jpg\" alt=\"\" width=\"755\" height=\"663\" srcset=\"https:\/\/cungtenhanoi.com\/wp-content\/uploads\/2019\/08\/TB268ybXheI.eBjSsplXXX6GFXa_2456961231.jpg 755w, https:\/\/cungtenhanoi.com\/wp-content\/uploads\/2019\/08\/TB268ybXheI.eBjSsplXXX6GFXa_2456961231-600x527.jpg 600w, https:\/\/cungtenhanoi.com\/wp-content\/uploads\/2019\/08\/TB268ybXheI.eBjSsplXXX6GFXa_2456961231-64x56.jpg 64w, https:\/\/cungtenhanoi.com\/wp-content\/uploads\/2019\/08\/TB268ybXheI.eBjSsplXXX6GFXa_2456961231-300x263.jpg 300w\" sizes=\"(max-width: 755px) 100vw, 755px\" \/><\/p>\n","protected":false},"excerpt":{"rendered":"<p>\u0110\u1ea7u tr\u00f2n: G\u1ed7\/145k &#8211; Tre 160k<\/p>\n<p>\u0110\u1ea7u s\u0103n: G\u1ed7\/165k &#8211; Tre 175k\/m\u0169i<\/p>\n","protected":false},"featured_media":458,"comment_status":"open","ping_status":"closed","template":"","meta":[],"product_cat":[24],"product_tag":[277,82,63,59,64,468],"acf":[],"yoast_head":"<!-- This site is optimized with the Yoast SEO plugin v19.8 - https:\/\/yoast.com\/wordpress\/plugins\/seo\/ -->\n<title>M\u0169i t\u00ean G\u1ed7 - Tre - Cung T\u00ean H\u00e0 N\u1ed9i<\/title>\n<meta name=\"description\" content=\"mua cung t\u00ean th\u1ec3 thao, mua cung t\u00ean t\u1ea1i h\u00e0 n\u1ed9i, cung tr\u1ee3 l\u1ef1c, cung compound, cung t\u00ean ch\u00ednh h\u00e3ng, cung t\u00ean m\u1ea1nh,cung t\u00ean h\u00e0 n\u1ed9i, cung t\u00ean , mua cung t\u00ean S\u00e0i g\u00f2n , mua m\u0169i t\u00ean b\u1eafn cung , cung b\u1eafn bi s\u1eaft , cung t\u00ean mini\" \/>\n<meta name=\"robots\" content=\"index, follow, max-snippet:-1, max-image-preview:large, max-video-preview:-1\" \/>\n<link rel=\"canonical\" href=\"https:\/\/cungtenhanoi.com\/?product=mui-ten-go-tre\" \/>\n<meta property=\"og:locale\" content=\"vi_VN\" \/>\n<meta property=\"og:type\" content=\"article\" \/>\n<meta property=\"og:title\" content=\"M\u0169i t\u00ean G\u1ed7 - Tre - Cung T\u00ean H\u00e0 N\u1ed9i\" \/>\n<meta property=\"og:description\" content=\"mua cung t\u00ean th\u1ec3 thao, mua cung t\u00ean t\u1ea1i h\u00e0 n\u1ed9i, cung tr\u1ee3 l\u1ef1c, cung compound, cung t\u00ean ch\u00ednh h\u00e3ng, cung t\u00ean m\u1ea1nh,cung t\u00ean h\u00e0 n\u1ed9i, cung t\u00ean , mua cung t\u00ean S\u00e0i g\u00f2n , mua m\u0169i t\u00ean b\u1eafn cung , cung b\u1eafn bi s\u1eaft , cung t\u00ean mini\" \/>\n<meta property=\"og:url\" content=\"https:\/\/cungtenhanoi.com\/?product=mui-ten-go-tre\" \/>\n<meta property=\"og:site_name\" content=\"Cung T\u00ean H\u00e0 N\u1ed9i\" \/>\n<meta property=\"article:modified_time\" content=\"2022-03-09T13:15:16+00:00\" \/>\n<meta property=\"og:image\" content=\"https:\/\/cungtenhanoi.com\/wp-content\/uploads\/2019\/08\/TB2QjabXhaJ.eBjSsziXXaJ_XXa_2456961231.jpg\" \/>\n\t<meta property=\"og:image:width\" content=\"753\" \/>\n\t<meta property=\"og:image:height\" content=\"687\" \/>\n\t<meta property=\"og:image:type\" content=\"image\/jpeg\" \/>\n<meta name=\"twitter:card\" content=\"summary_large_image\" \/>\n<meta name=\"twitter:label1\" content=\"\u01af\u1edbc t\u00ednh th\u1eddi gian \u0111\u1ecdc\" \/>\n\t<meta name=\"twitter:data1\" content=\"1 ph\u00fat\" \/>\n<script type=\"application\/ld+json\" class=\"yoast-schema-graph\">{\"@context\":\"https:\/\/schema.org\",\"@graph\":[{\"@type\":\"WebPage\",\"@id\":\"https:\/\/cungtenhanoi.com\/?product=mui-ten-go-tre\",\"url\":\"https:\/\/cungtenhanoi.com\/?product=mui-ten-go-tre\",\"name\":\"M\u0169i t\u00ean G\u1ed7 - Tre - Cung T\u00ean H\u00e0 N\u1ed9i\",\"isPartOf\":{\"@id\":\"https:\/\/cungtenhanoi.com\/#website\"},\"datePublished\":\"2019-08-27T09:31:28+00:00\",\"dateModified\":\"2022-03-09T13:15:16+00:00\",\"description\":\"mua cung t\u00ean th\u1ec3 thao, mua cung t\u00ean t\u1ea1i h\u00e0 n\u1ed9i, cung tr\u1ee3 l\u1ef1c, cung compound, cung t\u00ean ch\u00ednh h\u00e3ng, cung t\u00ean m\u1ea1nh,cung t\u00ean h\u00e0 n\u1ed9i, cung t\u00ean , mua cung t\u00ean S\u00e0i g\u00f2n , mua m\u0169i t\u00ean b\u1eafn cung , cung b\u1eafn bi s\u1eaft , cung t\u00ean mini\",\"breadcrumb\":{\"@id\":\"https:\/\/cungtenhanoi.com\/?product=mui-ten-go-tre#breadcrumb\"},\"inLanguage\":\"vi\",\"potentialAction\":[{\"@type\":\"ReadAction\",\"target\":[\"https:\/\/cungtenhanoi.com\/?product=mui-ten-go-tre\"]}]},{\"@type\":\"BreadcrumbList\",\"@id\":\"https:\/\/cungtenhanoi.com\/?product=mui-ten-go-tre#breadcrumb\",\"itemListElement\":[{\"@type\":\"ListItem\",\"position\":1,\"name\":\"Trang ch\u1ee7\",\"item\":\"https:\/\/cungtenhanoi.com\/\"},{\"@type\":\"ListItem\",\"position\":2,\"name\":\"Shop\",\"item\":\"https:\/\/cungtenhanoi.com\/?page_id=6\"},{\"@type\":\"ListItem\",\"position\":3,\"name\":\"T\u00ean\",\"item\":\"https:\/\/cungtenhanoi.com\/danh-muc\/ten\/\"},{\"@type\":\"ListItem\",\"position\":4,\"name\":\"M\u0169i t\u00ean G\u1ed7 &#8211; Tre\"}]},{\"@type\":\"WebSite\",\"@id\":\"https:\/\/cungtenhanoi.com\/#website\",\"url\":\"https:\/\/cungtenhanoi.com\/\",\"name\":\"Cung T\u00ean H\u00e0 N\u1ed9i\",\"description\":\"Cung c\u1ea5p c\u00e1c lo\u1ea1i cung t\u00ean th\u1ec3 thao s\u1ed1 1 Vi\u1ec7t Nam\",\"publisher\":{\"@id\":\"https:\/\/cungtenhanoi.com\/#organization\"},\"potentialAction\":[{\"@type\":\"SearchAction\",\"target\":{\"@type\":\"EntryPoint\",\"urlTemplate\":\"https:\/\/cungtenhanoi.com\/?s={search_term_string}\"},\"query-input\":\"required name=search_term_string\"}],\"inLanguage\":\"vi\"},{\"@type\":\"Organization\",\"@id\":\"https:\/\/cungtenhanoi.com\/#organization\",\"name\":\"Cung T\u00ean H\u00e0 N\u1ed9i\",\"url\":\"https:\/\/cungtenhanoi.com\/\",\"sameAs\":[],\"logo\":{\"@type\":\"ImageObject\",\"inLanguage\":\"vi\",\"@id\":\"https:\/\/cungtenhanoi.com\/#\/schema\/logo\/image\/\",\"url\":\"https:\/\/cungtenhanoi.com\/wp-content\/uploads\/2025\/05\/logo-den-trang.jpg\",\"contentUrl\":\"https:\/\/cungtenhanoi.com\/wp-content\/uploads\/2025\/05\/logo-den-trang.jpg\",\"width\":450,\"height\":450,\"caption\":\"Cung T\u00ean H\u00e0 N\u1ed9i\"},\"image\":{\"@id\":\"https:\/\/cungtenhanoi.com\/#\/schema\/logo\/image\/\"}}]}<\/script>\n<!-- \/ Yoast SEO plugin. -->","yoast_head_json":{"title":"M\u0169i t\u00ean G\u1ed7 - Tre - Cung T\u00ean H\u00e0 N\u1ed9i","description":"mua cung t\u00ean th\u1ec3 thao, mua cung t\u00ean t\u1ea1i h\u00e0 n\u1ed9i, cung tr\u1ee3 l\u1ef1c, cung compound, cung t\u00ean ch\u00ednh h\u00e3ng, cung t\u00ean m\u1ea1nh,cung t\u00ean h\u00e0 n\u1ed9i, cung t\u00ean , mua cung t\u00ean S\u00e0i g\u00f2n , mua m\u0169i t\u00ean b\u1eafn cung , cung b\u1eafn bi s\u1eaft , cung t\u00ean mini","robots":{"index":"index","follow":"follow","max-snippet":"max-snippet:-1","max-image-preview":"max-image-preview:large","max-video-preview":"max-video-preview:-1"},"canonical":"https:\/\/cungtenhanoi.com\/?product=mui-ten-go-tre","og_locale":"vi_VN","og_type":"article","og_title":"M\u0169i t\u00ean G\u1ed7 - Tre - Cung T\u00ean H\u00e0 N\u1ed9i","og_description":"mua cung t\u00ean th\u1ec3 thao, mua cung t\u00ean t\u1ea1i h\u00e0 n\u1ed9i, cung tr\u1ee3 l\u1ef1c, cung compound, cung t\u00ean ch\u00ednh h\u00e3ng, cung t\u00ean m\u1ea1nh,cung t\u00ean h\u00e0 n\u1ed9i, cung t\u00ean , mua cung t\u00ean S\u00e0i g\u00f2n , mua m\u0169i t\u00ean b\u1eafn cung , cung b\u1eafn bi s\u1eaft , cung t\u00ean mini","og_url":"https:\/\/cungtenhanoi.com\/?product=mui-ten-go-tre","og_site_name":"Cung T\u00ean H\u00e0 N\u1ed9i","article_modified_time":"2022-03-09T13:15:16+00:00","og_image":[{"width":753,"height":687,"url":"https:\/\/cungtenhanoi.com\/wp-content\/uploads\/2019\/08\/TB2QjabXhaJ.eBjSsziXXaJ_XXa_2456961231.jpg","type":"image\/jpeg"}],"twitter_card":"summary_large_image","twitter_misc":{"\u01af\u1edbc t\u00ednh th\u1eddi gian \u0111\u1ecdc":"1 ph\u00fat"},"schema":{"@context":"https:\/\/schema.org","@graph":[{"@type":"WebPage","@id":"https:\/\/cungtenhanoi.com\/?product=mui-ten-go-tre","url":"https:\/\/cungtenhanoi.com\/?product=mui-ten-go-tre","name":"M\u0169i t\u00ean G\u1ed7 - Tre - Cung T\u00ean H\u00e0 N\u1ed9i","isPartOf":{"@id":"https:\/\/cungtenhanoi.com\/#website"},"datePublished":"2019-08-27T09:31:28+00:00","dateModified":"2022-03-09T13:15:16+00:00","description":"mua cung t\u00ean th\u1ec3 thao, mua cung t\u00ean t\u1ea1i h\u00e0 n\u1ed9i, cung tr\u1ee3 l\u1ef1c, cung compound, cung t\u00ean ch\u00ednh h\u00e3ng, cung t\u00ean m\u1ea1nh,cung t\u00ean h\u00e0 n\u1ed9i, cung t\u00ean , mua cung t\u00ean S\u00e0i g\u00f2n , mua m\u0169i t\u00ean b\u1eafn cung , cung b\u1eafn bi s\u1eaft , cung t\u00ean mini","breadcrumb":{"@id":"https:\/\/cungtenhanoi.com\/?product=mui-ten-go-tre#breadcrumb"},"inLanguage":"vi","potentialAction":[{"@type":"ReadAction","target":["https:\/\/cungtenhanoi.com\/?product=mui-ten-go-tre"]}]},{"@type":"BreadcrumbList","@id":"https:\/\/cungtenhanoi.com\/?product=mui-ten-go-tre#breadcrumb","itemListElement":[{"@type":"ListItem","position":1,"name":"Trang ch\u1ee7","item":"https:\/\/cungtenhanoi.com\/"},{"@type":"ListItem","position":2,"name":"Shop","item":"https:\/\/cungtenhanoi.com\/?page_id=6"},{"@type":"ListItem","position":3,"name":"T\u00ean","item":"https:\/\/cungtenhanoi.com\/danh-muc\/ten\/"},{"@type":"ListItem","position":4,"name":"M\u0169i t\u00ean G\u1ed7 &#8211; Tre"}]},{"@type":"WebSite","@id":"https:\/\/cungtenhanoi.com\/#website","url":"https:\/\/cungtenhanoi.com\/","name":"Cung T\u00ean H\u00e0 N\u1ed9i","description":"Cung c\u1ea5p c\u00e1c lo\u1ea1i cung t\u00ean th\u1ec3 thao s\u1ed1 1 Vi\u1ec7t Nam","publisher":{"@id":"https:\/\/cungtenhanoi.com\/#organization"},"potentialAction":[{"@type":"SearchAction","target":{"@type":"EntryPoint","urlTemplate":"https:\/\/cungtenhanoi.com\/?s={search_term_string}"},"query-input":"required name=search_term_string"}],"inLanguage":"vi"},{"@type":"Organization","@id":"https:\/\/cungtenhanoi.com\/#organization","name":"Cung T\u00ean H\u00e0 N\u1ed9i","url":"https:\/\/cungtenhanoi.com\/","sameAs":[],"logo":{"@type":"ImageObject","inLanguage":"vi","@id":"https:\/\/cungtenhanoi.com\/#\/schema\/logo\/image\/","url":"https:\/\/cungtenhanoi.com\/wp-content\/uploads\/2025\/05\/logo-den-trang.jpg","contentUrl":"https:\/\/cungtenhanoi.com\/wp-content\/uploads\/2025\/05\/logo-den-trang.jpg","width":450,"height":450,"caption":"Cung T\u00ean H\u00e0 N\u1ed9i"},"image":{"@id":"https:\/\/cungtenhanoi.com\/#\/schema\/logo\/image\/"}}]}},"_links":{"self":[{"href":"https:\/\/cungtenhanoi.com\/index.php?rest_route=\/wp\/v2\/product\/451"}],"collection":[{"href":"https:\/\/cungtenhanoi.com\/index.php?rest_route=\/wp\/v2\/product"}],"about":[{"href":"https:\/\/cungtenhanoi.com\/index.php?rest_route=\/wp\/v2\/types\/product"}],"replies":[{"embeddable":true,"href":"https:\/\/cungtenhanoi.com\/index.php?rest_route=%2Fwp%2Fv2%2Fcomments&post=451"}],"wp:featuredmedia":[{"embeddable":true,"href":"https:\/\/cungtenhanoi.com\/index.php?rest_route=\/wp\/v2\/media\/458"}],"wp:attachment":[{"href":"https:\/\/cungtenhanoi.com\/index.php?rest_route=%2Fwp%2Fv2%2Fmedia&parent=451"}],"wp:term":[{"taxonomy":"product_cat","embeddable":true,"href":"https:\/\/cungtenhanoi.com\/index.php?rest_route=%2Fwp%2Fv2%2Fproduct_cat&post=451"},{"taxonomy":"product_tag","embeddable":true,"href":"https:\/\/cungtenhanoi.com\/index.php?rest_route=%2Fwp%2Fv2%2Fproduct_tag&post=451"}],"curies":[{"name":"wp","href":"https:\/\/api.w.org\/{rel}","templated":true}]}}