{"id":478,"date":"2019-08-28T15:34:28","date_gmt":"2019-08-28T08:34:28","guid":{"rendered":"http:\/\/cungtenhanoi.com\/?post_type=product&#038;p=478"},"modified":"2019-08-28T15:34:28","modified_gmt":"2019-08-28T08:34:28","slug":"chan-cung-decut-hauda","status":"publish","type":"product","link":"https:\/\/cungtenhanoi.com\/?product=chan-cung-decut-hauda","title":{"rendered":"Ch\u00e2n cung Decut HAUDA"},"content":{"rendered":"<p><img loading=\"lazy\" class=\"aligncenter size-full wp-image-479\" src=\"http:\/\/cungtenhanoi.com\/wp-content\/uploads\/2019\/08\/TB2.5PSedcnBKNjSZR0XXcFqFXa_2787374011.jpg\" alt=\"\" width=\"750\" height=\"838\" srcset=\"https:\/\/cungtenhanoi.com\/wp-content\/uploads\/2019\/08\/TB2.5PSedcnBKNjSZR0XXcFqFXa_2787374011.jpg 750w, https:\/\/cungtenhanoi.com\/wp-content\/uploads\/2019\/08\/TB2.5PSedcnBKNjSZR0XXcFqFXa_2787374011-600x670.jpg 600w, https:\/\/cungtenhanoi.com\/wp-content\/uploads\/2019\/08\/TB2.5PSedcnBKNjSZR0XXcFqFXa_2787374011-64x72.jpg 64w, https:\/\/cungtenhanoi.com\/wp-content\/uploads\/2019\/08\/TB2.5PSedcnBKNjSZR0XXcFqFXa_2787374011-268x300.jpg 268w\" sizes=\"(max-width: 750px) 100vw, 750px\" \/> <img loading=\"lazy\" class=\"aligncenter size-full wp-image-480\" src=\"http:\/\/cungtenhanoi.com\/wp-content\/uploads\/2019\/08\/TB2.X5SoDJYBeNjy1zeXXahzVXa_2787374011.jpg\" alt=\"\" width=\"800\" height=\"800\" srcset=\"https:\/\/cungtenhanoi.com\/wp-content\/uploads\/2019\/08\/TB2.X5SoDJYBeNjy1zeXXahzVXa_2787374011.jpg 800w, https:\/\/cungtenhanoi.com\/wp-content\/uploads\/2019\/08\/TB2.X5SoDJYBeNjy1zeXXahzVXa_2787374011-300x300.jpg 300w, https:\/\/cungtenhanoi.com\/wp-content\/uploads\/2019\/08\/TB2.X5SoDJYBeNjy1zeXXahzVXa_2787374011-100x100.jpg 100w, https:\/\/cungtenhanoi.com\/wp-content\/uploads\/2019\/08\/TB2.X5SoDJYBeNjy1zeXXahzVXa_2787374011-600x600.jpg 600w, https:\/\/cungtenhanoi.com\/wp-content\/uploads\/2019\/08\/TB2.X5SoDJYBeNjy1zeXXahzVXa_2787374011-64x64.jpg 64w, https:\/\/cungtenhanoi.com\/wp-content\/uploads\/2019\/08\/TB2.X5SoDJYBeNjy1zeXXahzVXa_2787374011-150x150.jpg 150w, https:\/\/cungtenhanoi.com\/wp-content\/uploads\/2019\/08\/TB2.X5SoDJYBeNjy1zeXXahzVXa_2787374011-768x768.jpg 768w, https:\/\/cungtenhanoi.com\/wp-content\/uploads\/2019\/08\/TB2.X5SoDJYBeNjy1zeXXahzVXa_2787374011-180x180.jpg 180w, https:\/\/cungtenhanoi.com\/wp-content\/uploads\/2019\/08\/TB2.X5SoDJYBeNjy1zeXXahzVXa_2787374011-45x45.jpg 45w\" sizes=\"(max-width: 800px) 100vw, 800px\" \/> <img loading=\"lazy\" class=\"aligncenter size-full wp-image-481\" src=\"http:\/\/cungtenhanoi.com\/wp-content\/uploads\/2019\/08\/TB2GF9qoCtYBeNjSspaXXaOOFXa_2787374011.jpg\" alt=\"\" width=\"800\" height=\"800\" srcset=\"https:\/\/cungtenhanoi.com\/wp-content\/uploads\/2019\/08\/TB2GF9qoCtYBeNjSspaXXaOOFXa_2787374011.jpg 800w, https:\/\/cungtenhanoi.com\/wp-content\/uploads\/2019\/08\/TB2GF9qoCtYBeNjSspaXXaOOFXa_2787374011-300x300.jpg 300w, https:\/\/cungtenhanoi.com\/wp-content\/uploads\/2019\/08\/TB2GF9qoCtYBeNjSspaXXaOOFXa_2787374011-100x100.jpg 100w, https:\/\/cungtenhanoi.com\/wp-content\/uploads\/2019\/08\/TB2GF9qoCtYBeNjSspaXXaOOFXa_2787374011-600x600.jpg 600w, https:\/\/cungtenhanoi.com\/wp-content\/uploads\/2019\/08\/TB2GF9qoCtYBeNjSspaXXaOOFXa_2787374011-64x64.jpg 64w\" sizes=\"(max-width: 800px) 100vw, 800px\" \/> <img loading=\"lazy\" class=\"aligncenter size-full wp-image-482\" src=\"http:\/\/cungtenhanoi.com\/wp-content\/uploads\/2019\/08\/TB2kPxhov5TBuNjSspmXXaDRVXa_2787374011.jpg\" alt=\"\" width=\"800\" height=\"800\" srcset=\"https:\/\/cungtenhanoi.com\/wp-content\/uploads\/2019\/08\/TB2kPxhov5TBuNjSspmXXaDRVXa_2787374011.jpg 800w, https:\/\/cungtenhanoi.com\/wp-content\/uploads\/2019\/08\/TB2kPxhov5TBuNjSspmXXaDRVXa_2787374011-300x300.jpg 300w, https:\/\/cungtenhanoi.com\/wp-content\/uploads\/2019\/08\/TB2kPxhov5TBuNjSspmXXaDRVXa_2787374011-100x100.jpg 100w, https:\/\/cungtenhanoi.com\/wp-content\/uploads\/2019\/08\/TB2kPxhov5TBuNjSspmXXaDRVXa_2787374011-600x600.jpg 600w, https:\/\/cungtenhanoi.com\/wp-content\/uploads\/2019\/08\/TB2kPxhov5TBuNjSspmXXaDRVXa_2787374011-64x64.jpg 64w, https:\/\/cungtenhanoi.com\/wp-content\/uploads\/2019\/08\/TB2kPxhov5TBuNjSspmXXaDRVXa_2787374011-150x150.jpg 150w, https:\/\/cungtenhanoi.com\/wp-content\/uploads\/2019\/08\/TB2kPxhov5TBuNjSspmXXaDRVXa_2787374011-768x768.jpg 768w, https:\/\/cungtenhanoi.com\/wp-content\/uploads\/2019\/08\/TB2kPxhov5TBuNjSspmXXaDRVXa_2787374011-180x180.jpg 180w, https:\/\/cungtenhanoi.com\/wp-content\/uploads\/2019\/08\/TB2kPxhov5TBuNjSspmXXaDRVXa_2787374011-45x45.jpg 45w\" sizes=\"(max-width: 800px) 100vw, 800px\" \/> <img loading=\"lazy\" class=\"aligncenter size-full wp-image-483\" src=\"http:\/\/cungtenhanoi.com\/wp-content\/uploads\/2019\/08\/TB2pr_Rf5OYBuNjSsD4XXbSkFXa_2787374011.jpg\" alt=\"\" width=\"800\" height=\"800\" srcset=\"https:\/\/cungtenhanoi.com\/wp-content\/uploads\/2019\/08\/TB2pr_Rf5OYBuNjSsD4XXbSkFXa_2787374011.jpg 800w, https:\/\/cungtenhanoi.com\/wp-content\/uploads\/2019\/08\/TB2pr_Rf5OYBuNjSsD4XXbSkFXa_2787374011-300x300.jpg 300w, https:\/\/cungtenhanoi.com\/wp-content\/uploads\/2019\/08\/TB2pr_Rf5OYBuNjSsD4XXbSkFXa_2787374011-100x100.jpg 100w, https:\/\/cungtenhanoi.com\/wp-content\/uploads\/2019\/08\/TB2pr_Rf5OYBuNjSsD4XXbSkFXa_2787374011-600x600.jpg 600w, https:\/\/cungtenhanoi.com\/wp-content\/uploads\/2019\/08\/TB2pr_Rf5OYBuNjSsD4XXbSkFXa_2787374011-64x64.jpg 64w, https:\/\/cungtenhanoi.com\/wp-content\/uploads\/2019\/08\/TB2pr_Rf5OYBuNjSsD4XXbSkFXa_2787374011-150x150.jpg 150w, https:\/\/cungtenhanoi.com\/wp-content\/uploads\/2019\/08\/TB2pr_Rf5OYBuNjSsD4XXbSkFXa_2787374011-768x768.jpg 768w, https:\/\/cungtenhanoi.com\/wp-content\/uploads\/2019\/08\/TB2pr_Rf5OYBuNjSsD4XXbSkFXa_2787374011-180x180.jpg 180w, https:\/\/cungtenhanoi.com\/wp-content\/uploads\/2019\/08\/TB2pr_Rf5OYBuNjSsD4XXbSkFXa_2787374011-45x45.jpg 45w\" sizes=\"(max-width: 800px) 100vw, 800px\" \/> <img loading=\"lazy\" class=\"aligncenter size-full wp-image-484\" src=\"http:\/\/cungtenhanoi.com\/wp-content\/uploads\/2019\/08\/TB2s_QVeljTBKNjSZFwXXcG4XXa_2787374011.jpg\" alt=\"\" width=\"750\" height=\"905\" srcset=\"https:\/\/cungtenhanoi.com\/wp-content\/uploads\/2019\/08\/TB2s_QVeljTBKNjSZFwXXcG4XXa_2787374011.jpg 750w, https:\/\/cungtenhanoi.com\/wp-content\/uploads\/2019\/08\/TB2s_QVeljTBKNjSZFwXXcG4XXa_2787374011-600x724.jpg 600w, https:\/\/cungtenhanoi.com\/wp-content\/uploads\/2019\/08\/TB2s_QVeljTBKNjSZFwXXcG4XXa_2787374011-64x77.jpg 64w\" sizes=\"(max-width: 750px) 100vw, 750px\" \/><\/p>\n","protected":false},"excerpt":{"rendered":"","protected":false},"featured_media":481,"comment_status":"open","ping_status":"closed","template":"","meta":[],"product_cat":[20],"product_tag":[71,72,74,73],"acf":[],"yoast_head":"<!-- This site is optimized with the Yoast SEO plugin v19.8 - https:\/\/yoast.com\/wordpress\/plugins\/seo\/ -->\n<title>Ch\u00e2n cung Decut HAUDA - Cung T\u00ean H\u00e0 N\u1ed9i<\/title>\n<meta name=\"description\" content=\"mua cung t\u00ean th\u1ec3 thao, mua cung t\u00ean t\u1ea1i h\u00e0 n\u1ed9i, cung tr\u1ee3 l\u1ef1c, cung compound, cung t\u00ean ch\u00ednh h\u00e3ng, cung t\u00ean m\u1ea1nh,cung t\u00ean h\u00e0 n\u1ed9i, cung t\u00ean , mua cung t\u00ean S\u00e0i g\u00f2n , mua m\u0169i t\u00ean b\u1eafn cung , cung b\u1eafn bi s\u1eaft , cung t\u00ean mini\" \/>\n<meta name=\"robots\" content=\"index, follow, max-snippet:-1, max-image-preview:large, max-video-preview:-1\" \/>\n<link rel=\"canonical\" href=\"https:\/\/cungtenhanoi.com\/?product=chan-cung-decut-hauda\" \/>\n<meta property=\"og:locale\" content=\"vi_VN\" \/>\n<meta property=\"og:type\" content=\"article\" \/>\n<meta property=\"og:title\" content=\"Ch\u00e2n cung Decut HAUDA - Cung T\u00ean H\u00e0 N\u1ed9i\" \/>\n<meta property=\"og:description\" content=\"mua cung t\u00ean th\u1ec3 thao, mua cung t\u00ean t\u1ea1i h\u00e0 n\u1ed9i, cung tr\u1ee3 l\u1ef1c, cung compound, cung t\u00ean ch\u00ednh h\u00e3ng, cung t\u00ean m\u1ea1nh,cung t\u00ean h\u00e0 n\u1ed9i, cung t\u00ean , mua cung t\u00ean S\u00e0i g\u00f2n , mua m\u0169i t\u00ean b\u1eafn cung , cung b\u1eafn bi s\u1eaft , cung t\u00ean mini\" \/>\n<meta property=\"og:url\" content=\"https:\/\/cungtenhanoi.com\/?product=chan-cung-decut-hauda\" \/>\n<meta property=\"og:site_name\" content=\"Cung T\u00ean H\u00e0 N\u1ed9i\" \/>\n<meta property=\"og:image\" content=\"https:\/\/cungtenhanoi.com\/wp-content\/uploads\/2019\/08\/TB2GF9qoCtYBeNjSspaXXaOOFXa_2787374011.jpg\" \/>\n\t<meta property=\"og:image:width\" content=\"800\" \/>\n\t<meta property=\"og:image:height\" content=\"800\" \/>\n\t<meta property=\"og:image:type\" content=\"image\/jpeg\" \/>\n<meta name=\"twitter:card\" content=\"summary_large_image\" \/>\n<script type=\"application\/ld+json\" class=\"yoast-schema-graph\">{\"@context\":\"https:\/\/schema.org\",\"@graph\":[{\"@type\":\"WebPage\",\"@id\":\"https:\/\/cungtenhanoi.com\/?product=chan-cung-decut-hauda\",\"url\":\"https:\/\/cungtenhanoi.com\/?product=chan-cung-decut-hauda\",\"name\":\"Ch\u00e2n cung Decut HAUDA - Cung T\u00ean H\u00e0 N\u1ed9i\",\"isPartOf\":{\"@id\":\"https:\/\/cungtenhanoi.com\/#website\"},\"datePublished\":\"2019-08-28T08:34:28+00:00\",\"dateModified\":\"2019-08-28T08:34:28+00:00\",\"description\":\"mua cung t\u00ean th\u1ec3 thao, mua cung t\u00ean t\u1ea1i h\u00e0 n\u1ed9i, cung tr\u1ee3 l\u1ef1c, cung compound, cung t\u00ean ch\u00ednh h\u00e3ng, cung t\u00ean m\u1ea1nh,cung t\u00ean h\u00e0 n\u1ed9i, cung t\u00ean , mua cung t\u00ean S\u00e0i g\u00f2n , mua m\u0169i t\u00ean b\u1eafn cung , cung b\u1eafn bi s\u1eaft , cung t\u00ean mini\",\"breadcrumb\":{\"@id\":\"https:\/\/cungtenhanoi.com\/?product=chan-cung-decut-hauda#breadcrumb\"},\"inLanguage\":\"vi\",\"potentialAction\":[{\"@type\":\"ReadAction\",\"target\":[\"https:\/\/cungtenhanoi.com\/?product=chan-cung-decut-hauda\"]}]},{\"@type\":\"BreadcrumbList\",\"@id\":\"https:\/\/cungtenhanoi.com\/?product=chan-cung-decut-hauda#breadcrumb\",\"itemListElement\":[{\"@type\":\"ListItem\",\"position\":1,\"name\":\"Trang ch\u1ee7\",\"item\":\"https:\/\/cungtenhanoi.com\/\"},{\"@type\":\"ListItem\",\"position\":2,\"name\":\"Shop\",\"item\":\"https:\/\/cungtenhanoi.com\/?page_id=6\"},{\"@type\":\"ListItem\",\"position\":3,\"name\":\"Ph\u1ee5 ki\u1ec7n\",\"item\":\"https:\/\/cungtenhanoi.com\/danh-muc\/phu-kien\/\"},{\"@type\":\"ListItem\",\"position\":4,\"name\":\"Ch\u00e2n cung Decut HAUDA\"}]},{\"@type\":\"WebSite\",\"@id\":\"https:\/\/cungtenhanoi.com\/#website\",\"url\":\"https:\/\/cungtenhanoi.com\/\",\"name\":\"Cung T\u00ean H\u00e0 N\u1ed9i\",\"description\":\"Cung c\u1ea5p c\u00e1c lo\u1ea1i cung t\u00ean th\u1ec3 thao s\u1ed1 1 Vi\u1ec7t Nam\",\"publisher\":{\"@id\":\"https:\/\/cungtenhanoi.com\/#organization\"},\"potentialAction\":[{\"@type\":\"SearchAction\",\"target\":{\"@type\":\"EntryPoint\",\"urlTemplate\":\"https:\/\/cungtenhanoi.com\/?s={search_term_string}\"},\"query-input\":\"required name=search_term_string\"}],\"inLanguage\":\"vi\"},{\"@type\":\"Organization\",\"@id\":\"https:\/\/cungtenhanoi.com\/#organization\",\"name\":\"Cung T\u00ean H\u00e0 N\u1ed9i\",\"url\":\"https:\/\/cungtenhanoi.com\/\",\"sameAs\":[],\"logo\":{\"@type\":\"ImageObject\",\"inLanguage\":\"vi\",\"@id\":\"https:\/\/cungtenhanoi.com\/#\/schema\/logo\/image\/\",\"url\":\"https:\/\/cungtenhanoi.com\/wp-content\/uploads\/2025\/05\/logo-den-trang.jpg\",\"contentUrl\":\"https:\/\/cungtenhanoi.com\/wp-content\/uploads\/2025\/05\/logo-den-trang.jpg\",\"width\":450,\"height\":450,\"caption\":\"Cung T\u00ean H\u00e0 N\u1ed9i\"},\"image\":{\"@id\":\"https:\/\/cungtenhanoi.com\/#\/schema\/logo\/image\/\"}}]}<\/script>\n<!-- \/ Yoast SEO plugin. -->","yoast_head_json":{"title":"Ch\u00e2n cung Decut HAUDA - Cung T\u00ean H\u00e0 N\u1ed9i","description":"mua cung t\u00ean th\u1ec3 thao, mua cung t\u00ean t\u1ea1i h\u00e0 n\u1ed9i, cung tr\u1ee3 l\u1ef1c, cung compound, cung t\u00ean ch\u00ednh h\u00e3ng, cung t\u00ean m\u1ea1nh,cung t\u00ean h\u00e0 n\u1ed9i, cung t\u00ean , mua cung t\u00ean S\u00e0i g\u00f2n , mua m\u0169i t\u00ean b\u1eafn cung , cung b\u1eafn bi s\u1eaft , cung t\u00ean mini","robots":{"index":"index","follow":"follow","max-snippet":"max-snippet:-1","max-image-preview":"max-image-preview:large","max-video-preview":"max-video-preview:-1"},"canonical":"https:\/\/cungtenhanoi.com\/?product=chan-cung-decut-hauda","og_locale":"vi_VN","og_type":"article","og_title":"Ch\u00e2n cung Decut HAUDA - Cung T\u00ean H\u00e0 N\u1ed9i","og_description":"mua cung t\u00ean th\u1ec3 thao, mua cung t\u00ean t\u1ea1i h\u00e0 n\u1ed9i, cung tr\u1ee3 l\u1ef1c, cung compound, cung t\u00ean ch\u00ednh h\u00e3ng, cung t\u00ean m\u1ea1nh,cung t\u00ean h\u00e0 n\u1ed9i, cung t\u00ean , mua cung t\u00ean S\u00e0i g\u00f2n , mua m\u0169i t\u00ean b\u1eafn cung , cung b\u1eafn bi s\u1eaft , cung t\u00ean mini","og_url":"https:\/\/cungtenhanoi.com\/?product=chan-cung-decut-hauda","og_site_name":"Cung T\u00ean H\u00e0 N\u1ed9i","og_image":[{"width":800,"height":800,"url":"https:\/\/cungtenhanoi.com\/wp-content\/uploads\/2019\/08\/TB2GF9qoCtYBeNjSspaXXaOOFXa_2787374011.jpg","type":"image\/jpeg"}],"twitter_card":"summary_large_image","schema":{"@context":"https:\/\/schema.org","@graph":[{"@type":"WebPage","@id":"https:\/\/cungtenhanoi.com\/?product=chan-cung-decut-hauda","url":"https:\/\/cungtenhanoi.com\/?product=chan-cung-decut-hauda","name":"Ch\u00e2n cung Decut HAUDA - Cung T\u00ean H\u00e0 N\u1ed9i","isPartOf":{"@id":"https:\/\/cungtenhanoi.com\/#website"},"datePublished":"2019-08-28T08:34:28+00:00","dateModified":"2019-08-28T08:34:28+00:00","description":"mua cung t\u00ean th\u1ec3 thao, mua cung t\u00ean t\u1ea1i h\u00e0 n\u1ed9i, cung tr\u1ee3 l\u1ef1c, cung compound, cung t\u00ean ch\u00ednh h\u00e3ng, cung t\u00ean m\u1ea1nh,cung t\u00ean h\u00e0 n\u1ed9i, cung t\u00ean , mua cung t\u00ean S\u00e0i g\u00f2n , mua m\u0169i t\u00ean b\u1eafn cung , cung b\u1eafn bi s\u1eaft , cung t\u00ean mini","breadcrumb":{"@id":"https:\/\/cungtenhanoi.com\/?product=chan-cung-decut-hauda#breadcrumb"},"inLanguage":"vi","potentialAction":[{"@type":"ReadAction","target":["https:\/\/cungtenhanoi.com\/?product=chan-cung-decut-hauda"]}]},{"@type":"BreadcrumbList","@id":"https:\/\/cungtenhanoi.com\/?product=chan-cung-decut-hauda#breadcrumb","itemListElement":[{"@type":"ListItem","position":1,"name":"Trang ch\u1ee7","item":"https:\/\/cungtenhanoi.com\/"},{"@type":"ListItem","position":2,"name":"Shop","item":"https:\/\/cungtenhanoi.com\/?page_id=6"},{"@type":"ListItem","position":3,"name":"Ph\u1ee5 ki\u1ec7n","item":"https:\/\/cungtenhanoi.com\/danh-muc\/phu-kien\/"},{"@type":"ListItem","position":4,"name":"Ch\u00e2n cung Decut HAUDA"}]},{"@type":"WebSite","@id":"https:\/\/cungtenhanoi.com\/#website","url":"https:\/\/cungtenhanoi.com\/","name":"Cung T\u00ean H\u00e0 N\u1ed9i","description":"Cung c\u1ea5p c\u00e1c lo\u1ea1i cung t\u00ean th\u1ec3 thao s\u1ed1 1 Vi\u1ec7t Nam","publisher":{"@id":"https:\/\/cungtenhanoi.com\/#organization"},"potentialAction":[{"@type":"SearchAction","target":{"@type":"EntryPoint","urlTemplate":"https:\/\/cungtenhanoi.com\/?s={search_term_string}"},"query-input":"required name=search_term_string"}],"inLanguage":"vi"},{"@type":"Organization","@id":"https:\/\/cungtenhanoi.com\/#organization","name":"Cung T\u00ean H\u00e0 N\u1ed9i","url":"https:\/\/cungtenhanoi.com\/","sameAs":[],"logo":{"@type":"ImageObject","inLanguage":"vi","@id":"https:\/\/cungtenhanoi.com\/#\/schema\/logo\/image\/","url":"https:\/\/cungtenhanoi.com\/wp-content\/uploads\/2025\/05\/logo-den-trang.jpg","contentUrl":"https:\/\/cungtenhanoi.com\/wp-content\/uploads\/2025\/05\/logo-den-trang.jpg","width":450,"height":450,"caption":"Cung T\u00ean H\u00e0 N\u1ed9i"},"image":{"@id":"https:\/\/cungtenhanoi.com\/#\/schema\/logo\/image\/"}}]}},"_links":{"self":[{"href":"https:\/\/cungtenhanoi.com\/index.php?rest_route=\/wp\/v2\/product\/478"}],"collection":[{"href":"https:\/\/cungtenhanoi.com\/index.php?rest_route=\/wp\/v2\/product"}],"about":[{"href":"https:\/\/cungtenhanoi.com\/index.php?rest_route=\/wp\/v2\/types\/product"}],"replies":[{"embeddable":true,"href":"https:\/\/cungtenhanoi.com\/index.php?rest_route=%2Fwp%2Fv2%2Fcomments&post=478"}],"wp:featuredmedia":[{"embeddable":true,"href":"https:\/\/cungtenhanoi.com\/index.php?rest_route=\/wp\/v2\/media\/481"}],"wp:attachment":[{"href":"https:\/\/cungtenhanoi.com\/index.php?rest_route=%2Fwp%2Fv2%2Fmedia&parent=478"}],"wp:term":[{"taxonomy":"product_cat","embeddable":true,"href":"https:\/\/cungtenhanoi.com\/index.php?rest_route=%2Fwp%2Fv2%2Fproduct_cat&post=478"},{"taxonomy":"product_tag","embeddable":true,"href":"https:\/\/cungtenhanoi.com\/index.php?rest_route=%2Fwp%2Fv2%2Fproduct_tag&post=478"}],"curies":[{"name":"wp","href":"https:\/\/api.w.org\/{rel}","templated":true}]}}