{"id":498,"date":"2019-08-30T16:29:19","date_gmt":"2019-08-30T09:29:19","guid":{"rendered":"http:\/\/cungtenhanoi.com\/?post_type=product&#038;p=498"},"modified":"2022-11-15T22:22:43","modified_gmt":"2022-11-15T15:22:43","slug":"blackwindow-pmax","status":"publish","type":"product","link":"https:\/\/cungtenhanoi.com\/?product=blackwindow-pmax","title":{"rendered":"Blackwindow PMAX"},"content":{"rendered":"<p><img loading=\"lazy\" class=\"aligncenter size-full wp-image-499\" src=\"http:\/\/cungtenhanoi.com\/wp-content\/uploads\/2019\/08\/9FFA429C-9661-4AFB-BF7A-2FEF8AB1B8AC.jpeg\" alt=\"\" width=\"800\" height=\"800\" srcset=\"https:\/\/cungtenhanoi.com\/wp-content\/uploads\/2019\/08\/9FFA429C-9661-4AFB-BF7A-2FEF8AB1B8AC.jpeg 800w, https:\/\/cungtenhanoi.com\/wp-content\/uploads\/2019\/08\/9FFA429C-9661-4AFB-BF7A-2FEF8AB1B8AC-300x300.jpeg 300w, https:\/\/cungtenhanoi.com\/wp-content\/uploads\/2019\/08\/9FFA429C-9661-4AFB-BF7A-2FEF8AB1B8AC-100x100.jpeg 100w, https:\/\/cungtenhanoi.com\/wp-content\/uploads\/2019\/08\/9FFA429C-9661-4AFB-BF7A-2FEF8AB1B8AC-600x600.jpeg 600w, https:\/\/cungtenhanoi.com\/wp-content\/uploads\/2019\/08\/9FFA429C-9661-4AFB-BF7A-2FEF8AB1B8AC-64x64.jpeg 64w\" sizes=\"(max-width: 800px) 100vw, 800px\" \/> <img loading=\"lazy\" class=\"aligncenter size-full wp-image-500\" src=\"http:\/\/cungtenhanoi.com\/wp-content\/uploads\/2019\/08\/5AC87FF1-10F7-4E10-851A-16DE713E5F35.jpeg\" alt=\"\" width=\"800\" height=\"800\" srcset=\"https:\/\/cungtenhanoi.com\/wp-content\/uploads\/2019\/08\/5AC87FF1-10F7-4E10-851A-16DE713E5F35.jpeg 800w, https:\/\/cungtenhanoi.com\/wp-content\/uploads\/2019\/08\/5AC87FF1-10F7-4E10-851A-16DE713E5F35-300x300.jpeg 300w, https:\/\/cungtenhanoi.com\/wp-content\/uploads\/2019\/08\/5AC87FF1-10F7-4E10-851A-16DE713E5F35-100x100.jpeg 100w, https:\/\/cungtenhanoi.com\/wp-content\/uploads\/2019\/08\/5AC87FF1-10F7-4E10-851A-16DE713E5F35-600x600.jpeg 600w, https:\/\/cungtenhanoi.com\/wp-content\/uploads\/2019\/08\/5AC87FF1-10F7-4E10-851A-16DE713E5F35-64x64.jpeg 64w\" sizes=\"(max-width: 800px) 100vw, 800px\" \/> <img loading=\"lazy\" class=\"aligncenter size-full wp-image-501\" src=\"http:\/\/cungtenhanoi.com\/wp-content\/uploads\/2019\/08\/1203D183-D71D-47B1-86FC-94EF0FC88060.jpeg\" alt=\"\" width=\"800\" height=\"800\" srcset=\"https:\/\/cungtenhanoi.com\/wp-content\/uploads\/2019\/08\/1203D183-D71D-47B1-86FC-94EF0FC88060.jpeg 800w, https:\/\/cungtenhanoi.com\/wp-content\/uploads\/2019\/08\/1203D183-D71D-47B1-86FC-94EF0FC88060-300x300.jpeg 300w, https:\/\/cungtenhanoi.com\/wp-content\/uploads\/2019\/08\/1203D183-D71D-47B1-86FC-94EF0FC88060-100x100.jpeg 100w, https:\/\/cungtenhanoi.com\/wp-content\/uploads\/2019\/08\/1203D183-D71D-47B1-86FC-94EF0FC88060-600x600.jpeg 600w, https:\/\/cungtenhanoi.com\/wp-content\/uploads\/2019\/08\/1203D183-D71D-47B1-86FC-94EF0FC88060-64x64.jpeg 64w, https:\/\/cungtenhanoi.com\/wp-content\/uploads\/2019\/08\/1203D183-D71D-47B1-86FC-94EF0FC88060-150x150.jpeg 150w, https:\/\/cungtenhanoi.com\/wp-content\/uploads\/2019\/08\/1203D183-D71D-47B1-86FC-94EF0FC88060-768x768.jpeg 768w, https:\/\/cungtenhanoi.com\/wp-content\/uploads\/2019\/08\/1203D183-D71D-47B1-86FC-94EF0FC88060-180x180.jpeg 180w, https:\/\/cungtenhanoi.com\/wp-content\/uploads\/2019\/08\/1203D183-D71D-47B1-86FC-94EF0FC88060-45x45.jpeg 45w\" sizes=\"(max-width: 800px) 100vw, 800px\" \/> <img loading=\"lazy\" class=\"aligncenter size-full wp-image-502\" src=\"http:\/\/cungtenhanoi.com\/wp-content\/uploads\/2019\/08\/E1E74A3A-EC7A-4D33-AB39-DFA7840CE65B.jpeg\" alt=\"\" width=\"800\" height=\"800\" srcset=\"https:\/\/cungtenhanoi.com\/wp-content\/uploads\/2019\/08\/E1E74A3A-EC7A-4D33-AB39-DFA7840CE65B.jpeg 800w, https:\/\/cungtenhanoi.com\/wp-content\/uploads\/2019\/08\/E1E74A3A-EC7A-4D33-AB39-DFA7840CE65B-300x300.jpeg 300w, https:\/\/cungtenhanoi.com\/wp-content\/uploads\/2019\/08\/E1E74A3A-EC7A-4D33-AB39-DFA7840CE65B-100x100.jpeg 100w, https:\/\/cungtenhanoi.com\/wp-content\/uploads\/2019\/08\/E1E74A3A-EC7A-4D33-AB39-DFA7840CE65B-600x600.jpeg 600w, https:\/\/cungtenhanoi.com\/wp-content\/uploads\/2019\/08\/E1E74A3A-EC7A-4D33-AB39-DFA7840CE65B-64x64.jpeg 64w, https:\/\/cungtenhanoi.com\/wp-content\/uploads\/2019\/08\/E1E74A3A-EC7A-4D33-AB39-DFA7840CE65B-150x150.jpeg 150w, https:\/\/cungtenhanoi.com\/wp-content\/uploads\/2019\/08\/E1E74A3A-EC7A-4D33-AB39-DFA7840CE65B-768x768.jpeg 768w, https:\/\/cungtenhanoi.com\/wp-content\/uploads\/2019\/08\/E1E74A3A-EC7A-4D33-AB39-DFA7840CE65B-180x180.jpeg 180w, https:\/\/cungtenhanoi.com\/wp-content\/uploads\/2019\/08\/E1E74A3A-EC7A-4D33-AB39-DFA7840CE65B-45x45.jpeg 45w\" sizes=\"(max-width: 800px) 100vw, 800px\" \/>Black<\/p>\n","protected":false},"excerpt":{"rendered":"<p>Black<\/p>\n","protected":false},"featured_media":499,"comment_status":"open","ping_status":"closed","template":"","meta":[],"product_cat":[39,17],"product_tag":[79,80],"acf":[],"yoast_head":"<!-- This site is optimized with the Yoast SEO plugin v19.8 - https:\/\/yoast.com\/wordpress\/plugins\/seo\/ -->\n<title>Blackwindow PMAX - Cung T\u00ean H\u00e0 N\u1ed9i<\/title>\n<meta name=\"description\" content=\"mua cung t\u00ean th\u1ec3 thao, mua cung t\u00ean t\u1ea1i h\u00e0 n\u1ed9i, cung tr\u1ee3 l\u1ef1c, cung compound, cung t\u00ean ch\u00ednh h\u00e3ng, cung t\u00ean m\u1ea1nh,cung t\u00ean h\u00e0 n\u1ed9i, cung t\u00ean , mua cung t\u00ean S\u00e0i g\u00f2n , mua m\u0169i t\u00ean b\u1eafn cung , cung b\u1eafn bi s\u1eaft , cung t\u00ean mini\" \/>\n<meta name=\"robots\" content=\"index, follow, max-snippet:-1, max-image-preview:large, max-video-preview:-1\" \/>\n<link rel=\"canonical\" href=\"https:\/\/cungtenhanoi.com\/?product=blackwindow-pmax\" \/>\n<meta property=\"og:locale\" content=\"vi_VN\" \/>\n<meta property=\"og:type\" content=\"article\" \/>\n<meta property=\"og:title\" content=\"Blackwindow PMAX - Cung T\u00ean H\u00e0 N\u1ed9i\" \/>\n<meta property=\"og:description\" content=\"mua cung t\u00ean th\u1ec3 thao, mua cung t\u00ean t\u1ea1i h\u00e0 n\u1ed9i, cung tr\u1ee3 l\u1ef1c, cung compound, cung t\u00ean ch\u00ednh h\u00e3ng, cung t\u00ean m\u1ea1nh,cung t\u00ean h\u00e0 n\u1ed9i, cung t\u00ean , mua cung t\u00ean S\u00e0i g\u00f2n , mua m\u0169i t\u00ean b\u1eafn cung , cung b\u1eafn bi s\u1eaft , cung t\u00ean mini\" \/>\n<meta property=\"og:url\" content=\"https:\/\/cungtenhanoi.com\/?product=blackwindow-pmax\" \/>\n<meta property=\"og:site_name\" content=\"Cung T\u00ean H\u00e0 N\u1ed9i\" \/>\n<meta property=\"article:modified_time\" content=\"2022-11-15T15:22:43+00:00\" \/>\n<meta property=\"og:image\" content=\"https:\/\/cungtenhanoi.com\/wp-content\/uploads\/2019\/08\/9FFA429C-9661-4AFB-BF7A-2FEF8AB1B8AC.jpeg\" \/>\n\t<meta property=\"og:image:width\" content=\"800\" \/>\n\t<meta property=\"og:image:height\" content=\"800\" \/>\n\t<meta property=\"og:image:type\" content=\"image\/jpeg\" \/>\n<meta name=\"twitter:card\" content=\"summary_large_image\" \/>\n<script type=\"application\/ld+json\" class=\"yoast-schema-graph\">{\"@context\":\"https:\/\/schema.org\",\"@graph\":[{\"@type\":\"WebPage\",\"@id\":\"https:\/\/cungtenhanoi.com\/?product=blackwindow-pmax\",\"url\":\"https:\/\/cungtenhanoi.com\/?product=blackwindow-pmax\",\"name\":\"Blackwindow PMAX - Cung T\u00ean H\u00e0 N\u1ed9i\",\"isPartOf\":{\"@id\":\"https:\/\/cungtenhanoi.com\/#website\"},\"datePublished\":\"2019-08-30T09:29:19+00:00\",\"dateModified\":\"2022-11-15T15:22:43+00:00\",\"description\":\"mua cung t\u00ean th\u1ec3 thao, mua cung t\u00ean t\u1ea1i h\u00e0 n\u1ed9i, cung tr\u1ee3 l\u1ef1c, cung compound, cung t\u00ean ch\u00ednh h\u00e3ng, cung t\u00ean m\u1ea1nh,cung t\u00ean h\u00e0 n\u1ed9i, cung t\u00ean , mua cung t\u00ean S\u00e0i g\u00f2n , mua m\u0169i t\u00ean b\u1eafn cung , cung b\u1eafn bi s\u1eaft , cung t\u00ean mini\",\"breadcrumb\":{\"@id\":\"https:\/\/cungtenhanoi.com\/?product=blackwindow-pmax#breadcrumb\"},\"inLanguage\":\"vi\",\"potentialAction\":[{\"@type\":\"ReadAction\",\"target\":[\"https:\/\/cungtenhanoi.com\/?product=blackwindow-pmax\"]}]},{\"@type\":\"BreadcrumbList\",\"@id\":\"https:\/\/cungtenhanoi.com\/?product=blackwindow-pmax#breadcrumb\",\"itemListElement\":[{\"@type\":\"ListItem\",\"position\":1,\"name\":\"Trang ch\u1ee7\",\"item\":\"https:\/\/cungtenhanoi.com\/\"},{\"@type\":\"ListItem\",\"position\":2,\"name\":\"Shop\",\"item\":\"https:\/\/cungtenhanoi.com\/?page_id=6\"},{\"@type\":\"ListItem\",\"position\":3,\"name\":\"Cung\",\"item\":\"https:\/\/cungtenhanoi.com\/danh-muc\/cung\/\"},{\"@type\":\"ListItem\",\"position\":4,\"name\":\"Blackwindow PMAX\"}]},{\"@type\":\"WebSite\",\"@id\":\"https:\/\/cungtenhanoi.com\/#website\",\"url\":\"https:\/\/cungtenhanoi.com\/\",\"name\":\"Cung T\u00ean H\u00e0 N\u1ed9i\",\"description\":\"Cung c\u1ea5p c\u00e1c lo\u1ea1i cung t\u00ean th\u1ec3 thao s\u1ed1 1 Vi\u1ec7t Nam\",\"publisher\":{\"@id\":\"https:\/\/cungtenhanoi.com\/#organization\"},\"potentialAction\":[{\"@type\":\"SearchAction\",\"target\":{\"@type\":\"EntryPoint\",\"urlTemplate\":\"https:\/\/cungtenhanoi.com\/?s={search_term_string}\"},\"query-input\":\"required name=search_term_string\"}],\"inLanguage\":\"vi\"},{\"@type\":\"Organization\",\"@id\":\"https:\/\/cungtenhanoi.com\/#organization\",\"name\":\"Cung T\u00ean H\u00e0 N\u1ed9i\",\"url\":\"https:\/\/cungtenhanoi.com\/\",\"sameAs\":[],\"logo\":{\"@type\":\"ImageObject\",\"inLanguage\":\"vi\",\"@id\":\"https:\/\/cungtenhanoi.com\/#\/schema\/logo\/image\/\",\"url\":\"https:\/\/cungtenhanoi.com\/wp-content\/uploads\/2025\/05\/logo-den-trang.jpg\",\"contentUrl\":\"https:\/\/cungtenhanoi.com\/wp-content\/uploads\/2025\/05\/logo-den-trang.jpg\",\"width\":450,\"height\":450,\"caption\":\"Cung T\u00ean H\u00e0 N\u1ed9i\"},\"image\":{\"@id\":\"https:\/\/cungtenhanoi.com\/#\/schema\/logo\/image\/\"}}]}<\/script>\n<!-- \/ Yoast SEO plugin. -->","yoast_head_json":{"title":"Blackwindow PMAX - Cung T\u00ean H\u00e0 N\u1ed9i","description":"mua cung t\u00ean th\u1ec3 thao, mua cung t\u00ean t\u1ea1i h\u00e0 n\u1ed9i, cung tr\u1ee3 l\u1ef1c, cung compound, cung t\u00ean ch\u00ednh h\u00e3ng, cung t\u00ean m\u1ea1nh,cung t\u00ean h\u00e0 n\u1ed9i, cung t\u00ean , mua cung t\u00ean S\u00e0i g\u00f2n , mua m\u0169i t\u00ean b\u1eafn cung , cung b\u1eafn bi s\u1eaft , cung t\u00ean mini","robots":{"index":"index","follow":"follow","max-snippet":"max-snippet:-1","max-image-preview":"max-image-preview:large","max-video-preview":"max-video-preview:-1"},"canonical":"https:\/\/cungtenhanoi.com\/?product=blackwindow-pmax","og_locale":"vi_VN","og_type":"article","og_title":"Blackwindow PMAX - Cung T\u00ean H\u00e0 N\u1ed9i","og_description":"mua cung t\u00ean th\u1ec3 thao, mua cung t\u00ean t\u1ea1i h\u00e0 n\u1ed9i, cung tr\u1ee3 l\u1ef1c, cung compound, cung t\u00ean ch\u00ednh h\u00e3ng, cung t\u00ean m\u1ea1nh,cung t\u00ean h\u00e0 n\u1ed9i, cung t\u00ean , mua cung t\u00ean S\u00e0i g\u00f2n , mua m\u0169i t\u00ean b\u1eafn cung , cung b\u1eafn bi s\u1eaft , cung t\u00ean mini","og_url":"https:\/\/cungtenhanoi.com\/?product=blackwindow-pmax","og_site_name":"Cung T\u00ean H\u00e0 N\u1ed9i","article_modified_time":"2022-11-15T15:22:43+00:00","og_image":[{"width":800,"height":800,"url":"https:\/\/cungtenhanoi.com\/wp-content\/uploads\/2019\/08\/9FFA429C-9661-4AFB-BF7A-2FEF8AB1B8AC.jpeg","type":"image\/jpeg"}],"twitter_card":"summary_large_image","schema":{"@context":"https:\/\/schema.org","@graph":[{"@type":"WebPage","@id":"https:\/\/cungtenhanoi.com\/?product=blackwindow-pmax","url":"https:\/\/cungtenhanoi.com\/?product=blackwindow-pmax","name":"Blackwindow PMAX - Cung T\u00ean H\u00e0 N\u1ed9i","isPartOf":{"@id":"https:\/\/cungtenhanoi.com\/#website"},"datePublished":"2019-08-30T09:29:19+00:00","dateModified":"2022-11-15T15:22:43+00:00","description":"mua cung t\u00ean th\u1ec3 thao, mua cung t\u00ean t\u1ea1i h\u00e0 n\u1ed9i, cung tr\u1ee3 l\u1ef1c, cung compound, cung t\u00ean ch\u00ednh h\u00e3ng, cung t\u00ean m\u1ea1nh,cung t\u00ean h\u00e0 n\u1ed9i, cung t\u00ean , mua cung t\u00ean S\u00e0i g\u00f2n , mua m\u0169i t\u00ean b\u1eafn cung , cung b\u1eafn bi s\u1eaft , cung t\u00ean mini","breadcrumb":{"@id":"https:\/\/cungtenhanoi.com\/?product=blackwindow-pmax#breadcrumb"},"inLanguage":"vi","potentialAction":[{"@type":"ReadAction","target":["https:\/\/cungtenhanoi.com\/?product=blackwindow-pmax"]}]},{"@type":"BreadcrumbList","@id":"https:\/\/cungtenhanoi.com\/?product=blackwindow-pmax#breadcrumb","itemListElement":[{"@type":"ListItem","position":1,"name":"Trang ch\u1ee7","item":"https:\/\/cungtenhanoi.com\/"},{"@type":"ListItem","position":2,"name":"Shop","item":"https:\/\/cungtenhanoi.com\/?page_id=6"},{"@type":"ListItem","position":3,"name":"Cung","item":"https:\/\/cungtenhanoi.com\/danh-muc\/cung\/"},{"@type":"ListItem","position":4,"name":"Blackwindow PMAX"}]},{"@type":"WebSite","@id":"https:\/\/cungtenhanoi.com\/#website","url":"https:\/\/cungtenhanoi.com\/","name":"Cung T\u00ean H\u00e0 N\u1ed9i","description":"Cung c\u1ea5p c\u00e1c lo\u1ea1i cung t\u00ean th\u1ec3 thao s\u1ed1 1 Vi\u1ec7t Nam","publisher":{"@id":"https:\/\/cungtenhanoi.com\/#organization"},"potentialAction":[{"@type":"SearchAction","target":{"@type":"EntryPoint","urlTemplate":"https:\/\/cungtenhanoi.com\/?s={search_term_string}"},"query-input":"required name=search_term_string"}],"inLanguage":"vi"},{"@type":"Organization","@id":"https:\/\/cungtenhanoi.com\/#organization","name":"Cung T\u00ean H\u00e0 N\u1ed9i","url":"https:\/\/cungtenhanoi.com\/","sameAs":[],"logo":{"@type":"ImageObject","inLanguage":"vi","@id":"https:\/\/cungtenhanoi.com\/#\/schema\/logo\/image\/","url":"https:\/\/cungtenhanoi.com\/wp-content\/uploads\/2025\/05\/logo-den-trang.jpg","contentUrl":"https:\/\/cungtenhanoi.com\/wp-content\/uploads\/2025\/05\/logo-den-trang.jpg","width":450,"height":450,"caption":"Cung T\u00ean H\u00e0 N\u1ed9i"},"image":{"@id":"https:\/\/cungtenhanoi.com\/#\/schema\/logo\/image\/"}}]}},"_links":{"self":[{"href":"https:\/\/cungtenhanoi.com\/index.php?rest_route=\/wp\/v2\/product\/498"}],"collection":[{"href":"https:\/\/cungtenhanoi.com\/index.php?rest_route=\/wp\/v2\/product"}],"about":[{"href":"https:\/\/cungtenhanoi.com\/index.php?rest_route=\/wp\/v2\/types\/product"}],"replies":[{"embeddable":true,"href":"https:\/\/cungtenhanoi.com\/index.php?rest_route=%2Fwp%2Fv2%2Fcomments&post=498"}],"wp:featuredmedia":[{"embeddable":true,"href":"https:\/\/cungtenhanoi.com\/index.php?rest_route=\/wp\/v2\/media\/499"}],"wp:attachment":[{"href":"https:\/\/cungtenhanoi.com\/index.php?rest_route=%2Fwp%2Fv2%2Fmedia&parent=498"}],"wp:term":[{"taxonomy":"product_cat","embeddable":true,"href":"https:\/\/cungtenhanoi.com\/index.php?rest_route=%2Fwp%2Fv2%2Fproduct_cat&post=498"},{"taxonomy":"product_tag","embeddable":true,"href":"https:\/\/cungtenhanoi.com\/index.php?rest_route=%2Fwp%2Fv2%2Fproduct_tag&post=498"}],"curies":[{"name":"wp","href":"https:\/\/api.w.org\/{rel}","templated":true}]}}