{"id":503,"date":"2019-08-30T16:43:09","date_gmt":"2019-08-30T09:43:09","guid":{"rendered":"http:\/\/cungtenhanoi.com\/?post_type=product&#038;p=503"},"modified":"2019-08-30T16:43:09","modified_gmt":"2019-08-30T09:43:09","slug":"longbow-bamboo-yunchu","status":"publish","type":"product","link":"https:\/\/cungtenhanoi.com\/?product=longbow-bamboo-yunchu","title":{"rendered":"Longbow bamboo Yunchu"},"content":{"rendered":"<p>Longbow bamboo \u0111\u01b0\u1ee3c l\u00e0m b\u1eb1ng tre v\u00e0 composite<\/p>\n<p style=\"text-align: center;\">Chi\u1ec1u d\u00e0i 178cm l\u00ean d\u00e2y 169cm<\/p>\n<p style=\"text-align: center;\">L\u1ef1c b\u1eafn : 20-65 lbs<\/p>\n<p><img loading=\"lazy\" class=\"aligncenter size-full wp-image-505\" src=\"http:\/\/cungtenhanoi.com\/wp-content\/uploads\/2019\/08\/6352E11A-8927-4ADE-8641-5085CC50809B.jpeg\" alt=\"\" width=\"2229\" height=\"1483\" srcset=\"https:\/\/cungtenhanoi.com\/wp-content\/uploads\/2019\/08\/6352E11A-8927-4ADE-8641-5085CC50809B.jpeg 2229w, https:\/\/cungtenhanoi.com\/wp-content\/uploads\/2019\/08\/6352E11A-8927-4ADE-8641-5085CC50809B-600x399.jpeg 600w, https:\/\/cungtenhanoi.com\/wp-content\/uploads\/2019\/08\/6352E11A-8927-4ADE-8641-5085CC50809B-64x43.jpeg 64w, https:\/\/cungtenhanoi.com\/wp-content\/uploads\/2019\/08\/6352E11A-8927-4ADE-8641-5085CC50809B-300x200.jpeg 300w, https:\/\/cungtenhanoi.com\/wp-content\/uploads\/2019\/08\/6352E11A-8927-4ADE-8641-5085CC50809B-768x511.jpeg 768w, https:\/\/cungtenhanoi.com\/wp-content\/uploads\/2019\/08\/6352E11A-8927-4ADE-8641-5085CC50809B-1024x681.jpeg 1024w\" sizes=\"(max-width: 2229px) 100vw, 2229px\" \/> <img loading=\"lazy\" class=\"aligncenter size-full wp-image-506\" src=\"http:\/\/cungtenhanoi.com\/wp-content\/uploads\/2019\/08\/CEB58FE9-4F20-4F72-8614-C40B079A1F46.jpeg\" alt=\"\" width=\"2229\" height=\"1483\" srcset=\"https:\/\/cungtenhanoi.com\/wp-content\/uploads\/2019\/08\/CEB58FE9-4F20-4F72-8614-C40B079A1F46.jpeg 2229w, https:\/\/cungtenhanoi.com\/wp-content\/uploads\/2019\/08\/CEB58FE9-4F20-4F72-8614-C40B079A1F46-600x399.jpeg 600w, https:\/\/cungtenhanoi.com\/wp-content\/uploads\/2019\/08\/CEB58FE9-4F20-4F72-8614-C40B079A1F46-64x43.jpeg 64w, https:\/\/cungtenhanoi.com\/wp-content\/uploads\/2019\/08\/CEB58FE9-4F20-4F72-8614-C40B079A1F46-300x200.jpeg 300w, https:\/\/cungtenhanoi.com\/wp-content\/uploads\/2019\/08\/CEB58FE9-4F20-4F72-8614-C40B079A1F46-768x511.jpeg 768w, https:\/\/cungtenhanoi.com\/wp-content\/uploads\/2019\/08\/CEB58FE9-4F20-4F72-8614-C40B079A1F46-1024x681.jpeg 1024w\" sizes=\"(max-width: 2229px) 100vw, 2229px\" \/> <img loading=\"lazy\" class=\"aligncenter size-full wp-image-507\" src=\"http:\/\/cungtenhanoi.com\/wp-content\/uploads\/2019\/08\/09C2A8B4-4D1C-4923-837A-E3D1414B0A95.jpeg\" alt=\"\" width=\"2337\" height=\"1414\" srcset=\"https:\/\/cungtenhanoi.com\/wp-content\/uploads\/2019\/08\/09C2A8B4-4D1C-4923-837A-E3D1414B0A95.jpeg 2337w, https:\/\/cungtenhanoi.com\/wp-content\/uploads\/2019\/08\/09C2A8B4-4D1C-4923-837A-E3D1414B0A95-600x363.jpeg 600w, https:\/\/cungtenhanoi.com\/wp-content\/uploads\/2019\/08\/09C2A8B4-4D1C-4923-837A-E3D1414B0A95-64x39.jpeg 64w\" sizes=\"(max-width: 2337px) 100vw, 2337px\" \/><\/p>\n","protected":false},"excerpt":{"rendered":"<p>Longbow bamboo \u0111\u01b0\u1ee3c l\u00e0m b\u1eb1ng tre v\u00e0 composite Chi\u1ec1u d\u00e0i 178cm l\u00ean d\u00e2y 169cm L\u1ef1c b\u1eafn : 20-65 lbs<\/p>\n","protected":false},"featured_media":504,"comment_status":"open","ping_status":"closed","template":"","meta":[],"product_cat":[17],"product_tag":[82,81,83],"acf":[],"yoast_head":"<!-- This site is optimized with the Yoast SEO plugin v19.8 - https:\/\/yoast.com\/wordpress\/plugins\/seo\/ -->\n<title>Longbow bamboo Yunchu - Cung T\u00ean H\u00e0 N\u1ed9i<\/title>\n<meta name=\"description\" content=\"mua cung t\u00ean th\u1ec3 thao, mua cung t\u00ean t\u1ea1i h\u00e0 n\u1ed9i, cung tr\u1ee3 l\u1ef1c, cung compound, cung t\u00ean ch\u00ednh h\u00e3ng, cung t\u00ean m\u1ea1nh,cung t\u00ean h\u00e0 n\u1ed9i, cung t\u00ean , mua cung t\u00ean S\u00e0i g\u00f2n , mua m\u0169i t\u00ean b\u1eafn cung , cung b\u1eafn bi s\u1eaft , cung t\u00ean mini\" \/>\n<meta name=\"robots\" content=\"index, follow, max-snippet:-1, max-image-preview:large, max-video-preview:-1\" \/>\n<link rel=\"canonical\" href=\"https:\/\/cungtenhanoi.com\/?product=longbow-bamboo-yunchu\" \/>\n<meta property=\"og:locale\" content=\"vi_VN\" \/>\n<meta property=\"og:type\" content=\"article\" \/>\n<meta property=\"og:title\" content=\"Longbow bamboo Yunchu - Cung T\u00ean H\u00e0 N\u1ed9i\" \/>\n<meta property=\"og:description\" content=\"mua cung t\u00ean th\u1ec3 thao, mua cung t\u00ean t\u1ea1i h\u00e0 n\u1ed9i, cung tr\u1ee3 l\u1ef1c, cung compound, cung t\u00ean ch\u00ednh h\u00e3ng, cung t\u00ean m\u1ea1nh,cung t\u00ean h\u00e0 n\u1ed9i, cung t\u00ean , mua cung t\u00ean S\u00e0i g\u00f2n , mua m\u0169i t\u00ean b\u1eafn cung , cung b\u1eafn bi s\u1eaft , cung t\u00ean mini\" \/>\n<meta property=\"og:url\" content=\"https:\/\/cungtenhanoi.com\/?product=longbow-bamboo-yunchu\" \/>\n<meta property=\"og:site_name\" content=\"Cung T\u00ean H\u00e0 N\u1ed9i\" \/>\n<meta property=\"og:image\" content=\"https:\/\/cungtenhanoi.com\/wp-content\/uploads\/2019\/08\/3B57F3C0-E4F7-47BC-A3FD-B6B3F6A0FF4E.jpeg\" \/>\n\t<meta property=\"og:image:width\" content=\"2325\" \/>\n\t<meta property=\"og:image:height\" content=\"1422\" \/>\n\t<meta property=\"og:image:type\" content=\"image\/jpeg\" \/>\n<meta name=\"twitter:card\" content=\"summary_large_image\" \/>\n<script type=\"application\/ld+json\" class=\"yoast-schema-graph\">{\"@context\":\"https:\/\/schema.org\",\"@graph\":[{\"@type\":\"WebPage\",\"@id\":\"https:\/\/cungtenhanoi.com\/?product=longbow-bamboo-yunchu\",\"url\":\"https:\/\/cungtenhanoi.com\/?product=longbow-bamboo-yunchu\",\"name\":\"Longbow bamboo Yunchu - Cung T\u00ean H\u00e0 N\u1ed9i\",\"isPartOf\":{\"@id\":\"https:\/\/cungtenhanoi.com\/#website\"},\"datePublished\":\"2019-08-30T09:43:09+00:00\",\"dateModified\":\"2019-08-30T09:43:09+00:00\",\"description\":\"mua cung t\u00ean th\u1ec3 thao, mua cung t\u00ean t\u1ea1i h\u00e0 n\u1ed9i, cung tr\u1ee3 l\u1ef1c, cung compound, cung t\u00ean ch\u00ednh h\u00e3ng, cung t\u00ean m\u1ea1nh,cung t\u00ean h\u00e0 n\u1ed9i, cung t\u00ean , mua cung t\u00ean S\u00e0i g\u00f2n , mua m\u0169i t\u00ean b\u1eafn cung , cung b\u1eafn bi s\u1eaft , cung t\u00ean mini\",\"breadcrumb\":{\"@id\":\"https:\/\/cungtenhanoi.com\/?product=longbow-bamboo-yunchu#breadcrumb\"},\"inLanguage\":\"vi\",\"potentialAction\":[{\"@type\":\"ReadAction\",\"target\":[\"https:\/\/cungtenhanoi.com\/?product=longbow-bamboo-yunchu\"]}]},{\"@type\":\"BreadcrumbList\",\"@id\":\"https:\/\/cungtenhanoi.com\/?product=longbow-bamboo-yunchu#breadcrumb\",\"itemListElement\":[{\"@type\":\"ListItem\",\"position\":1,\"name\":\"Trang ch\u1ee7\",\"item\":\"https:\/\/cungtenhanoi.com\/\"},{\"@type\":\"ListItem\",\"position\":2,\"name\":\"Shop\",\"item\":\"https:\/\/cungtenhanoi.com\/?page_id=6\"},{\"@type\":\"ListItem\",\"position\":3,\"name\":\"Cung\",\"item\":\"https:\/\/cungtenhanoi.com\/danh-muc\/cung\/\"},{\"@type\":\"ListItem\",\"position\":4,\"name\":\"Longbow bamboo Yunchu\"}]},{\"@type\":\"WebSite\",\"@id\":\"https:\/\/cungtenhanoi.com\/#website\",\"url\":\"https:\/\/cungtenhanoi.com\/\",\"name\":\"Cung T\u00ean H\u00e0 N\u1ed9i\",\"description\":\"Cung c\u1ea5p c\u00e1c lo\u1ea1i cung t\u00ean th\u1ec3 thao s\u1ed1 1 Vi\u1ec7t Nam\",\"publisher\":{\"@id\":\"https:\/\/cungtenhanoi.com\/#organization\"},\"potentialAction\":[{\"@type\":\"SearchAction\",\"target\":{\"@type\":\"EntryPoint\",\"urlTemplate\":\"https:\/\/cungtenhanoi.com\/?s={search_term_string}\"},\"query-input\":\"required name=search_term_string\"}],\"inLanguage\":\"vi\"},{\"@type\":\"Organization\",\"@id\":\"https:\/\/cungtenhanoi.com\/#organization\",\"name\":\"Cung T\u00ean H\u00e0 N\u1ed9i\",\"url\":\"https:\/\/cungtenhanoi.com\/\",\"sameAs\":[],\"logo\":{\"@type\":\"ImageObject\",\"inLanguage\":\"vi\",\"@id\":\"https:\/\/cungtenhanoi.com\/#\/schema\/logo\/image\/\",\"url\":\"https:\/\/cungtenhanoi.com\/wp-content\/uploads\/2025\/05\/logo-den-trang.jpg\",\"contentUrl\":\"https:\/\/cungtenhanoi.com\/wp-content\/uploads\/2025\/05\/logo-den-trang.jpg\",\"width\":450,\"height\":450,\"caption\":\"Cung T\u00ean H\u00e0 N\u1ed9i\"},\"image\":{\"@id\":\"https:\/\/cungtenhanoi.com\/#\/schema\/logo\/image\/\"}}]}<\/script>\n<!-- \/ Yoast SEO plugin. -->","yoast_head_json":{"title":"Longbow bamboo Yunchu - Cung T\u00ean H\u00e0 N\u1ed9i","description":"mua cung t\u00ean th\u1ec3 thao, mua cung t\u00ean t\u1ea1i h\u00e0 n\u1ed9i, cung tr\u1ee3 l\u1ef1c, cung compound, cung t\u00ean ch\u00ednh h\u00e3ng, cung t\u00ean m\u1ea1nh,cung t\u00ean h\u00e0 n\u1ed9i, cung t\u00ean , mua cung t\u00ean S\u00e0i g\u00f2n , mua m\u0169i t\u00ean b\u1eafn cung , cung b\u1eafn bi s\u1eaft , cung t\u00ean mini","robots":{"index":"index","follow":"follow","max-snippet":"max-snippet:-1","max-image-preview":"max-image-preview:large","max-video-preview":"max-video-preview:-1"},"canonical":"https:\/\/cungtenhanoi.com\/?product=longbow-bamboo-yunchu","og_locale":"vi_VN","og_type":"article","og_title":"Longbow bamboo Yunchu - Cung T\u00ean H\u00e0 N\u1ed9i","og_description":"mua cung t\u00ean th\u1ec3 thao, mua cung t\u00ean t\u1ea1i h\u00e0 n\u1ed9i, cung tr\u1ee3 l\u1ef1c, cung compound, cung t\u00ean ch\u00ednh h\u00e3ng, cung t\u00ean m\u1ea1nh,cung t\u00ean h\u00e0 n\u1ed9i, cung t\u00ean , mua cung t\u00ean S\u00e0i g\u00f2n , mua m\u0169i t\u00ean b\u1eafn cung , cung b\u1eafn bi s\u1eaft , cung t\u00ean mini","og_url":"https:\/\/cungtenhanoi.com\/?product=longbow-bamboo-yunchu","og_site_name":"Cung T\u00ean H\u00e0 N\u1ed9i","og_image":[{"width":2325,"height":1422,"url":"https:\/\/cungtenhanoi.com\/wp-content\/uploads\/2019\/08\/3B57F3C0-E4F7-47BC-A3FD-B6B3F6A0FF4E.jpeg","type":"image\/jpeg"}],"twitter_card":"summary_large_image","schema":{"@context":"https:\/\/schema.org","@graph":[{"@type":"WebPage","@id":"https:\/\/cungtenhanoi.com\/?product=longbow-bamboo-yunchu","url":"https:\/\/cungtenhanoi.com\/?product=longbow-bamboo-yunchu","name":"Longbow bamboo Yunchu - Cung T\u00ean H\u00e0 N\u1ed9i","isPartOf":{"@id":"https:\/\/cungtenhanoi.com\/#website"},"datePublished":"2019-08-30T09:43:09+00:00","dateModified":"2019-08-30T09:43:09+00:00","description":"mua cung t\u00ean th\u1ec3 thao, mua cung t\u00ean t\u1ea1i h\u00e0 n\u1ed9i, cung tr\u1ee3 l\u1ef1c, cung compound, cung t\u00ean ch\u00ednh h\u00e3ng, cung t\u00ean m\u1ea1nh,cung t\u00ean h\u00e0 n\u1ed9i, cung t\u00ean , mua cung t\u00ean S\u00e0i g\u00f2n , mua m\u0169i t\u00ean b\u1eafn cung , cung b\u1eafn bi s\u1eaft , cung t\u00ean mini","breadcrumb":{"@id":"https:\/\/cungtenhanoi.com\/?product=longbow-bamboo-yunchu#breadcrumb"},"inLanguage":"vi","potentialAction":[{"@type":"ReadAction","target":["https:\/\/cungtenhanoi.com\/?product=longbow-bamboo-yunchu"]}]},{"@type":"BreadcrumbList","@id":"https:\/\/cungtenhanoi.com\/?product=longbow-bamboo-yunchu#breadcrumb","itemListElement":[{"@type":"ListItem","position":1,"name":"Trang ch\u1ee7","item":"https:\/\/cungtenhanoi.com\/"},{"@type":"ListItem","position":2,"name":"Shop","item":"https:\/\/cungtenhanoi.com\/?page_id=6"},{"@type":"ListItem","position":3,"name":"Cung","item":"https:\/\/cungtenhanoi.com\/danh-muc\/cung\/"},{"@type":"ListItem","position":4,"name":"Longbow bamboo Yunchu"}]},{"@type":"WebSite","@id":"https:\/\/cungtenhanoi.com\/#website","url":"https:\/\/cungtenhanoi.com\/","name":"Cung T\u00ean H\u00e0 N\u1ed9i","description":"Cung c\u1ea5p c\u00e1c lo\u1ea1i cung t\u00ean th\u1ec3 thao s\u1ed1 1 Vi\u1ec7t Nam","publisher":{"@id":"https:\/\/cungtenhanoi.com\/#organization"},"potentialAction":[{"@type":"SearchAction","target":{"@type":"EntryPoint","urlTemplate":"https:\/\/cungtenhanoi.com\/?s={search_term_string}"},"query-input":"required name=search_term_string"}],"inLanguage":"vi"},{"@type":"Organization","@id":"https:\/\/cungtenhanoi.com\/#organization","name":"Cung T\u00ean H\u00e0 N\u1ed9i","url":"https:\/\/cungtenhanoi.com\/","sameAs":[],"logo":{"@type":"ImageObject","inLanguage":"vi","@id":"https:\/\/cungtenhanoi.com\/#\/schema\/logo\/image\/","url":"https:\/\/cungtenhanoi.com\/wp-content\/uploads\/2025\/05\/logo-den-trang.jpg","contentUrl":"https:\/\/cungtenhanoi.com\/wp-content\/uploads\/2025\/05\/logo-den-trang.jpg","width":450,"height":450,"caption":"Cung T\u00ean H\u00e0 N\u1ed9i"},"image":{"@id":"https:\/\/cungtenhanoi.com\/#\/schema\/logo\/image\/"}}]}},"_links":{"self":[{"href":"https:\/\/cungtenhanoi.com\/index.php?rest_route=\/wp\/v2\/product\/503"}],"collection":[{"href":"https:\/\/cungtenhanoi.com\/index.php?rest_route=\/wp\/v2\/product"}],"about":[{"href":"https:\/\/cungtenhanoi.com\/index.php?rest_route=\/wp\/v2\/types\/product"}],"replies":[{"embeddable":true,"href":"https:\/\/cungtenhanoi.com\/index.php?rest_route=%2Fwp%2Fv2%2Fcomments&post=503"}],"wp:featuredmedia":[{"embeddable":true,"href":"https:\/\/cungtenhanoi.com\/index.php?rest_route=\/wp\/v2\/media\/504"}],"wp:attachment":[{"href":"https:\/\/cungtenhanoi.com\/index.php?rest_route=%2Fwp%2Fv2%2Fmedia&parent=503"}],"wp:term":[{"taxonomy":"product_cat","embeddable":true,"href":"https:\/\/cungtenhanoi.com\/index.php?rest_route=%2Fwp%2Fv2%2Fproduct_cat&post=503"},{"taxonomy":"product_tag","embeddable":true,"href":"https:\/\/cungtenhanoi.com\/index.php?rest_route=%2Fwp%2Fv2%2Fproduct_tag&post=503"}],"curies":[{"name":"wp","href":"https:\/\/api.w.org\/{rel}","templated":true}]}}