{"id":508,"date":"2019-09-03T18:10:10","date_gmt":"2019-09-03T11:10:10","guid":{"rendered":"http:\/\/cungtenhanoi.com\/?post_type=product&#038;p=508"},"modified":"2026-05-08T08:27:52","modified_gmt":"2026-05-08T01:27:52","slug":"wiawis-tft-ns-option","status":"publish","type":"product","link":"https:\/\/cungtenhanoi.com\/?product=wiawis-tft-ns-option","title":{"rendered":"Wiawis TFT NS option"},"content":{"rendered":"<p style=\"text-align: center;\">\u2705\u27051: Riser &#8211; TFT WW??????<br \/>\n\u2705\u27052: Limb &#8211; Wiawis Ns??????<br \/>\n\u2705\u27053: Stabilizer &#8211; S21 wiawis??????<br \/>\n\u2705\u27054: Sight &#8211; Shibuya??????<br \/>\n\u2705\u27055: Sight bow &#8211; Shibuya Rc485-9??????<br \/>\n\u2705\u27056: Plunger &#8211; Beiter????<br \/>\n\u2705\u27057: Arrow rest Winwin ??????<br \/>\n\u2705\u27058: String BCY??????<br \/>\n??D\u00f2ng cung recurve bow takedow target ??chuy\u00ean thi \u0111\u1ea5u Olypic v\u1edbi nh\u1eefng t\u00ednh n\u0103ng v\u00e0 hi\u1ec7u qu\u1ea3 thi \u0111\u1ea5u \u0111\u1ea1t \u0111\u1ebfn m\u1ee9c tuy\u1ec7t \u0111\u1ed1i. C\u00f3 l\u1ebd kh\u00f4ng ph\u1ea3i gi\u1edbi thi\u1ec7u qu\u00e1 nhi\u1ec1u, \u0111\u00f4i khi ng\u00f4n t\u1eeb b\u1ea5t l\u1ef1c v\u1edbi nh\u1eefng ki\u1ec7t t\u00e1c.<\/p>\n<p>\u2014\u2014\u2014\u2014\u2014\u2014\u2014\u2014\u2014\u2014\u2014\u2014-<br \/>\n#recurve #target #takedow #olympic #cungten #cungtenhanoi #winwin #wiawis #shibuya #beiter<\/p>\n<p style=\"text-align: center;\">\u260e\ufe0f\u260e\ufe0f\u260e\ufe0f\u260e\ufe0f: SMS\/FB\/Zalo : 0911682663<br \/>\nGi\u00e1: ~ 3000$<\/p>\n<p style=\"text-align: center;\"><img loading=\"lazy\" class=\"align\u2705\u27051: Riser - TFT WW?????? \u2705\u27052: Limb - Wiawis Ns?????? \u2705\u27053: Stabilizer - S21 wiawis?????? \u2705\u27054: Sight - Shibuya?????? \u2705\u27055: Sight bow - Shibuya Rc485-9?????? \u2705\u27056: Plunger - Beiter???? \u2705\u27057: Arrow rest Winwin ?????? \u2705\u27058: String BCY?????? ??D\u00f2ng cung recurve bow takedow target ??chuy\u00ean thi \u0111\u1ea5u Olypic v\u1edbi nh\u1eefng t\u00ednh n\u0103ng v\u00e0 hi\u1ec7u qu\u1ea3 thi \u0111\u1ea5u \u0111\u1ea1t \u0111\u1ebfn m\u1ee9c tuy\u1ec7t \u0111\u1ed1i. C\u00f3 l\u1ebd kh\u00f4ng ph\u1ea3i gi\u1edbi thi\u1ec7u qu\u00e1 nhi\u1ec1u, \u0111\u00f4i khi ng\u00f4n t\u1eeb b\u1ea5t l\u1ef1c v\u1edbi nh\u1eefng ki\u1ec7t t\u00e1c. \u2014\u2014\u2014\u2014\u2014\u2014\u2014\u2014\u2014\u2014\u2014\u2014- #recurve #target #takedow #olympic #cungten #cungtenhanoi #winwin #wiawis #shibuya #beiter \u260e\ufe0f\u260e\ufe0f\u260e\ufe0f\u260e\ufe0f: SMS\/FB\/Zalo : 0911682663 Gi\u00e1: ~ 3000$center size-full wp-image-509\" src=\"http:\/\/cungtenhanoi.com\/wp-content\/uploads\/2019\/09\/31CC623E-6714-4652-807F-F31F9A413E2D.jpeg\" alt=\"\" width=\"900\" height=\"1200\" srcset=\"https:\/\/cungtenhanoi.com\/wp-content\/uploads\/2019\/09\/31CC623E-6714-4652-807F-F31F9A413E2D.jpeg 900w, https:\/\/cungtenhanoi.com\/wp-content\/uploads\/2019\/09\/31CC623E-6714-4652-807F-F31F9A413E2D-600x800.jpeg 600w, https:\/\/cungtenhanoi.com\/wp-content\/uploads\/2019\/09\/31CC623E-6714-4652-807F-F31F9A413E2D-64x85.jpeg 64w\" sizes=\"(max-width: 900px) 100vw, 900px\" \/><\/p>\n<p><img loading=\"lazy\" class=\"aligncenter size-full wp-image-510\" src=\"http:\/\/cungtenhanoi.com\/wp-content\/uploads\/2019\/09\/FBE35419-A2DD-49F6-859C-E2A8A374184A.jpeg\" alt=\"\" width=\"900\" height=\"1200\" srcset=\"https:\/\/cungtenhanoi.com\/wp-content\/uploads\/2019\/09\/FBE35419-A2DD-49F6-859C-E2A8A374184A.jpeg 900w, https:\/\/cungtenhanoi.com\/wp-content\/uploads\/2019\/09\/FBE35419-A2DD-49F6-859C-E2A8A374184A-600x800.jpeg 600w, https:\/\/cungtenhanoi.com\/wp-content\/uploads\/2019\/09\/FBE35419-A2DD-49F6-859C-E2A8A374184A-64x85.jpeg 64w, https:\/\/cungtenhanoi.com\/wp-content\/uploads\/2019\/09\/FBE35419-A2DD-49F6-859C-E2A8A374184A-225x300.jpeg 225w, https:\/\/cungtenhanoi.com\/wp-content\/uploads\/2019\/09\/FBE35419-A2DD-49F6-859C-E2A8A374184A-768x1024.jpeg 768w\" sizes=\"(max-width: 900px) 100vw, 900px\" \/> <img loading=\"lazy\" class=\"aligncenter size-full wp-image-511\" src=\"http:\/\/cungtenhanoi.com\/wp-content\/uploads\/2019\/09\/43CD6F6C-620D-4EAA-A98A-D33F757F8167.jpeg\" alt=\"\" width=\"900\" height=\"1200\" srcset=\"https:\/\/cungtenhanoi.com\/wp-content\/uploads\/2019\/09\/43CD6F6C-620D-4EAA-A98A-D33F757F8167.jpeg 900w, https:\/\/cungtenhanoi.com\/wp-content\/uploads\/2019\/09\/43CD6F6C-620D-4EAA-A98A-D33F757F8167-600x800.jpeg 600w, https:\/\/cungtenhanoi.com\/wp-content\/uploads\/2019\/09\/43CD6F6C-620D-4EAA-A98A-D33F757F8167-64x85.jpeg 64w, https:\/\/cungtenhanoi.com\/wp-content\/uploads\/2019\/09\/43CD6F6C-620D-4EAA-A98A-D33F757F8167-225x300.jpeg 225w, https:\/\/cungtenhanoi.com\/wp-content\/uploads\/2019\/09\/43CD6F6C-620D-4EAA-A98A-D33F757F8167-768x1024.jpeg 768w\" sizes=\"(max-width: 900px) 100vw, 900px\" \/> <img loading=\"lazy\" class=\"aligncenter size-full wp-image-512\" src=\"http:\/\/cungtenhanoi.com\/wp-content\/uploads\/2019\/09\/C8374CF8-0325-49EB-8EFD-D725E55449CA.jpeg\" alt=\"\" width=\"900\" height=\"1200\" srcset=\"https:\/\/cungtenhanoi.com\/wp-content\/uploads\/2019\/09\/C8374CF8-0325-49EB-8EFD-D725E55449CA.jpeg 900w, https:\/\/cungtenhanoi.com\/wp-content\/uploads\/2019\/09\/C8374CF8-0325-49EB-8EFD-D725E55449CA-600x800.jpeg 600w, https:\/\/cungtenhanoi.com\/wp-content\/uploads\/2019\/09\/C8374CF8-0325-49EB-8EFD-D725E55449CA-64x85.jpeg 64w\" sizes=\"(max-width: 900px) 100vw, 900px\" \/><\/p>\n","protected":false},"excerpt":{"rendered":"<p>\u2705\u27051: Riser &#8211; TFT WW?????? \u2705\u27052: Limb &#8211; Wiawis Ns?????? \u2705\u27053: Stabilizer &#8211; S21 wiawis?????? \u2705\u27054: Sight &#8211; Shibuya?????? \u2705\u27055: Sight bow &#8211; Shibuya Rc485-9?????? \u2705\u27056: Plunger &#8211; Beiter???? \u2705\u27057: Arrow rest Winwin ?????? \u2705\u27058: String BCY?????? ??D\u00f2ng cung recurve bow takedow target ??chuy\u00ean thi \u0111\u1ea5u Olypic v\u1edbi nh\u1eefng t\u00ednh n\u0103ng v\u00e0 hi\u1ec7u qu\u1ea3 thi<\/p>\n","protected":false},"featured_media":509,"comment_status":"open","ping_status":"closed","template":"","meta":[],"product_cat":[39,17],"product_tag":[],"acf":[],"yoast_head":"<!-- This site is optimized with the Yoast SEO plugin v19.8 - https:\/\/yoast.com\/wordpress\/plugins\/seo\/ -->\n<title>Wiawis TFT NS option - Cung T\u00ean H\u00e0 N\u1ed9i<\/title>\n<meta name=\"description\" content=\"mua cung t\u00ean th\u1ec3 thao, mua cung t\u00ean t\u1ea1i h\u00e0 n\u1ed9i, cung tr\u1ee3 l\u1ef1c, cung compound, cung t\u00ean ch\u00ednh h\u00e3ng, cung t\u00ean m\u1ea1nh,cung t\u00ean h\u00e0 n\u1ed9i, cung t\u00ean , mua cung t\u00ean S\u00e0i g\u00f2n , mua m\u0169i t\u00ean b\u1eafn cung , cung b\u1eafn bi s\u1eaft , cung t\u00ean mini\" \/>\n<meta name=\"robots\" content=\"index, follow, max-snippet:-1, max-image-preview:large, max-video-preview:-1\" \/>\n<link rel=\"canonical\" href=\"https:\/\/cungtenhanoi.com\/?product=wiawis-tft-ns-option\" \/>\n<meta property=\"og:locale\" content=\"vi_VN\" \/>\n<meta property=\"og:type\" content=\"article\" \/>\n<meta property=\"og:title\" content=\"Wiawis TFT NS option - Cung T\u00ean H\u00e0 N\u1ed9i\" \/>\n<meta property=\"og:description\" content=\"mua cung t\u00ean th\u1ec3 thao, mua cung t\u00ean t\u1ea1i h\u00e0 n\u1ed9i, cung tr\u1ee3 l\u1ef1c, cung compound, cung t\u00ean ch\u00ednh h\u00e3ng, cung t\u00ean m\u1ea1nh,cung t\u00ean h\u00e0 n\u1ed9i, cung t\u00ean , mua cung t\u00ean S\u00e0i g\u00f2n , mua m\u0169i t\u00ean b\u1eafn cung , cung b\u1eafn bi s\u1eaft , cung t\u00ean mini\" \/>\n<meta property=\"og:url\" content=\"https:\/\/cungtenhanoi.com\/?product=wiawis-tft-ns-option\" \/>\n<meta property=\"og:site_name\" content=\"Cung T\u00ean H\u00e0 N\u1ed9i\" \/>\n<meta property=\"article:modified_time\" content=\"2026-05-08T01:27:52+00:00\" \/>\n<meta property=\"og:image\" content=\"https:\/\/cungtenhanoi.com\/wp-content\/uploads\/2019\/09\/31CC623E-6714-4652-807F-F31F9A413E2D.jpeg\" \/>\n\t<meta property=\"og:image:width\" content=\"900\" \/>\n\t<meta property=\"og:image:height\" content=\"1200\" \/>\n\t<meta property=\"og:image:type\" content=\"image\/jpeg\" \/>\n<meta name=\"twitter:card\" content=\"summary_large_image\" \/>\n<meta name=\"twitter:label1\" content=\"\u01af\u1edbc t\u00ednh th\u1eddi gian \u0111\u1ecdc\" \/>\n\t<meta name=\"twitter:data1\" content=\"1 ph\u00fat\" \/>\n<script type=\"application\/ld+json\" class=\"yoast-schema-graph\">{\"@context\":\"https:\/\/schema.org\",\"@graph\":[{\"@type\":\"WebPage\",\"@id\":\"https:\/\/cungtenhanoi.com\/?product=wiawis-tft-ns-option\",\"url\":\"https:\/\/cungtenhanoi.com\/?product=wiawis-tft-ns-option\",\"name\":\"Wiawis TFT NS option - Cung T\u00ean H\u00e0 N\u1ed9i\",\"isPartOf\":{\"@id\":\"https:\/\/cungtenhanoi.com\/#website\"},\"datePublished\":\"2019-09-03T11:10:10+00:00\",\"dateModified\":\"2026-05-08T01:27:52+00:00\",\"description\":\"mua cung t\u00ean th\u1ec3 thao, mua cung t\u00ean t\u1ea1i h\u00e0 n\u1ed9i, cung tr\u1ee3 l\u1ef1c, cung compound, cung t\u00ean ch\u00ednh h\u00e3ng, cung t\u00ean m\u1ea1nh,cung t\u00ean h\u00e0 n\u1ed9i, cung t\u00ean , mua cung t\u00ean S\u00e0i g\u00f2n , mua m\u0169i t\u00ean b\u1eafn cung , cung b\u1eafn bi s\u1eaft , cung t\u00ean mini\",\"breadcrumb\":{\"@id\":\"https:\/\/cungtenhanoi.com\/?product=wiawis-tft-ns-option#breadcrumb\"},\"inLanguage\":\"vi\",\"potentialAction\":[{\"@type\":\"ReadAction\",\"target\":[\"https:\/\/cungtenhanoi.com\/?product=wiawis-tft-ns-option\"]}]},{\"@type\":\"BreadcrumbList\",\"@id\":\"https:\/\/cungtenhanoi.com\/?product=wiawis-tft-ns-option#breadcrumb\",\"itemListElement\":[{\"@type\":\"ListItem\",\"position\":1,\"name\":\"Trang ch\u1ee7\",\"item\":\"https:\/\/cungtenhanoi.com\/\"},{\"@type\":\"ListItem\",\"position\":2,\"name\":\"Shop\",\"item\":\"https:\/\/cungtenhanoi.com\/?page_id=6\"},{\"@type\":\"ListItem\",\"position\":3,\"name\":\"Cung\",\"item\":\"https:\/\/cungtenhanoi.com\/danh-muc\/cung\/\"},{\"@type\":\"ListItem\",\"position\":4,\"name\":\"Wiawis TFT NS option\"}]},{\"@type\":\"WebSite\",\"@id\":\"https:\/\/cungtenhanoi.com\/#website\",\"url\":\"https:\/\/cungtenhanoi.com\/\",\"name\":\"Cung T\u00ean H\u00e0 N\u1ed9i\",\"description\":\"Cung c\u1ea5p c\u00e1c lo\u1ea1i cung t\u00ean th\u1ec3 thao s\u1ed1 1 Vi\u1ec7t Nam\",\"publisher\":{\"@id\":\"https:\/\/cungtenhanoi.com\/#organization\"},\"potentialAction\":[{\"@type\":\"SearchAction\",\"target\":{\"@type\":\"EntryPoint\",\"urlTemplate\":\"https:\/\/cungtenhanoi.com\/?s={search_term_string}\"},\"query-input\":\"required name=search_term_string\"}],\"inLanguage\":\"vi\"},{\"@type\":\"Organization\",\"@id\":\"https:\/\/cungtenhanoi.com\/#organization\",\"name\":\"Cung T\u00ean H\u00e0 N\u1ed9i\",\"url\":\"https:\/\/cungtenhanoi.com\/\",\"sameAs\":[],\"logo\":{\"@type\":\"ImageObject\",\"inLanguage\":\"vi\",\"@id\":\"https:\/\/cungtenhanoi.com\/#\/schema\/logo\/image\/\",\"url\":\"https:\/\/cungtenhanoi.com\/wp-content\/uploads\/2025\/05\/logo-den-trang.jpg\",\"contentUrl\":\"https:\/\/cungtenhanoi.com\/wp-content\/uploads\/2025\/05\/logo-den-trang.jpg\",\"width\":450,\"height\":450,\"caption\":\"Cung T\u00ean H\u00e0 N\u1ed9i\"},\"image\":{\"@id\":\"https:\/\/cungtenhanoi.com\/#\/schema\/logo\/image\/\"}}]}<\/script>\n<!-- \/ Yoast SEO plugin. -->","yoast_head_json":{"title":"Wiawis TFT NS option - Cung T\u00ean H\u00e0 N\u1ed9i","description":"mua cung t\u00ean th\u1ec3 thao, mua cung t\u00ean t\u1ea1i h\u00e0 n\u1ed9i, cung tr\u1ee3 l\u1ef1c, cung compound, cung t\u00ean ch\u00ednh h\u00e3ng, cung t\u00ean m\u1ea1nh,cung t\u00ean h\u00e0 n\u1ed9i, cung t\u00ean , mua cung t\u00ean S\u00e0i g\u00f2n , mua m\u0169i t\u00ean b\u1eafn cung , cung b\u1eafn bi s\u1eaft , cung t\u00ean mini","robots":{"index":"index","follow":"follow","max-snippet":"max-snippet:-1","max-image-preview":"max-image-preview:large","max-video-preview":"max-video-preview:-1"},"canonical":"https:\/\/cungtenhanoi.com\/?product=wiawis-tft-ns-option","og_locale":"vi_VN","og_type":"article","og_title":"Wiawis TFT NS option - Cung T\u00ean H\u00e0 N\u1ed9i","og_description":"mua cung t\u00ean th\u1ec3 thao, mua cung t\u00ean t\u1ea1i h\u00e0 n\u1ed9i, cung tr\u1ee3 l\u1ef1c, cung compound, cung t\u00ean ch\u00ednh h\u00e3ng, cung t\u00ean m\u1ea1nh,cung t\u00ean h\u00e0 n\u1ed9i, cung t\u00ean , mua cung t\u00ean S\u00e0i g\u00f2n , mua m\u0169i t\u00ean b\u1eafn cung , cung b\u1eafn bi s\u1eaft , cung t\u00ean mini","og_url":"https:\/\/cungtenhanoi.com\/?product=wiawis-tft-ns-option","og_site_name":"Cung T\u00ean H\u00e0 N\u1ed9i","article_modified_time":"2026-05-08T01:27:52+00:00","og_image":[{"width":900,"height":1200,"url":"https:\/\/cungtenhanoi.com\/wp-content\/uploads\/2019\/09\/31CC623E-6714-4652-807F-F31F9A413E2D.jpeg","type":"image\/jpeg"}],"twitter_card":"summary_large_image","twitter_misc":{"\u01af\u1edbc t\u00ednh th\u1eddi gian \u0111\u1ecdc":"1 ph\u00fat"},"schema":{"@context":"https:\/\/schema.org","@graph":[{"@type":"WebPage","@id":"https:\/\/cungtenhanoi.com\/?product=wiawis-tft-ns-option","url":"https:\/\/cungtenhanoi.com\/?product=wiawis-tft-ns-option","name":"Wiawis TFT NS option - Cung T\u00ean H\u00e0 N\u1ed9i","isPartOf":{"@id":"https:\/\/cungtenhanoi.com\/#website"},"datePublished":"2019-09-03T11:10:10+00:00","dateModified":"2026-05-08T01:27:52+00:00","description":"mua cung t\u00ean th\u1ec3 thao, mua cung t\u00ean t\u1ea1i h\u00e0 n\u1ed9i, cung tr\u1ee3 l\u1ef1c, cung compound, cung t\u00ean ch\u00ednh h\u00e3ng, cung t\u00ean m\u1ea1nh,cung t\u00ean h\u00e0 n\u1ed9i, cung t\u00ean , mua cung t\u00ean S\u00e0i g\u00f2n , mua m\u0169i t\u00ean b\u1eafn cung , cung b\u1eafn bi s\u1eaft , cung t\u00ean mini","breadcrumb":{"@id":"https:\/\/cungtenhanoi.com\/?product=wiawis-tft-ns-option#breadcrumb"},"inLanguage":"vi","potentialAction":[{"@type":"ReadAction","target":["https:\/\/cungtenhanoi.com\/?product=wiawis-tft-ns-option"]}]},{"@type":"BreadcrumbList","@id":"https:\/\/cungtenhanoi.com\/?product=wiawis-tft-ns-option#breadcrumb","itemListElement":[{"@type":"ListItem","position":1,"name":"Trang ch\u1ee7","item":"https:\/\/cungtenhanoi.com\/"},{"@type":"ListItem","position":2,"name":"Shop","item":"https:\/\/cungtenhanoi.com\/?page_id=6"},{"@type":"ListItem","position":3,"name":"Cung","item":"https:\/\/cungtenhanoi.com\/danh-muc\/cung\/"},{"@type":"ListItem","position":4,"name":"Wiawis TFT NS option"}]},{"@type":"WebSite","@id":"https:\/\/cungtenhanoi.com\/#website","url":"https:\/\/cungtenhanoi.com\/","name":"Cung T\u00ean H\u00e0 N\u1ed9i","description":"Cung c\u1ea5p c\u00e1c lo\u1ea1i cung t\u00ean th\u1ec3 thao s\u1ed1 1 Vi\u1ec7t Nam","publisher":{"@id":"https:\/\/cungtenhanoi.com\/#organization"},"potentialAction":[{"@type":"SearchAction","target":{"@type":"EntryPoint","urlTemplate":"https:\/\/cungtenhanoi.com\/?s={search_term_string}"},"query-input":"required name=search_term_string"}],"inLanguage":"vi"},{"@type":"Organization","@id":"https:\/\/cungtenhanoi.com\/#organization","name":"Cung T\u00ean H\u00e0 N\u1ed9i","url":"https:\/\/cungtenhanoi.com\/","sameAs":[],"logo":{"@type":"ImageObject","inLanguage":"vi","@id":"https:\/\/cungtenhanoi.com\/#\/schema\/logo\/image\/","url":"https:\/\/cungtenhanoi.com\/wp-content\/uploads\/2025\/05\/logo-den-trang.jpg","contentUrl":"https:\/\/cungtenhanoi.com\/wp-content\/uploads\/2025\/05\/logo-den-trang.jpg","width":450,"height":450,"caption":"Cung T\u00ean H\u00e0 N\u1ed9i"},"image":{"@id":"https:\/\/cungtenhanoi.com\/#\/schema\/logo\/image\/"}}]}},"_links":{"self":[{"href":"https:\/\/cungtenhanoi.com\/index.php?rest_route=\/wp\/v2\/product\/508"}],"collection":[{"href":"https:\/\/cungtenhanoi.com\/index.php?rest_route=\/wp\/v2\/product"}],"about":[{"href":"https:\/\/cungtenhanoi.com\/index.php?rest_route=\/wp\/v2\/types\/product"}],"replies":[{"embeddable":true,"href":"https:\/\/cungtenhanoi.com\/index.php?rest_route=%2Fwp%2Fv2%2Fcomments&post=508"}],"wp:featuredmedia":[{"embeddable":true,"href":"https:\/\/cungtenhanoi.com\/index.php?rest_route=\/wp\/v2\/media\/509"}],"wp:attachment":[{"href":"https:\/\/cungtenhanoi.com\/index.php?rest_route=%2Fwp%2Fv2%2Fmedia&parent=508"}],"wp:term":[{"taxonomy":"product_cat","embeddable":true,"href":"https:\/\/cungtenhanoi.com\/index.php?rest_route=%2Fwp%2Fv2%2Fproduct_cat&post=508"},{"taxonomy":"product_tag","embeddable":true,"href":"https:\/\/cungtenhanoi.com\/index.php?rest_route=%2Fwp%2Fv2%2Fproduct_tag&post=508"}],"curies":[{"name":"wp","href":"https:\/\/api.w.org\/{rel}","templated":true}]}}