{"id":516,"date":"2019-09-18T13:58:25","date_gmt":"2019-09-18T06:58:25","guid":{"rendered":"https:\/\/cungtenhanoi.com\/?post_type=product&#038;p=516"},"modified":"2025-05-29T12:42:03","modified_gmt":"2025-05-29T05:42:03","slug":"cung-ten-truyen-thong-manchu-tt01","status":"publish","type":"product","link":"https:\/\/cungtenhanoi.com\/?product=cung-ten-truyen-thong-manchu-tt01","title":{"rendered":"Cung t\u00ean truy\u1ec1n th\u1ed1ng Manchu tt01"},"content":{"rendered":"<ol>\n<li style=\"text-align: center;\">\n<blockquote><p><img loading=\"lazy\" class=\"aligncenter size-full wp-image-767\" src=\"https:\/\/cungtenhanoi.com\/wp-content\/uploads\/2019\/09\/CCB60987-9F2C-47E1-B293-C96C2C136DCD.jpeg\" alt=\"\" width=\"2048\" height=\"1360\" srcset=\"https:\/\/cungtenhanoi.com\/wp-content\/uploads\/2019\/09\/CCB60987-9F2C-47E1-B293-C96C2C136DCD.jpeg 2048w, https:\/\/cungtenhanoi.com\/wp-content\/uploads\/2019\/09\/CCB60987-9F2C-47E1-B293-C96C2C136DCD-600x398.jpeg 600w, https:\/\/cungtenhanoi.com\/wp-content\/uploads\/2019\/09\/CCB60987-9F2C-47E1-B293-C96C2C136DCD-64x43.jpeg 64w, https:\/\/cungtenhanoi.com\/wp-content\/uploads\/2019\/09\/CCB60987-9F2C-47E1-B293-C96C2C136DCD-300x199.jpeg 300w, https:\/\/cungtenhanoi.com\/wp-content\/uploads\/2019\/09\/CCB60987-9F2C-47E1-B293-C96C2C136DCD-768x510.jpeg 768w, https:\/\/cungtenhanoi.com\/wp-content\/uploads\/2019\/09\/CCB60987-9F2C-47E1-B293-C96C2C136DCD-1024x680.jpeg 1024w\" sizes=\"(max-width: 2048px) 100vw, 2048px\" \/> <img loading=\"lazy\" class=\"aligncenter size-full wp-image-768\" src=\"https:\/\/cungtenhanoi.com\/wp-content\/uploads\/2019\/09\/A38860E3-5A3E-46AD-86A4-C2F971E45A0C.jpeg\" alt=\"\" width=\"2048\" height=\"1536\" srcset=\"https:\/\/cungtenhanoi.com\/wp-content\/uploads\/2019\/09\/A38860E3-5A3E-46AD-86A4-C2F971E45A0C.jpeg 2048w, https:\/\/cungtenhanoi.com\/wp-content\/uploads\/2019\/09\/A38860E3-5A3E-46AD-86A4-C2F971E45A0C-600x450.jpeg 600w, https:\/\/cungtenhanoi.com\/wp-content\/uploads\/2019\/09\/A38860E3-5A3E-46AD-86A4-C2F971E45A0C-64x48.jpeg 64w, https:\/\/cungtenhanoi.com\/wp-content\/uploads\/2019\/09\/A38860E3-5A3E-46AD-86A4-C2F971E45A0C-300x225.jpeg 300w, https:\/\/cungtenhanoi.com\/wp-content\/uploads\/2019\/09\/A38860E3-5A3E-46AD-86A4-C2F971E45A0C-768x576.jpeg 768w, https:\/\/cungtenhanoi.com\/wp-content\/uploads\/2019\/09\/A38860E3-5A3E-46AD-86A4-C2F971E45A0C-1024x768.jpeg 1024w, https:\/\/cungtenhanoi.com\/wp-content\/uploads\/2019\/09\/A38860E3-5A3E-46AD-86A4-C2F971E45A0C-480x360.jpeg 480w\" sizes=\"(max-width: 2048px) 100vw, 2048px\" \/> <img loading=\"lazy\" class=\"aligncenter size-full wp-image-769\" src=\"https:\/\/cungtenhanoi.com\/wp-content\/uploads\/2019\/09\/9E1B21F1-CE02-4ADC-BC91-79A4145EF4B8.jpeg\" alt=\"\" width=\"1536\" height=\"2048\" srcset=\"https:\/\/cungtenhanoi.com\/wp-content\/uploads\/2019\/09\/9E1B21F1-CE02-4ADC-BC91-79A4145EF4B8.jpeg 1536w, https:\/\/cungtenhanoi.com\/wp-content\/uploads\/2019\/09\/9E1B21F1-CE02-4ADC-BC91-79A4145EF4B8-600x800.jpeg 600w, https:\/\/cungtenhanoi.com\/wp-content\/uploads\/2019\/09\/9E1B21F1-CE02-4ADC-BC91-79A4145EF4B8-64x85.jpeg 64w\" sizes=\"(max-width: 1536px) 100vw, 1536px\" \/> <img loading=\"lazy\" class=\"aligncenter size-full wp-image-770\" src=\"https:\/\/cungtenhanoi.com\/wp-content\/uploads\/2019\/09\/1D9E520C-EDC1-4B34-8CDF-E52B6F2015F8.jpeg\" alt=\"\" width=\"1536\" height=\"2048\" srcset=\"https:\/\/cungtenhanoi.com\/wp-content\/uploads\/2019\/09\/1D9E520C-EDC1-4B34-8CDF-E52B6F2015F8.jpeg 1536w, https:\/\/cungtenhanoi.com\/wp-content\/uploads\/2019\/09\/1D9E520C-EDC1-4B34-8CDF-E52B6F2015F8-600x800.jpeg 600w, https:\/\/cungtenhanoi.com\/wp-content\/uploads\/2019\/09\/1D9E520C-EDC1-4B34-8CDF-E52B6F2015F8-64x85.jpeg 64w, https:\/\/cungtenhanoi.com\/wp-content\/uploads\/2019\/09\/1D9E520C-EDC1-4B34-8CDF-E52B6F2015F8-225x300.jpeg 225w, https:\/\/cungtenhanoi.com\/wp-content\/uploads\/2019\/09\/1D9E520C-EDC1-4B34-8CDF-E52B6F2015F8-768x1024.jpeg 768w\" sizes=\"(max-width: 1536px) 100vw, 1536px\" \/>Cung mang s\u1eafc th\u00e1i truy\u1ec1n th\u1ed1ng gi\u1ed1ng, l\u1ef1c b\u1eafn t\u1eeb 25-55lbs ch\u1ea5t li\u1ec7u composite. Mua 3 c\u00e2y gi\u1ea3m c\u00f2n 2000k<\/p><\/blockquote>\n<p><img loading=\"lazy\" class=\"aligncenter size-full wp-image-517\" src=\"https:\/\/cungtenhanoi.com\/wp-content\/uploads\/2019\/09\/O1CN013RYWpF2E2EjChpDuj_2101008686.jpg\" alt=\"\" width=\"800\" height=\"800\" srcset=\"https:\/\/cungtenhanoi.com\/wp-content\/uploads\/2019\/09\/O1CN013RYWpF2E2EjChpDuj_2101008686.jpg 800w, https:\/\/cungtenhanoi.com\/wp-content\/uploads\/2019\/09\/O1CN013RYWpF2E2EjChpDuj_2101008686-300x300.jpg 300w, https:\/\/cungtenhanoi.com\/wp-content\/uploads\/2019\/09\/O1CN013RYWpF2E2EjChpDuj_2101008686-100x100.jpg 100w, https:\/\/cungtenhanoi.com\/wp-content\/uploads\/2019\/09\/O1CN013RYWpF2E2EjChpDuj_2101008686-600x600.jpg 600w, https:\/\/cungtenhanoi.com\/wp-content\/uploads\/2019\/09\/O1CN013RYWpF2E2EjChpDuj_2101008686-64x64.jpg 64w, https:\/\/cungtenhanoi.com\/wp-content\/uploads\/2019\/09\/O1CN013RYWpF2E2EjChpDuj_2101008686-150x150.jpg 150w, https:\/\/cungtenhanoi.com\/wp-content\/uploads\/2019\/09\/O1CN013RYWpF2E2EjChpDuj_2101008686-768x768.jpg 768w, https:\/\/cungtenhanoi.com\/wp-content\/uploads\/2019\/09\/O1CN013RYWpF2E2EjChpDuj_2101008686-180x180.jpg 180w, https:\/\/cungtenhanoi.com\/wp-content\/uploads\/2019\/09\/O1CN013RYWpF2E2EjChpDuj_2101008686-45x45.jpg 45w\" sizes=\"(max-width: 800px) 100vw, 800px\" \/> <img loading=\"lazy\" class=\"aligncenter size-full wp-image-518\" src=\"https:\/\/cungtenhanoi.com\/wp-content\/uploads\/2019\/09\/TB2fNIdkOCYBuNkSnaVXXcMsVXa_2101008686.png\" alt=\"\" width=\"781\" height=\"637\" srcset=\"https:\/\/cungtenhanoi.com\/wp-content\/uploads\/2019\/09\/TB2fNIdkOCYBuNkSnaVXXcMsVXa_2101008686.png 781w, https:\/\/cungtenhanoi.com\/wp-content\/uploads\/2019\/09\/TB2fNIdkOCYBuNkSnaVXXcMsVXa_2101008686-600x489.png 600w, https:\/\/cungtenhanoi.com\/wp-content\/uploads\/2019\/09\/TB2fNIdkOCYBuNkSnaVXXcMsVXa_2101008686-64x52.png 64w, https:\/\/cungtenhanoi.com\/wp-content\/uploads\/2019\/09\/TB2fNIdkOCYBuNkSnaVXXcMsVXa_2101008686-300x245.png 300w, https:\/\/cungtenhanoi.com\/wp-content\/uploads\/2019\/09\/TB2fNIdkOCYBuNkSnaVXXcMsVXa_2101008686-768x626.png 768w\" sizes=\"(max-width: 781px) 100vw, 781px\" \/> <img loading=\"lazy\" class=\"aligncenter size-full wp-image-519\" src=\"https:\/\/cungtenhanoi.com\/wp-content\/uploads\/2019\/09\/TB2G85VbMvD8KJjSsplXXaIEFXa_2101008686.jpg\" alt=\"\" width=\"733\" height=\"987\" srcset=\"https:\/\/cungtenhanoi.com\/wp-content\/uploads\/2019\/09\/TB2G85VbMvD8KJjSsplXXaIEFXa_2101008686.jpg 733w, https:\/\/cungtenhanoi.com\/wp-content\/uploads\/2019\/09\/TB2G85VbMvD8KJjSsplXXaIEFXa_2101008686-600x808.jpg 600w, https:\/\/cungtenhanoi.com\/wp-content\/uploads\/2019\/09\/TB2G85VbMvD8KJjSsplXXaIEFXa_2101008686-64x86.jpg 64w\" sizes=\"(max-width: 733px) 100vw, 733px\" \/> <img loading=\"lazy\" class=\"aligncenter size-full wp-image-520\" src=\"https:\/\/cungtenhanoi.com\/wp-content\/uploads\/2019\/09\/TB2L.Pwb6nD8KJjSspbXXbbEXXa_2101008686.jpg\" alt=\"\" width=\"615\" height=\"382\" srcset=\"https:\/\/cungtenhanoi.com\/wp-content\/uploads\/2019\/09\/TB2L.Pwb6nD8KJjSspbXXbbEXXa_2101008686.jpg 615w, https:\/\/cungtenhanoi.com\/wp-content\/uploads\/2019\/09\/TB2L.Pwb6nD8KJjSspbXXbbEXXa_2101008686-600x373.jpg 600w, https:\/\/cungtenhanoi.com\/wp-content\/uploads\/2019\/09\/TB2L.Pwb6nD8KJjSspbXXbbEXXa_2101008686-64x40.jpg 64w, https:\/\/cungtenhanoi.com\/wp-content\/uploads\/2019\/09\/TB2L.Pwb6nD8KJjSspbXXbbEXXa_2101008686-300x186.jpg 300w\" sizes=\"(max-width: 615px) 100vw, 615px\" \/><\/li>\n<\/ol>\n","protected":false},"excerpt":{"rendered":"<p>Cung mang s\u1eafc th\u00e1i truy\u1ec1n th\u1ed1ng gi\u1ed1ng, l\u1ef1c b\u1eafn t\u1eeb 25-55lbs ch\u1ea5t li\u1ec7u composite. Mua 3 c\u00e2y gi\u1ea3m c\u00f2n 2000k<\/p>\n","protected":false},"featured_media":769,"comment_status":"open","ping_status":"closed","template":"","meta":[],"product_cat":[17],"product_tag":[86,84,85],"acf":[],"yoast_head":"<!-- This site is optimized with the Yoast SEO plugin v19.8 - https:\/\/yoast.com\/wordpress\/plugins\/seo\/ -->\n<title>Cung t\u00ean truy\u1ec1n th\u1ed1ng Manchu tt01 - Cung T\u00ean H\u00e0 N\u1ed9i<\/title>\n<meta name=\"description\" content=\"mua cung t\u00ean th\u1ec3 thao, mua cung t\u00ean t\u1ea1i h\u00e0 n\u1ed9i, cung tr\u1ee3 l\u1ef1c, cung compound, cung t\u00ean ch\u00ednh h\u00e3ng, cung t\u00ean m\u1ea1nh,cung t\u00ean h\u00e0 n\u1ed9i, cung t\u00ean , mua cung t\u00ean S\u00e0i g\u00f2n , mua m\u0169i t\u00ean b\u1eafn cung , cung b\u1eafn bi s\u1eaft , cung t\u00ean mini\" \/>\n<meta name=\"robots\" content=\"index, follow, max-snippet:-1, max-image-preview:large, max-video-preview:-1\" \/>\n<link rel=\"canonical\" href=\"https:\/\/cungtenhanoi.com\/?product=cung-ten-truyen-thong-manchu-tt01\" \/>\n<meta property=\"og:locale\" content=\"vi_VN\" \/>\n<meta property=\"og:type\" content=\"article\" \/>\n<meta property=\"og:title\" content=\"Cung t\u00ean truy\u1ec1n th\u1ed1ng Manchu tt01 - Cung T\u00ean H\u00e0 N\u1ed9i\" \/>\n<meta property=\"og:description\" content=\"mua cung t\u00ean th\u1ec3 thao, mua cung t\u00ean t\u1ea1i h\u00e0 n\u1ed9i, cung tr\u1ee3 l\u1ef1c, cung compound, cung t\u00ean ch\u00ednh h\u00e3ng, cung t\u00ean m\u1ea1nh,cung t\u00ean h\u00e0 n\u1ed9i, cung t\u00ean , mua cung t\u00ean S\u00e0i g\u00f2n , mua m\u0169i t\u00ean b\u1eafn cung , cung b\u1eafn bi s\u1eaft , cung t\u00ean mini\" \/>\n<meta property=\"og:url\" content=\"https:\/\/cungtenhanoi.com\/?product=cung-ten-truyen-thong-manchu-tt01\" \/>\n<meta property=\"og:site_name\" content=\"Cung T\u00ean H\u00e0 N\u1ed9i\" \/>\n<meta property=\"article:modified_time\" content=\"2025-05-29T05:42:03+00:00\" \/>\n<meta property=\"og:image\" content=\"https:\/\/cungtenhanoi.com\/wp-content\/uploads\/2019\/09\/9E1B21F1-CE02-4ADC-BC91-79A4145EF4B8.jpeg\" \/>\n\t<meta property=\"og:image:width\" content=\"1536\" \/>\n\t<meta property=\"og:image:height\" content=\"2048\" \/>\n\t<meta property=\"og:image:type\" content=\"image\/jpeg\" \/>\n<meta name=\"twitter:card\" content=\"summary_large_image\" \/>\n<script type=\"application\/ld+json\" class=\"yoast-schema-graph\">{\"@context\":\"https:\/\/schema.org\",\"@graph\":[{\"@type\":\"WebPage\",\"@id\":\"https:\/\/cungtenhanoi.com\/?product=cung-ten-truyen-thong-manchu-tt01\",\"url\":\"https:\/\/cungtenhanoi.com\/?product=cung-ten-truyen-thong-manchu-tt01\",\"name\":\"Cung t\u00ean truy\u1ec1n th\u1ed1ng Manchu tt01 - Cung T\u00ean H\u00e0 N\u1ed9i\",\"isPartOf\":{\"@id\":\"https:\/\/cungtenhanoi.com\/#website\"},\"datePublished\":\"2019-09-18T06:58:25+00:00\",\"dateModified\":\"2025-05-29T05:42:03+00:00\",\"description\":\"mua cung t\u00ean th\u1ec3 thao, mua cung t\u00ean t\u1ea1i h\u00e0 n\u1ed9i, cung tr\u1ee3 l\u1ef1c, cung compound, cung t\u00ean ch\u00ednh h\u00e3ng, cung t\u00ean m\u1ea1nh,cung t\u00ean h\u00e0 n\u1ed9i, cung t\u00ean , mua cung t\u00ean S\u00e0i g\u00f2n , mua m\u0169i t\u00ean b\u1eafn cung , cung b\u1eafn bi s\u1eaft , cung t\u00ean mini\",\"breadcrumb\":{\"@id\":\"https:\/\/cungtenhanoi.com\/?product=cung-ten-truyen-thong-manchu-tt01#breadcrumb\"},\"inLanguage\":\"vi\",\"potentialAction\":[{\"@type\":\"ReadAction\",\"target\":[\"https:\/\/cungtenhanoi.com\/?product=cung-ten-truyen-thong-manchu-tt01\"]}]},{\"@type\":\"BreadcrumbList\",\"@id\":\"https:\/\/cungtenhanoi.com\/?product=cung-ten-truyen-thong-manchu-tt01#breadcrumb\",\"itemListElement\":[{\"@type\":\"ListItem\",\"position\":1,\"name\":\"Trang ch\u1ee7\",\"item\":\"https:\/\/cungtenhanoi.com\/\"},{\"@type\":\"ListItem\",\"position\":2,\"name\":\"Shop\",\"item\":\"https:\/\/cungtenhanoi.com\/?page_id=6\"},{\"@type\":\"ListItem\",\"position\":3,\"name\":\"Cung\",\"item\":\"https:\/\/cungtenhanoi.com\/danh-muc\/cung\/\"},{\"@type\":\"ListItem\",\"position\":4,\"name\":\"Cung t\u00ean truy\u1ec1n th\u1ed1ng Manchu tt01\"}]},{\"@type\":\"WebSite\",\"@id\":\"https:\/\/cungtenhanoi.com\/#website\",\"url\":\"https:\/\/cungtenhanoi.com\/\",\"name\":\"Cung T\u00ean H\u00e0 N\u1ed9i\",\"description\":\"Cung c\u1ea5p c\u00e1c lo\u1ea1i cung t\u00ean th\u1ec3 thao s\u1ed1 1 Vi\u1ec7t Nam\",\"publisher\":{\"@id\":\"https:\/\/cungtenhanoi.com\/#organization\"},\"potentialAction\":[{\"@type\":\"SearchAction\",\"target\":{\"@type\":\"EntryPoint\",\"urlTemplate\":\"https:\/\/cungtenhanoi.com\/?s={search_term_string}\"},\"query-input\":\"required name=search_term_string\"}],\"inLanguage\":\"vi\"},{\"@type\":\"Organization\",\"@id\":\"https:\/\/cungtenhanoi.com\/#organization\",\"name\":\"Cung T\u00ean H\u00e0 N\u1ed9i\",\"url\":\"https:\/\/cungtenhanoi.com\/\",\"sameAs\":[],\"logo\":{\"@type\":\"ImageObject\",\"inLanguage\":\"vi\",\"@id\":\"https:\/\/cungtenhanoi.com\/#\/schema\/logo\/image\/\",\"url\":\"https:\/\/cungtenhanoi.com\/wp-content\/uploads\/2025\/05\/logo-den-trang.jpg\",\"contentUrl\":\"https:\/\/cungtenhanoi.com\/wp-content\/uploads\/2025\/05\/logo-den-trang.jpg\",\"width\":450,\"height\":450,\"caption\":\"Cung T\u00ean H\u00e0 N\u1ed9i\"},\"image\":{\"@id\":\"https:\/\/cungtenhanoi.com\/#\/schema\/logo\/image\/\"}}]}<\/script>\n<!-- \/ Yoast SEO plugin. -->","yoast_head_json":{"title":"Cung t\u00ean truy\u1ec1n th\u1ed1ng Manchu tt01 - Cung T\u00ean H\u00e0 N\u1ed9i","description":"mua cung t\u00ean th\u1ec3 thao, mua cung t\u00ean t\u1ea1i h\u00e0 n\u1ed9i, cung tr\u1ee3 l\u1ef1c, cung compound, cung t\u00ean ch\u00ednh h\u00e3ng, cung t\u00ean m\u1ea1nh,cung t\u00ean h\u00e0 n\u1ed9i, cung t\u00ean , mua cung t\u00ean S\u00e0i g\u00f2n , mua m\u0169i t\u00ean b\u1eafn cung , cung b\u1eafn bi s\u1eaft , cung t\u00ean mini","robots":{"index":"index","follow":"follow","max-snippet":"max-snippet:-1","max-image-preview":"max-image-preview:large","max-video-preview":"max-video-preview:-1"},"canonical":"https:\/\/cungtenhanoi.com\/?product=cung-ten-truyen-thong-manchu-tt01","og_locale":"vi_VN","og_type":"article","og_title":"Cung t\u00ean truy\u1ec1n th\u1ed1ng Manchu tt01 - Cung T\u00ean H\u00e0 N\u1ed9i","og_description":"mua cung t\u00ean th\u1ec3 thao, mua cung t\u00ean t\u1ea1i h\u00e0 n\u1ed9i, cung tr\u1ee3 l\u1ef1c, cung compound, cung t\u00ean ch\u00ednh h\u00e3ng, cung t\u00ean m\u1ea1nh,cung t\u00ean h\u00e0 n\u1ed9i, cung t\u00ean , mua cung t\u00ean S\u00e0i g\u00f2n , mua m\u0169i t\u00ean b\u1eafn cung , cung b\u1eafn bi s\u1eaft , cung t\u00ean mini","og_url":"https:\/\/cungtenhanoi.com\/?product=cung-ten-truyen-thong-manchu-tt01","og_site_name":"Cung T\u00ean H\u00e0 N\u1ed9i","article_modified_time":"2025-05-29T05:42:03+00:00","og_image":[{"width":1536,"height":2048,"url":"https:\/\/cungtenhanoi.com\/wp-content\/uploads\/2019\/09\/9E1B21F1-CE02-4ADC-BC91-79A4145EF4B8.jpeg","type":"image\/jpeg"}],"twitter_card":"summary_large_image","schema":{"@context":"https:\/\/schema.org","@graph":[{"@type":"WebPage","@id":"https:\/\/cungtenhanoi.com\/?product=cung-ten-truyen-thong-manchu-tt01","url":"https:\/\/cungtenhanoi.com\/?product=cung-ten-truyen-thong-manchu-tt01","name":"Cung t\u00ean truy\u1ec1n th\u1ed1ng Manchu tt01 - Cung T\u00ean H\u00e0 N\u1ed9i","isPartOf":{"@id":"https:\/\/cungtenhanoi.com\/#website"},"datePublished":"2019-09-18T06:58:25+00:00","dateModified":"2025-05-29T05:42:03+00:00","description":"mua cung t\u00ean th\u1ec3 thao, mua cung t\u00ean t\u1ea1i h\u00e0 n\u1ed9i, cung tr\u1ee3 l\u1ef1c, cung compound, cung t\u00ean ch\u00ednh h\u00e3ng, cung t\u00ean m\u1ea1nh,cung t\u00ean h\u00e0 n\u1ed9i, cung t\u00ean , mua cung t\u00ean S\u00e0i g\u00f2n , mua m\u0169i t\u00ean b\u1eafn cung , cung b\u1eafn bi s\u1eaft , cung t\u00ean mini","breadcrumb":{"@id":"https:\/\/cungtenhanoi.com\/?product=cung-ten-truyen-thong-manchu-tt01#breadcrumb"},"inLanguage":"vi","potentialAction":[{"@type":"ReadAction","target":["https:\/\/cungtenhanoi.com\/?product=cung-ten-truyen-thong-manchu-tt01"]}]},{"@type":"BreadcrumbList","@id":"https:\/\/cungtenhanoi.com\/?product=cung-ten-truyen-thong-manchu-tt01#breadcrumb","itemListElement":[{"@type":"ListItem","position":1,"name":"Trang ch\u1ee7","item":"https:\/\/cungtenhanoi.com\/"},{"@type":"ListItem","position":2,"name":"Shop","item":"https:\/\/cungtenhanoi.com\/?page_id=6"},{"@type":"ListItem","position":3,"name":"Cung","item":"https:\/\/cungtenhanoi.com\/danh-muc\/cung\/"},{"@type":"ListItem","position":4,"name":"Cung t\u00ean truy\u1ec1n th\u1ed1ng Manchu tt01"}]},{"@type":"WebSite","@id":"https:\/\/cungtenhanoi.com\/#website","url":"https:\/\/cungtenhanoi.com\/","name":"Cung T\u00ean H\u00e0 N\u1ed9i","description":"Cung c\u1ea5p c\u00e1c lo\u1ea1i cung t\u00ean th\u1ec3 thao s\u1ed1 1 Vi\u1ec7t Nam","publisher":{"@id":"https:\/\/cungtenhanoi.com\/#organization"},"potentialAction":[{"@type":"SearchAction","target":{"@type":"EntryPoint","urlTemplate":"https:\/\/cungtenhanoi.com\/?s={search_term_string}"},"query-input":"required name=search_term_string"}],"inLanguage":"vi"},{"@type":"Organization","@id":"https:\/\/cungtenhanoi.com\/#organization","name":"Cung T\u00ean H\u00e0 N\u1ed9i","url":"https:\/\/cungtenhanoi.com\/","sameAs":[],"logo":{"@type":"ImageObject","inLanguage":"vi","@id":"https:\/\/cungtenhanoi.com\/#\/schema\/logo\/image\/","url":"https:\/\/cungtenhanoi.com\/wp-content\/uploads\/2025\/05\/logo-den-trang.jpg","contentUrl":"https:\/\/cungtenhanoi.com\/wp-content\/uploads\/2025\/05\/logo-den-trang.jpg","width":450,"height":450,"caption":"Cung T\u00ean H\u00e0 N\u1ed9i"},"image":{"@id":"https:\/\/cungtenhanoi.com\/#\/schema\/logo\/image\/"}}]}},"_links":{"self":[{"href":"https:\/\/cungtenhanoi.com\/index.php?rest_route=\/wp\/v2\/product\/516"}],"collection":[{"href":"https:\/\/cungtenhanoi.com\/index.php?rest_route=\/wp\/v2\/product"}],"about":[{"href":"https:\/\/cungtenhanoi.com\/index.php?rest_route=\/wp\/v2\/types\/product"}],"replies":[{"embeddable":true,"href":"https:\/\/cungtenhanoi.com\/index.php?rest_route=%2Fwp%2Fv2%2Fcomments&post=516"}],"wp:featuredmedia":[{"embeddable":true,"href":"https:\/\/cungtenhanoi.com\/index.php?rest_route=\/wp\/v2\/media\/769"}],"wp:attachment":[{"href":"https:\/\/cungtenhanoi.com\/index.php?rest_route=%2Fwp%2Fv2%2Fmedia&parent=516"}],"wp:term":[{"taxonomy":"product_cat","embeddable":true,"href":"https:\/\/cungtenhanoi.com\/index.php?rest_route=%2Fwp%2Fv2%2Fproduct_cat&post=516"},{"taxonomy":"product_tag","embeddable":true,"href":"https:\/\/cungtenhanoi.com\/index.php?rest_route=%2Fwp%2Fv2%2Fproduct_tag&post=516"}],"curies":[{"name":"wp","href":"https:\/\/api.w.org\/{rel}","templated":true}]}}