{"id":521,"date":"2019-09-18T15:10:14","date_gmt":"2019-09-18T08:10:14","guid":{"rendered":"https:\/\/cungtenhanoi.com\/?post_type=product&#038;p=521"},"modified":"2019-09-18T15:10:14","modified_gmt":"2019-09-18T08:10:14","slug":"cung-tt03","status":"publish","type":"product","link":"https:\/\/cungtenhanoi.com\/?product=cung-tt03","title":{"rendered":"Cung TT03"},"content":{"rendered":"<p style=\"text-align: left;\"><img loading=\"lazy\" class=\"aligncenter size-full wp-image-522\" src=\"https:\/\/cungtenhanoi.com\/wp-content\/uploads\/2019\/09\/F2D72CC7-0422-41DA-837C-4AC0DD1D5A70.jpeg\" alt=\"\" width=\"980\" height=\"874\" srcset=\"https:\/\/cungtenhanoi.com\/wp-content\/uploads\/2019\/09\/F2D72CC7-0422-41DA-837C-4AC0DD1D5A70.jpeg 980w, https:\/\/cungtenhanoi.com\/wp-content\/uploads\/2019\/09\/F2D72CC7-0422-41DA-837C-4AC0DD1D5A70-600x535.jpeg 600w, https:\/\/cungtenhanoi.com\/wp-content\/uploads\/2019\/09\/F2D72CC7-0422-41DA-837C-4AC0DD1D5A70-64x57.jpeg 64w\" sizes=\"(max-width: 980px) 100vw, 980px\" \/> <img loading=\"lazy\" class=\"aligncenter size-full wp-image-523\" src=\"https:\/\/cungtenhanoi.com\/wp-content\/uploads\/2019\/09\/AD716E9A-47F1-4185-A3A1-B583E88E86FE.jpeg\" alt=\"\" width=\"951\" height=\"861\" srcset=\"https:\/\/cungtenhanoi.com\/wp-content\/uploads\/2019\/09\/AD716E9A-47F1-4185-A3A1-B583E88E86FE.jpeg 951w, https:\/\/cungtenhanoi.com\/wp-content\/uploads\/2019\/09\/AD716E9A-47F1-4185-A3A1-B583E88E86FE-600x543.jpeg 600w, https:\/\/cungtenhanoi.com\/wp-content\/uploads\/2019\/09\/AD716E9A-47F1-4185-A3A1-B583E88E86FE-64x58.jpeg 64w, https:\/\/cungtenhanoi.com\/wp-content\/uploads\/2019\/09\/AD716E9A-47F1-4185-A3A1-B583E88E86FE-300x272.jpeg 300w, https:\/\/cungtenhanoi.com\/wp-content\/uploads\/2019\/09\/AD716E9A-47F1-4185-A3A1-B583E88E86FE-768x695.jpeg 768w\" sizes=\"(max-width: 951px) 100vw, 951px\" \/> <img loading=\"lazy\" class=\"aligncenter size-full wp-image-524\" src=\"https:\/\/cungtenhanoi.com\/wp-content\/uploads\/2019\/09\/5E2B2F3F-FA80-45EA-B1A0-010AB5910A20.jpeg\" alt=\"\" width=\"1000\" height=\"896\" srcset=\"https:\/\/cungtenhanoi.com\/wp-content\/uploads\/2019\/09\/5E2B2F3F-FA80-45EA-B1A0-010AB5910A20.jpeg 1000w, https:\/\/cungtenhanoi.com\/wp-content\/uploads\/2019\/09\/5E2B2F3F-FA80-45EA-B1A0-010AB5910A20-600x538.jpeg 600w, https:\/\/cungtenhanoi.com\/wp-content\/uploads\/2019\/09\/5E2B2F3F-FA80-45EA-B1A0-010AB5910A20-64x57.jpeg 64w, https:\/\/cungtenhanoi.com\/wp-content\/uploads\/2019\/09\/5E2B2F3F-FA80-45EA-B1A0-010AB5910A20-300x269.jpeg 300w, https:\/\/cungtenhanoi.com\/wp-content\/uploads\/2019\/09\/5E2B2F3F-FA80-45EA-B1A0-010AB5910A20-768x688.jpeg 768w\" sizes=\"(max-width: 1000px) 100vw, 1000px\" \/> <img loading=\"lazy\" class=\"aligncenter size-full wp-image-525\" src=\"https:\/\/cungtenhanoi.com\/wp-content\/uploads\/2019\/09\/0D5C6B43-B6E7-4F38-83EA-0B1C7CABDB61.jpeg\" alt=\"\" width=\"1000\" height=\"889\" srcset=\"https:\/\/cungtenhanoi.com\/wp-content\/uploads\/2019\/09\/0D5C6B43-B6E7-4F38-83EA-0B1C7CABDB61.jpeg 1000w, https:\/\/cungtenhanoi.com\/wp-content\/uploads\/2019\/09\/0D5C6B43-B6E7-4F38-83EA-0B1C7CABDB61-600x533.jpeg 600w, https:\/\/cungtenhanoi.com\/wp-content\/uploads\/2019\/09\/0D5C6B43-B6E7-4F38-83EA-0B1C7CABDB61-64x57.jpeg 64w, https:\/\/cungtenhanoi.com\/wp-content\/uploads\/2019\/09\/0D5C6B43-B6E7-4F38-83EA-0B1C7CABDB61-300x267.jpeg 300w, https:\/\/cungtenhanoi.com\/wp-content\/uploads\/2019\/09\/0D5C6B43-B6E7-4F38-83EA-0B1C7CABDB61-768x683.jpeg 768w\" sizes=\"(max-width: 1000px) 100vw, 1000px\" \/> <img loading=\"lazy\" class=\"aligncenter size-full wp-image-526\" src=\"https:\/\/cungtenhanoi.com\/wp-content\/uploads\/2019\/09\/1D639647-3650-4645-9C60-AE958B6F44E9.jpeg\" alt=\"\" width=\"1000\" height=\"880\" srcset=\"https:\/\/cungtenhanoi.com\/wp-content\/uploads\/2019\/09\/1D639647-3650-4645-9C60-AE958B6F44E9.jpeg 1000w, https:\/\/cungtenhanoi.com\/wp-content\/uploads\/2019\/09\/1D639647-3650-4645-9C60-AE958B6F44E9-600x528.jpeg 600w, https:\/\/cungtenhanoi.com\/wp-content\/uploads\/2019\/09\/1D639647-3650-4645-9C60-AE958B6F44E9-64x56.jpeg 64w, https:\/\/cungtenhanoi.com\/wp-content\/uploads\/2019\/09\/1D639647-3650-4645-9C60-AE958B6F44E9-300x264.jpeg 300w, https:\/\/cungtenhanoi.com\/wp-content\/uploads\/2019\/09\/1D639647-3650-4645-9C60-AE958B6F44E9-768x676.jpeg 768w\" sizes=\"(max-width: 1000px) 100vw, 1000px\" \/> <img loading=\"lazy\" class=\"aligncenter size-full wp-image-527\" src=\"https:\/\/cungtenhanoi.com\/wp-content\/uploads\/2019\/09\/442F2FD4-6700-4AAE-944D-5DBDA4ADED41.jpeg\" alt=\"\" width=\"1000\" height=\"1000\" srcset=\"https:\/\/cungtenhanoi.com\/wp-content\/uploads\/2019\/09\/442F2FD4-6700-4AAE-944D-5DBDA4ADED41.jpeg 1000w, https:\/\/cungtenhanoi.com\/wp-content\/uploads\/2019\/09\/442F2FD4-6700-4AAE-944D-5DBDA4ADED41-300x300.jpeg 300w, https:\/\/cungtenhanoi.com\/wp-content\/uploads\/2019\/09\/442F2FD4-6700-4AAE-944D-5DBDA4ADED41-100x100.jpeg 100w, https:\/\/cungtenhanoi.com\/wp-content\/uploads\/2019\/09\/442F2FD4-6700-4AAE-944D-5DBDA4ADED41-600x600.jpeg 600w, https:\/\/cungtenhanoi.com\/wp-content\/uploads\/2019\/09\/442F2FD4-6700-4AAE-944D-5DBDA4ADED41-64x64.jpeg 64w\" sizes=\"(max-width: 1000px) 100vw, 1000px\" \/> <img loading=\"lazy\" class=\"aligncenter size-full wp-image-528\" src=\"https:\/\/cungtenhanoi.com\/wp-content\/uploads\/2019\/09\/E30F60EB-B81A-4127-B5E1-E62B801C3B4F.jpeg\" alt=\"\" width=\"923\" height=\"872\" srcset=\"https:\/\/cungtenhanoi.com\/wp-content\/uploads\/2019\/09\/E30F60EB-B81A-4127-B5E1-E62B801C3B4F.jpeg 923w, https:\/\/cungtenhanoi.com\/wp-content\/uploads\/2019\/09\/E30F60EB-B81A-4127-B5E1-E62B801C3B4F-600x567.jpeg 600w, https:\/\/cungtenhanoi.com\/wp-content\/uploads\/2019\/09\/E30F60EB-B81A-4127-B5E1-E62B801C3B4F-64x60.jpeg 64w, https:\/\/cungtenhanoi.com\/wp-content\/uploads\/2019\/09\/E30F60EB-B81A-4127-B5E1-E62B801C3B4F-300x283.jpeg 300w, https:\/\/cungtenhanoi.com\/wp-content\/uploads\/2019\/09\/E30F60EB-B81A-4127-B5E1-E62B801C3B4F-768x726.jpeg 768w\" sizes=\"(max-width: 923px) 100vw, 923px\" \/><\/p>\n","protected":false},"excerpt":{"rendered":"","protected":false},"featured_media":527,"comment_status":"open","ping_status":"closed","template":"","meta":[],"product_cat":[17],"product_tag":[],"acf":[],"yoast_head":"<!-- This site is optimized with the Yoast SEO plugin v19.8 - https:\/\/yoast.com\/wordpress\/plugins\/seo\/ -->\n<title>Cung TT03 - Cung T\u00ean H\u00e0 N\u1ed9i<\/title>\n<meta name=\"description\" content=\"mua cung t\u00ean th\u1ec3 thao, mua cung t\u00ean t\u1ea1i h\u00e0 n\u1ed9i, cung tr\u1ee3 l\u1ef1c, cung compound, cung t\u00ean ch\u00ednh h\u00e3ng, cung t\u00ean m\u1ea1nh,cung t\u00ean h\u00e0 n\u1ed9i, cung t\u00ean , mua cung t\u00ean S\u00e0i g\u00f2n , mua m\u0169i t\u00ean b\u1eafn cung , cung b\u1eafn bi s\u1eaft , cung t\u00ean mini\" \/>\n<meta name=\"robots\" content=\"index, follow, max-snippet:-1, max-image-preview:large, max-video-preview:-1\" \/>\n<link rel=\"canonical\" href=\"https:\/\/cungtenhanoi.com\/?product=cung-tt03\" \/>\n<meta property=\"og:locale\" content=\"vi_VN\" \/>\n<meta property=\"og:type\" content=\"article\" \/>\n<meta property=\"og:title\" content=\"Cung TT03 - Cung T\u00ean H\u00e0 N\u1ed9i\" \/>\n<meta property=\"og:description\" content=\"mua cung t\u00ean th\u1ec3 thao, mua cung t\u00ean t\u1ea1i h\u00e0 n\u1ed9i, cung tr\u1ee3 l\u1ef1c, cung compound, cung t\u00ean ch\u00ednh h\u00e3ng, cung t\u00ean m\u1ea1nh,cung t\u00ean h\u00e0 n\u1ed9i, cung t\u00ean , mua cung t\u00ean S\u00e0i g\u00f2n , mua m\u0169i t\u00ean b\u1eafn cung , cung b\u1eafn bi s\u1eaft , cung t\u00ean mini\" \/>\n<meta property=\"og:url\" content=\"https:\/\/cungtenhanoi.com\/?product=cung-tt03\" \/>\n<meta property=\"og:site_name\" content=\"Cung T\u00ean H\u00e0 N\u1ed9i\" \/>\n<meta property=\"og:image\" content=\"https:\/\/cungtenhanoi.com\/wp-content\/uploads\/2019\/09\/442F2FD4-6700-4AAE-944D-5DBDA4ADED41.jpeg\" \/>\n\t<meta property=\"og:image:width\" content=\"1000\" \/>\n\t<meta property=\"og:image:height\" content=\"1000\" \/>\n\t<meta property=\"og:image:type\" content=\"image\/jpeg\" \/>\n<meta name=\"twitter:card\" content=\"summary_large_image\" \/>\n<script type=\"application\/ld+json\" class=\"yoast-schema-graph\">{\"@context\":\"https:\/\/schema.org\",\"@graph\":[{\"@type\":\"WebPage\",\"@id\":\"https:\/\/cungtenhanoi.com\/?product=cung-tt03\",\"url\":\"https:\/\/cungtenhanoi.com\/?product=cung-tt03\",\"name\":\"Cung TT03 - Cung T\u00ean H\u00e0 N\u1ed9i\",\"isPartOf\":{\"@id\":\"https:\/\/cungtenhanoi.com\/#website\"},\"datePublished\":\"2019-09-18T08:10:14+00:00\",\"dateModified\":\"2019-09-18T08:10:14+00:00\",\"description\":\"mua cung t\u00ean th\u1ec3 thao, mua cung t\u00ean t\u1ea1i h\u00e0 n\u1ed9i, cung tr\u1ee3 l\u1ef1c, cung compound, cung t\u00ean ch\u00ednh h\u00e3ng, cung t\u00ean m\u1ea1nh,cung t\u00ean h\u00e0 n\u1ed9i, cung t\u00ean , mua cung t\u00ean S\u00e0i g\u00f2n , mua m\u0169i t\u00ean b\u1eafn cung , cung b\u1eafn bi s\u1eaft , cung t\u00ean mini\",\"breadcrumb\":{\"@id\":\"https:\/\/cungtenhanoi.com\/?product=cung-tt03#breadcrumb\"},\"inLanguage\":\"vi\",\"potentialAction\":[{\"@type\":\"ReadAction\",\"target\":[\"https:\/\/cungtenhanoi.com\/?product=cung-tt03\"]}]},{\"@type\":\"BreadcrumbList\",\"@id\":\"https:\/\/cungtenhanoi.com\/?product=cung-tt03#breadcrumb\",\"itemListElement\":[{\"@type\":\"ListItem\",\"position\":1,\"name\":\"Trang ch\u1ee7\",\"item\":\"https:\/\/cungtenhanoi.com\/\"},{\"@type\":\"ListItem\",\"position\":2,\"name\":\"Shop\",\"item\":\"https:\/\/cungtenhanoi.com\/?page_id=6\"},{\"@type\":\"ListItem\",\"position\":3,\"name\":\"Cung\",\"item\":\"https:\/\/cungtenhanoi.com\/danh-muc\/cung\/\"},{\"@type\":\"ListItem\",\"position\":4,\"name\":\"Cung TT03\"}]},{\"@type\":\"WebSite\",\"@id\":\"https:\/\/cungtenhanoi.com\/#website\",\"url\":\"https:\/\/cungtenhanoi.com\/\",\"name\":\"Cung T\u00ean H\u00e0 N\u1ed9i\",\"description\":\"Cung c\u1ea5p c\u00e1c lo\u1ea1i cung t\u00ean th\u1ec3 thao s\u1ed1 1 Vi\u1ec7t Nam\",\"publisher\":{\"@id\":\"https:\/\/cungtenhanoi.com\/#organization\"},\"potentialAction\":[{\"@type\":\"SearchAction\",\"target\":{\"@type\":\"EntryPoint\",\"urlTemplate\":\"https:\/\/cungtenhanoi.com\/?s={search_term_string}\"},\"query-input\":\"required name=search_term_string\"}],\"inLanguage\":\"vi\"},{\"@type\":\"Organization\",\"@id\":\"https:\/\/cungtenhanoi.com\/#organization\",\"name\":\"Cung T\u00ean H\u00e0 N\u1ed9i\",\"url\":\"https:\/\/cungtenhanoi.com\/\",\"sameAs\":[],\"logo\":{\"@type\":\"ImageObject\",\"inLanguage\":\"vi\",\"@id\":\"https:\/\/cungtenhanoi.com\/#\/schema\/logo\/image\/\",\"url\":\"https:\/\/cungtenhanoi.com\/wp-content\/uploads\/2025\/05\/logo-den-trang.jpg\",\"contentUrl\":\"https:\/\/cungtenhanoi.com\/wp-content\/uploads\/2025\/05\/logo-den-trang.jpg\",\"width\":450,\"height\":450,\"caption\":\"Cung T\u00ean H\u00e0 N\u1ed9i\"},\"image\":{\"@id\":\"https:\/\/cungtenhanoi.com\/#\/schema\/logo\/image\/\"}}]}<\/script>\n<!-- \/ Yoast SEO plugin. -->","yoast_head_json":{"title":"Cung TT03 - Cung T\u00ean H\u00e0 N\u1ed9i","description":"mua cung t\u00ean th\u1ec3 thao, mua cung t\u00ean t\u1ea1i h\u00e0 n\u1ed9i, cung tr\u1ee3 l\u1ef1c, cung compound, cung t\u00ean ch\u00ednh h\u00e3ng, cung t\u00ean m\u1ea1nh,cung t\u00ean h\u00e0 n\u1ed9i, cung t\u00ean , mua cung t\u00ean S\u00e0i g\u00f2n , mua m\u0169i t\u00ean b\u1eafn cung , cung b\u1eafn bi s\u1eaft , cung t\u00ean mini","robots":{"index":"index","follow":"follow","max-snippet":"max-snippet:-1","max-image-preview":"max-image-preview:large","max-video-preview":"max-video-preview:-1"},"canonical":"https:\/\/cungtenhanoi.com\/?product=cung-tt03","og_locale":"vi_VN","og_type":"article","og_title":"Cung TT03 - Cung T\u00ean H\u00e0 N\u1ed9i","og_description":"mua cung t\u00ean th\u1ec3 thao, mua cung t\u00ean t\u1ea1i h\u00e0 n\u1ed9i, cung tr\u1ee3 l\u1ef1c, cung compound, cung t\u00ean ch\u00ednh h\u00e3ng, cung t\u00ean m\u1ea1nh,cung t\u00ean h\u00e0 n\u1ed9i, cung t\u00ean , mua cung t\u00ean S\u00e0i g\u00f2n , mua m\u0169i t\u00ean b\u1eafn cung , cung b\u1eafn bi s\u1eaft , cung t\u00ean mini","og_url":"https:\/\/cungtenhanoi.com\/?product=cung-tt03","og_site_name":"Cung T\u00ean H\u00e0 N\u1ed9i","og_image":[{"width":1000,"height":1000,"url":"https:\/\/cungtenhanoi.com\/wp-content\/uploads\/2019\/09\/442F2FD4-6700-4AAE-944D-5DBDA4ADED41.jpeg","type":"image\/jpeg"}],"twitter_card":"summary_large_image","schema":{"@context":"https:\/\/schema.org","@graph":[{"@type":"WebPage","@id":"https:\/\/cungtenhanoi.com\/?product=cung-tt03","url":"https:\/\/cungtenhanoi.com\/?product=cung-tt03","name":"Cung TT03 - Cung T\u00ean H\u00e0 N\u1ed9i","isPartOf":{"@id":"https:\/\/cungtenhanoi.com\/#website"},"datePublished":"2019-09-18T08:10:14+00:00","dateModified":"2019-09-18T08:10:14+00:00","description":"mua cung t\u00ean th\u1ec3 thao, mua cung t\u00ean t\u1ea1i h\u00e0 n\u1ed9i, cung tr\u1ee3 l\u1ef1c, cung compound, cung t\u00ean ch\u00ednh h\u00e3ng, cung t\u00ean m\u1ea1nh,cung t\u00ean h\u00e0 n\u1ed9i, cung t\u00ean , mua cung t\u00ean S\u00e0i g\u00f2n , mua m\u0169i t\u00ean b\u1eafn cung , cung b\u1eafn bi s\u1eaft , cung t\u00ean mini","breadcrumb":{"@id":"https:\/\/cungtenhanoi.com\/?product=cung-tt03#breadcrumb"},"inLanguage":"vi","potentialAction":[{"@type":"ReadAction","target":["https:\/\/cungtenhanoi.com\/?product=cung-tt03"]}]},{"@type":"BreadcrumbList","@id":"https:\/\/cungtenhanoi.com\/?product=cung-tt03#breadcrumb","itemListElement":[{"@type":"ListItem","position":1,"name":"Trang ch\u1ee7","item":"https:\/\/cungtenhanoi.com\/"},{"@type":"ListItem","position":2,"name":"Shop","item":"https:\/\/cungtenhanoi.com\/?page_id=6"},{"@type":"ListItem","position":3,"name":"Cung","item":"https:\/\/cungtenhanoi.com\/danh-muc\/cung\/"},{"@type":"ListItem","position":4,"name":"Cung TT03"}]},{"@type":"WebSite","@id":"https:\/\/cungtenhanoi.com\/#website","url":"https:\/\/cungtenhanoi.com\/","name":"Cung T\u00ean H\u00e0 N\u1ed9i","description":"Cung c\u1ea5p c\u00e1c lo\u1ea1i cung t\u00ean th\u1ec3 thao s\u1ed1 1 Vi\u1ec7t Nam","publisher":{"@id":"https:\/\/cungtenhanoi.com\/#organization"},"potentialAction":[{"@type":"SearchAction","target":{"@type":"EntryPoint","urlTemplate":"https:\/\/cungtenhanoi.com\/?s={search_term_string}"},"query-input":"required name=search_term_string"}],"inLanguage":"vi"},{"@type":"Organization","@id":"https:\/\/cungtenhanoi.com\/#organization","name":"Cung T\u00ean H\u00e0 N\u1ed9i","url":"https:\/\/cungtenhanoi.com\/","sameAs":[],"logo":{"@type":"ImageObject","inLanguage":"vi","@id":"https:\/\/cungtenhanoi.com\/#\/schema\/logo\/image\/","url":"https:\/\/cungtenhanoi.com\/wp-content\/uploads\/2025\/05\/logo-den-trang.jpg","contentUrl":"https:\/\/cungtenhanoi.com\/wp-content\/uploads\/2025\/05\/logo-den-trang.jpg","width":450,"height":450,"caption":"Cung T\u00ean H\u00e0 N\u1ed9i"},"image":{"@id":"https:\/\/cungtenhanoi.com\/#\/schema\/logo\/image\/"}}]}},"_links":{"self":[{"href":"https:\/\/cungtenhanoi.com\/index.php?rest_route=\/wp\/v2\/product\/521"}],"collection":[{"href":"https:\/\/cungtenhanoi.com\/index.php?rest_route=\/wp\/v2\/product"}],"about":[{"href":"https:\/\/cungtenhanoi.com\/index.php?rest_route=\/wp\/v2\/types\/product"}],"replies":[{"embeddable":true,"href":"https:\/\/cungtenhanoi.com\/index.php?rest_route=%2Fwp%2Fv2%2Fcomments&post=521"}],"wp:featuredmedia":[{"embeddable":true,"href":"https:\/\/cungtenhanoi.com\/index.php?rest_route=\/wp\/v2\/media\/527"}],"wp:attachment":[{"href":"https:\/\/cungtenhanoi.com\/index.php?rest_route=%2Fwp%2Fv2%2Fmedia&parent=521"}],"wp:term":[{"taxonomy":"product_cat","embeddable":true,"href":"https:\/\/cungtenhanoi.com\/index.php?rest_route=%2Fwp%2Fv2%2Fproduct_cat&post=521"},{"taxonomy":"product_tag","embeddable":true,"href":"https:\/\/cungtenhanoi.com\/index.php?rest_route=%2Fwp%2Fv2%2Fproduct_tag&post=521"}],"curies":[{"name":"wp","href":"https:\/\/api.w.org\/{rel}","templated":true}]}}