{"id":543,"date":"2019-10-07T09:14:32","date_gmt":"2019-10-07T02:14:32","guid":{"rendered":"https:\/\/cungtenhanoi.com\/?post_type=product&#038;p=543"},"modified":"2022-04-04T21:25:27","modified_gmt":"2022-04-04T14:25:27","slug":"cung-lt-1","status":"publish","type":"product","link":"https:\/\/cungtenhanoi.com\/?product=cung-lt-1","title":{"rendered":"Cung LT-1"},"content":{"rendered":"<p><img loading=\"lazy\" class=\"aligncenter  wp-image-570\" src=\"https:\/\/cungtenhanoi.com\/wp-content\/uploads\/2019\/10\/72F5361F-9BA6-4947-BD08-81F5987F3303.jpeg\" alt=\"\" width=\"1044\" height=\"1044\" srcset=\"https:\/\/cungtenhanoi.com\/wp-content\/uploads\/2019\/10\/72F5361F-9BA6-4947-BD08-81F5987F3303.jpeg 1818w, https:\/\/cungtenhanoi.com\/wp-content\/uploads\/2019\/10\/72F5361F-9BA6-4947-BD08-81F5987F3303-300x300.jpeg 300w, https:\/\/cungtenhanoi.com\/wp-content\/uploads\/2019\/10\/72F5361F-9BA6-4947-BD08-81F5987F3303-100x100.jpeg 100w, https:\/\/cungtenhanoi.com\/wp-content\/uploads\/2019\/10\/72F5361F-9BA6-4947-BD08-81F5987F3303-600x600.jpeg 600w, https:\/\/cungtenhanoi.com\/wp-content\/uploads\/2019\/10\/72F5361F-9BA6-4947-BD08-81F5987F3303-64x64.jpeg 64w, https:\/\/cungtenhanoi.com\/wp-content\/uploads\/2019\/10\/72F5361F-9BA6-4947-BD08-81F5987F3303-150x150.jpeg 150w, https:\/\/cungtenhanoi.com\/wp-content\/uploads\/2019\/10\/72F5361F-9BA6-4947-BD08-81F5987F3303-768x768.jpeg 768w, https:\/\/cungtenhanoi.com\/wp-content\/uploads\/2019\/10\/72F5361F-9BA6-4947-BD08-81F5987F3303-1024x1024.jpeg 1024w, https:\/\/cungtenhanoi.com\/wp-content\/uploads\/2019\/10\/72F5361F-9BA6-4947-BD08-81F5987F3303-180x180.jpeg 180w, https:\/\/cungtenhanoi.com\/wp-content\/uploads\/2019\/10\/72F5361F-9BA6-4947-BD08-81F5987F3303-45x45.jpeg 45w\" sizes=\"(max-width: 1044px) 100vw, 1044px\" \/> <img loading=\"lazy\" class=\"aligncenter  wp-image-571\" src=\"https:\/\/cungtenhanoi.com\/wp-content\/uploads\/2019\/10\/EB0C135E-42B2-4469-A70E-DE76CBDCC052.jpeg\" alt=\"\" width=\"1024\" height=\"1028\" srcset=\"https:\/\/cungtenhanoi.com\/wp-content\/uploads\/2019\/10\/EB0C135E-42B2-4469-A70E-DE76CBDCC052.jpeg 1815w, https:\/\/cungtenhanoi.com\/wp-content\/uploads\/2019\/10\/EB0C135E-42B2-4469-A70E-DE76CBDCC052-300x300.jpeg 300w, https:\/\/cungtenhanoi.com\/wp-content\/uploads\/2019\/10\/EB0C135E-42B2-4469-A70E-DE76CBDCC052-100x100.jpeg 100w, https:\/\/cungtenhanoi.com\/wp-content\/uploads\/2019\/10\/EB0C135E-42B2-4469-A70E-DE76CBDCC052-600x602.jpeg 600w, https:\/\/cungtenhanoi.com\/wp-content\/uploads\/2019\/10\/EB0C135E-42B2-4469-A70E-DE76CBDCC052-64x64.jpeg 64w, https:\/\/cungtenhanoi.com\/wp-content\/uploads\/2019\/10\/EB0C135E-42B2-4469-A70E-DE76CBDCC052-150x150.jpeg 150w, https:\/\/cungtenhanoi.com\/wp-content\/uploads\/2019\/10\/EB0C135E-42B2-4469-A70E-DE76CBDCC052-768x771.jpeg 768w, https:\/\/cungtenhanoi.com\/wp-content\/uploads\/2019\/10\/EB0C135E-42B2-4469-A70E-DE76CBDCC052-1021x1024.jpeg 1021w, https:\/\/cungtenhanoi.com\/wp-content\/uploads\/2019\/10\/EB0C135E-42B2-4469-A70E-DE76CBDCC052-180x180.jpeg 180w, https:\/\/cungtenhanoi.com\/wp-content\/uploads\/2019\/10\/EB0C135E-42B2-4469-A70E-DE76CBDCC052-45x45.jpeg 45w\" sizes=\"(max-width: 1024px) 100vw, 1024px\" \/><img loading=\"lazy\" class=\"aligncenter  wp-image-545\" src=\"https:\/\/cungtenhanoi.com\/wp-content\/uploads\/2019\/10\/11FF4846-885E-418F-A7CF-2DEC68201E15.jpeg\" alt=\"\" width=\"1025\" height=\"382\" srcset=\"https:\/\/cungtenhanoi.com\/wp-content\/uploads\/2019\/10\/11FF4846-885E-418F-A7CF-2DEC68201E15.jpeg 799w, https:\/\/cungtenhanoi.com\/wp-content\/uploads\/2019\/10\/11FF4846-885E-418F-A7CF-2DEC68201E15-600x224.jpeg 600w, https:\/\/cungtenhanoi.com\/wp-content\/uploads\/2019\/10\/11FF4846-885E-418F-A7CF-2DEC68201E15-64x24.jpeg 64w, https:\/\/cungtenhanoi.com\/wp-content\/uploads\/2019\/10\/11FF4846-885E-418F-A7CF-2DEC68201E15-300x112.jpeg 300w, https:\/\/cungtenhanoi.com\/wp-content\/uploads\/2019\/10\/11FF4846-885E-418F-A7CF-2DEC68201E15-768x286.jpeg 768w\" sizes=\"(max-width: 1025px) 100vw, 1025px\" \/> <img loading=\"lazy\" class=\"aligncenter size-full wp-image-546\" src=\"https:\/\/cungtenhanoi.com\/wp-content\/uploads\/2019\/10\/2A6F2749-446B-4088-8B0D-65B6D61F0ABE.jpeg\" alt=\"\" width=\"412\" height=\"800\" srcset=\"https:\/\/cungtenhanoi.com\/wp-content\/uploads\/2019\/10\/2A6F2749-446B-4088-8B0D-65B6D61F0ABE.jpeg 412w, https:\/\/cungtenhanoi.com\/wp-content\/uploads\/2019\/10\/2A6F2749-446B-4088-8B0D-65B6D61F0ABE-64x124.jpeg 64w, https:\/\/cungtenhanoi.com\/wp-content\/uploads\/2019\/10\/2A6F2749-446B-4088-8B0D-65B6D61F0ABE-155x300.jpeg 155w\" sizes=\"(max-width: 412px) 100vw, 412px\" \/> <img loading=\"lazy\" class=\"aligncenter size-full wp-image-547\" src=\"https:\/\/cungtenhanoi.com\/wp-content\/uploads\/2019\/10\/F0405A93-FF99-4163-B70A-0C443C5ABBFD.jpeg\" alt=\"\" width=\"404\" height=\"800\" srcset=\"https:\/\/cungtenhanoi.com\/wp-content\/uploads\/2019\/10\/F0405A93-FF99-4163-B70A-0C443C5ABBFD.jpeg 404w, https:\/\/cungtenhanoi.com\/wp-content\/uploads\/2019\/10\/F0405A93-FF99-4163-B70A-0C443C5ABBFD-64x127.jpeg 64w, https:\/\/cungtenhanoi.com\/wp-content\/uploads\/2019\/10\/F0405A93-FF99-4163-B70A-0C443C5ABBFD-152x300.jpeg 152w\" sizes=\"(max-width: 404px) 100vw, 404px\" \/> <img loading=\"lazy\" class=\"aligncenter size-full wp-image-548\" src=\"https:\/\/cungtenhanoi.com\/wp-content\/uploads\/2019\/10\/0CC7831E-04FE-4D1A-9D5F-BABF3A49D5F0.jpeg\" alt=\"\" width=\"380\" height=\"800\" srcset=\"https:\/\/cungtenhanoi.com\/wp-content\/uploads\/2019\/10\/0CC7831E-04FE-4D1A-9D5F-BABF3A49D5F0.jpeg 380w, https:\/\/cungtenhanoi.com\/wp-content\/uploads\/2019\/10\/0CC7831E-04FE-4D1A-9D5F-BABF3A49D5F0-64x135.jpeg 64w, https:\/\/cungtenhanoi.com\/wp-content\/uploads\/2019\/10\/0CC7831E-04FE-4D1A-9D5F-BABF3A49D5F0-143x300.jpeg 143w\" sizes=\"(max-width: 380px) 100vw, 380px\" \/> <img loading=\"lazy\" class=\"aligncenter size-full wp-image-549\" src=\"https:\/\/cungtenhanoi.com\/wp-content\/uploads\/2019\/10\/20BD9F4C-F3D1-41FC-84C7-0143368AB61A.jpeg\" alt=\"\" width=\"403\" height=\"800\" srcset=\"https:\/\/cungtenhanoi.com\/wp-content\/uploads\/2019\/10\/20BD9F4C-F3D1-41FC-84C7-0143368AB61A.jpeg 403w, https:\/\/cungtenhanoi.com\/wp-content\/uploads\/2019\/10\/20BD9F4C-F3D1-41FC-84C7-0143368AB61A-64x127.jpeg 64w, https:\/\/cungtenhanoi.com\/wp-content\/uploads\/2019\/10\/20BD9F4C-F3D1-41FC-84C7-0143368AB61A-151x300.jpeg 151w\" sizes=\"(max-width: 403px) 100vw, 403px\" \/> <img loading=\"lazy\" class=\"aligncenter size-full wp-image-550\" src=\"https:\/\/cungtenhanoi.com\/wp-content\/uploads\/2019\/10\/2BE50737-0D48-4C11-B24F-6482AA8A1FB9.jpeg\" alt=\"\" width=\"399\" height=\"800\" srcset=\"https:\/\/cungtenhanoi.com\/wp-content\/uploads\/2019\/10\/2BE50737-0D48-4C11-B24F-6482AA8A1FB9.jpeg 399w, https:\/\/cungtenhanoi.com\/wp-content\/uploads\/2019\/10\/2BE50737-0D48-4C11-B24F-6482AA8A1FB9-64x128.jpeg 64w, https:\/\/cungtenhanoi.com\/wp-content\/uploads\/2019\/10\/2BE50737-0D48-4C11-B24F-6482AA8A1FB9-150x300.jpeg 150w\" sizes=\"(max-width: 399px) 100vw, 399px\" \/> <img loading=\"lazy\" class=\"aligncenter size-full wp-image-551\" src=\"https:\/\/cungtenhanoi.com\/wp-content\/uploads\/2019\/10\/F592572D-A9E1-44E6-A2BB-FE4C71AD2ABB.jpeg\" alt=\"\" width=\"405\" height=\"800\" srcset=\"https:\/\/cungtenhanoi.com\/wp-content\/uploads\/2019\/10\/F592572D-A9E1-44E6-A2BB-FE4C71AD2ABB.jpeg 405w, https:\/\/cungtenhanoi.com\/wp-content\/uploads\/2019\/10\/F592572D-A9E1-44E6-A2BB-FE4C71AD2ABB-64x126.jpeg 64w, https:\/\/cungtenhanoi.com\/wp-content\/uploads\/2019\/10\/F592572D-A9E1-44E6-A2BB-FE4C71AD2ABB-152x300.jpeg 152w\" sizes=\"(max-width: 405px) 100vw, 405px\" \/> <img loading=\"lazy\" class=\"aligncenter size-full wp-image-552\" src=\"https:\/\/cungtenhanoi.com\/wp-content\/uploads\/2019\/10\/33C2FCF4-1F09-466C-AA3B-0A698C7CB8B9.jpeg\" alt=\"\" width=\"397\" height=\"800\" srcset=\"https:\/\/cungtenhanoi.com\/wp-content\/uploads\/2019\/10\/33C2FCF4-1F09-466C-AA3B-0A698C7CB8B9.jpeg 397w, https:\/\/cungtenhanoi.com\/wp-content\/uploads\/2019\/10\/33C2FCF4-1F09-466C-AA3B-0A698C7CB8B9-64x129.jpeg 64w, https:\/\/cungtenhanoi.com\/wp-content\/uploads\/2019\/10\/33C2FCF4-1F09-466C-AA3B-0A698C7CB8B9-149x300.jpeg 149w\" sizes=\"(max-width: 397px) 100vw, 397px\" \/> <img loading=\"lazy\" class=\"aligncenter size-full wp-image-553\" src=\"https:\/\/cungtenhanoi.com\/wp-content\/uploads\/2019\/10\/C3D3B555-D918-4ADA-B358-0D006108F734.jpeg\" alt=\"\" width=\"1240\" height=\"1648\" srcset=\"https:\/\/cungtenhanoi.com\/wp-content\/uploads\/2019\/10\/C3D3B555-D918-4ADA-B358-0D006108F734.jpeg 1240w, https:\/\/cungtenhanoi.com\/wp-content\/uploads\/2019\/10\/C3D3B555-D918-4ADA-B358-0D006108F734-600x797.jpeg 600w, https:\/\/cungtenhanoi.com\/wp-content\/uploads\/2019\/10\/C3D3B555-D918-4ADA-B358-0D006108F734-64x85.jpeg 64w\" sizes=\"(max-width: 1240px) 100vw, 1240px\" \/><\/p>\n","protected":false},"excerpt":{"rendered":"","protected":false},"featured_media":544,"comment_status":"open","ping_status":"closed","template":"","meta":[],"product_cat":[17],"product_tag":[198,257,264,315,514,89,515],"acf":[],"yoast_head":"<!-- This site is optimized with the Yoast SEO plugin v19.8 - https:\/\/yoast.com\/wordpress\/plugins\/seo\/ -->\n<title>Cung LT-1 - Cung T\u00ean H\u00e0 N\u1ed9i<\/title>\n<meta name=\"description\" content=\"mua cung t\u00ean th\u1ec3 thao, mua cung t\u00ean t\u1ea1i h\u00e0 n\u1ed9i, cung tr\u1ee3 l\u1ef1c, cung compound, cung t\u00ean ch\u00ednh h\u00e3ng, cung t\u00ean m\u1ea1nh,cung t\u00ean h\u00e0 n\u1ed9i, cung t\u00ean , mua cung t\u00ean S\u00e0i g\u00f2n , mua m\u0169i t\u00ean b\u1eafn cung , cung b\u1eafn bi s\u1eaft , cung t\u00ean mini\" \/>\n<meta name=\"robots\" content=\"index, follow, max-snippet:-1, max-image-preview:large, max-video-preview:-1\" \/>\n<link rel=\"canonical\" href=\"https:\/\/cungtenhanoi.com\/?product=cung-lt-1\" \/>\n<meta property=\"og:locale\" content=\"vi_VN\" \/>\n<meta property=\"og:type\" content=\"article\" \/>\n<meta property=\"og:title\" content=\"Cung LT-1 - Cung T\u00ean H\u00e0 N\u1ed9i\" \/>\n<meta property=\"og:description\" content=\"mua cung t\u00ean th\u1ec3 thao, mua cung t\u00ean t\u1ea1i h\u00e0 n\u1ed9i, cung tr\u1ee3 l\u1ef1c, cung compound, cung t\u00ean ch\u00ednh h\u00e3ng, cung t\u00ean m\u1ea1nh,cung t\u00ean h\u00e0 n\u1ed9i, cung t\u00ean , mua cung t\u00ean S\u00e0i g\u00f2n , mua m\u0169i t\u00ean b\u1eafn cung , cung b\u1eafn bi s\u1eaft , cung t\u00ean mini\" \/>\n<meta property=\"og:url\" content=\"https:\/\/cungtenhanoi.com\/?product=cung-lt-1\" \/>\n<meta property=\"og:site_name\" content=\"Cung T\u00ean H\u00e0 N\u1ed9i\" \/>\n<meta property=\"article:modified_time\" content=\"2022-04-04T14:25:27+00:00\" \/>\n<meta property=\"og:image\" content=\"https:\/\/cungtenhanoi.com\/wp-content\/uploads\/2019\/10\/D9D04363-2351-4CAD-B761-A7D7F71BBD29.jpeg\" \/>\n\t<meta property=\"og:image:width\" content=\"800\" \/>\n\t<meta property=\"og:image:height\" content=\"800\" \/>\n\t<meta property=\"og:image:type\" content=\"image\/jpeg\" \/>\n<meta name=\"twitter:card\" content=\"summary_large_image\" \/>\n<script type=\"application\/ld+json\" class=\"yoast-schema-graph\">{\"@context\":\"https:\/\/schema.org\",\"@graph\":[{\"@type\":\"WebPage\",\"@id\":\"https:\/\/cungtenhanoi.com\/?product=cung-lt-1\",\"url\":\"https:\/\/cungtenhanoi.com\/?product=cung-lt-1\",\"name\":\"Cung LT-1 - Cung T\u00ean H\u00e0 N\u1ed9i\",\"isPartOf\":{\"@id\":\"https:\/\/cungtenhanoi.com\/#website\"},\"datePublished\":\"2019-10-07T02:14:32+00:00\",\"dateModified\":\"2022-04-04T14:25:27+00:00\",\"description\":\"mua cung t\u00ean th\u1ec3 thao, mua cung t\u00ean t\u1ea1i h\u00e0 n\u1ed9i, cung tr\u1ee3 l\u1ef1c, cung compound, cung t\u00ean ch\u00ednh h\u00e3ng, cung t\u00ean m\u1ea1nh,cung t\u00ean h\u00e0 n\u1ed9i, cung t\u00ean , mua cung t\u00ean S\u00e0i g\u00f2n , mua m\u0169i t\u00ean b\u1eafn cung , cung b\u1eafn bi s\u1eaft , cung t\u00ean mini\",\"breadcrumb\":{\"@id\":\"https:\/\/cungtenhanoi.com\/?product=cung-lt-1#breadcrumb\"},\"inLanguage\":\"vi\",\"potentialAction\":[{\"@type\":\"ReadAction\",\"target\":[\"https:\/\/cungtenhanoi.com\/?product=cung-lt-1\"]}]},{\"@type\":\"BreadcrumbList\",\"@id\":\"https:\/\/cungtenhanoi.com\/?product=cung-lt-1#breadcrumb\",\"itemListElement\":[{\"@type\":\"ListItem\",\"position\":1,\"name\":\"Trang ch\u1ee7\",\"item\":\"https:\/\/cungtenhanoi.com\/\"},{\"@type\":\"ListItem\",\"position\":2,\"name\":\"Shop\",\"item\":\"https:\/\/cungtenhanoi.com\/?page_id=6\"},{\"@type\":\"ListItem\",\"position\":3,\"name\":\"Cung\",\"item\":\"https:\/\/cungtenhanoi.com\/danh-muc\/cung\/\"},{\"@type\":\"ListItem\",\"position\":4,\"name\":\"Cung LT-1\"}]},{\"@type\":\"WebSite\",\"@id\":\"https:\/\/cungtenhanoi.com\/#website\",\"url\":\"https:\/\/cungtenhanoi.com\/\",\"name\":\"Cung T\u00ean H\u00e0 N\u1ed9i\",\"description\":\"Cung c\u1ea5p c\u00e1c lo\u1ea1i cung t\u00ean th\u1ec3 thao s\u1ed1 1 Vi\u1ec7t Nam\",\"publisher\":{\"@id\":\"https:\/\/cungtenhanoi.com\/#organization\"},\"potentialAction\":[{\"@type\":\"SearchAction\",\"target\":{\"@type\":\"EntryPoint\",\"urlTemplate\":\"https:\/\/cungtenhanoi.com\/?s={search_term_string}\"},\"query-input\":\"required name=search_term_string\"}],\"inLanguage\":\"vi\"},{\"@type\":\"Organization\",\"@id\":\"https:\/\/cungtenhanoi.com\/#organization\",\"name\":\"Cung T\u00ean H\u00e0 N\u1ed9i\",\"url\":\"https:\/\/cungtenhanoi.com\/\",\"sameAs\":[],\"logo\":{\"@type\":\"ImageObject\",\"inLanguage\":\"vi\",\"@id\":\"https:\/\/cungtenhanoi.com\/#\/schema\/logo\/image\/\",\"url\":\"https:\/\/cungtenhanoi.com\/wp-content\/uploads\/2025\/05\/logo-den-trang.jpg\",\"contentUrl\":\"https:\/\/cungtenhanoi.com\/wp-content\/uploads\/2025\/05\/logo-den-trang.jpg\",\"width\":450,\"height\":450,\"caption\":\"Cung T\u00ean H\u00e0 N\u1ed9i\"},\"image\":{\"@id\":\"https:\/\/cungtenhanoi.com\/#\/schema\/logo\/image\/\"}}]}<\/script>\n<!-- \/ Yoast SEO plugin. -->","yoast_head_json":{"title":"Cung LT-1 - Cung T\u00ean H\u00e0 N\u1ed9i","description":"mua cung t\u00ean th\u1ec3 thao, mua cung t\u00ean t\u1ea1i h\u00e0 n\u1ed9i, cung tr\u1ee3 l\u1ef1c, cung compound, cung t\u00ean ch\u00ednh h\u00e3ng, cung t\u00ean m\u1ea1nh,cung t\u00ean h\u00e0 n\u1ed9i, cung t\u00ean , mua cung t\u00ean S\u00e0i g\u00f2n , mua m\u0169i t\u00ean b\u1eafn cung , cung b\u1eafn bi s\u1eaft , cung t\u00ean mini","robots":{"index":"index","follow":"follow","max-snippet":"max-snippet:-1","max-image-preview":"max-image-preview:large","max-video-preview":"max-video-preview:-1"},"canonical":"https:\/\/cungtenhanoi.com\/?product=cung-lt-1","og_locale":"vi_VN","og_type":"article","og_title":"Cung LT-1 - Cung T\u00ean H\u00e0 N\u1ed9i","og_description":"mua cung t\u00ean th\u1ec3 thao, mua cung t\u00ean t\u1ea1i h\u00e0 n\u1ed9i, cung tr\u1ee3 l\u1ef1c, cung compound, cung t\u00ean ch\u00ednh h\u00e3ng, cung t\u00ean m\u1ea1nh,cung t\u00ean h\u00e0 n\u1ed9i, cung t\u00ean , mua cung t\u00ean S\u00e0i g\u00f2n , mua m\u0169i t\u00ean b\u1eafn cung , cung b\u1eafn bi s\u1eaft , cung t\u00ean mini","og_url":"https:\/\/cungtenhanoi.com\/?product=cung-lt-1","og_site_name":"Cung T\u00ean H\u00e0 N\u1ed9i","article_modified_time":"2022-04-04T14:25:27+00:00","og_image":[{"width":800,"height":800,"url":"https:\/\/cungtenhanoi.com\/wp-content\/uploads\/2019\/10\/D9D04363-2351-4CAD-B761-A7D7F71BBD29.jpeg","type":"image\/jpeg"}],"twitter_card":"summary_large_image","schema":{"@context":"https:\/\/schema.org","@graph":[{"@type":"WebPage","@id":"https:\/\/cungtenhanoi.com\/?product=cung-lt-1","url":"https:\/\/cungtenhanoi.com\/?product=cung-lt-1","name":"Cung LT-1 - Cung T\u00ean H\u00e0 N\u1ed9i","isPartOf":{"@id":"https:\/\/cungtenhanoi.com\/#website"},"datePublished":"2019-10-07T02:14:32+00:00","dateModified":"2022-04-04T14:25:27+00:00","description":"mua cung t\u00ean th\u1ec3 thao, mua cung t\u00ean t\u1ea1i h\u00e0 n\u1ed9i, cung tr\u1ee3 l\u1ef1c, cung compound, cung t\u00ean ch\u00ednh h\u00e3ng, cung t\u00ean m\u1ea1nh,cung t\u00ean h\u00e0 n\u1ed9i, cung t\u00ean , mua cung t\u00ean S\u00e0i g\u00f2n , mua m\u0169i t\u00ean b\u1eafn cung , cung b\u1eafn bi s\u1eaft , cung t\u00ean mini","breadcrumb":{"@id":"https:\/\/cungtenhanoi.com\/?product=cung-lt-1#breadcrumb"},"inLanguage":"vi","potentialAction":[{"@type":"ReadAction","target":["https:\/\/cungtenhanoi.com\/?product=cung-lt-1"]}]},{"@type":"BreadcrumbList","@id":"https:\/\/cungtenhanoi.com\/?product=cung-lt-1#breadcrumb","itemListElement":[{"@type":"ListItem","position":1,"name":"Trang ch\u1ee7","item":"https:\/\/cungtenhanoi.com\/"},{"@type":"ListItem","position":2,"name":"Shop","item":"https:\/\/cungtenhanoi.com\/?page_id=6"},{"@type":"ListItem","position":3,"name":"Cung","item":"https:\/\/cungtenhanoi.com\/danh-muc\/cung\/"},{"@type":"ListItem","position":4,"name":"Cung LT-1"}]},{"@type":"WebSite","@id":"https:\/\/cungtenhanoi.com\/#website","url":"https:\/\/cungtenhanoi.com\/","name":"Cung T\u00ean H\u00e0 N\u1ed9i","description":"Cung c\u1ea5p c\u00e1c lo\u1ea1i cung t\u00ean th\u1ec3 thao s\u1ed1 1 Vi\u1ec7t Nam","publisher":{"@id":"https:\/\/cungtenhanoi.com\/#organization"},"potentialAction":[{"@type":"SearchAction","target":{"@type":"EntryPoint","urlTemplate":"https:\/\/cungtenhanoi.com\/?s={search_term_string}"},"query-input":"required name=search_term_string"}],"inLanguage":"vi"},{"@type":"Organization","@id":"https:\/\/cungtenhanoi.com\/#organization","name":"Cung T\u00ean H\u00e0 N\u1ed9i","url":"https:\/\/cungtenhanoi.com\/","sameAs":[],"logo":{"@type":"ImageObject","inLanguage":"vi","@id":"https:\/\/cungtenhanoi.com\/#\/schema\/logo\/image\/","url":"https:\/\/cungtenhanoi.com\/wp-content\/uploads\/2025\/05\/logo-den-trang.jpg","contentUrl":"https:\/\/cungtenhanoi.com\/wp-content\/uploads\/2025\/05\/logo-den-trang.jpg","width":450,"height":450,"caption":"Cung T\u00ean H\u00e0 N\u1ed9i"},"image":{"@id":"https:\/\/cungtenhanoi.com\/#\/schema\/logo\/image\/"}}]}},"_links":{"self":[{"href":"https:\/\/cungtenhanoi.com\/index.php?rest_route=\/wp\/v2\/product\/543"}],"collection":[{"href":"https:\/\/cungtenhanoi.com\/index.php?rest_route=\/wp\/v2\/product"}],"about":[{"href":"https:\/\/cungtenhanoi.com\/index.php?rest_route=\/wp\/v2\/types\/product"}],"replies":[{"embeddable":true,"href":"https:\/\/cungtenhanoi.com\/index.php?rest_route=%2Fwp%2Fv2%2Fcomments&post=543"}],"wp:featuredmedia":[{"embeddable":true,"href":"https:\/\/cungtenhanoi.com\/index.php?rest_route=\/wp\/v2\/media\/544"}],"wp:attachment":[{"href":"https:\/\/cungtenhanoi.com\/index.php?rest_route=%2Fwp%2Fv2%2Fmedia&parent=543"}],"wp:term":[{"taxonomy":"product_cat","embeddable":true,"href":"https:\/\/cungtenhanoi.com\/index.php?rest_route=%2Fwp%2Fv2%2Fproduct_cat&post=543"},{"taxonomy":"product_tag","embeddable":true,"href":"https:\/\/cungtenhanoi.com\/index.php?rest_route=%2Fwp%2Fv2%2Fproduct_tag&post=543"}],"curies":[{"name":"wp","href":"https:\/\/api.w.org\/{rel}","templated":true}]}}