{"id":579,"date":"2019-10-07T18:59:27","date_gmt":"2019-10-07T11:59:27","guid":{"rendered":"https:\/\/cungtenhanoi.com\/?post_type=product&#038;p=579"},"modified":"2021-06-20T11:56:24","modified_gmt":"2021-06-20T04:56:24","slug":"chong-rung-thang-bang-tp615-617","status":"publish","type":"product","link":"https:\/\/cungtenhanoi.com\/?product=chong-rung-thang-bang-tp615-617","title":{"rendered":"Ch\u1ed1ng rung &#8211; th\u0103ng b\u1eb1ng TP615-617"},"content":{"rendered":"<p><img loading=\"lazy\" class=\"aligncenter size-full wp-image-580\" src=\"https:\/\/cungtenhanoi.com\/wp-content\/uploads\/2019\/10\/C3D2DABC-E7D4-436B-8966-C5507DE39C59.jpeg\" alt=\"\" width=\"800\" height=\"618\" srcset=\"https:\/\/cungtenhanoi.com\/wp-content\/uploads\/2019\/10\/C3D2DABC-E7D4-436B-8966-C5507DE39C59.jpeg 800w, https:\/\/cungtenhanoi.com\/wp-content\/uploads\/2019\/10\/C3D2DABC-E7D4-436B-8966-C5507DE39C59-600x464.jpeg 600w, https:\/\/cungtenhanoi.com\/wp-content\/uploads\/2019\/10\/C3D2DABC-E7D4-436B-8966-C5507DE39C59-64x49.jpeg 64w, https:\/\/cungtenhanoi.com\/wp-content\/uploads\/2019\/10\/C3D2DABC-E7D4-436B-8966-C5507DE39C59-300x232.jpeg 300w, https:\/\/cungtenhanoi.com\/wp-content\/uploads\/2019\/10\/C3D2DABC-E7D4-436B-8966-C5507DE39C59-768x593.jpeg 768w\" sizes=\"(max-width: 800px) 100vw, 800px\" \/> <img loading=\"lazy\" class=\"aligncenter size-full wp-image-581\" src=\"https:\/\/cungtenhanoi.com\/wp-content\/uploads\/2019\/10\/16111E86-93B3-46C7-A3F3-F975B9FE8489.jpeg\" alt=\"\" width=\"800\" height=\"714\" srcset=\"https:\/\/cungtenhanoi.com\/wp-content\/uploads\/2019\/10\/16111E86-93B3-46C7-A3F3-F975B9FE8489.jpeg 800w, https:\/\/cungtenhanoi.com\/wp-content\/uploads\/2019\/10\/16111E86-93B3-46C7-A3F3-F975B9FE8489-600x536.jpeg 600w, https:\/\/cungtenhanoi.com\/wp-content\/uploads\/2019\/10\/16111E86-93B3-46C7-A3F3-F975B9FE8489-64x57.jpeg 64w\" sizes=\"(max-width: 800px) 100vw, 800px\" \/> <img loading=\"lazy\" class=\"aligncenter size-full wp-image-582\" src=\"https:\/\/cungtenhanoi.com\/wp-content\/uploads\/2019\/10\/68FF339B-E414-4385-A2AE-24C82FA03582.jpeg\" alt=\"\" width=\"800\" height=\"800\" srcset=\"https:\/\/cungtenhanoi.com\/wp-content\/uploads\/2019\/10\/68FF339B-E414-4385-A2AE-24C82FA03582.jpeg 800w, https:\/\/cungtenhanoi.com\/wp-content\/uploads\/2019\/10\/68FF339B-E414-4385-A2AE-24C82FA03582-300x300.jpeg 300w, https:\/\/cungtenhanoi.com\/wp-content\/uploads\/2019\/10\/68FF339B-E414-4385-A2AE-24C82FA03582-100x100.jpeg 100w, https:\/\/cungtenhanoi.com\/wp-content\/uploads\/2019\/10\/68FF339B-E414-4385-A2AE-24C82FA03582-600x600.jpeg 600w, https:\/\/cungtenhanoi.com\/wp-content\/uploads\/2019\/10\/68FF339B-E414-4385-A2AE-24C82FA03582-64x64.jpeg 64w, https:\/\/cungtenhanoi.com\/wp-content\/uploads\/2019\/10\/68FF339B-E414-4385-A2AE-24C82FA03582-150x150.jpeg 150w, https:\/\/cungtenhanoi.com\/wp-content\/uploads\/2019\/10\/68FF339B-E414-4385-A2AE-24C82FA03582-768x768.jpeg 768w, https:\/\/cungtenhanoi.com\/wp-content\/uploads\/2019\/10\/68FF339B-E414-4385-A2AE-24C82FA03582-180x180.jpeg 180w, https:\/\/cungtenhanoi.com\/wp-content\/uploads\/2019\/10\/68FF339B-E414-4385-A2AE-24C82FA03582-45x45.jpeg 45w\" sizes=\"(max-width: 800px) 100vw, 800px\" \/> <img loading=\"lazy\" class=\"aligncenter size-full wp-image-583\" src=\"https:\/\/cungtenhanoi.com\/wp-content\/uploads\/2019\/10\/6E572999-0A3D-4435-AB7C-45399B85B64E.jpeg\" alt=\"\" width=\"702\" height=\"652\" srcset=\"https:\/\/cungtenhanoi.com\/wp-content\/uploads\/2019\/10\/6E572999-0A3D-4435-AB7C-45399B85B64E.jpeg 702w, https:\/\/cungtenhanoi.com\/wp-content\/uploads\/2019\/10\/6E572999-0A3D-4435-AB7C-45399B85B64E-600x557.jpeg 600w, https:\/\/cungtenhanoi.com\/wp-content\/uploads\/2019\/10\/6E572999-0A3D-4435-AB7C-45399B85B64E-64x59.jpeg 64w\" sizes=\"(max-width: 702px) 100vw, 702px\" \/><\/p>\n","protected":false},"excerpt":{"rendered":"<p>617-5\/650k ( ng\u1eafn )<\/p>\n<p>617-8\/880k ( trung)<\/p>\n<p>617-11\/1090k ( d\u00e0i)<\/p>\n","protected":false},"featured_media":581,"comment_status":"open","ping_status":"closed","template":"","meta":[],"product_cat":[20],"product_tag":[97,102,98,99,100,101],"acf":[],"yoast_head":"<!-- This site is optimized with the Yoast SEO plugin v19.8 - https:\/\/yoast.com\/wordpress\/plugins\/seo\/ -->\n<title>Ch\u1ed1ng rung - th\u0103ng b\u1eb1ng TP615-617 - Cung T\u00ean H\u00e0 N\u1ed9i<\/title>\n<meta name=\"description\" content=\"mua cung t\u00ean th\u1ec3 thao, mua cung t\u00ean t\u1ea1i h\u00e0 n\u1ed9i, cung tr\u1ee3 l\u1ef1c, cung compound, cung t\u00ean ch\u00ednh h\u00e3ng, cung t\u00ean m\u1ea1nh,cung t\u00ean h\u00e0 n\u1ed9i, cung t\u00ean , mua cung t\u00ean S\u00e0i g\u00f2n , mua m\u0169i t\u00ean b\u1eafn cung , cung b\u1eafn bi s\u1eaft , cung t\u00ean mini\" \/>\n<meta name=\"robots\" content=\"index, follow, max-snippet:-1, max-image-preview:large, max-video-preview:-1\" \/>\n<link rel=\"canonical\" href=\"https:\/\/cungtenhanoi.com\/?product=chong-rung-thang-bang-tp615-617\" \/>\n<meta property=\"og:locale\" content=\"vi_VN\" \/>\n<meta property=\"og:type\" content=\"article\" \/>\n<meta property=\"og:title\" content=\"Ch\u1ed1ng rung - th\u0103ng b\u1eb1ng TP615-617 - Cung T\u00ean H\u00e0 N\u1ed9i\" \/>\n<meta property=\"og:description\" content=\"mua cung t\u00ean th\u1ec3 thao, mua cung t\u00ean t\u1ea1i h\u00e0 n\u1ed9i, cung tr\u1ee3 l\u1ef1c, cung compound, cung t\u00ean ch\u00ednh h\u00e3ng, cung t\u00ean m\u1ea1nh,cung t\u00ean h\u00e0 n\u1ed9i, cung t\u00ean , mua cung t\u00ean S\u00e0i g\u00f2n , mua m\u0169i t\u00ean b\u1eafn cung , cung b\u1eafn bi s\u1eaft , cung t\u00ean mini\" \/>\n<meta property=\"og:url\" content=\"https:\/\/cungtenhanoi.com\/?product=chong-rung-thang-bang-tp615-617\" \/>\n<meta property=\"og:site_name\" content=\"Cung T\u00ean H\u00e0 N\u1ed9i\" \/>\n<meta property=\"article:modified_time\" content=\"2021-06-20T04:56:24+00:00\" \/>\n<meta property=\"og:image\" content=\"https:\/\/cungtenhanoi.com\/wp-content\/uploads\/2019\/10\/16111E86-93B3-46C7-A3F3-F975B9FE8489.jpeg\" \/>\n\t<meta property=\"og:image:width\" content=\"800\" \/>\n\t<meta property=\"og:image:height\" content=\"714\" \/>\n\t<meta property=\"og:image:type\" content=\"image\/jpeg\" \/>\n<meta name=\"twitter:card\" content=\"summary_large_image\" \/>\n<script type=\"application\/ld+json\" class=\"yoast-schema-graph\">{\"@context\":\"https:\/\/schema.org\",\"@graph\":[{\"@type\":\"WebPage\",\"@id\":\"https:\/\/cungtenhanoi.com\/?product=chong-rung-thang-bang-tp615-617\",\"url\":\"https:\/\/cungtenhanoi.com\/?product=chong-rung-thang-bang-tp615-617\",\"name\":\"Ch\u1ed1ng rung - th\u0103ng b\u1eb1ng TP615-617 - Cung T\u00ean H\u00e0 N\u1ed9i\",\"isPartOf\":{\"@id\":\"https:\/\/cungtenhanoi.com\/#website\"},\"datePublished\":\"2019-10-07T11:59:27+00:00\",\"dateModified\":\"2021-06-20T04:56:24+00:00\",\"description\":\"mua cung t\u00ean th\u1ec3 thao, mua cung t\u00ean t\u1ea1i h\u00e0 n\u1ed9i, cung tr\u1ee3 l\u1ef1c, cung compound, cung t\u00ean ch\u00ednh h\u00e3ng, cung t\u00ean m\u1ea1nh,cung t\u00ean h\u00e0 n\u1ed9i, cung t\u00ean , mua cung t\u00ean S\u00e0i g\u00f2n , mua m\u0169i t\u00ean b\u1eafn cung , cung b\u1eafn bi s\u1eaft , cung t\u00ean mini\",\"breadcrumb\":{\"@id\":\"https:\/\/cungtenhanoi.com\/?product=chong-rung-thang-bang-tp615-617#breadcrumb\"},\"inLanguage\":\"vi\",\"potentialAction\":[{\"@type\":\"ReadAction\",\"target\":[\"https:\/\/cungtenhanoi.com\/?product=chong-rung-thang-bang-tp615-617\"]}]},{\"@type\":\"BreadcrumbList\",\"@id\":\"https:\/\/cungtenhanoi.com\/?product=chong-rung-thang-bang-tp615-617#breadcrumb\",\"itemListElement\":[{\"@type\":\"ListItem\",\"position\":1,\"name\":\"Trang ch\u1ee7\",\"item\":\"https:\/\/cungtenhanoi.com\/\"},{\"@type\":\"ListItem\",\"position\":2,\"name\":\"Shop\",\"item\":\"https:\/\/cungtenhanoi.com\/?page_id=6\"},{\"@type\":\"ListItem\",\"position\":3,\"name\":\"Ph\u1ee5 ki\u1ec7n\",\"item\":\"https:\/\/cungtenhanoi.com\/danh-muc\/phu-kien\/\"},{\"@type\":\"ListItem\",\"position\":4,\"name\":\"Ch\u1ed1ng rung &#8211; th\u0103ng b\u1eb1ng TP615-617\"}]},{\"@type\":\"WebSite\",\"@id\":\"https:\/\/cungtenhanoi.com\/#website\",\"url\":\"https:\/\/cungtenhanoi.com\/\",\"name\":\"Cung T\u00ean H\u00e0 N\u1ed9i\",\"description\":\"Cung c\u1ea5p c\u00e1c lo\u1ea1i cung t\u00ean th\u1ec3 thao s\u1ed1 1 Vi\u1ec7t Nam\",\"publisher\":{\"@id\":\"https:\/\/cungtenhanoi.com\/#organization\"},\"potentialAction\":[{\"@type\":\"SearchAction\",\"target\":{\"@type\":\"EntryPoint\",\"urlTemplate\":\"https:\/\/cungtenhanoi.com\/?s={search_term_string}\"},\"query-input\":\"required name=search_term_string\"}],\"inLanguage\":\"vi\"},{\"@type\":\"Organization\",\"@id\":\"https:\/\/cungtenhanoi.com\/#organization\",\"name\":\"Cung T\u00ean H\u00e0 N\u1ed9i\",\"url\":\"https:\/\/cungtenhanoi.com\/\",\"sameAs\":[],\"logo\":{\"@type\":\"ImageObject\",\"inLanguage\":\"vi\",\"@id\":\"https:\/\/cungtenhanoi.com\/#\/schema\/logo\/image\/\",\"url\":\"https:\/\/cungtenhanoi.com\/wp-content\/uploads\/2025\/05\/logo-den-trang.jpg\",\"contentUrl\":\"https:\/\/cungtenhanoi.com\/wp-content\/uploads\/2025\/05\/logo-den-trang.jpg\",\"width\":450,\"height\":450,\"caption\":\"Cung T\u00ean H\u00e0 N\u1ed9i\"},\"image\":{\"@id\":\"https:\/\/cungtenhanoi.com\/#\/schema\/logo\/image\/\"}}]}<\/script>\n<!-- \/ Yoast SEO plugin. -->","yoast_head_json":{"title":"Ch\u1ed1ng rung - th\u0103ng b\u1eb1ng TP615-617 - Cung T\u00ean H\u00e0 N\u1ed9i","description":"mua cung t\u00ean th\u1ec3 thao, mua cung t\u00ean t\u1ea1i h\u00e0 n\u1ed9i, cung tr\u1ee3 l\u1ef1c, cung compound, cung t\u00ean ch\u00ednh h\u00e3ng, cung t\u00ean m\u1ea1nh,cung t\u00ean h\u00e0 n\u1ed9i, cung t\u00ean , mua cung t\u00ean S\u00e0i g\u00f2n , mua m\u0169i t\u00ean b\u1eafn cung , cung b\u1eafn bi s\u1eaft , cung t\u00ean mini","robots":{"index":"index","follow":"follow","max-snippet":"max-snippet:-1","max-image-preview":"max-image-preview:large","max-video-preview":"max-video-preview:-1"},"canonical":"https:\/\/cungtenhanoi.com\/?product=chong-rung-thang-bang-tp615-617","og_locale":"vi_VN","og_type":"article","og_title":"Ch\u1ed1ng rung - th\u0103ng b\u1eb1ng TP615-617 - Cung T\u00ean H\u00e0 N\u1ed9i","og_description":"mua cung t\u00ean th\u1ec3 thao, mua cung t\u00ean t\u1ea1i h\u00e0 n\u1ed9i, cung tr\u1ee3 l\u1ef1c, cung compound, cung t\u00ean ch\u00ednh h\u00e3ng, cung t\u00ean m\u1ea1nh,cung t\u00ean h\u00e0 n\u1ed9i, cung t\u00ean , mua cung t\u00ean S\u00e0i g\u00f2n , mua m\u0169i t\u00ean b\u1eafn cung , cung b\u1eafn bi s\u1eaft , cung t\u00ean mini","og_url":"https:\/\/cungtenhanoi.com\/?product=chong-rung-thang-bang-tp615-617","og_site_name":"Cung T\u00ean H\u00e0 N\u1ed9i","article_modified_time":"2021-06-20T04:56:24+00:00","og_image":[{"width":800,"height":714,"url":"https:\/\/cungtenhanoi.com\/wp-content\/uploads\/2019\/10\/16111E86-93B3-46C7-A3F3-F975B9FE8489.jpeg","type":"image\/jpeg"}],"twitter_card":"summary_large_image","schema":{"@context":"https:\/\/schema.org","@graph":[{"@type":"WebPage","@id":"https:\/\/cungtenhanoi.com\/?product=chong-rung-thang-bang-tp615-617","url":"https:\/\/cungtenhanoi.com\/?product=chong-rung-thang-bang-tp615-617","name":"Ch\u1ed1ng rung - th\u0103ng b\u1eb1ng TP615-617 - Cung T\u00ean H\u00e0 N\u1ed9i","isPartOf":{"@id":"https:\/\/cungtenhanoi.com\/#website"},"datePublished":"2019-10-07T11:59:27+00:00","dateModified":"2021-06-20T04:56:24+00:00","description":"mua cung t\u00ean th\u1ec3 thao, mua cung t\u00ean t\u1ea1i h\u00e0 n\u1ed9i, cung tr\u1ee3 l\u1ef1c, cung compound, cung t\u00ean ch\u00ednh h\u00e3ng, cung t\u00ean m\u1ea1nh,cung t\u00ean h\u00e0 n\u1ed9i, cung t\u00ean , mua cung t\u00ean S\u00e0i g\u00f2n , mua m\u0169i t\u00ean b\u1eafn cung , cung b\u1eafn bi s\u1eaft , cung t\u00ean mini","breadcrumb":{"@id":"https:\/\/cungtenhanoi.com\/?product=chong-rung-thang-bang-tp615-617#breadcrumb"},"inLanguage":"vi","potentialAction":[{"@type":"ReadAction","target":["https:\/\/cungtenhanoi.com\/?product=chong-rung-thang-bang-tp615-617"]}]},{"@type":"BreadcrumbList","@id":"https:\/\/cungtenhanoi.com\/?product=chong-rung-thang-bang-tp615-617#breadcrumb","itemListElement":[{"@type":"ListItem","position":1,"name":"Trang ch\u1ee7","item":"https:\/\/cungtenhanoi.com\/"},{"@type":"ListItem","position":2,"name":"Shop","item":"https:\/\/cungtenhanoi.com\/?page_id=6"},{"@type":"ListItem","position":3,"name":"Ph\u1ee5 ki\u1ec7n","item":"https:\/\/cungtenhanoi.com\/danh-muc\/phu-kien\/"},{"@type":"ListItem","position":4,"name":"Ch\u1ed1ng rung &#8211; th\u0103ng b\u1eb1ng TP615-617"}]},{"@type":"WebSite","@id":"https:\/\/cungtenhanoi.com\/#website","url":"https:\/\/cungtenhanoi.com\/","name":"Cung T\u00ean H\u00e0 N\u1ed9i","description":"Cung c\u1ea5p c\u00e1c lo\u1ea1i cung t\u00ean th\u1ec3 thao s\u1ed1 1 Vi\u1ec7t Nam","publisher":{"@id":"https:\/\/cungtenhanoi.com\/#organization"},"potentialAction":[{"@type":"SearchAction","target":{"@type":"EntryPoint","urlTemplate":"https:\/\/cungtenhanoi.com\/?s={search_term_string}"},"query-input":"required name=search_term_string"}],"inLanguage":"vi"},{"@type":"Organization","@id":"https:\/\/cungtenhanoi.com\/#organization","name":"Cung T\u00ean H\u00e0 N\u1ed9i","url":"https:\/\/cungtenhanoi.com\/","sameAs":[],"logo":{"@type":"ImageObject","inLanguage":"vi","@id":"https:\/\/cungtenhanoi.com\/#\/schema\/logo\/image\/","url":"https:\/\/cungtenhanoi.com\/wp-content\/uploads\/2025\/05\/logo-den-trang.jpg","contentUrl":"https:\/\/cungtenhanoi.com\/wp-content\/uploads\/2025\/05\/logo-den-trang.jpg","width":450,"height":450,"caption":"Cung T\u00ean H\u00e0 N\u1ed9i"},"image":{"@id":"https:\/\/cungtenhanoi.com\/#\/schema\/logo\/image\/"}}]}},"_links":{"self":[{"href":"https:\/\/cungtenhanoi.com\/index.php?rest_route=\/wp\/v2\/product\/579"}],"collection":[{"href":"https:\/\/cungtenhanoi.com\/index.php?rest_route=\/wp\/v2\/product"}],"about":[{"href":"https:\/\/cungtenhanoi.com\/index.php?rest_route=\/wp\/v2\/types\/product"}],"replies":[{"embeddable":true,"href":"https:\/\/cungtenhanoi.com\/index.php?rest_route=%2Fwp%2Fv2%2Fcomments&post=579"}],"wp:featuredmedia":[{"embeddable":true,"href":"https:\/\/cungtenhanoi.com\/index.php?rest_route=\/wp\/v2\/media\/581"}],"wp:attachment":[{"href":"https:\/\/cungtenhanoi.com\/index.php?rest_route=%2Fwp%2Fv2%2Fmedia&parent=579"}],"wp:term":[{"taxonomy":"product_cat","embeddable":true,"href":"https:\/\/cungtenhanoi.com\/index.php?rest_route=%2Fwp%2Fv2%2Fproduct_cat&post=579"},{"taxonomy":"product_tag","embeddable":true,"href":"https:\/\/cungtenhanoi.com\/index.php?rest_route=%2Fwp%2Fv2%2Fproduct_tag&post=579"}],"curies":[{"name":"wp","href":"https:\/\/api.w.org\/{rel}","templated":true}]}}