{"id":587,"date":"2019-10-08T10:34:54","date_gmt":"2019-10-08T03:34:54","guid":{"rendered":"https:\/\/cungtenhanoi.com\/?post_type=product&#038;p=587"},"modified":"2024-09-26T02:46:07","modified_gmt":"2024-09-25T19:46:07","slug":"compound-jx-m138","status":"publish","type":"product","link":"https:\/\/cungtenhanoi.com\/?product=compound-jx-m138","title":{"rendered":"Compound JX-M125"},"content":{"rendered":"<p style=\"text-align: center;\">Compound gi\u00e1 r\u1ebb d\u00e0nh cho ng\u01b0\u1eddi m\u1edbi t\u1eadp ch\u01a1i b\u1eaft \u0111\u1ea7u c\u1ea3m nh\u1eadn \u0111\u1ed9 m\u1ea1nh c\u1ee7a c\u00e2y cung compound- Thi\u1ebft k\u1ebf nh\u1ecf g\u1ecdn nh\u01b0ng \u0111\u1ea7y th\u1ea9m m\u1ef9 v\u00e0 c\u0169ng kh\u00f4ng k\u00e9m ph\u1ea7n uy l\u1ef1c v\u00e0 sang tr\u1ecdng mang \u0111\u1ebfn cho ng\u01b0\u1eddi d\u00f9ng s\u1ef1 tr\u1ea3i nghi\u1ec7m tuy\u1ec7t v\u1eddi trong m\u1ed7i \u0111\u01b0\u1eddng t\u00ean.<br \/>\nTh\u00f4ng s\u1ed1: L\u1ef1c b\u1eafn 30-70lbs ( t\u00f9y ch\u1ec9nh)<\/p>\n<p style=\"text-align: center;\">Tr\u1ecdng l\u01b0\u1ee3ng 1,7 kg cung kh\u00f4ng full \u0111\u1ed3 3kg<br \/>\nTr\u1ee3 l\u1ef1c 70%<br \/>\nChi\u1ec1u d\u00e0i 87-97cm ( t\u00f9y ch\u1ec9nh )<\/p>\n<p><img loading=\"lazy\" class=\"aligncenter size-full wp-image-588\" src=\"https:\/\/cungtenhanoi.com\/wp-content\/uploads\/2019\/10\/O1CN01EREJOj2J9dFTjJwK2_502389379.jpg\" alt=\"\" width=\"762\" height=\"639\" srcset=\"https:\/\/cungtenhanoi.com\/wp-content\/uploads\/2019\/10\/O1CN01EREJOj2J9dFTjJwK2_502389379.jpg 762w, https:\/\/cungtenhanoi.com\/wp-content\/uploads\/2019\/10\/O1CN01EREJOj2J9dFTjJwK2_502389379-600x503.jpg 600w, https:\/\/cungtenhanoi.com\/wp-content\/uploads\/2019\/10\/O1CN01EREJOj2J9dFTjJwK2_502389379-64x54.jpg 64w, https:\/\/cungtenhanoi.com\/wp-content\/uploads\/2019\/10\/O1CN01EREJOj2J9dFTjJwK2_502389379-300x252.jpg 300w\" sizes=\"(max-width: 762px) 100vw, 762px\" \/> <img loading=\"lazy\" class=\"aligncenter size-full wp-image-1261\" src=\"https:\/\/cungtenhanoi.com\/wp-content\/uploads\/2019\/10\/O1CN01pErnBZ2J9dFXlndw2_502389379-1.jpg\" alt=\"\" width=\"736\" height=\"593\" srcset=\"https:\/\/cungtenhanoi.com\/wp-content\/uploads\/2019\/10\/O1CN01pErnBZ2J9dFXlndw2_502389379-1.jpg 736w, https:\/\/cungtenhanoi.com\/wp-content\/uploads\/2019\/10\/O1CN01pErnBZ2J9dFXlndw2_502389379-1-600x483.jpg 600w, https:\/\/cungtenhanoi.com\/wp-content\/uploads\/2019\/10\/O1CN01pErnBZ2J9dFXlndw2_502389379-1-64x52.jpg 64w, https:\/\/cungtenhanoi.com\/wp-content\/uploads\/2019\/10\/O1CN01pErnBZ2J9dFXlndw2_502389379-1-300x242.jpg 300w\" sizes=\"(max-width: 736px) 100vw, 736px\" \/><img loading=\"lazy\" class=\"aligncenter size-full wp-image-589\" src=\"https:\/\/cungtenhanoi.com\/wp-content\/uploads\/2019\/10\/O1CN01FpV1zE2J9dFQNC8ao_502389379.jpg\" alt=\"\" width=\"762\" height=\"924\" srcset=\"https:\/\/cungtenhanoi.com\/wp-content\/uploads\/2019\/10\/O1CN01FpV1zE2J9dFQNC8ao_502389379.jpg 762w, https:\/\/cungtenhanoi.com\/wp-content\/uploads\/2019\/10\/O1CN01FpV1zE2J9dFQNC8ao_502389379-600x728.jpg 600w, https:\/\/cungtenhanoi.com\/wp-content\/uploads\/2019\/10\/O1CN01FpV1zE2J9dFQNC8ao_502389379-64x78.jpg 64w\" sizes=\"(max-width: 762px) 100vw, 762px\" \/> <img loading=\"lazy\" class=\"aligncenter size-full wp-image-591\" src=\"https:\/\/cungtenhanoi.com\/wp-content\/uploads\/2019\/10\/O1CN01PtQFsj2J9dFTD9VIT_502389379.jpg\" alt=\"\" width=\"762\" height=\"601\" srcset=\"https:\/\/cungtenhanoi.com\/wp-content\/uploads\/2019\/10\/O1CN01PtQFsj2J9dFTD9VIT_502389379.jpg 762w, https:\/\/cungtenhanoi.com\/wp-content\/uploads\/2019\/10\/O1CN01PtQFsj2J9dFTD9VIT_502389379-600x473.jpg 600w, https:\/\/cungtenhanoi.com\/wp-content\/uploads\/2019\/10\/O1CN01PtQFsj2J9dFTD9VIT_502389379-64x50.jpg 64w, https:\/\/cungtenhanoi.com\/wp-content\/uploads\/2019\/10\/O1CN01PtQFsj2J9dFTD9VIT_502389379-300x237.jpg 300w\" sizes=\"(max-width: 762px) 100vw, 762px\" \/> <img loading=\"lazy\" class=\"aligncenter size-full wp-image-592\" src=\"https:\/\/cungtenhanoi.com\/wp-content\/uploads\/2019\/10\/O1CN01U7cYu52J9dFS4pRsL_502389379.jpg\" alt=\"\" width=\"762\" height=\"635\" srcset=\"https:\/\/cungtenhanoi.com\/wp-content\/uploads\/2019\/10\/O1CN01U7cYu52J9dFS4pRsL_502389379.jpg 762w, https:\/\/cungtenhanoi.com\/wp-content\/uploads\/2019\/10\/O1CN01U7cYu52J9dFS4pRsL_502389379-600x500.jpg 600w, https:\/\/cungtenhanoi.com\/wp-content\/uploads\/2019\/10\/O1CN01U7cYu52J9dFS4pRsL_502389379-64x53.jpg 64w, https:\/\/cungtenhanoi.com\/wp-content\/uploads\/2019\/10\/O1CN01U7cYu52J9dFS4pRsL_502389379-300x250.jpg 300w\" sizes=\"(max-width: 762px) 100vw, 762px\" \/> <img loading=\"lazy\" class=\"aligncenter size-full wp-image-593\" src=\"https:\/\/cungtenhanoi.com\/wp-content\/uploads\/2019\/10\/O1CN016x6As82J9dFUzGsu6_502389379.jpg\" alt=\"\" width=\"762\" height=\"588\" srcset=\"https:\/\/cungtenhanoi.com\/wp-content\/uploads\/2019\/10\/O1CN016x6As82J9dFUzGsu6_502389379.jpg 762w, https:\/\/cungtenhanoi.com\/wp-content\/uploads\/2019\/10\/O1CN016x6As82J9dFUzGsu6_502389379-600x463.jpg 600w, https:\/\/cungtenhanoi.com\/wp-content\/uploads\/2019\/10\/O1CN016x6As82J9dFUzGsu6_502389379-64x49.jpg 64w, https:\/\/cungtenhanoi.com\/wp-content\/uploads\/2019\/10\/O1CN016x6As82J9dFUzGsu6_502389379-300x231.jpg 300w\" sizes=\"(max-width: 762px) 100vw, 762px\" \/> <img loading=\"lazy\" class=\"aligncenter size-full wp-image-594\" src=\"https:\/\/cungtenhanoi.com\/wp-content\/uploads\/2019\/10\/O1CN0163XcU12J9dFQNBs00_502389379.jpg\" alt=\"\" width=\"751\" height=\"568\" srcset=\"https:\/\/cungtenhanoi.com\/wp-content\/uploads\/2019\/10\/O1CN0163XcU12J9dFQNBs00_502389379.jpg 751w, https:\/\/cungtenhanoi.com\/wp-content\/uploads\/2019\/10\/O1CN0163XcU12J9dFQNBs00_502389379-600x454.jpg 600w, https:\/\/cungtenhanoi.com\/wp-content\/uploads\/2019\/10\/O1CN0163XcU12J9dFQNBs00_502389379-64x48.jpg 64w, https:\/\/cungtenhanoi.com\/wp-content\/uploads\/2019\/10\/O1CN0163XcU12J9dFQNBs00_502389379-300x227.jpg 300w\" sizes=\"(max-width: 751px) 100vw, 751px\" \/><\/p>\n","protected":false},"excerpt":{"rendered":"<p>Compound gi\u00e1 r\u1ebb d\u00e0nh cho ng\u01b0\u1eddi m\u1edbi t\u1eadp ch\u01a1i b\u1eaft \u0111\u1ea7u c\u1ea3m nh\u1eadn \u0111\u1ed9 m\u1ea1nh c\u1ee7a c\u00e2y cung compound- Thi\u1ebft k\u1ebf nh\u1ecf g\u1ecdn nh\u01b0ng \u0111\u1ea7y th\u1ea9m m\u1ef9 v\u00e0 c\u0169ng kh\u00f4ng k\u00e9m ph\u1ea7n uy l\u1ef1c v\u00e0 sang tr\u1ecdng mang \u0111\u1ebfn cho ng\u01b0\u1eddi d\u00f9ng s\u1ef1 tr\u1ea3i nghi\u1ec7m tuy\u1ec7t v\u1eddi trong m\u1ed7i \u0111\u01b0\u1eddng t\u00ean. Th\u00f4ng s\u1ed1: L\u1ef1c b\u1eafn<\/p>\n","protected":false},"featured_media":589,"comment_status":"open","ping_status":"closed","template":"","meta":[],"product_cat":[17],"product_tag":[34,61,103,104],"acf":[],"yoast_head":"<!-- This site is optimized with the Yoast SEO plugin v19.8 - https:\/\/yoast.com\/wordpress\/plugins\/seo\/ -->\n<title>Compound JX-M125 - Cung T\u00ean H\u00e0 N\u1ed9i<\/title>\n<meta name=\"description\" content=\"mua cung t\u00ean th\u1ec3 thao, mua cung t\u00ean t\u1ea1i h\u00e0 n\u1ed9i, cung tr\u1ee3 l\u1ef1c, cung compound, cung t\u00ean ch\u00ednh h\u00e3ng, cung t\u00ean m\u1ea1nh,cung t\u00ean h\u00e0 n\u1ed9i, cung t\u00ean , mua cung t\u00ean S\u00e0i g\u00f2n , mua m\u0169i t\u00ean b\u1eafn cung , cung b\u1eafn bi s\u1eaft , cung t\u00ean mini\" \/>\n<meta name=\"robots\" content=\"index, follow, max-snippet:-1, max-image-preview:large, max-video-preview:-1\" \/>\n<link rel=\"canonical\" href=\"https:\/\/cungtenhanoi.com\/?product=compound-jx-m138\" \/>\n<meta property=\"og:locale\" content=\"vi_VN\" \/>\n<meta property=\"og:type\" content=\"article\" \/>\n<meta property=\"og:title\" content=\"Compound JX-M125 - Cung T\u00ean H\u00e0 N\u1ed9i\" \/>\n<meta property=\"og:description\" content=\"mua cung t\u00ean th\u1ec3 thao, mua cung t\u00ean t\u1ea1i h\u00e0 n\u1ed9i, cung tr\u1ee3 l\u1ef1c, cung compound, cung t\u00ean ch\u00ednh h\u00e3ng, cung t\u00ean m\u1ea1nh,cung t\u00ean h\u00e0 n\u1ed9i, cung t\u00ean , mua cung t\u00ean S\u00e0i g\u00f2n , mua m\u0169i t\u00ean b\u1eafn cung , cung b\u1eafn bi s\u1eaft , cung t\u00ean mini\" \/>\n<meta property=\"og:url\" content=\"https:\/\/cungtenhanoi.com\/?product=compound-jx-m138\" \/>\n<meta property=\"og:site_name\" content=\"Cung T\u00ean H\u00e0 N\u1ed9i\" \/>\n<meta property=\"article:modified_time\" content=\"2024-09-25T19:46:07+00:00\" \/>\n<meta property=\"og:image\" content=\"https:\/\/cungtenhanoi.com\/wp-content\/uploads\/2019\/10\/O1CN01FpV1zE2J9dFQNC8ao_502389379.jpg\" \/>\n\t<meta property=\"og:image:width\" content=\"762\" \/>\n\t<meta property=\"og:image:height\" content=\"924\" \/>\n\t<meta property=\"og:image:type\" content=\"image\/jpeg\" \/>\n<meta name=\"twitter:card\" content=\"summary_large_image\" \/>\n<meta name=\"twitter:label1\" content=\"\u01af\u1edbc t\u00ednh th\u1eddi gian \u0111\u1ecdc\" \/>\n\t<meta name=\"twitter:data1\" content=\"1 ph\u00fat\" \/>\n<script type=\"application\/ld+json\" class=\"yoast-schema-graph\">{\"@context\":\"https:\/\/schema.org\",\"@graph\":[{\"@type\":\"WebPage\",\"@id\":\"https:\/\/cungtenhanoi.com\/?product=compound-jx-m138\",\"url\":\"https:\/\/cungtenhanoi.com\/?product=compound-jx-m138\",\"name\":\"Compound JX-M125 - Cung T\u00ean H\u00e0 N\u1ed9i\",\"isPartOf\":{\"@id\":\"https:\/\/cungtenhanoi.com\/#website\"},\"datePublished\":\"2019-10-08T03:34:54+00:00\",\"dateModified\":\"2024-09-25T19:46:07+00:00\",\"description\":\"mua cung t\u00ean th\u1ec3 thao, mua cung t\u00ean t\u1ea1i h\u00e0 n\u1ed9i, cung tr\u1ee3 l\u1ef1c, cung compound, cung t\u00ean ch\u00ednh h\u00e3ng, cung t\u00ean m\u1ea1nh,cung t\u00ean h\u00e0 n\u1ed9i, cung t\u00ean , mua cung t\u00ean S\u00e0i g\u00f2n , mua m\u0169i t\u00ean b\u1eafn cung , cung b\u1eafn bi s\u1eaft , cung t\u00ean mini\",\"breadcrumb\":{\"@id\":\"https:\/\/cungtenhanoi.com\/?product=compound-jx-m138#breadcrumb\"},\"inLanguage\":\"vi\",\"potentialAction\":[{\"@type\":\"ReadAction\",\"target\":[\"https:\/\/cungtenhanoi.com\/?product=compound-jx-m138\"]}]},{\"@type\":\"BreadcrumbList\",\"@id\":\"https:\/\/cungtenhanoi.com\/?product=compound-jx-m138#breadcrumb\",\"itemListElement\":[{\"@type\":\"ListItem\",\"position\":1,\"name\":\"Trang ch\u1ee7\",\"item\":\"https:\/\/cungtenhanoi.com\/\"},{\"@type\":\"ListItem\",\"position\":2,\"name\":\"Shop\",\"item\":\"https:\/\/cungtenhanoi.com\/?page_id=6\"},{\"@type\":\"ListItem\",\"position\":3,\"name\":\"Cung\",\"item\":\"https:\/\/cungtenhanoi.com\/danh-muc\/cung\/\"},{\"@type\":\"ListItem\",\"position\":4,\"name\":\"Compound JX-M125\"}]},{\"@type\":\"WebSite\",\"@id\":\"https:\/\/cungtenhanoi.com\/#website\",\"url\":\"https:\/\/cungtenhanoi.com\/\",\"name\":\"Cung T\u00ean H\u00e0 N\u1ed9i\",\"description\":\"Cung c\u1ea5p c\u00e1c lo\u1ea1i cung t\u00ean th\u1ec3 thao s\u1ed1 1 Vi\u1ec7t Nam\",\"publisher\":{\"@id\":\"https:\/\/cungtenhanoi.com\/#organization\"},\"potentialAction\":[{\"@type\":\"SearchAction\",\"target\":{\"@type\":\"EntryPoint\",\"urlTemplate\":\"https:\/\/cungtenhanoi.com\/?s={search_term_string}\"},\"query-input\":\"required name=search_term_string\"}],\"inLanguage\":\"vi\"},{\"@type\":\"Organization\",\"@id\":\"https:\/\/cungtenhanoi.com\/#organization\",\"name\":\"Cung T\u00ean H\u00e0 N\u1ed9i\",\"url\":\"https:\/\/cungtenhanoi.com\/\",\"sameAs\":[],\"logo\":{\"@type\":\"ImageObject\",\"inLanguage\":\"vi\",\"@id\":\"https:\/\/cungtenhanoi.com\/#\/schema\/logo\/image\/\",\"url\":\"https:\/\/cungtenhanoi.com\/wp-content\/uploads\/2025\/05\/logo-den-trang.jpg\",\"contentUrl\":\"https:\/\/cungtenhanoi.com\/wp-content\/uploads\/2025\/05\/logo-den-trang.jpg\",\"width\":450,\"height\":450,\"caption\":\"Cung T\u00ean H\u00e0 N\u1ed9i\"},\"image\":{\"@id\":\"https:\/\/cungtenhanoi.com\/#\/schema\/logo\/image\/\"}}]}<\/script>\n<!-- \/ Yoast SEO plugin. -->","yoast_head_json":{"title":"Compound JX-M125 - Cung T\u00ean H\u00e0 N\u1ed9i","description":"mua cung t\u00ean th\u1ec3 thao, mua cung t\u00ean t\u1ea1i h\u00e0 n\u1ed9i, cung tr\u1ee3 l\u1ef1c, cung compound, cung t\u00ean ch\u00ednh h\u00e3ng, cung t\u00ean m\u1ea1nh,cung t\u00ean h\u00e0 n\u1ed9i, cung t\u00ean , mua cung t\u00ean S\u00e0i g\u00f2n , mua m\u0169i t\u00ean b\u1eafn cung , cung b\u1eafn bi s\u1eaft , cung t\u00ean mini","robots":{"index":"index","follow":"follow","max-snippet":"max-snippet:-1","max-image-preview":"max-image-preview:large","max-video-preview":"max-video-preview:-1"},"canonical":"https:\/\/cungtenhanoi.com\/?product=compound-jx-m138","og_locale":"vi_VN","og_type":"article","og_title":"Compound JX-M125 - Cung T\u00ean H\u00e0 N\u1ed9i","og_description":"mua cung t\u00ean th\u1ec3 thao, mua cung t\u00ean t\u1ea1i h\u00e0 n\u1ed9i, cung tr\u1ee3 l\u1ef1c, cung compound, cung t\u00ean ch\u00ednh h\u00e3ng, cung t\u00ean m\u1ea1nh,cung t\u00ean h\u00e0 n\u1ed9i, cung t\u00ean , mua cung t\u00ean S\u00e0i g\u00f2n , mua m\u0169i t\u00ean b\u1eafn cung , cung b\u1eafn bi s\u1eaft , cung t\u00ean mini","og_url":"https:\/\/cungtenhanoi.com\/?product=compound-jx-m138","og_site_name":"Cung T\u00ean H\u00e0 N\u1ed9i","article_modified_time":"2024-09-25T19:46:07+00:00","og_image":[{"width":762,"height":924,"url":"https:\/\/cungtenhanoi.com\/wp-content\/uploads\/2019\/10\/O1CN01FpV1zE2J9dFQNC8ao_502389379.jpg","type":"image\/jpeg"}],"twitter_card":"summary_large_image","twitter_misc":{"\u01af\u1edbc t\u00ednh th\u1eddi gian \u0111\u1ecdc":"1 ph\u00fat"},"schema":{"@context":"https:\/\/schema.org","@graph":[{"@type":"WebPage","@id":"https:\/\/cungtenhanoi.com\/?product=compound-jx-m138","url":"https:\/\/cungtenhanoi.com\/?product=compound-jx-m138","name":"Compound JX-M125 - Cung T\u00ean H\u00e0 N\u1ed9i","isPartOf":{"@id":"https:\/\/cungtenhanoi.com\/#website"},"datePublished":"2019-10-08T03:34:54+00:00","dateModified":"2024-09-25T19:46:07+00:00","description":"mua cung t\u00ean th\u1ec3 thao, mua cung t\u00ean t\u1ea1i h\u00e0 n\u1ed9i, cung tr\u1ee3 l\u1ef1c, cung compound, cung t\u00ean ch\u00ednh h\u00e3ng, cung t\u00ean m\u1ea1nh,cung t\u00ean h\u00e0 n\u1ed9i, cung t\u00ean , mua cung t\u00ean S\u00e0i g\u00f2n , mua m\u0169i t\u00ean b\u1eafn cung , cung b\u1eafn bi s\u1eaft , cung t\u00ean mini","breadcrumb":{"@id":"https:\/\/cungtenhanoi.com\/?product=compound-jx-m138#breadcrumb"},"inLanguage":"vi","potentialAction":[{"@type":"ReadAction","target":["https:\/\/cungtenhanoi.com\/?product=compound-jx-m138"]}]},{"@type":"BreadcrumbList","@id":"https:\/\/cungtenhanoi.com\/?product=compound-jx-m138#breadcrumb","itemListElement":[{"@type":"ListItem","position":1,"name":"Trang ch\u1ee7","item":"https:\/\/cungtenhanoi.com\/"},{"@type":"ListItem","position":2,"name":"Shop","item":"https:\/\/cungtenhanoi.com\/?page_id=6"},{"@type":"ListItem","position":3,"name":"Cung","item":"https:\/\/cungtenhanoi.com\/danh-muc\/cung\/"},{"@type":"ListItem","position":4,"name":"Compound JX-M125"}]},{"@type":"WebSite","@id":"https:\/\/cungtenhanoi.com\/#website","url":"https:\/\/cungtenhanoi.com\/","name":"Cung T\u00ean H\u00e0 N\u1ed9i","description":"Cung c\u1ea5p c\u00e1c lo\u1ea1i cung t\u00ean th\u1ec3 thao s\u1ed1 1 Vi\u1ec7t Nam","publisher":{"@id":"https:\/\/cungtenhanoi.com\/#organization"},"potentialAction":[{"@type":"SearchAction","target":{"@type":"EntryPoint","urlTemplate":"https:\/\/cungtenhanoi.com\/?s={search_term_string}"},"query-input":"required name=search_term_string"}],"inLanguage":"vi"},{"@type":"Organization","@id":"https:\/\/cungtenhanoi.com\/#organization","name":"Cung T\u00ean H\u00e0 N\u1ed9i","url":"https:\/\/cungtenhanoi.com\/","sameAs":[],"logo":{"@type":"ImageObject","inLanguage":"vi","@id":"https:\/\/cungtenhanoi.com\/#\/schema\/logo\/image\/","url":"https:\/\/cungtenhanoi.com\/wp-content\/uploads\/2025\/05\/logo-den-trang.jpg","contentUrl":"https:\/\/cungtenhanoi.com\/wp-content\/uploads\/2025\/05\/logo-den-trang.jpg","width":450,"height":450,"caption":"Cung T\u00ean H\u00e0 N\u1ed9i"},"image":{"@id":"https:\/\/cungtenhanoi.com\/#\/schema\/logo\/image\/"}}]}},"_links":{"self":[{"href":"https:\/\/cungtenhanoi.com\/index.php?rest_route=\/wp\/v2\/product\/587"}],"collection":[{"href":"https:\/\/cungtenhanoi.com\/index.php?rest_route=\/wp\/v2\/product"}],"about":[{"href":"https:\/\/cungtenhanoi.com\/index.php?rest_route=\/wp\/v2\/types\/product"}],"replies":[{"embeddable":true,"href":"https:\/\/cungtenhanoi.com\/index.php?rest_route=%2Fwp%2Fv2%2Fcomments&post=587"}],"wp:featuredmedia":[{"embeddable":true,"href":"https:\/\/cungtenhanoi.com\/index.php?rest_route=\/wp\/v2\/media\/589"}],"wp:attachment":[{"href":"https:\/\/cungtenhanoi.com\/index.php?rest_route=%2Fwp%2Fv2%2Fmedia&parent=587"}],"wp:term":[{"taxonomy":"product_cat","embeddable":true,"href":"https:\/\/cungtenhanoi.com\/index.php?rest_route=%2Fwp%2Fv2%2Fproduct_cat&post=587"},{"taxonomy":"product_tag","embeddable":true,"href":"https:\/\/cungtenhanoi.com\/index.php?rest_route=%2Fwp%2Fv2%2Fproduct_tag&post=587"}],"curies":[{"name":"wp","href":"https:\/\/api.w.org\/{rel}","templated":true}]}}