{"id":595,"date":"2019-10-08T17:48:42","date_gmt":"2019-10-08T10:48:42","guid":{"rendered":"https:\/\/cungtenhanoi.com\/?post_type=product&#038;p=595"},"modified":"2019-10-08T17:48:42","modified_gmt":"2019-10-08T10:48:42","slug":"dau-san-cac-loai","status":"publish","type":"product","link":"https:\/\/cungtenhanoi.com\/?product=dau-san-cac-loai","title":{"rendered":"\u0110\u1ea7u s\u0103n c\u00e1c lo\u1ea1i"},"content":{"rendered":"<p><img loading=\"lazy\" class=\"aligncenter size-full wp-image-596\" src=\"https:\/\/cungtenhanoi.com\/wp-content\/uploads\/2019\/10\/71FF8AC5-4DFD-4508-87DB-6721EE70922A.jpeg\" alt=\"\" width=\"2048\" height=\"1536\" srcset=\"https:\/\/cungtenhanoi.com\/wp-content\/uploads\/2019\/10\/71FF8AC5-4DFD-4508-87DB-6721EE70922A.jpeg 2048w, https:\/\/cungtenhanoi.com\/wp-content\/uploads\/2019\/10\/71FF8AC5-4DFD-4508-87DB-6721EE70922A-600x450.jpeg 600w, https:\/\/cungtenhanoi.com\/wp-content\/uploads\/2019\/10\/71FF8AC5-4DFD-4508-87DB-6721EE70922A-64x48.jpeg 64w\" sizes=\"(max-width: 2048px) 100vw, 2048px\" \/> <img loading=\"lazy\" class=\"aligncenter size-full wp-image-597\" src=\"https:\/\/cungtenhanoi.com\/wp-content\/uploads\/2019\/10\/45DB3307-E3EC-42C1-9509-89D0227BEE53.jpeg\" alt=\"\" width=\"400\" height=\"340\" srcset=\"https:\/\/cungtenhanoi.com\/wp-content\/uploads\/2019\/10\/45DB3307-E3EC-42C1-9509-89D0227BEE53.jpeg 400w, https:\/\/cungtenhanoi.com\/wp-content\/uploads\/2019\/10\/45DB3307-E3EC-42C1-9509-89D0227BEE53-64x54.jpeg 64w, https:\/\/cungtenhanoi.com\/wp-content\/uploads\/2019\/10\/45DB3307-E3EC-42C1-9509-89D0227BEE53-300x255.jpeg 300w\" sizes=\"(max-width: 400px) 100vw, 400px\" \/> <img loading=\"lazy\" class=\"aligncenter size-full wp-image-598\" src=\"https:\/\/cungtenhanoi.com\/wp-content\/uploads\/2019\/10\/C26C7EF6-ADD8-4B9F-9A69-3AEACCC47A53.jpeg\" alt=\"\" width=\"400\" height=\"331\" srcset=\"https:\/\/cungtenhanoi.com\/wp-content\/uploads\/2019\/10\/C26C7EF6-ADD8-4B9F-9A69-3AEACCC47A53.jpeg 400w, https:\/\/cungtenhanoi.com\/wp-content\/uploads\/2019\/10\/C26C7EF6-ADD8-4B9F-9A69-3AEACCC47A53-64x53.jpeg 64w, https:\/\/cungtenhanoi.com\/wp-content\/uploads\/2019\/10\/C26C7EF6-ADD8-4B9F-9A69-3AEACCC47A53-300x248.jpeg 300w\" sizes=\"(max-width: 400px) 100vw, 400px\" \/> <img loading=\"lazy\" class=\"aligncenter size-full wp-image-599\" src=\"https:\/\/cungtenhanoi.com\/wp-content\/uploads\/2019\/10\/F9915C41-CBE8-4FF3-BE1E-7325C8674990.jpeg\" alt=\"\" width=\"400\" height=\"400\" srcset=\"https:\/\/cungtenhanoi.com\/wp-content\/uploads\/2019\/10\/F9915C41-CBE8-4FF3-BE1E-7325C8674990.jpeg 400w, https:\/\/cungtenhanoi.com\/wp-content\/uploads\/2019\/10\/F9915C41-CBE8-4FF3-BE1E-7325C8674990-300x300.jpeg 300w, https:\/\/cungtenhanoi.com\/wp-content\/uploads\/2019\/10\/F9915C41-CBE8-4FF3-BE1E-7325C8674990-100x100.jpeg 100w, https:\/\/cungtenhanoi.com\/wp-content\/uploads\/2019\/10\/F9915C41-CBE8-4FF3-BE1E-7325C8674990-64x64.jpeg 64w, https:\/\/cungtenhanoi.com\/wp-content\/uploads\/2019\/10\/F9915C41-CBE8-4FF3-BE1E-7325C8674990-150x150.jpeg 150w, https:\/\/cungtenhanoi.com\/wp-content\/uploads\/2019\/10\/F9915C41-CBE8-4FF3-BE1E-7325C8674990-180x180.jpeg 180w, https:\/\/cungtenhanoi.com\/wp-content\/uploads\/2019\/10\/F9915C41-CBE8-4FF3-BE1E-7325C8674990-45x45.jpeg 45w\" sizes=\"(max-width: 400px) 100vw, 400px\" \/> <img loading=\"lazy\" class=\"aligncenter size-full wp-image-600\" src=\"https:\/\/cungtenhanoi.com\/wp-content\/uploads\/2019\/10\/46051F98-4677-4195-9402-54883AC03CE1.jpeg\" alt=\"\" width=\"400\" height=\"400\" srcset=\"https:\/\/cungtenhanoi.com\/wp-content\/uploads\/2019\/10\/46051F98-4677-4195-9402-54883AC03CE1.jpeg 400w, https:\/\/cungtenhanoi.com\/wp-content\/uploads\/2019\/10\/46051F98-4677-4195-9402-54883AC03CE1-300x300.jpeg 300w, https:\/\/cungtenhanoi.com\/wp-content\/uploads\/2019\/10\/46051F98-4677-4195-9402-54883AC03CE1-100x100.jpeg 100w, https:\/\/cungtenhanoi.com\/wp-content\/uploads\/2019\/10\/46051F98-4677-4195-9402-54883AC03CE1-64x64.jpeg 64w, https:\/\/cungtenhanoi.com\/wp-content\/uploads\/2019\/10\/46051F98-4677-4195-9402-54883AC03CE1-150x150.jpeg 150w, https:\/\/cungtenhanoi.com\/wp-content\/uploads\/2019\/10\/46051F98-4677-4195-9402-54883AC03CE1-180x180.jpeg 180w, https:\/\/cungtenhanoi.com\/wp-content\/uploads\/2019\/10\/46051F98-4677-4195-9402-54883AC03CE1-45x45.jpeg 45w\" sizes=\"(max-width: 400px) 100vw, 400px\" \/> <img loading=\"lazy\" class=\"aligncenter size-full wp-image-601\" src=\"https:\/\/cungtenhanoi.com\/wp-content\/uploads\/2019\/10\/1114BBD3-0699-4C0F-8FB7-A27A4EE5B6FA.jpeg\" alt=\"\" width=\"800\" height=\"496\" srcset=\"https:\/\/cungtenhanoi.com\/wp-content\/uploads\/2019\/10\/1114BBD3-0699-4C0F-8FB7-A27A4EE5B6FA.jpeg 800w, https:\/\/cungtenhanoi.com\/wp-content\/uploads\/2019\/10\/1114BBD3-0699-4C0F-8FB7-A27A4EE5B6FA-600x372.jpeg 600w, https:\/\/cungtenhanoi.com\/wp-content\/uploads\/2019\/10\/1114BBD3-0699-4C0F-8FB7-A27A4EE5B6FA-64x40.jpeg 64w, https:\/\/cungtenhanoi.com\/wp-content\/uploads\/2019\/10\/1114BBD3-0699-4C0F-8FB7-A27A4EE5B6FA-300x186.jpeg 300w, https:\/\/cungtenhanoi.com\/wp-content\/uploads\/2019\/10\/1114BBD3-0699-4C0F-8FB7-A27A4EE5B6FA-768x476.jpeg 768w\" sizes=\"(max-width: 800px) 100vw, 800px\" \/> <img loading=\"lazy\" class=\"aligncenter size-full wp-image-602\" src=\"https:\/\/cungtenhanoi.com\/wp-content\/uploads\/2019\/10\/B31D80C6-7688-4CF7-8EE8-9BDC789CDB76.jpeg\" alt=\"\" width=\"400\" height=\"400\" srcset=\"https:\/\/cungtenhanoi.com\/wp-content\/uploads\/2019\/10\/B31D80C6-7688-4CF7-8EE8-9BDC789CDB76.jpeg 400w, https:\/\/cungtenhanoi.com\/wp-content\/uploads\/2019\/10\/B31D80C6-7688-4CF7-8EE8-9BDC789CDB76-300x300.jpeg 300w, https:\/\/cungtenhanoi.com\/wp-content\/uploads\/2019\/10\/B31D80C6-7688-4CF7-8EE8-9BDC789CDB76-100x100.jpeg 100w, https:\/\/cungtenhanoi.com\/wp-content\/uploads\/2019\/10\/B31D80C6-7688-4CF7-8EE8-9BDC789CDB76-64x64.jpeg 64w\" sizes=\"(max-width: 400px) 100vw, 400px\" \/> <img loading=\"lazy\" class=\"aligncenter size-full wp-image-603\" src=\"https:\/\/cungtenhanoi.com\/wp-content\/uploads\/2019\/10\/3F654F0A-89DF-42DA-9222-3833C6A3FB5B.jpeg\" alt=\"\" width=\"2263\" height=\"1461\" srcset=\"https:\/\/cungtenhanoi.com\/wp-content\/uploads\/2019\/10\/3F654F0A-89DF-42DA-9222-3833C6A3FB5B.jpeg 2263w, https:\/\/cungtenhanoi.com\/wp-content\/uploads\/2019\/10\/3F654F0A-89DF-42DA-9222-3833C6A3FB5B-600x387.jpeg 600w, https:\/\/cungtenhanoi.com\/wp-content\/uploads\/2019\/10\/3F654F0A-89DF-42DA-9222-3833C6A3FB5B-64x41.jpeg 64w, https:\/\/cungtenhanoi.com\/wp-content\/uploads\/2019\/10\/3F654F0A-89DF-42DA-9222-3833C6A3FB5B-300x194.jpeg 300w, https:\/\/cungtenhanoi.com\/wp-content\/uploads\/2019\/10\/3F654F0A-89DF-42DA-9222-3833C6A3FB5B-768x496.jpeg 768w, https:\/\/cungtenhanoi.com\/wp-content\/uploads\/2019\/10\/3F654F0A-89DF-42DA-9222-3833C6A3FB5B-1024x661.jpeg 1024w\" sizes=\"(max-width: 2263px) 100vw, 2263px\" \/> <img loading=\"lazy\" class=\"aligncenter size-full wp-image-604\" src=\"https:\/\/cungtenhanoi.com\/wp-content\/uploads\/2019\/10\/E75F174B-D684-4D51-B44B-24A25D62E69E.jpeg\" alt=\"\" width=\"960\" height=\"609\" srcset=\"https:\/\/cungtenhanoi.com\/wp-content\/uploads\/2019\/10\/E75F174B-D684-4D51-B44B-24A25D62E69E.jpeg 960w, https:\/\/cungtenhanoi.com\/wp-content\/uploads\/2019\/10\/E75F174B-D684-4D51-B44B-24A25D62E69E-600x381.jpeg 600w, https:\/\/cungtenhanoi.com\/wp-content\/uploads\/2019\/10\/E75F174B-D684-4D51-B44B-24A25D62E69E-64x41.jpeg 64w, https:\/\/cungtenhanoi.com\/wp-content\/uploads\/2019\/10\/E75F174B-D684-4D51-B44B-24A25D62E69E-300x190.jpeg 300w, https:\/\/cungtenhanoi.com\/wp-content\/uploads\/2019\/10\/E75F174B-D684-4D51-B44B-24A25D62E69E-768x487.jpeg 768w\" sizes=\"(max-width: 960px) 100vw, 960px\" \/> <img loading=\"lazy\" class=\"aligncenter size-full wp-image-605\" src=\"https:\/\/cungtenhanoi.com\/wp-content\/uploads\/2019\/10\/1B11257D-5397-4979-AA22-FBC2FB8A5490.jpeg\" alt=\"\" width=\"2265\" height=\"1460\" srcset=\"https:\/\/cungtenhanoi.com\/wp-content\/uploads\/2019\/10\/1B11257D-5397-4979-AA22-FBC2FB8A5490.jpeg 2265w, https:\/\/cungtenhanoi.com\/wp-content\/uploads\/2019\/10\/1B11257D-5397-4979-AA22-FBC2FB8A5490-600x387.jpeg 600w, https:\/\/cungtenhanoi.com\/wp-content\/uploads\/2019\/10\/1B11257D-5397-4979-AA22-FBC2FB8A5490-64x41.jpeg 64w, https:\/\/cungtenhanoi.com\/wp-content\/uploads\/2019\/10\/1B11257D-5397-4979-AA22-FBC2FB8A5490-300x193.jpeg 300w, https:\/\/cungtenhanoi.com\/wp-content\/uploads\/2019\/10\/1B11257D-5397-4979-AA22-FBC2FB8A5490-768x495.jpeg 768w, https:\/\/cungtenhanoi.com\/wp-content\/uploads\/2019\/10\/1B11257D-5397-4979-AA22-FBC2FB8A5490-1024x660.jpeg 1024w\" sizes=\"(max-width: 2265px) 100vw, 2265px\" \/><\/p>\n","protected":false},"excerpt":{"rendered":"","protected":false},"featured_media":602,"comment_status":"open","ping_status":"closed","template":"","meta":[],"product_cat":[20],"product_tag":[106,105],"acf":[],"yoast_head":"<!-- This site is optimized with the Yoast SEO plugin v19.8 - https:\/\/yoast.com\/wordpress\/plugins\/seo\/ -->\n<title>\u0110\u1ea7u s\u0103n c\u00e1c lo\u1ea1i - Cung T\u00ean H\u00e0 N\u1ed9i<\/title>\n<meta name=\"description\" content=\"mua cung t\u00ean th\u1ec3 thao, mua cung t\u00ean t\u1ea1i h\u00e0 n\u1ed9i, cung tr\u1ee3 l\u1ef1c, cung compound, cung t\u00ean ch\u00ednh h\u00e3ng, cung t\u00ean m\u1ea1nh,cung t\u00ean h\u00e0 n\u1ed9i, cung t\u00ean , mua cung t\u00ean S\u00e0i g\u00f2n , mua m\u0169i t\u00ean b\u1eafn cung , cung b\u1eafn bi s\u1eaft , cung t\u00ean mini\" \/>\n<meta name=\"robots\" content=\"index, follow, max-snippet:-1, max-image-preview:large, max-video-preview:-1\" \/>\n<link rel=\"canonical\" href=\"https:\/\/cungtenhanoi.com\/?product=dau-san-cac-loai\" \/>\n<meta property=\"og:locale\" content=\"vi_VN\" \/>\n<meta property=\"og:type\" content=\"article\" \/>\n<meta property=\"og:title\" content=\"\u0110\u1ea7u s\u0103n c\u00e1c lo\u1ea1i - Cung T\u00ean H\u00e0 N\u1ed9i\" \/>\n<meta property=\"og:description\" content=\"mua cung t\u00ean th\u1ec3 thao, mua cung t\u00ean t\u1ea1i h\u00e0 n\u1ed9i, cung tr\u1ee3 l\u1ef1c, cung compound, cung t\u00ean ch\u00ednh h\u00e3ng, cung t\u00ean m\u1ea1nh,cung t\u00ean h\u00e0 n\u1ed9i, cung t\u00ean , mua cung t\u00ean S\u00e0i g\u00f2n , mua m\u0169i t\u00ean b\u1eafn cung , cung b\u1eafn bi s\u1eaft , cung t\u00ean mini\" \/>\n<meta property=\"og:url\" content=\"https:\/\/cungtenhanoi.com\/?product=dau-san-cac-loai\" \/>\n<meta property=\"og:site_name\" content=\"Cung T\u00ean H\u00e0 N\u1ed9i\" \/>\n<meta property=\"og:image\" content=\"https:\/\/cungtenhanoi.com\/wp-content\/uploads\/2019\/10\/B31D80C6-7688-4CF7-8EE8-9BDC789CDB76.jpeg\" \/>\n\t<meta property=\"og:image:width\" content=\"400\" \/>\n\t<meta property=\"og:image:height\" content=\"400\" \/>\n\t<meta property=\"og:image:type\" content=\"image\/jpeg\" \/>\n<meta name=\"twitter:card\" content=\"summary_large_image\" \/>\n<script type=\"application\/ld+json\" class=\"yoast-schema-graph\">{\"@context\":\"https:\/\/schema.org\",\"@graph\":[{\"@type\":\"WebPage\",\"@id\":\"https:\/\/cungtenhanoi.com\/?product=dau-san-cac-loai\",\"url\":\"https:\/\/cungtenhanoi.com\/?product=dau-san-cac-loai\",\"name\":\"\u0110\u1ea7u s\u0103n c\u00e1c lo\u1ea1i - Cung T\u00ean H\u00e0 N\u1ed9i\",\"isPartOf\":{\"@id\":\"https:\/\/cungtenhanoi.com\/#website\"},\"datePublished\":\"2019-10-08T10:48:42+00:00\",\"dateModified\":\"2019-10-08T10:48:42+00:00\",\"description\":\"mua cung t\u00ean th\u1ec3 thao, mua cung t\u00ean t\u1ea1i h\u00e0 n\u1ed9i, cung tr\u1ee3 l\u1ef1c, cung compound, cung t\u00ean ch\u00ednh h\u00e3ng, cung t\u00ean m\u1ea1nh,cung t\u00ean h\u00e0 n\u1ed9i, cung t\u00ean , mua cung t\u00ean S\u00e0i g\u00f2n , mua m\u0169i t\u00ean b\u1eafn cung , cung b\u1eafn bi s\u1eaft , cung t\u00ean mini\",\"breadcrumb\":{\"@id\":\"https:\/\/cungtenhanoi.com\/?product=dau-san-cac-loai#breadcrumb\"},\"inLanguage\":\"vi\",\"potentialAction\":[{\"@type\":\"ReadAction\",\"target\":[\"https:\/\/cungtenhanoi.com\/?product=dau-san-cac-loai\"]}]},{\"@type\":\"BreadcrumbList\",\"@id\":\"https:\/\/cungtenhanoi.com\/?product=dau-san-cac-loai#breadcrumb\",\"itemListElement\":[{\"@type\":\"ListItem\",\"position\":1,\"name\":\"Trang ch\u1ee7\",\"item\":\"https:\/\/cungtenhanoi.com\/\"},{\"@type\":\"ListItem\",\"position\":2,\"name\":\"Shop\",\"item\":\"https:\/\/cungtenhanoi.com\/?page_id=6\"},{\"@type\":\"ListItem\",\"position\":3,\"name\":\"Ph\u1ee5 ki\u1ec7n\",\"item\":\"https:\/\/cungtenhanoi.com\/danh-muc\/phu-kien\/\"},{\"@type\":\"ListItem\",\"position\":4,\"name\":\"\u0110\u1ea7u s\u0103n c\u00e1c lo\u1ea1i\"}]},{\"@type\":\"WebSite\",\"@id\":\"https:\/\/cungtenhanoi.com\/#website\",\"url\":\"https:\/\/cungtenhanoi.com\/\",\"name\":\"Cung T\u00ean H\u00e0 N\u1ed9i\",\"description\":\"Cung c\u1ea5p c\u00e1c lo\u1ea1i cung t\u00ean th\u1ec3 thao s\u1ed1 1 Vi\u1ec7t Nam\",\"publisher\":{\"@id\":\"https:\/\/cungtenhanoi.com\/#organization\"},\"potentialAction\":[{\"@type\":\"SearchAction\",\"target\":{\"@type\":\"EntryPoint\",\"urlTemplate\":\"https:\/\/cungtenhanoi.com\/?s={search_term_string}\"},\"query-input\":\"required name=search_term_string\"}],\"inLanguage\":\"vi\"},{\"@type\":\"Organization\",\"@id\":\"https:\/\/cungtenhanoi.com\/#organization\",\"name\":\"Cung T\u00ean H\u00e0 N\u1ed9i\",\"url\":\"https:\/\/cungtenhanoi.com\/\",\"sameAs\":[],\"logo\":{\"@type\":\"ImageObject\",\"inLanguage\":\"vi\",\"@id\":\"https:\/\/cungtenhanoi.com\/#\/schema\/logo\/image\/\",\"url\":\"https:\/\/cungtenhanoi.com\/wp-content\/uploads\/2025\/05\/logo-den-trang.jpg\",\"contentUrl\":\"https:\/\/cungtenhanoi.com\/wp-content\/uploads\/2025\/05\/logo-den-trang.jpg\",\"width\":450,\"height\":450,\"caption\":\"Cung T\u00ean H\u00e0 N\u1ed9i\"},\"image\":{\"@id\":\"https:\/\/cungtenhanoi.com\/#\/schema\/logo\/image\/\"}}]}<\/script>\n<!-- \/ Yoast SEO plugin. -->","yoast_head_json":{"title":"\u0110\u1ea7u s\u0103n c\u00e1c lo\u1ea1i - Cung T\u00ean H\u00e0 N\u1ed9i","description":"mua cung t\u00ean th\u1ec3 thao, mua cung t\u00ean t\u1ea1i h\u00e0 n\u1ed9i, cung tr\u1ee3 l\u1ef1c, cung compound, cung t\u00ean ch\u00ednh h\u00e3ng, cung t\u00ean m\u1ea1nh,cung t\u00ean h\u00e0 n\u1ed9i, cung t\u00ean , mua cung t\u00ean S\u00e0i g\u00f2n , mua m\u0169i t\u00ean b\u1eafn cung , cung b\u1eafn bi s\u1eaft , cung t\u00ean mini","robots":{"index":"index","follow":"follow","max-snippet":"max-snippet:-1","max-image-preview":"max-image-preview:large","max-video-preview":"max-video-preview:-1"},"canonical":"https:\/\/cungtenhanoi.com\/?product=dau-san-cac-loai","og_locale":"vi_VN","og_type":"article","og_title":"\u0110\u1ea7u s\u0103n c\u00e1c lo\u1ea1i - Cung T\u00ean H\u00e0 N\u1ed9i","og_description":"mua cung t\u00ean th\u1ec3 thao, mua cung t\u00ean t\u1ea1i h\u00e0 n\u1ed9i, cung tr\u1ee3 l\u1ef1c, cung compound, cung t\u00ean ch\u00ednh h\u00e3ng, cung t\u00ean m\u1ea1nh,cung t\u00ean h\u00e0 n\u1ed9i, cung t\u00ean , mua cung t\u00ean S\u00e0i g\u00f2n , mua m\u0169i t\u00ean b\u1eafn cung , cung b\u1eafn bi s\u1eaft , cung t\u00ean mini","og_url":"https:\/\/cungtenhanoi.com\/?product=dau-san-cac-loai","og_site_name":"Cung T\u00ean H\u00e0 N\u1ed9i","og_image":[{"width":400,"height":400,"url":"https:\/\/cungtenhanoi.com\/wp-content\/uploads\/2019\/10\/B31D80C6-7688-4CF7-8EE8-9BDC789CDB76.jpeg","type":"image\/jpeg"}],"twitter_card":"summary_large_image","schema":{"@context":"https:\/\/schema.org","@graph":[{"@type":"WebPage","@id":"https:\/\/cungtenhanoi.com\/?product=dau-san-cac-loai","url":"https:\/\/cungtenhanoi.com\/?product=dau-san-cac-loai","name":"\u0110\u1ea7u s\u0103n c\u00e1c lo\u1ea1i - Cung T\u00ean H\u00e0 N\u1ed9i","isPartOf":{"@id":"https:\/\/cungtenhanoi.com\/#website"},"datePublished":"2019-10-08T10:48:42+00:00","dateModified":"2019-10-08T10:48:42+00:00","description":"mua cung t\u00ean th\u1ec3 thao, mua cung t\u00ean t\u1ea1i h\u00e0 n\u1ed9i, cung tr\u1ee3 l\u1ef1c, cung compound, cung t\u00ean ch\u00ednh h\u00e3ng, cung t\u00ean m\u1ea1nh,cung t\u00ean h\u00e0 n\u1ed9i, cung t\u00ean , mua cung t\u00ean S\u00e0i g\u00f2n , mua m\u0169i t\u00ean b\u1eafn cung , cung b\u1eafn bi s\u1eaft , cung t\u00ean mini","breadcrumb":{"@id":"https:\/\/cungtenhanoi.com\/?product=dau-san-cac-loai#breadcrumb"},"inLanguage":"vi","potentialAction":[{"@type":"ReadAction","target":["https:\/\/cungtenhanoi.com\/?product=dau-san-cac-loai"]}]},{"@type":"BreadcrumbList","@id":"https:\/\/cungtenhanoi.com\/?product=dau-san-cac-loai#breadcrumb","itemListElement":[{"@type":"ListItem","position":1,"name":"Trang ch\u1ee7","item":"https:\/\/cungtenhanoi.com\/"},{"@type":"ListItem","position":2,"name":"Shop","item":"https:\/\/cungtenhanoi.com\/?page_id=6"},{"@type":"ListItem","position":3,"name":"Ph\u1ee5 ki\u1ec7n","item":"https:\/\/cungtenhanoi.com\/danh-muc\/phu-kien\/"},{"@type":"ListItem","position":4,"name":"\u0110\u1ea7u s\u0103n c\u00e1c lo\u1ea1i"}]},{"@type":"WebSite","@id":"https:\/\/cungtenhanoi.com\/#website","url":"https:\/\/cungtenhanoi.com\/","name":"Cung T\u00ean H\u00e0 N\u1ed9i","description":"Cung c\u1ea5p c\u00e1c lo\u1ea1i cung t\u00ean th\u1ec3 thao s\u1ed1 1 Vi\u1ec7t Nam","publisher":{"@id":"https:\/\/cungtenhanoi.com\/#organization"},"potentialAction":[{"@type":"SearchAction","target":{"@type":"EntryPoint","urlTemplate":"https:\/\/cungtenhanoi.com\/?s={search_term_string}"},"query-input":"required name=search_term_string"}],"inLanguage":"vi"},{"@type":"Organization","@id":"https:\/\/cungtenhanoi.com\/#organization","name":"Cung T\u00ean H\u00e0 N\u1ed9i","url":"https:\/\/cungtenhanoi.com\/","sameAs":[],"logo":{"@type":"ImageObject","inLanguage":"vi","@id":"https:\/\/cungtenhanoi.com\/#\/schema\/logo\/image\/","url":"https:\/\/cungtenhanoi.com\/wp-content\/uploads\/2025\/05\/logo-den-trang.jpg","contentUrl":"https:\/\/cungtenhanoi.com\/wp-content\/uploads\/2025\/05\/logo-den-trang.jpg","width":450,"height":450,"caption":"Cung T\u00ean H\u00e0 N\u1ed9i"},"image":{"@id":"https:\/\/cungtenhanoi.com\/#\/schema\/logo\/image\/"}}]}},"_links":{"self":[{"href":"https:\/\/cungtenhanoi.com\/index.php?rest_route=\/wp\/v2\/product\/595"}],"collection":[{"href":"https:\/\/cungtenhanoi.com\/index.php?rest_route=\/wp\/v2\/product"}],"about":[{"href":"https:\/\/cungtenhanoi.com\/index.php?rest_route=\/wp\/v2\/types\/product"}],"replies":[{"embeddable":true,"href":"https:\/\/cungtenhanoi.com\/index.php?rest_route=%2Fwp%2Fv2%2Fcomments&post=595"}],"wp:featuredmedia":[{"embeddable":true,"href":"https:\/\/cungtenhanoi.com\/index.php?rest_route=\/wp\/v2\/media\/602"}],"wp:attachment":[{"href":"https:\/\/cungtenhanoi.com\/index.php?rest_route=%2Fwp%2Fv2%2Fmedia&parent=595"}],"wp:term":[{"taxonomy":"product_cat","embeddable":true,"href":"https:\/\/cungtenhanoi.com\/index.php?rest_route=%2Fwp%2Fv2%2Fproduct_cat&post=595"},{"taxonomy":"product_tag","embeddable":true,"href":"https:\/\/cungtenhanoi.com\/index.php?rest_route=%2Fwp%2Fv2%2Fproduct_tag&post=595"}],"curies":[{"name":"wp","href":"https:\/\/api.w.org\/{rel}","templated":true}]}}