{"id":631,"date":"2019-10-08T19:14:29","date_gmt":"2019-10-08T12:14:29","guid":{"rendered":"https:\/\/cungtenhanoi.com\/?post_type=product&#038;p=631"},"modified":"2021-06-24T22:53:35","modified_gmt":"2021-06-24T15:53:35","slug":"riser-tp-unison","status":"publish","type":"product","link":"https:\/\/cungtenhanoi.com\/?product=riser-tp-unison","title":{"rendered":"Topoint Unison recurve target"},"content":{"rendered":"<p style=\"text-align: center;\">Cung t\u00ean th\u1ec3 thao<br \/>\nThu\u1ed9c ph\u00e2n kh\u00fac cao c\u1ea5p c\u1ee7a Topoint d\u00e0nh cho kh\u00e1ch h\u00e0ng c\u00f3 \u00fd \u0111\u1ecbnh t\u1eadp luy\u1ec7n nghi\u00eam t\u00fac v\u1edbi recurve target l\u00ean b\u00e1n chuy\u00ean v\u00e0 chuy\u00ean nghi\u1ec7p<br \/>\nD\u00f2ng cung d\u00e0nh cho b\u1eafn m\u1ee5c ti\u00eau v\u00e0 thi \u0111\u1ea5u \u1edf c\u1ef1 ly xa v\u1edbi \u0111\u1ed9 \u1ed5n \u0111\u1ecbnh v\u00e0 ch\u00ednh x\u00e1c cao, 1 trong nh\u1eefng m\u1eabu cung t\u1ed1t nh\u1ea5t hi\u1ec7n t\u1ea1i c\u1ee7a Topoint<br \/>\nRiser c\u1eaft cnc nguy\u00ean kh\u1ed1i k\u1ebft h\u1ee3p v\u1edbi c\u1eb7p limb composite \u00e9p 6 l\u1edbp v\u1edbi ti\u00eau chu\u1ea9n qu\u1ed1c t\u1ebf ilf s\u1ebd l\u00e0m h\u00e0i l\u00f2ng nh\u1eefng kh\u00e1ch h\u00e0ng kh\u00f3 t\u00ednh nh\u1ea5t.<br \/>\nTh\u00f4ng s\u1ed1 k\u1ef9 thu\u1eadt : 66 \u2013 68\u2033\/18-44 lbs<br \/>\nPh\u00f9 h\u1ee3p v\u1edbi m\u1ecdi \u0111\u1ed1i t\u01b0\u1ee3ng kh\u00e1ch h\u00e0ng tr\u00ean 14 tu\u1ed5i<br \/>\n<img loading=\"lazy\" class=\"aligncenter size-full wp-image-632\" src=\"https:\/\/cungtenhanoi.com\/wp-content\/uploads\/2019\/10\/B5A8DA29-DA65-4B91-B43A-EA18FE885117.jpeg\" alt=\"\" width=\"800\" height=\"800\" srcset=\"https:\/\/cungtenhanoi.com\/wp-content\/uploads\/2019\/10\/B5A8DA29-DA65-4B91-B43A-EA18FE885117.jpeg 800w, https:\/\/cungtenhanoi.com\/wp-content\/uploads\/2019\/10\/B5A8DA29-DA65-4B91-B43A-EA18FE885117-300x300.jpeg 300w, https:\/\/cungtenhanoi.com\/wp-content\/uploads\/2019\/10\/B5A8DA29-DA65-4B91-B43A-EA18FE885117-100x100.jpeg 100w, https:\/\/cungtenhanoi.com\/wp-content\/uploads\/2019\/10\/B5A8DA29-DA65-4B91-B43A-EA18FE885117-600x600.jpeg 600w, https:\/\/cungtenhanoi.com\/wp-content\/uploads\/2019\/10\/B5A8DA29-DA65-4B91-B43A-EA18FE885117-64x64.jpeg 64w\" sizes=\"(max-width: 800px) 100vw, 800px\" \/> <img loading=\"lazy\" class=\"aligncenter size-full wp-image-633\" src=\"https:\/\/cungtenhanoi.com\/wp-content\/uploads\/2019\/10\/1CD76839-5A54-4A99-A5D5-ECBF0172DFD0.jpeg\" alt=\"\" width=\"800\" height=\"741\" srcset=\"https:\/\/cungtenhanoi.com\/wp-content\/uploads\/2019\/10\/1CD76839-5A54-4A99-A5D5-ECBF0172DFD0.jpeg 800w, https:\/\/cungtenhanoi.com\/wp-content\/uploads\/2019\/10\/1CD76839-5A54-4A99-A5D5-ECBF0172DFD0-600x556.jpeg 600w, https:\/\/cungtenhanoi.com\/wp-content\/uploads\/2019\/10\/1CD76839-5A54-4A99-A5D5-ECBF0172DFD0-64x59.jpeg 64w, https:\/\/cungtenhanoi.com\/wp-content\/uploads\/2019\/10\/1CD76839-5A54-4A99-A5D5-ECBF0172DFD0-300x278.jpeg 300w, https:\/\/cungtenhanoi.com\/wp-content\/uploads\/2019\/10\/1CD76839-5A54-4A99-A5D5-ECBF0172DFD0-768x711.jpeg 768w\" sizes=\"(max-width: 800px) 100vw, 800px\" \/> <img loading=\"lazy\" class=\"aligncenter size-full wp-image-634\" src=\"https:\/\/cungtenhanoi.com\/wp-content\/uploads\/2019\/10\/37929632-6ED9-45FB-B474-097CB012F8D2.jpeg\" alt=\"\" width=\"800\" height=\"800\" srcset=\"https:\/\/cungtenhanoi.com\/wp-content\/uploads\/2019\/10\/37929632-6ED9-45FB-B474-097CB012F8D2.jpeg 800w, https:\/\/cungtenhanoi.com\/wp-content\/uploads\/2019\/10\/37929632-6ED9-45FB-B474-097CB012F8D2-300x300.jpeg 300w, https:\/\/cungtenhanoi.com\/wp-content\/uploads\/2019\/10\/37929632-6ED9-45FB-B474-097CB012F8D2-100x100.jpeg 100w, https:\/\/cungtenhanoi.com\/wp-content\/uploads\/2019\/10\/37929632-6ED9-45FB-B474-097CB012F8D2-600x600.jpeg 600w, https:\/\/cungtenhanoi.com\/wp-content\/uploads\/2019\/10\/37929632-6ED9-45FB-B474-097CB012F8D2-64x64.jpeg 64w\" sizes=\"(max-width: 800px) 100vw, 800px\" \/> <img loading=\"lazy\" class=\"aligncenter size-full wp-image-635\" src=\"https:\/\/cungtenhanoi.com\/wp-content\/uploads\/2019\/10\/2F8824C7-5D55-4DA8-9E90-4B093B0E3817.jpeg\" alt=\"\" width=\"800\" height=\"735\" srcset=\"https:\/\/cungtenhanoi.com\/wp-content\/uploads\/2019\/10\/2F8824C7-5D55-4DA8-9E90-4B093B0E3817.jpeg 800w, https:\/\/cungtenhanoi.com\/wp-content\/uploads\/2019\/10\/2F8824C7-5D55-4DA8-9E90-4B093B0E3817-600x551.jpeg 600w, https:\/\/cungtenhanoi.com\/wp-content\/uploads\/2019\/10\/2F8824C7-5D55-4DA8-9E90-4B093B0E3817-64x59.jpeg 64w, https:\/\/cungtenhanoi.com\/wp-content\/uploads\/2019\/10\/2F8824C7-5D55-4DA8-9E90-4B093B0E3817-300x276.jpeg 300w, https:\/\/cungtenhanoi.com\/wp-content\/uploads\/2019\/10\/2F8824C7-5D55-4DA8-9E90-4B093B0E3817-768x706.jpeg 768w\" sizes=\"(max-width: 800px) 100vw, 800px\" \/> <img loading=\"lazy\" class=\"aligncenter size-full wp-image-636\" src=\"https:\/\/cungtenhanoi.com\/wp-content\/uploads\/2019\/10\/E471E321-4A25-4F31-A379-18FC61AAEC86.jpeg\" alt=\"\" width=\"749\" height=\"467\" srcset=\"https:\/\/cungtenhanoi.com\/wp-content\/uploads\/2019\/10\/E471E321-4A25-4F31-A379-18FC61AAEC86.jpeg 749w, https:\/\/cungtenhanoi.com\/wp-content\/uploads\/2019\/10\/E471E321-4A25-4F31-A379-18FC61AAEC86-600x374.jpeg 600w, https:\/\/cungtenhanoi.com\/wp-content\/uploads\/2019\/10\/E471E321-4A25-4F31-A379-18FC61AAEC86-64x40.jpeg 64w, https:\/\/cungtenhanoi.com\/wp-content\/uploads\/2019\/10\/E471E321-4A25-4F31-A379-18FC61AAEC86-300x187.jpeg 300w\" sizes=\"(max-width: 749px) 100vw, 749px\" \/> <img loading=\"lazy\" class=\"aligncenter size-full wp-image-637\" src=\"https:\/\/cungtenhanoi.com\/wp-content\/uploads\/2019\/10\/914CF899-4F81-4C19-A783-F47AEE30D0BD.jpeg\" alt=\"\" width=\"750\" height=\"676\" srcset=\"https:\/\/cungtenhanoi.com\/wp-content\/uploads\/2019\/10\/914CF899-4F81-4C19-A783-F47AEE30D0BD.jpeg 750w, https:\/\/cungtenhanoi.com\/wp-content\/uploads\/2019\/10\/914CF899-4F81-4C19-A783-F47AEE30D0BD-600x541.jpeg 600w, https:\/\/cungtenhanoi.com\/wp-content\/uploads\/2019\/10\/914CF899-4F81-4C19-A783-F47AEE30D0BD-64x58.jpeg 64w, https:\/\/cungtenhanoi.com\/wp-content\/uploads\/2019\/10\/914CF899-4F81-4C19-A783-F47AEE30D0BD-300x270.jpeg 300w\" sizes=\"(max-width: 750px) 100vw, 750px\" \/><br \/>\n<img loading=\"lazy\" class=\"aligncenter size-full wp-image-1832\" src=\"https:\/\/cungtenhanoi.com\/wp-content\/uploads\/2019\/10\/O1CN01hIMCem1uHXlBOFjFY_2819006012.jpg\" alt=\"\" width=\"749\" height=\"639\" srcset=\"https:\/\/cungtenhanoi.com\/wp-content\/uploads\/2019\/10\/O1CN01hIMCem1uHXlBOFjFY_2819006012.jpg 749w, https:\/\/cungtenhanoi.com\/wp-content\/uploads\/2019\/10\/O1CN01hIMCem1uHXlBOFjFY_2819006012-600x512.jpg 600w, https:\/\/cungtenhanoi.com\/wp-content\/uploads\/2019\/10\/O1CN01hIMCem1uHXlBOFjFY_2819006012-64x55.jpg 64w, https:\/\/cungtenhanoi.com\/wp-content\/uploads\/2019\/10\/O1CN01hIMCem1uHXlBOFjFY_2819006012-300x256.jpg 300w\" sizes=\"(max-width: 749px) 100vw, 749px\" \/> <img loading=\"lazy\" class=\"aligncenter size-full wp-image-1833\" src=\"https:\/\/cungtenhanoi.com\/wp-content\/uploads\/2019\/10\/O1CN01L5kgAl1uHXlCpmTOA_2819006012.jpg\" alt=\"\" width=\"750\" height=\"968\" srcset=\"https:\/\/cungtenhanoi.com\/wp-content\/uploads\/2019\/10\/O1CN01L5kgAl1uHXlCpmTOA_2819006012.jpg 750w, https:\/\/cungtenhanoi.com\/wp-content\/uploads\/2019\/10\/O1CN01L5kgAl1uHXlCpmTOA_2819006012-600x774.jpg 600w, https:\/\/cungtenhanoi.com\/wp-content\/uploads\/2019\/10\/O1CN01L5kgAl1uHXlCpmTOA_2819006012-64x83.jpg 64w, https:\/\/cungtenhanoi.com\/wp-content\/uploads\/2019\/10\/O1CN01L5kgAl1uHXlCpmTOA_2819006012-232x300.jpg 232w\" sizes=\"(max-width: 750px) 100vw, 750px\" \/> <img loading=\"lazy\" class=\"aligncenter size-full wp-image-1834\" src=\"https:\/\/cungtenhanoi.com\/wp-content\/uploads\/2019\/10\/O1CN01OdL2iO1uHXlJgAxpP_2819006012.jpg\" alt=\"\" width=\"746\" height=\"1140\" srcset=\"https:\/\/cungtenhanoi.com\/wp-content\/uploads\/2019\/10\/O1CN01OdL2iO1uHXlJgAxpP_2819006012.jpg 746w, https:\/\/cungtenhanoi.com\/wp-content\/uploads\/2019\/10\/O1CN01OdL2iO1uHXlJgAxpP_2819006012-600x917.jpg 600w, https:\/\/cungtenhanoi.com\/wp-content\/uploads\/2019\/10\/O1CN01OdL2iO1uHXlJgAxpP_2819006012-64x98.jpg 64w, https:\/\/cungtenhanoi.com\/wp-content\/uploads\/2019\/10\/O1CN01OdL2iO1uHXlJgAxpP_2819006012-196x300.jpg 196w, https:\/\/cungtenhanoi.com\/wp-content\/uploads\/2019\/10\/O1CN01OdL2iO1uHXlJgAxpP_2819006012-670x1024.jpg 670w\" sizes=\"(max-width: 746px) 100vw, 746px\" \/> <img loading=\"lazy\" class=\"aligncenter size-full wp-image-1835\" src=\"https:\/\/cungtenhanoi.com\/wp-content\/uploads\/2019\/10\/O1CN01RDupKg1uHXlESqjq3_2819006012.jpg\" alt=\"\" width=\"750\" height=\"810\" srcset=\"https:\/\/cungtenhanoi.com\/wp-content\/uploads\/2019\/10\/O1CN01RDupKg1uHXlESqjq3_2819006012.jpg 750w, https:\/\/cungtenhanoi.com\/wp-content\/uploads\/2019\/10\/O1CN01RDupKg1uHXlESqjq3_2819006012-600x648.jpg 600w, https:\/\/cungtenhanoi.com\/wp-content\/uploads\/2019\/10\/O1CN01RDupKg1uHXlESqjq3_2819006012-64x69.jpg 64w, https:\/\/cungtenhanoi.com\/wp-content\/uploads\/2019\/10\/O1CN01RDupKg1uHXlESqjq3_2819006012-278x300.jpg 278w\" sizes=\"(max-width: 750px) 100vw, 750px\" \/> <img loading=\"lazy\" class=\"aligncenter size-full wp-image-1836\" src=\"https:\/\/cungtenhanoi.com\/wp-content\/uploads\/2019\/10\/O1CN01XmwsUC1uHXlFLRvXu_2819006012.jpg\" alt=\"\" width=\"748\" height=\"701\" srcset=\"https:\/\/cungtenhanoi.com\/wp-content\/uploads\/2019\/10\/O1CN01XmwsUC1uHXlFLRvXu_2819006012.jpg 748w, https:\/\/cungtenhanoi.com\/wp-content\/uploads\/2019\/10\/O1CN01XmwsUC1uHXlFLRvXu_2819006012-600x562.jpg 600w, https:\/\/cungtenhanoi.com\/wp-content\/uploads\/2019\/10\/O1CN01XmwsUC1uHXlFLRvXu_2819006012-64x60.jpg 64w, https:\/\/cungtenhanoi.com\/wp-content\/uploads\/2019\/10\/O1CN01XmwsUC1uHXlFLRvXu_2819006012-300x281.jpg 300w\" sizes=\"(max-width: 748px) 100vw, 748px\" \/><\/p>\n","protected":false},"excerpt":{"rendered":"<p>H\u00e0ng oder 7-15 ng\u00e0y theo m\u00e0u s\u1eafc v\u00e0 l\u01b0c b\u1eafn<\/p>\n","protected":false},"featured_media":632,"comment_status":"open","ping_status":"closed","template":"","meta":[],"product_cat":[39,17],"product_tag":[198,420,257,264,233,313,419,118,99,119],"acf":[],"yoast_head":"<!-- This site is optimized with the Yoast SEO plugin v19.8 - https:\/\/yoast.com\/wordpress\/plugins\/seo\/ -->\n<title>Topoint Unison recurve target - Cung T\u00ean H\u00e0 N\u1ed9i<\/title>\n<meta name=\"description\" content=\"mua cung t\u00ean th\u1ec3 thao, mua cung t\u00ean t\u1ea1i h\u00e0 n\u1ed9i, cung tr\u1ee3 l\u1ef1c, cung compound, cung t\u00ean ch\u00ednh h\u00e3ng, cung t\u00ean m\u1ea1nh,cung t\u00ean h\u00e0 n\u1ed9i, cung t\u00ean , mua cung t\u00ean S\u00e0i g\u00f2n , mua m\u0169i t\u00ean b\u1eafn cung , cung b\u1eafn bi s\u1eaft , cung t\u00ean mini\" \/>\n<meta name=\"robots\" content=\"index, follow, max-snippet:-1, max-image-preview:large, max-video-preview:-1\" \/>\n<link rel=\"canonical\" href=\"https:\/\/cungtenhanoi.com\/?product=riser-tp-unison\" \/>\n<meta property=\"og:locale\" content=\"vi_VN\" \/>\n<meta property=\"og:type\" content=\"article\" \/>\n<meta property=\"og:title\" content=\"Topoint Unison recurve target - Cung T\u00ean H\u00e0 N\u1ed9i\" \/>\n<meta property=\"og:description\" content=\"mua cung t\u00ean th\u1ec3 thao, mua cung t\u00ean t\u1ea1i h\u00e0 n\u1ed9i, cung tr\u1ee3 l\u1ef1c, cung compound, cung t\u00ean ch\u00ednh h\u00e3ng, cung t\u00ean m\u1ea1nh,cung t\u00ean h\u00e0 n\u1ed9i, cung t\u00ean , mua cung t\u00ean S\u00e0i g\u00f2n , mua m\u0169i t\u00ean b\u1eafn cung , cung b\u1eafn bi s\u1eaft , cung t\u00ean mini\" \/>\n<meta property=\"og:url\" content=\"https:\/\/cungtenhanoi.com\/?product=riser-tp-unison\" \/>\n<meta property=\"og:site_name\" content=\"Cung T\u00ean H\u00e0 N\u1ed9i\" \/>\n<meta property=\"article:modified_time\" content=\"2021-06-24T15:53:35+00:00\" \/>\n<meta property=\"og:image\" content=\"https:\/\/cungtenhanoi.com\/wp-content\/uploads\/2019\/10\/B5A8DA29-DA65-4B91-B43A-EA18FE885117.jpeg\" \/>\n\t<meta property=\"og:image:width\" content=\"800\" \/>\n\t<meta property=\"og:image:height\" content=\"800\" \/>\n\t<meta property=\"og:image:type\" content=\"image\/jpeg\" \/>\n<meta name=\"twitter:card\" content=\"summary_large_image\" \/>\n<meta name=\"twitter:label1\" content=\"\u01af\u1edbc t\u00ednh th\u1eddi gian \u0111\u1ecdc\" \/>\n\t<meta name=\"twitter:data1\" content=\"1 ph\u00fat\" \/>\n<script type=\"application\/ld+json\" class=\"yoast-schema-graph\">{\"@context\":\"https:\/\/schema.org\",\"@graph\":[{\"@type\":\"WebPage\",\"@id\":\"https:\/\/cungtenhanoi.com\/?product=riser-tp-unison\",\"url\":\"https:\/\/cungtenhanoi.com\/?product=riser-tp-unison\",\"name\":\"Topoint Unison recurve target - Cung T\u00ean H\u00e0 N\u1ed9i\",\"isPartOf\":{\"@id\":\"https:\/\/cungtenhanoi.com\/#website\"},\"datePublished\":\"2019-10-08T12:14:29+00:00\",\"dateModified\":\"2021-06-24T15:53:35+00:00\",\"description\":\"mua cung t\u00ean th\u1ec3 thao, mua cung t\u00ean t\u1ea1i h\u00e0 n\u1ed9i, cung tr\u1ee3 l\u1ef1c, cung compound, cung t\u00ean ch\u00ednh h\u00e3ng, cung t\u00ean m\u1ea1nh,cung t\u00ean h\u00e0 n\u1ed9i, cung t\u00ean , mua cung t\u00ean S\u00e0i g\u00f2n , mua m\u0169i t\u00ean b\u1eafn cung , cung b\u1eafn bi s\u1eaft , cung t\u00ean mini\",\"breadcrumb\":{\"@id\":\"https:\/\/cungtenhanoi.com\/?product=riser-tp-unison#breadcrumb\"},\"inLanguage\":\"vi\",\"potentialAction\":[{\"@type\":\"ReadAction\",\"target\":[\"https:\/\/cungtenhanoi.com\/?product=riser-tp-unison\"]}]},{\"@type\":\"BreadcrumbList\",\"@id\":\"https:\/\/cungtenhanoi.com\/?product=riser-tp-unison#breadcrumb\",\"itemListElement\":[{\"@type\":\"ListItem\",\"position\":1,\"name\":\"Trang ch\u1ee7\",\"item\":\"https:\/\/cungtenhanoi.com\/\"},{\"@type\":\"ListItem\",\"position\":2,\"name\":\"Shop\",\"item\":\"https:\/\/cungtenhanoi.com\/?page_id=6\"},{\"@type\":\"ListItem\",\"position\":3,\"name\":\"Cung\",\"item\":\"https:\/\/cungtenhanoi.com\/danh-muc\/cung\/\"},{\"@type\":\"ListItem\",\"position\":4,\"name\":\"Topoint Unison recurve target\"}]},{\"@type\":\"WebSite\",\"@id\":\"https:\/\/cungtenhanoi.com\/#website\",\"url\":\"https:\/\/cungtenhanoi.com\/\",\"name\":\"Cung T\u00ean H\u00e0 N\u1ed9i\",\"description\":\"Cung c\u1ea5p c\u00e1c lo\u1ea1i cung t\u00ean th\u1ec3 thao s\u1ed1 1 Vi\u1ec7t Nam\",\"publisher\":{\"@id\":\"https:\/\/cungtenhanoi.com\/#organization\"},\"potentialAction\":[{\"@type\":\"SearchAction\",\"target\":{\"@type\":\"EntryPoint\",\"urlTemplate\":\"https:\/\/cungtenhanoi.com\/?s={search_term_string}\"},\"query-input\":\"required name=search_term_string\"}],\"inLanguage\":\"vi\"},{\"@type\":\"Organization\",\"@id\":\"https:\/\/cungtenhanoi.com\/#organization\",\"name\":\"Cung T\u00ean H\u00e0 N\u1ed9i\",\"url\":\"https:\/\/cungtenhanoi.com\/\",\"sameAs\":[],\"logo\":{\"@type\":\"ImageObject\",\"inLanguage\":\"vi\",\"@id\":\"https:\/\/cungtenhanoi.com\/#\/schema\/logo\/image\/\",\"url\":\"https:\/\/cungtenhanoi.com\/wp-content\/uploads\/2025\/05\/logo-den-trang.jpg\",\"contentUrl\":\"https:\/\/cungtenhanoi.com\/wp-content\/uploads\/2025\/05\/logo-den-trang.jpg\",\"width\":450,\"height\":450,\"caption\":\"Cung T\u00ean H\u00e0 N\u1ed9i\"},\"image\":{\"@id\":\"https:\/\/cungtenhanoi.com\/#\/schema\/logo\/image\/\"}}]}<\/script>\n<!-- \/ Yoast SEO plugin. -->","yoast_head_json":{"title":"Topoint Unison recurve target - Cung T\u00ean H\u00e0 N\u1ed9i","description":"mua cung t\u00ean th\u1ec3 thao, mua cung t\u00ean t\u1ea1i h\u00e0 n\u1ed9i, cung tr\u1ee3 l\u1ef1c, cung compound, cung t\u00ean ch\u00ednh h\u00e3ng, cung t\u00ean m\u1ea1nh,cung t\u00ean h\u00e0 n\u1ed9i, cung t\u00ean , mua cung t\u00ean S\u00e0i g\u00f2n , mua m\u0169i t\u00ean b\u1eafn cung , cung b\u1eafn bi s\u1eaft , cung t\u00ean mini","robots":{"index":"index","follow":"follow","max-snippet":"max-snippet:-1","max-image-preview":"max-image-preview:large","max-video-preview":"max-video-preview:-1"},"canonical":"https:\/\/cungtenhanoi.com\/?product=riser-tp-unison","og_locale":"vi_VN","og_type":"article","og_title":"Topoint Unison recurve target - Cung T\u00ean H\u00e0 N\u1ed9i","og_description":"mua cung t\u00ean th\u1ec3 thao, mua cung t\u00ean t\u1ea1i h\u00e0 n\u1ed9i, cung tr\u1ee3 l\u1ef1c, cung compound, cung t\u00ean ch\u00ednh h\u00e3ng, cung t\u00ean m\u1ea1nh,cung t\u00ean h\u00e0 n\u1ed9i, cung t\u00ean , mua cung t\u00ean S\u00e0i g\u00f2n , mua m\u0169i t\u00ean b\u1eafn cung , cung b\u1eafn bi s\u1eaft , cung t\u00ean mini","og_url":"https:\/\/cungtenhanoi.com\/?product=riser-tp-unison","og_site_name":"Cung T\u00ean H\u00e0 N\u1ed9i","article_modified_time":"2021-06-24T15:53:35+00:00","og_image":[{"width":800,"height":800,"url":"https:\/\/cungtenhanoi.com\/wp-content\/uploads\/2019\/10\/B5A8DA29-DA65-4B91-B43A-EA18FE885117.jpeg","type":"image\/jpeg"}],"twitter_card":"summary_large_image","twitter_misc":{"\u01af\u1edbc t\u00ednh th\u1eddi gian \u0111\u1ecdc":"1 ph\u00fat"},"schema":{"@context":"https:\/\/schema.org","@graph":[{"@type":"WebPage","@id":"https:\/\/cungtenhanoi.com\/?product=riser-tp-unison","url":"https:\/\/cungtenhanoi.com\/?product=riser-tp-unison","name":"Topoint Unison recurve target - Cung T\u00ean H\u00e0 N\u1ed9i","isPartOf":{"@id":"https:\/\/cungtenhanoi.com\/#website"},"datePublished":"2019-10-08T12:14:29+00:00","dateModified":"2021-06-24T15:53:35+00:00","description":"mua cung t\u00ean th\u1ec3 thao, mua cung t\u00ean t\u1ea1i h\u00e0 n\u1ed9i, cung tr\u1ee3 l\u1ef1c, cung compound, cung t\u00ean ch\u00ednh h\u00e3ng, cung t\u00ean m\u1ea1nh,cung t\u00ean h\u00e0 n\u1ed9i, cung t\u00ean , mua cung t\u00ean S\u00e0i g\u00f2n , mua m\u0169i t\u00ean b\u1eafn cung , cung b\u1eafn bi s\u1eaft , cung t\u00ean mini","breadcrumb":{"@id":"https:\/\/cungtenhanoi.com\/?product=riser-tp-unison#breadcrumb"},"inLanguage":"vi","potentialAction":[{"@type":"ReadAction","target":["https:\/\/cungtenhanoi.com\/?product=riser-tp-unison"]}]},{"@type":"BreadcrumbList","@id":"https:\/\/cungtenhanoi.com\/?product=riser-tp-unison#breadcrumb","itemListElement":[{"@type":"ListItem","position":1,"name":"Trang ch\u1ee7","item":"https:\/\/cungtenhanoi.com\/"},{"@type":"ListItem","position":2,"name":"Shop","item":"https:\/\/cungtenhanoi.com\/?page_id=6"},{"@type":"ListItem","position":3,"name":"Cung","item":"https:\/\/cungtenhanoi.com\/danh-muc\/cung\/"},{"@type":"ListItem","position":4,"name":"Topoint Unison recurve target"}]},{"@type":"WebSite","@id":"https:\/\/cungtenhanoi.com\/#website","url":"https:\/\/cungtenhanoi.com\/","name":"Cung T\u00ean H\u00e0 N\u1ed9i","description":"Cung c\u1ea5p c\u00e1c lo\u1ea1i cung t\u00ean th\u1ec3 thao s\u1ed1 1 Vi\u1ec7t Nam","publisher":{"@id":"https:\/\/cungtenhanoi.com\/#organization"},"potentialAction":[{"@type":"SearchAction","target":{"@type":"EntryPoint","urlTemplate":"https:\/\/cungtenhanoi.com\/?s={search_term_string}"},"query-input":"required name=search_term_string"}],"inLanguage":"vi"},{"@type":"Organization","@id":"https:\/\/cungtenhanoi.com\/#organization","name":"Cung T\u00ean H\u00e0 N\u1ed9i","url":"https:\/\/cungtenhanoi.com\/","sameAs":[],"logo":{"@type":"ImageObject","inLanguage":"vi","@id":"https:\/\/cungtenhanoi.com\/#\/schema\/logo\/image\/","url":"https:\/\/cungtenhanoi.com\/wp-content\/uploads\/2025\/05\/logo-den-trang.jpg","contentUrl":"https:\/\/cungtenhanoi.com\/wp-content\/uploads\/2025\/05\/logo-den-trang.jpg","width":450,"height":450,"caption":"Cung T\u00ean H\u00e0 N\u1ed9i"},"image":{"@id":"https:\/\/cungtenhanoi.com\/#\/schema\/logo\/image\/"}}]}},"_links":{"self":[{"href":"https:\/\/cungtenhanoi.com\/index.php?rest_route=\/wp\/v2\/product\/631"}],"collection":[{"href":"https:\/\/cungtenhanoi.com\/index.php?rest_route=\/wp\/v2\/product"}],"about":[{"href":"https:\/\/cungtenhanoi.com\/index.php?rest_route=\/wp\/v2\/types\/product"}],"replies":[{"embeddable":true,"href":"https:\/\/cungtenhanoi.com\/index.php?rest_route=%2Fwp%2Fv2%2Fcomments&post=631"}],"wp:featuredmedia":[{"embeddable":true,"href":"https:\/\/cungtenhanoi.com\/index.php?rest_route=\/wp\/v2\/media\/632"}],"wp:attachment":[{"href":"https:\/\/cungtenhanoi.com\/index.php?rest_route=%2Fwp%2Fv2%2Fmedia&parent=631"}],"wp:term":[{"taxonomy":"product_cat","embeddable":true,"href":"https:\/\/cungtenhanoi.com\/index.php?rest_route=%2Fwp%2Fv2%2Fproduct_cat&post=631"},{"taxonomy":"product_tag","embeddable":true,"href":"https:\/\/cungtenhanoi.com\/index.php?rest_route=%2Fwp%2Fv2%2Fproduct_tag&post=631"}],"curies":[{"name":"wp","href":"https:\/\/api.w.org\/{rel}","templated":true}]}}