{"id":674,"date":"2019-10-09T13:18:01","date_gmt":"2019-10-09T06:18:01","guid":{"rendered":"https:\/\/cungtenhanoi.com\/?post_type=product&#038;p=674"},"modified":"2024-10-24T00:40:16","modified_gmt":"2024-10-23T17:40:16","slug":"stabilizer-pr634","status":"publish","type":"product","link":"https:\/\/cungtenhanoi.com\/?product=stabilizer-pr634","title":{"rendered":"Stabilizer PR634"},"content":{"rendered":"<p><img loading=\"lazy\" class=\"aligncenter size-full wp-image-675\" src=\"https:\/\/cungtenhanoi.com\/wp-content\/uploads\/2019\/10\/O1CN01Eelz6j1uHXeiLP5Xz_2819006012.jpg\" alt=\"\" width=\"749\" height=\"947\" srcset=\"https:\/\/cungtenhanoi.com\/wp-content\/uploads\/2019\/10\/O1CN01Eelz6j1uHXeiLP5Xz_2819006012.jpg 749w, https:\/\/cungtenhanoi.com\/wp-content\/uploads\/2019\/10\/O1CN01Eelz6j1uHXeiLP5Xz_2819006012-600x759.jpg 600w, https:\/\/cungtenhanoi.com\/wp-content\/uploads\/2019\/10\/O1CN01Eelz6j1uHXeiLP5Xz_2819006012-64x81.jpg 64w, https:\/\/cungtenhanoi.com\/wp-content\/uploads\/2019\/10\/O1CN01Eelz6j1uHXeiLP5Xz_2819006012-237x300.jpg 237w\" sizes=\"(max-width: 749px) 100vw, 749px\" \/> <img loading=\"lazy\" class=\"aligncenter size-full wp-image-676\" src=\"https:\/\/cungtenhanoi.com\/wp-content\/uploads\/2019\/10\/O1CN01FwhOie1uHXeidXK6c_2819006012.jpg\" alt=\"\" width=\"800\" height=\"800\" srcset=\"https:\/\/cungtenhanoi.com\/wp-content\/uploads\/2019\/10\/O1CN01FwhOie1uHXeidXK6c_2819006012.jpg 800w, https:\/\/cungtenhanoi.com\/wp-content\/uploads\/2019\/10\/O1CN01FwhOie1uHXeidXK6c_2819006012-300x300.jpg 300w, https:\/\/cungtenhanoi.com\/wp-content\/uploads\/2019\/10\/O1CN01FwhOie1uHXeidXK6c_2819006012-100x100.jpg 100w, https:\/\/cungtenhanoi.com\/wp-content\/uploads\/2019\/10\/O1CN01FwhOie1uHXeidXK6c_2819006012-600x600.jpg 600w, https:\/\/cungtenhanoi.com\/wp-content\/uploads\/2019\/10\/O1CN01FwhOie1uHXeidXK6c_2819006012-64x64.jpg 64w, https:\/\/cungtenhanoi.com\/wp-content\/uploads\/2019\/10\/O1CN01FwhOie1uHXeidXK6c_2819006012-150x150.jpg 150w, https:\/\/cungtenhanoi.com\/wp-content\/uploads\/2019\/10\/O1CN01FwhOie1uHXeidXK6c_2819006012-768x768.jpg 768w, https:\/\/cungtenhanoi.com\/wp-content\/uploads\/2019\/10\/O1CN01FwhOie1uHXeidXK6c_2819006012-180x180.jpg 180w, https:\/\/cungtenhanoi.com\/wp-content\/uploads\/2019\/10\/O1CN01FwhOie1uHXeidXK6c_2819006012-45x45.jpg 45w\" sizes=\"(max-width: 800px) 100vw, 800px\" \/> <img loading=\"lazy\" class=\"aligncenter size-full wp-image-677\" src=\"https:\/\/cungtenhanoi.com\/wp-content\/uploads\/2019\/10\/O1CN01H2BiXw1uHXeiMzycV_2819006012.jpg\" alt=\"\" width=\"800\" height=\"800\" srcset=\"https:\/\/cungtenhanoi.com\/wp-content\/uploads\/2019\/10\/O1CN01H2BiXw1uHXeiMzycV_2819006012.jpg 800w, https:\/\/cungtenhanoi.com\/wp-content\/uploads\/2019\/10\/O1CN01H2BiXw1uHXeiMzycV_2819006012-300x300.jpg 300w, https:\/\/cungtenhanoi.com\/wp-content\/uploads\/2019\/10\/O1CN01H2BiXw1uHXeiMzycV_2819006012-100x100.jpg 100w, https:\/\/cungtenhanoi.com\/wp-content\/uploads\/2019\/10\/O1CN01H2BiXw1uHXeiMzycV_2819006012-600x600.jpg 600w, https:\/\/cungtenhanoi.com\/wp-content\/uploads\/2019\/10\/O1CN01H2BiXw1uHXeiMzycV_2819006012-64x64.jpg 64w, https:\/\/cungtenhanoi.com\/wp-content\/uploads\/2019\/10\/O1CN01H2BiXw1uHXeiMzycV_2819006012-150x150.jpg 150w, https:\/\/cungtenhanoi.com\/wp-content\/uploads\/2019\/10\/O1CN01H2BiXw1uHXeiMzycV_2819006012-768x768.jpg 768w, https:\/\/cungtenhanoi.com\/wp-content\/uploads\/2019\/10\/O1CN01H2BiXw1uHXeiMzycV_2819006012-180x180.jpg 180w, https:\/\/cungtenhanoi.com\/wp-content\/uploads\/2019\/10\/O1CN01H2BiXw1uHXeiMzycV_2819006012-45x45.jpg 45w\" sizes=\"(max-width: 800px) 100vw, 800px\" \/> <img loading=\"lazy\" class=\"aligncenter size-full wp-image-678\" src=\"https:\/\/cungtenhanoi.com\/wp-content\/uploads\/2019\/10\/O1CN01HzuFtO1uHXedsD6sa_2819006012.jpg\" alt=\"\" width=\"750\" height=\"1071\" srcset=\"https:\/\/cungtenhanoi.com\/wp-content\/uploads\/2019\/10\/O1CN01HzuFtO1uHXedsD6sa_2819006012.jpg 750w, https:\/\/cungtenhanoi.com\/wp-content\/uploads\/2019\/10\/O1CN01HzuFtO1uHXedsD6sa_2819006012-600x857.jpg 600w, https:\/\/cungtenhanoi.com\/wp-content\/uploads\/2019\/10\/O1CN01HzuFtO1uHXedsD6sa_2819006012-64x91.jpg 64w, https:\/\/cungtenhanoi.com\/wp-content\/uploads\/2019\/10\/O1CN01HzuFtO1uHXedsD6sa_2819006012-210x300.jpg 210w, https:\/\/cungtenhanoi.com\/wp-content\/uploads\/2019\/10\/O1CN01HzuFtO1uHXedsD6sa_2819006012-717x1024.jpg 717w\" sizes=\"(max-width: 750px) 100vw, 750px\" \/> <img loading=\"lazy\" class=\"aligncenter size-full wp-image-679\" src=\"https:\/\/cungtenhanoi.com\/wp-content\/uploads\/2019\/10\/O1CN01jzggdZ1uHXehD8vu4_2819006012.jpg\" alt=\"\" width=\"743\" height=\"667\" srcset=\"https:\/\/cungtenhanoi.com\/wp-content\/uploads\/2019\/10\/O1CN01jzggdZ1uHXehD8vu4_2819006012.jpg 743w, https:\/\/cungtenhanoi.com\/wp-content\/uploads\/2019\/10\/O1CN01jzggdZ1uHXehD8vu4_2819006012-600x539.jpg 600w, https:\/\/cungtenhanoi.com\/wp-content\/uploads\/2019\/10\/O1CN01jzggdZ1uHXehD8vu4_2819006012-64x57.jpg 64w, https:\/\/cungtenhanoi.com\/wp-content\/uploads\/2019\/10\/O1CN01jzggdZ1uHXehD8vu4_2819006012-300x269.jpg 300w\" sizes=\"(max-width: 743px) 100vw, 743px\" \/> <img loading=\"lazy\" class=\"aligncenter size-full wp-image-680\" src=\"https:\/\/cungtenhanoi.com\/wp-content\/uploads\/2019\/10\/O1CN01knxIsq1uHXehMZfPn_2819006012.jpg\" alt=\"\" width=\"800\" height=\"800\" srcset=\"https:\/\/cungtenhanoi.com\/wp-content\/uploads\/2019\/10\/O1CN01knxIsq1uHXehMZfPn_2819006012.jpg 800w, https:\/\/cungtenhanoi.com\/wp-content\/uploads\/2019\/10\/O1CN01knxIsq1uHXehMZfPn_2819006012-300x300.jpg 300w, https:\/\/cungtenhanoi.com\/wp-content\/uploads\/2019\/10\/O1CN01knxIsq1uHXehMZfPn_2819006012-100x100.jpg 100w, https:\/\/cungtenhanoi.com\/wp-content\/uploads\/2019\/10\/O1CN01knxIsq1uHXehMZfPn_2819006012-600x600.jpg 600w, https:\/\/cungtenhanoi.com\/wp-content\/uploads\/2019\/10\/O1CN01knxIsq1uHXehMZfPn_2819006012-64x64.jpg 64w, https:\/\/cungtenhanoi.com\/wp-content\/uploads\/2019\/10\/O1CN01knxIsq1uHXehMZfPn_2819006012-150x150.jpg 150w, https:\/\/cungtenhanoi.com\/wp-content\/uploads\/2019\/10\/O1CN01knxIsq1uHXehMZfPn_2819006012-768x768.jpg 768w, https:\/\/cungtenhanoi.com\/wp-content\/uploads\/2019\/10\/O1CN01knxIsq1uHXehMZfPn_2819006012-180x180.jpg 180w, https:\/\/cungtenhanoi.com\/wp-content\/uploads\/2019\/10\/O1CN01knxIsq1uHXehMZfPn_2819006012-45x45.jpg 45w\" sizes=\"(max-width: 800px) 100vw, 800px\" \/> <img loading=\"lazy\" class=\"aligncenter size-full wp-image-681\" src=\"https:\/\/cungtenhanoi.com\/wp-content\/uploads\/2019\/10\/O1CN01nQ1Q8R1uHXeg48N8f_2819006012.jpg\" alt=\"\" width=\"800\" height=\"800\" srcset=\"https:\/\/cungtenhanoi.com\/wp-content\/uploads\/2019\/10\/O1CN01nQ1Q8R1uHXeg48N8f_2819006012.jpg 800w, https:\/\/cungtenhanoi.com\/wp-content\/uploads\/2019\/10\/O1CN01nQ1Q8R1uHXeg48N8f_2819006012-300x300.jpg 300w, https:\/\/cungtenhanoi.com\/wp-content\/uploads\/2019\/10\/O1CN01nQ1Q8R1uHXeg48N8f_2819006012-100x100.jpg 100w, https:\/\/cungtenhanoi.com\/wp-content\/uploads\/2019\/10\/O1CN01nQ1Q8R1uHXeg48N8f_2819006012-600x600.jpg 600w, https:\/\/cungtenhanoi.com\/wp-content\/uploads\/2019\/10\/O1CN01nQ1Q8R1uHXeg48N8f_2819006012-64x64.jpg 64w, https:\/\/cungtenhanoi.com\/wp-content\/uploads\/2019\/10\/O1CN01nQ1Q8R1uHXeg48N8f_2819006012-150x150.jpg 150w, https:\/\/cungtenhanoi.com\/wp-content\/uploads\/2019\/10\/O1CN01nQ1Q8R1uHXeg48N8f_2819006012-768x768.jpg 768w, https:\/\/cungtenhanoi.com\/wp-content\/uploads\/2019\/10\/O1CN01nQ1Q8R1uHXeg48N8f_2819006012-180x180.jpg 180w, https:\/\/cungtenhanoi.com\/wp-content\/uploads\/2019\/10\/O1CN01nQ1Q8R1uHXeg48N8f_2819006012-45x45.jpg 45w\" sizes=\"(max-width: 800px) 100vw, 800px\" \/> <img loading=\"lazy\" class=\"aligncenter size-full wp-image-682\" src=\"https:\/\/cungtenhanoi.com\/wp-content\/uploads\/2019\/10\/O1CN01vydpmn1uHXegQ0PbO_2819006012.jpg\" alt=\"\" width=\"750\" height=\"605\" srcset=\"https:\/\/cungtenhanoi.com\/wp-content\/uploads\/2019\/10\/O1CN01vydpmn1uHXegQ0PbO_2819006012.jpg 750w, https:\/\/cungtenhanoi.com\/wp-content\/uploads\/2019\/10\/O1CN01vydpmn1uHXegQ0PbO_2819006012-600x484.jpg 600w, https:\/\/cungtenhanoi.com\/wp-content\/uploads\/2019\/10\/O1CN01vydpmn1uHXegQ0PbO_2819006012-64x52.jpg 64w\" sizes=\"(max-width: 750px) 100vw, 750px\" \/> <img loading=\"lazy\" class=\"aligncenter size-full wp-image-683\" src=\"https:\/\/cungtenhanoi.com\/wp-content\/uploads\/2019\/10\/O1CN01YBQVwG1uHXeZQlOdO_2819006012.jpg\" alt=\"\" width=\"800\" height=\"800\" srcset=\"https:\/\/cungtenhanoi.com\/wp-content\/uploads\/2019\/10\/O1CN01YBQVwG1uHXeZQlOdO_2819006012.jpg 800w, https:\/\/cungtenhanoi.com\/wp-content\/uploads\/2019\/10\/O1CN01YBQVwG1uHXeZQlOdO_2819006012-300x300.jpg 300w, https:\/\/cungtenhanoi.com\/wp-content\/uploads\/2019\/10\/O1CN01YBQVwG1uHXeZQlOdO_2819006012-100x100.jpg 100w, https:\/\/cungtenhanoi.com\/wp-content\/uploads\/2019\/10\/O1CN01YBQVwG1uHXeZQlOdO_2819006012-600x600.jpg 600w, https:\/\/cungtenhanoi.com\/wp-content\/uploads\/2019\/10\/O1CN01YBQVwG1uHXeZQlOdO_2819006012-64x64.jpg 64w\" sizes=\"(max-width: 800px) 100vw, 800px\" \/><\/p>\n","protected":false},"excerpt":{"rendered":"","protected":false},"featured_media":683,"comment_status":"open","ping_status":"closed","template":"","meta":[],"product_cat":[20],"product_tag":[129,97,128,102,127,99],"acf":[],"yoast_head":"<!-- This site is optimized with the Yoast SEO plugin v19.8 - https:\/\/yoast.com\/wordpress\/plugins\/seo\/ -->\n<title>Stabilizer PR634 - Cung T\u00ean H\u00e0 N\u1ed9i<\/title>\n<meta name=\"description\" content=\"mua cung t\u00ean th\u1ec3 thao, mua cung t\u00ean t\u1ea1i h\u00e0 n\u1ed9i, cung tr\u1ee3 l\u1ef1c, cung compound, cung t\u00ean ch\u00ednh h\u00e3ng, cung t\u00ean m\u1ea1nh,cung t\u00ean h\u00e0 n\u1ed9i, cung t\u00ean , mua cung t\u00ean S\u00e0i g\u00f2n , mua m\u0169i t\u00ean b\u1eafn cung , cung b\u1eafn bi s\u1eaft , cung t\u00ean mini\" \/>\n<meta name=\"robots\" content=\"index, follow, max-snippet:-1, max-image-preview:large, max-video-preview:-1\" \/>\n<link rel=\"canonical\" href=\"https:\/\/cungtenhanoi.com\/?product=stabilizer-pr634\" \/>\n<meta property=\"og:locale\" content=\"vi_VN\" \/>\n<meta property=\"og:type\" content=\"article\" \/>\n<meta property=\"og:title\" content=\"Stabilizer PR634 - Cung T\u00ean H\u00e0 N\u1ed9i\" \/>\n<meta property=\"og:description\" content=\"mua cung t\u00ean th\u1ec3 thao, mua cung t\u00ean t\u1ea1i h\u00e0 n\u1ed9i, cung tr\u1ee3 l\u1ef1c, cung compound, cung t\u00ean ch\u00ednh h\u00e3ng, cung t\u00ean m\u1ea1nh,cung t\u00ean h\u00e0 n\u1ed9i, cung t\u00ean , mua cung t\u00ean S\u00e0i g\u00f2n , mua m\u0169i t\u00ean b\u1eafn cung , cung b\u1eafn bi s\u1eaft , cung t\u00ean mini\" \/>\n<meta property=\"og:url\" content=\"https:\/\/cungtenhanoi.com\/?product=stabilizer-pr634\" \/>\n<meta property=\"og:site_name\" content=\"Cung T\u00ean H\u00e0 N\u1ed9i\" \/>\n<meta property=\"article:modified_time\" content=\"2024-10-23T17:40:16+00:00\" \/>\n<meta property=\"og:image\" content=\"https:\/\/cungtenhanoi.com\/wp-content\/uploads\/2019\/10\/O1CN01YBQVwG1uHXeZQlOdO_2819006012.jpg\" \/>\n\t<meta property=\"og:image:width\" content=\"800\" \/>\n\t<meta property=\"og:image:height\" content=\"800\" \/>\n\t<meta property=\"og:image:type\" content=\"image\/jpeg\" \/>\n<meta name=\"twitter:card\" content=\"summary_large_image\" \/>\n<script type=\"application\/ld+json\" class=\"yoast-schema-graph\">{\"@context\":\"https:\/\/schema.org\",\"@graph\":[{\"@type\":\"WebPage\",\"@id\":\"https:\/\/cungtenhanoi.com\/?product=stabilizer-pr634\",\"url\":\"https:\/\/cungtenhanoi.com\/?product=stabilizer-pr634\",\"name\":\"Stabilizer PR634 - Cung T\u00ean H\u00e0 N\u1ed9i\",\"isPartOf\":{\"@id\":\"https:\/\/cungtenhanoi.com\/#website\"},\"datePublished\":\"2019-10-09T06:18:01+00:00\",\"dateModified\":\"2024-10-23T17:40:16+00:00\",\"description\":\"mua cung t\u00ean th\u1ec3 thao, mua cung t\u00ean t\u1ea1i h\u00e0 n\u1ed9i, cung tr\u1ee3 l\u1ef1c, cung compound, cung t\u00ean ch\u00ednh h\u00e3ng, cung t\u00ean m\u1ea1nh,cung t\u00ean h\u00e0 n\u1ed9i, cung t\u00ean , mua cung t\u00ean S\u00e0i g\u00f2n , mua m\u0169i t\u00ean b\u1eafn cung , cung b\u1eafn bi s\u1eaft , cung t\u00ean mini\",\"breadcrumb\":{\"@id\":\"https:\/\/cungtenhanoi.com\/?product=stabilizer-pr634#breadcrumb\"},\"inLanguage\":\"vi\",\"potentialAction\":[{\"@type\":\"ReadAction\",\"target\":[\"https:\/\/cungtenhanoi.com\/?product=stabilizer-pr634\"]}]},{\"@type\":\"BreadcrumbList\",\"@id\":\"https:\/\/cungtenhanoi.com\/?product=stabilizer-pr634#breadcrumb\",\"itemListElement\":[{\"@type\":\"ListItem\",\"position\":1,\"name\":\"Trang ch\u1ee7\",\"item\":\"https:\/\/cungtenhanoi.com\/\"},{\"@type\":\"ListItem\",\"position\":2,\"name\":\"Shop\",\"item\":\"https:\/\/cungtenhanoi.com\/?page_id=6\"},{\"@type\":\"ListItem\",\"position\":3,\"name\":\"Ph\u1ee5 ki\u1ec7n\",\"item\":\"https:\/\/cungtenhanoi.com\/danh-muc\/phu-kien\/\"},{\"@type\":\"ListItem\",\"position\":4,\"name\":\"Stabilizer PR634\"}]},{\"@type\":\"WebSite\",\"@id\":\"https:\/\/cungtenhanoi.com\/#website\",\"url\":\"https:\/\/cungtenhanoi.com\/\",\"name\":\"Cung T\u00ean H\u00e0 N\u1ed9i\",\"description\":\"Cung c\u1ea5p c\u00e1c lo\u1ea1i cung t\u00ean th\u1ec3 thao s\u1ed1 1 Vi\u1ec7t Nam\",\"publisher\":{\"@id\":\"https:\/\/cungtenhanoi.com\/#organization\"},\"potentialAction\":[{\"@type\":\"SearchAction\",\"target\":{\"@type\":\"EntryPoint\",\"urlTemplate\":\"https:\/\/cungtenhanoi.com\/?s={search_term_string}\"},\"query-input\":\"required name=search_term_string\"}],\"inLanguage\":\"vi\"},{\"@type\":\"Organization\",\"@id\":\"https:\/\/cungtenhanoi.com\/#organization\",\"name\":\"Cung T\u00ean H\u00e0 N\u1ed9i\",\"url\":\"https:\/\/cungtenhanoi.com\/\",\"sameAs\":[],\"logo\":{\"@type\":\"ImageObject\",\"inLanguage\":\"vi\",\"@id\":\"https:\/\/cungtenhanoi.com\/#\/schema\/logo\/image\/\",\"url\":\"https:\/\/cungtenhanoi.com\/wp-content\/uploads\/2025\/05\/logo-den-trang.jpg\",\"contentUrl\":\"https:\/\/cungtenhanoi.com\/wp-content\/uploads\/2025\/05\/logo-den-trang.jpg\",\"width\":450,\"height\":450,\"caption\":\"Cung T\u00ean H\u00e0 N\u1ed9i\"},\"image\":{\"@id\":\"https:\/\/cungtenhanoi.com\/#\/schema\/logo\/image\/\"}}]}<\/script>\n<!-- \/ Yoast SEO plugin. -->","yoast_head_json":{"title":"Stabilizer PR634 - Cung T\u00ean H\u00e0 N\u1ed9i","description":"mua cung t\u00ean th\u1ec3 thao, mua cung t\u00ean t\u1ea1i h\u00e0 n\u1ed9i, cung tr\u1ee3 l\u1ef1c, cung compound, cung t\u00ean ch\u00ednh h\u00e3ng, cung t\u00ean m\u1ea1nh,cung t\u00ean h\u00e0 n\u1ed9i, cung t\u00ean , mua cung t\u00ean S\u00e0i g\u00f2n , mua m\u0169i t\u00ean b\u1eafn cung , cung b\u1eafn bi s\u1eaft , cung t\u00ean mini","robots":{"index":"index","follow":"follow","max-snippet":"max-snippet:-1","max-image-preview":"max-image-preview:large","max-video-preview":"max-video-preview:-1"},"canonical":"https:\/\/cungtenhanoi.com\/?product=stabilizer-pr634","og_locale":"vi_VN","og_type":"article","og_title":"Stabilizer PR634 - Cung T\u00ean H\u00e0 N\u1ed9i","og_description":"mua cung t\u00ean th\u1ec3 thao, mua cung t\u00ean t\u1ea1i h\u00e0 n\u1ed9i, cung tr\u1ee3 l\u1ef1c, cung compound, cung t\u00ean ch\u00ednh h\u00e3ng, cung t\u00ean m\u1ea1nh,cung t\u00ean h\u00e0 n\u1ed9i, cung t\u00ean , mua cung t\u00ean S\u00e0i g\u00f2n , mua m\u0169i t\u00ean b\u1eafn cung , cung b\u1eafn bi s\u1eaft , cung t\u00ean mini","og_url":"https:\/\/cungtenhanoi.com\/?product=stabilizer-pr634","og_site_name":"Cung T\u00ean H\u00e0 N\u1ed9i","article_modified_time":"2024-10-23T17:40:16+00:00","og_image":[{"width":800,"height":800,"url":"https:\/\/cungtenhanoi.com\/wp-content\/uploads\/2019\/10\/O1CN01YBQVwG1uHXeZQlOdO_2819006012.jpg","type":"image\/jpeg"}],"twitter_card":"summary_large_image","schema":{"@context":"https:\/\/schema.org","@graph":[{"@type":"WebPage","@id":"https:\/\/cungtenhanoi.com\/?product=stabilizer-pr634","url":"https:\/\/cungtenhanoi.com\/?product=stabilizer-pr634","name":"Stabilizer PR634 - Cung T\u00ean H\u00e0 N\u1ed9i","isPartOf":{"@id":"https:\/\/cungtenhanoi.com\/#website"},"datePublished":"2019-10-09T06:18:01+00:00","dateModified":"2024-10-23T17:40:16+00:00","description":"mua cung t\u00ean th\u1ec3 thao, mua cung t\u00ean t\u1ea1i h\u00e0 n\u1ed9i, cung tr\u1ee3 l\u1ef1c, cung compound, cung t\u00ean ch\u00ednh h\u00e3ng, cung t\u00ean m\u1ea1nh,cung t\u00ean h\u00e0 n\u1ed9i, cung t\u00ean , mua cung t\u00ean S\u00e0i g\u00f2n , mua m\u0169i t\u00ean b\u1eafn cung , cung b\u1eafn bi s\u1eaft , cung t\u00ean mini","breadcrumb":{"@id":"https:\/\/cungtenhanoi.com\/?product=stabilizer-pr634#breadcrumb"},"inLanguage":"vi","potentialAction":[{"@type":"ReadAction","target":["https:\/\/cungtenhanoi.com\/?product=stabilizer-pr634"]}]},{"@type":"BreadcrumbList","@id":"https:\/\/cungtenhanoi.com\/?product=stabilizer-pr634#breadcrumb","itemListElement":[{"@type":"ListItem","position":1,"name":"Trang ch\u1ee7","item":"https:\/\/cungtenhanoi.com\/"},{"@type":"ListItem","position":2,"name":"Shop","item":"https:\/\/cungtenhanoi.com\/?page_id=6"},{"@type":"ListItem","position":3,"name":"Ph\u1ee5 ki\u1ec7n","item":"https:\/\/cungtenhanoi.com\/danh-muc\/phu-kien\/"},{"@type":"ListItem","position":4,"name":"Stabilizer PR634"}]},{"@type":"WebSite","@id":"https:\/\/cungtenhanoi.com\/#website","url":"https:\/\/cungtenhanoi.com\/","name":"Cung T\u00ean H\u00e0 N\u1ed9i","description":"Cung c\u1ea5p c\u00e1c lo\u1ea1i cung t\u00ean th\u1ec3 thao s\u1ed1 1 Vi\u1ec7t Nam","publisher":{"@id":"https:\/\/cungtenhanoi.com\/#organization"},"potentialAction":[{"@type":"SearchAction","target":{"@type":"EntryPoint","urlTemplate":"https:\/\/cungtenhanoi.com\/?s={search_term_string}"},"query-input":"required name=search_term_string"}],"inLanguage":"vi"},{"@type":"Organization","@id":"https:\/\/cungtenhanoi.com\/#organization","name":"Cung T\u00ean H\u00e0 N\u1ed9i","url":"https:\/\/cungtenhanoi.com\/","sameAs":[],"logo":{"@type":"ImageObject","inLanguage":"vi","@id":"https:\/\/cungtenhanoi.com\/#\/schema\/logo\/image\/","url":"https:\/\/cungtenhanoi.com\/wp-content\/uploads\/2025\/05\/logo-den-trang.jpg","contentUrl":"https:\/\/cungtenhanoi.com\/wp-content\/uploads\/2025\/05\/logo-den-trang.jpg","width":450,"height":450,"caption":"Cung T\u00ean H\u00e0 N\u1ed9i"},"image":{"@id":"https:\/\/cungtenhanoi.com\/#\/schema\/logo\/image\/"}}]}},"_links":{"self":[{"href":"https:\/\/cungtenhanoi.com\/index.php?rest_route=\/wp\/v2\/product\/674"}],"collection":[{"href":"https:\/\/cungtenhanoi.com\/index.php?rest_route=\/wp\/v2\/product"}],"about":[{"href":"https:\/\/cungtenhanoi.com\/index.php?rest_route=\/wp\/v2\/types\/product"}],"replies":[{"embeddable":true,"href":"https:\/\/cungtenhanoi.com\/index.php?rest_route=%2Fwp%2Fv2%2Fcomments&post=674"}],"wp:featuredmedia":[{"embeddable":true,"href":"https:\/\/cungtenhanoi.com\/index.php?rest_route=\/wp\/v2\/media\/683"}],"wp:attachment":[{"href":"https:\/\/cungtenhanoi.com\/index.php?rest_route=%2Fwp%2Fv2%2Fmedia&parent=674"}],"wp:term":[{"taxonomy":"product_cat","embeddable":true,"href":"https:\/\/cungtenhanoi.com\/index.php?rest_route=%2Fwp%2Fv2%2Fproduct_cat&post=674"},{"taxonomy":"product_tag","embeddable":true,"href":"https:\/\/cungtenhanoi.com\/index.php?rest_route=%2Fwp%2Fv2%2Fproduct_tag&post=674"}],"curies":[{"name":"wp","href":"https:\/\/api.w.org\/{rel}","templated":true}]}}