{"id":685,"date":"2019-10-10T13:56:58","date_gmt":"2019-10-10T06:56:58","guid":{"rendered":"https:\/\/cungtenhanoi.com\/?post_type=product&#038;p=685"},"modified":"2025-05-28T11:47:48","modified_gmt":"2025-05-28T04:47:48","slug":"riser-endeavor","status":"publish","type":"product","link":"https:\/\/cungtenhanoi.com\/?product=riser-endeavor","title":{"rendered":"Cung t\u00ean th\u1ec3 thao TP-Endeavor"},"content":{"rendered":"<p style=\"text-align: center;\"><img loading=\"lazy\" class=\"size-full wp-image-1185 alignleft\" src=\"https:\/\/cungtenhanoi.com\/wp-content\/uploads\/2019\/10\/15885506-B88E-464D-B901-C9548AFC7D8F.jpeg\" alt=\"\" width=\"3024\" height=\"4032\" \/> <img loading=\"lazy\" class=\"size-full wp-image-1186 alignleft\" src=\"https:\/\/cungtenhanoi.com\/wp-content\/uploads\/2019\/10\/823C6C4D-A7CE-4486-ACB9-2C936CF0AFD2.jpeg\" alt=\"\" width=\"3024\" height=\"4032\" \/> <img loading=\"lazy\" class=\"size-full wp-image-1187 alignleft\" src=\"https:\/\/cungtenhanoi.com\/wp-content\/uploads\/2019\/10\/408C00DE-41B5-4856-9962-7DBDF6F375AE.jpeg\" alt=\"\" width=\"3024\" height=\"4032\" \/> <img loading=\"lazy\" class=\"size-full wp-image-1188 alignleft\" src=\"https:\/\/cungtenhanoi.com\/wp-content\/uploads\/2019\/10\/767D92E1-AFEA-49D6-962E-A0D782152455.jpeg\" alt=\"\" width=\"3024\" height=\"4032\" \/>D\u00f2ng cung target gi\u00e1 r\u1ebb nh\u01b0ng ch\u1ea5t l\u01b0\u1ee3ng si\u00eau \u0111\u1eb3ng c\u1ee7a Topoint<br \/>\nEndeavor ra \u0111\u1eddi mang \u0111\u1ebfn m\u1ed9t d\u00f2ng cung thi \u0111\u1ea5u v\u00f4 c\u00f9ng m\u1ea1nh m\u1ebd nh\u01b0ng gi\u00e1 th\u00e0nh si\u00eau b\u00ecnh d\u00e2n cho ng\u01b0\u1eddi m\u1edbi b\u1eaft \u0111\u1ea7u v\u1edbi 1 c\u00e2y cung x\u1ecbn<br \/>\nL\u00e0 d\u00f2ng cung chuy\u00ean target c\u00e1c cung th\u1ee7 c\u00f3 th\u1ec3 g\u1eafn full option c\u00e1c lo\u1ea1i ph\u1ee5 ki\u1ec7n \u0111\u1ec3 \u0111\u1ea1t \u0111\u01b0\u1ee3c hi\u1ec7u qu\u1ea3 t\u1ed1i \u0111a<br \/>\nV\u1edbi c\u1ef1 ly 50m Endeavor x\u1ee9ng \u0111\u00e1ng l\u00e0 1 s\u1ef1 l\u1ef1a ch\u1ecdn ho\u00e0n h\u1ea3o cho c\u00e1c cung th\u1ee7 b\u00e1n chuy\u00ean, l\u00e0 ti\u1ec1n \u0111\u1ec1 cho s\u1ef1 ph\u00e1t tri\u1ec3n k\u1ef9 thu\u1eadt t\u1eeb newbie \u0111\u1ebfn pro<br \/>\nRiser c\u1eaft cnc nguy\u00ean kh\u1ed1i h\u1ee3p kim nh\u00f4m , limb composite<br \/>\nL\u1ef1c b\u1eafn : 18 &#8211; 40lbs<br \/>\nChi\u1ec1u d\u00e0i : 68 inh<br \/>\nRiser: 21.5 -22.5 inh<br \/>\nTr\u1ecdng l\u01b0\u1ee3ng : 1.07 kg<br \/>\nLimb: 3.360.000<br \/>\nRiser: 3.590.000<br \/>\nString BCY: 550.000<br \/>\n<strong>Combo bow ( Riser + limb + String): 7.450.000 c\u00f2n 6.450.000 ( gi\u1ea3m ngay 1000k)<\/strong><br \/>\n<img loading=\"lazy\" class=\"aligncenter size-full wp-image-686\" src=\"https:\/\/cungtenhanoi.com\/wp-content\/uploads\/2019\/10\/A1DC1597-9545-46CB-9FB7-6B8D595B61C1.jpeg\" alt=\"\" width=\"800\" height=\"800\" srcset=\"https:\/\/cungtenhanoi.com\/wp-content\/uploads\/2019\/10\/A1DC1597-9545-46CB-9FB7-6B8D595B61C1.jpeg 800w, https:\/\/cungtenhanoi.com\/wp-content\/uploads\/2019\/10\/A1DC1597-9545-46CB-9FB7-6B8D595B61C1-300x300.jpeg 300w, https:\/\/cungtenhanoi.com\/wp-content\/uploads\/2019\/10\/A1DC1597-9545-46CB-9FB7-6B8D595B61C1-100x100.jpeg 100w, https:\/\/cungtenhanoi.com\/wp-content\/uploads\/2019\/10\/A1DC1597-9545-46CB-9FB7-6B8D595B61C1-600x600.jpeg 600w, https:\/\/cungtenhanoi.com\/wp-content\/uploads\/2019\/10\/A1DC1597-9545-46CB-9FB7-6B8D595B61C1-64x64.jpeg 64w\" sizes=\"(max-width: 800px) 100vw, 800px\" \/> <img loading=\"lazy\" class=\"aligncenter size-full wp-image-687\" src=\"https:\/\/cungtenhanoi.com\/wp-content\/uploads\/2019\/10\/7E667EA8-948C-4919-BA09-179BB4856277.jpeg\" alt=\"\" width=\"800\" height=\"800\" srcset=\"https:\/\/cungtenhanoi.com\/wp-content\/uploads\/2019\/10\/7E667EA8-948C-4919-BA09-179BB4856277.jpeg 800w, https:\/\/cungtenhanoi.com\/wp-content\/uploads\/2019\/10\/7E667EA8-948C-4919-BA09-179BB4856277-300x300.jpeg 300w, https:\/\/cungtenhanoi.com\/wp-content\/uploads\/2019\/10\/7E667EA8-948C-4919-BA09-179BB4856277-100x100.jpeg 100w, https:\/\/cungtenhanoi.com\/wp-content\/uploads\/2019\/10\/7E667EA8-948C-4919-BA09-179BB4856277-600x600.jpeg 600w, https:\/\/cungtenhanoi.com\/wp-content\/uploads\/2019\/10\/7E667EA8-948C-4919-BA09-179BB4856277-64x64.jpeg 64w, https:\/\/cungtenhanoi.com\/wp-content\/uploads\/2019\/10\/7E667EA8-948C-4919-BA09-179BB4856277-150x150.jpeg 150w, https:\/\/cungtenhanoi.com\/wp-content\/uploads\/2019\/10\/7E667EA8-948C-4919-BA09-179BB4856277-768x768.jpeg 768w, https:\/\/cungtenhanoi.com\/wp-content\/uploads\/2019\/10\/7E667EA8-948C-4919-BA09-179BB4856277-180x180.jpeg 180w, https:\/\/cungtenhanoi.com\/wp-content\/uploads\/2019\/10\/7E667EA8-948C-4919-BA09-179BB4856277-45x45.jpeg 45w\" sizes=\"(max-width: 800px) 100vw, 800px\" \/> <img loading=\"lazy\" class=\"aligncenter size-full wp-image-688\" src=\"https:\/\/cungtenhanoi.com\/wp-content\/uploads\/2019\/10\/5F86BA1F-033A-45DD-90E0-1682246172D8.jpeg\" alt=\"\" width=\"800\" height=\"800\" srcset=\"https:\/\/cungtenhanoi.com\/wp-content\/uploads\/2019\/10\/5F86BA1F-033A-45DD-90E0-1682246172D8.jpeg 800w, https:\/\/cungtenhanoi.com\/wp-content\/uploads\/2019\/10\/5F86BA1F-033A-45DD-90E0-1682246172D8-300x300.jpeg 300w, https:\/\/cungtenhanoi.com\/wp-content\/uploads\/2019\/10\/5F86BA1F-033A-45DD-90E0-1682246172D8-100x100.jpeg 100w, https:\/\/cungtenhanoi.com\/wp-content\/uploads\/2019\/10\/5F86BA1F-033A-45DD-90E0-1682246172D8-600x600.jpeg 600w, https:\/\/cungtenhanoi.com\/wp-content\/uploads\/2019\/10\/5F86BA1F-033A-45DD-90E0-1682246172D8-64x64.jpeg 64w\" sizes=\"(max-width: 800px) 100vw, 800px\" \/> <img loading=\"lazy\" class=\"aligncenter size-full wp-image-689\" src=\"https:\/\/cungtenhanoi.com\/wp-content\/uploads\/2019\/10\/2C69464C-6D5A-4863-AE60-064393FF9DEB.jpeg\" alt=\"\" width=\"800\" height=\"800\" srcset=\"https:\/\/cungtenhanoi.com\/wp-content\/uploads\/2019\/10\/2C69464C-6D5A-4863-AE60-064393FF9DEB.jpeg 800w, https:\/\/cungtenhanoi.com\/wp-content\/uploads\/2019\/10\/2C69464C-6D5A-4863-AE60-064393FF9DEB-300x300.jpeg 300w, https:\/\/cungtenhanoi.com\/wp-content\/uploads\/2019\/10\/2C69464C-6D5A-4863-AE60-064393FF9DEB-100x100.jpeg 100w, https:\/\/cungtenhanoi.com\/wp-content\/uploads\/2019\/10\/2C69464C-6D5A-4863-AE60-064393FF9DEB-600x600.jpeg 600w, https:\/\/cungtenhanoi.com\/wp-content\/uploads\/2019\/10\/2C69464C-6D5A-4863-AE60-064393FF9DEB-64x64.jpeg 64w, https:\/\/cungtenhanoi.com\/wp-content\/uploads\/2019\/10\/2C69464C-6D5A-4863-AE60-064393FF9DEB-150x150.jpeg 150w, https:\/\/cungtenhanoi.com\/wp-content\/uploads\/2019\/10\/2C69464C-6D5A-4863-AE60-064393FF9DEB-768x768.jpeg 768w, https:\/\/cungtenhanoi.com\/wp-content\/uploads\/2019\/10\/2C69464C-6D5A-4863-AE60-064393FF9DEB-180x180.jpeg 180w, https:\/\/cungtenhanoi.com\/wp-content\/uploads\/2019\/10\/2C69464C-6D5A-4863-AE60-064393FF9DEB-45x45.jpeg 45w\" sizes=\"(max-width: 800px) 100vw, 800px\" \/> <img loading=\"lazy\" class=\"aligncenter size-full wp-image-690\" src=\"https:\/\/cungtenhanoi.com\/wp-content\/uploads\/2019\/10\/63CF5BD0-99DC-48AE-926C-8115C3F821DB.jpeg\" alt=\"\" width=\"750\" height=\"438\" srcset=\"https:\/\/cungtenhanoi.com\/wp-content\/uploads\/2019\/10\/63CF5BD0-99DC-48AE-926C-8115C3F821DB.jpeg 750w, https:\/\/cungtenhanoi.com\/wp-content\/uploads\/2019\/10\/63CF5BD0-99DC-48AE-926C-8115C3F821DB-600x350.jpeg 600w, https:\/\/cungtenhanoi.com\/wp-content\/uploads\/2019\/10\/63CF5BD0-99DC-48AE-926C-8115C3F821DB-64x37.jpeg 64w, https:\/\/cungtenhanoi.com\/wp-content\/uploads\/2019\/10\/63CF5BD0-99DC-48AE-926C-8115C3F821DB-300x175.jpeg 300w\" sizes=\"(max-width: 750px) 100vw, 750px\" \/><\/p>\n","protected":false},"excerpt":{"rendered":"<p>D\u00f2ng cung target gi\u00e1 r\u1ebb nh\u01b0ng ch\u1ea5t l\u01b0\u1ee3ng si\u00eau \u0111\u1eb3ng c\u1ee7a Topoint Endeavor ra \u0111\u1eddi mang \u0111\u1ebfn m\u1ed9t d\u00f2ng cung thi \u0111\u1ea5u v\u00f4 c\u00f9ng m\u1ea1nh m\u1ebd nh\u01b0ng gi\u00e1 th\u00e0nh si\u00eau b\u00ecnh d\u00e2n cho ng\u01b0\u1eddi m\u1edbi b\u1eaft \u0111\u1ea7u v\u1edbi 1 c\u00e2y cung x\u1ecbn L\u00e0 d\u00f2ng cung chuy\u00ean target c\u00e1c cung th\u1ee7 c\u00f3 th\u1ec3 g\u1eafn full option<\/p>\n","protected":false},"featured_media":686,"comment_status":"open","ping_status":"closed","template":"","meta":[],"product_cat":[39,17],"product_tag":[184,168,197,131,240,118,130],"acf":[],"yoast_head":"<!-- This site is optimized with the Yoast SEO plugin v19.8 - https:\/\/yoast.com\/wordpress\/plugins\/seo\/ -->\n<title>Cung t\u00ean th\u1ec3 thao TP-Endeavor - Cung T\u00ean H\u00e0 N\u1ed9i<\/title>\n<meta name=\"description\" content=\"mua cung t\u00ean th\u1ec3 thao, mua cung t\u00ean t\u1ea1i h\u00e0 n\u1ed9i, cung tr\u1ee3 l\u1ef1c, cung compound, cung t\u00ean ch\u00ednh h\u00e3ng, cung t\u00ean m\u1ea1nh,cung t\u00ean h\u00e0 n\u1ed9i, cung t\u00ean , mua cung t\u00ean S\u00e0i g\u00f2n , mua m\u0169i t\u00ean b\u1eafn cung , cung b\u1eafn bi s\u1eaft , cung t\u00ean mini\" \/>\n<meta name=\"robots\" content=\"index, follow, max-snippet:-1, max-image-preview:large, max-video-preview:-1\" \/>\n<link rel=\"canonical\" href=\"https:\/\/cungtenhanoi.com\/?product=riser-endeavor\" \/>\n<meta property=\"og:locale\" content=\"vi_VN\" \/>\n<meta property=\"og:type\" content=\"article\" \/>\n<meta property=\"og:title\" content=\"Cung t\u00ean th\u1ec3 thao TP-Endeavor - Cung T\u00ean H\u00e0 N\u1ed9i\" \/>\n<meta property=\"og:description\" content=\"mua cung t\u00ean th\u1ec3 thao, mua cung t\u00ean t\u1ea1i h\u00e0 n\u1ed9i, cung tr\u1ee3 l\u1ef1c, cung compound, cung t\u00ean ch\u00ednh h\u00e3ng, cung t\u00ean m\u1ea1nh,cung t\u00ean h\u00e0 n\u1ed9i, cung t\u00ean , mua cung t\u00ean S\u00e0i g\u00f2n , mua m\u0169i t\u00ean b\u1eafn cung , cung b\u1eafn bi s\u1eaft , cung t\u00ean mini\" \/>\n<meta property=\"og:url\" content=\"https:\/\/cungtenhanoi.com\/?product=riser-endeavor\" \/>\n<meta property=\"og:site_name\" content=\"Cung T\u00ean H\u00e0 N\u1ed9i\" \/>\n<meta property=\"article:modified_time\" content=\"2025-05-28T04:47:48+00:00\" \/>\n<meta property=\"og:image\" content=\"https:\/\/cungtenhanoi.com\/wp-content\/uploads\/2019\/10\/A1DC1597-9545-46CB-9FB7-6B8D595B61C1.jpeg\" \/>\n\t<meta property=\"og:image:width\" content=\"800\" \/>\n\t<meta property=\"og:image:height\" content=\"800\" \/>\n\t<meta property=\"og:image:type\" content=\"image\/jpeg\" \/>\n<meta name=\"twitter:card\" content=\"summary_large_image\" \/>\n<meta name=\"twitter:label1\" content=\"\u01af\u1edbc t\u00ednh th\u1eddi gian \u0111\u1ecdc\" \/>\n\t<meta name=\"twitter:data1\" content=\"1 ph\u00fat\" \/>\n<script type=\"application\/ld+json\" class=\"yoast-schema-graph\">{\"@context\":\"https:\/\/schema.org\",\"@graph\":[{\"@type\":\"WebPage\",\"@id\":\"https:\/\/cungtenhanoi.com\/?product=riser-endeavor\",\"url\":\"https:\/\/cungtenhanoi.com\/?product=riser-endeavor\",\"name\":\"Cung t\u00ean th\u1ec3 thao TP-Endeavor - Cung T\u00ean H\u00e0 N\u1ed9i\",\"isPartOf\":{\"@id\":\"https:\/\/cungtenhanoi.com\/#website\"},\"datePublished\":\"2019-10-10T06:56:58+00:00\",\"dateModified\":\"2025-05-28T04:47:48+00:00\",\"description\":\"mua cung t\u00ean th\u1ec3 thao, mua cung t\u00ean t\u1ea1i h\u00e0 n\u1ed9i, cung tr\u1ee3 l\u1ef1c, cung compound, cung t\u00ean ch\u00ednh h\u00e3ng, cung t\u00ean m\u1ea1nh,cung t\u00ean h\u00e0 n\u1ed9i, cung t\u00ean , mua cung t\u00ean S\u00e0i g\u00f2n , mua m\u0169i t\u00ean b\u1eafn cung , cung b\u1eafn bi s\u1eaft , cung t\u00ean mini\",\"breadcrumb\":{\"@id\":\"https:\/\/cungtenhanoi.com\/?product=riser-endeavor#breadcrumb\"},\"inLanguage\":\"vi\",\"potentialAction\":[{\"@type\":\"ReadAction\",\"target\":[\"https:\/\/cungtenhanoi.com\/?product=riser-endeavor\"]}]},{\"@type\":\"BreadcrumbList\",\"@id\":\"https:\/\/cungtenhanoi.com\/?product=riser-endeavor#breadcrumb\",\"itemListElement\":[{\"@type\":\"ListItem\",\"position\":1,\"name\":\"Trang ch\u1ee7\",\"item\":\"https:\/\/cungtenhanoi.com\/\"},{\"@type\":\"ListItem\",\"position\":2,\"name\":\"Shop\",\"item\":\"https:\/\/cungtenhanoi.com\/?page_id=6\"},{\"@type\":\"ListItem\",\"position\":3,\"name\":\"Cung\",\"item\":\"https:\/\/cungtenhanoi.com\/danh-muc\/cung\/\"},{\"@type\":\"ListItem\",\"position\":4,\"name\":\"Cung t\u00ean th\u1ec3 thao TP-Endeavor\"}]},{\"@type\":\"WebSite\",\"@id\":\"https:\/\/cungtenhanoi.com\/#website\",\"url\":\"https:\/\/cungtenhanoi.com\/\",\"name\":\"Cung T\u00ean H\u00e0 N\u1ed9i\",\"description\":\"Cung c\u1ea5p c\u00e1c lo\u1ea1i cung t\u00ean th\u1ec3 thao s\u1ed1 1 Vi\u1ec7t Nam\",\"publisher\":{\"@id\":\"https:\/\/cungtenhanoi.com\/#organization\"},\"potentialAction\":[{\"@type\":\"SearchAction\",\"target\":{\"@type\":\"EntryPoint\",\"urlTemplate\":\"https:\/\/cungtenhanoi.com\/?s={search_term_string}\"},\"query-input\":\"required name=search_term_string\"}],\"inLanguage\":\"vi\"},{\"@type\":\"Organization\",\"@id\":\"https:\/\/cungtenhanoi.com\/#organization\",\"name\":\"Cung T\u00ean H\u00e0 N\u1ed9i\",\"url\":\"https:\/\/cungtenhanoi.com\/\",\"sameAs\":[],\"logo\":{\"@type\":\"ImageObject\",\"inLanguage\":\"vi\",\"@id\":\"https:\/\/cungtenhanoi.com\/#\/schema\/logo\/image\/\",\"url\":\"https:\/\/cungtenhanoi.com\/wp-content\/uploads\/2025\/05\/logo-den-trang.jpg\",\"contentUrl\":\"https:\/\/cungtenhanoi.com\/wp-content\/uploads\/2025\/05\/logo-den-trang.jpg\",\"width\":450,\"height\":450,\"caption\":\"Cung T\u00ean H\u00e0 N\u1ed9i\"},\"image\":{\"@id\":\"https:\/\/cungtenhanoi.com\/#\/schema\/logo\/image\/\"}}]}<\/script>\n<!-- \/ Yoast SEO plugin. -->","yoast_head_json":{"title":"Cung t\u00ean th\u1ec3 thao TP-Endeavor - Cung T\u00ean H\u00e0 N\u1ed9i","description":"mua cung t\u00ean th\u1ec3 thao, mua cung t\u00ean t\u1ea1i h\u00e0 n\u1ed9i, cung tr\u1ee3 l\u1ef1c, cung compound, cung t\u00ean ch\u00ednh h\u00e3ng, cung t\u00ean m\u1ea1nh,cung t\u00ean h\u00e0 n\u1ed9i, cung t\u00ean , mua cung t\u00ean S\u00e0i g\u00f2n , mua m\u0169i t\u00ean b\u1eafn cung , cung b\u1eafn bi s\u1eaft , cung t\u00ean mini","robots":{"index":"index","follow":"follow","max-snippet":"max-snippet:-1","max-image-preview":"max-image-preview:large","max-video-preview":"max-video-preview:-1"},"canonical":"https:\/\/cungtenhanoi.com\/?product=riser-endeavor","og_locale":"vi_VN","og_type":"article","og_title":"Cung t\u00ean th\u1ec3 thao TP-Endeavor - Cung T\u00ean H\u00e0 N\u1ed9i","og_description":"mua cung t\u00ean th\u1ec3 thao, mua cung t\u00ean t\u1ea1i h\u00e0 n\u1ed9i, cung tr\u1ee3 l\u1ef1c, cung compound, cung t\u00ean ch\u00ednh h\u00e3ng, cung t\u00ean m\u1ea1nh,cung t\u00ean h\u00e0 n\u1ed9i, cung t\u00ean , mua cung t\u00ean S\u00e0i g\u00f2n , mua m\u0169i t\u00ean b\u1eafn cung , cung b\u1eafn bi s\u1eaft , cung t\u00ean mini","og_url":"https:\/\/cungtenhanoi.com\/?product=riser-endeavor","og_site_name":"Cung T\u00ean H\u00e0 N\u1ed9i","article_modified_time":"2025-05-28T04:47:48+00:00","og_image":[{"width":800,"height":800,"url":"https:\/\/cungtenhanoi.com\/wp-content\/uploads\/2019\/10\/A1DC1597-9545-46CB-9FB7-6B8D595B61C1.jpeg","type":"image\/jpeg"}],"twitter_card":"summary_large_image","twitter_misc":{"\u01af\u1edbc t\u00ednh th\u1eddi gian \u0111\u1ecdc":"1 ph\u00fat"},"schema":{"@context":"https:\/\/schema.org","@graph":[{"@type":"WebPage","@id":"https:\/\/cungtenhanoi.com\/?product=riser-endeavor","url":"https:\/\/cungtenhanoi.com\/?product=riser-endeavor","name":"Cung t\u00ean th\u1ec3 thao TP-Endeavor - Cung T\u00ean H\u00e0 N\u1ed9i","isPartOf":{"@id":"https:\/\/cungtenhanoi.com\/#website"},"datePublished":"2019-10-10T06:56:58+00:00","dateModified":"2025-05-28T04:47:48+00:00","description":"mua cung t\u00ean th\u1ec3 thao, mua cung t\u00ean t\u1ea1i h\u00e0 n\u1ed9i, cung tr\u1ee3 l\u1ef1c, cung compound, cung t\u00ean ch\u00ednh h\u00e3ng, cung t\u00ean m\u1ea1nh,cung t\u00ean h\u00e0 n\u1ed9i, cung t\u00ean , mua cung t\u00ean S\u00e0i g\u00f2n , mua m\u0169i t\u00ean b\u1eafn cung , cung b\u1eafn bi s\u1eaft , cung t\u00ean mini","breadcrumb":{"@id":"https:\/\/cungtenhanoi.com\/?product=riser-endeavor#breadcrumb"},"inLanguage":"vi","potentialAction":[{"@type":"ReadAction","target":["https:\/\/cungtenhanoi.com\/?product=riser-endeavor"]}]},{"@type":"BreadcrumbList","@id":"https:\/\/cungtenhanoi.com\/?product=riser-endeavor#breadcrumb","itemListElement":[{"@type":"ListItem","position":1,"name":"Trang ch\u1ee7","item":"https:\/\/cungtenhanoi.com\/"},{"@type":"ListItem","position":2,"name":"Shop","item":"https:\/\/cungtenhanoi.com\/?page_id=6"},{"@type":"ListItem","position":3,"name":"Cung","item":"https:\/\/cungtenhanoi.com\/danh-muc\/cung\/"},{"@type":"ListItem","position":4,"name":"Cung t\u00ean th\u1ec3 thao TP-Endeavor"}]},{"@type":"WebSite","@id":"https:\/\/cungtenhanoi.com\/#website","url":"https:\/\/cungtenhanoi.com\/","name":"Cung T\u00ean H\u00e0 N\u1ed9i","description":"Cung c\u1ea5p c\u00e1c lo\u1ea1i cung t\u00ean th\u1ec3 thao s\u1ed1 1 Vi\u1ec7t Nam","publisher":{"@id":"https:\/\/cungtenhanoi.com\/#organization"},"potentialAction":[{"@type":"SearchAction","target":{"@type":"EntryPoint","urlTemplate":"https:\/\/cungtenhanoi.com\/?s={search_term_string}"},"query-input":"required name=search_term_string"}],"inLanguage":"vi"},{"@type":"Organization","@id":"https:\/\/cungtenhanoi.com\/#organization","name":"Cung T\u00ean H\u00e0 N\u1ed9i","url":"https:\/\/cungtenhanoi.com\/","sameAs":[],"logo":{"@type":"ImageObject","inLanguage":"vi","@id":"https:\/\/cungtenhanoi.com\/#\/schema\/logo\/image\/","url":"https:\/\/cungtenhanoi.com\/wp-content\/uploads\/2025\/05\/logo-den-trang.jpg","contentUrl":"https:\/\/cungtenhanoi.com\/wp-content\/uploads\/2025\/05\/logo-den-trang.jpg","width":450,"height":450,"caption":"Cung T\u00ean H\u00e0 N\u1ed9i"},"image":{"@id":"https:\/\/cungtenhanoi.com\/#\/schema\/logo\/image\/"}}]}},"_links":{"self":[{"href":"https:\/\/cungtenhanoi.com\/index.php?rest_route=\/wp\/v2\/product\/685"}],"collection":[{"href":"https:\/\/cungtenhanoi.com\/index.php?rest_route=\/wp\/v2\/product"}],"about":[{"href":"https:\/\/cungtenhanoi.com\/index.php?rest_route=\/wp\/v2\/types\/product"}],"replies":[{"embeddable":true,"href":"https:\/\/cungtenhanoi.com\/index.php?rest_route=%2Fwp%2Fv2%2Fcomments&post=685"}],"wp:featuredmedia":[{"embeddable":true,"href":"https:\/\/cungtenhanoi.com\/index.php?rest_route=\/wp\/v2\/media\/686"}],"wp:attachment":[{"href":"https:\/\/cungtenhanoi.com\/index.php?rest_route=%2Fwp%2Fv2%2Fmedia&parent=685"}],"wp:term":[{"taxonomy":"product_cat","embeddable":true,"href":"https:\/\/cungtenhanoi.com\/index.php?rest_route=%2Fwp%2Fv2%2Fproduct_cat&post=685"},{"taxonomy":"product_tag","embeddable":true,"href":"https:\/\/cungtenhanoi.com\/index.php?rest_route=%2Fwp%2Fv2%2Fproduct_tag&post=685"}],"curies":[{"name":"wp","href":"https:\/\/api.w.org\/{rel}","templated":true}]}}