{"id":691,"date":"2019-10-12T11:23:45","date_gmt":"2019-10-12T04:23:45","guid":{"rendered":"https:\/\/cungtenhanoi.com\/?post_type=product&#038;p=691"},"modified":"2025-05-28T23:52:51","modified_gmt":"2025-05-28T16:52:51","slug":"arrow-rest-tr817818","status":"publish","type":"product","link":"https:\/\/cungtenhanoi.com\/?product=arrow-rest-tr817818","title":{"rendered":"Arrow rest TR817\/818"},"content":{"rendered":"<p><img loading=\"lazy\" class=\"aligncenter size-full wp-image-692\" src=\"https:\/\/cungtenhanoi.com\/wp-content\/uploads\/2019\/10\/91F024A5-85EB-418D-91F9-4B8F22A059F3.jpeg\" alt=\"\" width=\"800\" height=\"565\" srcset=\"https:\/\/cungtenhanoi.com\/wp-content\/uploads\/2019\/10\/91F024A5-85EB-418D-91F9-4B8F22A059F3.jpeg 800w, https:\/\/cungtenhanoi.com\/wp-content\/uploads\/2019\/10\/91F024A5-85EB-418D-91F9-4B8F22A059F3-600x424.jpeg 600w, https:\/\/cungtenhanoi.com\/wp-content\/uploads\/2019\/10\/91F024A5-85EB-418D-91F9-4B8F22A059F3-64x45.jpeg 64w\" sizes=\"(max-width: 800px) 100vw, 800px\" \/> <img loading=\"lazy\" class=\"aligncenter size-full wp-image-693\" src=\"https:\/\/cungtenhanoi.com\/wp-content\/uploads\/2019\/10\/82C24CAC-FC44-4D01-B3C3-3C22FC6EFD52.jpeg\" alt=\"\" width=\"800\" height=\"726\" srcset=\"https:\/\/cungtenhanoi.com\/wp-content\/uploads\/2019\/10\/82C24CAC-FC44-4D01-B3C3-3C22FC6EFD52.jpeg 800w, https:\/\/cungtenhanoi.com\/wp-content\/uploads\/2019\/10\/82C24CAC-FC44-4D01-B3C3-3C22FC6EFD52-600x545.jpeg 600w, https:\/\/cungtenhanoi.com\/wp-content\/uploads\/2019\/10\/82C24CAC-FC44-4D01-B3C3-3C22FC6EFD52-64x58.jpeg 64w, https:\/\/cungtenhanoi.com\/wp-content\/uploads\/2019\/10\/82C24CAC-FC44-4D01-B3C3-3C22FC6EFD52-300x272.jpeg 300w, https:\/\/cungtenhanoi.com\/wp-content\/uploads\/2019\/10\/82C24CAC-FC44-4D01-B3C3-3C22FC6EFD52-768x697.jpeg 768w\" sizes=\"(max-width: 800px) 100vw, 800px\" \/> <img loading=\"lazy\" class=\"aligncenter size-full wp-image-694\" src=\"https:\/\/cungtenhanoi.com\/wp-content\/uploads\/2019\/10\/450E368F-FE0E-4A65-BA97-34CB9FF7C8AA.jpeg\" alt=\"\" width=\"800\" height=\"733\" srcset=\"https:\/\/cungtenhanoi.com\/wp-content\/uploads\/2019\/10\/450E368F-FE0E-4A65-BA97-34CB9FF7C8AA.jpeg 800w, https:\/\/cungtenhanoi.com\/wp-content\/uploads\/2019\/10\/450E368F-FE0E-4A65-BA97-34CB9FF7C8AA-600x550.jpeg 600w, https:\/\/cungtenhanoi.com\/wp-content\/uploads\/2019\/10\/450E368F-FE0E-4A65-BA97-34CB9FF7C8AA-64x59.jpeg 64w, https:\/\/cungtenhanoi.com\/wp-content\/uploads\/2019\/10\/450E368F-FE0E-4A65-BA97-34CB9FF7C8AA-300x275.jpeg 300w, https:\/\/cungtenhanoi.com\/wp-content\/uploads\/2019\/10\/450E368F-FE0E-4A65-BA97-34CB9FF7C8AA-768x704.jpeg 768w\" sizes=\"(max-width: 800px) 100vw, 800px\" \/> <img loading=\"lazy\" class=\"aligncenter size-full wp-image-695\" src=\"https:\/\/cungtenhanoi.com\/wp-content\/uploads\/2019\/10\/9F3F2C49-5107-4AF8-BCE7-A2845E29672C.jpeg\" alt=\"\" width=\"800\" height=\"560\" srcset=\"https:\/\/cungtenhanoi.com\/wp-content\/uploads\/2019\/10\/9F3F2C49-5107-4AF8-BCE7-A2845E29672C.jpeg 800w, https:\/\/cungtenhanoi.com\/wp-content\/uploads\/2019\/10\/9F3F2C49-5107-4AF8-BCE7-A2845E29672C-600x420.jpeg 600w, https:\/\/cungtenhanoi.com\/wp-content\/uploads\/2019\/10\/9F3F2C49-5107-4AF8-BCE7-A2845E29672C-64x45.jpeg 64w, https:\/\/cungtenhanoi.com\/wp-content\/uploads\/2019\/10\/9F3F2C49-5107-4AF8-BCE7-A2845E29672C-300x210.jpeg 300w, https:\/\/cungtenhanoi.com\/wp-content\/uploads\/2019\/10\/9F3F2C49-5107-4AF8-BCE7-A2845E29672C-768x538.jpeg 768w\" sizes=\"(max-width: 800px) 100vw, 800px\" \/> <img loading=\"lazy\" class=\"aligncenter size-full wp-image-696\" src=\"https:\/\/cungtenhanoi.com\/wp-content\/uploads\/2019\/10\/DE0EAB1D-09F4-4F6A-98AB-23A655BECE50.jpeg\" alt=\"\" width=\"750\" height=\"560\" srcset=\"https:\/\/cungtenhanoi.com\/wp-content\/uploads\/2019\/10\/DE0EAB1D-09F4-4F6A-98AB-23A655BECE50.jpeg 750w, https:\/\/cungtenhanoi.com\/wp-content\/uploads\/2019\/10\/DE0EAB1D-09F4-4F6A-98AB-23A655BECE50-600x448.jpeg 600w, https:\/\/cungtenhanoi.com\/wp-content\/uploads\/2019\/10\/DE0EAB1D-09F4-4F6A-98AB-23A655BECE50-64x48.jpeg 64w\" sizes=\"(max-width: 750px) 100vw, 750px\" \/><\/p>\n","protected":false},"excerpt":{"rendered":"","protected":false},"featured_media":692,"comment_status":"open","ping_status":"closed","template":"","meta":[],"product_cat":[20],"product_tag":[132,133,134,135],"acf":[],"yoast_head":"<!-- This site is optimized with the Yoast SEO plugin v19.8 - https:\/\/yoast.com\/wordpress\/plugins\/seo\/ -->\n<title>Arrow rest TR817\/818 - Cung T\u00ean H\u00e0 N\u1ed9i<\/title>\n<meta name=\"description\" content=\"mua cung t\u00ean th\u1ec3 thao, mua cung t\u00ean t\u1ea1i h\u00e0 n\u1ed9i, cung tr\u1ee3 l\u1ef1c, cung compound, cung t\u00ean ch\u00ednh h\u00e3ng, cung t\u00ean m\u1ea1nh,cung t\u00ean h\u00e0 n\u1ed9i, cung t\u00ean , mua cung t\u00ean S\u00e0i g\u00f2n , mua m\u0169i t\u00ean b\u1eafn cung , cung b\u1eafn bi s\u1eaft , cung t\u00ean mini\" \/>\n<meta name=\"robots\" content=\"index, follow, max-snippet:-1, max-image-preview:large, max-video-preview:-1\" \/>\n<link rel=\"canonical\" href=\"https:\/\/cungtenhanoi.com\/?product=arrow-rest-tr817818\" \/>\n<meta property=\"og:locale\" content=\"vi_VN\" \/>\n<meta property=\"og:type\" content=\"article\" \/>\n<meta property=\"og:title\" content=\"Arrow rest TR817\/818 - Cung T\u00ean H\u00e0 N\u1ed9i\" \/>\n<meta property=\"og:description\" content=\"mua cung t\u00ean th\u1ec3 thao, mua cung t\u00ean t\u1ea1i h\u00e0 n\u1ed9i, cung tr\u1ee3 l\u1ef1c, cung compound, cung t\u00ean ch\u00ednh h\u00e3ng, cung t\u00ean m\u1ea1nh,cung t\u00ean h\u00e0 n\u1ed9i, cung t\u00ean , mua cung t\u00ean S\u00e0i g\u00f2n , mua m\u0169i t\u00ean b\u1eafn cung , cung b\u1eafn bi s\u1eaft , cung t\u00ean mini\" \/>\n<meta property=\"og:url\" content=\"https:\/\/cungtenhanoi.com\/?product=arrow-rest-tr817818\" \/>\n<meta property=\"og:site_name\" content=\"Cung T\u00ean H\u00e0 N\u1ed9i\" \/>\n<meta property=\"article:modified_time\" content=\"2025-05-28T16:52:51+00:00\" \/>\n<meta property=\"og:image\" content=\"https:\/\/cungtenhanoi.com\/wp-content\/uploads\/2019\/10\/91F024A5-85EB-418D-91F9-4B8F22A059F3.jpeg\" \/>\n\t<meta property=\"og:image:width\" content=\"800\" \/>\n\t<meta property=\"og:image:height\" content=\"565\" \/>\n\t<meta property=\"og:image:type\" content=\"image\/jpeg\" \/>\n<meta name=\"twitter:card\" content=\"summary_large_image\" \/>\n<script type=\"application\/ld+json\" class=\"yoast-schema-graph\">{\"@context\":\"https:\/\/schema.org\",\"@graph\":[{\"@type\":\"WebPage\",\"@id\":\"https:\/\/cungtenhanoi.com\/?product=arrow-rest-tr817818\",\"url\":\"https:\/\/cungtenhanoi.com\/?product=arrow-rest-tr817818\",\"name\":\"Arrow rest TR817\/818 - Cung T\u00ean H\u00e0 N\u1ed9i\",\"isPartOf\":{\"@id\":\"https:\/\/cungtenhanoi.com\/#website\"},\"datePublished\":\"2019-10-12T04:23:45+00:00\",\"dateModified\":\"2025-05-28T16:52:51+00:00\",\"description\":\"mua cung t\u00ean th\u1ec3 thao, mua cung t\u00ean t\u1ea1i h\u00e0 n\u1ed9i, cung tr\u1ee3 l\u1ef1c, cung compound, cung t\u00ean ch\u00ednh h\u00e3ng, cung t\u00ean m\u1ea1nh,cung t\u00ean h\u00e0 n\u1ed9i, cung t\u00ean , mua cung t\u00ean S\u00e0i g\u00f2n , mua m\u0169i t\u00ean b\u1eafn cung , cung b\u1eafn bi s\u1eaft , cung t\u00ean mini\",\"breadcrumb\":{\"@id\":\"https:\/\/cungtenhanoi.com\/?product=arrow-rest-tr817818#breadcrumb\"},\"inLanguage\":\"vi\",\"potentialAction\":[{\"@type\":\"ReadAction\",\"target\":[\"https:\/\/cungtenhanoi.com\/?product=arrow-rest-tr817818\"]}]},{\"@type\":\"BreadcrumbList\",\"@id\":\"https:\/\/cungtenhanoi.com\/?product=arrow-rest-tr817818#breadcrumb\",\"itemListElement\":[{\"@type\":\"ListItem\",\"position\":1,\"name\":\"Trang ch\u1ee7\",\"item\":\"https:\/\/cungtenhanoi.com\/\"},{\"@type\":\"ListItem\",\"position\":2,\"name\":\"Shop\",\"item\":\"https:\/\/cungtenhanoi.com\/?page_id=6\"},{\"@type\":\"ListItem\",\"position\":3,\"name\":\"Ph\u1ee5 ki\u1ec7n\",\"item\":\"https:\/\/cungtenhanoi.com\/danh-muc\/phu-kien\/\"},{\"@type\":\"ListItem\",\"position\":4,\"name\":\"Arrow rest TR817\/818\"}]},{\"@type\":\"WebSite\",\"@id\":\"https:\/\/cungtenhanoi.com\/#website\",\"url\":\"https:\/\/cungtenhanoi.com\/\",\"name\":\"Cung T\u00ean H\u00e0 N\u1ed9i\",\"description\":\"Cung c\u1ea5p c\u00e1c lo\u1ea1i cung t\u00ean th\u1ec3 thao s\u1ed1 1 Vi\u1ec7t Nam\",\"publisher\":{\"@id\":\"https:\/\/cungtenhanoi.com\/#organization\"},\"potentialAction\":[{\"@type\":\"SearchAction\",\"target\":{\"@type\":\"EntryPoint\",\"urlTemplate\":\"https:\/\/cungtenhanoi.com\/?s={search_term_string}\"},\"query-input\":\"required name=search_term_string\"}],\"inLanguage\":\"vi\"},{\"@type\":\"Organization\",\"@id\":\"https:\/\/cungtenhanoi.com\/#organization\",\"name\":\"Cung T\u00ean H\u00e0 N\u1ed9i\",\"url\":\"https:\/\/cungtenhanoi.com\/\",\"sameAs\":[],\"logo\":{\"@type\":\"ImageObject\",\"inLanguage\":\"vi\",\"@id\":\"https:\/\/cungtenhanoi.com\/#\/schema\/logo\/image\/\",\"url\":\"https:\/\/cungtenhanoi.com\/wp-content\/uploads\/2025\/05\/logo-den-trang.jpg\",\"contentUrl\":\"https:\/\/cungtenhanoi.com\/wp-content\/uploads\/2025\/05\/logo-den-trang.jpg\",\"width\":450,\"height\":450,\"caption\":\"Cung T\u00ean H\u00e0 N\u1ed9i\"},\"image\":{\"@id\":\"https:\/\/cungtenhanoi.com\/#\/schema\/logo\/image\/\"}}]}<\/script>\n<!-- \/ Yoast SEO plugin. -->","yoast_head_json":{"title":"Arrow rest TR817\/818 - Cung T\u00ean H\u00e0 N\u1ed9i","description":"mua cung t\u00ean th\u1ec3 thao, mua cung t\u00ean t\u1ea1i h\u00e0 n\u1ed9i, cung tr\u1ee3 l\u1ef1c, cung compound, cung t\u00ean ch\u00ednh h\u00e3ng, cung t\u00ean m\u1ea1nh,cung t\u00ean h\u00e0 n\u1ed9i, cung t\u00ean , mua cung t\u00ean S\u00e0i g\u00f2n , mua m\u0169i t\u00ean b\u1eafn cung , cung b\u1eafn bi s\u1eaft , cung t\u00ean mini","robots":{"index":"index","follow":"follow","max-snippet":"max-snippet:-1","max-image-preview":"max-image-preview:large","max-video-preview":"max-video-preview:-1"},"canonical":"https:\/\/cungtenhanoi.com\/?product=arrow-rest-tr817818","og_locale":"vi_VN","og_type":"article","og_title":"Arrow rest TR817\/818 - Cung T\u00ean H\u00e0 N\u1ed9i","og_description":"mua cung t\u00ean th\u1ec3 thao, mua cung t\u00ean t\u1ea1i h\u00e0 n\u1ed9i, cung tr\u1ee3 l\u1ef1c, cung compound, cung t\u00ean ch\u00ednh h\u00e3ng, cung t\u00ean m\u1ea1nh,cung t\u00ean h\u00e0 n\u1ed9i, cung t\u00ean , mua cung t\u00ean S\u00e0i g\u00f2n , mua m\u0169i t\u00ean b\u1eafn cung , cung b\u1eafn bi s\u1eaft , cung t\u00ean mini","og_url":"https:\/\/cungtenhanoi.com\/?product=arrow-rest-tr817818","og_site_name":"Cung T\u00ean H\u00e0 N\u1ed9i","article_modified_time":"2025-05-28T16:52:51+00:00","og_image":[{"width":800,"height":565,"url":"https:\/\/cungtenhanoi.com\/wp-content\/uploads\/2019\/10\/91F024A5-85EB-418D-91F9-4B8F22A059F3.jpeg","type":"image\/jpeg"}],"twitter_card":"summary_large_image","schema":{"@context":"https:\/\/schema.org","@graph":[{"@type":"WebPage","@id":"https:\/\/cungtenhanoi.com\/?product=arrow-rest-tr817818","url":"https:\/\/cungtenhanoi.com\/?product=arrow-rest-tr817818","name":"Arrow rest TR817\/818 - Cung T\u00ean H\u00e0 N\u1ed9i","isPartOf":{"@id":"https:\/\/cungtenhanoi.com\/#website"},"datePublished":"2019-10-12T04:23:45+00:00","dateModified":"2025-05-28T16:52:51+00:00","description":"mua cung t\u00ean th\u1ec3 thao, mua cung t\u00ean t\u1ea1i h\u00e0 n\u1ed9i, cung tr\u1ee3 l\u1ef1c, cung compound, cung t\u00ean ch\u00ednh h\u00e3ng, cung t\u00ean m\u1ea1nh,cung t\u00ean h\u00e0 n\u1ed9i, cung t\u00ean , mua cung t\u00ean S\u00e0i g\u00f2n , mua m\u0169i t\u00ean b\u1eafn cung , cung b\u1eafn bi s\u1eaft , cung t\u00ean mini","breadcrumb":{"@id":"https:\/\/cungtenhanoi.com\/?product=arrow-rest-tr817818#breadcrumb"},"inLanguage":"vi","potentialAction":[{"@type":"ReadAction","target":["https:\/\/cungtenhanoi.com\/?product=arrow-rest-tr817818"]}]},{"@type":"BreadcrumbList","@id":"https:\/\/cungtenhanoi.com\/?product=arrow-rest-tr817818#breadcrumb","itemListElement":[{"@type":"ListItem","position":1,"name":"Trang ch\u1ee7","item":"https:\/\/cungtenhanoi.com\/"},{"@type":"ListItem","position":2,"name":"Shop","item":"https:\/\/cungtenhanoi.com\/?page_id=6"},{"@type":"ListItem","position":3,"name":"Ph\u1ee5 ki\u1ec7n","item":"https:\/\/cungtenhanoi.com\/danh-muc\/phu-kien\/"},{"@type":"ListItem","position":4,"name":"Arrow rest TR817\/818"}]},{"@type":"WebSite","@id":"https:\/\/cungtenhanoi.com\/#website","url":"https:\/\/cungtenhanoi.com\/","name":"Cung T\u00ean H\u00e0 N\u1ed9i","description":"Cung c\u1ea5p c\u00e1c lo\u1ea1i cung t\u00ean th\u1ec3 thao s\u1ed1 1 Vi\u1ec7t Nam","publisher":{"@id":"https:\/\/cungtenhanoi.com\/#organization"},"potentialAction":[{"@type":"SearchAction","target":{"@type":"EntryPoint","urlTemplate":"https:\/\/cungtenhanoi.com\/?s={search_term_string}"},"query-input":"required name=search_term_string"}],"inLanguage":"vi"},{"@type":"Organization","@id":"https:\/\/cungtenhanoi.com\/#organization","name":"Cung T\u00ean H\u00e0 N\u1ed9i","url":"https:\/\/cungtenhanoi.com\/","sameAs":[],"logo":{"@type":"ImageObject","inLanguage":"vi","@id":"https:\/\/cungtenhanoi.com\/#\/schema\/logo\/image\/","url":"https:\/\/cungtenhanoi.com\/wp-content\/uploads\/2025\/05\/logo-den-trang.jpg","contentUrl":"https:\/\/cungtenhanoi.com\/wp-content\/uploads\/2025\/05\/logo-den-trang.jpg","width":450,"height":450,"caption":"Cung T\u00ean H\u00e0 N\u1ed9i"},"image":{"@id":"https:\/\/cungtenhanoi.com\/#\/schema\/logo\/image\/"}}]}},"_links":{"self":[{"href":"https:\/\/cungtenhanoi.com\/index.php?rest_route=\/wp\/v2\/product\/691"}],"collection":[{"href":"https:\/\/cungtenhanoi.com\/index.php?rest_route=\/wp\/v2\/product"}],"about":[{"href":"https:\/\/cungtenhanoi.com\/index.php?rest_route=\/wp\/v2\/types\/product"}],"replies":[{"embeddable":true,"href":"https:\/\/cungtenhanoi.com\/index.php?rest_route=%2Fwp%2Fv2%2Fcomments&post=691"}],"wp:featuredmedia":[{"embeddable":true,"href":"https:\/\/cungtenhanoi.com\/index.php?rest_route=\/wp\/v2\/media\/692"}],"wp:attachment":[{"href":"https:\/\/cungtenhanoi.com\/index.php?rest_route=%2Fwp%2Fv2%2Fmedia&parent=691"}],"wp:term":[{"taxonomy":"product_cat","embeddable":true,"href":"https:\/\/cungtenhanoi.com\/index.php?rest_route=%2Fwp%2Fv2%2Fproduct_cat&post=691"},{"taxonomy":"product_tag","embeddable":true,"href":"https:\/\/cungtenhanoi.com\/index.php?rest_route=%2Fwp%2Fv2%2Fproduct_tag&post=691"}],"curies":[{"name":"wp","href":"https:\/\/api.w.org\/{rel}","templated":true}]}}