{"id":713,"date":"2019-11-20T18:22:19","date_gmt":"2019-11-20T11:22:19","guid":{"rendered":"https:\/\/cungtenhanoi.com\/?post_type=product&#038;p=713"},"modified":"2021-07-26T14:18:05","modified_gmt":"2021-07-26T07:18:05","slug":"bo-phu-kien-compound","status":"publish","type":"product","link":"https:\/\/cungtenhanoi.com\/?product=bo-phu-kien-compound","title":{"rendered":"B\u1ed9 ph\u1ee5 ki\u1ec7n compound"},"content":{"rendered":"<blockquote><p><img loading=\"lazy\" class=\"aligncenter size-full wp-image-714\" src=\"https:\/\/cungtenhanoi.com\/wp-content\/uploads\/2019\/11\/1D2C5DAC-499F-47FE-9A67-B13A89386620.jpeg\" alt=\"\" width=\"620\" height=\"365\" srcset=\"https:\/\/cungtenhanoi.com\/wp-content\/uploads\/2019\/11\/1D2C5DAC-499F-47FE-9A67-B13A89386620.jpeg 620w, https:\/\/cungtenhanoi.com\/wp-content\/uploads\/2019\/11\/1D2C5DAC-499F-47FE-9A67-B13A89386620-600x353.jpeg 600w, https:\/\/cungtenhanoi.com\/wp-content\/uploads\/2019\/11\/1D2C5DAC-499F-47FE-9A67-B13A89386620-64x38.jpeg 64w, https:\/\/cungtenhanoi.com\/wp-content\/uploads\/2019\/11\/1D2C5DAC-499F-47FE-9A67-B13A89386620-300x177.jpeg 300w\" sizes=\"(max-width: 620px) 100vw, 620px\" \/> <img loading=\"lazy\" class=\"aligncenter size-full wp-image-715\" src=\"https:\/\/cungtenhanoi.com\/wp-content\/uploads\/2019\/11\/C953DB4D-EF36-4E77-8534-37183923EE25.jpeg\" alt=\"\" width=\"620\" height=\"336\" srcset=\"https:\/\/cungtenhanoi.com\/wp-content\/uploads\/2019\/11\/C953DB4D-EF36-4E77-8534-37183923EE25.jpeg 620w, https:\/\/cungtenhanoi.com\/wp-content\/uploads\/2019\/11\/C953DB4D-EF36-4E77-8534-37183923EE25-600x325.jpeg 600w, https:\/\/cungtenhanoi.com\/wp-content\/uploads\/2019\/11\/C953DB4D-EF36-4E77-8534-37183923EE25-64x35.jpeg 64w, https:\/\/cungtenhanoi.com\/wp-content\/uploads\/2019\/11\/C953DB4D-EF36-4E77-8534-37183923EE25-300x163.jpeg 300w\" sizes=\"(max-width: 620px) 100vw, 620px\" \/> <img loading=\"lazy\" class=\"aligncenter size-full wp-image-716\" src=\"https:\/\/cungtenhanoi.com\/wp-content\/uploads\/2019\/11\/56A145BC-B317-4834-9A1D-193A10E55D91.jpeg\" alt=\"\" width=\"620\" height=\"371\" srcset=\"https:\/\/cungtenhanoi.com\/wp-content\/uploads\/2019\/11\/56A145BC-B317-4834-9A1D-193A10E55D91.jpeg 620w, https:\/\/cungtenhanoi.com\/wp-content\/uploads\/2019\/11\/56A145BC-B317-4834-9A1D-193A10E55D91-600x359.jpeg 600w, https:\/\/cungtenhanoi.com\/wp-content\/uploads\/2019\/11\/56A145BC-B317-4834-9A1D-193A10E55D91-64x38.jpeg 64w, https:\/\/cungtenhanoi.com\/wp-content\/uploads\/2019\/11\/56A145BC-B317-4834-9A1D-193A10E55D91-300x180.jpeg 300w\" sizes=\"(max-width: 620px) 100vw, 620px\" \/> <img loading=\"lazy\" class=\"aligncenter size-full wp-image-717\" src=\"https:\/\/cungtenhanoi.com\/wp-content\/uploads\/2019\/11\/7E80EE6F-089E-4589-993C-29D11C617DFE.jpeg\" alt=\"\" width=\"620\" height=\"366\" srcset=\"https:\/\/cungtenhanoi.com\/wp-content\/uploads\/2019\/11\/7E80EE6F-089E-4589-993C-29D11C617DFE.jpeg 620w, https:\/\/cungtenhanoi.com\/wp-content\/uploads\/2019\/11\/7E80EE6F-089E-4589-993C-29D11C617DFE-600x354.jpeg 600w, https:\/\/cungtenhanoi.com\/wp-content\/uploads\/2019\/11\/7E80EE6F-089E-4589-993C-29D11C617DFE-64x38.jpeg 64w\" sizes=\"(max-width: 620px) 100vw, 620px\" \/> <img loading=\"lazy\" class=\"aligncenter size-full wp-image-718\" src=\"https:\/\/cungtenhanoi.com\/wp-content\/uploads\/2019\/11\/91BA2F52-6759-4397-B3D4-5D60F43C03C8.jpeg\" alt=\"\" width=\"620\" height=\"300\" srcset=\"https:\/\/cungtenhanoi.com\/wp-content\/uploads\/2019\/11\/91BA2F52-6759-4397-B3D4-5D60F43C03C8.jpeg 620w, https:\/\/cungtenhanoi.com\/wp-content\/uploads\/2019\/11\/91BA2F52-6759-4397-B3D4-5D60F43C03C8-600x290.jpeg 600w, https:\/\/cungtenhanoi.com\/wp-content\/uploads\/2019\/11\/91BA2F52-6759-4397-B3D4-5D60F43C03C8-64x31.jpeg 64w\" sizes=\"(max-width: 620px) 100vw, 620px\" \/><\/p><\/blockquote>\n","protected":false},"excerpt":{"rendered":"","protected":false},"featured_media":718,"comment_status":"open","ping_status":"closed","template":"","meta":[],"product_cat":[20],"product_tag":[141],"acf":[],"yoast_head":"<!-- This site is optimized with the Yoast SEO plugin v19.8 - https:\/\/yoast.com\/wordpress\/plugins\/seo\/ -->\n<title>B\u1ed9 ph\u1ee5 ki\u1ec7n compound - Cung T\u00ean H\u00e0 N\u1ed9i<\/title>\n<meta name=\"description\" content=\"mua cung t\u00ean th\u1ec3 thao, mua cung t\u00ean t\u1ea1i h\u00e0 n\u1ed9i, cung tr\u1ee3 l\u1ef1c, cung compound, cung t\u00ean ch\u00ednh h\u00e3ng, cung t\u00ean m\u1ea1nh,cung t\u00ean h\u00e0 n\u1ed9i, cung t\u00ean , mua cung t\u00ean S\u00e0i g\u00f2n , mua m\u0169i t\u00ean b\u1eafn cung , cung b\u1eafn bi s\u1eaft , cung t\u00ean mini\" \/>\n<meta name=\"robots\" content=\"index, follow, max-snippet:-1, max-image-preview:large, max-video-preview:-1\" \/>\n<link rel=\"canonical\" href=\"https:\/\/cungtenhanoi.com\/?product=bo-phu-kien-compound\" \/>\n<meta property=\"og:locale\" content=\"vi_VN\" \/>\n<meta property=\"og:type\" content=\"article\" \/>\n<meta property=\"og:title\" content=\"B\u1ed9 ph\u1ee5 ki\u1ec7n compound - Cung T\u00ean H\u00e0 N\u1ed9i\" \/>\n<meta property=\"og:description\" content=\"mua cung t\u00ean th\u1ec3 thao, mua cung t\u00ean t\u1ea1i h\u00e0 n\u1ed9i, cung tr\u1ee3 l\u1ef1c, cung compound, cung t\u00ean ch\u00ednh h\u00e3ng, cung t\u00ean m\u1ea1nh,cung t\u00ean h\u00e0 n\u1ed9i, cung t\u00ean , mua cung t\u00ean S\u00e0i g\u00f2n , mua m\u0169i t\u00ean b\u1eafn cung , cung b\u1eafn bi s\u1eaft , cung t\u00ean mini\" \/>\n<meta property=\"og:url\" content=\"https:\/\/cungtenhanoi.com\/?product=bo-phu-kien-compound\" \/>\n<meta property=\"og:site_name\" content=\"Cung T\u00ean H\u00e0 N\u1ed9i\" \/>\n<meta property=\"article:modified_time\" content=\"2021-07-26T07:18:05+00:00\" \/>\n<meta property=\"og:image\" content=\"https:\/\/cungtenhanoi.com\/wp-content\/uploads\/2019\/11\/91BA2F52-6759-4397-B3D4-5D60F43C03C8.jpeg\" \/>\n\t<meta property=\"og:image:width\" content=\"620\" \/>\n\t<meta property=\"og:image:height\" content=\"300\" \/>\n\t<meta property=\"og:image:type\" content=\"image\/jpeg\" \/>\n<meta name=\"twitter:card\" content=\"summary_large_image\" \/>\n<script type=\"application\/ld+json\" class=\"yoast-schema-graph\">{\"@context\":\"https:\/\/schema.org\",\"@graph\":[{\"@type\":\"WebPage\",\"@id\":\"https:\/\/cungtenhanoi.com\/?product=bo-phu-kien-compound\",\"url\":\"https:\/\/cungtenhanoi.com\/?product=bo-phu-kien-compound\",\"name\":\"B\u1ed9 ph\u1ee5 ki\u1ec7n compound - Cung T\u00ean H\u00e0 N\u1ed9i\",\"isPartOf\":{\"@id\":\"https:\/\/cungtenhanoi.com\/#website\"},\"datePublished\":\"2019-11-20T11:22:19+00:00\",\"dateModified\":\"2021-07-26T07:18:05+00:00\",\"description\":\"mua cung t\u00ean th\u1ec3 thao, mua cung t\u00ean t\u1ea1i h\u00e0 n\u1ed9i, cung tr\u1ee3 l\u1ef1c, cung compound, cung t\u00ean ch\u00ednh h\u00e3ng, cung t\u00ean m\u1ea1nh,cung t\u00ean h\u00e0 n\u1ed9i, cung t\u00ean , mua cung t\u00ean S\u00e0i g\u00f2n , mua m\u0169i t\u00ean b\u1eafn cung , cung b\u1eafn bi s\u1eaft , cung t\u00ean mini\",\"breadcrumb\":{\"@id\":\"https:\/\/cungtenhanoi.com\/?product=bo-phu-kien-compound#breadcrumb\"},\"inLanguage\":\"vi\",\"potentialAction\":[{\"@type\":\"ReadAction\",\"target\":[\"https:\/\/cungtenhanoi.com\/?product=bo-phu-kien-compound\"]}]},{\"@type\":\"BreadcrumbList\",\"@id\":\"https:\/\/cungtenhanoi.com\/?product=bo-phu-kien-compound#breadcrumb\",\"itemListElement\":[{\"@type\":\"ListItem\",\"position\":1,\"name\":\"Trang ch\u1ee7\",\"item\":\"https:\/\/cungtenhanoi.com\/\"},{\"@type\":\"ListItem\",\"position\":2,\"name\":\"Shop\",\"item\":\"https:\/\/cungtenhanoi.com\/?page_id=6\"},{\"@type\":\"ListItem\",\"position\":3,\"name\":\"Ph\u1ee5 ki\u1ec7n\",\"item\":\"https:\/\/cungtenhanoi.com\/danh-muc\/phu-kien\/\"},{\"@type\":\"ListItem\",\"position\":4,\"name\":\"B\u1ed9 ph\u1ee5 ki\u1ec7n compound\"}]},{\"@type\":\"WebSite\",\"@id\":\"https:\/\/cungtenhanoi.com\/#website\",\"url\":\"https:\/\/cungtenhanoi.com\/\",\"name\":\"Cung T\u00ean H\u00e0 N\u1ed9i\",\"description\":\"Cung c\u1ea5p c\u00e1c lo\u1ea1i cung t\u00ean th\u1ec3 thao s\u1ed1 1 Vi\u1ec7t Nam\",\"publisher\":{\"@id\":\"https:\/\/cungtenhanoi.com\/#organization\"},\"potentialAction\":[{\"@type\":\"SearchAction\",\"target\":{\"@type\":\"EntryPoint\",\"urlTemplate\":\"https:\/\/cungtenhanoi.com\/?s={search_term_string}\"},\"query-input\":\"required name=search_term_string\"}],\"inLanguage\":\"vi\"},{\"@type\":\"Organization\",\"@id\":\"https:\/\/cungtenhanoi.com\/#organization\",\"name\":\"Cung T\u00ean H\u00e0 N\u1ed9i\",\"url\":\"https:\/\/cungtenhanoi.com\/\",\"sameAs\":[],\"logo\":{\"@type\":\"ImageObject\",\"inLanguage\":\"vi\",\"@id\":\"https:\/\/cungtenhanoi.com\/#\/schema\/logo\/image\/\",\"url\":\"https:\/\/cungtenhanoi.com\/wp-content\/uploads\/2025\/05\/logo-den-trang.jpg\",\"contentUrl\":\"https:\/\/cungtenhanoi.com\/wp-content\/uploads\/2025\/05\/logo-den-trang.jpg\",\"width\":450,\"height\":450,\"caption\":\"Cung T\u00ean H\u00e0 N\u1ed9i\"},\"image\":{\"@id\":\"https:\/\/cungtenhanoi.com\/#\/schema\/logo\/image\/\"}}]}<\/script>\n<!-- \/ Yoast SEO plugin. -->","yoast_head_json":{"title":"B\u1ed9 ph\u1ee5 ki\u1ec7n compound - Cung T\u00ean H\u00e0 N\u1ed9i","description":"mua cung t\u00ean th\u1ec3 thao, mua cung t\u00ean t\u1ea1i h\u00e0 n\u1ed9i, cung tr\u1ee3 l\u1ef1c, cung compound, cung t\u00ean ch\u00ednh h\u00e3ng, cung t\u00ean m\u1ea1nh,cung t\u00ean h\u00e0 n\u1ed9i, cung t\u00ean , mua cung t\u00ean S\u00e0i g\u00f2n , mua m\u0169i t\u00ean b\u1eafn cung , cung b\u1eafn bi s\u1eaft , cung t\u00ean mini","robots":{"index":"index","follow":"follow","max-snippet":"max-snippet:-1","max-image-preview":"max-image-preview:large","max-video-preview":"max-video-preview:-1"},"canonical":"https:\/\/cungtenhanoi.com\/?product=bo-phu-kien-compound","og_locale":"vi_VN","og_type":"article","og_title":"B\u1ed9 ph\u1ee5 ki\u1ec7n compound - Cung T\u00ean H\u00e0 N\u1ed9i","og_description":"mua cung t\u00ean th\u1ec3 thao, mua cung t\u00ean t\u1ea1i h\u00e0 n\u1ed9i, cung tr\u1ee3 l\u1ef1c, cung compound, cung t\u00ean ch\u00ednh h\u00e3ng, cung t\u00ean m\u1ea1nh,cung t\u00ean h\u00e0 n\u1ed9i, cung t\u00ean , mua cung t\u00ean S\u00e0i g\u00f2n , mua m\u0169i t\u00ean b\u1eafn cung , cung b\u1eafn bi s\u1eaft , cung t\u00ean mini","og_url":"https:\/\/cungtenhanoi.com\/?product=bo-phu-kien-compound","og_site_name":"Cung T\u00ean H\u00e0 N\u1ed9i","article_modified_time":"2021-07-26T07:18:05+00:00","og_image":[{"width":620,"height":300,"url":"https:\/\/cungtenhanoi.com\/wp-content\/uploads\/2019\/11\/91BA2F52-6759-4397-B3D4-5D60F43C03C8.jpeg","type":"image\/jpeg"}],"twitter_card":"summary_large_image","schema":{"@context":"https:\/\/schema.org","@graph":[{"@type":"WebPage","@id":"https:\/\/cungtenhanoi.com\/?product=bo-phu-kien-compound","url":"https:\/\/cungtenhanoi.com\/?product=bo-phu-kien-compound","name":"B\u1ed9 ph\u1ee5 ki\u1ec7n compound - Cung T\u00ean H\u00e0 N\u1ed9i","isPartOf":{"@id":"https:\/\/cungtenhanoi.com\/#website"},"datePublished":"2019-11-20T11:22:19+00:00","dateModified":"2021-07-26T07:18:05+00:00","description":"mua cung t\u00ean th\u1ec3 thao, mua cung t\u00ean t\u1ea1i h\u00e0 n\u1ed9i, cung tr\u1ee3 l\u1ef1c, cung compound, cung t\u00ean ch\u00ednh h\u00e3ng, cung t\u00ean m\u1ea1nh,cung t\u00ean h\u00e0 n\u1ed9i, cung t\u00ean , mua cung t\u00ean S\u00e0i g\u00f2n , mua m\u0169i t\u00ean b\u1eafn cung , cung b\u1eafn bi s\u1eaft , cung t\u00ean mini","breadcrumb":{"@id":"https:\/\/cungtenhanoi.com\/?product=bo-phu-kien-compound#breadcrumb"},"inLanguage":"vi","potentialAction":[{"@type":"ReadAction","target":["https:\/\/cungtenhanoi.com\/?product=bo-phu-kien-compound"]}]},{"@type":"BreadcrumbList","@id":"https:\/\/cungtenhanoi.com\/?product=bo-phu-kien-compound#breadcrumb","itemListElement":[{"@type":"ListItem","position":1,"name":"Trang ch\u1ee7","item":"https:\/\/cungtenhanoi.com\/"},{"@type":"ListItem","position":2,"name":"Shop","item":"https:\/\/cungtenhanoi.com\/?page_id=6"},{"@type":"ListItem","position":3,"name":"Ph\u1ee5 ki\u1ec7n","item":"https:\/\/cungtenhanoi.com\/danh-muc\/phu-kien\/"},{"@type":"ListItem","position":4,"name":"B\u1ed9 ph\u1ee5 ki\u1ec7n compound"}]},{"@type":"WebSite","@id":"https:\/\/cungtenhanoi.com\/#website","url":"https:\/\/cungtenhanoi.com\/","name":"Cung T\u00ean H\u00e0 N\u1ed9i","description":"Cung c\u1ea5p c\u00e1c lo\u1ea1i cung t\u00ean th\u1ec3 thao s\u1ed1 1 Vi\u1ec7t Nam","publisher":{"@id":"https:\/\/cungtenhanoi.com\/#organization"},"potentialAction":[{"@type":"SearchAction","target":{"@type":"EntryPoint","urlTemplate":"https:\/\/cungtenhanoi.com\/?s={search_term_string}"},"query-input":"required name=search_term_string"}],"inLanguage":"vi"},{"@type":"Organization","@id":"https:\/\/cungtenhanoi.com\/#organization","name":"Cung T\u00ean H\u00e0 N\u1ed9i","url":"https:\/\/cungtenhanoi.com\/","sameAs":[],"logo":{"@type":"ImageObject","inLanguage":"vi","@id":"https:\/\/cungtenhanoi.com\/#\/schema\/logo\/image\/","url":"https:\/\/cungtenhanoi.com\/wp-content\/uploads\/2025\/05\/logo-den-trang.jpg","contentUrl":"https:\/\/cungtenhanoi.com\/wp-content\/uploads\/2025\/05\/logo-den-trang.jpg","width":450,"height":450,"caption":"Cung T\u00ean H\u00e0 N\u1ed9i"},"image":{"@id":"https:\/\/cungtenhanoi.com\/#\/schema\/logo\/image\/"}}]}},"_links":{"self":[{"href":"https:\/\/cungtenhanoi.com\/index.php?rest_route=\/wp\/v2\/product\/713"}],"collection":[{"href":"https:\/\/cungtenhanoi.com\/index.php?rest_route=\/wp\/v2\/product"}],"about":[{"href":"https:\/\/cungtenhanoi.com\/index.php?rest_route=\/wp\/v2\/types\/product"}],"replies":[{"embeddable":true,"href":"https:\/\/cungtenhanoi.com\/index.php?rest_route=%2Fwp%2Fv2%2Fcomments&post=713"}],"wp:featuredmedia":[{"embeddable":true,"href":"https:\/\/cungtenhanoi.com\/index.php?rest_route=\/wp\/v2\/media\/718"}],"wp:attachment":[{"href":"https:\/\/cungtenhanoi.com\/index.php?rest_route=%2Fwp%2Fv2%2Fmedia&parent=713"}],"wp:term":[{"taxonomy":"product_cat","embeddable":true,"href":"https:\/\/cungtenhanoi.com\/index.php?rest_route=%2Fwp%2Fv2%2Fproduct_cat&post=713"},{"taxonomy":"product_tag","embeddable":true,"href":"https:\/\/cungtenhanoi.com\/index.php?rest_route=%2Fwp%2Fv2%2Fproduct_tag&post=713"}],"curies":[{"name":"wp","href":"https:\/\/api.w.org\/{rel}","templated":true}]}}