{"id":744,"date":"2020-03-27T20:34:48","date_gmt":"2020-03-27T13:34:48","guid":{"rendered":"https:\/\/cungtenhanoi.com\/?post_type=product&#038;p=744"},"modified":"2022-04-04T21:18:57","modified_gmt":"2022-04-04T14:18:57","slug":"compound-target-jx-m108","status":"publish","type":"product","link":"https:\/\/cungtenhanoi.com\/?product=compound-target-jx-m108","title":{"rendered":"Compound Target JX-M108"},"content":{"rendered":"<ol>\n<li style=\"text-align: center;\">D\u00f2ng cung chuy\u00ean b\u1eafn m\u1ee5c ti\u00eau c\u1ee7a JX, s\u1eb5n m\u00e0u \u0111en c\u00e1c m\u00e0u kh\u00e1c qu\u00fd kh\u00e1ch vui l\u00f2ng g\u1ecdi 0911 682 663<br \/>\nRiser h\u1ee3p kim nh\u00f4m c\u1eaft CNC nguy\u00ean kh\u1ed1i + limb cacbon<br \/>\nTh\u00f4ng s\u1ed1<\/li>\n<\/ol>\n<p style=\"text-align: center;\">Axle to axle: 40&#8243;<br \/>\nBow weight: 4.7lbs<br \/>\nBrace height: 7.1&#8243;<br \/>\nDraw weight: 30lb &#8211; 60lbs<br \/>\nDraw length: 24&#8243; &#8211; 30.5&#8243;<br \/>\nIBO Speed: 315fps<\/p>\n<p style=\"text-align: center;\">Cung kh\u00f4ng 4.450.000 VN\u0110<br \/>\nFull option c\u01a1 b\u1ea3n : 6.450.000 VN\u0110 ( cung + 7 t\u00ean + arrow rest + th\u01b0\u1edbc ng\u1eafm + ch\u1ed1ng rung + k\u00ecm b\u1eafn + guarm + bia m\u1ee5c ti\u00eau + ph\u1ee5 ki\u1ec7n kh\u00e1c)<\/p>\n<p>&nbsp;<\/p>\n<p><img loading=\"lazy\" class=\"aligncenter  wp-image-1934\" style=\"text-align: center;\" src=\"https:\/\/cungtenhanoi.com\/wp-content\/uploads\/2020\/03\/ADF413DC-FE78-4085-A251-7549390AB087.jpeg\" alt=\"\" width=\"967\" height=\"1290\" \/><img loading=\"lazy\" class=\"aligncenter  wp-image-1935\" style=\"text-align: center;\" src=\"https:\/\/cungtenhanoi.com\/wp-content\/uploads\/2020\/03\/C4B62EEB-C554-47AE-8C69-C80CD19726AC.jpeg\" alt=\"\" width=\"968\" height=\"1291\" \/><img loading=\"lazy\" class=\"aligncenter  wp-image-1526\" src=\"https:\/\/cungtenhanoi.com\/wp-content\/uploads\/2020\/03\/BFB1F5F9-D911-4CF3-B110-CCE4F143D3C0.jpeg\" alt=\"\" width=\"969\" height=\"1292\" srcset=\"https:\/\/cungtenhanoi.com\/wp-content\/uploads\/2020\/03\/BFB1F5F9-D911-4CF3-B110-CCE4F143D3C0.jpeg 1536w, https:\/\/cungtenhanoi.com\/wp-content\/uploads\/2020\/03\/BFB1F5F9-D911-4CF3-B110-CCE4F143D3C0-600x800.jpeg 600w, https:\/\/cungtenhanoi.com\/wp-content\/uploads\/2020\/03\/BFB1F5F9-D911-4CF3-B110-CCE4F143D3C0-64x85.jpeg 64w, https:\/\/cungtenhanoi.com\/wp-content\/uploads\/2020\/03\/BFB1F5F9-D911-4CF3-B110-CCE4F143D3C0-225x300.jpeg 225w, https:\/\/cungtenhanoi.com\/wp-content\/uploads\/2020\/03\/BFB1F5F9-D911-4CF3-B110-CCE4F143D3C0-768x1024.jpeg 768w\" sizes=\"(max-width: 969px) 100vw, 969px\" \/><img loading=\"lazy\" class=\"aligncenter  wp-image-1527\" src=\"https:\/\/cungtenhanoi.com\/wp-content\/uploads\/2020\/03\/3324963D-0062-4B82-B471-87F977502E7F.jpeg\" alt=\"\" width=\"968\" height=\"1291\" srcset=\"https:\/\/cungtenhanoi.com\/wp-content\/uploads\/2020\/03\/3324963D-0062-4B82-B471-87F977502E7F.jpeg 1536w, https:\/\/cungtenhanoi.com\/wp-content\/uploads\/2020\/03\/3324963D-0062-4B82-B471-87F977502E7F-600x800.jpeg 600w, https:\/\/cungtenhanoi.com\/wp-content\/uploads\/2020\/03\/3324963D-0062-4B82-B471-87F977502E7F-64x85.jpeg 64w, https:\/\/cungtenhanoi.com\/wp-content\/uploads\/2020\/03\/3324963D-0062-4B82-B471-87F977502E7F-225x300.jpeg 225w, https:\/\/cungtenhanoi.com\/wp-content\/uploads\/2020\/03\/3324963D-0062-4B82-B471-87F977502E7F-768x1024.jpeg 768w\" sizes=\"(max-width: 968px) 100vw, 968px\" \/><\/p>\n<p><img loading=\"lazy\" class=\"aligncenter size-full wp-image-749\" src=\"https:\/\/cungtenhanoi.com\/wp-content\/uploads\/2020\/03\/5c3beeb005bec.jpg\" alt=\"\" width=\"580\" height=\"1000\" srcset=\"https:\/\/cungtenhanoi.com\/wp-content\/uploads\/2020\/03\/5c3beeb005bec.jpg 580w, https:\/\/cungtenhanoi.com\/wp-content\/uploads\/2020\/03\/5c3beeb005bec-64x110.jpg 64w, https:\/\/cungtenhanoi.com\/wp-content\/uploads\/2020\/03\/5c3beeb005bec-174x300.jpg 174w\" sizes=\"(max-width: 580px) 100vw, 580px\" \/> <img loading=\"lazy\" class=\"aligncenter size-full wp-image-750\" src=\"https:\/\/cungtenhanoi.com\/wp-content\/uploads\/2020\/03\/5c3bf1cfcd5a4.jpg\" alt=\"\" width=\"580\" height=\"1000\" srcset=\"https:\/\/cungtenhanoi.com\/wp-content\/uploads\/2020\/03\/5c3bf1cfcd5a4.jpg 580w, https:\/\/cungtenhanoi.com\/wp-content\/uploads\/2020\/03\/5c3bf1cfcd5a4-64x110.jpg 64w, https:\/\/cungtenhanoi.com\/wp-content\/uploads\/2020\/03\/5c3bf1cfcd5a4-174x300.jpg 174w\" sizes=\"(max-width: 580px) 100vw, 580px\" \/> <img loading=\"lazy\" class=\"aligncenter size-full wp-image-751\" src=\"https:\/\/cungtenhanoi.com\/wp-content\/uploads\/2020\/03\/5c3bf2cdd976f.jpg\" alt=\"\" width=\"580\" height=\"1000\" srcset=\"https:\/\/cungtenhanoi.com\/wp-content\/uploads\/2020\/03\/5c3bf2cdd976f.jpg 580w, https:\/\/cungtenhanoi.com\/wp-content\/uploads\/2020\/03\/5c3bf2cdd976f-64x110.jpg 64w, https:\/\/cungtenhanoi.com\/wp-content\/uploads\/2020\/03\/5c3bf2cdd976f-174x300.jpg 174w\" sizes=\"(max-width: 580px) 100vw, 580px\" \/> <img loading=\"lazy\" class=\"aligncenter size-full wp-image-752\" src=\"https:\/\/cungtenhanoi.com\/wp-content\/uploads\/2020\/03\/5c3bf0784542b.jpg\" alt=\"\" width=\"580\" height=\"1000\" srcset=\"https:\/\/cungtenhanoi.com\/wp-content\/uploads\/2020\/03\/5c3bf0784542b.jpg 580w, https:\/\/cungtenhanoi.com\/wp-content\/uploads\/2020\/03\/5c3bf0784542b-64x110.jpg 64w, https:\/\/cungtenhanoi.com\/wp-content\/uploads\/2020\/03\/5c3bf0784542b-174x300.jpg 174w\" sizes=\"(max-width: 580px) 100vw, 580px\" \/><br \/>\n<img loading=\"lazy\" class=\"aligncenter size-full wp-image-745\" src=\"https:\/\/cungtenhanoi.com\/wp-content\/uploads\/2020\/03\/Archery-M108-Compound-Bow-30-55-lbs-Adjustable-Pulley-Bow-Arrow-Sets-Outdoor-Sports-Shooting-Hunting.jpg\" alt=\"\" width=\"800\" height=\"800\" srcset=\"https:\/\/cungtenhanoi.com\/wp-content\/uploads\/2020\/03\/Archery-M108-Compound-Bow-30-55-lbs-Adjustable-Pulley-Bow-Arrow-Sets-Outdoor-Sports-Shooting-Hunting.jpg 800w, https:\/\/cungtenhanoi.com\/wp-content\/uploads\/2020\/03\/Archery-M108-Compound-Bow-30-55-lbs-Adjustable-Pulley-Bow-Arrow-Sets-Outdoor-Sports-Shooting-Hunting-300x300.jpg 300w, https:\/\/cungtenhanoi.com\/wp-content\/uploads\/2020\/03\/Archery-M108-Compound-Bow-30-55-lbs-Adjustable-Pulley-Bow-Arrow-Sets-Outdoor-Sports-Shooting-Hunting-100x100.jpg 100w, https:\/\/cungtenhanoi.com\/wp-content\/uploads\/2020\/03\/Archery-M108-Compound-Bow-30-55-lbs-Adjustable-Pulley-Bow-Arrow-Sets-Outdoor-Sports-Shooting-Hunting-600x600.jpg 600w, https:\/\/cungtenhanoi.com\/wp-content\/uploads\/2020\/03\/Archery-M108-Compound-Bow-30-55-lbs-Adjustable-Pulley-Bow-Arrow-Sets-Outdoor-Sports-Shooting-Hunting-64x64.jpg 64w, https:\/\/cungtenhanoi.com\/wp-content\/uploads\/2020\/03\/Archery-M108-Compound-Bow-30-55-lbs-Adjustable-Pulley-Bow-Arrow-Sets-Outdoor-Sports-Shooting-Hunting-150x150.jpg 150w, https:\/\/cungtenhanoi.com\/wp-content\/uploads\/2020\/03\/Archery-M108-Compound-Bow-30-55-lbs-Adjustable-Pulley-Bow-Arrow-Sets-Outdoor-Sports-Shooting-Hunting-768x768.jpg 768w, https:\/\/cungtenhanoi.com\/wp-content\/uploads\/2020\/03\/Archery-M108-Compound-Bow-30-55-lbs-Adjustable-Pulley-Bow-Arrow-Sets-Outdoor-Sports-Shooting-Hunting-180x180.jpg 180w, https:\/\/cungtenhanoi.com\/wp-content\/uploads\/2020\/03\/Archery-M108-Compound-Bow-30-55-lbs-Adjustable-Pulley-Bow-Arrow-Sets-Outdoor-Sports-Shooting-Hunting-45x45.jpg 45w\" sizes=\"(max-width: 800px) 100vw, 800px\" \/> <img loading=\"lazy\" class=\"aligncenter size-full wp-image-746\" src=\"https:\/\/cungtenhanoi.com\/wp-content\/uploads\/2020\/03\/Archery-M108-Compound-Bow-30-55-lbs-Adjustable-Pulley-Bow-Arrow-Sets-Outdoor-Sports-Shooting-Hunting.jpg_640x640q70.jpg\" alt=\"\" width=\"632\" height=\"481\" srcset=\"https:\/\/cungtenhanoi.com\/wp-content\/uploads\/2020\/03\/Archery-M108-Compound-Bow-30-55-lbs-Adjustable-Pulley-Bow-Arrow-Sets-Outdoor-Sports-Shooting-Hunting.jpg_640x640q70.jpg 632w, https:\/\/cungtenhanoi.com\/wp-content\/uploads\/2020\/03\/Archery-M108-Compound-Bow-30-55-lbs-Adjustable-Pulley-Bow-Arrow-Sets-Outdoor-Sports-Shooting-Hunting.jpg_640x640q70-600x457.jpg 600w, https:\/\/cungtenhanoi.com\/wp-content\/uploads\/2020\/03\/Archery-M108-Compound-Bow-30-55-lbs-Adjustable-Pulley-Bow-Arrow-Sets-Outdoor-Sports-Shooting-Hunting.jpg_640x640q70-64x49.jpg 64w\" sizes=\"(max-width: 632px) 100vw, 632px\" \/><\/p>\n<p><img loading=\"lazy\" class=\"aligncenter size-full wp-image-747\" src=\"https:\/\/cungtenhanoi.com\/wp-content\/uploads\/2020\/03\/H86a64a6890a944a1b8be8cd549a8eed1g.jpg\" alt=\"\" width=\"800\" height=\"800\" srcset=\"https:\/\/cungtenhanoi.com\/wp-content\/uploads\/2020\/03\/H86a64a6890a944a1b8be8cd549a8eed1g.jpg 800w, https:\/\/cungtenhanoi.com\/wp-content\/uploads\/2020\/03\/H86a64a6890a944a1b8be8cd549a8eed1g-300x300.jpg 300w, https:\/\/cungtenhanoi.com\/wp-content\/uploads\/2020\/03\/H86a64a6890a944a1b8be8cd549a8eed1g-100x100.jpg 100w, https:\/\/cungtenhanoi.com\/wp-content\/uploads\/2020\/03\/H86a64a6890a944a1b8be8cd549a8eed1g-600x600.jpg 600w, https:\/\/cungtenhanoi.com\/wp-content\/uploads\/2020\/03\/H86a64a6890a944a1b8be8cd549a8eed1g-64x64.jpg 64w\" sizes=\"(max-width: 800px) 100vw, 800px\" \/> <img loading=\"lazy\" class=\"aligncenter size-full wp-image-748\" src=\"https:\/\/cungtenhanoi.com\/wp-content\/uploads\/2020\/03\/HTB1DlZXbdfvK1RjSszhq6AcGFXaf.jpg\" alt=\"\" width=\"1000\" height=\"1324\" srcset=\"https:\/\/cungtenhanoi.com\/wp-content\/uploads\/2020\/03\/HTB1DlZXbdfvK1RjSszhq6AcGFXaf.jpg 1000w, https:\/\/cungtenhanoi.com\/wp-content\/uploads\/2020\/03\/HTB1DlZXbdfvK1RjSszhq6AcGFXaf-600x794.jpg 600w, https:\/\/cungtenhanoi.com\/wp-content\/uploads\/2020\/03\/HTB1DlZXbdfvK1RjSszhq6AcGFXaf-64x85.jpg 64w, https:\/\/cungtenhanoi.com\/wp-content\/uploads\/2020\/03\/HTB1DlZXbdfvK1RjSszhq6AcGFXaf-227x300.jpg 227w, https:\/\/cungtenhanoi.com\/wp-content\/uploads\/2020\/03\/HTB1DlZXbdfvK1RjSszhq6AcGFXaf-768x1017.jpg 768w, https:\/\/cungtenhanoi.com\/wp-content\/uploads\/2020\/03\/HTB1DlZXbdfvK1RjSszhq6AcGFXaf-773x1024.jpg 773w\" sizes=\"(max-width: 1000px) 100vw, 1000px\" \/><\/p>\n","protected":false},"excerpt":{"rendered":"<p>D\u00f2ng cung chuy\u00ean b\u1eafn m\u1ee5c ti\u00eau c\u1ee7a JX, s\u1eb5n m\u00e0u \u0111en c\u00e1c m\u00e0u kh\u00e1c qu\u00fd kh\u00e1ch vui l\u00f2ng g\u1ecdi 0911 682 663 Riser h\u1ee3p kim nh\u00f4m c\u1eaft CNC nguy\u00ean kh\u1ed1i + limb cacbon Th\u00f4ng s\u1ed1 Axle to axle: 40&#8243; Bow weight: 4.7lbs Brace height: 7.1&#8243; Draw weight: 30lb &#8211; 60lbs Draw length: 24&#8243; &#8211; 30.5&#8243;<\/p>\n","protected":false},"featured_media":746,"comment_status":"open","ping_status":"closed","template":"","meta":[],"product_cat":[17],"product_tag":[198,34,413,257,61,148,41],"acf":[],"yoast_head":"<!-- This site is optimized with the Yoast SEO plugin v19.8 - https:\/\/yoast.com\/wordpress\/plugins\/seo\/ -->\n<title>Compound Target JX-M108 - Cung T\u00ean H\u00e0 N\u1ed9i<\/title>\n<meta name=\"description\" content=\"mua cung t\u00ean th\u1ec3 thao, mua cung t\u00ean t\u1ea1i h\u00e0 n\u1ed9i, cung tr\u1ee3 l\u1ef1c, cung compound, cung t\u00ean ch\u00ednh h\u00e3ng, cung t\u00ean m\u1ea1nh,cung t\u00ean h\u00e0 n\u1ed9i, cung t\u00ean , mua cung t\u00ean S\u00e0i g\u00f2n , mua m\u0169i t\u00ean b\u1eafn cung , cung b\u1eafn bi s\u1eaft , cung t\u00ean mini\" \/>\n<meta name=\"robots\" content=\"index, follow, max-snippet:-1, max-image-preview:large, max-video-preview:-1\" \/>\n<link rel=\"canonical\" href=\"https:\/\/cungtenhanoi.com\/?product=compound-target-jx-m108\" \/>\n<meta property=\"og:locale\" content=\"vi_VN\" \/>\n<meta property=\"og:type\" content=\"article\" \/>\n<meta property=\"og:title\" content=\"Compound Target JX-M108 - Cung T\u00ean H\u00e0 N\u1ed9i\" \/>\n<meta property=\"og:description\" content=\"mua cung t\u00ean th\u1ec3 thao, mua cung t\u00ean t\u1ea1i h\u00e0 n\u1ed9i, cung tr\u1ee3 l\u1ef1c, cung compound, cung t\u00ean ch\u00ednh h\u00e3ng, cung t\u00ean m\u1ea1nh,cung t\u00ean h\u00e0 n\u1ed9i, cung t\u00ean , mua cung t\u00ean S\u00e0i g\u00f2n , mua m\u0169i t\u00ean b\u1eafn cung , cung b\u1eafn bi s\u1eaft , cung t\u00ean mini\" \/>\n<meta property=\"og:url\" content=\"https:\/\/cungtenhanoi.com\/?product=compound-target-jx-m108\" \/>\n<meta property=\"og:site_name\" content=\"Cung T\u00ean H\u00e0 N\u1ed9i\" \/>\n<meta property=\"article:modified_time\" content=\"2022-04-04T14:18:57+00:00\" \/>\n<meta property=\"og:image\" content=\"https:\/\/cungtenhanoi.com\/wp-content\/uploads\/2020\/03\/Archery-M108-Compound-Bow-30-55-lbs-Adjustable-Pulley-Bow-Arrow-Sets-Outdoor-Sports-Shooting-Hunting.jpg_640x640q70.jpg\" \/>\n\t<meta property=\"og:image:width\" content=\"632\" \/>\n\t<meta property=\"og:image:height\" content=\"481\" \/>\n\t<meta property=\"og:image:type\" content=\"image\/jpeg\" \/>\n<meta name=\"twitter:card\" content=\"summary_large_image\" \/>\n<meta name=\"twitter:label1\" content=\"\u01af\u1edbc t\u00ednh th\u1eddi gian \u0111\u1ecdc\" \/>\n\t<meta name=\"twitter:data1\" content=\"1 ph\u00fat\" \/>\n<script type=\"application\/ld+json\" class=\"yoast-schema-graph\">{\"@context\":\"https:\/\/schema.org\",\"@graph\":[{\"@type\":\"WebPage\",\"@id\":\"https:\/\/cungtenhanoi.com\/?product=compound-target-jx-m108\",\"url\":\"https:\/\/cungtenhanoi.com\/?product=compound-target-jx-m108\",\"name\":\"Compound Target JX-M108 - Cung T\u00ean H\u00e0 N\u1ed9i\",\"isPartOf\":{\"@id\":\"https:\/\/cungtenhanoi.com\/#website\"},\"datePublished\":\"2020-03-27T13:34:48+00:00\",\"dateModified\":\"2022-04-04T14:18:57+00:00\",\"description\":\"mua cung t\u00ean th\u1ec3 thao, mua cung t\u00ean t\u1ea1i h\u00e0 n\u1ed9i, cung tr\u1ee3 l\u1ef1c, cung compound, cung t\u00ean ch\u00ednh h\u00e3ng, cung t\u00ean m\u1ea1nh,cung t\u00ean h\u00e0 n\u1ed9i, cung t\u00ean , mua cung t\u00ean S\u00e0i g\u00f2n , mua m\u0169i t\u00ean b\u1eafn cung , cung b\u1eafn bi s\u1eaft , cung t\u00ean mini\",\"breadcrumb\":{\"@id\":\"https:\/\/cungtenhanoi.com\/?product=compound-target-jx-m108#breadcrumb\"},\"inLanguage\":\"vi\",\"potentialAction\":[{\"@type\":\"ReadAction\",\"target\":[\"https:\/\/cungtenhanoi.com\/?product=compound-target-jx-m108\"]}]},{\"@type\":\"BreadcrumbList\",\"@id\":\"https:\/\/cungtenhanoi.com\/?product=compound-target-jx-m108#breadcrumb\",\"itemListElement\":[{\"@type\":\"ListItem\",\"position\":1,\"name\":\"Trang ch\u1ee7\",\"item\":\"https:\/\/cungtenhanoi.com\/\"},{\"@type\":\"ListItem\",\"position\":2,\"name\":\"Shop\",\"item\":\"https:\/\/cungtenhanoi.com\/?page_id=6\"},{\"@type\":\"ListItem\",\"position\":3,\"name\":\"Cung\",\"item\":\"https:\/\/cungtenhanoi.com\/danh-muc\/cung\/\"},{\"@type\":\"ListItem\",\"position\":4,\"name\":\"Compound Target JX-M108\"}]},{\"@type\":\"WebSite\",\"@id\":\"https:\/\/cungtenhanoi.com\/#website\",\"url\":\"https:\/\/cungtenhanoi.com\/\",\"name\":\"Cung T\u00ean H\u00e0 N\u1ed9i\",\"description\":\"Cung c\u1ea5p c\u00e1c lo\u1ea1i cung t\u00ean th\u1ec3 thao s\u1ed1 1 Vi\u1ec7t Nam\",\"publisher\":{\"@id\":\"https:\/\/cungtenhanoi.com\/#organization\"},\"potentialAction\":[{\"@type\":\"SearchAction\",\"target\":{\"@type\":\"EntryPoint\",\"urlTemplate\":\"https:\/\/cungtenhanoi.com\/?s={search_term_string}\"},\"query-input\":\"required name=search_term_string\"}],\"inLanguage\":\"vi\"},{\"@type\":\"Organization\",\"@id\":\"https:\/\/cungtenhanoi.com\/#organization\",\"name\":\"Cung T\u00ean H\u00e0 N\u1ed9i\",\"url\":\"https:\/\/cungtenhanoi.com\/\",\"sameAs\":[],\"logo\":{\"@type\":\"ImageObject\",\"inLanguage\":\"vi\",\"@id\":\"https:\/\/cungtenhanoi.com\/#\/schema\/logo\/image\/\",\"url\":\"https:\/\/cungtenhanoi.com\/wp-content\/uploads\/2025\/05\/logo-den-trang.jpg\",\"contentUrl\":\"https:\/\/cungtenhanoi.com\/wp-content\/uploads\/2025\/05\/logo-den-trang.jpg\",\"width\":450,\"height\":450,\"caption\":\"Cung T\u00ean H\u00e0 N\u1ed9i\"},\"image\":{\"@id\":\"https:\/\/cungtenhanoi.com\/#\/schema\/logo\/image\/\"}}]}<\/script>\n<!-- \/ Yoast SEO plugin. -->","yoast_head_json":{"title":"Compound Target JX-M108 - Cung T\u00ean H\u00e0 N\u1ed9i","description":"mua cung t\u00ean th\u1ec3 thao, mua cung t\u00ean t\u1ea1i h\u00e0 n\u1ed9i, cung tr\u1ee3 l\u1ef1c, cung compound, cung t\u00ean ch\u00ednh h\u00e3ng, cung t\u00ean m\u1ea1nh,cung t\u00ean h\u00e0 n\u1ed9i, cung t\u00ean , mua cung t\u00ean S\u00e0i g\u00f2n , mua m\u0169i t\u00ean b\u1eafn cung , cung b\u1eafn bi s\u1eaft , cung t\u00ean mini","robots":{"index":"index","follow":"follow","max-snippet":"max-snippet:-1","max-image-preview":"max-image-preview:large","max-video-preview":"max-video-preview:-1"},"canonical":"https:\/\/cungtenhanoi.com\/?product=compound-target-jx-m108","og_locale":"vi_VN","og_type":"article","og_title":"Compound Target JX-M108 - Cung T\u00ean H\u00e0 N\u1ed9i","og_description":"mua cung t\u00ean th\u1ec3 thao, mua cung t\u00ean t\u1ea1i h\u00e0 n\u1ed9i, cung tr\u1ee3 l\u1ef1c, cung compound, cung t\u00ean ch\u00ednh h\u00e3ng, cung t\u00ean m\u1ea1nh,cung t\u00ean h\u00e0 n\u1ed9i, cung t\u00ean , mua cung t\u00ean S\u00e0i g\u00f2n , mua m\u0169i t\u00ean b\u1eafn cung , cung b\u1eafn bi s\u1eaft , cung t\u00ean mini","og_url":"https:\/\/cungtenhanoi.com\/?product=compound-target-jx-m108","og_site_name":"Cung T\u00ean H\u00e0 N\u1ed9i","article_modified_time":"2022-04-04T14:18:57+00:00","og_image":[{"width":632,"height":481,"url":"https:\/\/cungtenhanoi.com\/wp-content\/uploads\/2020\/03\/Archery-M108-Compound-Bow-30-55-lbs-Adjustable-Pulley-Bow-Arrow-Sets-Outdoor-Sports-Shooting-Hunting.jpg_640x640q70.jpg","type":"image\/jpeg"}],"twitter_card":"summary_large_image","twitter_misc":{"\u01af\u1edbc t\u00ednh th\u1eddi gian \u0111\u1ecdc":"1 ph\u00fat"},"schema":{"@context":"https:\/\/schema.org","@graph":[{"@type":"WebPage","@id":"https:\/\/cungtenhanoi.com\/?product=compound-target-jx-m108","url":"https:\/\/cungtenhanoi.com\/?product=compound-target-jx-m108","name":"Compound Target JX-M108 - Cung T\u00ean H\u00e0 N\u1ed9i","isPartOf":{"@id":"https:\/\/cungtenhanoi.com\/#website"},"datePublished":"2020-03-27T13:34:48+00:00","dateModified":"2022-04-04T14:18:57+00:00","description":"mua cung t\u00ean th\u1ec3 thao, mua cung t\u00ean t\u1ea1i h\u00e0 n\u1ed9i, cung tr\u1ee3 l\u1ef1c, cung compound, cung t\u00ean ch\u00ednh h\u00e3ng, cung t\u00ean m\u1ea1nh,cung t\u00ean h\u00e0 n\u1ed9i, cung t\u00ean , mua cung t\u00ean S\u00e0i g\u00f2n , mua m\u0169i t\u00ean b\u1eafn cung , cung b\u1eafn bi s\u1eaft , cung t\u00ean mini","breadcrumb":{"@id":"https:\/\/cungtenhanoi.com\/?product=compound-target-jx-m108#breadcrumb"},"inLanguage":"vi","potentialAction":[{"@type":"ReadAction","target":["https:\/\/cungtenhanoi.com\/?product=compound-target-jx-m108"]}]},{"@type":"BreadcrumbList","@id":"https:\/\/cungtenhanoi.com\/?product=compound-target-jx-m108#breadcrumb","itemListElement":[{"@type":"ListItem","position":1,"name":"Trang ch\u1ee7","item":"https:\/\/cungtenhanoi.com\/"},{"@type":"ListItem","position":2,"name":"Shop","item":"https:\/\/cungtenhanoi.com\/?page_id=6"},{"@type":"ListItem","position":3,"name":"Cung","item":"https:\/\/cungtenhanoi.com\/danh-muc\/cung\/"},{"@type":"ListItem","position":4,"name":"Compound Target JX-M108"}]},{"@type":"WebSite","@id":"https:\/\/cungtenhanoi.com\/#website","url":"https:\/\/cungtenhanoi.com\/","name":"Cung T\u00ean H\u00e0 N\u1ed9i","description":"Cung c\u1ea5p c\u00e1c lo\u1ea1i cung t\u00ean th\u1ec3 thao s\u1ed1 1 Vi\u1ec7t Nam","publisher":{"@id":"https:\/\/cungtenhanoi.com\/#organization"},"potentialAction":[{"@type":"SearchAction","target":{"@type":"EntryPoint","urlTemplate":"https:\/\/cungtenhanoi.com\/?s={search_term_string}"},"query-input":"required name=search_term_string"}],"inLanguage":"vi"},{"@type":"Organization","@id":"https:\/\/cungtenhanoi.com\/#organization","name":"Cung T\u00ean H\u00e0 N\u1ed9i","url":"https:\/\/cungtenhanoi.com\/","sameAs":[],"logo":{"@type":"ImageObject","inLanguage":"vi","@id":"https:\/\/cungtenhanoi.com\/#\/schema\/logo\/image\/","url":"https:\/\/cungtenhanoi.com\/wp-content\/uploads\/2025\/05\/logo-den-trang.jpg","contentUrl":"https:\/\/cungtenhanoi.com\/wp-content\/uploads\/2025\/05\/logo-den-trang.jpg","width":450,"height":450,"caption":"Cung T\u00ean H\u00e0 N\u1ed9i"},"image":{"@id":"https:\/\/cungtenhanoi.com\/#\/schema\/logo\/image\/"}}]}},"_links":{"self":[{"href":"https:\/\/cungtenhanoi.com\/index.php?rest_route=\/wp\/v2\/product\/744"}],"collection":[{"href":"https:\/\/cungtenhanoi.com\/index.php?rest_route=\/wp\/v2\/product"}],"about":[{"href":"https:\/\/cungtenhanoi.com\/index.php?rest_route=\/wp\/v2\/types\/product"}],"replies":[{"embeddable":true,"href":"https:\/\/cungtenhanoi.com\/index.php?rest_route=%2Fwp%2Fv2%2Fcomments&post=744"}],"wp:featuredmedia":[{"embeddable":true,"href":"https:\/\/cungtenhanoi.com\/index.php?rest_route=\/wp\/v2\/media\/746"}],"wp:attachment":[{"href":"https:\/\/cungtenhanoi.com\/index.php?rest_route=%2Fwp%2Fv2%2Fmedia&parent=744"}],"wp:term":[{"taxonomy":"product_cat","embeddable":true,"href":"https:\/\/cungtenhanoi.com\/index.php?rest_route=%2Fwp%2Fv2%2Fproduct_cat&post=744"},{"taxonomy":"product_tag","embeddable":true,"href":"https:\/\/cungtenhanoi.com\/index.php?rest_route=%2Fwp%2Fv2%2Fproduct_tag&post=744"}],"curies":[{"name":"wp","href":"https:\/\/api.w.org\/{rel}","templated":true}]}}