{"id":772,"date":"2020-04-07T18:49:59","date_gmt":"2020-04-07T11:49:59","guid":{"rendered":"https:\/\/cungtenhanoi.com\/?post_type=product&#038;p=772"},"modified":"2022-12-20T02:11:23","modified_gmt":"2022-12-19T19:11:23","slug":"772","status":"publish","type":"product","link":"https:\/\/cungtenhanoi.com\/?product=772","title":{"rendered":"Cung t\u00ean recurve F168- full option"},"content":{"rendered":"<p style=\"text-align: center;\">Shop v\u1ec1 m\u1eabu cung n\u00e0y gi\u00e1 r\u1ebb nh\u01b0ng ch\u1ea5t l\u01b0\u1ee3ng kh\u00f4ng k\u00e9m c\u00e1c d\u00f2ng em h\u00e0ng xinh t\u01b0\u01a1i kh\u00e1c cho anh em t\u1eadp ch\u01a1i d\u1ec5 ti\u1ebfp c\u1eadn<br \/>\nCh\u1ec9 h\u01a1n 3 tri\u1ec7u ae c\u00f3 b\u1ed9 cung full option ( Cung + 6 t\u00ean + th\u01b0\u1edbc ng\u1eafm + t\u00fai \u0111\u1ef1ng cung + arrow rest + tab + guarm + arrow puller + ch\u00e2n cung + bia m\u1ee5c ti\u00eau + s\u00e1p b\u00f4i d\u00e2y )<br \/>\nTh\u00f4ng s\u1ed1: 68 inh &#8211; 18-40lbs<br \/>\nRiser wood + limb Composite<br \/>\nPh\u00f9 h\u1ee3p v\u1edbi ng\u01b0\u1eddi m\u1edbi t\u1eadp ch\u01a1i<span class=\"text_exposed_show\"><br \/>\nChi ti\u1ebft SMS\/Zalo\/FB: 0911 682 663<br \/>\nweb:\u00a0<a href=\"http:\/\/cungtenhanoi.com\/?fbclid=IwAR1iWRsqXMuGiojIxsAoRwMHCOM_Ocn6STecEmZ2Hls5hOF-3VQQjBKYLBg\" target=\"_blank\" rel=\"noopener nofollow\" data-ft=\"{&quot;tn&quot;:&quot;-U&quot;}\" data-lynx-mode=\"async\" data-lynx-uri=\"https:\/\/l.facebook.com\/l.php?u=http%3A%2F%2FCungtenhanoi.com%2F%3Ffbclid%3DIwAR1iWRsqXMuGiojIxsAoRwMHCOM_Ocn6STecEmZ2Hls5hOF-3VQQjBKYLBg&amp;h=AT1jLD-M4DlKksR4W0b_xLJihFpRzxDOdzPvSnS1CUzsU32-XrpwwVkk23nBmSd6THP2ayMCgq8SqidQETYv4tqw9uKEP5Nkkwm-whV2cALQ1dLzzLwPXG-rNjJ47OqtO3t22Vr6ZX9iKu1DpYItmNV9xeDv7ELEpmW6WOAwYiPIkOZQmHHZw2LA9BBWitY\">Cungtenhanoi.com<\/a><br \/>\npage:\u00a0<a class=\"profileLink\" href=\"https:\/\/www.facebook.com\/CungTenHaNoi\/?__tn__=%2CdK-R-R&amp;eid=ARBsUSFCzROhlzbvfrbD4sj8STP7BU3md6S_sYhA7CYSMmoU-MF8LkF9CWZK7y2BfXnhEUkSDHaNI9Ti&amp;fref=mentions\" data-hovercard=\"\/ajax\/hovercard\/page.php?id=819733421456799&amp;extragetparams=%7B%22__tn__%22%3A%22%2CdK-R-R%22%2C%22eid%22%3A%22ARBsUSFCzROhlzbvfrbD4sj8STP7BU3md6S_sYhA7CYSMmoU-MF8LkF9CWZK7y2BfXnhEUkSDHaNI9Ti%22%2C%22fref%22%3A%22mentions%22%7D\" data-hovercard-prefer-more-content-show=\"1\">https:\/\/www.facebook.com\/CungTenHaNoi<\/a><\/span><br \/>\n<img loading=\"lazy\" class=\"aligncenter size-full wp-image-776\" src=\"https:\/\/cungtenhanoi.com\/wp-content\/uploads\/2020\/04\/O1CN01nW58Wa1qk9yrQhtq8_2278845533-1.jpg\" alt=\"\" width=\"750\" height=\"750\" srcset=\"https:\/\/cungtenhanoi.com\/wp-content\/uploads\/2020\/04\/O1CN01nW58Wa1qk9yrQhtq8_2278845533-1.jpg 750w, https:\/\/cungtenhanoi.com\/wp-content\/uploads\/2020\/04\/O1CN01nW58Wa1qk9yrQhtq8_2278845533-1-300x300.jpg 300w, https:\/\/cungtenhanoi.com\/wp-content\/uploads\/2020\/04\/O1CN01nW58Wa1qk9yrQhtq8_2278845533-1-100x100.jpg 100w, https:\/\/cungtenhanoi.com\/wp-content\/uploads\/2020\/04\/O1CN01nW58Wa1qk9yrQhtq8_2278845533-1-600x600.jpg 600w, https:\/\/cungtenhanoi.com\/wp-content\/uploads\/2020\/04\/O1CN01nW58Wa1qk9yrQhtq8_2278845533-1-64x64.jpg 64w\" sizes=\"(max-width: 750px) 100vw, 750px\" \/> <img loading=\"lazy\" class=\"aligncenter  wp-image-775\" src=\"https:\/\/cungtenhanoi.com\/wp-content\/uploads\/2020\/04\/F168C-set.jpeg\" alt=\"\" width=\"353\" height=\"937\" srcset=\"https:\/\/cungtenhanoi.com\/wp-content\/uploads\/2020\/04\/F168C-set.jpeg 206w, https:\/\/cungtenhanoi.com\/wp-content\/uploads\/2020\/04\/F168C-set-64x170.jpeg 64w, https:\/\/cungtenhanoi.com\/wp-content\/uploads\/2020\/04\/F168C-set-113x300.jpeg 113w\" sizes=\"(max-width: 353px) 100vw, 353px\" \/><img loading=\"lazy\" class=\"aligncenter size-full wp-image-774\" src=\"https:\/\/cungtenhanoi.com\/wp-content\/uploads\/2020\/04\/011-800x926.jpg\" alt=\"\" width=\"800\" height=\"926\" srcset=\"https:\/\/cungtenhanoi.com\/wp-content\/uploads\/2020\/04\/011-800x926.jpg 800w, https:\/\/cungtenhanoi.com\/wp-content\/uploads\/2020\/04\/011-800x926-600x695.jpg 600w, https:\/\/cungtenhanoi.com\/wp-content\/uploads\/2020\/04\/011-800x926-64x74.jpg 64w\" sizes=\"(max-width: 800px) 100vw, 800px\" \/><img loading=\"lazy\" class=\"aligncenter size-full wp-image-777\" src=\"https:\/\/cungtenhanoi.com\/wp-content\/uploads\/2020\/04\/Wholesale-Junxing-F168C-wood-recurve-bow-shooting.jpg_350x350.jpg\" alt=\"\" width=\"350\" height=\"350\" srcset=\"https:\/\/cungtenhanoi.com\/wp-content\/uploads\/2020\/04\/Wholesale-Junxing-F168C-wood-recurve-bow-shooting.jpg_350x350.jpg 350w, https:\/\/cungtenhanoi.com\/wp-content\/uploads\/2020\/04\/Wholesale-Junxing-F168C-wood-recurve-bow-shooting.jpg_350x350-300x300.jpg 300w, https:\/\/cungtenhanoi.com\/wp-content\/uploads\/2020\/04\/Wholesale-Junxing-F168C-wood-recurve-bow-shooting.jpg_350x350-100x100.jpg 100w, https:\/\/cungtenhanoi.com\/wp-content\/uploads\/2020\/04\/Wholesale-Junxing-F168C-wood-recurve-bow-shooting.jpg_350x350-64x64.jpg 64w, https:\/\/cungtenhanoi.com\/wp-content\/uploads\/2020\/04\/Wholesale-Junxing-F168C-wood-recurve-bow-shooting.jpg_350x350-150x150.jpg 150w, https:\/\/cungtenhanoi.com\/wp-content\/uploads\/2020\/04\/Wholesale-Junxing-F168C-wood-recurve-bow-shooting.jpg_350x350-180x180.jpg 180w, https:\/\/cungtenhanoi.com\/wp-content\/uploads\/2020\/04\/Wholesale-Junxing-F168C-wood-recurve-bow-shooting.jpg_350x350-45x45.jpg 45w\" sizes=\"(max-width: 350px) 100vw, 350px\" \/><\/p>\n","protected":false},"excerpt":{"rendered":"<p>Shop v\u1ec1 m\u1eabu cung n\u00e0y gi\u00e1 r\u1ebb nh\u01b0ng ch\u1ea5t l\u01b0\u1ee3ng kh\u00f4ng k\u00e9m c\u00e1c d\u00f2ng em h\u00e0ng xinh t\u01b0\u01a1i kh\u00e1c cho anh em t\u1eadp ch\u01a1i d\u1ec5 ti\u1ebfp c\u1eadn Ch\u1ec9 h\u01a1n 3 tri\u1ec7u ae c\u00f3 b\u1ed9 cung full option ( Cung + 6 t\u00ean + th\u01b0\u1edbc ng\u1eafm + t\u00fai \u0111\u1ef1ng cung + arrow rest + tab +<\/p>\n","protected":false},"featured_media":774,"comment_status":"open","ping_status":"closed","template":"","meta":[],"product_cat":[17],"product_tag":[86,257,151,152,153,61,57,154],"acf":[],"yoast_head":"<!-- This site is optimized with the Yoast SEO plugin v19.8 - https:\/\/yoast.com\/wordpress\/plugins\/seo\/ -->\n<title>Cung t\u00ean recurve F168- full option - Cung T\u00ean H\u00e0 N\u1ed9i<\/title>\n<meta name=\"description\" content=\"mua cung t\u00ean th\u1ec3 thao, mua cung t\u00ean t\u1ea1i h\u00e0 n\u1ed9i, cung tr\u1ee3 l\u1ef1c, cung compound, cung t\u00ean ch\u00ednh h\u00e3ng, cung t\u00ean m\u1ea1nh,cung t\u00ean h\u00e0 n\u1ed9i, cung t\u00ean , mua cung t\u00ean S\u00e0i g\u00f2n , mua m\u0169i t\u00ean b\u1eafn cung , cung b\u1eafn bi s\u1eaft , cung t\u00ean mini\" \/>\n<meta name=\"robots\" content=\"index, follow, max-snippet:-1, max-image-preview:large, max-video-preview:-1\" \/>\n<link rel=\"canonical\" href=\"https:\/\/cungtenhanoi.com\/?product=772\" \/>\n<meta property=\"og:locale\" content=\"vi_VN\" \/>\n<meta property=\"og:type\" content=\"article\" \/>\n<meta property=\"og:title\" content=\"Cung t\u00ean recurve F168- full option - Cung T\u00ean H\u00e0 N\u1ed9i\" \/>\n<meta property=\"og:description\" content=\"mua cung t\u00ean th\u1ec3 thao, mua cung t\u00ean t\u1ea1i h\u00e0 n\u1ed9i, cung tr\u1ee3 l\u1ef1c, cung compound, cung t\u00ean ch\u00ednh h\u00e3ng, cung t\u00ean m\u1ea1nh,cung t\u00ean h\u00e0 n\u1ed9i, cung t\u00ean , mua cung t\u00ean S\u00e0i g\u00f2n , mua m\u0169i t\u00ean b\u1eafn cung , cung b\u1eafn bi s\u1eaft , cung t\u00ean mini\" \/>\n<meta property=\"og:url\" content=\"https:\/\/cungtenhanoi.com\/?product=772\" \/>\n<meta property=\"og:site_name\" content=\"Cung T\u00ean H\u00e0 N\u1ed9i\" \/>\n<meta property=\"article:modified_time\" content=\"2022-12-19T19:11:23+00:00\" \/>\n<meta property=\"og:image\" content=\"https:\/\/cungtenhanoi.com\/wp-content\/uploads\/2020\/04\/011-800x926.jpg\" \/>\n\t<meta property=\"og:image:width\" content=\"800\" \/>\n\t<meta property=\"og:image:height\" content=\"926\" \/>\n\t<meta property=\"og:image:type\" content=\"image\/jpeg\" \/>\n<meta name=\"twitter:card\" content=\"summary_large_image\" \/>\n<meta name=\"twitter:label1\" content=\"\u01af\u1edbc t\u00ednh th\u1eddi gian \u0111\u1ecdc\" \/>\n\t<meta name=\"twitter:data1\" content=\"1 ph\u00fat\" \/>\n<script type=\"application\/ld+json\" class=\"yoast-schema-graph\">{\"@context\":\"https:\/\/schema.org\",\"@graph\":[{\"@type\":\"WebPage\",\"@id\":\"https:\/\/cungtenhanoi.com\/?product=772\",\"url\":\"https:\/\/cungtenhanoi.com\/?product=772\",\"name\":\"Cung t\u00ean recurve F168- full option - Cung T\u00ean H\u00e0 N\u1ed9i\",\"isPartOf\":{\"@id\":\"https:\/\/cungtenhanoi.com\/#website\"},\"datePublished\":\"2020-04-07T11:49:59+00:00\",\"dateModified\":\"2022-12-19T19:11:23+00:00\",\"description\":\"mua cung t\u00ean th\u1ec3 thao, mua cung t\u00ean t\u1ea1i h\u00e0 n\u1ed9i, cung tr\u1ee3 l\u1ef1c, cung compound, cung t\u00ean ch\u00ednh h\u00e3ng, cung t\u00ean m\u1ea1nh,cung t\u00ean h\u00e0 n\u1ed9i, cung t\u00ean , mua cung t\u00ean S\u00e0i g\u00f2n , mua m\u0169i t\u00ean b\u1eafn cung , cung b\u1eafn bi s\u1eaft , cung t\u00ean mini\",\"breadcrumb\":{\"@id\":\"https:\/\/cungtenhanoi.com\/?product=772#breadcrumb\"},\"inLanguage\":\"vi\",\"potentialAction\":[{\"@type\":\"ReadAction\",\"target\":[\"https:\/\/cungtenhanoi.com\/?product=772\"]}]},{\"@type\":\"BreadcrumbList\",\"@id\":\"https:\/\/cungtenhanoi.com\/?product=772#breadcrumb\",\"itemListElement\":[{\"@type\":\"ListItem\",\"position\":1,\"name\":\"Trang ch\u1ee7\",\"item\":\"https:\/\/cungtenhanoi.com\/\"},{\"@type\":\"ListItem\",\"position\":2,\"name\":\"Shop\",\"item\":\"https:\/\/cungtenhanoi.com\/?page_id=6\"},{\"@type\":\"ListItem\",\"position\":3,\"name\":\"Cung\",\"item\":\"https:\/\/cungtenhanoi.com\/danh-muc\/cung\/\"},{\"@type\":\"ListItem\",\"position\":4,\"name\":\"Cung t\u00ean recurve F168- full option\"}]},{\"@type\":\"WebSite\",\"@id\":\"https:\/\/cungtenhanoi.com\/#website\",\"url\":\"https:\/\/cungtenhanoi.com\/\",\"name\":\"Cung T\u00ean H\u00e0 N\u1ed9i\",\"description\":\"Cung c\u1ea5p c\u00e1c lo\u1ea1i cung t\u00ean th\u1ec3 thao s\u1ed1 1 Vi\u1ec7t Nam\",\"publisher\":{\"@id\":\"https:\/\/cungtenhanoi.com\/#organization\"},\"potentialAction\":[{\"@type\":\"SearchAction\",\"target\":{\"@type\":\"EntryPoint\",\"urlTemplate\":\"https:\/\/cungtenhanoi.com\/?s={search_term_string}\"},\"query-input\":\"required name=search_term_string\"}],\"inLanguage\":\"vi\"},{\"@type\":\"Organization\",\"@id\":\"https:\/\/cungtenhanoi.com\/#organization\",\"name\":\"Cung T\u00ean H\u00e0 N\u1ed9i\",\"url\":\"https:\/\/cungtenhanoi.com\/\",\"sameAs\":[],\"logo\":{\"@type\":\"ImageObject\",\"inLanguage\":\"vi\",\"@id\":\"https:\/\/cungtenhanoi.com\/#\/schema\/logo\/image\/\",\"url\":\"https:\/\/cungtenhanoi.com\/wp-content\/uploads\/2025\/05\/logo-den-trang.jpg\",\"contentUrl\":\"https:\/\/cungtenhanoi.com\/wp-content\/uploads\/2025\/05\/logo-den-trang.jpg\",\"width\":450,\"height\":450,\"caption\":\"Cung T\u00ean H\u00e0 N\u1ed9i\"},\"image\":{\"@id\":\"https:\/\/cungtenhanoi.com\/#\/schema\/logo\/image\/\"}}]}<\/script>\n<!-- \/ Yoast SEO plugin. -->","yoast_head_json":{"title":"Cung t\u00ean recurve F168- full option - Cung T\u00ean H\u00e0 N\u1ed9i","description":"mua cung t\u00ean th\u1ec3 thao, mua cung t\u00ean t\u1ea1i h\u00e0 n\u1ed9i, cung tr\u1ee3 l\u1ef1c, cung compound, cung t\u00ean ch\u00ednh h\u00e3ng, cung t\u00ean m\u1ea1nh,cung t\u00ean h\u00e0 n\u1ed9i, cung t\u00ean , mua cung t\u00ean S\u00e0i g\u00f2n , mua m\u0169i t\u00ean b\u1eafn cung , cung b\u1eafn bi s\u1eaft , cung t\u00ean mini","robots":{"index":"index","follow":"follow","max-snippet":"max-snippet:-1","max-image-preview":"max-image-preview:large","max-video-preview":"max-video-preview:-1"},"canonical":"https:\/\/cungtenhanoi.com\/?product=772","og_locale":"vi_VN","og_type":"article","og_title":"Cung t\u00ean recurve F168- full option - Cung T\u00ean H\u00e0 N\u1ed9i","og_description":"mua cung t\u00ean th\u1ec3 thao, mua cung t\u00ean t\u1ea1i h\u00e0 n\u1ed9i, cung tr\u1ee3 l\u1ef1c, cung compound, cung t\u00ean ch\u00ednh h\u00e3ng, cung t\u00ean m\u1ea1nh,cung t\u00ean h\u00e0 n\u1ed9i, cung t\u00ean , mua cung t\u00ean S\u00e0i g\u00f2n , mua m\u0169i t\u00ean b\u1eafn cung , cung b\u1eafn bi s\u1eaft , cung t\u00ean mini","og_url":"https:\/\/cungtenhanoi.com\/?product=772","og_site_name":"Cung T\u00ean H\u00e0 N\u1ed9i","article_modified_time":"2022-12-19T19:11:23+00:00","og_image":[{"width":800,"height":926,"url":"https:\/\/cungtenhanoi.com\/wp-content\/uploads\/2020\/04\/011-800x926.jpg","type":"image\/jpeg"}],"twitter_card":"summary_large_image","twitter_misc":{"\u01af\u1edbc t\u00ednh th\u1eddi gian \u0111\u1ecdc":"1 ph\u00fat"},"schema":{"@context":"https:\/\/schema.org","@graph":[{"@type":"WebPage","@id":"https:\/\/cungtenhanoi.com\/?product=772","url":"https:\/\/cungtenhanoi.com\/?product=772","name":"Cung t\u00ean recurve F168- full option - Cung T\u00ean H\u00e0 N\u1ed9i","isPartOf":{"@id":"https:\/\/cungtenhanoi.com\/#website"},"datePublished":"2020-04-07T11:49:59+00:00","dateModified":"2022-12-19T19:11:23+00:00","description":"mua cung t\u00ean th\u1ec3 thao, mua cung t\u00ean t\u1ea1i h\u00e0 n\u1ed9i, cung tr\u1ee3 l\u1ef1c, cung compound, cung t\u00ean ch\u00ednh h\u00e3ng, cung t\u00ean m\u1ea1nh,cung t\u00ean h\u00e0 n\u1ed9i, cung t\u00ean , mua cung t\u00ean S\u00e0i g\u00f2n , mua m\u0169i t\u00ean b\u1eafn cung , cung b\u1eafn bi s\u1eaft , cung t\u00ean mini","breadcrumb":{"@id":"https:\/\/cungtenhanoi.com\/?product=772#breadcrumb"},"inLanguage":"vi","potentialAction":[{"@type":"ReadAction","target":["https:\/\/cungtenhanoi.com\/?product=772"]}]},{"@type":"BreadcrumbList","@id":"https:\/\/cungtenhanoi.com\/?product=772#breadcrumb","itemListElement":[{"@type":"ListItem","position":1,"name":"Trang ch\u1ee7","item":"https:\/\/cungtenhanoi.com\/"},{"@type":"ListItem","position":2,"name":"Shop","item":"https:\/\/cungtenhanoi.com\/?page_id=6"},{"@type":"ListItem","position":3,"name":"Cung","item":"https:\/\/cungtenhanoi.com\/danh-muc\/cung\/"},{"@type":"ListItem","position":4,"name":"Cung t\u00ean recurve F168- full option"}]},{"@type":"WebSite","@id":"https:\/\/cungtenhanoi.com\/#website","url":"https:\/\/cungtenhanoi.com\/","name":"Cung T\u00ean H\u00e0 N\u1ed9i","description":"Cung c\u1ea5p c\u00e1c lo\u1ea1i cung t\u00ean th\u1ec3 thao s\u1ed1 1 Vi\u1ec7t Nam","publisher":{"@id":"https:\/\/cungtenhanoi.com\/#organization"},"potentialAction":[{"@type":"SearchAction","target":{"@type":"EntryPoint","urlTemplate":"https:\/\/cungtenhanoi.com\/?s={search_term_string}"},"query-input":"required name=search_term_string"}],"inLanguage":"vi"},{"@type":"Organization","@id":"https:\/\/cungtenhanoi.com\/#organization","name":"Cung T\u00ean H\u00e0 N\u1ed9i","url":"https:\/\/cungtenhanoi.com\/","sameAs":[],"logo":{"@type":"ImageObject","inLanguage":"vi","@id":"https:\/\/cungtenhanoi.com\/#\/schema\/logo\/image\/","url":"https:\/\/cungtenhanoi.com\/wp-content\/uploads\/2025\/05\/logo-den-trang.jpg","contentUrl":"https:\/\/cungtenhanoi.com\/wp-content\/uploads\/2025\/05\/logo-den-trang.jpg","width":450,"height":450,"caption":"Cung T\u00ean H\u00e0 N\u1ed9i"},"image":{"@id":"https:\/\/cungtenhanoi.com\/#\/schema\/logo\/image\/"}}]}},"_links":{"self":[{"href":"https:\/\/cungtenhanoi.com\/index.php?rest_route=\/wp\/v2\/product\/772"}],"collection":[{"href":"https:\/\/cungtenhanoi.com\/index.php?rest_route=\/wp\/v2\/product"}],"about":[{"href":"https:\/\/cungtenhanoi.com\/index.php?rest_route=\/wp\/v2\/types\/product"}],"replies":[{"embeddable":true,"href":"https:\/\/cungtenhanoi.com\/index.php?rest_route=%2Fwp%2Fv2%2Fcomments&post=772"}],"wp:featuredmedia":[{"embeddable":true,"href":"https:\/\/cungtenhanoi.com\/index.php?rest_route=\/wp\/v2\/media\/774"}],"wp:attachment":[{"href":"https:\/\/cungtenhanoi.com\/index.php?rest_route=%2Fwp%2Fv2%2Fmedia&parent=772"}],"wp:term":[{"taxonomy":"product_cat","embeddable":true,"href":"https:\/\/cungtenhanoi.com\/index.php?rest_route=%2Fwp%2Fv2%2Fproduct_cat&post=772"},{"taxonomy":"product_tag","embeddable":true,"href":"https:\/\/cungtenhanoi.com\/index.php?rest_route=%2Fwp%2Fv2%2Fproduct_tag&post=772"}],"curies":[{"name":"wp","href":"https:\/\/api.w.org\/{rel}","templated":true}]}}