{"id":816,"date":"2020-04-11T13:32:35","date_gmt":"2020-04-11T06:32:35","guid":{"rendered":"https:\/\/cungtenhanoi.com\/?post_type=product&#038;p=816"},"modified":"2025-05-29T16:08:44","modified_gmt":"2025-05-29T09:08:44","slug":"black-hunter-tt02","status":"publish","type":"product","link":"https:\/\/cungtenhanoi.com\/?product=black-hunter-tt02","title":{"rendered":"Black Hunter TT02"},"content":{"rendered":"<blockquote>\n<p style=\"text-align: center;\"><img loading=\"lazy\" class=\"aligncenter size-full wp-image-880\" src=\"https:\/\/cungtenhanoi.com\/wp-content\/uploads\/2020\/04\/EEA9792C-E372-412F-B295-0DADC990DE48.jpeg\" alt=\"\" width=\"1536\" height=\"2990\" \/>Ch\u1ea5t li\u1ec7u: composite ( wood +fiberglass )<br \/>\nChi\u1ec1u d\u00e0i 60 inh<br \/>\nL\u1ef1c b\u1eafn 30-35 lbs<br \/>\nThi\u1ebft k\u1ebf theo ki\u1ec3u c\u1ed5 \u0111i\u1ec3n mang d\u00e1ng d\u1ea5p c\u1ee7a 1 ng\u01b0\u1eddi con g\u00e1i m\u00faa bale, \u0111\u01b0\u1ee3c t\u1ea1o th\u00eam c\u1eeda s\u1ed5 t\u00ean s\u1ebd r\u1ea5t ti\u1ec7n l\u1ee3i cho b\u1ea1n n\u00e0o mu\u1ed1n tr\u1ea3i nghi\u1ec7m c\u1ea3m gi\u00e1c b\u1eafn cung truy\u1ec1n th\u1ed1ng<br \/>\nPh\u00f9 h\u1ee3p v\u1edbi t\u1eadp luy\u1ec7n, tr\u1ea3i nghi\u1ec7m, gi\u1ea3i tr\u00ed trang tr\u00ed cho \u0111\u1ed1i t\u01b0\u1ee3ng t\u1eeb 16t tr\u1edf l\u00ean<\/p>\n<p><img loading=\"lazy\" class=\"aligncenter size-full wp-image-1051\" src=\"https:\/\/cungtenhanoi.com\/wp-content\/uploads\/2020\/04\/9BA88F9E-451B-4D8D-8F79-B611E1DBE486.jpeg\" alt=\"\" width=\"4032\" height=\"2030\" \/><\/p>\n<p><img loading=\"lazy\" class=\"aligncenter size-full wp-image-1052\" src=\"https:\/\/cungtenhanoi.com\/wp-content\/uploads\/2020\/04\/3F02C2AC-0067-42D9-A004-1F9B58E444B9.jpeg\" alt=\"\" width=\"4032\" height=\"3024\" \/> <img loading=\"lazy\" class=\"aligncenter size-full wp-image-1053\" src=\"https:\/\/cungtenhanoi.com\/wp-content\/uploads\/2020\/04\/AB1E8917-EB9E-4A42-B099-6BE3FDB42A39.jpeg\" alt=\"\" width=\"4031\" height=\"1978\" \/><\/p><\/blockquote>\n<p><img loading=\"lazy\" class=\"aligncenter size-full wp-image-818\" src=\"https:\/\/cungtenhanoi.com\/wp-content\/uploads\/2020\/04\/TB2AzAHaDqWBKNjSZFAXXanSpXa_2558553872.jpg_400x400.jpg\" alt=\"\" width=\"400\" height=\"400\" srcset=\"https:\/\/cungtenhanoi.com\/wp-content\/uploads\/2020\/04\/TB2AzAHaDqWBKNjSZFAXXanSpXa_2558553872.jpg_400x400.jpg 400w, https:\/\/cungtenhanoi.com\/wp-content\/uploads\/2020\/04\/TB2AzAHaDqWBKNjSZFAXXanSpXa_2558553872.jpg_400x400-300x300.jpg 300w, https:\/\/cungtenhanoi.com\/wp-content\/uploads\/2020\/04\/TB2AzAHaDqWBKNjSZFAXXanSpXa_2558553872.jpg_400x400-100x100.jpg 100w, https:\/\/cungtenhanoi.com\/wp-content\/uploads\/2020\/04\/TB2AzAHaDqWBKNjSZFAXXanSpXa_2558553872.jpg_400x400-64x64.jpg 64w, https:\/\/cungtenhanoi.com\/wp-content\/uploads\/2020\/04\/TB2AzAHaDqWBKNjSZFAXXanSpXa_2558553872.jpg_400x400-150x150.jpg 150w, https:\/\/cungtenhanoi.com\/wp-content\/uploads\/2020\/04\/TB2AzAHaDqWBKNjSZFAXXanSpXa_2558553872.jpg_400x400-180x180.jpg 180w, https:\/\/cungtenhanoi.com\/wp-content\/uploads\/2020\/04\/TB2AzAHaDqWBKNjSZFAXXanSpXa_2558553872.jpg_400x400-45x45.jpg 45w\" sizes=\"(max-width: 400px) 100vw, 400px\" \/> <img loading=\"lazy\" class=\"aligncenter size-full wp-image-821\" src=\"https:\/\/cungtenhanoi.com\/wp-content\/uploads\/2020\/04\/TB2X3secCiJ.eBjSspiXXbqAFXa_767892473.jpg\" alt=\"\" width=\"750\" height=\"1100\" srcset=\"https:\/\/cungtenhanoi.com\/wp-content\/uploads\/2020\/04\/TB2X3secCiJ.eBjSspiXXbqAFXa_767892473.jpg 750w, https:\/\/cungtenhanoi.com\/wp-content\/uploads\/2020\/04\/TB2X3secCiJ.eBjSspiXXbqAFXa_767892473-600x880.jpg 600w, https:\/\/cungtenhanoi.com\/wp-content\/uploads\/2020\/04\/TB2X3secCiJ.eBjSspiXXbqAFXa_767892473-64x94.jpg 64w\" sizes=\"(max-width: 750px) 100vw, 750px\" \/> <img loading=\"lazy\" class=\"aligncenter size-full wp-image-822\" src=\"https:\/\/cungtenhanoi.com\/wp-content\/uploads\/2020\/04\/TB23iTRersTMeJjSszdXXcEupXa_767892473.jpg\" alt=\"\" width=\"800\" height=\"800\" srcset=\"https:\/\/cungtenhanoi.com\/wp-content\/uploads\/2020\/04\/TB23iTRersTMeJjSszdXXcEupXa_767892473.jpg 800w, https:\/\/cungtenhanoi.com\/wp-content\/uploads\/2020\/04\/TB23iTRersTMeJjSszdXXcEupXa_767892473-300x300.jpg 300w, https:\/\/cungtenhanoi.com\/wp-content\/uploads\/2020\/04\/TB23iTRersTMeJjSszdXXcEupXa_767892473-100x100.jpg 100w, https:\/\/cungtenhanoi.com\/wp-content\/uploads\/2020\/04\/TB23iTRersTMeJjSszdXXcEupXa_767892473-600x600.jpg 600w, https:\/\/cungtenhanoi.com\/wp-content\/uploads\/2020\/04\/TB23iTRersTMeJjSszdXXcEupXa_767892473-64x64.jpg 64w\" sizes=\"(max-width: 800px) 100vw, 800px\" \/><\/p>\n","protected":false},"excerpt":{"rendered":"<p>Cung<br \/>\n5 t\u00ean<br \/>\nTab<br \/>\nGuarm<br \/>\nL\u00f4ng g\u1ea5u<br \/>\nBia m\u1ee5c ti\u00eau<\/p>\n<p>&nbsp;<\/p>\n","protected":false},"featured_media":822,"comment_status":"open","ping_status":"closed","template":"","meta":[],"product_cat":[17],"product_tag":[198,175,86,264,315,94,168,174],"acf":[],"yoast_head":"<!-- This site is optimized with the Yoast SEO plugin v19.8 - https:\/\/yoast.com\/wordpress\/plugins\/seo\/ -->\n<title>Black Hunter TT02 - Cung T\u00ean H\u00e0 N\u1ed9i<\/title>\n<meta name=\"description\" content=\"mua cung t\u00ean th\u1ec3 thao, mua cung t\u00ean t\u1ea1i h\u00e0 n\u1ed9i, cung tr\u1ee3 l\u1ef1c, cung compound, cung t\u00ean ch\u00ednh h\u00e3ng, cung t\u00ean m\u1ea1nh,cung t\u00ean h\u00e0 n\u1ed9i, cung t\u00ean , mua cung t\u00ean S\u00e0i g\u00f2n , mua m\u0169i t\u00ean b\u1eafn cung , cung b\u1eafn bi s\u1eaft , cung t\u00ean mini\" \/>\n<meta name=\"robots\" content=\"index, follow, max-snippet:-1, max-image-preview:large, max-video-preview:-1\" \/>\n<link rel=\"canonical\" href=\"https:\/\/cungtenhanoi.com\/?product=black-hunter-tt02\" \/>\n<meta property=\"og:locale\" content=\"vi_VN\" \/>\n<meta property=\"og:type\" content=\"article\" \/>\n<meta property=\"og:title\" content=\"Black Hunter TT02 - Cung T\u00ean H\u00e0 N\u1ed9i\" \/>\n<meta property=\"og:description\" content=\"mua cung t\u00ean th\u1ec3 thao, mua cung t\u00ean t\u1ea1i h\u00e0 n\u1ed9i, cung tr\u1ee3 l\u1ef1c, cung compound, cung t\u00ean ch\u00ednh h\u00e3ng, cung t\u00ean m\u1ea1nh,cung t\u00ean h\u00e0 n\u1ed9i, cung t\u00ean , mua cung t\u00ean S\u00e0i g\u00f2n , mua m\u0169i t\u00ean b\u1eafn cung , cung b\u1eafn bi s\u1eaft , cung t\u00ean mini\" \/>\n<meta property=\"og:url\" content=\"https:\/\/cungtenhanoi.com\/?product=black-hunter-tt02\" \/>\n<meta property=\"og:site_name\" content=\"Cung T\u00ean H\u00e0 N\u1ed9i\" \/>\n<meta property=\"article:modified_time\" content=\"2025-05-29T09:08:44+00:00\" \/>\n<meta property=\"og:image\" content=\"https:\/\/cungtenhanoi.com\/wp-content\/uploads\/2020\/04\/TB23iTRersTMeJjSszdXXcEupXa_767892473.jpg\" \/>\n\t<meta property=\"og:image:width\" content=\"800\" \/>\n\t<meta property=\"og:image:height\" content=\"800\" \/>\n\t<meta property=\"og:image:type\" content=\"image\/jpeg\" \/>\n<meta name=\"twitter:card\" content=\"summary_large_image\" \/>\n<meta name=\"twitter:label1\" content=\"\u01af\u1edbc t\u00ednh th\u1eddi gian \u0111\u1ecdc\" \/>\n\t<meta name=\"twitter:data1\" content=\"1 ph\u00fat\" \/>\n<script type=\"application\/ld+json\" class=\"yoast-schema-graph\">{\"@context\":\"https:\/\/schema.org\",\"@graph\":[{\"@type\":\"WebPage\",\"@id\":\"https:\/\/cungtenhanoi.com\/?product=black-hunter-tt02\",\"url\":\"https:\/\/cungtenhanoi.com\/?product=black-hunter-tt02\",\"name\":\"Black Hunter TT02 - Cung T\u00ean H\u00e0 N\u1ed9i\",\"isPartOf\":{\"@id\":\"https:\/\/cungtenhanoi.com\/#website\"},\"datePublished\":\"2020-04-11T06:32:35+00:00\",\"dateModified\":\"2025-05-29T09:08:44+00:00\",\"description\":\"mua cung t\u00ean th\u1ec3 thao, mua cung t\u00ean t\u1ea1i h\u00e0 n\u1ed9i, cung tr\u1ee3 l\u1ef1c, cung compound, cung t\u00ean ch\u00ednh h\u00e3ng, cung t\u00ean m\u1ea1nh,cung t\u00ean h\u00e0 n\u1ed9i, cung t\u00ean , mua cung t\u00ean S\u00e0i g\u00f2n , mua m\u0169i t\u00ean b\u1eafn cung , cung b\u1eafn bi s\u1eaft , cung t\u00ean mini\",\"breadcrumb\":{\"@id\":\"https:\/\/cungtenhanoi.com\/?product=black-hunter-tt02#breadcrumb\"},\"inLanguage\":\"vi\",\"potentialAction\":[{\"@type\":\"ReadAction\",\"target\":[\"https:\/\/cungtenhanoi.com\/?product=black-hunter-tt02\"]}]},{\"@type\":\"BreadcrumbList\",\"@id\":\"https:\/\/cungtenhanoi.com\/?product=black-hunter-tt02#breadcrumb\",\"itemListElement\":[{\"@type\":\"ListItem\",\"position\":1,\"name\":\"Trang ch\u1ee7\",\"item\":\"https:\/\/cungtenhanoi.com\/\"},{\"@type\":\"ListItem\",\"position\":2,\"name\":\"Shop\",\"item\":\"https:\/\/cungtenhanoi.com\/?page_id=6\"},{\"@type\":\"ListItem\",\"position\":3,\"name\":\"Cung\",\"item\":\"https:\/\/cungtenhanoi.com\/danh-muc\/cung\/\"},{\"@type\":\"ListItem\",\"position\":4,\"name\":\"Black Hunter TT02\"}]},{\"@type\":\"WebSite\",\"@id\":\"https:\/\/cungtenhanoi.com\/#website\",\"url\":\"https:\/\/cungtenhanoi.com\/\",\"name\":\"Cung T\u00ean H\u00e0 N\u1ed9i\",\"description\":\"Cung c\u1ea5p c\u00e1c lo\u1ea1i cung t\u00ean th\u1ec3 thao s\u1ed1 1 Vi\u1ec7t Nam\",\"publisher\":{\"@id\":\"https:\/\/cungtenhanoi.com\/#organization\"},\"potentialAction\":[{\"@type\":\"SearchAction\",\"target\":{\"@type\":\"EntryPoint\",\"urlTemplate\":\"https:\/\/cungtenhanoi.com\/?s={search_term_string}\"},\"query-input\":\"required name=search_term_string\"}],\"inLanguage\":\"vi\"},{\"@type\":\"Organization\",\"@id\":\"https:\/\/cungtenhanoi.com\/#organization\",\"name\":\"Cung T\u00ean H\u00e0 N\u1ed9i\",\"url\":\"https:\/\/cungtenhanoi.com\/\",\"sameAs\":[],\"logo\":{\"@type\":\"ImageObject\",\"inLanguage\":\"vi\",\"@id\":\"https:\/\/cungtenhanoi.com\/#\/schema\/logo\/image\/\",\"url\":\"https:\/\/cungtenhanoi.com\/wp-content\/uploads\/2025\/05\/logo-den-trang.jpg\",\"contentUrl\":\"https:\/\/cungtenhanoi.com\/wp-content\/uploads\/2025\/05\/logo-den-trang.jpg\",\"width\":450,\"height\":450,\"caption\":\"Cung T\u00ean H\u00e0 N\u1ed9i\"},\"image\":{\"@id\":\"https:\/\/cungtenhanoi.com\/#\/schema\/logo\/image\/\"}}]}<\/script>\n<!-- \/ Yoast SEO plugin. -->","yoast_head_json":{"title":"Black Hunter TT02 - Cung T\u00ean H\u00e0 N\u1ed9i","description":"mua cung t\u00ean th\u1ec3 thao, mua cung t\u00ean t\u1ea1i h\u00e0 n\u1ed9i, cung tr\u1ee3 l\u1ef1c, cung compound, cung t\u00ean ch\u00ednh h\u00e3ng, cung t\u00ean m\u1ea1nh,cung t\u00ean h\u00e0 n\u1ed9i, cung t\u00ean , mua cung t\u00ean S\u00e0i g\u00f2n , mua m\u0169i t\u00ean b\u1eafn cung , cung b\u1eafn bi s\u1eaft , cung t\u00ean mini","robots":{"index":"index","follow":"follow","max-snippet":"max-snippet:-1","max-image-preview":"max-image-preview:large","max-video-preview":"max-video-preview:-1"},"canonical":"https:\/\/cungtenhanoi.com\/?product=black-hunter-tt02","og_locale":"vi_VN","og_type":"article","og_title":"Black Hunter TT02 - Cung T\u00ean H\u00e0 N\u1ed9i","og_description":"mua cung t\u00ean th\u1ec3 thao, mua cung t\u00ean t\u1ea1i h\u00e0 n\u1ed9i, cung tr\u1ee3 l\u1ef1c, cung compound, cung t\u00ean ch\u00ednh h\u00e3ng, cung t\u00ean m\u1ea1nh,cung t\u00ean h\u00e0 n\u1ed9i, cung t\u00ean , mua cung t\u00ean S\u00e0i g\u00f2n , mua m\u0169i t\u00ean b\u1eafn cung , cung b\u1eafn bi s\u1eaft , cung t\u00ean mini","og_url":"https:\/\/cungtenhanoi.com\/?product=black-hunter-tt02","og_site_name":"Cung T\u00ean H\u00e0 N\u1ed9i","article_modified_time":"2025-05-29T09:08:44+00:00","og_image":[{"width":800,"height":800,"url":"https:\/\/cungtenhanoi.com\/wp-content\/uploads\/2020\/04\/TB23iTRersTMeJjSszdXXcEupXa_767892473.jpg","type":"image\/jpeg"}],"twitter_card":"summary_large_image","twitter_misc":{"\u01af\u1edbc t\u00ednh th\u1eddi gian \u0111\u1ecdc":"1 ph\u00fat"},"schema":{"@context":"https:\/\/schema.org","@graph":[{"@type":"WebPage","@id":"https:\/\/cungtenhanoi.com\/?product=black-hunter-tt02","url":"https:\/\/cungtenhanoi.com\/?product=black-hunter-tt02","name":"Black Hunter TT02 - Cung T\u00ean H\u00e0 N\u1ed9i","isPartOf":{"@id":"https:\/\/cungtenhanoi.com\/#website"},"datePublished":"2020-04-11T06:32:35+00:00","dateModified":"2025-05-29T09:08:44+00:00","description":"mua cung t\u00ean th\u1ec3 thao, mua cung t\u00ean t\u1ea1i h\u00e0 n\u1ed9i, cung tr\u1ee3 l\u1ef1c, cung compound, cung t\u00ean ch\u00ednh h\u00e3ng, cung t\u00ean m\u1ea1nh,cung t\u00ean h\u00e0 n\u1ed9i, cung t\u00ean , mua cung t\u00ean S\u00e0i g\u00f2n , mua m\u0169i t\u00ean b\u1eafn cung , cung b\u1eafn bi s\u1eaft , cung t\u00ean mini","breadcrumb":{"@id":"https:\/\/cungtenhanoi.com\/?product=black-hunter-tt02#breadcrumb"},"inLanguage":"vi","potentialAction":[{"@type":"ReadAction","target":["https:\/\/cungtenhanoi.com\/?product=black-hunter-tt02"]}]},{"@type":"BreadcrumbList","@id":"https:\/\/cungtenhanoi.com\/?product=black-hunter-tt02#breadcrumb","itemListElement":[{"@type":"ListItem","position":1,"name":"Trang ch\u1ee7","item":"https:\/\/cungtenhanoi.com\/"},{"@type":"ListItem","position":2,"name":"Shop","item":"https:\/\/cungtenhanoi.com\/?page_id=6"},{"@type":"ListItem","position":3,"name":"Cung","item":"https:\/\/cungtenhanoi.com\/danh-muc\/cung\/"},{"@type":"ListItem","position":4,"name":"Black Hunter TT02"}]},{"@type":"WebSite","@id":"https:\/\/cungtenhanoi.com\/#website","url":"https:\/\/cungtenhanoi.com\/","name":"Cung T\u00ean H\u00e0 N\u1ed9i","description":"Cung c\u1ea5p c\u00e1c lo\u1ea1i cung t\u00ean th\u1ec3 thao s\u1ed1 1 Vi\u1ec7t Nam","publisher":{"@id":"https:\/\/cungtenhanoi.com\/#organization"},"potentialAction":[{"@type":"SearchAction","target":{"@type":"EntryPoint","urlTemplate":"https:\/\/cungtenhanoi.com\/?s={search_term_string}"},"query-input":"required name=search_term_string"}],"inLanguage":"vi"},{"@type":"Organization","@id":"https:\/\/cungtenhanoi.com\/#organization","name":"Cung T\u00ean H\u00e0 N\u1ed9i","url":"https:\/\/cungtenhanoi.com\/","sameAs":[],"logo":{"@type":"ImageObject","inLanguage":"vi","@id":"https:\/\/cungtenhanoi.com\/#\/schema\/logo\/image\/","url":"https:\/\/cungtenhanoi.com\/wp-content\/uploads\/2025\/05\/logo-den-trang.jpg","contentUrl":"https:\/\/cungtenhanoi.com\/wp-content\/uploads\/2025\/05\/logo-den-trang.jpg","width":450,"height":450,"caption":"Cung T\u00ean H\u00e0 N\u1ed9i"},"image":{"@id":"https:\/\/cungtenhanoi.com\/#\/schema\/logo\/image\/"}}]}},"_links":{"self":[{"href":"https:\/\/cungtenhanoi.com\/index.php?rest_route=\/wp\/v2\/product\/816"}],"collection":[{"href":"https:\/\/cungtenhanoi.com\/index.php?rest_route=\/wp\/v2\/product"}],"about":[{"href":"https:\/\/cungtenhanoi.com\/index.php?rest_route=\/wp\/v2\/types\/product"}],"replies":[{"embeddable":true,"href":"https:\/\/cungtenhanoi.com\/index.php?rest_route=%2Fwp%2Fv2%2Fcomments&post=816"}],"wp:featuredmedia":[{"embeddable":true,"href":"https:\/\/cungtenhanoi.com\/index.php?rest_route=\/wp\/v2\/media\/822"}],"wp:attachment":[{"href":"https:\/\/cungtenhanoi.com\/index.php?rest_route=%2Fwp%2Fv2%2Fmedia&parent=816"}],"wp:term":[{"taxonomy":"product_cat","embeddable":true,"href":"https:\/\/cungtenhanoi.com\/index.php?rest_route=%2Fwp%2Fv2%2Fproduct_cat&post=816"},{"taxonomy":"product_tag","embeddable":true,"href":"https:\/\/cungtenhanoi.com\/index.php?rest_route=%2Fwp%2Fv2%2Fproduct_tag&post=816"}],"curies":[{"name":"wp","href":"https:\/\/api.w.org\/{rel}","templated":true}]}}